{"id":1315,"date":"2024-05-07T12:12:27","date_gmt":"2024-05-07T04:12:27","guid":{"rendered":"http:\/\/www.xminsulation.com\/?post_type=product&#038;p=1315"},"modified":"2024-05-15T16:32:23","modified_gmt":"2024-05-15T08:32:23","slug":"heat-shrinkable-power-cable-middle-connector","status":"publish","type":"product","link":"https:\/\/www.xminsulation.com\/it\/product\/heat-shrinkable-power-cable-middle-connector\/","title":{"rendered":"Connettore centrale per cavo di alimentazione termorestringente"},"content":{"rendered":"<p><img fetchpriority=\"high\" decoding=\"async\" class=\"alignnone wp-image-1321 size-full\" src=\"http:\/\/www.xminsulation.com\/wp-content\/uploads\/2024\/05\/\u56fe\u7247156.jpg\" alt=\"\" width=\"1580\" height=\"1072\" srcset=\"https:\/\/www.xminsulation.com\/wp-content\/uploads\/2024\/05\/\u56fe\u7247156.jpg 1580w, https:\/\/www.xminsulation.com\/wp-content\/uploads\/2024\/05\/\u56fe\u7247156-300x204.jpg 300w, https:\/\/www.xminsulation.com\/wp-content\/uploads\/2024\/05\/\u56fe\u7247156-1024x695.jpg 1024w, https:\/\/www.xminsulation.com\/wp-content\/uploads\/2024\/05\/\u56fe\u7247156-768x521.jpg 768w, https:\/\/www.xminsulation.com\/wp-content\/uploads\/2024\/05\/\u56fe\u7247156-1536x1042.jpg 1536w, https:\/\/www.xminsulation.com\/wp-content\/uploads\/2024\/05\/\u56fe\u7247156-600x407.jpg 600w\" sizes=\"(max-width: 1580px) 100vw, 1580px\" \/> <img decoding=\"async\" class=\"alignnone wp-image-1322 size-full\" src=\"http:\/\/www.xminsulation.com\/wp-content\/uploads\/2024\/05\/\u56fe\u7247157.jpg\" alt=\"\" width=\"1722\" height=\"1278\" srcset=\"https:\/\/www.xminsulation.com\/wp-content\/uploads\/2024\/05\/\u56fe\u7247157.jpg 1722w, https:\/\/www.xminsulation.com\/wp-content\/uploads\/2024\/05\/\u56fe\u7247157-300x223.jpg 300w, https:\/\/www.xminsulation.com\/wp-content\/uploads\/2024\/05\/\u56fe\u7247157-1024x760.jpg 1024w, https:\/\/www.xminsulation.com\/wp-content\/uploads\/2024\/05\/\u56fe\u7247157-768x570.jpg 768w, https:\/\/www.xminsulation.com\/wp-content\/uploads\/2024\/05\/\u56fe\u7247157-1536x1140.jpg 1536w, https:\/\/www.xminsulation.com\/wp-content\/uploads\/2024\/05\/\u56fe\u7247157-600x445.jpg 600w\" sizes=\"(max-width: 1722px) 100vw, 1722px\" \/> <img decoding=\"async\" class=\"alignnone wp-image-1323 size-full\" src=\"http:\/\/www.xminsulation.com\/wp-content\/uploads\/2024\/05\/\u56fe\u7247158.jpg\" alt=\"\" width=\"1000\" height=\"809\" srcset=\"https:\/\/www.xminsulation.com\/wp-content\/uploads\/2024\/05\/\u56fe\u7247158.jpg 1000w, https:\/\/www.xminsulation.com\/wp-content\/uploads\/2024\/05\/\u56fe\u7247158-300x243.jpg 300w, https:\/\/www.xminsulation.com\/wp-content\/uploads\/2024\/05\/\u56fe\u7247158-768x621.jpg 768w, https:\/\/www.xminsulation.com\/wp-content\/uploads\/2024\/05\/\u56fe\u7247158-600x485.jpg 600w\" sizes=\"(max-width: 1000px) 100vw, 1000px\" \/> <img loading=\"lazy\" decoding=\"async\" class=\"alignnone wp-image-1324 size-full\" src=\"http:\/\/www.xminsulation.com\/wp-content\/uploads\/2024\/05\/\u56fe\u7247159-2.png\" alt=\"\" width=\"866\" height=\"799\" srcset=\"https:\/\/www.xminsulation.com\/wp-content\/uploads\/2024\/05\/\u56fe\u7247159-2.png 866w, https:\/\/www.xminsulation.com\/wp-content\/uploads\/2024\/05\/\u56fe\u7247159-2-300x277.png 300w, https:\/\/www.xminsulation.com\/wp-content\/uploads\/2024\/05\/\u56fe\u7247159-2-768x709.png 768w, https:\/\/www.xminsulation.com\/wp-content\/uploads\/2024\/05\/\u56fe\u7247159-2-600x554.png 600w\" sizes=\"(max-width: 866px) 100vw, 866px\" \/><\/p>\n<h2><strong><b>Informazioni generali<\/b><\/strong><\/h2>\n<p>Gli accessori per cavi termorestringenti reticolati per radiazioni sono un nuovo prodotto nel settore dei cavi. Presentano le caratteristiche di piccole dimensioni, peso leggero, prestazioni affidabili, forte adattabilit\u00e0, facile installazione e prezzo basso. Sono adatti per terminali interni ed esterni, connessioni intermedie di vari cavi di alimentazione (cavi reticolati, cavi in plastica e cavi immersi in olio), nonch\u00e9 connessioni di cavi di comunicazione, isolamento e progetti di trasmissione e distribuzione di energia in vari campi.<\/p>\n<p>I terminali dei cavi di alimentazione termorestringenti da 10KV, 20KV, 35KV e i prodotti della serie di connettori intermedi integrano impermeabilizzazione, controllo delle sollecitazioni e isolamento. Presenta buone propriet\u00e0 elettriche e meccaniche e pu\u00f2 essere utilizzato a lungo in varie condizioni ambientali difficili. Presenta i vantaggi di leggerezza e facile installazione. Ampiamente utilizzato nell&#039;energia elettrica, nell&#039;industria petrolchimica, nella metallurgia, nei porti ferroviari e nei settori dell&#039;edilizia.<\/p>\n<p>Gli accessori per cavi termorestringenti, comunemente noti come teste di cavi termorestringenti, sono ampiamente utilizzati nelle connessioni intermedie e nei terminali di cavi reticolati o cavi immersi in olio con livelli di tensione inferiori a 35 KV e inferiori. Rispetto agli accessori per cavi tradizionali, presenta le caratteristiche di piccole dimensioni, leggerezza, sicurezza e affidabilit\u00e0 e facile installazione. Il prodotto \u00e8 conforme allo standard GB11033. L&#039;intervallo di temperatura di utilizzo a lungo termine \u00e8 -55 \u2103 ~ 105 \u2103, la durata di invecchiamento \u00e8 fino a 20 anni, il restringimento radiale \u00e8 \u226550%, il restringimento longitudinale \u00e8 &lt;5% e la temperatura di restringimento \u00e8 110 \u2103 ~ 140 \u2103.<\/p>\n<p>I materiali utilizzati sono generalmente composti da miscele di vari componenti quali polietilene, etilene vinil acetato (EVA) e gomma etilene-propilene.<\/p>\n<p>Questo tipo di prodotto utilizza principalmente tubi di stress per gestire il problema della concentrazione di stress elettrico. Vale a dire, il metodo di controllo dei parametri viene utilizzato per alleviare la concentrazione di stress del campo elettrico.<\/p>\n<p>I principali vantaggi sono il peso leggero, la facilit\u00e0 di installazione, le buone prestazioni e il prezzo conveniente.<\/p>\n<p>Il tubo di stress \u00e8 un tubo termorestringente con parametri elettrici speciali con moderata resistivit\u00e0 di volume (1010-1012\u03a9\u00b7cm) e grande costante dielettrica (20\u201325). Utilizza parametri elettrici per forzare l&#039;evacuazione dello stress alla frattura della schermatura dell&#039;isolamento del cavo in una distribuzione pi\u00f9 uniforme lungo il tubo di stress. Questa tecnologia pu\u00f2 essere utilizzata solo in accessori per cavi da 35 kV e inferiori. Poich\u00e9 il tubo di stress si riscalda e non pu\u00f2 funzionare quando il livello di tensione \u00e8 elevato.<\/p>\n<p>I principali problemi tecnici nel suo utilizzo sono: Garantire che i parametri elettrici del tubo di stress raggiungano i valori specificati negli standard di cui sopra prima che possa funzionare. Inoltre, si dovrebbe prestare attenzione a riempire l&#039;intercapedine d&#039;aria alla frattura dello strato semiconduttivo dell&#039;isolamento del cavo con grasso siliconico per eliminare il gas e raggiungere lo scopo di ridurre la scarica parziale. I cavi reticolati si restringeranno notevolmente durante il funzionamento a causa di un trattamento di stress interno scadente. Pertanto, quando si installano gli accessori, prestare attenzione alla sovrapposizione tra il tubo di stress e lo schermo isolante di non meno di 20 mm per evitare che il tubo di stress si separi dallo schermo isolante durante il restringimento.<\/p>\n<p>A causa della bassa elasticit\u00e0 degli accessori termoretraibili, durante l&#039;espansione e la contrazione termica durante il funzionamento potrebbero formarsi degli spazi d&#039;aria all&#039;interfaccia, pertanto la tecnologia di sigillatura \u00e8 molto importante per impedire l&#039;infiltrazione di umidit\u00e0.<\/p>\n<p><img loading=\"lazy\" decoding=\"async\" class=\"alignnone wp-image-1325 size-full\" src=\"http:\/\/www.xminsulation.com\/wp-content\/uploads\/2024\/05\/\u56fe\u7247160.png\" alt=\"\" width=\"1200\" height=\"1403\" srcset=\"https:\/\/www.xminsulation.com\/wp-content\/uploads\/2024\/05\/\u56fe\u7247160.png 1200w, https:\/\/www.xminsulation.com\/wp-content\/uploads\/2024\/05\/\u56fe\u7247160-257x300.png 257w, https:\/\/www.xminsulation.com\/wp-content\/uploads\/2024\/05\/\u56fe\u7247160-876x1024.png 876w, https:\/\/www.xminsulation.com\/wp-content\/uploads\/2024\/05\/\u56fe\u7247160-768x898.png 768w, https:\/\/www.xminsulation.com\/wp-content\/uploads\/2024\/05\/\u56fe\u7247160-600x702.png 600w\" sizes=\"(max-width: 1200px) 100vw, 1200px\" \/><\/p>\n<p>&nbsp;<\/p>\n<div class=\"wxts\">\n<h2>\u25c6Personalizzazione speciale<\/h2>\n<p>I parametri sopra indicati sono dati tipici; se gli stili esistenti non soddisfano le tue richieste specifiche, contattaci per un design personalizzato. Disponiamo di significative capacit\u00e0 di sviluppo e produzione di personalizzazioni personalizzate, che ci consentono di fornire soluzioni su misura a clienti in tutto il mondo.<\/p>\n<\/div>\n<p>&nbsp;<\/p>\n<p>&nbsp;<\/p>","protected":false},"excerpt":{"rendered":"<p>General Information Radiation cross-linked heat shrinkable cable accessories are a new product in the cable industry. It has the characteristics of small size, light weight, reliable performance, strong adaptability, easy installation and low price. It is suitable for indoor and outdoor terminals, intermediate connections of various power cables (cross-linked cables, plastic cables and oil-immersed cables), [&hellip;]<\/p>","protected":false},"featured_media":1316,"template":"","meta":{"site-sidebar-layout":"default","site-content-layout":"","ast-site-content-layout":"default","site-content-style":"default","site-sidebar-style":"default","ast-global-header-display":"","ast-banner-title-visibility":"","ast-main-header-display":"","ast-hfb-above-header-display":"","ast-hfb-below-header-display":"","ast-hfb-mobile-header-display":"","site-post-title":"","ast-breadcrumbs-content":"","ast-featured-img":"","footer-sml-layout":"","theme-transparent-header-meta":"default","adv-header-id-meta":"","stick-header-meta":"","header-above-stick-meta":"","header-main-stick-meta":"","header-below-stick-meta":"","astra-migrate-meta-layouts":"set","ast-page-background-enabled":"default","ast-page-background-meta":{"desktop":{"background-color":"","background-image":"","background-repeat":"repeat","background-position":"center center","background-size":"auto","background-attachment":"scroll","background-type":"","background-media":"","overlay-type":"","overlay-color":"","overlay-gradient":""},"tablet":{"background-color":"","background-image":"","background-repeat":"repeat","background-position":"center center","background-size":"auto","background-attachment":"scroll","background-type":"","background-media":"","overlay-type":"","overlay-color":"","overlay-gradient":""},"mobile":{"background-color":"","background-image":"","background-repeat":"repeat","background-position":"center center","background-size":"auto","background-attachment":"scroll","background-type":"","background-media":"","overlay-type":"","overlay-color":"","overlay-gradient":""}},"ast-content-background-meta":{"desktop":{"background-color":"var(--ast-global-color-5)","background-image":"","background-repeat":"repeat","background-position":"center center","background-size":"auto","background-attachment":"scroll","background-type":"","background-media":"","overlay-type":"","overlay-color":"","overlay-gradient":""},"tablet":{"background-color":"var(--ast-global-color-5)","background-image":"","background-repeat":"repeat","background-position":"center center","background-size":"auto","background-attachment":"scroll","background-type":"","background-media":"","overlay-type":"","overlay-color":"","overlay-gradient":""},"mobile":{"background-color":"var(--ast-global-color-5)","background-image":"","background-repeat":"repeat","background-position":"center center","background-size":"auto","background-attachment":"scroll","background-type":"","background-media":"","overlay-type":"","overlay-color":"","overlay-gradient":""}}},"product_cat":[54],"product_tag":[],"class_list":{"0":"post-1315","1":"product","2":"type-product","3":"status-publish","4":"has-post-thumbnail","6":"product_cat-heat-shrink-tubing","7":"desktop-align-left","8":"tablet-align-left","9":"mobile-align-left","11":"first","12":"instock","13":"shipping-taxable","14":"product-type-simple"},"_links":{"self":[{"href":"https:\/\/www.xminsulation.com\/it\/wp-json\/wp\/v2\/product\/1315","targetHints":{"allow":["GET"]}}],"collection":[{"href":"https:\/\/www.xminsulation.com\/it\/wp-json\/wp\/v2\/product"}],"about":[{"href":"https:\/\/www.xminsulation.com\/it\/wp-json\/wp\/v2\/types\/product"}],"wp:featuredmedia":[{"embeddable":true,"href":"https:\/\/www.xminsulation.com\/it\/wp-json\/wp\/v2\/media\/1316"}],"wp:attachment":[{"href":"https:\/\/www.xminsulation.com\/it\/wp-json\/wp\/v2\/media?parent=1315"}],"wp:term":[{"taxonomy":"product_cat","embeddable":true,"href":"https:\/\/www.xminsulation.com\/it\/wp-json\/wp\/v2\/product_cat?post=1315"},{"taxonomy":"product_tag","embeddable":true,"href":"https:\/\/www.xminsulation.com\/it\/wp-json\/wp\/v2\/product_tag?post=1315"}],"curies":[{"name":"wp","href":"https:\/\/api.w.org\/{rel}","templated":true}]}}