{"id":1251,"date":"2024-05-07T11:13:29","date_gmt":"2024-05-07T03:13:29","guid":{"rendered":"http:\/\/www.xminsulation.com\/?post_type=product&#038;p=1251"},"modified":"2024-05-15T16:34:24","modified_gmt":"2024-05-15T08:34:24","slug":"sf6-high-voltage-cable-branch-box-with-switch","status":"publish","type":"product","link":"https:\/\/www.xminsulation.com\/it\/product\/sf6-high-voltage-cable-branch-box-with-switch\/","title":{"rendered":"Scatola di derivazione del cavo ad alta tensione SF6 con interruttore"},"content":{"rendered":"<p><img fetchpriority=\"high\" decoding=\"async\" class=\"alignnone wp-image-1253 size-full\" src=\"http:\/\/www.xminsulation.com\/wp-content\/uploads\/2024\/05\/\u56fe\u7247102-1.jpg\" alt=\"\" width=\"726\" height=\"726\" srcset=\"https:\/\/www.xminsulation.com\/wp-content\/uploads\/2024\/05\/\u56fe\u7247102-1.jpg 726w, https:\/\/www.xminsulation.com\/wp-content\/uploads\/2024\/05\/\u56fe\u7247102-1-300x300.jpg 300w, https:\/\/www.xminsulation.com\/wp-content\/uploads\/2024\/05\/\u56fe\u7247102-1-150x150.jpg 150w, https:\/\/www.xminsulation.com\/wp-content\/uploads\/2024\/05\/\u56fe\u7247102-1-600x600.jpg 600w, https:\/\/www.xminsulation.com\/wp-content\/uploads\/2024\/05\/\u56fe\u7247102-1-100x100.jpg 100w\" sizes=\"(max-width: 726px) 100vw, 726px\" \/> <img decoding=\"async\" class=\"alignnone wp-image-1254 size-full\" src=\"http:\/\/www.xminsulation.com\/wp-content\/uploads\/2024\/05\/\u56fe\u7247103.png\" alt=\"\" width=\"719\" height=\"548\" srcset=\"https:\/\/www.xminsulation.com\/wp-content\/uploads\/2024\/05\/\u56fe\u7247103.png 719w, https:\/\/www.xminsulation.com\/wp-content\/uploads\/2024\/05\/\u56fe\u7247103-300x229.png 300w, https:\/\/www.xminsulation.com\/wp-content\/uploads\/2024\/05\/\u56fe\u7247103-600x457.png 600w\" sizes=\"(max-width: 719px) 100vw, 719px\" \/><\/p>\n<h2><strong><b>Informazioni generali<\/b><\/strong><\/h2>\n<p>Questo prodotto adotta un interruttore di carico ad alte prestazioni in esafluoruro di zolfo con gas isolante SF6 integrato e un giunto per cavi in gomma sintetica importata con schermatura al tatto. Presenta un&#039;elevata capacit\u00e0 di interruzione della corrente di carico attiva e a vuoto e una capacit\u00e0 di chiusura della corrente di cortocircuito. Pu\u00f2 essere dotato di scaricatori di fulmini e indicatori di guasto a terra in base alle esigenze dell&#039;utente.<\/p>\n<p>Ogni linea di rete ad anello di questa serie di prodotti \u00e8 dotata di un interruttore di carico o di un interruttore a vuoto. Qualsiasi circuito derivato pu\u00f2 essere estratto e rimesso in funzione liberamente, senza che gli altri circuiti della rete ad anello ne subiscano le conseguenze. \u00c8 anche possibile collegare fusibili all&#039;interruttore di carico. In caso di cortocircuito in un circuito derivato, il fusibile sul circuito derivato pu\u00f2 scollegare rapidamente il circuito di guasto e attivare il rilascio dell&#039;interruttore di carico per aprirlo. Il circuito di guasto viene isolato, garantendo cos\u00ec la sicurezza del circuito derivato non soggetto a guasti. Continuit\u00e0 dell&#039;alimentazione.<\/p>\n<p>Questo prodotto \u00e8 ampiamente utilizzato per la derivazione dei cavi nei sistemi di alimentazione a 10 kV. Il suo metodo di connessione \u00e8 semplice, flessibile, pratico, sicuro e affidabile. L&#039;involucro \u00e8 realizzato in lamiera di acciaio inossidabile, robusta e durevole. Le parti sotto tensione sono completamente isolate e sigillate. Se si utilizza la testa del cavo a prova di allagamento, \u00e8 in grado di resistere anche alle inondazioni e migliorare notevolmente l&#039;affidabilit\u00e0 dell&#039;alimentazione. Questo prodotto \u00e8 ampiamente utilizzato nelle reti di distribuzione in aree industriali urbane, aree residenziali, centri commerciali, aree minerarie, aeroporti, ferrovie, centrali eoliche, centrali di commutazione e grandi aziende come siderurgiche, petrolifere, chimiche, cementifere, ecc., cos\u00ec come in altre occasioni. \u00c8 particolarmente adatto per le strade urbane. Il progetto di trasformazione della rete elettrica pu\u00f2 far risparmiare notevolmente sugli investimenti in apparecchiature e cavi elettrici e migliorare l&#039;affidabilit\u00e0 dell&#039;alimentazione.<\/p>\n<p><img decoding=\"async\" class=\"alignnone wp-image-1255 size-full\" src=\"http:\/\/www.xminsulation.com\/wp-content\/uploads\/2024\/05\/\u56fe\u7247104.png\" alt=\"\" width=\"697\" height=\"456\" srcset=\"https:\/\/www.xminsulation.com\/wp-content\/uploads\/2024\/05\/\u56fe\u7247104.png 697w, https:\/\/www.xminsulation.com\/wp-content\/uploads\/2024\/05\/\u56fe\u7247104-300x196.png 300w, https:\/\/www.xminsulation.com\/wp-content\/uploads\/2024\/05\/\u56fe\u7247104-600x393.png 600w\" sizes=\"(max-width: 697px) 100vw, 697px\" \/><\/p>\n<h2><strong><b>Tecnico <\/b><\/strong><strong><b>P<\/b><\/strong><strong><b>parametri di <\/b><\/strong><strong><b>C<\/b><\/strong><strong><b>capace <\/b><\/strong><strong><b>B<\/b><\/strong><strong><b>ranch <\/b><\/strong><strong><b>B<\/b><\/strong><strong><b>bue <\/b><\/strong><strong><b>io<\/b><\/strong><strong><b>con SF6 <\/b><\/strong><strong><b>L<\/b><\/strong><strong><b>carico <\/b><\/strong><strong><b>S<\/b><\/strong><strong><b>strega<\/b><\/strong><\/h2>\n<p><img loading=\"lazy\" decoding=\"async\" class=\"alignnone wp-image-1256 size-full\" src=\"http:\/\/www.xminsulation.com\/wp-content\/uploads\/2024\/05\/\u56fe\u7247105.png\" alt=\"\" width=\"1000\" height=\"442\" srcset=\"https:\/\/www.xminsulation.com\/wp-content\/uploads\/2024\/05\/\u56fe\u7247105.png 1000w, https:\/\/www.xminsulation.com\/wp-content\/uploads\/2024\/05\/\u56fe\u7247105-300x133.png 300w, https:\/\/www.xminsulation.com\/wp-content\/uploads\/2024\/05\/\u56fe\u7247105-768x339.png 768w, https:\/\/www.xminsulation.com\/wp-content\/uploads\/2024\/05\/\u56fe\u7247105-600x265.png 600w\" sizes=\"(max-width: 1000px) 100vw, 1000px\" \/><\/p>\n<h2><strong><b>Strutturale <\/b><\/strong><strong><b>E<\/b><\/strong><strong><b>esempio di <\/b><\/strong><strong><b>C<\/b><\/strong><strong><b>capace <\/b><\/strong><strong><b>B<\/b><\/strong><strong><b>ranch <\/b><\/strong><strong><b>B<\/b><\/strong><strong><b>bue <\/b><\/strong><strong><b>io<\/b><\/strong><strong><b>con SF6 <\/b><\/strong><strong><b>L<\/b><\/strong><strong><b>carico <\/b><\/strong><strong><b>S<\/b><\/strong><strong><b>strega<\/b><\/strong><\/h2>\n<p><strong><b> <img loading=\"lazy\" decoding=\"async\" class=\"alignnone wp-image-1257 size-full\" src=\"http:\/\/www.xminsulation.com\/wp-content\/uploads\/2024\/05\/\u56fe\u7247106.png\" alt=\"\" width=\"875\" height=\"539\" srcset=\"https:\/\/www.xminsulation.com\/wp-content\/uploads\/2024\/05\/\u56fe\u7247106.png 875w, https:\/\/www.xminsulation.com\/wp-content\/uploads\/2024\/05\/\u56fe\u7247106-300x185.png 300w, https:\/\/www.xminsulation.com\/wp-content\/uploads\/2024\/05\/\u56fe\u7247106-768x473.png 768w, https:\/\/www.xminsulation.com\/wp-content\/uploads\/2024\/05\/\u56fe\u7247106-600x370.png 600w\" sizes=\"(max-width: 875px) 100vw, 875px\" \/> <img loading=\"lazy\" decoding=\"async\" class=\"alignnone wp-image-1258 size-full\" src=\"http:\/\/www.xminsulation.com\/wp-content\/uploads\/2024\/05\/\u56fe\u7247107.png\" alt=\"\" width=\"781\" height=\"411\" srcset=\"https:\/\/www.xminsulation.com\/wp-content\/uploads\/2024\/05\/\u56fe\u7247107.png 781w, https:\/\/www.xminsulation.com\/wp-content\/uploads\/2024\/05\/\u56fe\u7247107-300x158.png 300w, https:\/\/www.xminsulation.com\/wp-content\/uploads\/2024\/05\/\u56fe\u7247107-768x404.png 768w, https:\/\/www.xminsulation.com\/wp-content\/uploads\/2024\/05\/\u56fe\u7247107-600x316.png 600w\" sizes=\"(max-width: 781px) 100vw, 781px\" \/><\/b><\/strong><\/p>\n<h2><strong><b>Cavo <\/b><\/strong><strong><b>B<\/b><\/strong><strong><b>ranch <\/b><\/strong><strong><b>B<\/b><\/strong><strong><b>bue <\/b><\/strong><strong><b>C<\/b><\/strong><strong><b>configurazione <\/b><\/strong><strong><b>S<\/b><\/strong><strong><b>cheme con SF6 <\/b><\/strong><strong><b>L<\/b><\/strong><strong><b>carico <\/b><\/strong><strong><b>S<\/b><\/strong><strong><b>strega<\/b><\/strong><\/h2>\n<p><strong><b> <img loading=\"lazy\" decoding=\"async\" class=\"alignnone wp-image-1259 size-full\" src=\"http:\/\/www.xminsulation.com\/wp-content\/uploads\/2024\/05\/\u56fe\u7247108.png\" alt=\"\" width=\"1106\" height=\"1112\" srcset=\"https:\/\/www.xminsulation.com\/wp-content\/uploads\/2024\/05\/\u56fe\u7247108.png 1106w, https:\/\/www.xminsulation.com\/wp-content\/uploads\/2024\/05\/\u56fe\u7247108-298x300.png 298w, https:\/\/www.xminsulation.com\/wp-content\/uploads\/2024\/05\/\u56fe\u7247108-1018x1024.png 1018w, https:\/\/www.xminsulation.com\/wp-content\/uploads\/2024\/05\/\u56fe\u7247108-150x150.png 150w, https:\/\/www.xminsulation.com\/wp-content\/uploads\/2024\/05\/\u56fe\u7247108-768x772.png 768w, https:\/\/www.xminsulation.com\/wp-content\/uploads\/2024\/05\/\u56fe\u7247108-600x603.png 600w, https:\/\/www.xminsulation.com\/wp-content\/uploads\/2024\/05\/\u56fe\u7247108-100x100.png 100w\" sizes=\"(max-width: 1106px) 100vw, 1106px\" \/><\/b><\/strong><\/p>\n<h2><strong><b>Cavo <\/b><\/strong><strong><b>B<\/b><\/strong><strong><b>ranch <\/b><\/strong><strong><b>B<\/b><\/strong><strong><b>bue <\/b><\/strong><strong><b>C<\/b><\/strong><strong><b>configurazione con SF6 <\/b><\/strong><strong><b>L<\/b><\/strong><strong><b>carico <\/b><\/strong><strong><b>S<\/b><\/strong><strong><b>strega<\/b><\/strong><\/h2>\n<p>&nbsp;<\/p>\n<h2><strong><b> <img loading=\"lazy\" decoding=\"async\" class=\"alignnone wp-image-1260 size-full\" src=\"http:\/\/www.xminsulation.com\/wp-content\/uploads\/2024\/05\/\u56fe\u7247109.png\" alt=\"\" width=\"686\" height=\"333\" srcset=\"https:\/\/www.xminsulation.com\/wp-content\/uploads\/2024\/05\/\u56fe\u7247109.png 686w, https:\/\/www.xminsulation.com\/wp-content\/uploads\/2024\/05\/\u56fe\u7247109-300x146.png 300w, https:\/\/www.xminsulation.com\/wp-content\/uploads\/2024\/05\/\u56fe\u7247109-600x291.png 600w\" sizes=\"(max-width: 686px) 100vw, 686px\" \/><\/b><\/strong><\/h2>\n<p>&nbsp;<\/p>\n<h2><strong><b>Cavo <\/b><\/strong><strong><b>B<\/b><\/strong><strong><b>ranch <\/b><\/strong><strong><b>B<\/b><\/strong><strong><b>bue <\/b><\/strong><strong><b>L&#039;<\/b><\/strong><strong><b>con <\/b><\/strong><strong><b>V<\/b><\/strong><strong><b>Acuum <\/b><\/strong><strong><b>L<\/b><\/strong><strong><b>carico <\/b><\/strong><strong><b>S<\/b><\/strong><strong><b>strega (<\/b><\/strong><strong><b>V<\/b><\/strong><strong><b>Acuum <\/b><\/strong><strong><b>C<\/b><\/strong><strong><b>circuito <\/b><\/strong><strong><b>B<\/b><\/strong><strong><b>(reaker)<\/b><\/strong><\/h2>\n<p>\u00c8 assemblato utilizzando interruttori di carico sottovuoto domestici di alta qualit\u00e0 (interruttori automatici sottovuoto), linee di ingresso e uscita sinistra e destra sapientemente separate, design strutturale minimale e una configurazione cavi estremamente robusta, con un massimo di 8 linee di ingresso e uscita. Questa scatola di derivazione non solo conserva i vantaggi della scatola di derivazione tradizionale, ma offre anche alcuni vantaggi dell&#039;unit\u00e0 principale ad anello. \u00c8 un&#039;apparecchiatura ideale per la trasformazione delle reti urbane. Dimensioni ridotte, esente da manutenzione, buon risparmio tecnico, elevata affidabilit\u00e0, semplice installazione e praticit\u00e0 d&#039;uso.<\/p>\n<p>Le caratteristiche della scatola di derivazione cavi con interruttore di carico a vuoto sono: la scatola \u00e8 composta da tre scomparti, di cui uno sigillato. Il meccanismo di azionamento dell&#039;interruttore di carico si trova direttamente davanti alla scatola di derivazione e pu\u00f2 essere azionato manualmente o elettricamente. Il vano cavi \u00e8 dotato di pali per il passaggio dei cavi. Il terminale del cavo \u00e8 collegato all&#039;interruttore di carico. Il vano cavi pu\u00f2 essere protetto da un fusibile, se richiesto dal progetto. Il design \u00e8 diversificato e pu\u00f2 realizzare funzioni come telemetria, controllo remoto e segnalazione remota.<\/p>\n<p><strong><b><img loading=\"lazy\" decoding=\"async\" class=\"alignnone wp-image-1261 size-full\" src=\"http:\/\/www.xminsulation.com\/wp-content\/uploads\/2024\/05\/\u56fe\u7247110.png\" alt=\"\" width=\"1000\" height=\"408\" srcset=\"https:\/\/www.xminsulation.com\/wp-content\/uploads\/2024\/05\/\u56fe\u7247110.png 1000w, https:\/\/www.xminsulation.com\/wp-content\/uploads\/2024\/05\/\u56fe\u7247110-300x122.png 300w, https:\/\/www.xminsulation.com\/wp-content\/uploads\/2024\/05\/\u56fe\u7247110-768x313.png 768w, https:\/\/www.xminsulation.com\/wp-content\/uploads\/2024\/05\/\u56fe\u7247110-600x245.png 600w\" sizes=\"(max-width: 1000px) 100vw, 1000px\" \/> <img loading=\"lazy\" decoding=\"async\" class=\"alignnone wp-image-1262 size-full\" src=\"http:\/\/www.xminsulation.com\/wp-content\/uploads\/2024\/05\/\u56fe\u7247111.png\" alt=\"\" width=\"1000\" height=\"590\" srcset=\"https:\/\/www.xminsulation.com\/wp-content\/uploads\/2024\/05\/\u56fe\u7247111.png 1000w, https:\/\/www.xminsulation.com\/wp-content\/uploads\/2024\/05\/\u56fe\u7247111-300x177.png 300w, https:\/\/www.xminsulation.com\/wp-content\/uploads\/2024\/05\/\u56fe\u7247111-768x453.png 768w, https:\/\/www.xminsulation.com\/wp-content\/uploads\/2024\/05\/\u56fe\u7247111-600x354.png 600w\" sizes=\"(max-width: 1000px) 100vw, 1000px\" \/><\/b><\/strong><\/p>\n<h2><strong><b>Diagramma tipico del sistema primario<\/b><\/strong><\/h2>\n<p><strong><b><img loading=\"lazy\" decoding=\"async\" class=\"alignnone wp-image-1263 size-full\" src=\"http:\/\/www.xminsulation.com\/wp-content\/uploads\/2024\/05\/\u56fe\u7247112.png\" alt=\"\" width=\"1000\" height=\"1367\" srcset=\"https:\/\/www.xminsulation.com\/wp-content\/uploads\/2024\/05\/\u56fe\u7247112.png 1000w, https:\/\/www.xminsulation.com\/wp-content\/uploads\/2024\/05\/\u56fe\u7247112-219x300.png 219w, https:\/\/www.xminsulation.com\/wp-content\/uploads\/2024\/05\/\u56fe\u7247112-749x1024.png 749w, https:\/\/www.xminsulation.com\/wp-content\/uploads\/2024\/05\/\u56fe\u7247112-768x1050.png 768w, https:\/\/www.xminsulation.com\/wp-content\/uploads\/2024\/05\/\u56fe\u7247112-600x820.png 600w\" sizes=\"(max-width: 1000px) 100vw, 1000px\" \/><\/b><\/strong><\/p>\n<p><strong><b>\u00a0<\/b><\/strong><\/p>\n<div class=\"wxts\">\n<h2>\u25c6Personalizzazione speciale<\/h2>\n<p>I parametri sopra indicati sono dati tipici; se gli stili esistenti non soddisfano le tue richieste specifiche, contattaci per un design personalizzato. Disponiamo di significative capacit\u00e0 di sviluppo e produzione di personalizzazioni personalizzate, che ci consentono di fornire soluzioni su misura a clienti in tutto il mondo.<\/p>\n<\/div>","protected":false},"excerpt":{"rendered":"<p>General Information This product adopts a high-performance sulfur hexafluoride load switch with built-in SF6 insulating gas and a touch-shielded imported synthetic rubber cable joint. It has strong breaking ability of active load and no-load cable current and closing ability of short-circuit current. And can be equipped with lightning arresters and ground fault indicators according to [&hellip;]<\/p>","protected":false},"featured_media":1252,"template":"","meta":{"site-sidebar-layout":"default","site-content-layout":"","ast-site-content-layout":"default","site-content-style":"default","site-sidebar-style":"default","ast-global-header-display":"","ast-banner-title-visibility":"","ast-main-header-display":"","ast-hfb-above-header-display":"","ast-hfb-below-header-display":"","ast-hfb-mobile-header-display":"","site-post-title":"","ast-breadcrumbs-content":"","ast-featured-img":"","footer-sml-layout":"","theme-transparent-header-meta":"default","adv-header-id-meta":"","stick-header-meta":"","header-above-stick-meta":"","header-main-stick-meta":"","header-below-stick-meta":"","astra-migrate-meta-layouts":"set","ast-page-background-enabled":"default","ast-page-background-meta":{"desktop":{"background-color":"","background-image":"","background-repeat":"repeat","background-position":"center center","background-size":"auto","background-attachment":"scroll","background-type":"","background-media":"","overlay-type":"","overlay-color":"","overlay-gradient":""},"tablet":{"background-color":"","background-image":"","background-repeat":"repeat","background-position":"center center","background-size":"auto","background-attachment":"scroll","background-type":"","background-media":"","overlay-type":"","overlay-color":"","overlay-gradient":""},"mobile":{"background-color":"","background-image":"","background-repeat":"repeat","background-position":"center center","background-size":"auto","background-attachment":"scroll","background-type":"","background-media":"","overlay-type":"","overlay-color":"","overlay-gradient":""}},"ast-content-background-meta":{"desktop":{"background-color":"var(--ast-global-color-5)","background-image":"","background-repeat":"repeat","background-position":"center center","background-size":"auto","background-attachment":"scroll","background-type":"","background-media":"","overlay-type":"","overlay-color":"","overlay-gradient":""},"tablet":{"background-color":"var(--ast-global-color-5)","background-image":"","background-repeat":"repeat","background-position":"center center","background-size":"auto","background-attachment":"scroll","background-type":"","background-media":"","overlay-type":"","overlay-color":"","overlay-gradient":""},"mobile":{"background-color":"var(--ast-global-color-5)","background-image":"","background-repeat":"repeat","background-position":"center center","background-size":"auto","background-attachment":"scroll","background-type":"","background-media":"","overlay-type":"","overlay-color":"","overlay-gradient":""}}},"product_cat":[40],"product_tag":[],"class_list":{"0":"post-1251","1":"product","2":"type-product","3":"status-publish","4":"has-post-thumbnail","6":"product_cat-10-35kv-high-voltage-cable-branch-box","7":"desktop-align-left","8":"tablet-align-left","9":"mobile-align-left","11":"first","12":"instock","13":"shipping-taxable","14":"product-type-simple"},"_links":{"self":[{"href":"https:\/\/www.xminsulation.com\/it\/wp-json\/wp\/v2\/product\/1251","targetHints":{"allow":["GET"]}}],"collection":[{"href":"https:\/\/www.xminsulation.com\/it\/wp-json\/wp\/v2\/product"}],"about":[{"href":"https:\/\/www.xminsulation.com\/it\/wp-json\/wp\/v2\/types\/product"}],"wp:featuredmedia":[{"embeddable":true,"href":"https:\/\/www.xminsulation.com\/it\/wp-json\/wp\/v2\/media\/1252"}],"wp:attachment":[{"href":"https:\/\/www.xminsulation.com\/it\/wp-json\/wp\/v2\/media?parent=1251"}],"wp:term":[{"taxonomy":"product_cat","embeddable":true,"href":"https:\/\/www.xminsulation.com\/it\/wp-json\/wp\/v2\/product_cat?post=1251"},{"taxonomy":"product_tag","embeddable":true,"href":"https:\/\/www.xminsulation.com\/it\/wp-json\/wp\/v2\/product_tag?post=1251"}],"curies":[{"name":"wp","href":"https:\/\/api.w.org\/{rel}","templated":true}]}}