{"id":1239,"date":"2024-05-07T11:03:22","date_gmt":"2024-05-07T03:03:22","guid":{"rendered":"http:\/\/www.xminsulation.com\/?post_type=product&#038;p=1239"},"modified":"2024-05-15T16:34:57","modified_gmt":"2024-05-15T08:34:57","slug":"200-600a-high-voltage-cable-branch-box-american-style","status":"publish","type":"product","link":"https:\/\/www.xminsulation.com\/it\/product\/200-600a-high-voltage-cable-branch-box-american-style\/","title":{"rendered":"Scatola di derivazione per cavi ad alta tensione 200\/600A (stile americano)"},"content":{"rendered":"<p><img fetchpriority=\"high\" decoding=\"async\" class=\"alignnone wp-image-1241 size-full\" src=\"http:\/\/www.xminsulation.com\/wp-content\/uploads\/2024\/05\/\u56fe\u724793-1.jpg\" alt=\"\" width=\"1000\" height=\"1000\" srcset=\"https:\/\/www.xminsulation.com\/wp-content\/uploads\/2024\/05\/\u56fe\u724793-1.jpg 1000w, https:\/\/www.xminsulation.com\/wp-content\/uploads\/2024\/05\/\u56fe\u724793-1-300x300.jpg 300w, https:\/\/www.xminsulation.com\/wp-content\/uploads\/2024\/05\/\u56fe\u724793-1-150x150.jpg 150w, https:\/\/www.xminsulation.com\/wp-content\/uploads\/2024\/05\/\u56fe\u724793-1-768x768.jpg 768w, https:\/\/www.xminsulation.com\/wp-content\/uploads\/2024\/05\/\u56fe\u724793-1-600x600.jpg 600w, https:\/\/www.xminsulation.com\/wp-content\/uploads\/2024\/05\/\u56fe\u724793-1-100x100.jpg 100w\" sizes=\"(max-width: 1000px) 100vw, 1000px\" \/> <img decoding=\"async\" class=\"alignnone wp-image-1242 size-full\" src=\"http:\/\/www.xminsulation.com\/wp-content\/uploads\/2024\/05\/\u56fe\u724794.png\" alt=\"\" width=\"1000\" height=\"752\" srcset=\"https:\/\/www.xminsulation.com\/wp-content\/uploads\/2024\/05\/\u56fe\u724794.png 1000w, https:\/\/www.xminsulation.com\/wp-content\/uploads\/2024\/05\/\u56fe\u724794-300x226.png 300w, https:\/\/www.xminsulation.com\/wp-content\/uploads\/2024\/05\/\u56fe\u724794-768x578.png 768w, https:\/\/www.xminsulation.com\/wp-content\/uploads\/2024\/05\/\u56fe\u724794-600x451.png 600w\" sizes=\"(max-width: 1000px) 100vw, 1000px\" \/><\/p>\n<h2><strong><b>Informazioni generali<\/b><\/strong><\/h2>\n<p>Le scatole di distribuzione cavi in stile americano prodotte dall&#039;azienda, con le loro eccellenti prestazioni, il design standardizzato e l&#039;aspetto accattivante, sono ampiamente utilizzate nelle apparecchiature di cablaggio nei sistemi di reti di distribuzione via cavo. Sono utilizzate nei principali parchi industriali, aree residenziali e citt\u00e0 densamente popolate. Sono ampiamente riconosciute in vari luoghi come quartieri, centri commerciali e grattacieli. Sono caratterizzate dall&#039;apertura unidirezionale della porta e dalla presenza di barre collettrici orizzontali multi-passo. Presentano vantaggi significativi come la larghezza ridotta, la flessibilit\u00e0 di combinazione, l&#039;isolamento completo e la tenuta stagna completa. In base alla corrente nominale, possono essere generalmente suddivise in due tipologie: circuito principale da 600 A e circuito derivato da 200 A. Il circuito principale da 600 A adotta un collegamento fisso con bullone a vite; il circuito derivato da 200 A adotta un collegamento a innesto e pu\u00f2 essere collegato e collegato sotto carico.<\/p>\n<h2><strong><b>Prodotto <\/b><\/strong><strong><b>Caratteristiche<\/b><\/strong><\/h2>\n<ol>\n<li>Struttura compatta, ingombro ridotto, facile installazione, facile utilizzo e nessuna manutenzione.<\/li>\n<li>Il corpo della scatola \u00e8 interamente realizzato in lamiera di acciaio o acciaio inossidabile con uno spessore di 2 mm. Adotta un design anticorrosione e uno speciale trattamento di verniciatura a spruzzo per funzionare in modo affidabile in ambienti difficili (durata \u2265 30 anni).<\/li>\n<li>Struttura completamente protettiva, adatta a tutte le condizioni atmosferiche, per esterni, ad alte temperature, freddo intenso, immersioni inondazioni e aree molto polverose.<\/li>\n<li>Struttura completamente sigillata e isolata, non \u00e8 richiesta alcuna distanza di isolamento, tutte le parti sotto tensione ad alta tensione sono connettori per cavi prefabbricati in gomma siliconica o EPDM, garantendo efficacemente la sicurezza personale.<\/li>\n<li>La flessibilit\u00e0 di combinazione consente di raggiungere il numero di derivazioni di uscita fino a sette, combinabili con SF. L&#039;interruttore di carico forma una rete ad anello per l&#039;alimentazione, soddisfacendo pienamente i diversi requisiti di cablaggio.<\/li>\n<li>Il giunto del cavo pu\u00f2 essere utilizzato come interruttore, che pu\u00f2 essere collegato e scollegato sotto carico per interrompere la corrente di carico da 200 A.<\/li>\n<li>Dopo aver installato l&#039;indicatore di guasto, \u00e8 possibile rilevare rapidamente i guasti del circuito.<\/li>\n<li>L&#039;investimento una tantum \u00e8 minimo, la lunghezza del cavo si riduce, l&#039;area dell&#039;edificio non viene occupata e si risparmia denaro.<\/li>\n<li>Il connettore del cavo utilizzato \u00e8 conforme allo standard IEEE386.<\/li>\n<li>Tutti i giunti per cavi sono adatti per cavi isolati in polietilene reticolato. Il giunto per cavi da 200 A \u00e8 adatto per cavi con sezione trasversale da 35 mm\u00b2 a 180 mm\u00b2; il giunto per cavi da 600 A \u00e8 adatto per cavi con sezione trasversale da 25 mm\u00b2 a 500 mm\u00b2.<\/li>\n<\/ol>\n<p><img decoding=\"async\" class=\"alignnone wp-image-1243 size-full\" src=\"http:\/\/www.xminsulation.com\/wp-content\/uploads\/2024\/05\/\u56fe\u724795.png\" alt=\"\" width=\"1234\" height=\"968\" srcset=\"https:\/\/www.xminsulation.com\/wp-content\/uploads\/2024\/05\/\u56fe\u724795.png 1234w, https:\/\/www.xminsulation.com\/wp-content\/uploads\/2024\/05\/\u56fe\u724795-300x235.png 300w, https:\/\/www.xminsulation.com\/wp-content\/uploads\/2024\/05\/\u56fe\u724795-1024x803.png 1024w, https:\/\/www.xminsulation.com\/wp-content\/uploads\/2024\/05\/\u56fe\u724795-768x602.png 768w, https:\/\/www.xminsulation.com\/wp-content\/uploads\/2024\/05\/\u56fe\u724795-600x471.png 600w\" sizes=\"(max-width: 1234px) 100vw, 1234px\" \/><\/p>\n<h2><strong><b>Utilizzo <\/b><\/strong><strong><b>E<\/b><\/strong><strong><b>ambiente<\/b><\/strong><\/h2>\n<ol>\n<li>Temperatura ambiente di fase: temperatura massima: +40\u2103, temperatura minima: -30\u2103.<\/li>\n<li>Velocit\u00e0 del vento: 34 m\/s (non superiore a 700 Pa).<\/li>\n<li>Umidit\u00e0: l&#039;umidit\u00e0 relativa media giornaliera non \u00e8 superiore a 95%; l&#039;umidit\u00e0 relativa media mensile non \u00e8 superiore a 95%.<\/li>\n<li>Antiurto: l&#039;accelerazione orizzontale non \u00e8 superiore a 0,4 m\/s2 e l&#039;accelerazione verticale non \u00e8 superiore a 0,15 m\/s2.<\/li>\n<li>Inclinazione del luogo di installazione: non pi\u00f9 di 3\u00b0.<\/li>\n<li>Ambiente di installazione: l&#039;aria circostante non deve essere significativamente contaminata da gas corrosivi o infiammabili, vapore acqueo, ecc. e non devono esserci forti vibrazioni nel sito di installazione.<\/li>\n<\/ol>\n<h2><strong><b>Mobiletto <\/b><\/strong><strong><b>C<\/b><\/strong><strong><b>configurazione <\/b><\/strong><strong><b>P<\/b><\/strong><strong><b>la terra<\/b><\/strong><\/h2>\n<p><img loading=\"lazy\" decoding=\"async\" class=\"alignnone wp-image-1244 size-full\" src=\"http:\/\/www.xminsulation.com\/wp-content\/uploads\/2024\/05\/\u56fe\u724796.png\" alt=\"\" width=\"842\" height=\"1246\" srcset=\"https:\/\/www.xminsulation.com\/wp-content\/uploads\/2024\/05\/\u56fe\u724796.png 842w, https:\/\/www.xminsulation.com\/wp-content\/uploads\/2024\/05\/\u56fe\u724796-203x300.png 203w, https:\/\/www.xminsulation.com\/wp-content\/uploads\/2024\/05\/\u56fe\u724796-692x1024.png 692w, https:\/\/www.xminsulation.com\/wp-content\/uploads\/2024\/05\/\u56fe\u724796-768x1136.png 768w, https:\/\/www.xminsulation.com\/wp-content\/uploads\/2024\/05\/\u56fe\u724796-600x888.png 600w\" sizes=\"(max-width: 842px) 100vw, 842px\" \/><\/p>\n<h2><strong><b>americano <\/b><\/strong><strong><b>C<\/b><\/strong><strong><b>capace <\/b><\/strong><strong><b>D<\/b><\/strong><strong><b>distribuzione <\/b><\/strong><strong><b>B<\/b><\/strong><strong><b>bue <\/b><\/strong><strong><b>S<\/b><\/strong><strong><b>struttura <\/b><\/strong><strong><b>E<\/b><\/strong><strong><b>esempio <\/b><\/strong><strong><b>D<\/b><\/strong><strong><b>diagramma<\/b><\/strong><\/h2>\n<p>&nbsp;<\/p>\n<p>Se la scatola di distribuzione dei cavi non pu\u00f2 essere posizionata a causa di limitazioni del sito, i giunti dei cavi possono essere combinati direttamente per formare pi\u00f9 diramazioni dei cavi (non sono necessarie barre collettrici, vedere il metodo di collegamento di seguito) e posizionati nella trincea dei cavi o in altre posizioni.<\/p>\n<p>Esempio 1: Quattro linee in entrata e in uscita (2x600A+2x200A).<\/p>\n<p>Ogni gruppo \u00e8 composto da due connettori per cavi T-II, due connettori a gomito e un connettore intermedio. Il giunto per cavi tipo T-II 200A \u00e8 collegato a un giunto per cavi a gomito da un lato (e a un parafulmine completamente isolato dall&#039;altro).<\/p>\n<p>Esempio 2: Tre linee in entrata e in uscita (3x600A).<\/p>\n<p>Ogni fase \u00e8 composta da tre connettori per cavi a forma di T e due connettori di collegamento intermedi.<\/p>\n<p><img loading=\"lazy\" decoding=\"async\" class=\"alignnone wp-image-1245 size-full\" src=\"http:\/\/www.xminsulation.com\/wp-content\/uploads\/2024\/05\/\u56fe\u724797.jpg\" alt=\"\" width=\"1000\" height=\"1118\" srcset=\"https:\/\/www.xminsulation.com\/wp-content\/uploads\/2024\/05\/\u56fe\u724797.jpg 1000w, https:\/\/www.xminsulation.com\/wp-content\/uploads\/2024\/05\/\u56fe\u724797-268x300.jpg 268w, https:\/\/www.xminsulation.com\/wp-content\/uploads\/2024\/05\/\u56fe\u724797-916x1024.jpg 916w, https:\/\/www.xminsulation.com\/wp-content\/uploads\/2024\/05\/\u56fe\u724797-768x859.jpg 768w, https:\/\/www.xminsulation.com\/wp-content\/uploads\/2024\/05\/\u56fe\u724797-600x671.jpg 600w\" sizes=\"(max-width: 1000px) 100vw, 1000px\" \/> <img loading=\"lazy\" decoding=\"async\" class=\"alignnone wp-image-1246 size-full\" src=\"http:\/\/www.xminsulation.com\/wp-content\/uploads\/2024\/05\/\u56fe\u724798.jpg\" alt=\"\" width=\"1000\" height=\"721\" srcset=\"https:\/\/www.xminsulation.com\/wp-content\/uploads\/2024\/05\/\u56fe\u724798.jpg 1000w, https:\/\/www.xminsulation.com\/wp-content\/uploads\/2024\/05\/\u56fe\u724798-300x216.jpg 300w, https:\/\/www.xminsulation.com\/wp-content\/uploads\/2024\/05\/\u56fe\u724798-768x554.jpg 768w, https:\/\/www.xminsulation.com\/wp-content\/uploads\/2024\/05\/\u56fe\u724798-600x433.jpg 600w\" sizes=\"(max-width: 1000px) 100vw, 1000px\" \/> <img loading=\"lazy\" decoding=\"async\" class=\"alignnone wp-image-1247 size-full\" src=\"http:\/\/www.xminsulation.com\/wp-content\/uploads\/2024\/05\/\u56fe\u724799.jpg\" alt=\"\" width=\"1000\" height=\"714\" srcset=\"https:\/\/www.xminsulation.com\/wp-content\/uploads\/2024\/05\/\u56fe\u724799.jpg 1000w, https:\/\/www.xminsulation.com\/wp-content\/uploads\/2024\/05\/\u56fe\u724799-300x214.jpg 300w, https:\/\/www.xminsulation.com\/wp-content\/uploads\/2024\/05\/\u56fe\u724799-768x548.jpg 768w, https:\/\/www.xminsulation.com\/wp-content\/uploads\/2024\/05\/\u56fe\u724799-600x428.jpg 600w\" sizes=\"(max-width: 1000px) 100vw, 1000px\" \/><\/p>\n<h2><strong><b>Cavo <\/b><\/strong><strong><b>P<\/b><\/strong><strong><b>trascinare <\/b><\/strong><strong><b>IO<\/b><\/strong><strong><b>installazione <\/b><\/strong><strong><b>D<\/b><\/strong><strong><b>diagramma<\/b><\/strong><\/h2>\n<p><img loading=\"lazy\" decoding=\"async\" class=\"alignnone wp-image-1248 size-full\" src=\"http:\/\/www.xminsulation.com\/wp-content\/uploads\/2024\/05\/\u56fe\u7247100.jpg\" alt=\"\" width=\"1000\" height=\"848\" srcset=\"https:\/\/www.xminsulation.com\/wp-content\/uploads\/2024\/05\/\u56fe\u7247100.jpg 1000w, https:\/\/www.xminsulation.com\/wp-content\/uploads\/2024\/05\/\u56fe\u7247100-300x254.jpg 300w, https:\/\/www.xminsulation.com\/wp-content\/uploads\/2024\/05\/\u56fe\u7247100-768x651.jpg 768w, https:\/\/www.xminsulation.com\/wp-content\/uploads\/2024\/05\/\u56fe\u7247100-600x509.jpg 600w\" sizes=\"(max-width: 1000px) 100vw, 1000px\" \/><\/p>\n<h2><strong><b>americano <\/b><\/strong><strong><b>C<\/b><\/strong><strong><b>capace <\/b><\/strong><strong><b>B<\/b><\/strong><strong><b>ranch <\/b><\/strong><strong><b>B<\/b><\/strong><strong><b>bue <\/b><\/strong><strong><b>F<\/b><\/strong><strong><b>fondamento <\/b><\/strong><strong><b>D<\/b><\/strong><strong><b>diagramma<\/b><\/strong><\/h2>\n<p><img loading=\"lazy\" decoding=\"async\" class=\"alignnone wp-image-1249 size-full\" src=\"http:\/\/www.xminsulation.com\/wp-content\/uploads\/2024\/05\/\u56fe\u7247101.jpg\" alt=\"\" width=\"1000\" height=\"628\" srcset=\"https:\/\/www.xminsulation.com\/wp-content\/uploads\/2024\/05\/\u56fe\u7247101.jpg 1000w, https:\/\/www.xminsulation.com\/wp-content\/uploads\/2024\/05\/\u56fe\u7247101-300x188.jpg 300w, https:\/\/www.xminsulation.com\/wp-content\/uploads\/2024\/05\/\u56fe\u7247101-768x482.jpg 768w, https:\/\/www.xminsulation.com\/wp-content\/uploads\/2024\/05\/\u56fe\u7247101-600x377.jpg 600w\" sizes=\"(max-width: 1000px) 100vw, 1000px\" \/><\/p>\n<div class=\"wxts\">\n<h2>\u25c6Personalizzazione speciale<\/h2>\n<p>I parametri sopra indicati sono dati tipici; se gli stili esistenti non soddisfano le tue richieste specifiche, contattaci per un design personalizzato. Disponiamo di significative capacit\u00e0 di sviluppo e produzione di personalizzazioni personalizzate, che ci consentono di fornire soluzioni su misura a clienti in tutto il mondo.<\/p>\n<\/div>","protected":false},"excerpt":{"rendered":"<p>General Information The American-style cable distribution boxes produced by the company, with their excellent performance, standardized design, and beautiful appearance, are widely used in cable engineering equipment in cable distribution network systems. They are used in major industrial parks, residential areas, and densely populated cities. It is widely recognized in various places such as districts, [&hellip;]<\/p>","protected":false},"featured_media":1250,"template":"","meta":{"site-sidebar-layout":"default","site-content-layout":"","ast-site-content-layout":"default","site-content-style":"default","site-sidebar-style":"default","ast-global-header-display":"","ast-banner-title-visibility":"","ast-main-header-display":"","ast-hfb-above-header-display":"","ast-hfb-below-header-display":"","ast-hfb-mobile-header-display":"","site-post-title":"","ast-breadcrumbs-content":"","ast-featured-img":"","footer-sml-layout":"","theme-transparent-header-meta":"default","adv-header-id-meta":"","stick-header-meta":"","header-above-stick-meta":"","header-main-stick-meta":"","header-below-stick-meta":"","astra-migrate-meta-layouts":"set","ast-page-background-enabled":"default","ast-page-background-meta":{"desktop":{"background-color":"","background-image":"","background-repeat":"repeat","background-position":"center center","background-size":"auto","background-attachment":"scroll","background-type":"","background-media":"","overlay-type":"","overlay-color":"","overlay-gradient":""},"tablet":{"background-color":"","background-image":"","background-repeat":"repeat","background-position":"center center","background-size":"auto","background-attachment":"scroll","background-type":"","background-media":"","overlay-type":"","overlay-color":"","overlay-gradient":""},"mobile":{"background-color":"","background-image":"","background-repeat":"repeat","background-position":"center center","background-size":"auto","background-attachment":"scroll","background-type":"","background-media":"","overlay-type":"","overlay-color":"","overlay-gradient":""}},"ast-content-background-meta":{"desktop":{"background-color":"var(--ast-global-color-5)","background-image":"","background-repeat":"repeat","background-position":"center center","background-size":"auto","background-attachment":"scroll","background-type":"","background-media":"","overlay-type":"","overlay-color":"","overlay-gradient":""},"tablet":{"background-color":"var(--ast-global-color-5)","background-image":"","background-repeat":"repeat","background-position":"center center","background-size":"auto","background-attachment":"scroll","background-type":"","background-media":"","overlay-type":"","overlay-color":"","overlay-gradient":""},"mobile":{"background-color":"var(--ast-global-color-5)","background-image":"","background-repeat":"repeat","background-position":"center center","background-size":"auto","background-attachment":"scroll","background-type":"","background-media":"","overlay-type":"","overlay-color":"","overlay-gradient":""}}},"product_cat":[40],"product_tag":[],"class_list":{"0":"post-1239","1":"product","2":"type-product","3":"status-publish","4":"has-post-thumbnail","6":"product_cat-10-35kv-high-voltage-cable-branch-box","7":"desktop-align-left","8":"tablet-align-left","9":"mobile-align-left","11":"first","12":"instock","13":"shipping-taxable","14":"product-type-simple"},"_links":{"self":[{"href":"https:\/\/www.xminsulation.com\/it\/wp-json\/wp\/v2\/product\/1239","targetHints":{"allow":["GET"]}}],"collection":[{"href":"https:\/\/www.xminsulation.com\/it\/wp-json\/wp\/v2\/product"}],"about":[{"href":"https:\/\/www.xminsulation.com\/it\/wp-json\/wp\/v2\/types\/product"}],"wp:featuredmedia":[{"embeddable":true,"href":"https:\/\/www.xminsulation.com\/it\/wp-json\/wp\/v2\/media\/1250"}],"wp:attachment":[{"href":"https:\/\/www.xminsulation.com\/it\/wp-json\/wp\/v2\/media?parent=1239"}],"wp:term":[{"taxonomy":"product_cat","embeddable":true,"href":"https:\/\/www.xminsulation.com\/it\/wp-json\/wp\/v2\/product_cat?post=1239"},{"taxonomy":"product_tag","embeddable":true,"href":"https:\/\/www.xminsulation.com\/it\/wp-json\/wp\/v2\/product_tag?post=1239"}],"curies":[{"name":"wp","href":"https:\/\/api.w.org\/{rel}","templated":true}]}}