{"id":1226,"date":"2024-05-07T10:55:07","date_gmt":"2024-05-07T02:55:07","guid":{"rendered":"http:\/\/www.xminsulation.com\/?post_type=product&#038;p=1226"},"modified":"2024-05-15T16:35:26","modified_gmt":"2024-05-15T08:35:26","slug":"10-24-35km-high-voltage-cable-branch-box-european-style","status":"publish","type":"product","link":"https:\/\/www.xminsulation.com\/it\/product\/10-24-35km-high-voltage-cable-branch-box-european-style\/","title":{"rendered":"Scatola di derivazione per cavi ad alta tensione 10\/24\/35kM (stile europeo)"},"content":{"rendered":"<p><img fetchpriority=\"high\" decoding=\"async\" class=\"alignnone wp-image-1228 size-full\" src=\"http:\/\/www.xminsulation.com\/wp-content\/uploads\/2024\/05\/\u56fe\u724782-1.jpg\" alt=\"\" width=\"1000\" height=\"1000\" srcset=\"https:\/\/www.xminsulation.com\/wp-content\/uploads\/2024\/05\/\u56fe\u724782-1.jpg 1000w, https:\/\/www.xminsulation.com\/wp-content\/uploads\/2024\/05\/\u56fe\u724782-1-300x300.jpg 300w, https:\/\/www.xminsulation.com\/wp-content\/uploads\/2024\/05\/\u56fe\u724782-1-150x150.jpg 150w, https:\/\/www.xminsulation.com\/wp-content\/uploads\/2024\/05\/\u56fe\u724782-1-768x768.jpg 768w, https:\/\/www.xminsulation.com\/wp-content\/uploads\/2024\/05\/\u56fe\u724782-1-600x600.jpg 600w, https:\/\/www.xminsulation.com\/wp-content\/uploads\/2024\/05\/\u56fe\u724782-1-100x100.jpg 100w\" sizes=\"(max-width: 1000px) 100vw, 1000px\" \/> <img decoding=\"async\" class=\"alignnone wp-image-1229 size-full\" src=\"http:\/\/www.xminsulation.com\/wp-content\/uploads\/2024\/05\/\u56fe\u724783.png\" alt=\"\" width=\"651\" height=\"696\" srcset=\"https:\/\/www.xminsulation.com\/wp-content\/uploads\/2024\/05\/\u56fe\u724783.png 651w, https:\/\/www.xminsulation.com\/wp-content\/uploads\/2024\/05\/\u56fe\u724783-281x300.png 281w, https:\/\/www.xminsulation.com\/wp-content\/uploads\/2024\/05\/\u56fe\u724783-600x641.png 600w\" sizes=\"(max-width: 651px) 100vw, 651px\" \/> <img decoding=\"async\" class=\"alignnone wp-image-1230 size-full\" src=\"http:\/\/www.xminsulation.com\/wp-content\/uploads\/2024\/05\/\u56fe\u724784.png\" alt=\"\" width=\"766\" height=\"818\" srcset=\"https:\/\/www.xminsulation.com\/wp-content\/uploads\/2024\/05\/\u56fe\u724784.png 766w, https:\/\/www.xminsulation.com\/wp-content\/uploads\/2024\/05\/\u56fe\u724784-281x300.png 281w, https:\/\/www.xminsulation.com\/wp-content\/uploads\/2024\/05\/\u56fe\u724784-600x641.png 600w\" sizes=\"(max-width: 766px) 100vw, 766px\" \/> <img loading=\"lazy\" decoding=\"async\" class=\"alignnone wp-image-1231 size-full\" src=\"http:\/\/www.xminsulation.com\/wp-content\/uploads\/2024\/05\/\u56fe\u724785.png\" alt=\"\" width=\"783\" height=\"826\" srcset=\"https:\/\/www.xminsulation.com\/wp-content\/uploads\/2024\/05\/\u56fe\u724785.png 783w, https:\/\/www.xminsulation.com\/wp-content\/uploads\/2024\/05\/\u56fe\u724785-284x300.png 284w, https:\/\/www.xminsulation.com\/wp-content\/uploads\/2024\/05\/\u56fe\u724785-768x810.png 768w, https:\/\/www.xminsulation.com\/wp-content\/uploads\/2024\/05\/\u56fe\u724785-600x633.png 600w\" sizes=\"(max-width: 783px) 100vw, 783px\" \/><\/p>\n<h2><strong><b>Informazioni generali<\/b><\/strong><\/h2>\n<p>Le scatole di derivazione per cavi ad alta tensione sono ampiamente utilizzate per i collegamenti dei nodi nei sistemi via cavo a 10 kV, 24 kV e 35 kV. Costituiscono l&#039;apparecchiatura elettrica principale per la raccolta e la derivazione dei cavi in uscita dall&#039;armadio elettrico. I giunti dei cavi nella scatola di derivazione sono ermeticamente isolati con gomma importata di alta qualit\u00e0 e non presentano parti sotto tensione esposte; gli interruttori nella scatola di derivazione sono tutti interruttori di carico isolati in SF6.<\/p>\n<p>La scatola di derivazione \u00e8 progettata per un funzionamento in esterni senza manutenzione, sicuro e affidabile. Il suo grado di protezione raggiunge IP33 e la scatola di derivazione interrata \u00e8 resistente alle inondazioni. Questo prodotto \u00e8 ampiamente utilizzato nelle reti di distribuzione in aree industriali urbane, residenziali, centri commerciali, aree minerarie, grandi aziende come quelle siderurgiche, automobilistiche, petrolifere, chimiche, cementifere e in altre occasioni. \u00c8 particolarmente adatto per progetti di trasformazione della rete elettrica urbana e pu\u00f2 risparmiare notevolmente sulle apparecchiature elettriche e sugli investimenti in cavi per migliorare l&#039;affidabilit\u00e0 dell&#039;alimentazione.<\/p>\n<h2><strong><b>Prodotto <\/b><\/strong><strong><b>Caratteristiche<\/b><\/strong><\/h2>\n<ol>\n<li>Struttura compatta, ingombro ridotto, facile installazione, facile utilizzo e nessuna manutenzione.<\/li>\n<li>Il corpo della scatola \u00e8 interamente realizzato in lamiera di acciaio o acciaio inossidabile con uno spessore di 2 mm. Adotta un design anticorrosione e uno speciale trattamento di verniciatura a spruzzo per funzionare in modo affidabile in ambienti difficili (durata \u2265 30 anni).<\/li>\n<li>Struttura completamente protettiva, adatta a tutte le condizioni atmosferiche, per esterni, ad alte temperature, freddo intenso, immersioni inondazioni e aree molto polverose.<\/li>\n<li>Struttura completamente sigillata e isolata, non \u00e8 richiesta alcuna distanza di isolamento, tutte le parti sotto tensione ad alta tensione sono connettori per cavi prefabbricati in gomma siliconica o EPDM, garantendo efficacemente la sicurezza personale.<\/li>\n<li>La flessibilit\u00e0 di combinazione consente di raggiungere il numero di derivazioni di uscita fino a sette, combinabili con SF. L&#039;interruttore di carico forma una rete ad anello per l&#039;alimentazione, soddisfacendo pienamente i diversi requisiti di cablaggio.<\/li>\n<li>Il giunto del cavo pu\u00f2 essere utilizzato come interruttore, che pu\u00f2 essere collegato e scollegato sotto carico per interrompere la corrente di carico da 200 A.<\/li>\n<li>Dopo aver installato l&#039;indicatore di guasto, \u00e8 possibile rilevare rapidamente i guasti del circuito.<\/li>\n<li>L&#039;investimento una tantum \u00e8 minimo, la lunghezza del cavo si riduce, l&#039;area dell&#039;edificio non viene occupata e si risparmia denaro.<\/li>\n<li>Il connettore del cavo utilizzato \u00e8 conforme allo standard IEEE386.<\/li>\n<li>Tutti i giunti per cavi sono adatti per cavi isolati in polietilene reticolato. Il giunto per cavi da 200 A \u00e8 adatto per cavi con sezione trasversale da 35 mm\u00b2 a 180 mm\u00b2; il giunto per cavi da 600 A \u00e8 adatto per cavi con sezione trasversale da 25 mm\u00b2 a 500 mm\u00b2.<\/li>\n<\/ol>\n<h2><strong><b>Parametri tecnici<\/b><\/strong><\/h2>\n<p><strong><b> <img loading=\"lazy\" decoding=\"async\" class=\"alignnone wp-image-1232 size-full\" src=\"http:\/\/www.xminsulation.com\/wp-content\/uploads\/2024\/05\/\u56fe\u724786.png\" alt=\"\" width=\"966\" height=\"736\" srcset=\"https:\/\/www.xminsulation.com\/wp-content\/uploads\/2024\/05\/\u56fe\u724786.png 966w, https:\/\/www.xminsulation.com\/wp-content\/uploads\/2024\/05\/\u56fe\u724786-300x229.png 300w, https:\/\/www.xminsulation.com\/wp-content\/uploads\/2024\/05\/\u56fe\u724786-768x585.png 768w, https:\/\/www.xminsulation.com\/wp-content\/uploads\/2024\/05\/\u56fe\u724786-600x457.png 600w\" sizes=\"(max-width: 966px) 100vw, 966px\" \/><\/b><\/strong><\/p>\n<h2><strong><b>Utilizzo <\/b><\/strong><strong><b>E<\/b><\/strong><strong><b>ambiente<\/b><\/strong><\/h2>\n<ol>\n<li>Temperatura ambiente: temperatura massima: +40\u2103, temperatura minima: -30\u2103.<\/li>\n<li>Velocit\u00e0 del vento: equivalente a 34 m\/s (non pi\u00f9 di 700 Pa).<\/li>\n<li>Umidit\u00e0: l&#039;umidit\u00e0 relativa media giornaliera non \u00e8 superiore a 95%; l&#039;umidit\u00e0 relativa media mensile non \u00e8 superiore a 95%.<\/li>\n<li>Antiurto: l&#039;accelerazione orizzontale non \u00e8 superiore a 0,4 m\/s2 e l&#039;accelerazione verticale non \u00e8 superiore a 0,15 m\/s2.<\/li>\n<li>Inclinazione del luogo di installazione: non pi\u00f9 di 3\u00b0.<\/li>\n<li>Ambiente di installazione: l&#039;aria circostante non deve essere significativamente contaminata da gas corrosivi o infiammabili, vapore acqueo, ecc. e non devono esserci forti vibrazioni nel sito di installazione.<\/li>\n<\/ol>\n<h2><strong><b>C<\/b><\/strong><strong><b>configurazione <\/b><\/strong><strong><b>P<\/b><\/strong><strong><b>la terra<\/b><\/strong><\/h2>\n<p><img loading=\"lazy\" decoding=\"async\" class=\"alignnone wp-image-1233 size-full\" src=\"http:\/\/www.xminsulation.com\/wp-content\/uploads\/2024\/05\/\u56fe\u724787.png\" alt=\"\" width=\"1078\" height=\"1092\" srcset=\"https:\/\/www.xminsulation.com\/wp-content\/uploads\/2024\/05\/\u56fe\u724787.png 1078w, https:\/\/www.xminsulation.com\/wp-content\/uploads\/2024\/05\/\u56fe\u724787-296x300.png 296w, https:\/\/www.xminsulation.com\/wp-content\/uploads\/2024\/05\/\u56fe\u724787-1011x1024.png 1011w, https:\/\/www.xminsulation.com\/wp-content\/uploads\/2024\/05\/\u56fe\u724787-768x778.png 768w, https:\/\/www.xminsulation.com\/wp-content\/uploads\/2024\/05\/\u56fe\u724787-600x608.png 600w, https:\/\/www.xminsulation.com\/wp-content\/uploads\/2024\/05\/\u56fe\u724787-100x100.png 100w\" sizes=\"(max-width: 1078px) 100vw, 1078px\" \/> <img loading=\"lazy\" decoding=\"async\" class=\"alignnone wp-image-1234 size-full\" src=\"http:\/\/www.xminsulation.com\/wp-content\/uploads\/2024\/05\/\u56fe\u724788.png\" alt=\"\" width=\"1078\" height=\"1147\" srcset=\"https:\/\/www.xminsulation.com\/wp-content\/uploads\/2024\/05\/\u56fe\u724788.png 1078w, https:\/\/www.xminsulation.com\/wp-content\/uploads\/2024\/05\/\u56fe\u724788-282x300.png 282w, https:\/\/www.xminsulation.com\/wp-content\/uploads\/2024\/05\/\u56fe\u724788-962x1024.png 962w, https:\/\/www.xminsulation.com\/wp-content\/uploads\/2024\/05\/\u56fe\u724788-768x817.png 768w, https:\/\/www.xminsulation.com\/wp-content\/uploads\/2024\/05\/\u56fe\u724788-600x638.png 600w\" sizes=\"(max-width: 1078px) 100vw, 1078px\" \/><\/p>\n<h2><strong><b>europeo <\/b><\/strong><strong><b>C<\/b><\/strong><strong><b>capace <\/b><\/strong><strong><b>B<\/b><\/strong><strong><b>ranch <\/b><\/strong><strong><b>B<\/b><\/strong><strong><b>bue <\/b><\/strong><strong><b>S<\/b><\/strong><strong><b>struttura <\/b><\/strong><strong><b>E<\/b><\/strong><strong><b>esempio <\/b><\/strong><strong><b>D<\/b><\/strong><strong><b>diagramma<\/b><\/strong><\/h2>\n<p>&nbsp;<\/p>\n<p>Se la scatola di distribuzione dei cavi non pu\u00f2 essere posizionata a causa di limitazioni del sito, i giunti dei cavi possono essere combinati direttamente per formare pi\u00f9 diramazioni dei cavi (non sono necessarie barre collettrici, vedere il metodo di collegamento di seguito) e posizionati nella trincea dei cavi o in altre posizioni.<\/p>\n<p>Esempio 1: quattro linee in entrata e in uscita.<\/p>\n<p>Ogni fase \u00e8 composta da due giunti anteriori di tipo europeo e due giunti posteriori di tipo europeo, collegati da una boccola di testa di tipo europeo al centro. Le estremit\u00e0 dei connettori posteriori di tipo europeo sono sigillate con isolanti e cappucci terminali semiconduttivi.<\/p>\n<p>Esempio 2: Due dentro e tre fuori.<\/p>\n<p>Ogni fase \u00e8 composta da tre giunti anteriori di tipo europeo e due posteriori di tipo europeo, collegati al centro da boccole di testa di tipo europeo. Le estremit\u00e0 dei connettori posteriori di tipo europeo sono sigillate con isolanti e cappucci terminali semiconduttivi.<\/p>\n<p><img loading=\"lazy\" decoding=\"async\" class=\"alignnone wp-image-1235 size-full\" src=\"http:\/\/www.xminsulation.com\/wp-content\/uploads\/2024\/05\/\u56fe\u724789.png\" alt=\"\" width=\"1000\" height=\"280\" srcset=\"https:\/\/www.xminsulation.com\/wp-content\/uploads\/2024\/05\/\u56fe\u724789.png 1000w, https:\/\/www.xminsulation.com\/wp-content\/uploads\/2024\/05\/\u56fe\u724789-300x84.png 300w, https:\/\/www.xminsulation.com\/wp-content\/uploads\/2024\/05\/\u56fe\u724789-768x215.png 768w, https:\/\/www.xminsulation.com\/wp-content\/uploads\/2024\/05\/\u56fe\u724789-600x168.png 600w\" sizes=\"(max-width: 1000px) 100vw, 1000px\" \/><\/p>\n<p><strong><b>Il miglior servizio clienti di Chinatown<\/b><\/strong><\/p>\n<p><strong><b>Cavo <\/b><\/strong><strong><b>P<\/b><\/strong><strong><b>trascinare <\/b><\/strong><strong><b>IO<\/b><\/strong><strong><b>installazione <\/b><\/strong><strong><b>D<\/b><\/strong><strong><b>diagramma<\/b><\/strong><\/p>\n<p><img loading=\"lazy\" decoding=\"async\" class=\"alignnone wp-image-1236 size-full\" src=\"http:\/\/www.xminsulation.com\/wp-content\/uploads\/2024\/05\/\u56fe\u724790.png\" alt=\"\" width=\"860\" height=\"720\" srcset=\"https:\/\/www.xminsulation.com\/wp-content\/uploads\/2024\/05\/\u56fe\u724790.png 860w, https:\/\/www.xminsulation.com\/wp-content\/uploads\/2024\/05\/\u56fe\u724790-300x251.png 300w, https:\/\/www.xminsulation.com\/wp-content\/uploads\/2024\/05\/\u56fe\u724790-768x643.png 768w, https:\/\/www.xminsulation.com\/wp-content\/uploads\/2024\/05\/\u56fe\u724790-600x502.png 600w\" sizes=\"(max-width: 860px) 100vw, 860px\" \/> <img loading=\"lazy\" decoding=\"async\" class=\"alignnone wp-image-1237 size-full\" src=\"http:\/\/www.xminsulation.com\/wp-content\/uploads\/2024\/05\/\u56fe\u724791.png\" alt=\"\" width=\"988\" height=\"468\" srcset=\"https:\/\/www.xminsulation.com\/wp-content\/uploads\/2024\/05\/\u56fe\u724791.png 988w, https:\/\/www.xminsulation.com\/wp-content\/uploads\/2024\/05\/\u56fe\u724791-300x142.png 300w, https:\/\/www.xminsulation.com\/wp-content\/uploads\/2024\/05\/\u56fe\u724791-768x364.png 768w, https:\/\/www.xminsulation.com\/wp-content\/uploads\/2024\/05\/\u56fe\u724791-600x284.png 600w\" sizes=\"(max-width: 988px) 100vw, 988px\" \/><\/p>\n<p><strong><b>europeo <\/b><\/strong><strong><b>C<\/b><\/strong><strong><b>capace <\/b><\/strong><strong><b>B<\/b><\/strong><strong><b>ranch <\/b><\/strong><strong><b>B<\/b><\/strong><strong><b>bue <\/b><\/strong><strong><b>F<\/b><\/strong><strong><b>fondamento <\/b><\/strong><strong><b>D<\/b><\/strong><strong><b>diagramma<\/b><\/strong><\/p>\n<p><img loading=\"lazy\" decoding=\"async\" class=\"alignnone wp-image-1238 size-full\" src=\"http:\/\/www.xminsulation.com\/wp-content\/uploads\/2024\/05\/\u56fe\u724792.png\" alt=\"\" width=\"622\" height=\"835\" srcset=\"https:\/\/www.xminsulation.com\/wp-content\/uploads\/2024\/05\/\u56fe\u724792.png 622w, https:\/\/www.xminsulation.com\/wp-content\/uploads\/2024\/05\/\u56fe\u724792-223x300.png 223w, https:\/\/www.xminsulation.com\/wp-content\/uploads\/2024\/05\/\u56fe\u724792-600x805.png 600w\" sizes=\"(max-width: 622px) 100vw, 622px\" \/><\/p>\n<p>&nbsp;<\/p>\n<div class=\"wxts\">\n<h2>\u25c6Personalizzazione speciale<\/h2>\n<p>I parametri sopra indicati sono dati tipici; se gli stili esistenti non soddisfano le tue richieste specifiche, contattaci per un design personalizzato. Disponiamo di significative capacit\u00e0 di sviluppo e produzione di personalizzazioni personalizzate, che ci consentono di fornire soluzioni su misura a clienti in tutto il mondo.<\/p>\n<\/div>\n<p>&nbsp;<\/p>","protected":false},"excerpt":{"rendered":"<p>General Information High-voltage cable branch boxes are widely used for node connections in 10kV, 24kV, and 35kV cable systems. They are the main electrical equipment for gathering and tapping cables after they exit the switch cabinet. The cable joints of the tap box are tightly insulated with high-grade insulated imported rubber and have no exposed [&hellip;]<\/p>","protected":false},"featured_media":1227,"template":"","meta":{"site-sidebar-layout":"default","site-content-layout":"","ast-site-content-layout":"default","site-content-style":"default","site-sidebar-style":"default","ast-global-header-display":"","ast-banner-title-visibility":"","ast-main-header-display":"","ast-hfb-above-header-display":"","ast-hfb-below-header-display":"","ast-hfb-mobile-header-display":"","site-post-title":"","ast-breadcrumbs-content":"","ast-featured-img":"","footer-sml-layout":"","theme-transparent-header-meta":"default","adv-header-id-meta":"","stick-header-meta":"","header-above-stick-meta":"","header-main-stick-meta":"","header-below-stick-meta":"","astra-migrate-meta-layouts":"set","ast-page-background-enabled":"default","ast-page-background-meta":{"desktop":{"background-color":"","background-image":"","background-repeat":"repeat","background-position":"center center","background-size":"auto","background-attachment":"scroll","background-type":"","background-media":"","overlay-type":"","overlay-color":"","overlay-gradient":""},"tablet":{"background-color":"","background-image":"","background-repeat":"repeat","background-position":"center center","background-size":"auto","background-attachment":"scroll","background-type":"","background-media":"","overlay-type":"","overlay-color":"","overlay-gradient":""},"mobile":{"background-color":"","background-image":"","background-repeat":"repeat","background-position":"center center","background-size":"auto","background-attachment":"scroll","background-type":"","background-media":"","overlay-type":"","overlay-color":"","overlay-gradient":""}},"ast-content-background-meta":{"desktop":{"background-color":"var(--ast-global-color-5)","background-image":"","background-repeat":"repeat","background-position":"center center","background-size":"auto","background-attachment":"scroll","background-type":"","background-media":"","overlay-type":"","overlay-color":"","overlay-gradient":""},"tablet":{"background-color":"var(--ast-global-color-5)","background-image":"","background-repeat":"repeat","background-position":"center center","background-size":"auto","background-attachment":"scroll","background-type":"","background-media":"","overlay-type":"","overlay-color":"","overlay-gradient":""},"mobile":{"background-color":"var(--ast-global-color-5)","background-image":"","background-repeat":"repeat","background-position":"center center","background-size":"auto","background-attachment":"scroll","background-type":"","background-media":"","overlay-type":"","overlay-color":"","overlay-gradient":""}}},"product_cat":[40],"product_tag":[],"class_list":{"0":"post-1226","1":"product","2":"type-product","3":"status-publish","4":"has-post-thumbnail","6":"product_cat-10-35kv-high-voltage-cable-branch-box","7":"desktop-align-left","8":"tablet-align-left","9":"mobile-align-left","11":"first","12":"instock","13":"shipping-taxable","14":"product-type-simple"},"_links":{"self":[{"href":"https:\/\/www.xminsulation.com\/it\/wp-json\/wp\/v2\/product\/1226","targetHints":{"allow":["GET"]}}],"collection":[{"href":"https:\/\/www.xminsulation.com\/it\/wp-json\/wp\/v2\/product"}],"about":[{"href":"https:\/\/www.xminsulation.com\/it\/wp-json\/wp\/v2\/types\/product"}],"wp:featuredmedia":[{"embeddable":true,"href":"https:\/\/www.xminsulation.com\/it\/wp-json\/wp\/v2\/media\/1227"}],"wp:attachment":[{"href":"https:\/\/www.xminsulation.com\/it\/wp-json\/wp\/v2\/media?parent=1226"}],"wp:term":[{"taxonomy":"product_cat","embeddable":true,"href":"https:\/\/www.xminsulation.com\/it\/wp-json\/wp\/v2\/product_cat?post=1226"},{"taxonomy":"product_tag","embeddable":true,"href":"https:\/\/www.xminsulation.com\/it\/wp-json\/wp\/v2\/product_tag?post=1226"}],"curies":[{"name":"wp","href":"https:\/\/api.w.org\/{rel}","templated":true}]}}