{"id":1223,"date":"2024-05-27T10:47:04","date_gmt":"2024-05-27T02:47:04","guid":{"rendered":"http:\/\/www.xminsulation.com\/?post_type=product&#038;p=1223"},"modified":"2024-05-28T18:27:21","modified_gmt":"2024-05-28T10:27:21","slug":"design-and-development-of-medium-voltage-distribution-related-components-and-various-molds","status":"publish","type":"product","link":"https:\/\/www.xminsulation.com\/it\/product\/design-and-development-of-medium-voltage-distribution-related-components-and-various-molds\/","title":{"rendered":"Progettazione e sviluppo di componenti relativi alla distribuzione di media tensione e stampi vari"},"content":{"rendered":"<p>Oltre a personalizzare, sviluppare e produrre vari &quot;grandi prodotti&quot; non standard nel campo della distribuzione di energia a media tensione, come interruttori automatici sotto vuoto, interruttori-sezionatori di carico, interruttori di isolamento, richiusori esterni, interruttori-sezionatori di carico esterni, meccanismi di comando, unit\u00e0 principali ad anello, sottostazioni prefabbricate, set di apparecchiature ecc., possiamo anche fornire progettazione di stampi, fabbricazione di stampi, campionatura, produzione di prodotti e altri servizi per i &quot;piccoli prodotti&quot; microscopici contenuti in questi &quot;grandi prodotti&quot;.<\/p>\n<p>Grazie alla nostra profonda conoscenza delle funzioni e dei requisiti dei prodotti elettrici completi, alla nostra capacit\u00e0 di comprendere fattori che li influenzano, come scariche parziali, resistenza alla tensione, compatibilit\u00e0 elettromagnetica, correnti parassite, dissipazione del calore, potenza elettrica e standard di prodotto correlati, e alla nostra capacit\u00e0 di raggiungere un&#039;unit\u00e0 organica tra macro e micro, nonch\u00e9 tra il complesso e il locale. Pertanto, affidandoci lo sviluppo di stampi e la produzione di &quot;piccoli prodotti&quot; inclusi nei &quot;grandi prodotti&quot; sopra menzionati, come resina epossidica, silicone, plastica, parti in rame, leghe di zinco e altri piccoli componenti, accessori, pezzi di ricambio, ecc., possiamo efficacemente evitare il rischio di difetti funzionali o di incapacit\u00e0 di adattamento dovuti a una scarsa comprensione delle applicazioni industriali, delle caratteristiche del prodotto e a una comprensione inadeguata.<\/p>\n<p>Gli stampi includono stampi isolanti in resina epossidica APG, stampi a iniezione in gomma siliconica, stampi a iniezione in plastica, stampi per stampaggio del rame o per forgiatura a freddo o a caldo, stampi per pressofusione in lega di zinco, ecc.<\/p>\n<p>Nelle prime fasi di progettazione del prodotto prenderemo in considerazione la tecnologia pi\u00f9 ragionevole, i materiali, le funzioni e altri fattori complessivi richiesti per il prodotto.<\/p>\n<p>Il nostro impegno solenne \u00e8 quello di aiutarvi a evitare deviazioni e a progettare e sviluppare in modo rapido ed efficace componenti e vari stampi per la distribuzione di media tensione!<\/p>\n<p><img fetchpriority=\"high\" decoding=\"async\" class=\"alignnone wp-image-1224 size-full\" src=\"\/wp-content\/uploads\/2024\/05\/\u56fe\u724780.jpg\" alt=\"\" width=\"1018\" height=\"1018\" srcset=\"https:\/\/www.xminsulation.com\/wp-content\/uploads\/2024\/05\/\u56fe\u724780.jpg 1018w, https:\/\/www.xminsulation.com\/wp-content\/uploads\/2024\/05\/\u56fe\u724780-300x300.jpg 300w, https:\/\/www.xminsulation.com\/wp-content\/uploads\/2024\/05\/\u56fe\u724780-150x150.jpg 150w, https:\/\/www.xminsulation.com\/wp-content\/uploads\/2024\/05\/\u56fe\u724780-768x768.jpg 768w, https:\/\/www.xminsulation.com\/wp-content\/uploads\/2024\/05\/\u56fe\u724780-600x600.jpg 600w, https:\/\/www.xminsulation.com\/wp-content\/uploads\/2024\/05\/\u56fe\u724780-100x100.jpg 100w\" sizes=\"(max-width: 1018px) 100vw, 1018px\" \/> <img decoding=\"async\" class=\"alignnone wp-image-1225 size-full\" src=\"\/wp-content\/uploads\/2024\/05\/\u56fe\u724781.jpg\" alt=\"\" width=\"1000\" height=\"623\" srcset=\"https:\/\/www.xminsulation.com\/wp-content\/uploads\/2024\/05\/\u56fe\u724781.jpg 1000w, https:\/\/www.xminsulation.com\/wp-content\/uploads\/2024\/05\/\u56fe\u724781-300x187.jpg 300w, https:\/\/www.xminsulation.com\/wp-content\/uploads\/2024\/05\/\u56fe\u724781-768x478.jpg 768w, https:\/\/www.xminsulation.com\/wp-content\/uploads\/2024\/05\/\u56fe\u724781-600x374.jpg 600w\" sizes=\"(max-width: 1000px) 100vw, 1000px\" \/><\/p>\n<p>&nbsp;<\/p>\n<p><strong><b>\u00a0<\/b><\/strong><\/p>","protected":false},"excerpt":{"rendered":"<p>In addition to customizing, developing and producing various non-standard &#8220;large products&#8221; in the field of medium voltage power distribution, such as vacuum circuit breakers, load break switches, isolating switches, outdoor reclosers, outdoor load break switches, operating mechanisms, ring main units, prefabricated substations, sets of equipment etc., we can also provide mold design, mold manufacturing, sampling, [&hellip;]<\/p>","protected":false},"featured_media":1224,"template":"","meta":{"site-sidebar-layout":"default","site-content-layout":"","ast-site-content-layout":"default","site-content-style":"default","site-sidebar-style":"default","ast-global-header-display":"","ast-banner-title-visibility":"","ast-main-header-display":"","ast-hfb-above-header-display":"","ast-hfb-below-header-display":"","ast-hfb-mobile-header-display":"","site-post-title":"","ast-breadcrumbs-content":"","ast-featured-img":"","footer-sml-layout":"","theme-transparent-header-meta":"default","adv-header-id-meta":"","stick-header-meta":"","header-above-stick-meta":"","header-main-stick-meta":"","header-below-stick-meta":"","astra-migrate-meta-layouts":"set","ast-page-background-enabled":"default","ast-page-background-meta":{"desktop":{"background-color":"","background-image":"","background-repeat":"repeat","background-position":"center center","background-size":"auto","background-attachment":"scroll","background-type":"","background-media":"","overlay-type":"","overlay-color":"","overlay-gradient":""},"tablet":{"background-color":"","background-image":"","background-repeat":"repeat","background-position":"center center","background-size":"auto","background-attachment":"scroll","background-type":"","background-media":"","overlay-type":"","overlay-color":"","overlay-gradient":""},"mobile":{"background-color":"","background-image":"","background-repeat":"repeat","background-position":"center center","background-size":"auto","background-attachment":"scroll","background-type":"","background-media":"","overlay-type":"","overlay-color":"","overlay-gradient":""}},"ast-content-background-meta":{"desktop":{"background-color":"var(--ast-global-color-5)","background-image":"","background-repeat":"repeat","background-position":"center center","background-size":"auto","background-attachment":"scroll","background-type":"","background-media":"","overlay-type":"","overlay-color":"","overlay-gradient":""},"tablet":{"background-color":"var(--ast-global-color-5)","background-image":"","background-repeat":"repeat","background-position":"center center","background-size":"auto","background-attachment":"scroll","background-type":"","background-media":"","overlay-type":"","overlay-color":"","overlay-gradient":""},"mobile":{"background-color":"var(--ast-global-color-5)","background-image":"","background-repeat":"repeat","background-position":"center center","background-size":"auto","background-attachment":"scroll","background-type":"","background-media":"","overlay-type":"","overlay-color":"","overlay-gradient":""}}},"product_cat":[48],"product_tag":[],"class_list":{"0":"post-1223","1":"product","2":"type-product","3":"status-publish","4":"has-post-thumbnail","6":"product_cat-components-and-various-molds-design-and-development","7":"desktop-align-left","8":"tablet-align-left","9":"mobile-align-left","11":"first","12":"instock","13":"shipping-taxable","14":"product-type-simple"},"_links":{"self":[{"href":"https:\/\/www.xminsulation.com\/it\/wp-json\/wp\/v2\/product\/1223","targetHints":{"allow":["GET"]}}],"collection":[{"href":"https:\/\/www.xminsulation.com\/it\/wp-json\/wp\/v2\/product"}],"about":[{"href":"https:\/\/www.xminsulation.com\/it\/wp-json\/wp\/v2\/types\/product"}],"wp:featuredmedia":[{"embeddable":true,"href":"https:\/\/www.xminsulation.com\/it\/wp-json\/wp\/v2\/media\/1224"}],"wp:attachment":[{"href":"https:\/\/www.xminsulation.com\/it\/wp-json\/wp\/v2\/media?parent=1223"}],"wp:term":[{"taxonomy":"product_cat","embeddable":true,"href":"https:\/\/www.xminsulation.com\/it\/wp-json\/wp\/v2\/product_cat?post=1223"},{"taxonomy":"product_tag","embeddable":true,"href":"https:\/\/www.xminsulation.com\/it\/wp-json\/wp\/v2\/product_tag?post=1223"}],"curies":[{"name":"wp","href":"https:\/\/api.w.org\/{rel}","templated":true}]}}