{"id":1204,"date":"2024-05-07T10:27:27","date_gmt":"2024-05-07T02:27:27","guid":{"rendered":"http:\/\/www.xminsulation.com\/?post_type=product&#038;p=1204"},"modified":"2024-05-15T16:37:26","modified_gmt":"2024-05-15T08:37:26","slug":"kyn28-24kv-metal-clad-withdrawable-switchgear","status":"publish","type":"product","link":"https:\/\/www.xminsulation.com\/it\/product\/kyn28-24kv-metal-clad-withdrawable-switchgear\/","title":{"rendered":"KYN28-24kV Quadro elettrico estraibile rivestito in metallo"},"content":{"rendered":"<p><img fetchpriority=\"high\" decoding=\"async\" class=\"alignnone wp-image-1206 size-full\" src=\"http:\/\/www.xminsulation.com\/wp-content\/uploads\/2024\/05\/\u56fe\u724766-1.jpg\" alt=\"\" width=\"800\" height=\"800\" srcset=\"https:\/\/www.xminsulation.com\/wp-content\/uploads\/2024\/05\/\u56fe\u724766-1.jpg 800w, https:\/\/www.xminsulation.com\/wp-content\/uploads\/2024\/05\/\u56fe\u724766-1-300x300.jpg 300w, https:\/\/www.xminsulation.com\/wp-content\/uploads\/2024\/05\/\u56fe\u724766-1-150x150.jpg 150w, https:\/\/www.xminsulation.com\/wp-content\/uploads\/2024\/05\/\u56fe\u724766-1-768x768.jpg 768w, https:\/\/www.xminsulation.com\/wp-content\/uploads\/2024\/05\/\u56fe\u724766-1-600x600.jpg 600w, https:\/\/www.xminsulation.com\/wp-content\/uploads\/2024\/05\/\u56fe\u724766-1-100x100.jpg 100w\" sizes=\"(max-width: 800px) 100vw, 800px\" \/><\/p>\n<h2><strong><b>Informazioni generali<\/b><\/strong><\/h2>\n<p>L&#039;interruttore metallico AC estraibile corazzato KYN28-24 \u00e8 adatto per sistemi di alimentazione trifase da 50\/60 Hz, tensione nominale 24 kV per interni. Viene utilizzato principalmente in centrali elettriche, sottostazioni, aziende industriali e minerarie ed edifici alti. Riceve e distribuisce energia elettrica e controlla, protegge e monitora i circuiti.<\/p>\n<p>L&#039;apparecchiatura di commutazione KYN28-24 ha varie funzioni per prevenire malfunzionamenti, tra cui impedire che il carrello a mano si muova con il carico, impedire che l&#039;interruttore di messa a terra chiuda l&#039;interruttore automatico in posizione chiusa, impedire che l&#039;interruttore di messa a terra venga acceso e impedire l&#039;ingresso accidentale nel compartimento sotto tensione.<\/p>\n<p>L&#039;apparecchiatura di commutazione \u00e8 dotata di interruttori automatici sottovuoto CA a media tensione serie VS1 e VN2 e interruttori sottovuoto sigillati con prestazioni eccellenti. Il circuito secondario dell&#039;apparecchiatura di commutazione \u00e8 dotato di componenti di controllo e protezione innovativi e affidabili; la barra di distribuzione adotta materiale isolante termoretraibile o mezzi isolanti rivestiti di ossigeno, la forma dell&#039;elettrodo \u00e8 ottimizzata e la struttura dell&#039;armadio \u00e8 compatta. Questa apparecchiatura di commutazione \u00e8 tecnologicamente innovativa, ha prestazioni stabili e ha una struttura ragionevole. Apparecchiature di distribuzione di energia facili da usare, sicure e affidabili.<\/p>\n<p>Questo prodotto \u00e8 conforme ai requisiti GB 3906, IEC 62271-200 e ad altri standard.<\/p>\n<p><img decoding=\"async\" class=\"alignnone wp-image-1207 size-full\" src=\"http:\/\/www.xminsulation.com\/wp-content\/uploads\/2024\/05\/\u56fe\u724767-1.png\" alt=\"\" width=\"1000\" height=\"556\" srcset=\"https:\/\/www.xminsulation.com\/wp-content\/uploads\/2024\/05\/\u56fe\u724767-1.png 1000w, https:\/\/www.xminsulation.com\/wp-content\/uploads\/2024\/05\/\u56fe\u724767-1-300x167.png 300w, https:\/\/www.xminsulation.com\/wp-content\/uploads\/2024\/05\/\u56fe\u724767-1-768x427.png 768w, https:\/\/www.xminsulation.com\/wp-content\/uploads\/2024\/05\/\u56fe\u724767-1-600x334.png 600w\" sizes=\"(max-width: 1000px) 100vw, 1000px\" \/><\/p>\n<h2><strong><b>Utilizzo <\/b><\/strong><strong><b>E<\/b><\/strong><strong><b>ambiente<\/b><\/strong><\/h2>\n<ol>\n<li>Temperatura ambiente: temperatura massima +40\u2103, temperatura minima -15\u2103 e il valore medio misurato entro 24 ore non supera i 35\u2103.<\/li>\n<li>Le condizioni di umidit\u00e0 sono le seguenti: l&#039;umidit\u00e0 relativa media giornaliera non supera 95%, la pressione media giornaliera del vapore acqueo non supera 2,2 kpa e la pressione media mensile del vapore acqueo non supera 1,8 kpa. In tali condizioni pu\u00f2 occasionalmente verificarsi condensa.<\/li>\n<li>L&#039;altitudine non supera i 1000 m.<\/li>\n<li>L&#039;aria circostante non \u00e8 significativamente contaminata da polvere, fumo, gas corrosivi e\/o infiammabili, vapori o nebbia salina.<\/li>\n<li>Le vibrazioni o i movimenti del terreno provenienti dall&#039;esterno delle apparecchiature di commutazione e di controllo possono essere ignorati.<\/li>\n<li>L&#039;ampiezza dell&#039;interferenza elettromagnetica indotta nel sistema secondario non supera 1,6 KV.<\/li>\n<li>Condizioni speciali di utilizzo: quando utilizzato in normali condizioni ambientali che superano quelle specificate in GB\/T11022, l&#039;azienda e l&#039;utente possono negoziare e raggiungere un accordo su condizioni operative speciali che superano le normali condizioni operative. Per prevenire la condensa, l&#039;apparecchiatura di commutazione \u00e8 dotata di un riscaldatore, che deve essere messo in funzione quando l&#039;apparecchiatura di commutazione \u00e8 in modalit\u00e0 standby. Si deve inoltre prestare attenzione alla messa in funzione del riscaldatore quando l&#039;apparecchiatura di commutazione funziona normalmente.<\/li>\n<\/ol>\n<h2><strong><b>Struttura e <\/b><\/strong><strong><b>L&#039;<\/b><\/strong><strong><b>Lavorare <\/b><\/strong><strong><b>P<\/b><\/strong><strong><b>principio<\/b><\/strong><\/h2>\n<p>Il quadro elettrico KYN28-24 \u00e8 costituito da due parti: l&#039;armadio e la parte rimovibile (comunemente nota come carrello a mano). L&#039;armadio \u00e8 suddiviso in pi\u00f9 scomparti funzionali con divisori metallici, come la sala sbarre, la sala interruttori, la sala cavi, la sala strumenti rel\u00e8, ecc. Le parti rimovibili del quadro elettrico possono essere dotate di carrelli per interruttori sotto vuoto, carrelli per trasformatori di tensione, carrelli per scaricatori, carrelli di isolamento e carrelli per fusibili, ecc.<\/p>\n<p><img decoding=\"async\" class=\"alignnone wp-image-1208 size-full\" src=\"http:\/\/www.xminsulation.com\/wp-content\/uploads\/2024\/05\/\u56fe\u724768-1.png\" alt=\"\" width=\"1002\" height=\"713\" srcset=\"https:\/\/www.xminsulation.com\/wp-content\/uploads\/2024\/05\/\u56fe\u724768-1.png 1002w, https:\/\/www.xminsulation.com\/wp-content\/uploads\/2024\/05\/\u56fe\u724768-1-300x213.png 300w, https:\/\/www.xminsulation.com\/wp-content\/uploads\/2024\/05\/\u56fe\u724768-1-768x546.png 768w, https:\/\/www.xminsulation.com\/wp-content\/uploads\/2024\/05\/\u56fe\u724768-1-600x427.png 600w\" sizes=\"(max-width: 1002px) 100vw, 1002px\" \/><\/p>\n<p>Una stanza dell&#039;autobus.<\/p>\n<p>B\u3001\u65ad\u8def\u5668\u624b\u8f66\u5ba4Stanza del carretto a mano con interruttore automatico.<\/p>\n<p>C\u3001\u7535\u7f06\u5ba4Sala cavi.<\/p>\n<p>D\u3001\u7ee7\u7535\u5668\u4eea\u8868\u5ba4Sala strumenti rel\u00e8.<\/p>\n<p><img loading=\"lazy\" decoding=\"async\" class=\"alignnone wp-image-1209 size-full\" src=\"http:\/\/www.xminsulation.com\/wp-content\/uploads\/2024\/05\/\u56fe\u724769.jpg\" alt=\"\" width=\"1000\" height=\"995\" srcset=\"https:\/\/www.xminsulation.com\/wp-content\/uploads\/2024\/05\/\u56fe\u724769.jpg 1000w, https:\/\/www.xminsulation.com\/wp-content\/uploads\/2024\/05\/\u56fe\u724769-300x300.jpg 300w, https:\/\/www.xminsulation.com\/wp-content\/uploads\/2024\/05\/\u56fe\u724769-150x150.jpg 150w, https:\/\/www.xminsulation.com\/wp-content\/uploads\/2024\/05\/\u56fe\u724769-768x764.jpg 768w, https:\/\/www.xminsulation.com\/wp-content\/uploads\/2024\/05\/\u56fe\u724769-600x597.jpg 600w, https:\/\/www.xminsulation.com\/wp-content\/uploads\/2024\/05\/\u56fe\u724769-100x100.jpg 100w\" sizes=\"(max-width: 1000px) 100vw, 1000px\" \/><\/p>\n<p>1\u3001\u4e8c\u6b21\u63d2\u5934Spina secondaria.<\/p>\n<p>2\u3001\u5206\u5408\u6307\u793aIndicazione di apertura e chiusura.<\/p>\n<p>3\u3001\u50a8\u80fd\u6307\u793aIndicazione di accumulo di energia.<\/p>\n<p>4. Contatore di emergenza.<\/p>\n<p>5\u3001\u5206\u95f8\u6309\u94aePulsante di apertura.<\/p>\n<p>6\u3001\u5408\u95f8\u6309\u94aePulsante di chiusura.<\/p>\n<p>7\u3001\u624b\u52a8\u50a8\u80fdImmagazzinamento manuale dell&#039;energia.<\/p>\n<p>8\u3001\u6447\u8fdb\u673a\u6784Meccanismo di scuotimento.<\/p>\n<p>9\u3001\u8f6c\u8fd0\u8f66\u9501\u5b54Buco della serratura del veicolo di trasferimento.<\/p>\n<p>10\u3001\u8f6c\u8fd0\u8f66\u5b9a\u4f4dTrasferire il posizionamento del veicolo.<\/p>\n<p>11\u3001\u63a5\u5730\u5f00\u5173Sezionatore di terra.<\/p>\n<p>12\u3001\u7d27\u6025\u89e3\u9501Sblocco di emergenza.<\/p>\n<h2><strong><b>Disegno dimensionale dell&#039;installazione<\/b><\/strong><\/h2>\n<p><img loading=\"lazy\" decoding=\"async\" class=\"alignnone wp-image-1211 size-full\" src=\"http:\/\/www.xminsulation.com\/wp-content\/uploads\/2024\/05\/\u56fe\u724770.jpg\" alt=\"\" width=\"1000\" height=\"1634\" srcset=\"https:\/\/www.xminsulation.com\/wp-content\/uploads\/2024\/05\/\u56fe\u724770.jpg 1000w, https:\/\/www.xminsulation.com\/wp-content\/uploads\/2024\/05\/\u56fe\u724770-184x300.jpg 184w, https:\/\/www.xminsulation.com\/wp-content\/uploads\/2024\/05\/\u56fe\u724770-627x1024.jpg 627w, https:\/\/www.xminsulation.com\/wp-content\/uploads\/2024\/05\/\u56fe\u724770-768x1255.jpg 768w, https:\/\/www.xminsulation.com\/wp-content\/uploads\/2024\/05\/\u56fe\u724770-940x1536.jpg 940w, https:\/\/www.xminsulation.com\/wp-content\/uploads\/2024\/05\/\u56fe\u724770-600x980.jpg 600w\" sizes=\"(max-width: 1000px) 100vw, 1000px\" \/><\/p>\n<p>&nbsp;<\/p>\n<div class=\"wxts\">\n<h2>\u25c6Personalizzazione speciale<\/h2>\n<p>I parametri sopra indicati sono dati tipici; se gli stili esistenti non soddisfano le tue richieste specifiche, contattaci per un design personalizzato. Disponiamo di significative capacit\u00e0 di sviluppo e produzione di personalizzazioni personalizzate, che ci consentono di fornire soluzioni su misura a clienti in tutto il mondo.<\/p>\n<\/div>","protected":false},"excerpt":{"rendered":"<p>General Information KYN28-24 armored withdrawable AC metal-enclosed switchgear is suitable for indoor three-phase 50\/60HZ, rated voltage 24kV power systems. It is mainly used in power plants, substations, industrial and mining enterprises and high-rise buildings. Receive and distribute electrical energy and control, protect and monitor circuits. KYN28-24 switchgear has various functions to prevent misoperation, including preventing [&hellip;]<\/p>","protected":false},"featured_media":1205,"template":"","meta":{"site-sidebar-layout":"default","site-content-layout":"","ast-site-content-layout":"default","site-content-style":"default","site-sidebar-style":"default","ast-global-header-display":"","ast-banner-title-visibility":"","ast-main-header-display":"","ast-hfb-above-header-display":"","ast-hfb-below-header-display":"","ast-hfb-mobile-header-display":"","site-post-title":"","ast-breadcrumbs-content":"","ast-featured-img":"","footer-sml-layout":"","theme-transparent-header-meta":"default","adv-header-id-meta":"","stick-header-meta":"","header-above-stick-meta":"","header-main-stick-meta":"","header-below-stick-meta":"","astra-migrate-meta-layouts":"set","ast-page-background-enabled":"default","ast-page-background-meta":{"desktop":{"background-color":"","background-image":"","background-repeat":"repeat","background-position":"center center","background-size":"auto","background-attachment":"scroll","background-type":"","background-media":"","overlay-type":"","overlay-color":"","overlay-gradient":""},"tablet":{"background-color":"","background-image":"","background-repeat":"repeat","background-position":"center center","background-size":"auto","background-attachment":"scroll","background-type":"","background-media":"","overlay-type":"","overlay-color":"","overlay-gradient":""},"mobile":{"background-color":"","background-image":"","background-repeat":"repeat","background-position":"center center","background-size":"auto","background-attachment":"scroll","background-type":"","background-media":"","overlay-type":"","overlay-color":"","overlay-gradient":""}},"ast-content-background-meta":{"desktop":{"background-color":"var(--ast-global-color-5)","background-image":"","background-repeat":"repeat","background-position":"center center","background-size":"auto","background-attachment":"scroll","background-type":"","background-media":"","overlay-type":"","overlay-color":"","overlay-gradient":""},"tablet":{"background-color":"var(--ast-global-color-5)","background-image":"","background-repeat":"repeat","background-position":"center center","background-size":"auto","background-attachment":"scroll","background-type":"","background-media":"","overlay-type":"","overlay-color":"","overlay-gradient":""},"mobile":{"background-color":"var(--ast-global-color-5)","background-image":"","background-repeat":"repeat","background-position":"center center","background-size":"auto","background-attachment":"scroll","background-type":"","background-media":"","overlay-type":"","overlay-color":"","overlay-gradient":""}}},"product_cat":[36],"product_tag":[],"class_list":{"0":"post-1204","1":"product","2":"type-product","3":"status-publish","4":"has-post-thumbnail","6":"product_cat-metal-clad-withdrawable-switchgear","7":"desktop-align-left","8":"tablet-align-left","9":"mobile-align-left","11":"first","12":"instock","13":"shipping-taxable","14":"product-type-simple"},"_links":{"self":[{"href":"https:\/\/www.xminsulation.com\/it\/wp-json\/wp\/v2\/product\/1204","targetHints":{"allow":["GET"]}}],"collection":[{"href":"https:\/\/www.xminsulation.com\/it\/wp-json\/wp\/v2\/product"}],"about":[{"href":"https:\/\/www.xminsulation.com\/it\/wp-json\/wp\/v2\/types\/product"}],"wp:featuredmedia":[{"embeddable":true,"href":"https:\/\/www.xminsulation.com\/it\/wp-json\/wp\/v2\/media\/1205"}],"wp:attachment":[{"href":"https:\/\/www.xminsulation.com\/it\/wp-json\/wp\/v2\/media?parent=1204"}],"wp:term":[{"taxonomy":"product_cat","embeddable":true,"href":"https:\/\/www.xminsulation.com\/it\/wp-json\/wp\/v2\/product_cat?post=1204"},{"taxonomy":"product_tag","embeddable":true,"href":"https:\/\/www.xminsulation.com\/it\/wp-json\/wp\/v2\/product_tag?post=1204"}],"curies":[{"name":"wp","href":"https:\/\/api.w.org\/{rel}","templated":true}]}}