{"id":1184,"date":"2024-05-07T09:54:08","date_gmt":"2024-05-07T01:54:08","guid":{"rendered":"http:\/\/www.xminsulation.com\/?post_type=product&#038;p=1184"},"modified":"2024-05-15T16:39:01","modified_gmt":"2024-05-15T08:39:01","slug":"zw32-12kv-intelligent-outdoor-pole-mounted-vacuum-circuit-breaker-2","status":"publish","type":"product","link":"https:\/\/www.xminsulation.com\/it\/product\/zw32-12kv-intelligent-outdoor-pole-mounted-vacuum-circuit-breaker-2\/","title":{"rendered":"Interruttore automatico sottovuoto intelligente montato su palo per esterni ZW32-12kV"},"content":{"rendered":"<p><img fetchpriority=\"high\" decoding=\"async\" class=\"alignnone wp-image-1186 size-full\" src=\"http:\/\/www.xminsulation.com\/wp-content\/uploads\/2024\/05\/\u56fe\u724750-1.jpg\" alt=\"\" width=\"743\" height=\"743\" srcset=\"https:\/\/www.xminsulation.com\/wp-content\/uploads\/2024\/05\/\u56fe\u724750-1.jpg 743w, https:\/\/www.xminsulation.com\/wp-content\/uploads\/2024\/05\/\u56fe\u724750-1-300x300.jpg 300w, https:\/\/www.xminsulation.com\/wp-content\/uploads\/2024\/05\/\u56fe\u724750-1-150x150.jpg 150w, https:\/\/www.xminsulation.com\/wp-content\/uploads\/2024\/05\/\u56fe\u724750-1-600x600.jpg 600w, https:\/\/www.xminsulation.com\/wp-content\/uploads\/2024\/05\/\u56fe\u724750-1-100x100.jpg 100w\" sizes=\"(max-width: 743px) 100vw, 743px\" \/> <img decoding=\"async\" class=\"alignnone wp-image-1187 size-full\" src=\"http:\/\/www.xminsulation.com\/wp-content\/uploads\/2024\/05\/\u56fe\u724751-1.png\" alt=\"\" width=\"1000\" height=\"882\" srcset=\"https:\/\/www.xminsulation.com\/wp-content\/uploads\/2024\/05\/\u56fe\u724751-1.png 1000w, https:\/\/www.xminsulation.com\/wp-content\/uploads\/2024\/05\/\u56fe\u724751-1-300x265.png 300w, https:\/\/www.xminsulation.com\/wp-content\/uploads\/2024\/05\/\u56fe\u724751-1-768x677.png 768w, https:\/\/www.xminsulation.com\/wp-content\/uploads\/2024\/05\/\u56fe\u724751-1-600x529.png 600w\" sizes=\"(max-width: 1000px) 100vw, 1000px\" \/><\/p>\n<p>&nbsp;<\/p>\n<h2><strong><b>Descrizione del prodotto<\/b><\/strong><\/h2>\n<p>Interruttore automatico sottovuoto integrato ZW32-12kV primario e secondario per montaggio su palo, tensione nominale 12kV, trifase CA 50Hz\/60Hz, per esterni, utilizzato principalmente per l&#039;interruzione e la chiusura di correnti di carico, sovracorrenti e cortocircuiti nel sistema elettrico. \u00c8 adatto per la protezione e il controllo nei sistemi di distribuzione di energia di sottostazioni e aziende industriali e minerarie, ed \u00e8 particolarmente indicato per reti elettriche rurali e luoghi con frequenti interventi.<\/p>\n<p>Questo prodotto \u00e8 abbinato al controller per soddisfare i requisiti del sistema di automazione della distribuzione e pu\u00f2 completare in modo affidabile ed efficace la tradizionale funzione di richiusura.<\/p>\n<h2><strong><b>Struttura del prodotto<\/b><\/strong><\/h2>\n<ol>\n<li>Adottare una struttura a colonna separata trifase e installare il circuito primario trifase nel manicotto isolante di ciascuna fase. Quando si verifica un guasto monofase, non causer\u00e0 un cortocircuito trifase.<\/li>\n<li>Utilizzando una nuova camera di estinzione dell&#039;arco sotto vuoto miniaturizzata, un guscio in ceramica, contatti in rame-cromo e un metodo di estinzione dell&#039;arco a campo magnetico longitudinale, le prestazioni di interruzione sono stabili e affidabili, i contatti si usurano poco e non vi \u00e8 alcun rischio di bruciature o esplosioni.<\/li>\n<li>La camera di estinzione dell&#039;arco sotto vuoto \u00e8 installata in un manicotto isolante e per sigillare l&#039;intera camera di estinzione dell&#039;arco sotto vuoto nel manicotto isolante viene utilizzato un manicotto in gomma siliconica, il che elimina i guasti da cortocircuito causati dalla condensa ed \u00e8 esente da manutenzione per 20 anni.<\/li>\n<li>Il cilindro isolante \u00e8 realizzato in materiale di resina epossidica per esterni o in materiale di gomma siliconica. Ha una buona idrofobicit\u00e0 e capacit\u00e0 anti-inquinamento e pu\u00f2 essere utilizzato in ambienti esterni difficili.<\/li>\n<li>Il meccanismo di azionamento pu\u00f2 utilizzare un meccanismo a magnete permanente o un meccanismo a molla. Il meccanismo a magnete permanente \u00e8 di piccole dimensioni, affidabile nelle prestazioni e ha una durata meccanica di oltre 10.000 cicli.<\/li>\n<li>Adotta una struttura completamente sigillata e il meccanismo operativo \u00e8 installato nella scatola. Ha buone prestazioni di tenuta e migliora le prestazioni anti-umidit\u00e0 e anti-ruggine. Non c&#039;\u00e8 olio per trasformatori o gas esafluoruro di zolfo nella scatola, il che soddisfa i requisiti di trasformazione senza olio e protezione ambientale.<\/li>\n<li>La superficie della scatola adotta il processo avanzato di placcatura Dacromet o materiale in acciaio inossidabile, che presenta un&#039;eccellente resistenza alla corrosione.<\/li>\n<li>Installare un trasformatore di corrente di protezione esterno e un controller composito con funzione anti-inrush rispettivamente sulla fase A e sulla fase C dell&#039;interruttore automatico. Quando si verifica una corrente di spunto sulla linea, l&#039;interruttore automatico viene ritardato per un periodo di tempo per evitare la corrente di spunto e prevenire il malfunzionamento dell&#039;interruttore automatico; quando si verifica un guasto sulla linea, l&#039;interruttore automatico pu\u00f2 essere aperto rapidamente. Il rapporto del trasformatore \u00e8 configurato in base ai requisiti dell&#039;utente.<\/li>\n<li>L&#039;interruttore automatico pu\u00f2 essere dotato di un dispositivo di controllo remoto sotto il palo, che pu\u00f2 essere utilizzato per aprire e chiudere l&#039;interruttore sotto il palo.<\/li>\n<li>L&#039;interruttore automatico pu\u00f2 essere dotato di un PT esterno o di un PT elettronico per fornire potenza di funzionamento all&#039;interruttore automatico.<\/li>\n<li>L&#039;interruttore pu\u00f2 essere dotato di un controllore di richiusura e di un controllore di sezionamento per formare un riarmo automatico e un sezionatore automatico. \u00c8 un dispositivo ideale per realizzare l&#039;automazione della rete di distribuzione.<\/li>\n<\/ol>\n<p><img decoding=\"async\" class=\"alignnone wp-image-1188 size-full\" src=\"http:\/\/www.xminsulation.com\/wp-content\/uploads\/2024\/05\/\u56fe\u724752-1.png\" alt=\"\" width=\"1190\" height=\"940\" srcset=\"https:\/\/www.xminsulation.com\/wp-content\/uploads\/2024\/05\/\u56fe\u724752-1.png 1190w, https:\/\/www.xminsulation.com\/wp-content\/uploads\/2024\/05\/\u56fe\u724752-1-300x237.png 300w, https:\/\/www.xminsulation.com\/wp-content\/uploads\/2024\/05\/\u56fe\u724752-1-1024x809.png 1024w, https:\/\/www.xminsulation.com\/wp-content\/uploads\/2024\/05\/\u56fe\u724752-1-768x607.png 768w, https:\/\/www.xminsulation.com\/wp-content\/uploads\/2024\/05\/\u56fe\u724752-1-600x474.png 600w\" sizes=\"(max-width: 1190px) 100vw, 1190px\" \/><\/p>\n<h2><strong><b>Diagramma della struttura interna dell&#039;interruttore ZW32-12kV<\/b><\/strong><\/h2>\n<p>&nbsp;<\/p>\n<p>1\u6c38\u78c1\u673a\u6784Meccanismo a magnete permanente.<\/p>\n<p>2\u624b\u52a8\u5206\u95f8\u8f6c\u8f6eRuota ad apertura manuale.<\/p>\n<p>Barra piatta con attacco a 3 punti.<\/p>\n<p>Interruttore ausiliario a 4 vie.<\/p>\n<p>5\u5206\u95f8\u5f39\u7c27Apertura della primavera.<\/p>\n<p>6 anni Shell.<\/p>\n<p>7. Asta isolante.<\/p>\n<p>8\u4e0b\u7edd\u7f18\u7b52Barile isolante inferiore.<\/p>\n<p>9\u8f6f\u8fde\u63a5Connessione flessibile.<\/p>\n<p>Canna isolante superiore da 10 pezzi.<\/p>\n<p>11\u771f\u7a7a\u706d\u5f27\u5ba4Interruttore sotto vuoto.<\/p>\n<p><img loading=\"lazy\" decoding=\"async\" class=\"alignnone wp-image-1189 size-full\" src=\"http:\/\/www.xminsulation.com\/wp-content\/uploads\/2024\/05\/\u56fe\u724753-1.png\" alt=\"\" width=\"1000\" height=\"1122\" srcset=\"https:\/\/www.xminsulation.com\/wp-content\/uploads\/2024\/05\/\u56fe\u724753-1.png 1000w, https:\/\/www.xminsulation.com\/wp-content\/uploads\/2024\/05\/\u56fe\u724753-1-267x300.png 267w, https:\/\/www.xminsulation.com\/wp-content\/uploads\/2024\/05\/\u56fe\u724753-1-913x1024.png 913w, https:\/\/www.xminsulation.com\/wp-content\/uploads\/2024\/05\/\u56fe\u724753-1-768x862.png 768w, https:\/\/www.xminsulation.com\/wp-content\/uploads\/2024\/05\/\u56fe\u724753-1-600x673.png 600w\" sizes=\"(max-width: 1000px) 100vw, 1000px\" \/> <img loading=\"lazy\" decoding=\"async\" class=\"alignnone wp-image-1190 size-full\" src=\"http:\/\/www.xminsulation.com\/wp-content\/uploads\/2024\/05\/\u56fe\u724754-1.png\" alt=\"\" width=\"1000\" height=\"1013\" srcset=\"https:\/\/www.xminsulation.com\/wp-content\/uploads\/2024\/05\/\u56fe\u724754-1.png 1000w, https:\/\/www.xminsulation.com\/wp-content\/uploads\/2024\/05\/\u56fe\u724754-1-296x300.png 296w, https:\/\/www.xminsulation.com\/wp-content\/uploads\/2024\/05\/\u56fe\u724754-1-768x778.png 768w, https:\/\/www.xminsulation.com\/wp-content\/uploads\/2024\/05\/\u56fe\u724754-1-600x608.png 600w, https:\/\/www.xminsulation.com\/wp-content\/uploads\/2024\/05\/\u56fe\u724754-1-100x100.png 100w\" sizes=\"(max-width: 1000px) 100vw, 1000px\" \/> <img loading=\"lazy\" decoding=\"async\" class=\"alignnone wp-image-1191 size-full\" src=\"http:\/\/www.xminsulation.com\/wp-content\/uploads\/2024\/05\/\u56fe\u724755-1.png\" alt=\"\" width=\"1000\" height=\"541\" srcset=\"https:\/\/www.xminsulation.com\/wp-content\/uploads\/2024\/05\/\u56fe\u724755-1.png 1000w, https:\/\/www.xminsulation.com\/wp-content\/uploads\/2024\/05\/\u56fe\u724755-1-300x162.png 300w, https:\/\/www.xminsulation.com\/wp-content\/uploads\/2024\/05\/\u56fe\u724755-1-768x415.png 768w, https:\/\/www.xminsulation.com\/wp-content\/uploads\/2024\/05\/\u56fe\u724755-1-600x325.png 600w\" sizes=\"(max-width: 1000px) 100vw, 1000px\" \/><\/p>\n<h2><strong><b>Ambiente e condizioni di utilizzo<\/b><\/strong><\/h2>\n<ol>\n<li>Temperatura ambiente: -40\u00b0C~+40\u00b0C, differenza di temperatura giornaliera 25\u00b0C.<\/li>\n<li>Altitudine: non pi\u00f9 di 2000 metri.<\/li>\n<li>Pressione del vento: non superiore a 700 Pa (equivalente a una velocit\u00e0 del vento di 35 m\/s).<\/li>\n<li>Livello di inquinamento atmosferico: Livello IV.<\/li>\n<li>Intensit\u00e0 del terremoto: non superiore a 8 gradi.<\/li>\n<li>Luogo di installazione: luogo privo di rischio di infiammabilit\u00e0, esplosione, corrosione chimica o forti vibrazioni.<\/li>\n<\/ol>\n<h2><strong><b>Dimensioni complessive di installazione<\/b><\/strong><\/h2>\n<p><img loading=\"lazy\" decoding=\"async\" class=\"alignnone wp-image-1192 size-full\" src=\"http:\/\/www.xminsulation.com\/wp-content\/uploads\/2024\/05\/\u56fe\u724756-1.png\" alt=\"\" width=\"1000\" height=\"767\" srcset=\"https:\/\/www.xminsulation.com\/wp-content\/uploads\/2024\/05\/\u56fe\u724756-1.png 1000w, https:\/\/www.xminsulation.com\/wp-content\/uploads\/2024\/05\/\u56fe\u724756-1-300x230.png 300w, https:\/\/www.xminsulation.com\/wp-content\/uploads\/2024\/05\/\u56fe\u724756-1-768x589.png 768w, https:\/\/www.xminsulation.com\/wp-content\/uploads\/2024\/05\/\u56fe\u724756-1-600x460.png 600w\" sizes=\"(max-width: 1000px) 100vw, 1000px\" \/><\/p>\n<h2><strong><b>Trasporto, accettazione e stoccaggio<\/b><\/strong><\/h2>\n<ol>\n<li>Durante il trasporto, l&#039;intera unit\u00e0 deve essere imballata in una scatola di imballaggio chiusa e fissata. Non deve essere capovolta o inclinata durante il trasporto e devono essere adottate misure antiurto. Quando si trasporta l&#039;interruttore a mani nude, sollevare i parapetti su entrambi i lati dell&#039;interruttore. \u00c8 severamente vietato sollevare le guaine isolanti in entrata e in uscita. Quando si solleva l&#039;interruttore, \u00e8 necessario agganciare il dispositivo di sollevamento alla scatola.<\/li>\n<li>Accettazione. Dopo aver ricevuto il prodotto, l&#039;utente deve eseguire le seguenti attivit\u00e0:<\/li>\n<li>Controllare che l&#039;imballaggio non sia danneggiato.<\/li>\n<li>Dopo aver disimballato, controllare che le custodie di ingresso e uscita dell&#039;interruttore non siano incrinate, che la scatola non sia deformata, che le istruzioni di apertura e chiusura siano complete, che la targhetta e il certificato del prodotto siano coerenti con il modulo d&#039;ordine e che la lista di imballaggio sia coerente con il prodotto effettivo.<\/li>\n<li>Controllare che la documentazione, gli accessori e i pezzi di ricambio siano completi rispetto alla lista di imballaggio del prodotto.<\/li>\n<li>Verificare che i parametri tecnici e il certificato di prodotto sulla targhetta dell&#039;interruttore sottovuoto siano conformi ai requisiti dell&#039;ordine.<\/li>\n<li>I parametri di contatto e i parametri delle caratteristiche meccaniche dell&#039;interruttore sono stati regolati durante l&#039;ispezione in fabbrica. Gli utenti non devono disimballare e ispezionare l&#039;interruttore. Possono installarlo dopo aver eseguito un test di tensione di tenuta come richiesto. L&#039;ispezione delle caratteristiche meccaniche pu\u00f2 essere eseguita come richiesto se le condizioni lo consentono.<\/li>\n<li>Conservazione. L&#039;interruttore del circuito del vuoto e il controller devono essere conservati in un ambiente asciutto, ventilato, a prova di umidit\u00e0, antiurto e a prova di gas nocivi. Per la conservazione a lungo termine, l&#039;ambiente deve essere controllato regolarmente per verificare che soddisfi i requisiti. L&#039;imballaggio, il disimballaggio e la conservazione devono essere eseguiti in un ambiente asciutto e i prodotti e i componenti devono essere controllati per completezza e coerenza. E l&#039;altezza di sovrapposizione del corpo del controller non deve superare i 3 strati.<\/li>\n<\/ol>\n<h2><strong><b>Installazione e messa in servizio<\/b><\/strong><\/h2>\n<ol>\n<li>Ispezione e messa in servizio prima dell&#039;installazione.<\/li>\n<li>Verificare che il modello e le specifiche dell&#039;interruttore siano coerenti con il contratto d&#039;ordine.<\/li>\n<li>Controllare che i documenti e gli allegati siano completi.<\/li>\n<li>Controllare se la superficie dell&#039;interruttore \u00e8 ammaccata e se le parti isolanti sono danneggiate o incrinate.<\/li>\n<li>Controllare che la scatola non sia deformata e verificarne la tenuta.<\/li>\n<li>Se gli elementi di fissaggio sono allentati.<\/li>\n<li>C&#039;\u00e8 qualche rumore anomalo all&#039;interno della scatola?<\/li>\n<li>L&#039;interruttore automatico azionato manualmente o elettricamente viene chiuso e aperto 10 volte e l&#039;apertura e la chiusura devono essere affidabili.<\/li>\n<\/ol>\n<p>h, eseguire un test di sovracorrente e il valore di impostazione della sovracorrente dovrebbe soddisfare i requisiti.<\/p>\n<ol>\n<li>Utilizzare il metodo della tensione di tenuta alla frequenza di rete per verificare il grado di vuoto della camera di estinzione dell&#039;arco sotto vuoto. Quando l&#039;interruttore \u00e8 in posizione aperta, applicare una tensione alla frequenza di rete di 48 kV tra le fratture per 1 minuto e non dovrebbero verificarsi scariche elettriche o guasti.<\/li>\n<li>Non dovrebbero verificarsi scariche elettriche o guasti quando una tensione a frequenza di rete di 42 kV viene applicata tra le fasi e alla terra dell&#039;interruttore automatico per 1 minuto.<\/li>\n<li>Se il prodotto risulta danneggiato o si verificano altri problemi, si consiglia di scattare foto del danno in loco e di avvisare tempestivamente il fornitore.<\/li>\n<li>Installazione.<\/li>\n<li>Prestare attenzione alla sicurezza durante il sollevamento. \u00c8 necessario agganciare i quattro anelli di sollevamento sulla scatola e sollevarla orizzontalmente.<\/li>\n<li>Fissare l&#039;interruttore automatico sulla staffa di montaggio con bulloni. La superficie di montaggio deve essere piana. Se i quattro punti di montaggio non sono sullo stesso piano, \u00e8 necessario aggiungere delle rondelle per evitare che la struttura complessiva dell&#039;interruttore automatico si deformi a causa dello stress.<\/li>\n<li>Quando l&#039;interruttore \u00e8 collegato alla barra collettrice, l&#039;estremit\u00e0 di uscita dell&#039;interruttore non pu\u00f2 essere sottoposta a tensione, pressione o coppia permanenti.<\/li>\n<li>Dopo l&#039;installazione, l&#039;interruttore automatico deve essere ispezionato e pulito.<\/li>\n<\/ol>\n<p><img loading=\"lazy\" decoding=\"async\" class=\"alignnone wp-image-1193 size-full\" src=\"http:\/\/www.xminsulation.com\/wp-content\/uploads\/2024\/05\/\u56fe\u724757-1.png\" alt=\"\" width=\"1167\" height=\"740\" srcset=\"https:\/\/www.xminsulation.com\/wp-content\/uploads\/2024\/05\/\u56fe\u724757-1.png 1167w, https:\/\/www.xminsulation.com\/wp-content\/uploads\/2024\/05\/\u56fe\u724757-1-300x190.png 300w, https:\/\/www.xminsulation.com\/wp-content\/uploads\/2024\/05\/\u56fe\u724757-1-1024x649.png 1024w, https:\/\/www.xminsulation.com\/wp-content\/uploads\/2024\/05\/\u56fe\u724757-1-768x487.png 768w, https:\/\/www.xminsulation.com\/wp-content\/uploads\/2024\/05\/\u56fe\u724757-1-600x380.png 600w\" sizes=\"(max-width: 1167px) 100vw, 1167px\" \/><\/p>\n<h2><strong><b>Manutenzione<\/b><\/strong><\/h2>\n<ol>\n<li>L&#039;interruttore automatico deve essere ispezionato ogni cinque anni per pulire la superficie delle parti isolanti, controllare l&#039;usura delle parti mobili del meccanismo e iniettare grasso nelle parti della trasmissione.<\/li>\n<li>Controllare se gli elementi di fissaggio sono allentati e se gli anelli di serraggio e gli anelli elastici sono deformati o caduti. In tal caso, devono essere ripristinati in tempo allo stato normale.<\/li>\n<li>Quando l&#039;interruttore automatico viene lasciato per lungo tempo o raramente azionato, la parte mobile potrebbe bloccarsi. Se \u00e8 dotato di un meccanismo di azionamento a molla, l&#039;interruttore automatico deve essere conservato e chiuso e aperto almeno 5 volte all&#039;anno. Se il controller del meccanismo a magnete permanente configurato perde potenza, \u00e8 necessario utilizzare un alimentatore esterno per caricare il condensatore interno del controller, quindi eseguire almeno 5 operazioni di chiusura e apertura.<\/li>\n<li>Eseguire un test di tenuta alla tensione a frequenza di rete per determinare se la camera di estinzione dell&#039;arco elettrico sotto vuoto presenta perdite croniche o se la resistenza dell&#039;isolamento di altre parti isolanti \u00e8 ridotta.<\/li>\n<li>Nei luoghi con operazioni frequenti, occorre prestare attenzione all&#039;usura dei contatti e non utilizzare l&#039;apparecchio oltre il numero consentito di interruzioni per cortocircuito e la durata meccanica della camera di estinzione dell&#039;arco sotto vuoto.<\/li>\n<li>Cose da notare:<\/li>\n<li>Durante la manutenzione, l&#039;interruttore automatico dovrebbe essere in stato di non accumulo di energia e aperto, e tutte le alimentazioni elettriche dovrebbero essere scollegate. A causa dell&#039;accumulo di energia e della chiusura<\/li>\n<\/ol>\n<p>Le molle di stato accumulano tutte energia. Se non si presta attenzione durante la manutenzione, il movimento del meccanismo pu\u00f2 causare lesioni alle mani umane.<\/p>\n<ol>\n<li>La manutenzione deve essere eseguita da professionisti.<\/li>\n<li>Dopo la manutenzione, in particolare dopo la sostituzione di parti o la regolazione, \u00e8 necessario testare le caratteristiche meccaniche dell&#039;interruttore per assicurarsi che soddisfi le condizioni tecniche.<\/li>\n<\/ol>\n<div class=\"wxts\">\n<h2>\u25c6Personalizzazione speciale<\/h2>\n<p>I parametri sopra indicati sono dati tipici; se gli stili esistenti non soddisfano le tue richieste specifiche, contattaci per un design personalizzato. Disponiamo di significative capacit\u00e0 di sviluppo e produzione di personalizzazioni personalizzate, che ci consentono di fornire soluzioni su misura a clienti in tutto il mondo.<\/p>\n<\/div>","protected":false},"excerpt":{"rendered":"<p>&nbsp; Product Description ZW32-12kV primary and secondary integrated outdoor pole-mounted vacuum circuit breaker, rated voltage 12kV, three-phase AC 50Hz\/60Hz outdoor primary switching equipment, mainly used for breaking and closing load current, overload current and short-circuit current in the power system . It is suitable for protection and control in power distribution systems of substations and [&hellip;]<\/p>","protected":false},"featured_media":1185,"template":"","meta":{"site-sidebar-layout":"default","site-content-layout":"","ast-site-content-layout":"default","site-content-style":"default","site-sidebar-style":"default","ast-global-header-display":"","ast-banner-title-visibility":"","ast-main-header-display":"","ast-hfb-above-header-display":"","ast-hfb-below-header-display":"","ast-hfb-mobile-header-display":"","site-post-title":"","ast-breadcrumbs-content":"","ast-featured-img":"","footer-sml-layout":"","theme-transparent-header-meta":"default","adv-header-id-meta":"","stick-header-meta":"","header-above-stick-meta":"","header-main-stick-meta":"","header-below-stick-meta":"","astra-migrate-meta-layouts":"set","ast-page-background-enabled":"default","ast-page-background-meta":{"desktop":{"background-color":"","background-image":"","background-repeat":"repeat","background-position":"center center","background-size":"auto","background-attachment":"scroll","background-type":"","background-media":"","overlay-type":"","overlay-color":"","overlay-gradient":""},"tablet":{"background-color":"","background-image":"","background-repeat":"repeat","background-position":"center center","background-size":"auto","background-attachment":"scroll","background-type":"","background-media":"","overlay-type":"","overlay-color":"","overlay-gradient":""},"mobile":{"background-color":"","background-image":"","background-repeat":"repeat","background-position":"center center","background-size":"auto","background-attachment":"scroll","background-type":"","background-media":"","overlay-type":"","overlay-color":"","overlay-gradient":""}},"ast-content-background-meta":{"desktop":{"background-color":"var(--ast-global-color-5)","background-image":"","background-repeat":"repeat","background-position":"center center","background-size":"auto","background-attachment":"scroll","background-type":"","background-media":"","overlay-type":"","overlay-color":"","overlay-gradient":""},"tablet":{"background-color":"var(--ast-global-color-5)","background-image":"","background-repeat":"repeat","background-position":"center center","background-size":"auto","background-attachment":"scroll","background-type":"","background-media":"","overlay-type":"","overlay-color":"","overlay-gradient":""},"mobile":{"background-color":"var(--ast-global-color-5)","background-image":"","background-repeat":"repeat","background-position":"center center","background-size":"auto","background-attachment":"scroll","background-type":"","background-media":"","overlay-type":"","overlay-color":"","overlay-gradient":""}}},"product_cat":[24],"product_tag":[],"class_list":{"0":"post-1184","1":"product","2":"type-product","3":"status-publish","4":"has-post-thumbnail","6":"product_cat-10-40-5kv-outdoor-pole-mounted-vacuum-auto-recloser","7":"desktop-align-left","8":"tablet-align-left","9":"mobile-align-left","11":"first","12":"instock","13":"shipping-taxable","14":"product-type-simple"},"_links":{"self":[{"href":"https:\/\/www.xminsulation.com\/it\/wp-json\/wp\/v2\/product\/1184","targetHints":{"allow":["GET"]}}],"collection":[{"href":"https:\/\/www.xminsulation.com\/it\/wp-json\/wp\/v2\/product"}],"about":[{"href":"https:\/\/www.xminsulation.com\/it\/wp-json\/wp\/v2\/types\/product"}],"wp:featuredmedia":[{"embeddable":true,"href":"https:\/\/www.xminsulation.com\/it\/wp-json\/wp\/v2\/media\/1185"}],"wp:attachment":[{"href":"https:\/\/www.xminsulation.com\/it\/wp-json\/wp\/v2\/media?parent=1184"}],"wp:term":[{"taxonomy":"product_cat","embeddable":true,"href":"https:\/\/www.xminsulation.com\/it\/wp-json\/wp\/v2\/product_cat?post=1184"},{"taxonomy":"product_tag","embeddable":true,"href":"https:\/\/www.xminsulation.com\/it\/wp-json\/wp\/v2\/product_tag?post=1184"}],"curies":[{"name":"wp","href":"https:\/\/api.w.org\/{rel}","templated":true}]}}