{"id":1000,"date":"2024-05-06T10:00:12","date_gmt":"2024-05-06T02:00:12","guid":{"rendered":"http:\/\/www.xminsulation.com\/?post_type=product&#038;p=1000"},"modified":"2024-05-23T21:39:51","modified_gmt":"2024-05-23T13:39:51","slug":"40-5kv-630a-sf6-gis-circuit-breaker-upper-isolation","status":"publish","type":"product","link":"https:\/\/www.xminsulation.com\/it\/product\/40-5kv-630a-sf6-gis-circuit-breaker-upper-isolation\/","title":{"rendered":"Interruttore automatico SF6 GIS da 40,5 kV-630 A (isolamento superiore)"},"content":{"rendered":"<p><img fetchpriority=\"high\" decoding=\"async\" class=\"alignnone wp-image-1001 size-full\" src=\"http:\/\/www.xminsulation.com\/wp-content\/uploads\/2024\/05\/\u56fe\u72472.jpg\" alt=\"\" width=\"877\" height=\"877\" srcset=\"https:\/\/www.xminsulation.com\/wp-content\/uploads\/2024\/05\/\u56fe\u72472.jpg 877w, https:\/\/www.xminsulation.com\/wp-content\/uploads\/2024\/05\/\u56fe\u72472-300x300.jpg 300w, https:\/\/www.xminsulation.com\/wp-content\/uploads\/2024\/05\/\u56fe\u72472-150x150.jpg 150w, https:\/\/www.xminsulation.com\/wp-content\/uploads\/2024\/05\/\u56fe\u72472-768x768.jpg 768w, https:\/\/www.xminsulation.com\/wp-content\/uploads\/2024\/05\/\u56fe\u72472-600x600.jpg 600w, https:\/\/www.xminsulation.com\/wp-content\/uploads\/2024\/05\/\u56fe\u72472-100x100.jpg 100w\" sizes=\"(max-width: 877px) 100vw, 877px\" \/><\/p>\n<h2>Informazioni generali<\/h2>\n<p>Interruttore ad alta tensione GIS completamente isolato e sigillato SF6 40,5 kV-630 A, adatto per il controllo e la protezione di sistemi di trasmissione e distribuzione da 35 kV a 40,5 kV, utilizzato per suddividere la corrente di carico e la corrente di cortocircuito. Il design modulare \u00e8 caratterizzato da una struttura compatta, buone prestazioni di interruzione, elevata affidabilit\u00e0, lunga durata, isolamento completo, esente da manutenzione, ingombro ridotto e pu\u00f2 essere ampiamente utilizzato in reti ad anello industriali, civili e reti di alimentazione terminali. Particolarmente adatto per piccole centrali elettriche di distribuzione secondaria, stazioni di apertura e chiusura, imprese industriali e minerarie, aeroporti, ferrovie, autostrade, metropolitane, quartieri commerciali, quartieri residenziali, energia eolica, optoelettronica e altri settori.<\/p>\n<h2>Condizioni ambientali di utilizzo<\/h2>\n<p>Luogo di installazione: all&#039;interno del serbatoio del gas.<br \/>\nTemperatura ambiente (\u2103): -45~+40.<br \/>\nAltitudine (m): \u22642000.<br \/>\nUmidit\u00e0 dell&#039;aria (%): la media giornaliera non \u00e8 superiore a 95% e quella mensile non \u00e8 superiore a 90%.<br \/>\nIntensit\u00e0 sismica: \u22648 gradi<\/p>\n<p><img decoding=\"async\" class=\"alignnone wp-image-1002 size-full\" src=\"http:\/\/www.xminsulation.com\/wp-content\/uploads\/2024\/05\/\u56fe\u72473.png\" alt=\"\" width=\"1280\" height=\"1336\" srcset=\"https:\/\/www.xminsulation.com\/wp-content\/uploads\/2024\/05\/\u56fe\u72473.png 1280w, https:\/\/www.xminsulation.com\/wp-content\/uploads\/2024\/05\/\u56fe\u72473-287x300.png 287w, https:\/\/www.xminsulation.com\/wp-content\/uploads\/2024\/05\/\u56fe\u72473-981x1024.png 981w, https:\/\/www.xminsulation.com\/wp-content\/uploads\/2024\/05\/\u56fe\u72473-768x802.png 768w, https:\/\/www.xminsulation.com\/wp-content\/uploads\/2024\/05\/\u56fe\u72473-600x626.png 600w\" sizes=\"(max-width: 1280px) 100vw, 1280px\" \/><\/p>\n<h2>Dimensioni della struttura e dell&#039;installazione<\/h2>\n<p><img decoding=\"async\" class=\"alignnone wp-image-1003 size-full\" src=\"http:\/\/www.xminsulation.com\/wp-content\/uploads\/2024\/05\/\u56fe\u72474.png\" alt=\"\" width=\"1117\" height=\"622\" srcset=\"https:\/\/www.xminsulation.com\/wp-content\/uploads\/2024\/05\/\u56fe\u72474.png 1117w, https:\/\/www.xminsulation.com\/wp-content\/uploads\/2024\/05\/\u56fe\u72474-300x167.png 300w, https:\/\/www.xminsulation.com\/wp-content\/uploads\/2024\/05\/\u56fe\u72474-1024x570.png 1024w, https:\/\/www.xminsulation.com\/wp-content\/uploads\/2024\/05\/\u56fe\u72474-768x428.png 768w, https:\/\/www.xminsulation.com\/wp-content\/uploads\/2024\/05\/\u56fe\u72474-600x334.png 600w\" sizes=\"(max-width: 1117px) 100vw, 1117px\" \/><\/p>\n<div class=\"wxts\">\n<h2>\u25c6Personalizzazione speciale<\/h2>\n<p>I parametri sopra indicati sono dati tipici; se gli stili esistenti non soddisfano le tue richieste specifiche, contattaci per un design personalizzato. Disponiamo di significative capacit\u00e0 di sviluppo e produzione di personalizzazioni personalizzate, che ci consentono di fornire soluzioni su misura a clienti in tutto il mondo.<\/p>\n<\/div>","protected":false},"excerpt":{"rendered":"<p>General Information SF6 40.5kV-630A Fully insulated and fully sealed GIS high-voltage switch, suitable for 35kV-40.5kV transmission and distribution system control and protection, used to split the load current, short circuit current. The modular design is characterized by compact structure, good breaking performance, high reliability, long life, full insulation, maintenance-free, small footprint, and can be widely [&hellip;]<\/p>","protected":false},"featured_media":1004,"template":"","meta":{"site-sidebar-layout":"default","site-content-layout":"","ast-site-content-layout":"default","site-content-style":"default","site-sidebar-style":"default","ast-global-header-display":"","ast-banner-title-visibility":"","ast-main-header-display":"","ast-hfb-above-header-display":"","ast-hfb-below-header-display":"","ast-hfb-mobile-header-display":"","site-post-title":"","ast-breadcrumbs-content":"","ast-featured-img":"","footer-sml-layout":"","theme-transparent-header-meta":"default","adv-header-id-meta":"","stick-header-meta":"","header-above-stick-meta":"","header-main-stick-meta":"","header-below-stick-meta":"","astra-migrate-meta-layouts":"set","ast-page-background-enabled":"default","ast-page-background-meta":{"desktop":{"background-color":"","background-image":"","background-repeat":"repeat","background-position":"center center","background-size":"auto","background-attachment":"scroll","background-type":"","background-media":"","overlay-type":"","overlay-color":"","overlay-gradient":""},"tablet":{"background-color":"","background-image":"","background-repeat":"repeat","background-position":"center center","background-size":"auto","background-attachment":"scroll","background-type":"","background-media":"","overlay-type":"","overlay-color":"","overlay-gradient":""},"mobile":{"background-color":"","background-image":"","background-repeat":"repeat","background-position":"center center","background-size":"auto","background-attachment":"scroll","background-type":"","background-media":"","overlay-type":"","overlay-color":"","overlay-gradient":""}},"ast-content-background-meta":{"desktop":{"background-color":"var(--ast-global-color-5)","background-image":"","background-repeat":"repeat","background-position":"center center","background-size":"auto","background-attachment":"scroll","background-type":"","background-media":"","overlay-type":"","overlay-color":"","overlay-gradient":""},"tablet":{"background-color":"var(--ast-global-color-5)","background-image":"","background-repeat":"repeat","background-position":"center center","background-size":"auto","background-attachment":"scroll","background-type":"","background-media":"","overlay-type":"","overlay-color":"","overlay-gradient":""},"mobile":{"background-color":"var(--ast-global-color-5)","background-image":"","background-repeat":"repeat","background-position":"center center","background-size":"auto","background-attachment":"scroll","background-type":"","background-media":"","overlay-type":"","overlay-color":"","overlay-gradient":""}}},"product_cat":[31],"product_tag":[],"class_list":{"0":"post-1000","1":"product","2":"type-product","3":"status-publish","4":"has-post-thumbnail","6":"product_cat-10-40-5kv-indoor-sf6-circuit-breaker-switch","7":"desktop-align-left","8":"tablet-align-left","9":"mobile-align-left","11":"first","12":"instock","13":"shipping-taxable","14":"product-type-simple"},"_links":{"self":[{"href":"https:\/\/www.xminsulation.com\/it\/wp-json\/wp\/v2\/product\/1000","targetHints":{"allow":["GET"]}}],"collection":[{"href":"https:\/\/www.xminsulation.com\/it\/wp-json\/wp\/v2\/product"}],"about":[{"href":"https:\/\/www.xminsulation.com\/it\/wp-json\/wp\/v2\/types\/product"}],"wp:featuredmedia":[{"embeddable":true,"href":"https:\/\/www.xminsulation.com\/it\/wp-json\/wp\/v2\/media\/1004"}],"wp:attachment":[{"href":"https:\/\/www.xminsulation.com\/it\/wp-json\/wp\/v2\/media?parent=1000"}],"wp:term":[{"taxonomy":"product_cat","embeddable":true,"href":"https:\/\/www.xminsulation.com\/it\/wp-json\/wp\/v2\/product_cat?post=1000"},{"taxonomy":"product_tag","embeddable":true,"href":"https:\/\/www.xminsulation.com\/it\/wp-json\/wp\/v2\/product_tag?post=1000"}],"curies":[{"name":"wp","href":"https:\/\/api.w.org\/{rel}","templated":true}]}}