{"id":436,"date":"2018-06-07T05:37:02","date_gmt":"2018-06-07T05:37:02","guid":{"rendered":"http:\/\/www.xminsulation.com\/about\/"},"modified":"2025-07-19T10:58:57","modified_gmt":"2025-07-19T02:58:57","slug":"about","status":"publish","type":"page","link":"https:\/\/www.xminsulation.com\/it\/about\/","title":{"rendered":"About"},"content":{"rendered":"<div data-elementor-type=\"wp-post\" data-elementor-id=\"436\" class=\"elementor elementor-436\">\r\n\t\t\t\t<div class=\"elementor-element elementor-element-c27523c e-flex e-con-boxed e-con e-parent\" data-id=\"c27523c\" data-element_type=\"container\" data-settings=\"{&quot;background_background&quot;:&quot;classic&quot;}\">\r\n\t\t\t\t\t<div class=\"e-con-inner\">\r\n\t\t<div class=\"elementor-element elementor-element-76accec e-con-full e-flex e-con e-child\" data-id=\"76accec\" data-element_type=\"container\">\r\n\t\t\t\t<div class=\"elementor-element elementor-element-8a00b87 elementor-widget elementor-widget-heading\" data-id=\"8a00b87\" data-element_type=\"widget\" data-widget_type=\"heading.default\">\r\n\t\t\t\t<div class=\"elementor-widget-container\">\r\n\t\t\t<style>\/*! elementor - v3.21.0 - 25-04-2024 *\/\n.elementor-heading-title{padding:0;margin:0;line-height:1}.elementor-widget-heading .elementor-heading-title[class*=elementor-size-]>a{color:inherit;font-size:inherit;line-height:inherit}.elementor-widget-heading .elementor-heading-title.elementor-size-small{font-size:15px}.elementor-widget-heading .elementor-heading-title.elementor-size-medium{font-size:19px}.elementor-widget-heading .elementor-heading-title.elementor-size-large{font-size:29px}.elementor-widget-heading .elementor-heading-title.elementor-size-xl{font-size:39px}.elementor-widget-heading .elementor-heading-title.elementor-size-xxl{font-size:59px}<\/style><h1 class=\"elementor-heading-title elementor-size-default\">PROFILO AZIENDALE<\/h1>\t\t<\/div>\r\n\t\t\t\t<\/div>\r\n\t\t\t\t<\/div>\r\n\t\t\t\t\t<\/div>\r\n\t\t\t\t<\/div>\r\n\t\t<div class=\"elementor-element elementor-element-50d530a e-flex e-con-boxed e-con e-parent\" data-id=\"50d530a\" data-element_type=\"container\">\r\n\t\t\t\t\t<div class=\"e-con-inner\">\r\n\t\t\t\t<div class=\"elementor-element elementor-element-e64260f elementor-widget elementor-widget-text-editor\" data-id=\"e64260f\" data-element_type=\"widget\" data-widget_type=\"text-editor.default\">\r\n\t\t\t\t<div class=\"elementor-widget-container\">\r\n\t\t\t<style>\/*! elementor - v3.21.0 - 25-04-2024 *\/\n.elementor-widget-text-editor.elementor-drop-cap-view-stacked .elementor-drop-cap{background-color:#69727d;color:#fff}.elementor-widget-text-editor.elementor-drop-cap-view-framed .elementor-drop-cap{color:#69727d;border:3px solid;background-color:transparent}.elementor-widget-text-editor:not(.elementor-drop-cap-view-default) .elementor-drop-cap{margin-top:8px}.elementor-widget-text-editor:not(.elementor-drop-cap-view-default) .elementor-drop-cap-letter{width:1em;height:1em}.elementor-widget-text-editor .elementor-drop-cap{float:left;text-align:center;line-height:1;font-size:50px}.elementor-widget-text-editor .elementor-drop-cap-letter{display:inline-block}<\/style>\t\t\t\t<div><p><span style=\"background-color: var(--ast-global-color-5); color: var(--ast-global-color-3); font-size: 16.8px; font-style: inherit; font-weight: inherit; text-align: var(--text-align);\">\u00a0<\/span><\/p><p><span style=\"font-style: inherit; font-weight: inherit; text-align: var(--text-align); background-color: initial; font-family: Arial; color: #000000; font-size: 14pt;\">Xiamen Ins<\/span><span style=\"font-style: inherit; font-weight: inherit; text-align: var(--text-align); background-color: initial; font-family: Arial; color: #000000; font-size: 14pt;\">ulazione <\/span><span style=\"font-style: inherit; font-weight: inherit; text-align: var(--text-align); background-color: initial; font-family: Arial; color: #000000; font-size: 14pt;\">Electrical Technology Co., Ltd. \u00e8 stata fondata nel 2013. Inizialmente si \u00e8 specializzata nella produzione e vendita di parti isolanti di media tensione. Ora si \u00e8 espansa alla ricerca e sviluppo, alla produzione e alla vendita di interni ed esterni<\/span><span style=\"font-style: inherit; font-weight: inherit; text-align: var(--text-align); background-color: initial; font-family: Arial; color: #000000; font-size: 14pt;\">\u00a0<\/span><span style=\"font-style: inherit; font-weight: inherit; text-align: var(--text-align); background-color: initial; font-family: Arial; color: #000000; font-size: 14pt;\">prodotti di distribuzione di media tensione come carico <\/span><span style=\"font-style: inherit; font-weight: inherit; text-align: var(--text-align); background-color: initial; font-family: Arial; color: #000000; font-size: 14pt;\">rottura <\/span><span style=\"font-style: inherit; font-weight: inherit; text-align: var(--text-align); background-color: initial; font-family: Arial; color: #000000; font-size: 14pt;\">interruttori, <\/span><span style=\"font-style: inherit; font-weight: inherit; text-align: var(--text-align); background-color: initial; font-family: Arial; color: #000000; font-size: 14pt;\">vuoto <\/span><span style=\"font-style: inherit; font-weight: inherit; text-align: var(--text-align); background-color: initial; font-family: Arial; color: #000000; font-size: 14pt;\">interruttori,<\/span><span style=\"font-style: inherit; font-weight: inherit; text-align: var(--text-align); background-color: initial; font-family: \u5b8b\u4f53; color: #000000; font-size: 14pt;\">\u00a0<span style=\"font-family: Arial;\">sezionatore, gruppi principali ad anello, sottostazioni prefabbricate, <\/span><\/span><span style=\"font-style: inherit; font-weight: inherit; text-align: var(--text-align); background-color: initial; font-family: Arial; color: #000000; font-size: 14pt;\">richiusori esterni, carico esterno <\/span><span style=\"font-style: inherit; font-weight: inherit; text-align: var(--text-align); background-color: initial; font-family: \u5b8b\u4f53; color: #000000; font-size: 14pt;\"><span style=\"font-family: Arial;\">rottura <\/span><\/span><span style=\"font-style: inherit; font-weight: inherit; text-align: var(--text-align); background-color: initial; font-family: Arial; color: #000000; font-size: 14pt;\">interruttori e intelligenti <\/span><span style=\"font-style: inherit; font-weight: inherit; text-align: var(--text-align); background-color: initial; font-family: Arial; color: #000000; font-size: 14pt;\">taglio <\/span><span style=\"font-style: inherit; font-weight: inherit; text-align: var(--text-align); background-color: initial; font-family: Arial; color: #000000; font-size: 14pt;\">fuori i fusibili<\/span><span style=\"font-style: inherit; font-weight: inherit; text-align: var(--text-align); background-color: initial; font-family: \u5b8b\u4f53; color: #000000; font-size: 14pt;\">\u00a0<span style=\"font-family: Arial;\">eccetera. <\/span><\/span><span style=\"font-style: inherit; font-weight: inherit; text-align: var(--text-align); background-color: initial; font-family: Arial; color: #000000; font-size: 14pt;\">I prodotti sono venduti in cinque continenti in tutto il mondo.<\/span><\/p><p><span style=\"font-style: inherit; font-weight: inherit; text-align: var(--text-align); background-color: initial; font-family: Arial; color: #000000; font-size: 14pt;\">Disponiamo di un team di ricerca e sviluppo senior e molti esperti tecnici vantano oltre 20 anni di esperienza nel settore. Il nostro ingegnere capo \u00e8 esperto in prodotti a media e bassa tensione, per interni ed esterni, in particolare nella progettazione, sviluppo e produzione di interruttori e componenti, meccanismi operativi, <\/span><span style=\"font-style: inherit; font-weight: inherit; text-align: var(--text-align); background-color: initial; font-family: \u5b8b\u4f53; color: #000000; font-size: 14pt;\"><span style=\"font-family: Arial;\">progettazione dello strumento<\/span><\/span><span style=\"font-style: inherit; font-weight: inherit; text-align: var(--text-align); background-color: initial; font-family: Arial; color: #000000; font-size: 14pt;\">, macchinari, set completi di attrezzature, ecc.,<\/span><span style=\"font-style: inherit; font-weight: inherit; text-align: var(--text-align); background-color: initial; font-family: \u5b8b\u4f53; color: #000000; font-size: 14pt;\">\u00a0<\/span><span style=\"font-style: inherit; font-weight: inherit; text-align: var(--text-align); background-color: initial; font-family: Arial; color: #000000; font-size: 14pt;\">e ha portato molti prodotti popolari nello sviluppo del settore della media tensione.<\/span><\/p><p><span style=\"mso-spacerun: 'yes'; font-family: Arial; mso-fareast-font-family: \u5b8b\u4f53; color: #000000; font-size: 14.0000pt; mso-font-kerning: 0.5000pt;\">\u00a0<\/span><span style=\"color: #000000; font-family: Arial; font-size: 14pt; font-style: inherit; font-weight: inherit; text-align: var(--text-align); background-color: initial;\">Abbiamo sempre aderito all&#039;innovazione indipendente, creando vari componenti principali e soluzioni globali per clienti in tutto il mondo, intraprendendo un percorso di innovazione con le nostre caratteristiche e diventando esperti nel campo dello sviluppo personalizzato della distribuzione di energia a media tensione con iniziale influenza in patria e all\u2019estero.<\/span><\/p><p><span style=\"mso-spacerun: 'yes'; font-family: Arial; mso-fareast-font-family: \u5b8b\u4f53; color: #000000; font-size: 14.0000pt; mso-font-kerning: 0.5000pt;\">Ci \u00e8 stato assegnato il titolo di &quot;Impresa nazionale ad alta tecnologia&quot; nell&#039;ottobre 2020, il numero del certificato \u00e8 GR201735100369, ci \u00e8 stato assegnato il titolo di &quot;<\/span><span style=\"font-family: Arial; letter-spacing: 0pt; font-size: 14pt; background-image: initial; background-position: initial; background-size: initial; background-repeat: initial; background-attachment: initial; background-origin: initial; background-clip: initial;\">La piccola impresa gigante tecnologica della provincia del Fujian<\/span><span style=\"mso-spacerun: 'yes'; font-family: Arial; mso-fareast-font-family: \u5b8b\u4f53; color: #000000; font-size: 14.0000pt; mso-font-kerning: 0.5000pt;\">&quot;nel luglio 2020, il numero del certificato \u00e8 20200220 e gli \u00e8 stato assegnato il titolo <\/span><span style=\"mso-spacerun: 'yes'; font-family: Arial; mso-fareast-font-family: \u5b8b\u4f53; color: #000000; font-size: 14.0000pt; mso-font-kerning: 0.5000pt;\">di &quot;Xiamen SRDI Enterprises&quot; <\/span><span style=\"mso-spacerun: 'yes'; font-family: Arial; mso-fareast-font-family: \u5b8b\u4f53; color: #000000; font-size: 14.0000pt; mso-font-kerning: 0.5000pt;\">nel giugno 2018.<\/span><span style=\"mso-spacerun: 'yes'; font-family: \u5b8b\u4f53; mso-ascii-font-family: Arial; mso-hansi-font-family: Arial; mso-bidi-font-family: Arial; color: #000000; font-size: 14.0000pt; mso-font-kerning: 0.5000pt;\">\u00a0<span style=\"font-family: Arial;\">Possediamo numerosi brevetti e abbiamo stabilito basi congiunte di ricerca e innovazione con universit\u00e0 come l&#039;Universit\u00e0 di Tecnologia di Xiamen.<\/span><\/span><\/p><p><span style=\"mso-spacerun: 'yes'; font-family: Arial; mso-fareast-font-family: \u5b8b\u4f53; color: #000000; font-size: 14.0000pt; mso-font-kerning: 0.5000pt;\">Il nostro stabilimento dispone di una superficie edificabile di 15.000 mq ed \u00e8 completamente attrezzato con macchinari di produzione all&#039;avanguardia. <\/span><span style=\"mso-spacerun: 'yes'; font-family: Arial; mso-fareast-font-family: \u5b8b\u4f53; color: #000000; font-size: 14.0000pt; mso-font-kerning: 0.0000pt;\">Siamo perfettamente in grado di creare interruttori di media tensione, meccanismi di comando, componenti principali e interi set di apparecchiature oltre ai materiali isolanti APG e alle parti in silicone.<\/span><\/p><p><span style=\"mso-spacerun: 'yes'; font-family: \u5b8b\u4f53; mso-ascii-font-family: Arial; mso-hansi-font-family: Arial; mso-bidi-font-family: Arial; color: #000000; font-size: 14.0000pt; mso-font-kerning: 0.5000pt;\"><span style=\"font-family: Arial;\">A parte<\/span><\/span><span style=\"mso-spacerun: 'yes'; font-family: Arial; mso-fareast-font-family: \u5b8b\u4f53; color: #000000; font-size: 14.0000pt; mso-font-kerning: 0.5000pt;\">\u00a0<\/span><span style=\"mso-spacerun: 'yes'; font-family: Arial; mso-fareast-font-family: \u5b8b\u4f53; color: #000000; font-size: 14.0000pt; mso-font-kerning: 0.5000pt;\">Capacit\u00e0 di ricerca e sviluppo e produzione, disponiamo anche di team esperti di ispezione qualit\u00e0, vendita e assistenza post-vendita per garantire che i clienti <\/span><span style=\"mso-spacerun: 'yes'; font-family: \u5b8b\u4f53; mso-ascii-font-family: Arial; mso-hansi-font-family: Arial; mso-bidi-font-family: Arial; color: #000000; font-size: 14.0000pt; mso-font-kerning: 0.5000pt;\"><span style=\"font-family: Arial;\">ottenere<\/span><\/span><span style=\"mso-spacerun: 'yes'; font-family: Arial; mso-fareast-font-family: \u5b8b\u4f53; color: #000000; font-size: 14.0000pt; mso-font-kerning: 0.5000pt;\">\u00a0prodotti e servizi di alta qualit\u00e0.<\/span><\/p><p><span style=\"mso-spacerun: 'yes'; font-family: Arial; mso-fareast-font-family: \u5b8b\u4f53; color: #000000; font-size: 14.0000pt; mso-font-kerning: 0.5000pt;\">Disponiamo di una gamma di apparecchiature di prova professionali, compresi i fulmini <\/span><span style=\"mso-spacerun: 'yes'; font-family: \u5b8b\u4f53; mso-ascii-font-family: Arial; mso-hansi-font-family: Arial; mso-bidi-font-family: Arial; color: #000000; font-size: 14.0000pt; mso-font-kerning: 0.5000pt;\"><span style=\"font-family: Arial;\">impulso <\/span><\/span><span style=\"mso-spacerun: 'yes'; font-family: Arial; mso-fareast-font-family: \u5b8b\u4f53; color: #000000; font-size: 14.0000pt; mso-font-kerning: 0.5000pt;\">dispositivi contro le sovratensioni,<\/span><span style=\"mso-spacerun: 'yes'; font-family: \u5b8b\u4f53; mso-ascii-font-family: Arial; mso-hansi-font-family: Arial; mso-bidi-font-family: Arial; color: #000000; font-size: 14.0000pt; mso-font-kerning: 0.5000pt;\">\u00a0<\/span><span style=\"mso-spacerun: 'yes'; font-family: Arial; mso-fareast-font-family: \u5b8b\u4f53; color: #000000; font-size: 14.0000pt; mso-font-kerning: 0.5000pt;\">rilevatori di difetti a raggi X,<\/span><span style=\"mso-spacerun: 'yes'; font-family: \u5b8b\u4f53; mso-ascii-font-family: Arial; mso-hansi-font-family: Arial; mso-bidi-font-family: Arial; color: #000000; font-size: 14.0000pt; mso-font-kerning: 0.5000pt;\">\u00a0<\/span><span style=\"mso-spacerun: 'yes'; font-family: Arial; mso-fareast-font-family: \u5b8b\u4f53; color: #000000; font-size: 14.0000pt; mso-font-kerning: 0.5000pt;\">apparecchiature per il rilevamento della resistenza alla frequenza di rete e delle scariche parziali, laboratori di schermatura elettrica, apparecchiature per cicli ad alta e bassa temperatura, spettrometri di massa dell&#039;elio e apparecchiature per prove dell&#039;acqua ad alta pressione, macchine universali per prove di trazione<\/span><span style=\"mso-spacerun: 'yes'; font-family: Arial; mso-fareast-font-family: \u5b8b\u4f53; color: #000000; font-size: 14.0000pt; mso-font-kerning: 0.5000pt;\">, tester di resistenza del circuito<\/span><span style=\"mso-spacerun: 'yes'; font-family: Arial; mso-fareast-font-family: \u5b8b\u4f53; color: #000000; font-size: 14.0000pt; mso-font-kerning: 0.5000pt;\">.<\/span><\/p><p><span style=\"mso-spacerun: 'yes'; font-family: Arial; mso-fareast-font-family: \u5b8b\u4f53; color: #000000; font-size: 14.0000pt; mso-font-kerning: 0.5000pt;\">Dai componenti ai cabinet completi, dalle parti ai set completi, nel corso degli anni abbiamo accumulato dati sperimentali ricchi e rappresentativi su vari prodotti e modelli. Quando i clienti richiedono la personalizzazione secondo gli standard del paese in cui si trovano, disponiamo gi\u00e0 di piani e parametri pertinenti che possono essere applicati direttamente, riducendo notevolmente il tempo di ciclo dei nuovi prodotti personalizzati e garantendo che i prodotti soddisfino gli standard di prova del paese o regione di destinazione.<\/span><\/p><p><span style=\"mso-spacerun: 'yes'; font-family: Arial; mso-fareast-font-family: \u5b8b\u4f53; color: #000000; font-size: 14.0000pt; mso-font-kerning: 0.5000pt;\">Che il vostro progetto sia piccolo o grande, europeo o americano, o sia conforme allo standard di un paese specifico, purch\u00e9 si tratti di un prodotto e progetto di distribuzione a media tensione, faremo del nostro meglio per fornirvi il servizio pi\u00f9 efficiente, economico e appropriato. prodotti e servizi economicamente vantaggiosi.<\/span><\/p><p><div style=\"width: 1000px;\" class=\"wp-video\"><!--[if lt IE 9]><script>document.createElement('video');<\/script><![endif]-->\n<video class=\"wp-video-shortcode\" id=\"video-436-1\" width=\"1000\" height=\"544\" poster=\"https:\/\/www.xminsulation.com\/wp-content\/uploads\/2025\/07\/\u5fae\u4fe1\u622a\u56fe_20240516091346-1.jpg\" preload=\"auto\" controls=\"controls\"><source type=\"video\/mp4\" src=\"\/wp-content\/uploads\/2024\/05\/c9e74ac166f2c9aff9c84f126aa9b547.mp4?_=1\" \/><a href=\"\/wp-content\/uploads\/2024\/05\/c9e74ac166f2c9aff9c84f126aa9b547.mp4\">\/wp-content\/uploads\/2024\/05\/c9e74ac166f2c9aff9c84f126aa9b547.mp4<\/a><\/video><\/div><\/p><\/div>\t\t\t\t\t\t<\/div>\r\n\t\t\t\t<\/div>\r\n\t\t\t\t\t<\/div>\r\n\t\t\t\t<\/div>\r\n\t\t\t\t<\/div>","protected":false},"excerpt":{"rendered":"<p>COMPANY PROFILE \u00a0 Xiamen Insulation Electrical Technology Co., Ltd. was established in 2013. It initially specialized in the production and sales of medium voltage insulation parts. It has now expanded to the R&amp;D, production and sales of indoor and outdoor\u00a0medium-voltage distribution products such as load break switches, vacuum circuit breakers,\u00a0isolating switch, ring main units, prefabricated [&hellip;]<\/p>","protected":false},"author":1,"featured_media":0,"parent":0,"menu_order":0,"comment_status":"closed","ping_status":"closed","template":"","meta":{"site-sidebar-layout":"no-sidebar","site-content-layout":"page-builder","ast-site-content-layout":"","site-content-style":"default","site-sidebar-style":"default","ast-global-header-display":"","ast-banner-title-visibility":"","ast-main-header-display":"","ast-hfb-above-header-display":"","ast-hfb-below-header-display":"","ast-hfb-mobile-header-display":"","site-post-title":"disabled","ast-breadcrumbs-content":"","ast-featured-img":"disabled","footer-sml-layout":"","theme-transparent-header-meta":"","adv-header-id-meta":"","stick-header-meta":"","header-above-stick-meta":"","header-main-stick-meta":"","header-below-stick-meta":"","astra-migrate-meta-layouts":"default","ast-page-background-enabled":"default","ast-page-background-meta":{"desktop":{"background-color":"","background-image":"","background-repeat":"repeat","background-position":"center center","background-size":"auto","background-attachment":"scroll","background-type":"","background-media":"","overlay-type":"","overlay-color":"","overlay-gradient":""},"tablet":{"background-color":"","background-image":"","background-repeat":"repeat","background-position":"center center","background-size":"auto","background-attachment":"scroll","background-type":"","background-media":"","overlay-type":"","overlay-color":"","overlay-gradient":""},"mobile":{"background-color":"","background-image":"","background-repeat":"repeat","background-position":"center center","background-size":"auto","background-attachment":"scroll","background-type":"","background-media":"","overlay-type":"","overlay-color":"","overlay-gradient":""}},"ast-content-background-meta":{"desktop":{"background-color":"var(--ast-global-color-5)","background-image":"","background-repeat":"repeat","background-position":"center center","background-size":"auto","background-attachment":"scroll","background-type":"","background-media":"","overlay-type":"","overlay-color":"","overlay-gradient":""},"tablet":{"background-color":"var(--ast-global-color-5)","background-image":"","background-repeat":"repeat","background-position":"center center","background-size":"auto","background-attachment":"scroll","background-type":"","background-media":"","overlay-type":"","overlay-color":"","overlay-gradient":""},"mobile":{"background-color":"var(--ast-global-color-5)","background-image":"","background-repeat":"repeat","background-position":"center center","background-size":"auto","background-attachment":"scroll","background-type":"","background-media":"","overlay-type":"","overlay-color":"","overlay-gradient":""}},"footnotes":""},"class_list":["post-436","page","type-page","status-publish","hentry"],"_links":{"self":[{"href":"https:\/\/www.xminsulation.com\/it\/wp-json\/wp\/v2\/pages\/436","targetHints":{"allow":["GET"]}}],"collection":[{"href":"https:\/\/www.xminsulation.com\/it\/wp-json\/wp\/v2\/pages"}],"about":[{"href":"https:\/\/www.xminsulation.com\/it\/wp-json\/wp\/v2\/types\/page"}],"author":[{"embeddable":true,"href":"https:\/\/www.xminsulation.com\/it\/wp-json\/wp\/v2\/users\/1"}],"replies":[{"embeddable":true,"href":"https:\/\/www.xminsulation.com\/it\/wp-json\/wp\/v2\/comments?post=436"}],"version-history":[{"count":69,"href":"https:\/\/www.xminsulation.com\/it\/wp-json\/wp\/v2\/pages\/436\/revisions"}],"predecessor-version":[{"id":4102,"href":"https:\/\/www.xminsulation.com\/it\/wp-json\/wp\/v2\/pages\/436\/revisions\/4102"}],"wp:attachment":[{"href":"https:\/\/www.xminsulation.com\/it\/wp-json\/wp\/v2\/media?parent=436"}],"curies":[{"name":"wp","href":"https:\/\/api.w.org\/{rel}","templated":true}]}}