{"id":3427,"date":"2024-12-13T09:17:11","date_gmt":"2024-12-13T01:17:11","guid":{"rendered":"https:\/\/www.xminsulation.com\/?page_id=3427"},"modified":"2025-02-14T17:55:52","modified_gmt":"2025-02-14T09:55:52","slug":"sf6-free","status":"publish","type":"page","link":"https:\/\/www.xminsulation.com\/it\/sf6-free\/","title":{"rendered":"SENZA SF6"},"content":{"rendered":"<div data-elementor-type=\"wp-page\" data-elementor-id=\"3427\" class=\"elementor elementor-3427\">\r\n\t\t\t\t<div class=\"elementor-element elementor-element-105f454 e-flex e-con-boxed e-con e-parent\" data-id=\"105f454\" data-element_type=\"container\">\r\n\t\t\t\t\t<div class=\"e-con-inner\">\r\n\t\t\t\t<div class=\"elementor-element elementor-element-75686fa elementor-widget elementor-widget-text-editor\" data-id=\"75686fa\" data-element_type=\"widget\" data-widget_type=\"text-editor.default\">\r\n\t\t\t\t<div class=\"elementor-widget-container\">\r\n\t\t\t<style>\/*! elementor - v3.21.0 - 25-04-2024 *\/\n.elementor-widget-text-editor.elementor-drop-cap-view-stacked .elementor-drop-cap{background-color:#69727d;color:#fff}.elementor-widget-text-editor.elementor-drop-cap-view-framed .elementor-drop-cap{color:#69727d;border:3px solid;background-color:transparent}.elementor-widget-text-editor:not(.elementor-drop-cap-view-default) .elementor-drop-cap{margin-top:8px}.elementor-widget-text-editor:not(.elementor-drop-cap-view-default) .elementor-drop-cap-letter{width:1em;height:1em}.elementor-widget-text-editor .elementor-drop-cap{float:left;text-align:center;line-height:1;font-size:50px}.elementor-widget-text-editor .elementor-drop-cap-letter{display:inline-block}<\/style>\t\t\t\t<p>\u00a0<\/p><h3 class=\"entry-title\" style=\"color: #558022;\">La nostra azienda designa il 2025 come \u201cAnno di sviluppo prodotti senza SF6\u201d<\/h3>\t\t\t\t\t\t<\/div>\r\n\t\t\t\t<\/div>\r\n\t\t\t\t<div class=\"elementor-element elementor-element-66c538d elementor-widget elementor-widget-text-editor\" data-id=\"66c538d\" data-element_type=\"widget\" data-widget_type=\"text-editor.default\">\r\n\t\t\t\t<div class=\"elementor-widget-container\">\r\n\t\t\t\t\t\t\t<p>\u00a0Nel 2025, la nostra azienda si concentrer\u00e0 sul raggiungimento dell&#039;obiettivo di &quot;SF6-Free Product Development Year&quot; promuovendo pienamente lo sviluppo di prodotti ecocompatibili. Questa iniziativa \u00e8 stata annunciata ufficialmente dal nostro Chief Technical Engineer, il Sig. Zhuang Yu, il 12 dicembre, a dimostrazione della nostra determinazione e impegno nel promuovere lo sviluppo ecologico.<\/p><p>Negli ultimi anni la nostra azienda ha compiuto notevoli progressi nello sviluppo di prodotti eco-compatibili, tra cui:<\/p><ul><li><strong><a href=\"https:\/\/www.xminsulation.com\/it\/categoria-prodotto\/products\/10-24kv-solid-insulated-vacuum-circuit-breaker-sf6-free\/\">Apparecchiature di commutazione isolate solide senza SF6 (10 kV-24 kV)<\/a><\/strong><\/li><li><strong><a href=\"https:\/\/www.xminsulation.com\/it\/categoria-prodotto\/products\/eco-friendly-vacuum-circuit-breaker-sf6-free\/\">Apparecchiature di commutazione ecologiche senza SF6 (10 kV-24 kV, 630 A-2000 A)<\/a><\/strong><\/li><li><strong><a href=\"https:\/\/www.xminsulation.com\/it\/categoria-prodotto\/products\/10-40-5kv-outdoor-pole-mounted-vacuum-auto-recloser\/\">Interruttore automatico a vuoto montato su palo senza SF6 (richiusore) (10 kV-40,5 kV)<\/a><\/strong><\/li><\/ul><p>Questi prodotti sono stati accolti con favore dai clienti per le loro prestazioni affidabili e i vantaggi ambientali.<\/p><p>Tuttavia, con l&#039;avvicinarsi dell&#039;entrata in vigore degli standard europei 2026 SF6-Free per i quadri elettrici di media tensione e con la crescente richiesta di alternative SF6 nei paesi sviluppati, la domanda di mercato per quadri elettrici di interruzione del carico (C-Panel) e quadri combinati di interruzione del carico-fusibile (F-Panel) privi di SF6 sta diventando sempre pi\u00f9 urgente. Alla luce di ci\u00f2, la nostra azienda riconosce l&#039;urgente necessit\u00e0 di accelerare lo sviluppo della &quot;SF6-Free Product Series&quot; per soddisfare le aspettative dei clienti nazionali e internazionali.<\/p><p><strong><b>Discussioni complete<\/b><\/strong><\/p><p><strong><b>E<\/b><\/strong><strong><b>\u00a0<\/b><\/strong><strong><b>Pianificazione strategica<\/b><\/strong><\/p><p>Di recente, i nostri team di senior management e tecnici hanno tenuto pi\u00f9 di dieci seminari specializzati, conducendo un&#039;analisi approfondita degli ultimi progressi tecnologici, delle caratteristiche dei prodotti, delle tendenze di sviluppo e dei percorsi tecnici nel settore. Sfruttando la nostra competenza tecnica, la vasta esperienza nello sviluppo dei prodotti, i dati sperimentali e gli studi di fattibilit\u00e0, abbiamo identificato lo sviluppo della &quot;SF6-Free Product Series&quot; come un obiettivo chiave per il 2025. Sono stati stabiliti un piano di sviluppo dettagliato e una tempistica, con l&#039;obiettivo di completare il prototipo nella prima met\u00e0 del 2025.<\/p><p>Durante gli incontri sono state meticolosamente suddivise le fasi chiave del processo di sviluppo, tra cui:<\/p><ul><li>Progettazione e stampaggio<\/li><li>Meccanismo di commutazione e interruttori a vuoto<\/li><li>Esperimenti di simulazione e modellazione<\/li><li>Test interni e convalida esterna<\/li><\/ul><p><strong><b>Prodotti chiave \u201cSF6-Free\u201d<\/b><\/strong><\/p><p><strong><b>T<\/b><\/strong><strong><b>o Sar\u00e0 sviluppato nel 2025<\/b><\/strong><\/p><p>Nel 2025, la nostra azienda prevede di sviluppare la seguente serie di prodotti senza SF6:<\/p><ol><li>Unit\u00e0 principali Green FL(R)N36Ring: pannello C e pannello F privi di SF6 con tensioni nominali da 10 kV a 25,8 kV.<\/li><li>Unit\u00e0 principali AISRing verdi: pannello C senza SF6 (LBS verde) e pannello F (LBS verde con combinazione di fusibili) con tensioni nominali da 10 kV a 25,8 kV.<\/li><li>Interruttore-sezionatore montato su palo verde: LBS senza SF6 con tensioni nominali da 10 kV a 27,5 kV.<\/li><\/ol><p><strong><b>Creare slancio per il successo futuro<\/b><\/strong><\/p><p>Dal 2024, la nostra azienda ha raggiunto traguardi significativi nell&#039;esplorazione della tecnologia SF6-free, nella verifica sperimentale, nello sviluppo di stampi e nei test dei componenti critici. Questi risultati hanno gettato solide basi per la spinta completa nel 2025.<\/p><p>Abbiamo la sicurezza e la capacit\u00e0 di portare a termine il compito di sviluppo di &quot;prodotti della serie senza SF6&quot; e contribuire a ridurre le emissioni di gas serra e a promuovere la trasformazione ecologica degli interruttori e delle apparecchiature di commutazione di media tensione!<\/p>\t\t\t\t\t\t<\/div>\r\n\t\t\t\t<\/div>\r\n\t\t\t\t\t<\/div>\r\n\t\t\t\t<\/div>\r\n\t\t\t\t<\/div>","protected":false},"excerpt":{"rendered":"<p>\u00a0 Our Company Designates 2025 as the \u201cSF6-Free Product Development Year\u201d \u00a0In 2025, our company will focus on achieving the goal of the \u201cSF6-Free Product Development Year\u201d by fully promoting the development of environmentally friendly products. This initiative was officially announced by our Chief Technical Engineer, Mr. Zhuang Yu, on December 12, showcasing our determination [&hellip;]<\/p>","protected":false},"author":2,"featured_media":0,"parent":0,"menu_order":0,"comment_status":"closed","ping_status":"closed","template":"","meta":{"site-sidebar-layout":"no-sidebar","site-content-layout":"page-builder","ast-site-content-layout":"full-width-container","site-content-style":"default","site-sidebar-style":"default","ast-global-header-display":"","ast-banner-title-visibility":"","ast-main-header-display":"","ast-hfb-above-header-display":"","ast-hfb-below-header-display":"","ast-hfb-mobile-header-display":"","site-post-title":"disabled","ast-breadcrumbs-content":"","ast-featured-img":"disabled","footer-sml-layout":"","theme-transparent-header-meta":"","adv-header-id-meta":"","stick-header-meta":"","header-above-stick-meta":"","header-main-stick-meta":"","header-below-stick-meta":"","astra-migrate-meta-layouts":"set","ast-page-background-enabled":"default","ast-page-background-meta":{"desktop":{"background-color":"","background-image":"","background-repeat":"repeat","background-position":"center center","background-size":"auto","background-attachment":"scroll","background-type":"","background-media":"","overlay-type":"","overlay-color":"","overlay-gradient":""},"tablet":{"background-color":"","background-image":"","background-repeat":"repeat","background-position":"center center","background-size":"auto","background-attachment":"scroll","background-type":"","background-media":"","overlay-type":"","overlay-color":"","overlay-gradient":""},"mobile":{"background-color":"","background-image":"","background-repeat":"repeat","background-position":"center center","background-size":"auto","background-attachment":"scroll","background-type":"","background-media":"","overlay-type":"","overlay-color":"","overlay-gradient":""}},"ast-content-background-meta":{"desktop":{"background-color":"var(--ast-global-color-5)","background-image":"","background-repeat":"repeat","background-position":"center center","background-size":"auto","background-attachment":"scroll","background-type":"","background-media":"","overlay-type":"","overlay-color":"","overlay-gradient":""},"tablet":{"background-color":"var(--ast-global-color-5)","background-image":"","background-repeat":"repeat","background-position":"center center","background-size":"auto","background-attachment":"scroll","background-type":"","background-media":"","overlay-type":"","overlay-color":"","overlay-gradient":""},"mobile":{"background-color":"var(--ast-global-color-5)","background-image":"","background-repeat":"repeat","background-position":"center center","background-size":"auto","background-attachment":"scroll","background-type":"","background-media":"","overlay-type":"","overlay-color":"","overlay-gradient":""}},"footnotes":""},"class_list":["post-3427","page","type-page","status-publish","hentry"],"_links":{"self":[{"href":"https:\/\/www.xminsulation.com\/it\/wp-json\/wp\/v2\/pages\/3427","targetHints":{"allow":["GET"]}}],"collection":[{"href":"https:\/\/www.xminsulation.com\/it\/wp-json\/wp\/v2\/pages"}],"about":[{"href":"https:\/\/www.xminsulation.com\/it\/wp-json\/wp\/v2\/types\/page"}],"author":[{"embeddable":true,"href":"https:\/\/www.xminsulation.com\/it\/wp-json\/wp\/v2\/users\/2"}],"replies":[{"embeddable":true,"href":"https:\/\/www.xminsulation.com\/it\/wp-json\/wp\/v2\/comments?post=3427"}],"version-history":[{"count":22,"href":"https:\/\/www.xminsulation.com\/it\/wp-json\/wp\/v2\/pages\/3427\/revisions"}],"predecessor-version":[{"id":3652,"href":"https:\/\/www.xminsulation.com\/it\/wp-json\/wp\/v2\/pages\/3427\/revisions\/3652"}],"wp:attachment":[{"href":"https:\/\/www.xminsulation.com\/it\/wp-json\/wp\/v2\/media?parent=3427"}],"curies":[{"name":"wp","href":"https:\/\/api.w.org\/{rel}","templated":true}]}}