{"id":886,"date":"2024-04-29T08:56:33","date_gmt":"2024-04-29T00:56:33","guid":{"rendered":"http:\/\/www.xminsulation.com\/?post_type=product&#038;p=886"},"modified":"2024-05-23T21:40:30","modified_gmt":"2024-05-23T13:40:30","slug":"40-5kv-1250a-indoor-sf6-vacuum-circuit-breaker-switch","status":"publish","type":"product","link":"https:\/\/www.xminsulation.com\/fr\/product\/40-5kv-1250a-indoor-sf6-vacuum-circuit-breaker-switch\/","title":{"rendered":"Disjoncteur \u00e0 vide SF6 int\u00e9rieur 40,5 kV-1\u00a0250 A"},"content":{"rendered":"<p><img fetchpriority=\"high\" decoding=\"async\" class=\"alignnone wp-image-887 size-full\" src=\"\/wp-content\/uploads\/2024\/04\/\u56fe\u72472.png\" alt=\"\" width=\"1383\" height=\"1248\" srcset=\"https:\/\/www.xminsulation.com\/wp-content\/uploads\/2024\/04\/\u56fe\u72472.png 1383w, https:\/\/www.xminsulation.com\/wp-content\/uploads\/2024\/04\/\u56fe\u72472-300x271.png 300w, https:\/\/www.xminsulation.com\/wp-content\/uploads\/2024\/04\/\u56fe\u72472-1024x924.png 1024w, https:\/\/www.xminsulation.com\/wp-content\/uploads\/2024\/04\/\u56fe\u72472-768x693.png 768w, https:\/\/www.xminsulation.com\/wp-content\/uploads\/2024\/04\/\u56fe\u72472-600x541.png 600w\" sizes=\"(max-width: 1383px) 100vw, 1383px\" \/> <img decoding=\"async\" class=\"alignnone wp-image-888 size-full\" src=\"\/wp-content\/uploads\/2024\/04\/\u56fe\u72473.png\" alt=\"\" width=\"988\" height=\"1013\" srcset=\"https:\/\/www.xminsulation.com\/wp-content\/uploads\/2024\/04\/\u56fe\u72473.png 988w, https:\/\/www.xminsulation.com\/wp-content\/uploads\/2024\/04\/\u56fe\u72473-293x300.png 293w, https:\/\/www.xminsulation.com\/wp-content\/uploads\/2024\/04\/\u56fe\u72473-768x787.png 768w, https:\/\/www.xminsulation.com\/wp-content\/uploads\/2024\/04\/\u56fe\u72473-600x615.png 600w\" sizes=\"(max-width: 988px) 100vw, 988px\" \/><\/p>\n<h2><strong><b>Informations g\u00e9n\u00e9rales<\/b><\/strong><\/h2>\n<p>Disjoncteur \u00e0 vide SF6 d&#039;int\u00e9rieur 40,5 kV-1250 A avec sectionneur inf\u00e9rieur, adapt\u00e9 au contr\u00f4le et \u00e0 la protection des r\u00e9seaux de transport et de distribution d&#039;\u00e9nergie 35 kV. Il est utilis\u00e9 pour la coupure et la fermeture du courant de charge, ainsi que pour la coupure du courant de court-circuit. De conception modulaire, il se caract\u00e9rise par une structure compacte, de bonnes performances de coupure, une grande fiabilit\u00e9, une longue dur\u00e9e de vie, une isolation compl\u00e8te, un faible encombrement et une faible consommation d&#039;\u00e9nergie. Il est largement utilis\u00e9 dans les r\u00e9seaux industriels, civils en boucle et les r\u00e9seaux d&#039;alimentation terminaux. Il est particuli\u00e8rement adapt\u00e9 aux petits postes de distribution d&#039;\u00e9nergie secondaires, aux postes de commutation, aux entreprises industrielles et mini\u00e8res, aux a\u00e9roports, aux chemins de fer, aux autoroutes, aux m\u00e9tros, aux zones commerciales, aux quartiers r\u00e9sidentiels, aux installations \u00e9oliennes, au photovolta\u00efque, etc.<\/p>\n<h2><strong><b>Utiliser <\/b><\/strong><strong><b>E<\/b><\/strong><strong><b>environnemental <\/b><\/strong><strong><b>C<\/b><\/strong><strong><b>conditions<\/b><\/strong><\/h2>\n<ol>\n<li>Emplacement d&#039;installation : \u00e0 l&#039;int\u00e9rieur de la bo\u00eete \u00e0 air.<\/li>\n<li>Temp\u00e9rature ambiante (\u2103) : -20~+40.<\/li>\n<li>Altitude (m) : \u22642500.<\/li>\n<li>Humidit\u00e9 de l&#039;air (%) : la moyenne journali\u00e8re n&#039;est pas sup\u00e9rieure \u00e0 95% et la moyenne mensuelle n&#039;est pas sup\u00e9rieure \u00e0 90%.<\/li>\n<li>Autres exigences : pas d&#039;inflammabilit\u00e9, d&#039;explosion, de pollution grave, de corrosion chimique et de vibrations importantes.<\/li>\n<\/ol>\n<p><img decoding=\"async\" class=\"alignnone wp-image-889 size-full\" src=\"\/wp-content\/uploads\/2024\/04\/\u56fe\u72474.png\" alt=\"\" width=\"834\" height=\"764\" srcset=\"https:\/\/www.xminsulation.com\/wp-content\/uploads\/2024\/04\/\u56fe\u72474.png 834w, https:\/\/www.xminsulation.com\/wp-content\/uploads\/2024\/04\/\u56fe\u72474-300x275.png 300w, https:\/\/www.xminsulation.com\/wp-content\/uploads\/2024\/04\/\u56fe\u72474-768x704.png 768w, https:\/\/www.xminsulation.com\/wp-content\/uploads\/2024\/04\/\u56fe\u72474-600x550.png 600w\" sizes=\"(max-width: 834px) 100vw, 834px\" \/><\/p>\n<p><strong><b>Taille du disjoncteur avec interrupteur d&#039;isolement inf\u00e9rieur<\/b><\/strong><\/p>\n<p><img loading=\"lazy\" decoding=\"async\" class=\"alignnone wp-image-890 size-full\" src=\"\/wp-content\/uploads\/2024\/04\/\u56fe\u72475.png\" alt=\"\" width=\"1820\" height=\"768\" srcset=\"https:\/\/www.xminsulation.com\/wp-content\/uploads\/2024\/04\/\u56fe\u72475.png 1820w, https:\/\/www.xminsulation.com\/wp-content\/uploads\/2024\/04\/\u56fe\u72475-300x127.png 300w, https:\/\/www.xminsulation.com\/wp-content\/uploads\/2024\/04\/\u56fe\u72475-1024x432.png 1024w, https:\/\/www.xminsulation.com\/wp-content\/uploads\/2024\/04\/\u56fe\u72475-768x324.png 768w, https:\/\/www.xminsulation.com\/wp-content\/uploads\/2024\/04\/\u56fe\u72475-1536x648.png 1536w, https:\/\/www.xminsulation.com\/wp-content\/uploads\/2024\/04\/\u56fe\u72475-600x253.png 600w\" sizes=\"(max-width: 1820px) 100vw, 1820px\" \/><\/p>\n<p><strong><b>R\u00e9servoir de gaz avec interrupteur d&#039;isolement inf\u00e9rieur<\/b><\/strong><\/p>\n<p><img loading=\"lazy\" decoding=\"async\" class=\"alignnone wp-image-891 size-full\" src=\"\/wp-content\/uploads\/2024\/04\/\u56fe\u72476.png\" alt=\"\" width=\"712\" height=\"663\" srcset=\"https:\/\/www.xminsulation.com\/wp-content\/uploads\/2024\/04\/\u56fe\u72476.png 712w, https:\/\/www.xminsulation.com\/wp-content\/uploads\/2024\/04\/\u56fe\u72476-300x279.png 300w, https:\/\/www.xminsulation.com\/wp-content\/uploads\/2024\/04\/\u56fe\u72476-600x559.png 600w\" sizes=\"(max-width: 712px) 100vw, 712px\" \/><\/p>\n<h2 class=\"wxts\">\u25c6Personnalisation sp\u00e9ciale<\/h2>\n<p>Les param\u00e8tres ci-dessus sont des donn\u00e9es typiques\u00a0; si les styles existants ne r\u00e9pondent pas \u00e0 vos demandes sp\u00e9cifiques, veuillez nous contacter pour une conception personnalis\u00e9e. Nous disposons d&#039;importantes comp\u00e9tences en mati\u00e8re de d\u00e9veloppement et de production de personnalisation personnalis\u00e9e, nous permettant de fournir des solutions sur mesure aux clients du monde entier.<\/p>","protected":false},"excerpt":{"rendered":"<p>General Information 40.5kV-1250A Indoor SF6 Vacuum Circuit Breaker Switch With Lower Isolation Switch, suitable for control and protection of 35kV power transmission and distribution system, used for breaking and closing load current, breaking short-circuit current. It adopts modular design and has the characteristics of compact structure, good breaking performance, high reliability, long life, fully insulated, [&hellip;]<\/p>","protected":false},"featured_media":888,"template":"","meta":{"site-sidebar-layout":"default","site-content-layout":"","ast-site-content-layout":"default","site-content-style":"default","site-sidebar-style":"default","ast-global-header-display":"","ast-banner-title-visibility":"","ast-main-header-display":"","ast-hfb-above-header-display":"","ast-hfb-below-header-display":"","ast-hfb-mobile-header-display":"","site-post-title":"","ast-breadcrumbs-content":"","ast-featured-img":"","footer-sml-layout":"","theme-transparent-header-meta":"default","adv-header-id-meta":"","stick-header-meta":"","header-above-stick-meta":"","header-main-stick-meta":"","header-below-stick-meta":"","astra-migrate-meta-layouts":"set","ast-page-background-enabled":"default","ast-page-background-meta":{"desktop":{"background-color":"","background-image":"","background-repeat":"repeat","background-position":"center center","background-size":"auto","background-attachment":"scroll","background-type":"","background-media":"","overlay-type":"","overlay-color":"","overlay-gradient":""},"tablet":{"background-color":"","background-image":"","background-repeat":"repeat","background-position":"center center","background-size":"auto","background-attachment":"scroll","background-type":"","background-media":"","overlay-type":"","overlay-color":"","overlay-gradient":""},"mobile":{"background-color":"","background-image":"","background-repeat":"repeat","background-position":"center center","background-size":"auto","background-attachment":"scroll","background-type":"","background-media":"","overlay-type":"","overlay-color":"","overlay-gradient":""}},"ast-content-background-meta":{"desktop":{"background-color":"var(--ast-global-color-5)","background-image":"","background-repeat":"repeat","background-position":"center center","background-size":"auto","background-attachment":"scroll","background-type":"","background-media":"","overlay-type":"","overlay-color":"","overlay-gradient":""},"tablet":{"background-color":"var(--ast-global-color-5)","background-image":"","background-repeat":"repeat","background-position":"center center","background-size":"auto","background-attachment":"scroll","background-type":"","background-media":"","overlay-type":"","overlay-color":"","overlay-gradient":""},"mobile":{"background-color":"var(--ast-global-color-5)","background-image":"","background-repeat":"repeat","background-position":"center center","background-size":"auto","background-attachment":"scroll","background-type":"","background-media":"","overlay-type":"","overlay-color":"","overlay-gradient":""}}},"product_cat":[31],"product_tag":[],"class_list":{"0":"post-886","1":"product","2":"type-product","3":"status-publish","4":"has-post-thumbnail","6":"product_cat-10-40-5kv-indoor-sf6-circuit-breaker-switch","7":"desktop-align-left","8":"tablet-align-left","9":"mobile-align-left","11":"first","12":"instock","13":"shipping-taxable","14":"product-type-simple"},"_links":{"self":[{"href":"https:\/\/www.xminsulation.com\/fr\/wp-json\/wp\/v2\/product\/886","targetHints":{"allow":["GET"]}}],"collection":[{"href":"https:\/\/www.xminsulation.com\/fr\/wp-json\/wp\/v2\/product"}],"about":[{"href":"https:\/\/www.xminsulation.com\/fr\/wp-json\/wp\/v2\/types\/product"}],"wp:featuredmedia":[{"embeddable":true,"href":"https:\/\/www.xminsulation.com\/fr\/wp-json\/wp\/v2\/media\/888"}],"wp:attachment":[{"href":"https:\/\/www.xminsulation.com\/fr\/wp-json\/wp\/v2\/media?parent=886"}],"wp:term":[{"taxonomy":"product_cat","embeddable":true,"href":"https:\/\/www.xminsulation.com\/fr\/wp-json\/wp\/v2\/product_cat?post=886"},{"taxonomy":"product_tag","embeddable":true,"href":"https:\/\/www.xminsulation.com\/fr\/wp-json\/wp\/v2\/product_tag?post=886"}],"curies":[{"name":"wp","href":"https:\/\/api.w.org\/{rel}","templated":true}]}}