{"id":884,"date":"2024-04-29T08:48:47","date_gmt":"2024-04-29T00:48:47","guid":{"rendered":"http:\/\/www.xminsulation.com\/?post_type=product&#038;p=884"},"modified":"2024-05-24T10:12:57","modified_gmt":"2024-05-24T02:12:57","slug":"offer-technical-support-and-technical-verification-services-for-medium-voltage-power-distribution-to-foreign-customers","status":"publish","type":"product","link":"https:\/\/www.xminsulation.com\/fr\/product\/offer-technical-support-and-technical-verification-services-for-medium-voltage-power-distribution-to-foreign-customers\/","title":{"rendered":"Offrir des services d&#039;assistance technique et de v\u00e9rification technique pour la distribution d&#039;\u00e9nergie moyenne tension aux clients \u00e9trangers"},"content":{"rendered":"<p>Nous pouvons non seulement assurer la coop\u00e9ration sur vos projets et vous proposer une gamme compl\u00e8te de solutions, mais aussi agir comme votre acheteur. Nous proposons \u00e9galement des conseils et des services techniques, tels que la fourniture d&#039;un ensemble complet de services de production, de tests, d&#039;installation, de mise en service et autres. Nous proposons \u00e9galement des formations \u00e0 la production et \u00e0 la fabrication pour nos clients \u00e9trangers et les accompagnons dans la mise en \u0153uvre de leur production et de leur fabrication locales.<\/p>\n<p>Peu importe qu&#039;il s&#039;agisse d&#039;un produit en cours d&#039;utilisation, d&#039;un produit en production ou d&#039;un produit en cours de d\u00e9veloppement, quels que soient les probl\u00e8mes ou les difficult\u00e9s que vous rencontrez dans le produit, la technologie ou la conception, tant qu&#039;il appartient \u00e0 la cat\u00e9gorie de la distribution d&#039;\u00e9nergie moyenne tension, vous pouvez venir nous voir \u00e0 tout moment, et nous ferons de notre mieux pour vous aider \u00e0 le r\u00e9soudre.<\/p>\n<p>Lorsque les clients \u00e9trangers souhaitent adopter un nouveau produit ou une nouvelle solution, ils n&#039;en ont jamais fait l&#039;exp\u00e9rience et ne disposent d&#039;aucune conclusion pertinente pour juger de sa faisabilit\u00e9. Ils sont h\u00e9sitants et n&#039;osent pas le mettre en \u0153uvre \u00e0 la va-vite, mais ils ne sont pas pr\u00eats \u00e0 abandonner facilement. De plus, les infrastructures de soutien en amont et en aval des cha\u00eenes industrielles \u00e9trang\u00e8res \u00e9tant moins compl\u00e8tes qu&#039;en Chine, les composants ou pi\u00e8ces d\u00e9tach\u00e9es associ\u00e9s \u00e9tant insuffisants, et la personnalisation simple n&#039;\u00e9tant ni pratique ni rapide, certains projets importants de d\u00e9veloppement de nouveaux produits ne peuvent qu&#039;\u00eatre report\u00e9s \u00e0 maintes reprises.<\/p>\n<p>Si vous rencontrez des difficult\u00e9s, n&#039;h\u00e9sitez pas \u00e0 nous contacter\u00a0! Notre \u00e9quipe R&amp;D exp\u00e9riment\u00e9e compte de nombreux experts techniques cumulant plus de 20\u00a0ans d&#039;exp\u00e9rience dans le secteur. Notre ing\u00e9nieur en chef ma\u00eetrise non seulement les technologies moyenne et basse tension, mais poss\u00e8de \u00e9galement une expertise approfondie en conception, d\u00e9veloppement et fabrication d&#039;interrupteurs et de composants, de m\u00e9canismes de commande, de moules, de machines et d&#039;ensembles d&#039;\u00e9quipements. Notre expertise unique, combinant les technologies moyenne et basse tension et int\u00e9grant parfaitement plusieurs disciplines et processus, ainsi que nos installations industrielles chinoises compl\u00e8tes, nos instruments de test complets et d&#039;autres conditions favorables, vous permettent de fournir rapidement des conclusions de v\u00e9rification et de constituer une base fiable pour la confirmation et l&#039;\u00e9limination des plans d&#039;action ou des ajustements n\u00e9cessaires.<\/p>\n<p>Ces derni\u00e8res ann\u00e9es, nous avons apport\u00e9 avec succ\u00e8s une assistance de ce type \u00e0 plusieurs clients \u00e9trangers, et tous ont \u00e9t\u00e9 surpris par notre efficacit\u00e9\u00a0! Un ing\u00e9nieur italien exp\u00e9riment\u00e9 a d\u00e9clar\u00e9 qu&#039;ils avaient r\u00e9fl\u00e9chi pendant plus de quatre ans. Faute de v\u00e9rifications pr\u00e9liminaires, la conception a \u00e9t\u00e9 modifi\u00e9e \u00e0 maintes reprises, mais le projet est toujours rest\u00e9 sur la m\u00eame lanc\u00e9e. Apr\u00e8s nous avoir confi\u00e9 la d\u00e9monstration technique, il nous a fallu moins d&#039;un mois pour obtenir la r\u00e9ponse qu&#039;ils attendaient depuis de nombreuses ann\u00e9es.<\/p>\n<p>Gr\u00e2ce \u00e0 notre coop\u00e9ration, les clients n&#039;ont besoin que de d\u00e9penser une petite somme d&#039;argent pour obtenir les r\u00e9sultats souhait\u00e9s dans les plus brefs d\u00e9lais, et en m\u00eame temps indiquer la direction de l&#039;\u00e9tape suivante.<\/p>\n<p>En fonction de certains secteurs d&#039;activit\u00e9 et de certaines finalit\u00e9s, il est possible que nous ne disposions pas des connaissances et de l&#039;exp\u00e9rience n\u00e9cessaires pour ces produits ou technologies. Nous r\u00e9aliserons les travaux conform\u00e9ment aux exigences sp\u00e9cifiques de votre entreprise, ou pour certaines d&#039;entre elles, nous pourrions avoir besoin de consulter des coll\u00e8gues, des enseignants ou des experts chinois. Nous nous efforcerons d&#039;apprendre et de nous perfectionner autant que possible afin de coop\u00e9rer et de servir nos clients au mieux.<\/p>\n<p>Tant que vous avez des besoins, nous r\u00e9pondrons \u00e0 vos demandes, vous assisterons activement dans la r\u00e9alisation de d\u00e9monstrations pr\u00e9liminaires et fournirons enti\u00e8rement tous les aspects du support technique !<\/p>\n<p>Si vous n&#039;\u00eates pas membre du service technique et si votre service technique a des probl\u00e8mes ou des besoins similaires, veuillez transmettre cet article \u00e0 votre personnel technique pour favoriser la mise en \u0153uvre rapide et fluide de la nouvelle solution.<\/p>\n<p><img fetchpriority=\"high\" decoding=\"async\" class=\"alignnone wp-image-885 size-full\" src=\"http:\/\/www.xminsulation.com\/wp-content\/uploads\/2024\/04\/\u56fe\u72471.png\" alt=\"\" width=\"1064\" height=\"770\" srcset=\"https:\/\/www.xminsulation.com\/wp-content\/uploads\/2024\/04\/\u56fe\u72471.png 1064w, https:\/\/www.xminsulation.com\/wp-content\/uploads\/2024\/04\/\u56fe\u72471-300x217.png 300w, https:\/\/www.xminsulation.com\/wp-content\/uploads\/2024\/04\/\u56fe\u72471-1024x741.png 1024w, https:\/\/www.xminsulation.com\/wp-content\/uploads\/2024\/04\/\u56fe\u72471-768x556.png 768w, https:\/\/www.xminsulation.com\/wp-content\/uploads\/2024\/04\/\u56fe\u72471-600x434.png 600w\" sizes=\"(max-width: 1064px) 100vw, 1064px\" \/><\/p>\n<p>&nbsp;<\/p>","protected":false},"excerpt":{"rendered":"<p>We can not only carry out project cooperation and provide a complete set of solutions, but also serve as your purchasing agent. We can also provide technical consultation and technical services, such as providing a full set of production, testing, installation, commissioning and other services. In addition, we can also provide production and manufacturing training [&hellip;]<\/p>","protected":false},"featured_media":885,"template":"","meta":{"site-sidebar-layout":"default","site-content-layout":"","ast-site-content-layout":"default","site-content-style":"default","site-sidebar-style":"default","ast-global-header-display":"","ast-banner-title-visibility":"","ast-main-header-display":"","ast-hfb-above-header-display":"","ast-hfb-below-header-display":"","ast-hfb-mobile-header-display":"","site-post-title":"disabled","ast-breadcrumbs-content":"","ast-featured-img":"","footer-sml-layout":"","theme-transparent-header-meta":"default","adv-header-id-meta":"","stick-header-meta":"","header-above-stick-meta":"","header-main-stick-meta":"","header-below-stick-meta":"","astra-migrate-meta-layouts":"set","ast-page-background-enabled":"default","ast-page-background-meta":{"desktop":{"background-color":"","background-image":"","background-repeat":"repeat","background-position":"center center","background-size":"auto","background-attachment":"scroll","background-type":"","background-media":"","overlay-type":"","overlay-color":"","overlay-gradient":""},"tablet":{"background-color":"","background-image":"","background-repeat":"repeat","background-position":"center center","background-size":"auto","background-attachment":"scroll","background-type":"","background-media":"","overlay-type":"","overlay-color":"","overlay-gradient":""},"mobile":{"background-color":"","background-image":"","background-repeat":"repeat","background-position":"center center","background-size":"auto","background-attachment":"scroll","background-type":"","background-media":"","overlay-type":"","overlay-color":"","overlay-gradient":""}},"ast-content-background-meta":{"desktop":{"background-color":"var(--ast-global-color-5)","background-image":"","background-repeat":"repeat","background-position":"center center","background-size":"auto","background-attachment":"scroll","background-type":"","background-media":"","overlay-type":"","overlay-color":"","overlay-gradient":""},"tablet":{"background-color":"var(--ast-global-color-5)","background-image":"","background-repeat":"repeat","background-position":"center center","background-size":"auto","background-attachment":"scroll","background-type":"","background-media":"","overlay-type":"","overlay-color":"","overlay-gradient":""},"mobile":{"background-color":"var(--ast-global-color-5)","background-image":"","background-repeat":"repeat","background-position":"center center","background-size":"auto","background-attachment":"scroll","background-type":"","background-media":"","overlay-type":"","overlay-color":"","overlay-gradient":""}}},"product_cat":[49],"product_tag":[],"class_list":{"0":"post-884","1":"product","2":"type-product","3":"status-publish","4":"has-post-thumbnail","6":"product_cat-offer-technical-support-and-technical-verification-services","7":"desktop-align-left","8":"tablet-align-left","9":"mobile-align-left","11":"first","12":"instock","13":"shipping-taxable","14":"product-type-simple"},"_links":{"self":[{"href":"https:\/\/www.xminsulation.com\/fr\/wp-json\/wp\/v2\/product\/884","targetHints":{"allow":["GET"]}}],"collection":[{"href":"https:\/\/www.xminsulation.com\/fr\/wp-json\/wp\/v2\/product"}],"about":[{"href":"https:\/\/www.xminsulation.com\/fr\/wp-json\/wp\/v2\/types\/product"}],"wp:featuredmedia":[{"embeddable":true,"href":"https:\/\/www.xminsulation.com\/fr\/wp-json\/wp\/v2\/media\/885"}],"wp:attachment":[{"href":"https:\/\/www.xminsulation.com\/fr\/wp-json\/wp\/v2\/media?parent=884"}],"wp:term":[{"taxonomy":"product_cat","embeddable":true,"href":"https:\/\/www.xminsulation.com\/fr\/wp-json\/wp\/v2\/product_cat?post=884"},{"taxonomy":"product_tag","embeddable":true,"href":"https:\/\/www.xminsulation.com\/fr\/wp-json\/wp\/v2\/product_tag?post=884"}],"curies":[{"name":"wp","href":"https:\/\/api.w.org\/{rel}","templated":true}]}}