{"id":4081,"date":"2025-07-19T10:47:57","date_gmt":"2025-07-19T02:47:57","guid":{"rendered":"https:\/\/www.xminsulation.com\/?post_type=product&#038;p=4081"},"modified":"2025-07-19T10:47:58","modified_gmt":"2025-07-19T02:47:58","slug":"indoor-sf6-load-break-switch-lbs-sm6-type-cubicle-with-vcb","status":"publish","type":"product","link":"https:\/\/www.xminsulation.com\/fr\/product\/indoor-sf6-load-break-switch-lbs-sm6-type-cubicle-with-vcb\/","title":{"rendered":"Interrupteur de coupure de charge SF6 int\u00e9rieur LBS type SM6 avec disjoncteur de fuite \u00e0 la terre"},"content":{"rendered":"<p><img fetchpriority=\"high\" decoding=\"async\" class=\"size-full wp-image-4082 aligncenter\" src=\"https:\/\/www.xminsulation.com\/wp-content\/uploads\/2025\/07\/\u56fe\u724740-1.png\" alt=\"\" width=\"892\" height=\"1452\" srcset=\"https:\/\/www.xminsulation.com\/wp-content\/uploads\/2025\/07\/\u56fe\u724740-1.png 892w, https:\/\/www.xminsulation.com\/wp-content\/uploads\/2025\/07\/\u56fe\u724740-1-184x300.png 184w, https:\/\/www.xminsulation.com\/wp-content\/uploads\/2025\/07\/\u56fe\u724740-1-629x1024.png 629w, https:\/\/www.xminsulation.com\/wp-content\/uploads\/2025\/07\/\u56fe\u724740-1-768x1250.png 768w, https:\/\/www.xminsulation.com\/wp-content\/uploads\/2025\/07\/\u56fe\u724740-1-7x12.png 7w, https:\/\/www.xminsulation.com\/wp-content\/uploads\/2025\/07\/\u56fe\u724740-1-600x977.png 600w\" sizes=\"(max-width: 892px) 100vw, 892px\" \/> <img decoding=\"async\" class=\"size-full wp-image-4083 aligncenter\" src=\"https:\/\/www.xminsulation.com\/wp-content\/uploads\/2025\/07\/\u56fe\u724741-1.png\" alt=\"\" width=\"671\" height=\"1184\" srcset=\"https:\/\/www.xminsulation.com\/wp-content\/uploads\/2025\/07\/\u56fe\u724741-1.png 671w, https:\/\/www.xminsulation.com\/wp-content\/uploads\/2025\/07\/\u56fe\u724741-1-170x300.png 170w, https:\/\/www.xminsulation.com\/wp-content\/uploads\/2025\/07\/\u56fe\u724741-1-580x1024.png 580w, https:\/\/www.xminsulation.com\/wp-content\/uploads\/2025\/07\/\u56fe\u724741-1-7x12.png 7w, https:\/\/www.xminsulation.com\/wp-content\/uploads\/2025\/07\/\u56fe\u724741-1-600x1059.png 600w\" sizes=\"(max-width: 671px) 100vw, 671px\" \/> <img decoding=\"async\" class=\"size-full wp-image-4084 aligncenter\" src=\"https:\/\/www.xminsulation.com\/wp-content\/uploads\/2025\/07\/\u56fe\u724742-1.png\" alt=\"\" width=\"981\" height=\"754\" srcset=\"https:\/\/www.xminsulation.com\/wp-content\/uploads\/2025\/07\/\u56fe\u724742-1.png 981w, https:\/\/www.xminsulation.com\/wp-content\/uploads\/2025\/07\/\u56fe\u724742-1-300x231.png 300w, https:\/\/www.xminsulation.com\/wp-content\/uploads\/2025\/07\/\u56fe\u724742-1-768x590.png 768w, https:\/\/www.xminsulation.com\/wp-content\/uploads\/2025\/07\/\u56fe\u724742-1-16x12.png 16w, https:\/\/www.xminsulation.com\/wp-content\/uploads\/2025\/07\/\u56fe\u724742-1-600x461.png 600w\" sizes=\"(max-width: 981px) 100vw, 981px\" \/><\/p>\n<h2><strong><b>Aper\u00e7u<\/b><\/strong><\/h2>\n<p>Les cellules de type SM6 sont con\u00e7ues pour les installations int\u00e9rieures.<\/p>\n<p>Il est id\u00e9al pour les centrales \u00e9lectriques et les \u00e9quipements \u00e9lectriques industriels aliment\u00e9s par un r\u00e9seau en boucle ou un terminal triphas\u00e9 CA 50 Hz\/60 Hz. Il est utilis\u00e9 comme protection de ligne de contr\u00f4le de charge pour les syst\u00e8mes d&#039;alimentation MT de 10 kV \u00e0 40,5 kV. L&#039;interrupteur de charge commute le courant de charge, le courant en boucle ferm\u00e9e, le courant \u00e0 vide du transformateur et le courant de charge du c\u00e2ble\u00a0; cet appareil \u00e9lectrique combin\u00e9 peut couper tout courant jusqu&#039;au courant de coupure nominal en court-circuit et convient aux ensembles complets d&#039;\u00e9quipements \u00e9lectriques tels que les unit\u00e9s de r\u00e9seau en boucle et les sous-stations de type bo\u00eetier.<\/p>\n<p>Il est particuli\u00e8rement adapt\u00e9 \u00e0 la distribution d&#039;\u00e9nergie dans les zones r\u00e9sidentielles urbaines, les petites sous-stations secondaires, les bureaux de commutation, les entreprises industrielles et mini\u00e8res, les grands centres commerciaux, les a\u00e9roports, les m\u00e9tros, les h\u00f4pitaux, les stades et autres lieux.<\/p>\n<p>Leurs dimensions compactes sont\u00a0: de 375\u00a0mm \u00e0 750\u00a0mm de largeur\u00a0; de 1\u00a0600\u00a0mm de hauteur\u00a0; de 840\u00a0mm de profondeur. Elles facilitent l&#039;installation dans des locaux exigus ou des postes pr\u00e9fabriqu\u00e9s.<\/p>\n<h2><strong><b>Fonctionnalit\u00e9 cl\u00e9<\/b><\/strong><strong><b>m<\/b><\/strong><\/h2>\n<ul>\n<li>Conception compacte et type test\u00e9.<\/li>\n<li>S\u00e9curit\u00e9 de l&#039;op\u00e9rateur de haut niveau, fiabilit\u00e9 de fonctionnement de haut niveau.<\/li>\n<li>La conception modulaire permet des possibilit\u00e9s d&#039;installation illimit\u00e9es.<\/li>\n<li>Le co\u00fbt d&#039;entretien r\u00e9duit.<\/li>\n<li>Convient pour le contr\u00f4le et la surveillance \u00e0 distance.<\/li>\n<li>Conforme aux normes IEC et EN pertinentes.<\/li>\n<\/ul>\n<h2><strong><b>S\u00e9curit\u00e9<\/b><\/strong><\/h2>\n<p>&nbsp;<\/p>\n<ul>\n<li>R\u00e9siste \u00e0 l&#039;arc interne gr\u00e2ce \u00e0 une conception durable contre les effets thermiques et dynamiques,<\/li>\n<li>Possibilit\u00e9 de v\u00e9rifier visuellement la position du sectionneur de terre (FERM\u00c9 ou OUVERT) \u00e0 travers la fen\u00eatre de surveillance en face avant.<\/li>\n<li>Des syst\u00e8mes de verrouillage cons\u00e9cutifs emp\u00eachent toute mauvaise manipulation. L&#039;acc\u00e8s au compartiment c\u00e2bles et au compartiment fusibles n&#039;est possible que si le ou les sectionneurs de terre concern\u00e9s sont en position de mise \u00e0 la terre.<\/li>\n<\/ul>\n<h2><strong><b>Domaines d&#039;application majeurs<\/b><\/strong><\/h2>\n<ul>\n<li>R\u00e9seaux secondaires de distribution d&#039;\u00e9lectricit\u00e9.<\/li>\n<li>Poste de transformation de distribution MT\/BT.<\/li>\n<li>Centrales \u00e9oliennes et solaires.<\/li>\n<li>Applications commerciales : Ports, gares, a\u00e9roports, h\u00f4pitaux, \u00e9coles, h\u00f4tels, centres commerciaux, centres commerciaux, complexes de vacances.<\/li>\n<li>Applications industrielles : eau, fer et acier, automobile, p\u00e9trole et gaz.<\/li>\n<\/ul>\n<h2><strong><b>Param\u00e8tres techniques<\/b><\/strong><\/h2>\n<p><img loading=\"lazy\" decoding=\"async\" class=\"size-full wp-image-4085 aligncenter\" src=\"https:\/\/www.xminsulation.com\/wp-content\/uploads\/2025\/07\/\u56fe\u724743-1.png\" alt=\"\" width=\"1356\" height=\"1302\" srcset=\"https:\/\/www.xminsulation.com\/wp-content\/uploads\/2025\/07\/\u56fe\u724743-1.png 1356w, https:\/\/www.xminsulation.com\/wp-content\/uploads\/2025\/07\/\u56fe\u724743-1-300x288.png 300w, https:\/\/www.xminsulation.com\/wp-content\/uploads\/2025\/07\/\u56fe\u724743-1-1024x983.png 1024w, https:\/\/www.xminsulation.com\/wp-content\/uploads\/2025\/07\/\u56fe\u724743-1-768x737.png 768w, https:\/\/www.xminsulation.com\/wp-content\/uploads\/2025\/07\/\u56fe\u724743-1-12x12.png 12w, https:\/\/www.xminsulation.com\/wp-content\/uploads\/2025\/07\/\u56fe\u724743-1-600x576.png 600w\" sizes=\"(max-width: 1356px) 100vw, 1356px\" \/><\/p>\n<h2><strong><b>Disjoncteur \u00e0 vide mont\u00e9 lat\u00e9ralement<\/b><\/strong><\/h2>\n<p><img loading=\"lazy\" decoding=\"async\" class=\"size-full wp-image-4086 aligncenter\" src=\"https:\/\/www.xminsulation.com\/wp-content\/uploads\/2025\/07\/\u56fe\u724744-1.png\" alt=\"\" width=\"965\" height=\"796\" srcset=\"https:\/\/www.xminsulation.com\/wp-content\/uploads\/2025\/07\/\u56fe\u724744-1.png 965w, https:\/\/www.xminsulation.com\/wp-content\/uploads\/2025\/07\/\u56fe\u724744-1-300x247.png 300w, https:\/\/www.xminsulation.com\/wp-content\/uploads\/2025\/07\/\u56fe\u724744-1-768x634.png 768w, https:\/\/www.xminsulation.com\/wp-content\/uploads\/2025\/07\/\u56fe\u724744-1-15x12.png 15w, https:\/\/www.xminsulation.com\/wp-content\/uploads\/2025\/07\/\u56fe\u724744-1-600x495.png 600w\" sizes=\"(max-width: 965px) 100vw, 965px\" \/><\/p>\n<h2><strong><b>Structure du panneau CB<\/b><\/strong><\/h2>\n<p><img loading=\"lazy\" decoding=\"async\" class=\"size-full wp-image-4087 aligncenter\" src=\"https:\/\/www.xminsulation.com\/wp-content\/uploads\/2025\/07\/\u56fe\u724745-1.png\" alt=\"\" width=\"408\" height=\"634\" srcset=\"https:\/\/www.xminsulation.com\/wp-content\/uploads\/2025\/07\/\u56fe\u724745-1.png 408w, https:\/\/www.xminsulation.com\/wp-content\/uploads\/2025\/07\/\u56fe\u724745-1-193x300.png 193w, https:\/\/www.xminsulation.com\/wp-content\/uploads\/2025\/07\/\u56fe\u724745-1-8x12.png 8w\" sizes=\"(max-width: 408px) 100vw, 408px\" \/><\/p>\n<h2><strong><b>Unit\u00e9s pour diff\u00e9rentes fonctions<\/b><\/strong><\/h2>\n<p><strong><b> <img loading=\"lazy\" decoding=\"async\" class=\"size-full wp-image-4088 aligncenter\" src=\"https:\/\/www.xminsulation.com\/wp-content\/uploads\/2025\/07\/\u56fe\u724746-2.png\" alt=\"\" width=\"1221\" height=\"713\" srcset=\"https:\/\/www.xminsulation.com\/wp-content\/uploads\/2025\/07\/\u56fe\u724746-2.png 1221w, https:\/\/www.xminsulation.com\/wp-content\/uploads\/2025\/07\/\u56fe\u724746-2-300x175.png 300w, https:\/\/www.xminsulation.com\/wp-content\/uploads\/2025\/07\/\u56fe\u724746-2-1024x598.png 1024w, https:\/\/www.xminsulation.com\/wp-content\/uploads\/2025\/07\/\u56fe\u724746-2-768x448.png 768w, https:\/\/www.xminsulation.com\/wp-content\/uploads\/2025\/07\/\u56fe\u724746-2-18x12.png 18w, https:\/\/www.xminsulation.com\/wp-content\/uploads\/2025\/07\/\u56fe\u724746-2-600x350.png 600w\" sizes=\"(max-width: 1221px) 100vw, 1221px\" \/><\/b><\/strong><\/p>\n<h2><strong><b>Installation et <\/b><\/strong><strong><b>Commission<\/b><\/strong><strong><b>ing<\/b><\/strong><\/h2>\n<ol>\n<li>Avant l&#039;installation et le d\u00e9bogage, veuillez lire attentivement le manuel d&#039;instructions et effectuer les pr\u00e9paratifs suivants\u00a0: v\u00e9rifiez d&#039;abord l&#039;\u00e9tat du produit. Les produits endommag\u00e9s doivent \u00eatre imm\u00e9diatement arr\u00eat\u00e9s. La deuxi\u00e8me \u00e9tape consiste \u00e0 \u00e9liminer toute contamination de la surface du produit due au transport ou \u00e0 d&#039;autres facteurs.<\/li>\n<li>Lorsque le m\u00e9canisme de fonctionnement et le corps de l&#039;interrupteur sont assembl\u00e9s, il faut s&#039;assurer qu&#039;ils sont fix\u00e9s de mani\u00e8re fiable, et leurs pi\u00e8ces de connexion doivent \u00eatre fix\u00e9es de mani\u00e8re fiable sur l&#039;arbre de fonctionnement du corps de l&#039;interrupteur, et les composants reliant l&#039;interrupteur de charge doivent \u00e9galement \u00eatre fix\u00e9s de mani\u00e8re fiable sur le corps de l&#039;interrupteur. sur l&#039;interrupteur.<\/li>\n<li>Une fois l&#039;installation termin\u00e9e, v\u00e9rifiez que l&#039;interrupteur de charge est en position d&#039;ouverture, ins\u00e9rez la poign\u00e9e de commande dans l&#039;orifice de mise \u00e0 la terre situ\u00e9 \u00e0 l&#039;extr\u00e9mit\u00e9 sup\u00e9rieure du panneau et tournez-la de 180 degr\u00e9s dans le sens des aiguilles d&#039;une montre. Pour fermer la mise \u00e0 la terre, tournez la poign\u00e9e de 180 degr\u00e9s dans le sens inverse des aiguilles d&#039;une montre. Terminez la fermeture de l&#039;interrupteur de mise \u00e0 la terre.<\/li>\n<li>Lors de l&#039;ex\u00e9cution de l&#039;op\u00e9ration de fermeture, v\u00e9rifiez d&#039;abord que l&#039;interrupteur de charge est en position d&#039;ouverture, puis ins\u00e9rez la poign\u00e9e de commande dans le trou de commande de l&#039;interrupteur de charge \u00e0 l&#039;extr\u00e9mit\u00e9 inf\u00e9rieure du panneau et faites tourner la poign\u00e9e de commande de 180 pouces dans le sens des aiguilles d&#039;une montre pour terminer l&#039;op\u00e9ration de fermeture de l&#039;interrupteur de charge.<\/li>\n<li>Pendant le processus de d\u00e9placement de l&#039;interrupteur de charge de la position de fermeture \u00e0 la position d&#039;ouverture, utilisez le m\u00e9canisme de fonctionnement de type K, ins\u00e9rez la poign\u00e9e de fonctionnement dans le trou de fonctionnement de l&#039;interrupteur de charge et faites tourner la poign\u00e9e dans le sens inverse des aiguilles d&#039;une montre de 180 pouces pour effectuer l&#039;op\u00e9ration d&#039;ouverture ; pour le m\u00e9canisme de fonctionnement de type A, m\u00e9canisme de fonctionnement, appuyez sur le bouton d&#039;ouverture pour ouvrir l&#039;interrupteur de charge, v\u00e9rifiez \u00e0 travers la fen\u00eatre d&#039;observation si la position de l&#039;interrupteur est correcte et si les instructions d&#039;observation correspondantes r\u00e9pondent aux exigences.<\/li>\n<li>Remarque : la mise \u00e0 la terre ou la charge ne peut \u00eatre ferm\u00e9e que lorsque l&#039;interrupteur est en position ouverte !<\/li>\n<\/ol>\n<h2><strong><b>Entretien et soins<\/b><\/strong><\/h2>\n<p>Dans des conditions d&#039;utilisation normales et lorsque l&#039;environnement r\u00e9pond aux exigences des instructions d&#039;installation et d&#039;utilisation, le corps de l&#039;interrupteur est garanti sans entretien pendant 20 ans. En raison des diff\u00e9rences environnementales, des travaux d&#039;inspection et de maintenance sur l&#039;interrupteur de charge restent n\u00e9cessaires.<\/p>\n<ol>\n<li>En fonction de l&#039;environnement de travail, effectuez une inspection visuelle appropri\u00e9e de la couverture isolante entre juin et d\u00e9cembre et retirez les surfaces sales et humides.<\/li>\n<li>Effectuer la lubrification et le contr\u00f4le du fonctionnement du m\u00e9canisme de fonctionnement 1 \u00e0 2 fois par an pour garantir un fonctionnement normal.<\/li>\n<li>Pour les interrupteurs de charge \u00e9quip\u00e9s de manom\u00e8tres, les lectures des manom\u00e8tres doivent \u00eatre v\u00e9rifi\u00e9es de temps \u00e0 autre.<\/li>\n<li>Lorsqu&#039;un courant de d\u00e9faut traverse l&#039;appareil combin\u00e9 interrupteur-fusible et qu&#039;un fusible de phase grille, les fusibles triphas\u00e9s doivent \u00eatre remplac\u00e9s. Lors du remplacement, il est imp\u00e9ratif de fermer le sectionneur de terre et de s&#039;assurer que tous les fusibles triphas\u00e9s sont en place.<\/li>\n<\/ol>\n<p>&nbsp;<\/p>\n<h2>\u25c6Personnalisation sp\u00e9ciale<\/h2>\n<p>Les param\u00e8tres ci-dessus sont des donn\u00e9es typiques\u00a0; si les styles existants ne r\u00e9pondent pas \u00e0 vos demandes sp\u00e9cifiques, veuillez nous contacter pour une conception personnalis\u00e9e. Nous disposons d&#039;importantes comp\u00e9tences en mati\u00e8re de d\u00e9veloppement et de production de personnalisation personnalis\u00e9e, nous permettant de fournir des solutions sur mesure aux clients du monde entier.<\/p>\n<p>&nbsp;<\/p>\n<p>&nbsp;<\/p>","protected":false},"excerpt":{"rendered":"<p>Overview SM6\u00a0type cubicles are designed for indoor installations. It is good for power stations and industrial electrical equipment powered by three-phase AC 50Hz\/60Hz ring network or terminal It is used as load control line protection for 10kV-40.5kV MV power system. The load switch switches load current, closed-loop current, no-load transformer and cable charging current; the [&hellip;]<\/p>","protected":false},"featured_media":4089,"template":"","meta":{"site-sidebar-layout":"default","site-content-layout":"","ast-site-content-layout":"default","site-content-style":"default","site-sidebar-style":"default","ast-global-header-display":"","ast-banner-title-visibility":"","ast-main-header-display":"","ast-hfb-above-header-display":"","ast-hfb-below-header-display":"","ast-hfb-mobile-header-display":"","site-post-title":"","ast-breadcrumbs-content":"","ast-featured-img":"","footer-sml-layout":"","theme-transparent-header-meta":"default","adv-header-id-meta":"","stick-header-meta":"","header-above-stick-meta":"","header-main-stick-meta":"","header-below-stick-meta":"","astra-migrate-meta-layouts":"set","ast-page-background-enabled":"default","ast-page-background-meta":{"desktop":{"background-color":"","background-image":"","background-repeat":"repeat","background-position":"center center","background-size":"auto","background-attachment":"scroll","background-type":"","background-media":"","overlay-type":"","overlay-color":"","overlay-gradient":""},"tablet":{"background-color":"","background-image":"","background-repeat":"repeat","background-position":"center center","background-size":"auto","background-attachment":"scroll","background-type":"","background-media":"","overlay-type":"","overlay-color":"","overlay-gradient":""},"mobile":{"background-color":"","background-image":"","background-repeat":"repeat","background-position":"center center","background-size":"auto","background-attachment":"scroll","background-type":"","background-media":"","overlay-type":"","overlay-color":"","overlay-gradient":""}},"ast-content-background-meta":{"desktop":{"background-color":"var(--ast-global-color-5)","background-image":"","background-repeat":"repeat","background-position":"center center","background-size":"auto","background-attachment":"scroll","background-type":"","background-media":"","overlay-type":"","overlay-color":"","overlay-gradient":""},"tablet":{"background-color":"var(--ast-global-color-5)","background-image":"","background-repeat":"repeat","background-position":"center center","background-size":"auto","background-attachment":"scroll","background-type":"","background-media":"","overlay-type":"","overlay-color":"","overlay-gradient":""},"mobile":{"background-color":"var(--ast-global-color-5)","background-image":"","background-repeat":"repeat","background-position":"center center","background-size":"auto","background-attachment":"scroll","background-type":"","background-media":"","overlay-type":"","overlay-color":"","overlay-gradient":""}}},"product_cat":[67],"product_tag":[],"class_list":{"0":"post-4081","1":"product","2":"type-product","3":"status-publish","4":"has-post-thumbnail","6":"product_cat-10-40-5kv-indoor-sf6-load-break-switch-lbs-sm6-type-cubicle","7":"desktop-align-left","8":"tablet-align-left","9":"mobile-align-left","11":"first","12":"instock","13":"shipping-taxable","14":"product-type-simple"},"_links":{"self":[{"href":"https:\/\/www.xminsulation.com\/fr\/wp-json\/wp\/v2\/product\/4081","targetHints":{"allow":["GET"]}}],"collection":[{"href":"https:\/\/www.xminsulation.com\/fr\/wp-json\/wp\/v2\/product"}],"about":[{"href":"https:\/\/www.xminsulation.com\/fr\/wp-json\/wp\/v2\/types\/product"}],"wp:featuredmedia":[{"embeddable":true,"href":"https:\/\/www.xminsulation.com\/fr\/wp-json\/wp\/v2\/media\/4089"}],"wp:attachment":[{"href":"https:\/\/www.xminsulation.com\/fr\/wp-json\/wp\/v2\/media?parent=4081"}],"wp:term":[{"taxonomy":"product_cat","embeddable":true,"href":"https:\/\/www.xminsulation.com\/fr\/wp-json\/wp\/v2\/product_cat?post=4081"},{"taxonomy":"product_tag","embeddable":true,"href":"https:\/\/www.xminsulation.com\/fr\/wp-json\/wp\/v2\/product_tag?post=4081"}],"curies":[{"name":"wp","href":"https:\/\/api.w.org\/{rel}","templated":true}]}}