{"id":3869,"date":"2025-07-17T09:08:06","date_gmt":"2025-07-17T01:08:06","guid":{"rendered":"https:\/\/www.xminsulation.com\/?post_type=product&#038;p=3869"},"modified":"2025-07-18T11:08:06","modified_gmt":"2025-07-18T03:08:06","slug":"12kv-abb-type-630a-indoor-sf6-load-break-switch-lbs-disconnector","status":"publish","type":"product","link":"https:\/\/www.xminsulation.com\/fr\/product\/12kv-abb-type-630a-indoor-sf6-load-break-switch-lbs-disconnector\/","title":{"rendered":"Interrupteur-sectionneur LBS SF6 int\u00e9rieur 12 kV type ABB 630 A"},"content":{"rendered":"<p><img fetchpriority=\"high\" decoding=\"async\" class=\"size-full wp-image-3870 aligncenter\" src=\"https:\/\/www.xminsulation.com\/wp-content\/uploads\/2025\/07\/\u56fe\u724721.png\" alt=\"\" width=\"1516\" height=\"665\" srcset=\"https:\/\/www.xminsulation.com\/wp-content\/uploads\/2025\/07\/\u56fe\u724721.png 1516w, https:\/\/www.xminsulation.com\/wp-content\/uploads\/2025\/07\/\u56fe\u724721-300x132.png 300w, https:\/\/www.xminsulation.com\/wp-content\/uploads\/2025\/07\/\u56fe\u724721-1024x449.png 1024w, https:\/\/www.xminsulation.com\/wp-content\/uploads\/2025\/07\/\u56fe\u724721-768x337.png 768w, https:\/\/www.xminsulation.com\/wp-content\/uploads\/2025\/07\/\u56fe\u724721-18x8.png 18w, https:\/\/www.xminsulation.com\/wp-content\/uploads\/2025\/07\/\u56fe\u724721-600x263.png 600w\" sizes=\"(max-width: 1516px) 100vw, 1516px\" \/><\/p>\n<p><img decoding=\"async\" class=\"size-full wp-image-3871 aligncenter\" src=\"https:\/\/www.xminsulation.com\/wp-content\/uploads\/2025\/07\/\u56fe\u724722.png\" alt=\"\" width=\"1200\" height=\"1200\" srcset=\"https:\/\/www.xminsulation.com\/wp-content\/uploads\/2025\/07\/\u56fe\u724722.png 1200w, https:\/\/www.xminsulation.com\/wp-content\/uploads\/2025\/07\/\u56fe\u724722-300x300.png 300w, https:\/\/www.xminsulation.com\/wp-content\/uploads\/2025\/07\/\u56fe\u724722-1024x1024.png 1024w, https:\/\/www.xminsulation.com\/wp-content\/uploads\/2025\/07\/\u56fe\u724722-150x150.png 150w, https:\/\/www.xminsulation.com\/wp-content\/uploads\/2025\/07\/\u56fe\u724722-768x768.png 768w, https:\/\/www.xminsulation.com\/wp-content\/uploads\/2025\/07\/\u56fe\u724722-12x12.png 12w, https:\/\/www.xminsulation.com\/wp-content\/uploads\/2025\/07\/\u56fe\u724722-600x600.png 600w, https:\/\/www.xminsulation.com\/wp-content\/uploads\/2025\/07\/\u56fe\u724722-100x100.png 100w\" sizes=\"(max-width: 1200px) 100vw, 1200px\" \/> <img decoding=\"async\" class=\"size-full wp-image-3872 aligncenter\" src=\"https:\/\/www.xminsulation.com\/wp-content\/uploads\/2025\/07\/\u56fe\u724723.png\" alt=\"\" width=\"1200\" height=\"1200\" srcset=\"https:\/\/www.xminsulation.com\/wp-content\/uploads\/2025\/07\/\u56fe\u724723.png 1200w, https:\/\/www.xminsulation.com\/wp-content\/uploads\/2025\/07\/\u56fe\u724723-300x300.png 300w, https:\/\/www.xminsulation.com\/wp-content\/uploads\/2025\/07\/\u56fe\u724723-1024x1024.png 1024w, https:\/\/www.xminsulation.com\/wp-content\/uploads\/2025\/07\/\u56fe\u724723-150x150.png 150w, https:\/\/www.xminsulation.com\/wp-content\/uploads\/2025\/07\/\u56fe\u724723-768x768.png 768w, https:\/\/www.xminsulation.com\/wp-content\/uploads\/2025\/07\/\u56fe\u724723-12x12.png 12w, https:\/\/www.xminsulation.com\/wp-content\/uploads\/2025\/07\/\u56fe\u724723-600x600.png 600w, https:\/\/www.xminsulation.com\/wp-content\/uploads\/2025\/07\/\u56fe\u724723-100x100.png 100w\" sizes=\"(max-width: 1200px) 100vw, 1200px\" \/> <img loading=\"lazy\" decoding=\"async\" class=\"size-full wp-image-3873 aligncenter\" src=\"https:\/\/www.xminsulation.com\/wp-content\/uploads\/2025\/07\/\u56fe\u724724.png\" alt=\"\" width=\"1200\" height=\"1200\" srcset=\"https:\/\/www.xminsulation.com\/wp-content\/uploads\/2025\/07\/\u56fe\u724724.png 1200w, https:\/\/www.xminsulation.com\/wp-content\/uploads\/2025\/07\/\u56fe\u724724-300x300.png 300w, https:\/\/www.xminsulation.com\/wp-content\/uploads\/2025\/07\/\u56fe\u724724-1024x1024.png 1024w, https:\/\/www.xminsulation.com\/wp-content\/uploads\/2025\/07\/\u56fe\u724724-150x150.png 150w, https:\/\/www.xminsulation.com\/wp-content\/uploads\/2025\/07\/\u56fe\u724724-768x768.png 768w, https:\/\/www.xminsulation.com\/wp-content\/uploads\/2025\/07\/\u56fe\u724724-12x12.png 12w, https:\/\/www.xminsulation.com\/wp-content\/uploads\/2025\/07\/\u56fe\u724724-600x600.png 600w, https:\/\/www.xminsulation.com\/wp-content\/uploads\/2025\/07\/\u56fe\u724724-100x100.png 100w\" sizes=\"(max-width: 1200px) 100vw, 1200px\" \/><\/p>\n<h2><strong><b>Informations g\u00e9n\u00e9rales<\/b><\/strong><\/h2>\n<p>&nbsp;<\/p>\n<p>L&#039;interrupteur-sectionneur int\u00e9rieur SF6 FL(R)N36 12 kV avec fusibles et interrupteur-sectionneur LBS est adapt\u00e9 aux centrales \u00e9lectriques et aux \u00e9quipements \u00e9lectriques industriels aliment\u00e9s par un r\u00e9seau en boucle ou un terminal triphas\u00e9 CA 50 Hz\/60 Hz. Il est utilis\u00e9 comme protection de ligne de contr\u00f4le de charge pour les syst\u00e8mes \u00e9lectriques 12 kV. L&#039;interrupteur de charge commute le courant de charge, le courant en boucle ferm\u00e9e, le courant \u00e0 vide du transformateur et le courant de charge des c\u00e2bles\u00a0; cet appareil \u00e9lectrique combin\u00e9 peut couper tout courant jusqu&#039;au courant de coupure nominal en court-circuit et convient aux ensembles complets d&#039;\u00e9quipements \u00e9lectriques tels que les unit\u00e9s de r\u00e9seau en boucle et les sous-stations de type bo\u00eetier.<\/p>\n<p>Il est particuli\u00e8rement adapt\u00e9 \u00e0 la distribution d&#039;\u00e9nergie dans les zones r\u00e9sidentielles urbaines, les petites sous-stations secondaires, les bureaux de commutation, les entreprises industrielles et mini\u00e8res, les grands centres commerciaux, les a\u00e9roports, les m\u00e9tros, les h\u00f4pitaux, les stades et autres lieux.<\/p>\n<p>Le produit est conforme aux normes GB3804, GB16926, IEC 60265-1 et GB16926, IEC60420.<\/p>\n<h2><strong><b>Caract\u00e9ristiques structurelles<\/b><\/strong><\/h2>\n<p>&nbsp;<\/p>\n<ol>\n<li>Structure globale \u00e9tanche : Elle int\u00e8gre l&#039;interrupteur de charge, l&#039;interrupteur d&#039;isolement et l&#039;interrupteur de mise \u00e0 la terre, et est scell\u00e9e dans un bo\u00eetier isolant rempli de gaz SF6, avec une pression relative de 0,04 \u00e0 0,05 Mpa, et est conforme au \u00ab syst\u00e8me de pression ferm\u00e9 \u00bb.<\/li>\n<li>Fonction Trinity : L&#039;interrupteur r\u00e9pond aux trois fonctions de charge, d&#039;isolement et de mise \u00e0 la terre.<\/li>\n<li>S\u00e9curit\u00e9 de fonctionnement :<\/li>\n<li>L&#039;interrupteur ne peut \u00eatre que dans l&#039;une des positions \u00ab ferm\u00e9 \u00bb, \u00ab ouvert \u00bb et \u00ab mis \u00e0 la terre \u00bb et dispose d&#039;une fonction de verrouillage naturelle pour \u00e9viter toute mauvaise manipulation.<\/li>\n<li>Le bo\u00eetier d&#039;isolation de l&#039;interrupteur est \u00e9quip\u00e9 d&#039;un diaphragme de s\u00e9curit\u00e9, qui a pour fonction de d\u00e9charge directionnelle vers l&#039;arri\u00e8re et de d\u00e9charge de pression.<\/li>\n<\/ol>\n<p>c, Contient un indicateur de tension.<\/p>\n<ol>\n<li>Il adopte un m\u00e9canisme de fonctionnement \u00e0 ressort et offre des performances stables.<\/li>\n<li>Excellentes performances d&#039;extinction et de coupure d&#039;arc :<\/li>\n<li>Le pouvoir de coupure du courant de transfert nominal de l&#039;appareil combin\u00e9 est de 1400 A.<\/li>\n<li>Il poss\u00e8de de fortes capacit\u00e9s de rupture et d&#039;ouverture sous une pression manom\u00e9trique nulle.<\/li>\n<li>Excellentes performances d&#039;extinction d&#039;arc du gaz SF6.<\/li>\n<li>Longue dur\u00e9e de vie \u00e9lectrique.<\/li>\n<li>Excellentes performances d&#039;isolation :<\/li>\n<\/ol>\n<p>a, le gaz SF6 poss\u00e8de d\u2019excellentes propri\u00e9t\u00e9s isolantes.<\/p>\n<ol>\n<li>La bo\u00eete isolante est fabriqu\u00e9e \u00e0 partir de la technologie de gel sous pression automatique en r\u00e9sine \u00e9poxy (APG), qui pr\u00e9sente une r\u00e9sistance \u00e9lev\u00e9e, de bonnes performances d&#039;isolation et une grande marge.<\/li>\n<li>Excellentes performances d&#039;\u00e9tanch\u00e9it\u00e9, taux de fuite d&#039;air annuel relatif \u2264 0,51 TP3T.<\/li>\n<li>La conception modulaire du commutateur rend sa structure plus compacte. Un m\u00eame commutateur convient \u00e0 diff\u00e9rentes applications et est facile \u00e0 installer.<\/li>\n<li>L&#039;installation d&#039;un m\u00e9canisme \u00e9lectrique permet de r\u00e9aliser les fonctions \u00ab trois t\u00e9l\u00e9commandes \u00bb.<\/li>\n<\/ol>\n<h2><strong><b>M\u00e9canisme de fonctionnement<\/b><\/strong><\/h2>\n<p>&nbsp;<\/p>\n<ol>\n<li>La commutation de l&#039;interrupteur est assur\u00e9e par le m\u00e9canisme de commande. Le ressort du m\u00e9canisme emmagasine l&#039;\u00e9nergie \u00e0 l&#039;avance. En fonctionnement (manuel ou \u00e9lectrique), le ressort lib\u00e8re l&#039;\u00e9nergie une fois le m\u00e9canisme pass\u00e9 le point mort, entra\u00eenant l&#039;interrupteur \u00e0 fermer ou \u00e0 ouvrir les contacts. Par cons\u00e9quent, la vitesse d&#039;ouverture et de fermeture de l&#039;interrupteur est d\u00e9termin\u00e9e par les caract\u00e9ristiques de la machine et n&#039;a aucun rapport avec la vitesse de l&#039;op\u00e9rateur.<\/li>\n<li>Le m\u00e9canisme de fonctionnement de type K ou de type A peut \u00eatre s\u00e9lectionn\u00e9 selon qu&#039;il dispose ou non d&#039;un fusible.<\/li>\n<\/ol>\n<h2><strong><b>Environnement d&#039;utilisation<\/b><\/strong><\/h2>\n<p>&nbsp;<\/p>\n<ol>\n<li>Temp\u00e9rature de l&#039;air ambiant : limite sup\u00e9rieure +40\u2103, limite inf\u00e9rieure -15\u2103.<\/li>\n<li>Humidit\u00e9 environnementale : L&#039;humidit\u00e9 relative moyenne quotidienne n&#039;est pas sup\u00e9rieure \u00e0 95% et l&#039;humidit\u00e9 relative moyenne mensuelle n&#039;est pas sup\u00e9rieure \u00e0 90%.<\/li>\n<li>Altitude : L&#039;altitude maximale du site d&#039;installation de l&#039;\u00e9quipement est de 2000 m.<\/li>\n<li>Tremblement de terre : L\u2019intensit\u00e9 du tremblement de terre ne d\u00e9passe pas 8 degr\u00e9s.<\/li>\n<li>Il n&#039;y a pas de pollution grave dans l&#039;air ambiant, comme de la poussi\u00e8re, de la fum\u00e9e, des produits chimiques corrosifs, des gaz inflammables, de l&#039;essence et des agents salins, etc.<\/li>\n<li>Lorsque les conditions d&#039;environnement d&#039;exploitation sont diff\u00e9rentes ou qu&#039;il existe d&#039;autres exigences, une consultation avec le fabricant est n\u00e9cessaire.<\/li>\n<\/ol>\n<p><img loading=\"lazy\" decoding=\"async\" class=\"size-full wp-image-3874 aligncenter\" src=\"https:\/\/www.xminsulation.com\/wp-content\/uploads\/2025\/07\/\u56fe\u724725.png\" alt=\"\" width=\"1038\" height=\"1148\" srcset=\"https:\/\/www.xminsulation.com\/wp-content\/uploads\/2025\/07\/\u56fe\u724725.png 1038w, https:\/\/www.xminsulation.com\/wp-content\/uploads\/2025\/07\/\u56fe\u724725-271x300.png 271w, https:\/\/www.xminsulation.com\/wp-content\/uploads\/2025\/07\/\u56fe\u724725-926x1024.png 926w, https:\/\/www.xminsulation.com\/wp-content\/uploads\/2025\/07\/\u56fe\u724725-768x849.png 768w, https:\/\/www.xminsulation.com\/wp-content\/uploads\/2025\/07\/\u56fe\u724725-11x12.png 11w, https:\/\/www.xminsulation.com\/wp-content\/uploads\/2025\/07\/\u56fe\u724725-600x664.png 600w\" sizes=\"(max-width: 1038px) 100vw, 1038px\" \/><\/p>\n<h2><strong><b>UN<\/b><\/strong><strong><b>apparence <\/b><\/strong><strong><b>S<\/b><\/strong><strong><b>taille<\/b><\/strong><strong><b>\u00a0<\/b><\/strong><strong><b>(<\/b><\/strong><strong><b>P.<\/b><\/strong><strong><b>hase <\/b><\/strong><strong><b>D<\/b><\/strong><strong><b>distance 2<\/b><\/strong><strong><b>10<\/b><\/strong><strong><b>mm)<\/b><\/strong><\/h2>\n<p><strong><b> <img loading=\"lazy\" decoding=\"async\" class=\"size-full wp-image-3875 aligncenter\" src=\"https:\/\/www.xminsulation.com\/wp-content\/uploads\/2025\/07\/\u56fe\u724726.png\" alt=\"\" width=\"2372\" height=\"1676\" srcset=\"https:\/\/www.xminsulation.com\/wp-content\/uploads\/2025\/07\/\u56fe\u724726.png 2372w, https:\/\/www.xminsulation.com\/wp-content\/uploads\/2025\/07\/\u56fe\u724726-300x212.png 300w, https:\/\/www.xminsulation.com\/wp-content\/uploads\/2025\/07\/\u56fe\u724726-1024x724.png 1024w, https:\/\/www.xminsulation.com\/wp-content\/uploads\/2025\/07\/\u56fe\u724726-768x543.png 768w, https:\/\/www.xminsulation.com\/wp-content\/uploads\/2025\/07\/\u56fe\u724726-1536x1085.png 1536w, https:\/\/www.xminsulation.com\/wp-content\/uploads\/2025\/07\/\u56fe\u724726-2048x1447.png 2048w, https:\/\/www.xminsulation.com\/wp-content\/uploads\/2025\/07\/\u56fe\u724726-18x12.png 18w, https:\/\/www.xminsulation.com\/wp-content\/uploads\/2025\/07\/\u56fe\u724726-600x424.png 600w\" sizes=\"(max-width: 2372px) 100vw, 2372px\" \/><\/b><\/strong><\/p>\n<h2><strong><b>Principe d&#039;extinction et de rupture de l&#039;arc<\/b><\/strong><\/h2>\n<p>&nbsp;<\/p>\n<p>Le gaz SF6 offre d&#039;excellentes performances d&#039;extinction d&#039;arc. Pour \u00e9teindre rapidement l&#039;arc, l&#039;interrupteur coupe le courant et g\u00e9n\u00e8re un arc d\u00e8s la s\u00e9paration des contacts mobiles et statiques. \u00c0 ce moment, le champ magn\u00e9tique de l&#039;aimant permanent entra\u00eene un d\u00e9placement rapide de l&#039;arc, ce qui provoque son allongement et sa combinaison continue avec le gaz SF6, permettant ainsi sa dissociation et son refroidissement rapides. L&#039;arc s&#039;\u00e9teint lorsque le courant passe par z\u00e9ro. La double distance d&#039;ouverture de la fracture assure un niveau d&#039;isolation suffisant pour isoler la fracture. Principe de l&#039;arc rotatif \u00e0 aimant permanent\u00a0: faible puissance de fonctionnement, forte capacit\u00e9 d&#039;extinction, faible br\u00fblure par contact et dur\u00e9e de vie \u00e9lectrique prolong\u00e9e.<\/p>\n<p><img loading=\"lazy\" decoding=\"async\" class=\"size-full wp-image-3876 aligncenter\" src=\"https:\/\/www.xminsulation.com\/wp-content\/uploads\/2025\/07\/\u56fe\u724727.png\" alt=\"\" width=\"1510\" height=\"906\" srcset=\"https:\/\/www.xminsulation.com\/wp-content\/uploads\/2025\/07\/\u56fe\u724727.png 1510w, https:\/\/www.xminsulation.com\/wp-content\/uploads\/2025\/07\/\u56fe\u724727-300x180.png 300w, https:\/\/www.xminsulation.com\/wp-content\/uploads\/2025\/07\/\u56fe\u724727-1024x614.png 1024w, https:\/\/www.xminsulation.com\/wp-content\/uploads\/2025\/07\/\u56fe\u724727-768x461.png 768w, https:\/\/www.xminsulation.com\/wp-content\/uploads\/2025\/07\/\u56fe\u724727-18x12.png 18w, https:\/\/www.xminsulation.com\/wp-content\/uploads\/2025\/07\/\u56fe\u724727-600x360.png 600w\" sizes=\"(max-width: 1510px) 100vw, 1510px\" \/> <img loading=\"lazy\" decoding=\"async\" class=\"size-full wp-image-3877 aligncenter\" src=\"https:\/\/www.xminsulation.com\/wp-content\/uploads\/2025\/07\/\u56fe\u724728.png\" alt=\"\" width=\"682\" height=\"263\" srcset=\"https:\/\/www.xminsulation.com\/wp-content\/uploads\/2025\/07\/\u56fe\u724728.png 682w, https:\/\/www.xminsulation.com\/wp-content\/uploads\/2025\/07\/\u56fe\u724728-300x116.png 300w, https:\/\/www.xminsulation.com\/wp-content\/uploads\/2025\/07\/\u56fe\u724728-18x7.png 18w, https:\/\/www.xminsulation.com\/wp-content\/uploads\/2025\/07\/\u56fe\u724728-600x231.png 600w\" sizes=\"(max-width: 682px) 100vw, 682px\" \/> <img loading=\"lazy\" decoding=\"async\" class=\"size-full wp-image-3878 aligncenter\" src=\"https:\/\/www.xminsulation.com\/wp-content\/uploads\/2025\/07\/\u56fe\u724729.png\" alt=\"\" width=\"649\" height=\"836\" srcset=\"https:\/\/www.xminsulation.com\/wp-content\/uploads\/2025\/07\/\u56fe\u724729.png 649w, https:\/\/www.xminsulation.com\/wp-content\/uploads\/2025\/07\/\u56fe\u724729-233x300.png 233w, https:\/\/www.xminsulation.com\/wp-content\/uploads\/2025\/07\/\u56fe\u724729-9x12.png 9w, https:\/\/www.xminsulation.com\/wp-content\/uploads\/2025\/07\/\u56fe\u724729-600x773.png 600w\" sizes=\"(max-width: 649px) 100vw, 649px\" \/> <img loading=\"lazy\" decoding=\"async\" class=\"size-full wp-image-3879 aligncenter\" src=\"https:\/\/www.xminsulation.com\/wp-content\/uploads\/2025\/07\/\u56fe\u724730.png\" alt=\"\" width=\"1676\" height=\"952\" srcset=\"https:\/\/www.xminsulation.com\/wp-content\/uploads\/2025\/07\/\u56fe\u724730.png 1676w, https:\/\/www.xminsulation.com\/wp-content\/uploads\/2025\/07\/\u56fe\u724730-300x170.png 300w, https:\/\/www.xminsulation.com\/wp-content\/uploads\/2025\/07\/\u56fe\u724730-1024x582.png 1024w, https:\/\/www.xminsulation.com\/wp-content\/uploads\/2025\/07\/\u56fe\u724730-768x436.png 768w, https:\/\/www.xminsulation.com\/wp-content\/uploads\/2025\/07\/\u56fe\u724730-1536x872.png 1536w, https:\/\/www.xminsulation.com\/wp-content\/uploads\/2025\/07\/\u56fe\u724730-18x10.png 18w, https:\/\/www.xminsulation.com\/wp-content\/uploads\/2025\/07\/\u56fe\u724730-600x341.png 600w\" sizes=\"(max-width: 1676px) 100vw, 1676px\" \/><\/p>\n<h2><strong><b>Pr\u00e9sentoir d&#039;armoire \u00e9lectrique<\/b><\/strong><\/h2>\n<p><img loading=\"lazy\" decoding=\"async\" class=\"size-full wp-image-3880 aligncenter\" src=\"https:\/\/www.xminsulation.com\/wp-content\/uploads\/2025\/07\/\u56fe\u724731.png\" alt=\"\" width=\"2014\" height=\"1980\" srcset=\"https:\/\/www.xminsulation.com\/wp-content\/uploads\/2025\/07\/\u56fe\u724731.png 2014w, https:\/\/www.xminsulation.com\/wp-content\/uploads\/2025\/07\/\u56fe\u724731-300x295.png 300w, https:\/\/www.xminsulation.com\/wp-content\/uploads\/2025\/07\/\u56fe\u724731-1024x1007.png 1024w, https:\/\/www.xminsulation.com\/wp-content\/uploads\/2025\/07\/\u56fe\u724731-768x755.png 768w, https:\/\/www.xminsulation.com\/wp-content\/uploads\/2025\/07\/\u56fe\u724731-1536x1510.png 1536w, https:\/\/www.xminsulation.com\/wp-content\/uploads\/2025\/07\/\u56fe\u724731-12x12.png 12w, https:\/\/www.xminsulation.com\/wp-content\/uploads\/2025\/07\/\u56fe\u724731-600x590.png 600w\" sizes=\"(max-width: 2014px) 100vw, 2014px\" \/> <img loading=\"lazy\" decoding=\"async\" class=\"size-full wp-image-3881 aligncenter\" src=\"https:\/\/www.xminsulation.com\/wp-content\/uploads\/2025\/07\/\u56fe\u724732.png\" alt=\"\" width=\"945\" height=\"1461\" srcset=\"https:\/\/www.xminsulation.com\/wp-content\/uploads\/2025\/07\/\u56fe\u724732.png 945w, https:\/\/www.xminsulation.com\/wp-content\/uploads\/2025\/07\/\u56fe\u724732-194x300.png 194w, https:\/\/www.xminsulation.com\/wp-content\/uploads\/2025\/07\/\u56fe\u724732-662x1024.png 662w, https:\/\/www.xminsulation.com\/wp-content\/uploads\/2025\/07\/\u56fe\u724732-768x1187.png 768w, https:\/\/www.xminsulation.com\/wp-content\/uploads\/2025\/07\/\u56fe\u724732-8x12.png 8w, https:\/\/www.xminsulation.com\/wp-content\/uploads\/2025\/07\/\u56fe\u724732-600x928.png 600w\" sizes=\"(max-width: 945px) 100vw, 945px\" \/><\/p>\n<h2><strong><b>Installation et <\/b><\/strong><strong><b>Commission<\/b><\/strong><strong><b>ing<\/b><\/strong><\/h2>\n<p>&nbsp;<\/p>\n<ol>\n<li>Avant l&#039;installation et le d\u00e9bogage, veuillez lire attentivement le manuel d&#039;instructions et effectuer les pr\u00e9paratifs suivants\u00a0: v\u00e9rifiez d&#039;abord l&#039;\u00e9tat du produit. Les produits endommag\u00e9s doivent \u00eatre imm\u00e9diatement arr\u00eat\u00e9s. La deuxi\u00e8me \u00e9tape consiste \u00e0 \u00e9liminer toute contamination de la surface du produit due au transport ou \u00e0 d&#039;autres facteurs.<\/li>\n<li>Lorsque le m\u00e9canisme de fonctionnement et le corps de l&#039;interrupteur sont assembl\u00e9s, il faut s&#039;assurer qu&#039;ils sont fix\u00e9s de mani\u00e8re fiable, et leurs pi\u00e8ces de connexion doivent \u00eatre fix\u00e9es de mani\u00e8re fiable sur l&#039;arbre de fonctionnement du corps de l&#039;interrupteur, et les composants reliant l&#039;interrupteur de charge doivent \u00e9galement \u00eatre fix\u00e9s de mani\u00e8re fiable sur le corps de l&#039;interrupteur. sur l&#039;interrupteur.<\/li>\n<li>Une fois l&#039;installation termin\u00e9e, v\u00e9rifiez que l&#039;interrupteur de charge est en position d&#039;ouverture, ins\u00e9rez la poign\u00e9e de commande dans l&#039;orifice de mise \u00e0 la terre situ\u00e9 \u00e0 l&#039;extr\u00e9mit\u00e9 sup\u00e9rieure du panneau et tournez-la de 180 degr\u00e9s dans le sens des aiguilles d&#039;une montre. Pour fermer la mise \u00e0 la terre, tournez la poign\u00e9e de 180 degr\u00e9s dans le sens inverse des aiguilles d&#039;une montre. Terminez la fermeture de l&#039;interrupteur de mise \u00e0 la terre.<\/li>\n<li>Lors de l&#039;ex\u00e9cution de l&#039;op\u00e9ration de fermeture, v\u00e9rifiez d&#039;abord que l&#039;interrupteur de charge est en position d&#039;ouverture, puis ins\u00e9rez la poign\u00e9e de commande dans le trou de commande de l&#039;interrupteur de charge \u00e0 l&#039;extr\u00e9mit\u00e9 inf\u00e9rieure du panneau et faites tourner la poign\u00e9e de commande de 180 pouces dans le sens des aiguilles d&#039;une montre pour terminer l&#039;op\u00e9ration de fermeture de l&#039;interrupteur de charge.<\/li>\n<li>Pendant le processus de d\u00e9placement de l&#039;interrupteur de charge de la position de fermeture \u00e0 la position d&#039;ouverture, utilisez le m\u00e9canisme de fonctionnement de type K, ins\u00e9rez la poign\u00e9e de fonctionnement dans le trou de fonctionnement de l&#039;interrupteur de charge et faites tourner la poign\u00e9e dans le sens inverse des aiguilles d&#039;une montre de 180 pouces pour effectuer l&#039;op\u00e9ration d&#039;ouverture ; pour le m\u00e9canisme de fonctionnement de type A, m\u00e9canisme de fonctionnement, appuyez sur le bouton d&#039;ouverture pour ouvrir l&#039;interrupteur de charge, v\u00e9rifiez \u00e0 travers la fen\u00eatre d&#039;observation si la position de l&#039;interrupteur est correcte et si les instructions d&#039;observation correspondantes r\u00e9pondent aux exigences.<\/li>\n<li>Remarque : la mise \u00e0 la terre ou la charge ne peut \u00eatre ferm\u00e9e que lorsque l&#039;interrupteur est en position ouverte !<\/li>\n<\/ol>\n<h2><strong><b>Entretien et soins<\/b><\/strong><\/h2>\n<p>&nbsp;<\/p>\n<p>Dans des conditions d&#039;utilisation normales et lorsque l&#039;environnement r\u00e9pond aux exigences des instructions d&#039;installation et d&#039;utilisation, le corps de l&#039;interrupteur est garanti sans entretien pendant 20 ans. En raison des diff\u00e9rences environnementales, des travaux d&#039;inspection et de maintenance sur l&#039;interrupteur de charge restent n\u00e9cessaires.<\/p>\n<ol>\n<li>En fonction de l&#039;environnement de travail, effectuez une inspection visuelle appropri\u00e9e de la couverture isolante entre juin et d\u00e9cembre et retirez les surfaces sales et humides.<\/li>\n<li>Effectuer la lubrification et le contr\u00f4le du fonctionnement du m\u00e9canisme de fonctionnement 1 \u00e0 2 fois par an pour garantir un fonctionnement normal.<\/li>\n<li>Pour les interrupteurs de charge \u00e9quip\u00e9s de manom\u00e8tres, les lectures des manom\u00e8tres doivent \u00eatre v\u00e9rifi\u00e9es de temps \u00e0 autre.<\/li>\n<li>Lorsqu&#039;un courant de d\u00e9faut traverse l&#039;appareil combin\u00e9 interrupteur-fusible et qu&#039;un fusible de phase grille, les fusibles triphas\u00e9s doivent \u00eatre remplac\u00e9s. Lors du remplacement, il est imp\u00e9ratif de fermer le sectionneur de terre et de s&#039;assurer que tous les fusibles triphas\u00e9s sont en place.<\/li>\n<\/ol>","protected":false},"excerpt":{"rendered":"<p>General Information &nbsp; 12kV Indoor SF6 Switch-Disconnector\u00a0FL(R)N36\u00a0Load Break Switch LBS and\u00a0fuse combination appliance are suitable for power stations and industrial electrical equipment powered by three-phase AC 50Hz\/60Hz\u00a0ring network or terminal It is used as load control line protection for 12kV power system. The load switch switches load current, closed-loop current, no-load transformer and cable charging [&hellip;]<\/p>","protected":false},"featured_media":3882,"template":"","meta":{"site-sidebar-layout":"default","site-content-layout":"","ast-site-content-layout":"default","site-content-style":"default","site-sidebar-style":"default","ast-global-header-display":"","ast-banner-title-visibility":"","ast-main-header-display":"","ast-hfb-above-header-display":"","ast-hfb-below-header-display":"","ast-hfb-mobile-header-display":"","site-post-title":"","ast-breadcrumbs-content":"","ast-featured-img":"","footer-sml-layout":"","theme-transparent-header-meta":"default","adv-header-id-meta":"","stick-header-meta":"","header-above-stick-meta":"","header-main-stick-meta":"","header-below-stick-meta":"","astra-migrate-meta-layouts":"set","ast-page-background-enabled":"default","ast-page-background-meta":{"desktop":{"background-color":"","background-image":"","background-repeat":"repeat","background-position":"center center","background-size":"auto","background-attachment":"scroll","background-type":"","background-media":"","overlay-type":"","overlay-color":"","overlay-gradient":""},"tablet":{"background-color":"","background-image":"","background-repeat":"repeat","background-position":"center center","background-size":"auto","background-attachment":"scroll","background-type":"","background-media":"","overlay-type":"","overlay-color":"","overlay-gradient":""},"mobile":{"background-color":"","background-image":"","background-repeat":"repeat","background-position":"center center","background-size":"auto","background-attachment":"scroll","background-type":"","background-media":"","overlay-type":"","overlay-color":"","overlay-gradient":""}},"ast-content-background-meta":{"desktop":{"background-color":"var(--ast-global-color-5)","background-image":"","background-repeat":"repeat","background-position":"center center","background-size":"auto","background-attachment":"scroll","background-type":"","background-media":"","overlay-type":"","overlay-color":"","overlay-gradient":""},"tablet":{"background-color":"var(--ast-global-color-5)","background-image":"","background-repeat":"repeat","background-position":"center center","background-size":"auto","background-attachment":"scroll","background-type":"","background-media":"","overlay-type":"","overlay-color":"","overlay-gradient":""},"mobile":{"background-color":"var(--ast-global-color-5)","background-image":"","background-repeat":"repeat","background-position":"center center","background-size":"auto","background-attachment":"scroll","background-type":"","background-media":"","overlay-type":"","overlay-color":"","overlay-gradient":""}}},"product_cat":[35],"product_tag":[],"class_list":{"0":"post-3869","1":"product","2":"type-product","3":"status-publish","4":"has-post-thumbnail","6":"product_cat-10-40-5kv-indoor-sf6-load-break-switch-flrn36-lbs","7":"desktop-align-left","8":"tablet-align-left","9":"mobile-align-left","11":"first","12":"instock","13":"shipping-taxable","14":"product-type-simple"},"_links":{"self":[{"href":"https:\/\/www.xminsulation.com\/fr\/wp-json\/wp\/v2\/product\/3869","targetHints":{"allow":["GET"]}}],"collection":[{"href":"https:\/\/www.xminsulation.com\/fr\/wp-json\/wp\/v2\/product"}],"about":[{"href":"https:\/\/www.xminsulation.com\/fr\/wp-json\/wp\/v2\/types\/product"}],"wp:featuredmedia":[{"embeddable":true,"href":"https:\/\/www.xminsulation.com\/fr\/wp-json\/wp\/v2\/media\/3882"}],"wp:attachment":[{"href":"https:\/\/www.xminsulation.com\/fr\/wp-json\/wp\/v2\/media?parent=3869"}],"wp:term":[{"taxonomy":"product_cat","embeddable":true,"href":"https:\/\/www.xminsulation.com\/fr\/wp-json\/wp\/v2\/product_cat?post=3869"},{"taxonomy":"product_tag","embeddable":true,"href":"https:\/\/www.xminsulation.com\/fr\/wp-json\/wp\/v2\/product_tag?post=3869"}],"curies":[{"name":"wp","href":"https:\/\/api.w.org\/{rel}","templated":true}]}}