{"id":3781,"date":"2025-06-20T10:15:21","date_gmt":"2025-06-20T02:15:21","guid":{"rendered":"https:\/\/www.xminsulation.com\/?post_type=product&#038;p=3781"},"modified":"2025-06-20T10:15:21","modified_gmt":"2025-06-20T02:15:21","slug":"transformer-bushings-with-plug-connection-with-outer-cone-pps","status":"publish","type":"product","link":"https:\/\/www.xminsulation.com\/fr\/product\/transformer-bushings-with-plug-connection-with-outer-cone-pps\/","title":{"rendered":"Travers\u00e9es de transformateur avec connecteur \u00e0 c\u00f4ne ext\u00e9rieur PPS"},"content":{"rendered":"<p>Type non porcelaine, r\u00e9sine silicone\/\u00e9poxy uniquement<\/p>\n<p>Tension de 10 \u00e0 40,5 kV, courant de 200 A \u00e0 4\u00a0000 A<\/p>\n<p>Norme IEC \/ IEEE<\/p>\n<p><img fetchpriority=\"high\" decoding=\"async\" class=\"alignnone size-full wp-image-3782\" src=\"https:\/\/www.xminsulation.com\/wp-content\/uploads\/2025\/06\/\u56fe\u724711.png\" alt=\"\" width=\"1247\" height=\"704\" srcset=\"https:\/\/www.xminsulation.com\/wp-content\/uploads\/2025\/06\/\u56fe\u724711.png 1247w, https:\/\/www.xminsulation.com\/wp-content\/uploads\/2025\/06\/\u56fe\u724711-300x169.png 300w, https:\/\/www.xminsulation.com\/wp-content\/uploads\/2025\/06\/\u56fe\u724711-1024x578.png 1024w, https:\/\/www.xminsulation.com\/wp-content\/uploads\/2025\/06\/\u56fe\u724711-768x434.png 768w, https:\/\/www.xminsulation.com\/wp-content\/uploads\/2025\/06\/\u56fe\u724711-18x10.png 18w, https:\/\/www.xminsulation.com\/wp-content\/uploads\/2025\/06\/\u56fe\u724711-600x339.png 600w\" sizes=\"(max-width: 1247px) 100vw, 1247px\" \/> <img decoding=\"async\" class=\"alignnone size-full wp-image-3783\" src=\"https:\/\/www.xminsulation.com\/wp-content\/uploads\/2025\/06\/\u56fe\u724712.png\" alt=\"\" width=\"2835\" height=\"1417\" srcset=\"https:\/\/www.xminsulation.com\/wp-content\/uploads\/2025\/06\/\u56fe\u724712.png 2835w, https:\/\/www.xminsulation.com\/wp-content\/uploads\/2025\/06\/\u56fe\u724712-300x150.png 300w, https:\/\/www.xminsulation.com\/wp-content\/uploads\/2025\/06\/\u56fe\u724712-1024x512.png 1024w, https:\/\/www.xminsulation.com\/wp-content\/uploads\/2025\/06\/\u56fe\u724712-768x384.png 768w, https:\/\/www.xminsulation.com\/wp-content\/uploads\/2025\/06\/\u56fe\u724712-1536x768.png 1536w, https:\/\/www.xminsulation.com\/wp-content\/uploads\/2025\/06\/\u56fe\u724712-2048x1024.png 2048w, https:\/\/www.xminsulation.com\/wp-content\/uploads\/2025\/06\/\u56fe\u724712-18x9.png 18w, https:\/\/www.xminsulation.com\/wp-content\/uploads\/2025\/06\/\u56fe\u724712-600x300.png 600w\" sizes=\"(max-width: 2835px) 100vw, 2835px\" \/><\/p>\n<p>En raison des tensions plus \u00e9lev\u00e9es c\u00f4t\u00e9 r\u00e9seau, les travers\u00e9es primaires\/HT sont souvent de type \u00ab\u00a0\u00e0 front isol\u00e9\u00a0\u00bb. Ce type de travers\u00e9e enti\u00e8rement isol\u00e9 limite l&#039;exposition aux tensions plus \u00e9lev\u00e9es et r\u00e9duit le risque d&#039;arc \u00e9lectrique pour les op\u00e9rateurs et autres personnes qualifi\u00e9es acc\u00e9dant \u00e0 l&#039;armoire HT lorsque le transformateur est sous tension. Un autre avantage des travers\u00e9es \u00e0 front isol\u00e9 est qu&#039;elles r\u00e9duisent les distances d&#039;isolement entre elles, permettant ainsi de r\u00e9duire l&#039;encombrement global de l&#039;armoire. Ce type de travers\u00e9e \u00e0 front isol\u00e9 est encore occasionnellement utilis\u00e9 pour les travers\u00e9es primaires\/HT, mais il est moins r\u00e9pandu aujourd&#039;hui pour les transformateurs sur socle.<\/p>\n<p>Comme l&#039;interface \u00e0 sectionneur ne permet g\u00e9n\u00e9ralement qu&#039;une seule connexion de c\u00e2ble par connecteur coud\u00e9, elle est rare pour les terminaisons secondaires\/BT de transformateur (o\u00f9 plusieurs c\u00e2bles sont raccord\u00e9s \u00e0 chaque phase). L&#039;interface \u00e0 sectionneur la plus courante (coupure de charge) a une capacit\u00e9 de courant admissible de 200 A\u00a0; des valeurs nominales de 600 et 900 A sont \u00e9galement disponibles avec des interfaces sans coupure de charge (ou coupure de charge).<\/p>\n<p>Nous pouvons fournir plusieurs styles de connexion ainsi que des solutions sur mesure selon presque tous les types d&#039;exigences\/sp\u00e9cifications des clients.<\/p>\n<p><img decoding=\"async\" class=\"size-full wp-image-3784 aligncenter\" src=\"https:\/\/www.xminsulation.com\/wp-content\/uploads\/2025\/06\/\u56fe\u724713.png\" alt=\"\" width=\"740\" height=\"777\" srcset=\"https:\/\/www.xminsulation.com\/wp-content\/uploads\/2025\/06\/\u56fe\u724713.png 740w, https:\/\/www.xminsulation.com\/wp-content\/uploads\/2025\/06\/\u56fe\u724713-286x300.png 286w, https:\/\/www.xminsulation.com\/wp-content\/uploads\/2025\/06\/\u56fe\u724713-11x12.png 11w, https:\/\/www.xminsulation.com\/wp-content\/uploads\/2025\/06\/\u56fe\u724713-600x630.png 600w\" sizes=\"(max-width: 740px) 100vw, 740px\" \/> <img loading=\"lazy\" decoding=\"async\" class=\"size-full wp-image-3785 aligncenter\" src=\"https:\/\/www.xminsulation.com\/wp-content\/uploads\/2025\/06\/\u56fe\u724714.png\" alt=\"\" width=\"903\" height=\"736\" srcset=\"https:\/\/www.xminsulation.com\/wp-content\/uploads\/2025\/06\/\u56fe\u724714.png 903w, https:\/\/www.xminsulation.com\/wp-content\/uploads\/2025\/06\/\u56fe\u724714-300x245.png 300w, https:\/\/www.xminsulation.com\/wp-content\/uploads\/2025\/06\/\u56fe\u724714-768x626.png 768w, https:\/\/www.xminsulation.com\/wp-content\/uploads\/2025\/06\/\u56fe\u724714-15x12.png 15w, https:\/\/www.xminsulation.com\/wp-content\/uploads\/2025\/06\/\u56fe\u724714-600x489.png 600w\" sizes=\"(max-width: 903px) 100vw, 903px\" \/> <img loading=\"lazy\" decoding=\"async\" class=\"size-full wp-image-3786 aligncenter\" src=\"https:\/\/www.xminsulation.com\/wp-content\/uploads\/2025\/06\/\u56fe\u724715.png\" alt=\"\" width=\"434\" height=\"849\" srcset=\"https:\/\/www.xminsulation.com\/wp-content\/uploads\/2025\/06\/\u56fe\u724715.png 434w, https:\/\/www.xminsulation.com\/wp-content\/uploads\/2025\/06\/\u56fe\u724715-153x300.png 153w, https:\/\/www.xminsulation.com\/wp-content\/uploads\/2025\/06\/\u56fe\u724715-6x12.png 6w\" sizes=\"(max-width: 434px) 100vw, 434px\" \/> <img loading=\"lazy\" decoding=\"async\" class=\"size-full wp-image-3787 aligncenter\" src=\"https:\/\/www.xminsulation.com\/wp-content\/uploads\/2025\/06\/\u56fe\u724716.png\" alt=\"\" width=\"1026\" height=\"806\" srcset=\"https:\/\/www.xminsulation.com\/wp-content\/uploads\/2025\/06\/\u56fe\u724716.png 1026w, https:\/\/www.xminsulation.com\/wp-content\/uploads\/2025\/06\/\u56fe\u724716-300x236.png 300w, https:\/\/www.xminsulation.com\/wp-content\/uploads\/2025\/06\/\u56fe\u724716-1024x804.png 1024w, https:\/\/www.xminsulation.com\/wp-content\/uploads\/2025\/06\/\u56fe\u724716-768x603.png 768w, https:\/\/www.xminsulation.com\/wp-content\/uploads\/2025\/06\/\u56fe\u724716-15x12.png 15w, https:\/\/www.xminsulation.com\/wp-content\/uploads\/2025\/06\/\u56fe\u724716-600x471.png 600w\" sizes=\"(max-width: 1026px) 100vw, 1026px\" \/> <img loading=\"lazy\" decoding=\"async\" class=\"size-full wp-image-3788 aligncenter\" src=\"https:\/\/www.xminsulation.com\/wp-content\/uploads\/2025\/06\/\u56fe\u724717.png\" alt=\"\" width=\"1144\" height=\"778\" srcset=\"https:\/\/www.xminsulation.com\/wp-content\/uploads\/2025\/06\/\u56fe\u724717.png 1144w, https:\/\/www.xminsulation.com\/wp-content\/uploads\/2025\/06\/\u56fe\u724717-300x204.png 300w, https:\/\/www.xminsulation.com\/wp-content\/uploads\/2025\/06\/\u56fe\u724717-1024x696.png 1024w, https:\/\/www.xminsulation.com\/wp-content\/uploads\/2025\/06\/\u56fe\u724717-768x522.png 768w, https:\/\/www.xminsulation.com\/wp-content\/uploads\/2025\/06\/\u56fe\u724717-18x12.png 18w, https:\/\/www.xminsulation.com\/wp-content\/uploads\/2025\/06\/\u56fe\u724717-600x408.png 600w\" sizes=\"(max-width: 1144px) 100vw, 1144px\" \/><\/p>\n<p>&nbsp;<\/p>\n<p><img loading=\"lazy\" decoding=\"async\" class=\"size-full wp-image-3789 aligncenter\" src=\"https:\/\/www.xminsulation.com\/wp-content\/uploads\/2025\/06\/\u5fae\u4fe1\u622a\u56fe_20250620101138.jpg\" alt=\"\" width=\"1026\" height=\"611\" srcset=\"https:\/\/www.xminsulation.com\/wp-content\/uploads\/2025\/06\/\u5fae\u4fe1\u622a\u56fe_20250620101138.jpg 1026w, https:\/\/www.xminsulation.com\/wp-content\/uploads\/2025\/06\/\u5fae\u4fe1\u622a\u56fe_20250620101138-300x179.jpg 300w, https:\/\/www.xminsulation.com\/wp-content\/uploads\/2025\/06\/\u5fae\u4fe1\u622a\u56fe_20250620101138-1024x610.jpg 1024w, https:\/\/www.xminsulation.com\/wp-content\/uploads\/2025\/06\/\u5fae\u4fe1\u622a\u56fe_20250620101138-768x457.jpg 768w, https:\/\/www.xminsulation.com\/wp-content\/uploads\/2025\/06\/\u5fae\u4fe1\u622a\u56fe_20250620101138-18x12.jpg 18w, https:\/\/www.xminsulation.com\/wp-content\/uploads\/2025\/06\/\u5fae\u4fe1\u622a\u56fe_20250620101138-600x357.jpg 600w\" sizes=\"(max-width: 1026px) 100vw, 1026px\" \/> <img loading=\"lazy\" decoding=\"async\" class=\"size-full wp-image-3790 aligncenter\" src=\"https:\/\/www.xminsulation.com\/wp-content\/uploads\/2025\/06\/\u5fae\u4fe1\u622a\u56fe_20250620101147.jpg\" alt=\"\" width=\"1144\" height=\"677\" srcset=\"https:\/\/www.xminsulation.com\/wp-content\/uploads\/2025\/06\/\u5fae\u4fe1\u622a\u56fe_20250620101147.jpg 1144w, https:\/\/www.xminsulation.com\/wp-content\/uploads\/2025\/06\/\u5fae\u4fe1\u622a\u56fe_20250620101147-300x178.jpg 300w, https:\/\/www.xminsulation.com\/wp-content\/uploads\/2025\/06\/\u5fae\u4fe1\u622a\u56fe_20250620101147-1024x606.jpg 1024w, https:\/\/www.xminsulation.com\/wp-content\/uploads\/2025\/06\/\u5fae\u4fe1\u622a\u56fe_20250620101147-768x454.jpg 768w, https:\/\/www.xminsulation.com\/wp-content\/uploads\/2025\/06\/\u5fae\u4fe1\u622a\u56fe_20250620101147-18x12.jpg 18w, https:\/\/www.xminsulation.com\/wp-content\/uploads\/2025\/06\/\u5fae\u4fe1\u622a\u56fe_20250620101147-600x355.jpg 600w\" sizes=\"(max-width: 1144px) 100vw, 1144px\" \/> <img loading=\"lazy\" decoding=\"async\" class=\"size-full wp-image-3791 aligncenter\" src=\"https:\/\/www.xminsulation.com\/wp-content\/uploads\/2025\/06\/\u5fae\u4fe1\u622a\u56fe_20250620101157.jpg\" alt=\"\" width=\"998\" height=\"530\" srcset=\"https:\/\/www.xminsulation.com\/wp-content\/uploads\/2025\/06\/\u5fae\u4fe1\u622a\u56fe_20250620101157.jpg 998w, https:\/\/www.xminsulation.com\/wp-content\/uploads\/2025\/06\/\u5fae\u4fe1\u622a\u56fe_20250620101157-300x159.jpg 300w, https:\/\/www.xminsulation.com\/wp-content\/uploads\/2025\/06\/\u5fae\u4fe1\u622a\u56fe_20250620101157-768x408.jpg 768w, https:\/\/www.xminsulation.com\/wp-content\/uploads\/2025\/06\/\u5fae\u4fe1\u622a\u56fe_20250620101157-18x10.jpg 18w, https:\/\/www.xminsulation.com\/wp-content\/uploads\/2025\/06\/\u5fae\u4fe1\u622a\u56fe_20250620101157-600x319.jpg 600w\" sizes=\"(max-width: 998px) 100vw, 998px\" \/><\/p>\n<p><img loading=\"lazy\" decoding=\"async\" class=\"size-full wp-image-3792 aligncenter\" src=\"https:\/\/www.xminsulation.com\/wp-content\/uploads\/2025\/06\/\u56fe\u724721.png\" alt=\"\" width=\"2568\" height=\"2188\" srcset=\"https:\/\/www.xminsulation.com\/wp-content\/uploads\/2025\/06\/\u56fe\u724721.png 2568w, https:\/\/www.xminsulation.com\/wp-content\/uploads\/2025\/06\/\u56fe\u724721-300x256.png 300w, https:\/\/www.xminsulation.com\/wp-content\/uploads\/2025\/06\/\u56fe\u724721-1024x872.png 1024w, https:\/\/www.xminsulation.com\/wp-content\/uploads\/2025\/06\/\u56fe\u724721-768x654.png 768w, https:\/\/www.xminsulation.com\/wp-content\/uploads\/2025\/06\/\u56fe\u724721-1536x1309.png 1536w, https:\/\/www.xminsulation.com\/wp-content\/uploads\/2025\/06\/\u56fe\u724721-2048x1745.png 2048w, https:\/\/www.xminsulation.com\/wp-content\/uploads\/2025\/06\/\u56fe\u724721-14x12.png 14w, https:\/\/www.xminsulation.com\/wp-content\/uploads\/2025\/06\/\u56fe\u724721-600x511.png 600w\" sizes=\"(max-width: 2568px) 100vw, 2568px\" \/><\/p>\n<p>&nbsp;<\/p>\n<p>&nbsp;<\/p>\n<h2 class=\"wxts\">\u25c6Personnalisation sp\u00e9ciale<\/h2>\n<p>Les param\u00e8tres ci-dessus sont des donn\u00e9es typiques ; si les styles existants ne r\u00e9pondent pas \u00e0 vos demandes sp\u00e9cifiques, veuillez nous contacter pour une conception personnalis\u00e9e. Nous avons d&#039;importantes comp\u00e9tences en mati\u00e8re de d\u00e9veloppement et de production de personnalisation personnalis\u00e9e, nous permettant de fournir des solutions sur mesure aux clients du monde entier.<\/p>\n<p>&nbsp;<\/p>","protected":false},"excerpt":{"rendered":"<p>Non-Porcelain Type, Silicon \/ Epoxy Resin Only Voltage from 10-40.5kV, Current from 200A-4000A IEC \/ IEEE Standard Due to the higher voltages on the utility side, primary\/HV bushings are often the dead front type. The fully insulated dead front apparatus limits exposure to higher voltages and reduces the risk of arc flash for utility workers [&hellip;]<\/p>","protected":false},"featured_media":3793,"template":"","meta":{"site-sidebar-layout":"default","site-content-layout":"","ast-site-content-layout":"default","site-content-style":"default","site-sidebar-style":"default","ast-global-header-display":"","ast-banner-title-visibility":"","ast-main-header-display":"","ast-hfb-above-header-display":"","ast-hfb-below-header-display":"","ast-hfb-mobile-header-display":"","site-post-title":"","ast-breadcrumbs-content":"","ast-featured-img":"","footer-sml-layout":"","theme-transparent-header-meta":"default","adv-header-id-meta":"","stick-header-meta":"","header-above-stick-meta":"","header-main-stick-meta":"","header-below-stick-meta":"","astra-migrate-meta-layouts":"set","ast-page-background-enabled":"default","ast-page-background-meta":{"desktop":{"background-color":"","background-image":"","background-repeat":"repeat","background-position":"center center","background-size":"auto","background-attachment":"scroll","background-type":"","background-media":"","overlay-type":"","overlay-color":"","overlay-gradient":""},"tablet":{"background-color":"","background-image":"","background-repeat":"repeat","background-position":"center center","background-size":"auto","background-attachment":"scroll","background-type":"","background-media":"","overlay-type":"","overlay-color":"","overlay-gradient":""},"mobile":{"background-color":"","background-image":"","background-repeat":"repeat","background-position":"center center","background-size":"auto","background-attachment":"scroll","background-type":"","background-media":"","overlay-type":"","overlay-color":"","overlay-gradient":""}},"ast-content-background-meta":{"desktop":{"background-color":"var(--ast-global-color-5)","background-image":"","background-repeat":"repeat","background-position":"center center","background-size":"auto","background-attachment":"scroll","background-type":"","background-media":"","overlay-type":"","overlay-color":"","overlay-gradient":""},"tablet":{"background-color":"var(--ast-global-color-5)","background-image":"","background-repeat":"repeat","background-position":"center center","background-size":"auto","background-attachment":"scroll","background-type":"","background-media":"","overlay-type":"","overlay-color":"","overlay-gradient":""},"mobile":{"background-color":"var(--ast-global-color-5)","background-image":"","background-repeat":"repeat","background-position":"center center","background-size":"auto","background-attachment":"scroll","background-type":"","background-media":"","overlay-type":"","overlay-color":"","overlay-gradient":""}}},"product_cat":[66],"product_tag":[],"class_list":{"0":"post-3781","1":"product","2":"type-product","3":"status-publish","4":"has-post-thumbnail","6":"product_cat-non-porcelain-composite-transformer-bushings","7":"desktop-align-left","8":"tablet-align-left","9":"mobile-align-left","11":"first","12":"instock","13":"shipping-taxable","14":"product-type-simple"},"_links":{"self":[{"href":"https:\/\/www.xminsulation.com\/fr\/wp-json\/wp\/v2\/product\/3781","targetHints":{"allow":["GET"]}}],"collection":[{"href":"https:\/\/www.xminsulation.com\/fr\/wp-json\/wp\/v2\/product"}],"about":[{"href":"https:\/\/www.xminsulation.com\/fr\/wp-json\/wp\/v2\/types\/product"}],"wp:featuredmedia":[{"embeddable":true,"href":"https:\/\/www.xminsulation.com\/fr\/wp-json\/wp\/v2\/media\/3793"}],"wp:attachment":[{"href":"https:\/\/www.xminsulation.com\/fr\/wp-json\/wp\/v2\/media?parent=3781"}],"wp:term":[{"taxonomy":"product_cat","embeddable":true,"href":"https:\/\/www.xminsulation.com\/fr\/wp-json\/wp\/v2\/product_cat?post=3781"},{"taxonomy":"product_tag","embeddable":true,"href":"https:\/\/www.xminsulation.com\/fr\/wp-json\/wp\/v2\/product_tag?post=3781"}],"curies":[{"name":"wp","href":"https:\/\/api.w.org\/{rel}","templated":true}]}}