{"id":3774,"date":"2025-06-20T10:07:14","date_gmt":"2025-06-20T02:07:14","guid":{"rendered":"https:\/\/www.xminsulation.com\/?post_type=product&#038;p=3774"},"modified":"2025-06-20T10:07:14","modified_gmt":"2025-06-20T02:07:14","slug":"transformer-bushings-combined-resin-silicon-bushings","status":"publish","type":"product","link":"https:\/\/www.xminsulation.com\/fr\/product\/transformer-bushings-combined-resin-silicon-bushings\/","title":{"rendered":"Travers\u00e9es de transformateur combin\u00e9es en r\u00e9sine et silicone"},"content":{"rendered":"<p>Type non porcelaine, r\u00e9sine silicone\/\u00e9poxy uniquement<\/p>\n<p>Tension de 10 \u00e0 40,5 kV, courant de 200 A \u00e0 4\u00a0000 A<\/p>\n<p>Norme IEC \/ IEEE<\/p>\n<p><strong><b> <img fetchpriority=\"high\" decoding=\"async\" class=\"alignnone size-full wp-image-3775\" src=\"https:\/\/www.xminsulation.com\/wp-content\/uploads\/2025\/06\/\u56fe\u72476.png\" alt=\"\" width=\"1244\" height=\"853\" srcset=\"https:\/\/www.xminsulation.com\/wp-content\/uploads\/2025\/06\/\u56fe\u72476.png 1244w, https:\/\/www.xminsulation.com\/wp-content\/uploads\/2025\/06\/\u56fe\u72476-300x206.png 300w, https:\/\/www.xminsulation.com\/wp-content\/uploads\/2025\/06\/\u56fe\u72476-1024x702.png 1024w, https:\/\/www.xminsulation.com\/wp-content\/uploads\/2025\/06\/\u56fe\u72476-768x527.png 768w, https:\/\/www.xminsulation.com\/wp-content\/uploads\/2025\/06\/\u56fe\u72476-18x12.png 18w, https:\/\/www.xminsulation.com\/wp-content\/uploads\/2025\/06\/\u56fe\u72476-600x411.png 600w\" sizes=\"(max-width: 1244px) 100vw, 1244px\" \/><\/b><\/strong><\/p>\n<h2><strong><b>Principal <\/b><\/strong><strong><b>Caract\u00e9ristiques<\/b><\/strong><\/h2>\n<p>Le bo\u00eetier en caoutchouc de silicone, enti\u00e8rement moul\u00e9 par injection, pr\u00e9sente une bonne hydrophobie, une bonne r\u00e9sistance \u00e0 la migration et aux salissures, ainsi que d&#039;excellentes propri\u00e9t\u00e9s d&#039;isolation \u00e9lectrique et de r\u00e9sistance au vieillissement. Il permet de pr\u00e9venir efficacement les accidents de contournement par pollution et d&#039;assurer la s\u00e9curit\u00e9 des lignes de transport haute tension.<\/p>\n<p>La tige en r\u00e9sine \u00e9poxy renforc\u00e9e de fibre de verre modifi\u00e9e est utilis\u00e9e car elle pr\u00e9sente une bonne r\u00e9sistance aux temp\u00e9ratures \u00e9lev\u00e9es, \u00e0 la corrosion sous contrainte et aux attaques acides, ainsi qu&#039;une action d&#039;amortissement fine, une r\u00e9sistance \u00e0 la traction \u00e9lev\u00e9e (&gt; 1200 Mpa) et une r\u00e9sistance au fluage et \u00e0 la fatigue, ce qui garantit efficacement la qualit\u00e9 de l&#039;isolation interne et la r\u00e9sistance m\u00e9canique des isolateurs.<\/p>\n<p>Les embouts sont sertis sur la tige en fibre de verre \u00e0 l&#039;aide d&#039;une sertisseuse \u00e0 d\u00e9placement \u00e0 commande vocale. Les isolateurs ainsi sertis pr\u00e9sentent une r\u00e9sistance m\u00e9canique \u00e9lev\u00e9e et une faible dispersion. La production et l&#039;assemblage font appel \u00e0 une technique de moulage par injection automatique et \u00e0 une m\u00e9thode de sertissage de pointe. L&#039;ensemble du processus de sertissage est contr\u00f4l\u00e9 par ordinateur et le r\u00e9sultat du sertissage est surveill\u00e9 par d\u00e9tecteur \u00e0 ultrasons afin de garantir la qualit\u00e9 de chaque produit.<\/p>\n<p>Nous proposons de multiples styles de connexion ainsi que des solutions sur mesure en fonction de presque tous les types d&#039;exigences\/sp\u00e9cifications des clients.<\/p>\n<p>&nbsp;<\/p>\n<p><img decoding=\"async\" class=\"size-full wp-image-3776 aligncenter\" src=\"https:\/\/www.xminsulation.com\/wp-content\/uploads\/2025\/06\/\u56fe\u72477.png\" alt=\"\" width=\"775\" height=\"1722\" srcset=\"https:\/\/www.xminsulation.com\/wp-content\/uploads\/2025\/06\/\u56fe\u72477.png 775w, https:\/\/www.xminsulation.com\/wp-content\/uploads\/2025\/06\/\u56fe\u72477-135x300.png 135w, https:\/\/www.xminsulation.com\/wp-content\/uploads\/2025\/06\/\u56fe\u72477-461x1024.png 461w, https:\/\/www.xminsulation.com\/wp-content\/uploads\/2025\/06\/\u56fe\u72477-768x1706.png 768w, https:\/\/www.xminsulation.com\/wp-content\/uploads\/2025\/06\/\u56fe\u72477-691x1536.png 691w, https:\/\/www.xminsulation.com\/wp-content\/uploads\/2025\/06\/\u56fe\u72477-5x12.png 5w, https:\/\/www.xminsulation.com\/wp-content\/uploads\/2025\/06\/\u56fe\u72477-600x1333.png 600w\" sizes=\"(max-width: 775px) 100vw, 775px\" \/><\/p>\n<p style=\"text-align: center;\">CRS (CEI) POUR CRS (24-36KV\/250-630A)<\/p>\n<p>&nbsp;<\/p>\n<p><img decoding=\"async\" class=\"size-full wp-image-3777 aligncenter\" src=\"https:\/\/www.xminsulation.com\/wp-content\/uploads\/2025\/06\/\u56fe\u72478.png\" alt=\"\" width=\"679\" height=\"809\" srcset=\"https:\/\/www.xminsulation.com\/wp-content\/uploads\/2025\/06\/\u56fe\u72478.png 679w, https:\/\/www.xminsulation.com\/wp-content\/uploads\/2025\/06\/\u56fe\u72478-252x300.png 252w, https:\/\/www.xminsulation.com\/wp-content\/uploads\/2025\/06\/\u56fe\u72478-10x12.png 10w, https:\/\/www.xminsulation.com\/wp-content\/uploads\/2025\/06\/\u56fe\u72478-600x715.png 600w\" sizes=\"(max-width: 679px) 100vw, 679px\" \/><\/p>\n<p style=\"text-align: center;\">CRS (IEEE)-25-34,5 kV 3\u00a0000 A<\/p>\n<p>&nbsp;<\/p>\n<p><img loading=\"lazy\" decoding=\"async\" class=\"size-full wp-image-3778 aligncenter\" src=\"https:\/\/www.xminsulation.com\/wp-content\/uploads\/2025\/06\/\u56fe\u72479.png\" alt=\"\" width=\"868\" height=\"1292\" srcset=\"https:\/\/www.xminsulation.com\/wp-content\/uploads\/2025\/06\/\u56fe\u72479.png 868w, https:\/\/www.xminsulation.com\/wp-content\/uploads\/2025\/06\/\u56fe\u72479-202x300.png 202w, https:\/\/www.xminsulation.com\/wp-content\/uploads\/2025\/06\/\u56fe\u72479-688x1024.png 688w, https:\/\/www.xminsulation.com\/wp-content\/uploads\/2025\/06\/\u56fe\u72479-768x1143.png 768w, https:\/\/www.xminsulation.com\/wp-content\/uploads\/2025\/06\/\u56fe\u72479-8x12.png 8w, https:\/\/www.xminsulation.com\/wp-content\/uploads\/2025\/06\/\u56fe\u72479-600x893.png 600w\" sizes=\"(max-width: 868px) 100vw, 868px\" \/> <img loading=\"lazy\" decoding=\"async\" class=\"size-full wp-image-3779 aligncenter\" src=\"https:\/\/www.xminsulation.com\/wp-content\/uploads\/2025\/06\/\u56fe\u724710.png\" alt=\"\" width=\"930\" height=\"815\" srcset=\"https:\/\/www.xminsulation.com\/wp-content\/uploads\/2025\/06\/\u56fe\u724710.png 930w, https:\/\/www.xminsulation.com\/wp-content\/uploads\/2025\/06\/\u56fe\u724710-300x263.png 300w, https:\/\/www.xminsulation.com\/wp-content\/uploads\/2025\/06\/\u56fe\u724710-768x673.png 768w, https:\/\/www.xminsulation.com\/wp-content\/uploads\/2025\/06\/\u56fe\u724710-14x12.png 14w, https:\/\/www.xminsulation.com\/wp-content\/uploads\/2025\/06\/\u56fe\u724710-600x526.png 600w\" sizes=\"(max-width: 930px) 100vw, 930px\" \/><\/p>\n<p>&nbsp;<\/p>\n<p>&nbsp;<\/p>\n<p>&nbsp;<\/p>\n<h2 class=\"wxts\">\u25c6Personnalisation sp\u00e9ciale<\/h2>\n<p>Les param\u00e8tres ci-dessus sont des donn\u00e9es typiques ; si les styles existants ne r\u00e9pondent pas \u00e0 vos demandes sp\u00e9cifiques, veuillez nous contacter pour une conception personnalis\u00e9e. Nous avons d&#039;importantes comp\u00e9tences en mati\u00e8re de d\u00e9veloppement et de production de personnalisation personnalis\u00e9e, nous permettant de fournir des solutions sur mesure aux clients du monde entier.<\/p>\n<p>&nbsp;<\/p>\n<p>&nbsp;<\/p>\n<p>&nbsp;<\/p>","protected":false},"excerpt":{"rendered":"<p>Non-Porcelain Type, Silicon \/ Epoxy Resin Only Voltage from 10-40.5kV, Current from 200A-4000A IEC \/ IEEE Standard Main Features The silicone rubber housing taken shape by whole injection. It has good hydrophobicity migration and soil resistance, as well as excellent electrical insulation properties and aging resistance, which could prevent effectively those accidents of pollution flashover [&hellip;]<\/p>","protected":false},"featured_media":3780,"template":"","meta":{"site-sidebar-layout":"default","site-content-layout":"","ast-site-content-layout":"default","site-content-style":"default","site-sidebar-style":"default","ast-global-header-display":"","ast-banner-title-visibility":"","ast-main-header-display":"","ast-hfb-above-header-display":"","ast-hfb-below-header-display":"","ast-hfb-mobile-header-display":"","site-post-title":"","ast-breadcrumbs-content":"","ast-featured-img":"","footer-sml-layout":"","theme-transparent-header-meta":"default","adv-header-id-meta":"","stick-header-meta":"","header-above-stick-meta":"","header-main-stick-meta":"","header-below-stick-meta":"","astra-migrate-meta-layouts":"set","ast-page-background-enabled":"default","ast-page-background-meta":{"desktop":{"background-color":"","background-image":"","background-repeat":"repeat","background-position":"center center","background-size":"auto","background-attachment":"scroll","background-type":"","background-media":"","overlay-type":"","overlay-color":"","overlay-gradient":""},"tablet":{"background-color":"","background-image":"","background-repeat":"repeat","background-position":"center center","background-size":"auto","background-attachment":"scroll","background-type":"","background-media":"","overlay-type":"","overlay-color":"","overlay-gradient":""},"mobile":{"background-color":"","background-image":"","background-repeat":"repeat","background-position":"center center","background-size":"auto","background-attachment":"scroll","background-type":"","background-media":"","overlay-type":"","overlay-color":"","overlay-gradient":""}},"ast-content-background-meta":{"desktop":{"background-color":"var(--ast-global-color-5)","background-image":"","background-repeat":"repeat","background-position":"center center","background-size":"auto","background-attachment":"scroll","background-type":"","background-media":"","overlay-type":"","overlay-color":"","overlay-gradient":""},"tablet":{"background-color":"var(--ast-global-color-5)","background-image":"","background-repeat":"repeat","background-position":"center center","background-size":"auto","background-attachment":"scroll","background-type":"","background-media":"","overlay-type":"","overlay-color":"","overlay-gradient":""},"mobile":{"background-color":"var(--ast-global-color-5)","background-image":"","background-repeat":"repeat","background-position":"center center","background-size":"auto","background-attachment":"scroll","background-type":"","background-media":"","overlay-type":"","overlay-color":"","overlay-gradient":""}}},"product_cat":[66],"product_tag":[],"class_list":{"0":"post-3774","1":"product","2":"type-product","3":"status-publish","4":"has-post-thumbnail","6":"product_cat-non-porcelain-composite-transformer-bushings","7":"desktop-align-left","8":"tablet-align-left","9":"mobile-align-left","11":"first","12":"instock","13":"shipping-taxable","14":"product-type-simple"},"_links":{"self":[{"href":"https:\/\/www.xminsulation.com\/fr\/wp-json\/wp\/v2\/product\/3774","targetHints":{"allow":["GET"]}}],"collection":[{"href":"https:\/\/www.xminsulation.com\/fr\/wp-json\/wp\/v2\/product"}],"about":[{"href":"https:\/\/www.xminsulation.com\/fr\/wp-json\/wp\/v2\/types\/product"}],"wp:featuredmedia":[{"embeddable":true,"href":"https:\/\/www.xminsulation.com\/fr\/wp-json\/wp\/v2\/media\/3780"}],"wp:attachment":[{"href":"https:\/\/www.xminsulation.com\/fr\/wp-json\/wp\/v2\/media?parent=3774"}],"wp:term":[{"taxonomy":"product_cat","embeddable":true,"href":"https:\/\/www.xminsulation.com\/fr\/wp-json\/wp\/v2\/product_cat?post=3774"},{"taxonomy":"product_tag","embeddable":true,"href":"https:\/\/www.xminsulation.com\/fr\/wp-json\/wp\/v2\/product_tag?post=3774"}],"curies":[{"name":"wp","href":"https:\/\/api.w.org\/{rel}","templated":true}]}}