{"id":3359,"date":"2025-07-16T10:35:02","date_gmt":"2025-07-16T02:35:02","guid":{"rendered":"https:\/\/www.xminsulation.com\/?post_type=product&#038;p=3359"},"modified":"2025-07-18T11:10:52","modified_gmt":"2025-07-18T03:10:52","slug":"15kv-indoor-sf6-switch-disconnector-flrn36-load-break-switch-lbs","status":"publish","type":"product","link":"https:\/\/www.xminsulation.com\/fr\/product\/15kv-indoor-sf6-switch-disconnector-flrn36-load-break-switch-lbs\/","title":{"rendered":"Interrupteur-sectionneur int\u00e9rieur SF6 15 kV FL(R)N36 Interrupteur-sectionneur LBS"},"content":{"rendered":"<p><img fetchpriority=\"high\" decoding=\"async\" class=\"alignnone wp-image-3360 size-full\" src=\"https:\/\/www.xminsulation.com\/wp-content\/uploads\/2024\/12\/\u56fe\u72476.png\" alt=\"\" width=\"1000\" height=\"1000\" srcset=\"https:\/\/www.xminsulation.com\/wp-content\/uploads\/2024\/12\/\u56fe\u72476.png 1000w, https:\/\/www.xminsulation.com\/wp-content\/uploads\/2024\/12\/\u56fe\u72476-300x300.png 300w, https:\/\/www.xminsulation.com\/wp-content\/uploads\/2024\/12\/\u56fe\u72476-150x150.png 150w, https:\/\/www.xminsulation.com\/wp-content\/uploads\/2024\/12\/\u56fe\u72476-768x768.png 768w, https:\/\/www.xminsulation.com\/wp-content\/uploads\/2024\/12\/\u56fe\u72476-12x12.png 12w, https:\/\/www.xminsulation.com\/wp-content\/uploads\/2024\/12\/\u56fe\u72476-600x600.png 600w, https:\/\/www.xminsulation.com\/wp-content\/uploads\/2024\/12\/\u56fe\u72476-100x100.png 100w\" sizes=\"(max-width: 1000px) 100vw, 1000px\" \/><\/p>\n<p><img decoding=\"async\" class=\"alignnone wp-image-3361 size-large\" src=\"https:\/\/www.xminsulation.com\/wp-content\/uploads\/2024\/12\/\u56fe\u72477-1024x555.png\" alt=\"\" width=\"1024\" height=\"555\" srcset=\"https:\/\/www.xminsulation.com\/wp-content\/uploads\/2024\/12\/\u56fe\u72477-1024x555.png 1024w, https:\/\/www.xminsulation.com\/wp-content\/uploads\/2024\/12\/\u56fe\u72477-300x163.png 300w, https:\/\/www.xminsulation.com\/wp-content\/uploads\/2024\/12\/\u56fe\u72477-768x416.png 768w, https:\/\/www.xminsulation.com\/wp-content\/uploads\/2024\/12\/\u56fe\u72477-1536x833.png 1536w, https:\/\/www.xminsulation.com\/wp-content\/uploads\/2024\/12\/\u56fe\u72477-18x10.png 18w, https:\/\/www.xminsulation.com\/wp-content\/uploads\/2024\/12\/\u56fe\u72477-600x325.png 600w, https:\/\/www.xminsulation.com\/wp-content\/uploads\/2024\/12\/\u56fe\u72477.png 1616w\" sizes=\"(max-width: 1024px) 100vw, 1024px\" \/><\/p>\n<p><img decoding=\"async\" class=\"alignnone wp-image-3362 size-large\" src=\"https:\/\/www.xminsulation.com\/wp-content\/uploads\/2024\/12\/\u56fe\u72478-1024x651.png\" alt=\"\" width=\"1024\" height=\"651\" srcset=\"https:\/\/www.xminsulation.com\/wp-content\/uploads\/2024\/12\/\u56fe\u72478-1024x651.png 1024w, https:\/\/www.xminsulation.com\/wp-content\/uploads\/2024\/12\/\u56fe\u72478-300x191.png 300w, https:\/\/www.xminsulation.com\/wp-content\/uploads\/2024\/12\/\u56fe\u72478-768x488.png 768w, https:\/\/www.xminsulation.com\/wp-content\/uploads\/2024\/12\/\u56fe\u72478-1536x977.png 1536w, https:\/\/www.xminsulation.com\/wp-content\/uploads\/2024\/12\/\u56fe\u72478-18x12.png 18w, https:\/\/www.xminsulation.com\/wp-content\/uploads\/2024\/12\/\u56fe\u72478-600x382.png 600w, https:\/\/www.xminsulation.com\/wp-content\/uploads\/2024\/12\/\u56fe\u72478.png 1610w\" sizes=\"(max-width: 1024px) 100vw, 1024px\" \/><\/p>\n<p>&nbsp;<\/p>\n<h2><strong><b>Informations g\u00e9n\u00e9rales<\/b><\/strong><\/h2>\n<p>&nbsp;<\/p>\n<p>L&#039;interrupteur-sectionneur FL(R)N36 LBS 15 kV pour int\u00e9rieur au gaz SF6 est un interrupteur de charge rotatif \u00e0 double coupure utilisant le gaz SF6 comme isolant et agent d&#039;extinction d&#039;arc. Il est adapt\u00e9 aux r\u00e9seaux de distribution d&#039;\u00e9nergie 15 kV. Chaque interrupteur est scell\u00e9 de mani\u00e8re permanente apr\u00e8s avoir \u00e9t\u00e9 rempli de gaz SF6 \u00e0 une pression de 0,4 bar. Il peut \u00eatre install\u00e9 verticalement ou horizontalement. La m\u00e9thode d&#039;installation typique dans une unit\u00e9 de r\u00e9seau en boucle consiste \u00e0 installer une cloison en acier horizontale entre le local des c\u00e2bles et le local du jeu de barres. Cette m\u00e9thode d&#039;installation isole le jeu de barres du raccord de c\u00e2bles afin de respecter les exigences de s\u00e9curit\u00e9 d&#039;exploitation et de maintenance.<\/p>\n<p>L&#039;association de l&#039;interrupteur de charge int\u00e9rieur haute tension SF6 FLN36-15 \u00e0 d&#039;autres composants \u00e9lectriques permet de r\u00e9aliser des fonctions de contr\u00f4le et de protection, ainsi que de prot\u00e9ger les \u00e9quipements \u00e9lectriques des entreprises industrielles et mini\u00e8res, des r\u00e9seaux d&#039;alimentation \u00e9lectrique civils et des sous-stations secondaires. L&#039;appareil combin\u00e9 interrupteur de charge-fusible FLRN36-15 kV, qui offre les m\u00eames caract\u00e9ristiques de protection que les transformateurs, est particuli\u00e8rement adapt\u00e9 aux alimentations en r\u00e9seau en boucle.<\/p>\n<h2><strong><b>De construction <\/b><\/strong><strong><b>F<\/b><\/strong><strong><b>caract\u00e9ristiques<\/b><\/strong><\/h2>\n<p>&nbsp;<\/p>\n<ol>\n<li>L&#039;interrupteur de charge FLN36-15 adopte une double rupture et un contact mobile rotatif, qui a les trois \u00e9tats suivants : fermeture ; ouverture ; mise \u00e0 la terre.<\/li>\n<li>L&#039;interrupteur de charge utilise du SF6 comme agent d&#039;extinction et d&#039;isolation de l&#039;arc. Son \u00e9tanch\u00e9it\u00e9 est assur\u00e9e par des coques sup\u00e9rieure et inf\u00e9rieure moul\u00e9es en r\u00e9sine \u00e9poxy et offre une excellente isolation.<\/li>\n<li>En cas d&#039;arc \u00e9lectrique interne et de faiblesse structurelle \u00e0 l&#039;arri\u00e8re du bo\u00eetier, celui-ci sera ouvert. La soupape de fuite d&#039;arc de l&#039;armoire sera alors ouverte et le flux d&#039;air de surpression sera dirig\u00e9 vers l&#039;ext\u00e9rieur de l&#039;armoire. Les performances de s\u00e9curit\u00e9 sont excellentes.<\/li>\n<li>Chaque interrupteur de charge est scell\u00e9 et sans entretien \u00e0 vie.<\/li>\n<li>La pression relative du gaz SF6 dans l&#039;interrupteur de charge est de 0,045 Mpa.<\/li>\n<li>La dur\u00e9e de vie m\u00e9canique de l&#039;interrupteur de charge est de 5000 fois fermeture-ouverture et de 2000 fois ouverture-ouverture.<\/li>\n<li>L&#039;interrupteur de charge FLN36-15 et son m\u00e9canisme de commande sont plac\u00e9s dans l&#039;unit\u00e9 sup\u00e9rieure amovible. Il peut facilement \u00eatre transform\u00e9 en armoire \u00e9lectrique combin\u00e9e interrupteur de charge + fusibles, ou inversement.<\/li>\n<\/ol>\n<h2><strong><b>M\u00e9canisme de fonctionnement<\/b><\/strong><\/h2>\n<p>Le m\u00e9canisme de commande \u00e0 ressort de l&#039;interrupteur de charge et de ses dispositifs \u00e9lectriques combin\u00e9s se divise en deux types\u00a0: simple et double. L&#039;interrupteur de charge FLN36-15, \u00e9quip\u00e9 d&#039;un simple m\u00e9canisme de commande \u00e0 ressort, est principalement utilis\u00e9 pour le contr\u00f4le des lignes entrantes et sortantes. L&#039;appareil combin\u00e9 interrupteur de charge-fusible FLRN36-15, \u00e9quip\u00e9 d&#039;un double m\u00e9canisme de commande \u00e0 ressort, est principalement utilis\u00e9 pour la protection des transformateurs.<\/p>\n<h2><strong><b>Environnement d&#039;utilisation<\/b><\/strong><\/h2>\n<p>&nbsp;<\/p>\n<ol>\n<li>Temp\u00e9rature de l&#039;air ambiant : limite sup\u00e9rieure +40\u2103, limite inf\u00e9rieure -15\u2103.<\/li>\n<li>Humidit\u00e9 environnementale : L&#039;humidit\u00e9 relative moyenne quotidienne n&#039;est pas sup\u00e9rieure \u00e0 95% et l&#039;humidit\u00e9 relative moyenne mensuelle n&#039;est pas sup\u00e9rieure \u00e0 90%.<\/li>\n<li>Altitude : L&#039;altitude maximale du site d&#039;installation de l&#039;\u00e9quipement est de 2000 m.<\/li>\n<li>Tremblement de terre : L\u2019intensit\u00e9 du tremblement de terre ne d\u00e9passe pas 8 degr\u00e9s.<\/li>\n<li>L&#039;air ambiant ne doit pas \u00eatre significativement pollu\u00e9 par des gaz inflammables corrosifs, de la vapeur d&#039;eau, etc. Il ne doit pas y avoir de vibrations violentes et fr\u00e9quentes.<\/li>\n<\/ol>\n<p><img loading=\"lazy\" decoding=\"async\" class=\"alignnone wp-image-3363 size-full\" src=\"https:\/\/www.xminsulation.com\/wp-content\/uploads\/2024\/12\/\u56fe\u72479.png\" alt=\"\" width=\"1206\" height=\"1548\" srcset=\"https:\/\/www.xminsulation.com\/wp-content\/uploads\/2024\/12\/\u56fe\u72479.png 1206w, https:\/\/www.xminsulation.com\/wp-content\/uploads\/2024\/12\/\u56fe\u72479-234x300.png 234w, https:\/\/www.xminsulation.com\/wp-content\/uploads\/2024\/12\/\u56fe\u72479-798x1024.png 798w, https:\/\/www.xminsulation.com\/wp-content\/uploads\/2024\/12\/\u56fe\u72479-768x986.png 768w, https:\/\/www.xminsulation.com\/wp-content\/uploads\/2024\/12\/\u56fe\u72479-1197x1536.png 1197w, https:\/\/www.xminsulation.com\/wp-content\/uploads\/2024\/12\/\u56fe\u72479-9x12.png 9w, https:\/\/www.xminsulation.com\/wp-content\/uploads\/2024\/12\/\u56fe\u72479-600x770.png 600w\" sizes=\"(max-width: 1206px) 100vw, 1206px\" \/><\/p>\n<h2><strong><b>Apparence <\/b><\/strong><strong><b>S<\/b><\/strong><strong><b>taille <\/b><\/strong><strong><b>T<\/b><\/strong><strong><b>moi (<\/b><\/strong><strong><b>P.<\/b><\/strong><strong><b>hase <\/b><\/strong><strong><b>D<\/b><\/strong><strong><b>distance 2<\/b><\/strong><strong><b>1<\/b><\/strong><strong><b>0 mm)<\/b><\/strong><\/h2>\n<p><strong><b>\u00a0<\/b><\/strong><\/p>\n<p><img loading=\"lazy\" decoding=\"async\" class=\"alignnone wp-image-3364 size-large\" src=\"https:\/\/www.xminsulation.com\/wp-content\/uploads\/2024\/12\/\u56fe\u724710-1024x787.png\" alt=\"\" width=\"1024\" height=\"787\" srcset=\"https:\/\/www.xminsulation.com\/wp-content\/uploads\/2024\/12\/\u56fe\u724710-1024x787.png 1024w, https:\/\/www.xminsulation.com\/wp-content\/uploads\/2024\/12\/\u56fe\u724710-300x231.png 300w, https:\/\/www.xminsulation.com\/wp-content\/uploads\/2024\/12\/\u56fe\u724710-768x590.png 768w, https:\/\/www.xminsulation.com\/wp-content\/uploads\/2024\/12\/\u56fe\u724710-1536x1180.png 1536w, https:\/\/www.xminsulation.com\/wp-content\/uploads\/2024\/12\/\u56fe\u724710-2048x1574.png 2048w, https:\/\/www.xminsulation.com\/wp-content\/uploads\/2024\/12\/\u56fe\u724710-16x12.png 16w, https:\/\/www.xminsulation.com\/wp-content\/uploads\/2024\/12\/\u56fe\u724710-600x461.png 600w\" sizes=\"(max-width: 1024px) 100vw, 1024px\" \/><\/p>\n<h2><strong><b>Rupture <\/b><\/strong><strong><b>P.<\/b><\/strong><strong><b>principe<\/b><\/strong><\/h2>\n<p>&nbsp;<\/p>\n<p>Le gaz SF6 offre d&#039;excellentes performances d&#039;extinction d&#039;arc. Pour \u00e9teindre rapidement l&#039;arc, l&#039;interrupteur coupe le courant et g\u00e9n\u00e8re un arc d\u00e8s la s\u00e9paration des contacts mobiles et statiques. \u00c0 ce moment, le champ magn\u00e9tique de l&#039;aimant permanent entra\u00eene un d\u00e9placement rapide de l&#039;arc, ce qui provoque son allongement et sa combinaison continue avec le gaz SF6, permettant ainsi sa dissociation et son refroidissement rapides. L&#039;arc s&#039;\u00e9teint lorsque le courant passe par z\u00e9ro. La double distance d&#039;ouverture de la fracture assure un niveau d&#039;isolation suffisant pour isoler la fracture. Principe de l&#039;arc rotatif \u00e0 aimant permanent\u00a0: faible puissance de fonctionnement, forte capacit\u00e9 d&#039;extinction, faible br\u00fblure par contact et dur\u00e9e de vie \u00e9lectrique prolong\u00e9e.<\/p>\n<p><img loading=\"lazy\" decoding=\"async\" class=\"alignnone wp-image-3365 size-large\" src=\"https:\/\/www.xminsulation.com\/wp-content\/uploads\/2024\/12\/\u56fe\u724711-1024x614.png\" alt=\"\" width=\"1024\" height=\"614\" srcset=\"https:\/\/www.xminsulation.com\/wp-content\/uploads\/2024\/12\/\u56fe\u724711-1024x614.png 1024w, https:\/\/www.xminsulation.com\/wp-content\/uploads\/2024\/12\/\u56fe\u724711-300x180.png 300w, https:\/\/www.xminsulation.com\/wp-content\/uploads\/2024\/12\/\u56fe\u724711-768x461.png 768w, https:\/\/www.xminsulation.com\/wp-content\/uploads\/2024\/12\/\u56fe\u724711-18x12.png 18w, https:\/\/www.xminsulation.com\/wp-content\/uploads\/2024\/12\/\u56fe\u724711-600x360.png 600w, https:\/\/www.xminsulation.com\/wp-content\/uploads\/2024\/12\/\u56fe\u724711.png 1510w\" sizes=\"(max-width: 1024px) 100vw, 1024px\" \/><\/p>\n<p>&nbsp;<\/p>\n<p><img loading=\"lazy\" decoding=\"async\" class=\"alignnone wp-image-3366 size-full\" src=\"https:\/\/www.xminsulation.com\/wp-content\/uploads\/2024\/12\/\u56fe\u724712.png\" alt=\"\" width=\"682\" height=\"263\" srcset=\"https:\/\/www.xminsulation.com\/wp-content\/uploads\/2024\/12\/\u56fe\u724712.png 682w, https:\/\/www.xminsulation.com\/wp-content\/uploads\/2024\/12\/\u56fe\u724712-300x116.png 300w, https:\/\/www.xminsulation.com\/wp-content\/uploads\/2024\/12\/\u56fe\u724712-18x7.png 18w, https:\/\/www.xminsulation.com\/wp-content\/uploads\/2024\/12\/\u56fe\u724712-600x231.png 600w\" sizes=\"(max-width: 682px) 100vw, 682px\" \/><\/p>\n<p>&nbsp;<\/p>\n<p><img loading=\"lazy\" decoding=\"async\" class=\"alignnone wp-image-3367 size-large\" src=\"https:\/\/www.xminsulation.com\/wp-content\/uploads\/2024\/12\/\u56fe\u724713-1024x582.png\" alt=\"\" width=\"1024\" height=\"582\" srcset=\"https:\/\/www.xminsulation.com\/wp-content\/uploads\/2024\/12\/\u56fe\u724713-1024x582.png 1024w, https:\/\/www.xminsulation.com\/wp-content\/uploads\/2024\/12\/\u56fe\u724713-300x170.png 300w, https:\/\/www.xminsulation.com\/wp-content\/uploads\/2024\/12\/\u56fe\u724713-768x436.png 768w, https:\/\/www.xminsulation.com\/wp-content\/uploads\/2024\/12\/\u56fe\u724713-1536x872.png 1536w, https:\/\/www.xminsulation.com\/wp-content\/uploads\/2024\/12\/\u56fe\u724713-18x10.png 18w, https:\/\/www.xminsulation.com\/wp-content\/uploads\/2024\/12\/\u56fe\u724713-600x341.png 600w, https:\/\/www.xminsulation.com\/wp-content\/uploads\/2024\/12\/\u56fe\u724713.png 1676w\" sizes=\"(max-width: 1024px) 100vw, 1024px\" \/><\/p>\n<h2><strong><b>Installation et <\/b><\/strong><strong><b>Commission<\/b><\/strong><strong><b>ing<\/b><\/strong><\/h2>\n<p>&nbsp;<\/p>\n<ol>\n<li>Avant l&#039;installation et le d\u00e9bogage, veuillez lire attentivement le manuel d&#039;instructions et effectuer les pr\u00e9paratifs suivants\u00a0: v\u00e9rifiez d&#039;abord l&#039;\u00e9tat du produit. Les produits endommag\u00e9s doivent \u00eatre imm\u00e9diatement arr\u00eat\u00e9s. La deuxi\u00e8me \u00e9tape consiste \u00e0 \u00e9liminer toute contamination de la surface du produit due au transport ou \u00e0 d&#039;autres facteurs.<\/li>\n<li>Lorsque le m\u00e9canisme de fonctionnement et le corps de l&#039;interrupteur sont assembl\u00e9s, il faut s&#039;assurer qu&#039;ils sont fix\u00e9s de mani\u00e8re fiable, et leurs pi\u00e8ces de connexion doivent \u00eatre fix\u00e9es de mani\u00e8re fiable sur l&#039;arbre de fonctionnement du corps de l&#039;interrupteur, et les composants reliant l&#039;interrupteur de charge doivent \u00e9galement \u00eatre fix\u00e9s de mani\u00e8re fiable sur le corps de l&#039;interrupteur. sur l&#039;interrupteur.<\/li>\n<li>Une fois l&#039;installation termin\u00e9e, v\u00e9rifiez que l&#039;interrupteur de charge est en position d&#039;ouverture, ins\u00e9rez la poign\u00e9e de commande dans l&#039;orifice de mise \u00e0 la terre situ\u00e9 \u00e0 l&#039;extr\u00e9mit\u00e9 sup\u00e9rieure du panneau et tournez-la de 180 degr\u00e9s dans le sens des aiguilles d&#039;une montre. Pour fermer la mise \u00e0 la terre, tournez la poign\u00e9e de 180 degr\u00e9s dans le sens inverse des aiguilles d&#039;une montre. Terminez la fermeture de l&#039;interrupteur de mise \u00e0 la terre.<\/li>\n<li>Lors de l&#039;ex\u00e9cution de l&#039;op\u00e9ration de fermeture, v\u00e9rifiez d&#039;abord que l&#039;interrupteur de charge est en position d&#039;ouverture, puis ins\u00e9rez la poign\u00e9e de commande dans le trou de commande de l&#039;interrupteur de charge \u00e0 l&#039;extr\u00e9mit\u00e9 inf\u00e9rieure du panneau et faites tourner la poign\u00e9e de commande de 180 pouces dans le sens des aiguilles d&#039;une montre pour terminer l&#039;op\u00e9ration de fermeture de l&#039;interrupteur de charge.<\/li>\n<li>Pendant le processus de d\u00e9placement de l&#039;interrupteur de charge de la position de fermeture \u00e0 la position d&#039;ouverture, utilisez le m\u00e9canisme de fonctionnement de type K, ins\u00e9rez la poign\u00e9e de fonctionnement dans le trou de fonctionnement de l&#039;interrupteur de charge et faites tourner la poign\u00e9e dans le sens inverse des aiguilles d&#039;une montre de 180 pouces pour effectuer l&#039;op\u00e9ration d&#039;ouverture ; pour le m\u00e9canisme de fonctionnement de type A, m\u00e9canisme de fonctionnement, appuyez sur le bouton d&#039;ouverture pour ouvrir l&#039;interrupteur de charge, v\u00e9rifiez \u00e0 travers la fen\u00eatre d&#039;observation si la position de l&#039;interrupteur est correcte et si les instructions d&#039;observation correspondantes r\u00e9pondent aux exigences.<\/li>\n<li>Remarque : la mise \u00e0 la terre ou la charge ne peut \u00eatre ferm\u00e9e que lorsque l&#039;interrupteur est en position ouverte !<\/li>\n<\/ol>\n<h2><strong><b>Entretien et <\/b><\/strong><strong><b>C<\/b><\/strong><strong><b>sont<\/b><\/strong><\/h2>\n<p>&nbsp;<\/p>\n<p>Dans des conditions d&#039;utilisation normales et lorsque l&#039;environnement r\u00e9pond aux exigences des instructions d&#039;installation et d&#039;utilisation, le corps de l&#039;interrupteur est garanti sans entretien pendant 20 ans. En raison des diff\u00e9rences environnementales, des travaux d&#039;inspection et de maintenance sur l&#039;interrupteur de charge restent n\u00e9cessaires.<\/p>\n<ol>\n<li>En fonction de l&#039;environnement de travail, effectuez une inspection visuelle appropri\u00e9e de la couverture isolante entre juin et d\u00e9cembre et retirez les surfaces sales et humides.<\/li>\n<li>Effectuer la lubrification et le contr\u00f4le du fonctionnement du m\u00e9canisme de fonctionnement 1 \u00e0 2 fois par an pour garantir un fonctionnement normal.<\/li>\n<li>Pour les interrupteurs de charge \u00e9quip\u00e9s de manom\u00e8tres, les lectures des manom\u00e8tres doivent \u00eatre v\u00e9rifi\u00e9es de temps \u00e0 autre.<\/li>\n<li>Lorsqu&#039;un courant de d\u00e9faut traverse l&#039;appareil combin\u00e9 interrupteur-fusible et qu&#039;un fusible de phase grille, les fusibles triphas\u00e9s doivent \u00eatre remplac\u00e9s. Lors du remplacement, il est imp\u00e9ratif de fermer le sectionneur de terre et de s&#039;assurer que tous les fusibles triphas\u00e9s sont en place.<\/li>\n<\/ol>\n<h2><strong><b>Changer <\/b><\/strong><strong><b>C<\/b><\/strong><strong><b>armoire <\/b><\/strong><strong><b>D<\/b><\/strong><strong><b>afficher<\/b><\/strong><\/h2>\n<p><strong><b> <img loading=\"lazy\" decoding=\"async\" class=\"alignnone wp-image-3368 size-full\" src=\"https:\/\/www.xminsulation.com\/wp-content\/uploads\/2024\/12\/\u56fe\u724714.png\" alt=\"\" width=\"680\" height=\"755\" srcset=\"https:\/\/www.xminsulation.com\/wp-content\/uploads\/2024\/12\/\u56fe\u724714.png 680w, https:\/\/www.xminsulation.com\/wp-content\/uploads\/2024\/12\/\u56fe\u724714-270x300.png 270w, https:\/\/www.xminsulation.com\/wp-content\/uploads\/2024\/12\/\u56fe\u724714-11x12.png 11w, https:\/\/www.xminsulation.com\/wp-content\/uploads\/2024\/12\/\u56fe\u724714-600x666.png 600w\" sizes=\"(max-width: 680px) 100vw, 680px\" \/><\/b><\/strong><\/p>\n<p>&nbsp;<\/p>\n<p><strong><b> <img loading=\"lazy\" decoding=\"async\" class=\"alignnone wp-image-3369 size-large\" src=\"https:\/\/www.xminsulation.com\/wp-content\/uploads\/2024\/12\/\u56fe\u724715-1024x489.png\" alt=\"\" width=\"1024\" height=\"489\" srcset=\"https:\/\/www.xminsulation.com\/wp-content\/uploads\/2024\/12\/\u56fe\u724715-1024x489.png 1024w, https:\/\/www.xminsulation.com\/wp-content\/uploads\/2024\/12\/\u56fe\u724715-300x143.png 300w, https:\/\/www.xminsulation.com\/wp-content\/uploads\/2024\/12\/\u56fe\u724715-768x367.png 768w, https:\/\/www.xminsulation.com\/wp-content\/uploads\/2024\/12\/\u56fe\u724715-1536x734.png 1536w, https:\/\/www.xminsulation.com\/wp-content\/uploads\/2024\/12\/\u56fe\u724715-2048x979.png 2048w, https:\/\/www.xminsulation.com\/wp-content\/uploads\/2024\/12\/\u56fe\u724715-18x9.png 18w, https:\/\/www.xminsulation.com\/wp-content\/uploads\/2024\/12\/\u56fe\u724715-600x287.png 600w\" sizes=\"(max-width: 1024px) 100vw, 1024px\" \/><\/b><\/strong><\/p>\n<p><strong><b> <img loading=\"lazy\" decoding=\"async\" class=\"alignnone wp-image-3370 size-large\" src=\"https:\/\/www.xminsulation.com\/wp-content\/uploads\/2024\/12\/\u56fe\u724716-1024x718.png\" alt=\"\" width=\"1024\" height=\"718\" srcset=\"https:\/\/www.xminsulation.com\/wp-content\/uploads\/2024\/12\/\u56fe\u724716-1024x718.png 1024w, https:\/\/www.xminsulation.com\/wp-content\/uploads\/2024\/12\/\u56fe\u724716-300x210.png 300w, https:\/\/www.xminsulation.com\/wp-content\/uploads\/2024\/12\/\u56fe\u724716-768x539.png 768w, https:\/\/www.xminsulation.com\/wp-content\/uploads\/2024\/12\/\u56fe\u724716-1536x1077.png 1536w, https:\/\/www.xminsulation.com\/wp-content\/uploads\/2024\/12\/\u56fe\u724716-2048x1437.png 2048w, https:\/\/www.xminsulation.com\/wp-content\/uploads\/2024\/12\/\u56fe\u724716-18x12.png 18w, https:\/\/www.xminsulation.com\/wp-content\/uploads\/2024\/12\/\u56fe\u724716-600x421.png 600w\" sizes=\"(max-width: 1024px) 100vw, 1024px\" \/><\/b><\/strong><\/p>\n<p>&nbsp;<\/p>\n<div class=\"wxts\">\n<h2>\u25c6Personnalisation sp\u00e9ciale<\/h2>\n<p>Les param\u00e8tres ci-dessus sont des donn\u00e9es typiques\u00a0; si les styles existants ne r\u00e9pondent pas \u00e0 vos demandes sp\u00e9cifiques, veuillez nous contacter pour une conception personnalis\u00e9e. Nous disposons d&#039;importantes comp\u00e9tences en mati\u00e8re de d\u00e9veloppement et de production de personnalisation personnalis\u00e9e, nous permettant de fournir des solutions sur mesure aux clients du monde entier.<\/p>\n<\/div>\n<p>&nbsp;<\/p>\n<p>&nbsp;<\/p>","protected":false},"excerpt":{"rendered":"<p>&nbsp; General Information &nbsp; 15kV Indoor SF6 Switch-Disconnector FL(R)N36 Load Break Switch LBS is a double-break rotary load switch using SF6 gas as the insulating and arc-extinguishing medium. It is suitable for 15kV power distribution systems. Each switch is permanently sealed after being filled with 0.4bar pressure SF6 gas. The switch can be installed vertically [&hellip;]<\/p>","protected":false},"featured_media":3371,"template":"","meta":{"site-sidebar-layout":"default","site-content-layout":"","ast-site-content-layout":"default","site-content-style":"default","site-sidebar-style":"default","ast-global-header-display":"","ast-banner-title-visibility":"","ast-main-header-display":"","ast-hfb-above-header-display":"","ast-hfb-below-header-display":"","ast-hfb-mobile-header-display":"","site-post-title":"","ast-breadcrumbs-content":"","ast-featured-img":"","footer-sml-layout":"","theme-transparent-header-meta":"default","adv-header-id-meta":"","stick-header-meta":"","header-above-stick-meta":"","header-main-stick-meta":"","header-below-stick-meta":"","astra-migrate-meta-layouts":"set","ast-page-background-enabled":"default","ast-page-background-meta":{"desktop":{"background-color":"","background-image":"","background-repeat":"repeat","background-position":"center center","background-size":"auto","background-attachment":"scroll","background-type":"","background-media":"","overlay-type":"","overlay-color":"","overlay-gradient":""},"tablet":{"background-color":"","background-image":"","background-repeat":"repeat","background-position":"center center","background-size":"auto","background-attachment":"scroll","background-type":"","background-media":"","overlay-type":"","overlay-color":"","overlay-gradient":""},"mobile":{"background-color":"","background-image":"","background-repeat":"repeat","background-position":"center center","background-size":"auto","background-attachment":"scroll","background-type":"","background-media":"","overlay-type":"","overlay-color":"","overlay-gradient":""}},"ast-content-background-meta":{"desktop":{"background-color":"var(--ast-global-color-5)","background-image":"","background-repeat":"repeat","background-position":"center center","background-size":"auto","background-attachment":"scroll","background-type":"","background-media":"","overlay-type":"","overlay-color":"","overlay-gradient":""},"tablet":{"background-color":"var(--ast-global-color-5)","background-image":"","background-repeat":"repeat","background-position":"center center","background-size":"auto","background-attachment":"scroll","background-type":"","background-media":"","overlay-type":"","overlay-color":"","overlay-gradient":""},"mobile":{"background-color":"var(--ast-global-color-5)","background-image":"","background-repeat":"repeat","background-position":"center center","background-size":"auto","background-attachment":"scroll","background-type":"","background-media":"","overlay-type":"","overlay-color":"","overlay-gradient":""}}},"product_cat":[35],"product_tag":[],"class_list":{"0":"post-3359","1":"product","2":"type-product","3":"status-publish","4":"has-post-thumbnail","6":"product_cat-10-40-5kv-indoor-sf6-load-break-switch-flrn36-lbs","7":"desktop-align-left","8":"tablet-align-left","9":"mobile-align-left","11":"first","12":"instock","13":"shipping-taxable","14":"product-type-simple"},"_links":{"self":[{"href":"https:\/\/www.xminsulation.com\/fr\/wp-json\/wp\/v2\/product\/3359","targetHints":{"allow":["GET"]}}],"collection":[{"href":"https:\/\/www.xminsulation.com\/fr\/wp-json\/wp\/v2\/product"}],"about":[{"href":"https:\/\/www.xminsulation.com\/fr\/wp-json\/wp\/v2\/types\/product"}],"wp:featuredmedia":[{"embeddable":true,"href":"https:\/\/www.xminsulation.com\/fr\/wp-json\/wp\/v2\/media\/3371"}],"wp:attachment":[{"href":"https:\/\/www.xminsulation.com\/fr\/wp-json\/wp\/v2\/media?parent=3359"}],"wp:term":[{"taxonomy":"product_cat","embeddable":true,"href":"https:\/\/www.xminsulation.com\/fr\/wp-json\/wp\/v2\/product_cat?post=3359"},{"taxonomy":"product_tag","embeddable":true,"href":"https:\/\/www.xminsulation.com\/fr\/wp-json\/wp\/v2\/product_tag?post=3359"}],"curies":[{"name":"wp","href":"https:\/\/api.w.org\/{rel}","templated":true}]}}