{"id":3146,"date":"2024-05-14T00:06:09","date_gmt":"2024-05-13T16:06:09","guid":{"rendered":"https:\/\/www.xminsulation.com\/?post_type=product&#038;p=3146"},"modified":"2024-09-15T08:39:36","modified_gmt":"2024-09-15T00:39:36","slug":"ground-operating-flw34-12-40-5kv-pole-mounted-sf6-lbs","status":"publish","type":"product","link":"https:\/\/www.xminsulation.com\/fr\/product\/ground-operating-flw34-12-40-5kv-pole-mounted-sf6-lbs\/","title":{"rendered":"FLW34-12\/40,5 kV mont\u00e9 sur poteau SF6 LBS \u00e0 fonctionnement au sol"},"content":{"rendered":"<p><img fetchpriority=\"high\" decoding=\"async\" class=\"alignnone wp-image-3147 size-large\" src=\"https:\/\/www.xminsulation.com\/wp-content\/uploads\/2024\/09\/\u56fe\u724720-1-1024x1024.png\" alt=\"\" width=\"1024\" height=\"1024\" srcset=\"https:\/\/www.xminsulation.com\/wp-content\/uploads\/2024\/09\/\u56fe\u724720-1-1024x1024.png 1024w, https:\/\/www.xminsulation.com\/wp-content\/uploads\/2024\/09\/\u56fe\u724720-1-300x300.png 300w, https:\/\/www.xminsulation.com\/wp-content\/uploads\/2024\/09\/\u56fe\u724720-1-150x150.png 150w, https:\/\/www.xminsulation.com\/wp-content\/uploads\/2024\/09\/\u56fe\u724720-1-768x768.png 768w, https:\/\/www.xminsulation.com\/wp-content\/uploads\/2024\/09\/\u56fe\u724720-1-1536x1536.png 1536w, https:\/\/www.xminsulation.com\/wp-content\/uploads\/2024\/09\/\u56fe\u724720-1-12x12.png 12w, https:\/\/www.xminsulation.com\/wp-content\/uploads\/2024\/09\/\u56fe\u724720-1-600x600.png 600w, https:\/\/www.xminsulation.com\/wp-content\/uploads\/2024\/09\/\u56fe\u724720-1-100x100.png 100w, https:\/\/www.xminsulation.com\/wp-content\/uploads\/2024\/09\/\u56fe\u724720-1.png 1600w\" sizes=\"(max-width: 1024px) 100vw, 1024px\" \/> <img decoding=\"async\" class=\"alignnone wp-image-3148 size-large\" src=\"https:\/\/www.xminsulation.com\/wp-content\/uploads\/2024\/09\/\u56fe\u724721-1-1024x762.png\" alt=\"\" width=\"1024\" height=\"762\" srcset=\"https:\/\/www.xminsulation.com\/wp-content\/uploads\/2024\/09\/\u56fe\u724721-1-1024x762.png 1024w, https:\/\/www.xminsulation.com\/wp-content\/uploads\/2024\/09\/\u56fe\u724721-1-300x223.png 300w, https:\/\/www.xminsulation.com\/wp-content\/uploads\/2024\/09\/\u56fe\u724721-1-768x572.png 768w, https:\/\/www.xminsulation.com\/wp-content\/uploads\/2024\/09\/\u56fe\u724721-1-1536x1143.png 1536w, https:\/\/www.xminsulation.com\/wp-content\/uploads\/2024\/09\/\u56fe\u724721-1-16x12.png 16w, https:\/\/www.xminsulation.com\/wp-content\/uploads\/2024\/09\/\u56fe\u724721-1-600x447.png 600w, https:\/\/www.xminsulation.com\/wp-content\/uploads\/2024\/09\/\u56fe\u724721-1.png 1948w\" sizes=\"(max-width: 1024px) 100vw, 1024px\" \/> <img decoding=\"async\" class=\"alignnone wp-image-3149 size-full\" src=\"https:\/\/www.xminsulation.com\/wp-content\/uploads\/2024\/09\/\u56fe\u724722-1.png\" alt=\"\" width=\"777\" height=\"866\" srcset=\"https:\/\/www.xminsulation.com\/wp-content\/uploads\/2024\/09\/\u56fe\u724722-1.png 777w, https:\/\/www.xminsulation.com\/wp-content\/uploads\/2024\/09\/\u56fe\u724722-1-269x300.png 269w, https:\/\/www.xminsulation.com\/wp-content\/uploads\/2024\/09\/\u56fe\u724722-1-768x856.png 768w, https:\/\/www.xminsulation.com\/wp-content\/uploads\/2024\/09\/\u56fe\u724722-1-11x12.png 11w, https:\/\/www.xminsulation.com\/wp-content\/uploads\/2024\/09\/\u56fe\u724722-1-600x669.png 600w\" sizes=\"(max-width: 777px) 100vw, 777px\" \/> <img loading=\"lazy\" decoding=\"async\" class=\"alignnone wp-image-3150 size-large\" src=\"https:\/\/www.xminsulation.com\/wp-content\/uploads\/2024\/09\/\u56fe\u724723-724x1024.png\" alt=\"\" width=\"724\" height=\"1024\" srcset=\"https:\/\/www.xminsulation.com\/wp-content\/uploads\/2024\/09\/\u56fe\u724723-724x1024.png 724w, https:\/\/www.xminsulation.com\/wp-content\/uploads\/2024\/09\/\u56fe\u724723-212x300.png 212w, https:\/\/www.xminsulation.com\/wp-content\/uploads\/2024\/09\/\u56fe\u724723-768x1086.png 768w, https:\/\/www.xminsulation.com\/wp-content\/uploads\/2024\/09\/\u56fe\u724723-1086x1536.png 1086w, https:\/\/www.xminsulation.com\/wp-content\/uploads\/2024\/09\/\u56fe\u724723-1448x2048.png 1448w, https:\/\/www.xminsulation.com\/wp-content\/uploads\/2024\/09\/\u56fe\u724723-8x12.png 8w, https:\/\/www.xminsulation.com\/wp-content\/uploads\/2024\/09\/\u56fe\u724723-600x849.png 600w\" sizes=\"(max-width: 724px) 100vw, 724px\" \/><\/p>\n<h2><strong><b>P.<\/b><\/strong><strong><b>produit <\/b><\/strong><strong><b>D<\/b><\/strong><strong><b>description<\/b><\/strong><\/h2>\n<p>&nbsp;<\/p>\n<p>Interrupteur-sectionneur de charge FLW34-12\/40,5 kV pour poteau ext\u00e9rieur SF6. Le SF6 LBS est un ensemble complet d&#039;interrupteurs pour poteau, d\u00e9velopp\u00e9 conform\u00e9ment aux normes de fusion primaire et secondaire. Son principal avantage est la possibilit\u00e9 pour les \u00e9lectriciens d&#039;activer ou de d\u00e9sactiver manuellement l&#039;interrupteur de charge sur le poteau depuis le sol.<\/p>\n<p>&nbsp;<\/p>\n<p>L&#039;interrupteur pr\u00e9sente une structure compacte, une disposition judicieuse et des fonctions compl\u00e8tes. Tous les indicateurs r\u00e9pondent aux exigences techniques de fusion primaire et secondaire. Il s&#039;agit d&#039;un ensemble complet de produits pour les interrupteurs sur poteau d&#039;automatisation de la distribution \u00e9lectrique ext\u00e9rieure. L&#039;interrupteur de charge adopte le principe d&#039;extinction d&#039;arc SF6 et int\u00e8gre des transformateurs de courant haute pr\u00e9cision, des transformateurs de courant homopolaires et des capteurs de tension homopolaires. Cet ensemble complet d&#039;interrupteurs peut \u00eatre utilis\u00e9 pour les courants de charge et les surcharges dans les syst\u00e8mes de coupure et de fermeture des r\u00e9seaux de distribution moyenne tension. Il est capable d&#039;isoler automatiquement les sections de ligne de distribution d\u00e9fectueuses.<\/p>\n<p>&nbsp;<\/p>\n<h2><strong><b>D&#039;abord et <\/b><\/strong><strong><b>S<\/b><\/strong><strong><b>deuxi\u00e8me <\/b><\/strong><strong><b>F<\/b><\/strong><strong><b>usion <\/b><\/strong><strong><b>F<\/b><\/strong><strong><b>caract\u00e9ristiques<\/b><\/strong><\/h2>\n<h3><strong><b>SF6 primaire <\/b><\/strong><strong><b>L<\/b><\/strong><strong><b>charge <\/b><\/strong><strong><b>S<\/b><\/strong><strong><b>sorci\u00e8re <\/b><\/strong><strong><b>P.<\/b><\/strong><strong><b>art:<\/b><\/strong><\/h3>\n<p><strong><b>\u00a0<\/b><\/strong><\/p>\n<ol>\n<li>Le corps utilise du gaz SF6 de haute puret\u00e9 (plus de 99,91 TP3T) offrant d&#039;excellentes propri\u00e9t\u00e9s d&#039;isolation et d&#039;extinction d&#039;arc. Son temps d&#039;extinction d&#039;arc extr\u00eamement court (1\/2 cycle) et son excellent r\u00e9tablissement de l&#039;isolation offrent des performances d&#039;isolation sup\u00e9rieures. De plus, le temps d&#039;extinction de l&#039;arc lors de l&#039;interruption du courant de charge est tr\u00e8s court et la consommation de contact de l&#039;\u00e9l\u00e9ment de coupure est faible, ce qui \u00e9vite tout entretien ni remplacement de l&#039;\u00e9l\u00e9ment de coupure.<\/li>\n<li>Le bo\u00eetier de commutation est fabriqu\u00e9 en acier inoxydable 304 pour r\u00e9pondre aux exigences de r\u00e9sistance \u00e0 la corrosion pour une utilisation permanente.<\/li>\n<li>Le m\u00e9canisme de stockage d&#039;\u00e9nergie \u00e0 ressort est maintenu m\u00e9caniquement, et les op\u00e9rations de fermeture et d&#039;ouverture rapides manuelles et \u00e9lectriques sont possibles. L&#039;ouverture et la fermeture sont rapides en moins de 60 ms et sont parfaitement compatibles avec les dispositifs de protection de secours.<\/li>\n<li>\u00c9quip\u00e9 d&#039;un m\u00e9canisme de verrouillage manuel pour \u00e9viter les erreurs de manipulation lors de la maintenance et am\u00e9liorer le facteur de s\u00e9curit\u00e9.<\/li>\n<li>\u00c9quip\u00e9 d&#039;un dispositif de d\u00e9charge de pression haute pression, m\u00eame en cas de d\u00e9faillance interne, le bo\u00eetier ne sera pas endommag\u00e9 en raison d&#039;une augmentation soudaine de la pression du gaz dans le bo\u00eetier.<\/li>\n<\/ol>\n<h3><strong><b>Secondaire <\/b><\/strong><strong><b>je<\/b><\/strong><strong><b>intelligent <\/b><\/strong><strong><b>C<\/b><\/strong><strong><b>contr\u00f4leur <\/b><\/strong><strong><b>P.<\/b><\/strong><strong><b>art:<\/b><\/strong><\/h3>\n<p>&nbsp;<\/p>\n<ol>\n<li>Conforme \u00e0 la norme IEC 61850 pour r\u00e9aliser le plug and play.<\/li>\n<li>Il adopte un processeur de signal num\u00e9rique hautes performances et un r\u00e9seau logique programmable sur le terrain \u00e0 grande \u00e9chelle, dispose de puissantes capacit\u00e9s de traitement de donn\u00e9es en temps r\u00e9el et de riches ressources de m\u00e9moire, et r\u00e9pond aux exigences d&#039;application des logiciels d&#039;application et de communication avanc\u00e9s, de la gestion du syst\u00e8me, de l&#039;interaction homme-ordinateur et d&#039;autres fonctions.<\/li>\n<li>Il peut \u00eatre configur\u00e9 de mani\u00e8re flexible en fonction des besoins pour faciliter la r\u00e9alisation de fonctions \u00ab deux t\u00e9l\u00e9commandes \u00bb ou \u00ab trois t\u00e9l\u00e9commandes \u00bb.<\/li>\n<li>Structure modulaire et standardis\u00e9e, utilisant un bus s\u00e9rie en temps r\u00e9el \u00e0 grande vitesse, une extension flexible et une maintenance facile.<\/li>\n<li>Bas\u00e9 sur le syst\u00e8me d&#039;exploitation Linux en temps r\u00e9el, il adopte une structure logicielle hi\u00e9rarchique et modulaire. Les applications acc\u00e8dent aux ressources et aux donn\u00e9es sous-jacentes via des interfaces ouvertes, s\u00e9parent les donn\u00e9es des applications et prennent en charge le chargement et le d\u00e9chargement dynamiques des applications. Les applications sont plug-and-play. Fournit une plate-forme de support unifi\u00e9e pour diverses applications de r\u00e9seau de distribution intelligent.<\/li>\n<\/ol>\n<h2><strong>Dimensions<\/strong><\/h2>\n<p><img loading=\"lazy\" decoding=\"async\" class=\"alignnone wp-image-3151 size-large\" src=\"https:\/\/www.xminsulation.com\/wp-content\/uploads\/2024\/09\/\u56fe\u724724-1024x731.png\" alt=\"\" width=\"1024\" height=\"731\" srcset=\"https:\/\/www.xminsulation.com\/wp-content\/uploads\/2024\/09\/\u56fe\u724724-1024x731.png 1024w, https:\/\/www.xminsulation.com\/wp-content\/uploads\/2024\/09\/\u56fe\u724724-300x214.png 300w, https:\/\/www.xminsulation.com\/wp-content\/uploads\/2024\/09\/\u56fe\u724724-768x548.png 768w, https:\/\/www.xminsulation.com\/wp-content\/uploads\/2024\/09\/\u56fe\u724724-1536x1096.png 1536w, https:\/\/www.xminsulation.com\/wp-content\/uploads\/2024\/09\/\u56fe\u724724-2048x1462.png 2048w, https:\/\/www.xminsulation.com\/wp-content\/uploads\/2024\/09\/\u56fe\u724724-18x12.png 18w, https:\/\/www.xminsulation.com\/wp-content\/uploads\/2024\/09\/\u56fe\u724724-600x428.png 600w\" sizes=\"(max-width: 1024px) 100vw, 1024px\" \/> <img loading=\"lazy\" decoding=\"async\" class=\"alignnone wp-image-3152 size-large\" src=\"https:\/\/www.xminsulation.com\/wp-content\/uploads\/2024\/09\/\u56fe\u724725-1024x638.png\" alt=\"\" width=\"1024\" height=\"638\" srcset=\"https:\/\/www.xminsulation.com\/wp-content\/uploads\/2024\/09\/\u56fe\u724725-1024x638.png 1024w, https:\/\/www.xminsulation.com\/wp-content\/uploads\/2024\/09\/\u56fe\u724725-300x187.png 300w, https:\/\/www.xminsulation.com\/wp-content\/uploads\/2024\/09\/\u56fe\u724725-768x478.png 768w, https:\/\/www.xminsulation.com\/wp-content\/uploads\/2024\/09\/\u56fe\u724725-1536x957.png 1536w, https:\/\/www.xminsulation.com\/wp-content\/uploads\/2024\/09\/\u56fe\u724725-18x12.png 18w, https:\/\/www.xminsulation.com\/wp-content\/uploads\/2024\/09\/\u56fe\u724725-600x374.png 600w, https:\/\/www.xminsulation.com\/wp-content\/uploads\/2024\/09\/\u56fe\u724725.png 1920w\" sizes=\"(max-width: 1024px) 100vw, 1024px\" \/> <img loading=\"lazy\" decoding=\"async\" class=\"alignnone wp-image-3153 size-full\" src=\"https:\/\/www.xminsulation.com\/wp-content\/uploads\/2024\/09\/\u56fe\u724726.png\" alt=\"\" width=\"852\" height=\"750\" srcset=\"https:\/\/www.xminsulation.com\/wp-content\/uploads\/2024\/09\/\u56fe\u724726.png 852w, https:\/\/www.xminsulation.com\/wp-content\/uploads\/2024\/09\/\u56fe\u724726-300x264.png 300w, https:\/\/www.xminsulation.com\/wp-content\/uploads\/2024\/09\/\u56fe\u724726-768x676.png 768w, https:\/\/www.xminsulation.com\/wp-content\/uploads\/2024\/09\/\u56fe\u724726-14x12.png 14w, https:\/\/www.xminsulation.com\/wp-content\/uploads\/2024\/09\/\u56fe\u724726-600x528.png 600w\" sizes=\"(max-width: 852px) 100vw, 852px\" \/> <img loading=\"lazy\" decoding=\"async\" class=\"alignnone wp-image-3154 size-full\" src=\"https:\/\/www.xminsulation.com\/wp-content\/uploads\/2024\/09\/\u56fe\u724727.png\" alt=\"\" width=\"852\" height=\"744\" srcset=\"https:\/\/www.xminsulation.com\/wp-content\/uploads\/2024\/09\/\u56fe\u724727.png 852w, https:\/\/www.xminsulation.com\/wp-content\/uploads\/2024\/09\/\u56fe\u724727-300x262.png 300w, https:\/\/www.xminsulation.com\/wp-content\/uploads\/2024\/09\/\u56fe\u724727-768x671.png 768w, https:\/\/www.xminsulation.com\/wp-content\/uploads\/2024\/09\/\u56fe\u724727-14x12.png 14w, https:\/\/www.xminsulation.com\/wp-content\/uploads\/2024\/09\/\u56fe\u724727-600x524.png 600w\" sizes=\"(max-width: 852px) 100vw, 852px\" \/> <img loading=\"lazy\" decoding=\"async\" class=\"alignnone wp-image-3155 size-full\" src=\"https:\/\/www.xminsulation.com\/wp-content\/uploads\/2024\/09\/\u56fe\u724728.png\" alt=\"\" width=\"852\" height=\"766\" srcset=\"https:\/\/www.xminsulation.com\/wp-content\/uploads\/2024\/09\/\u56fe\u724728.png 852w, https:\/\/www.xminsulation.com\/wp-content\/uploads\/2024\/09\/\u56fe\u724728-300x270.png 300w, https:\/\/www.xminsulation.com\/wp-content\/uploads\/2024\/09\/\u56fe\u724728-768x690.png 768w, https:\/\/www.xminsulation.com\/wp-content\/uploads\/2024\/09\/\u56fe\u724728-13x12.png 13w, https:\/\/www.xminsulation.com\/wp-content\/uploads\/2024\/09\/\u56fe\u724728-600x539.png 600w\" sizes=\"(max-width: 852px) 100vw, 852px\" \/> <img loading=\"lazy\" decoding=\"async\" class=\"alignnone wp-image-3156 size-full\" src=\"https:\/\/www.xminsulation.com\/wp-content\/uploads\/2024\/09\/\u56fe\u724729.png\" alt=\"\" width=\"754\" height=\"828\" srcset=\"https:\/\/www.xminsulation.com\/wp-content\/uploads\/2024\/09\/\u56fe\u724729.png 754w, https:\/\/www.xminsulation.com\/wp-content\/uploads\/2024\/09\/\u56fe\u724729-273x300.png 273w, https:\/\/www.xminsulation.com\/wp-content\/uploads\/2024\/09\/\u56fe\u724729-11x12.png 11w, https:\/\/www.xminsulation.com\/wp-content\/uploads\/2024\/09\/\u56fe\u724729-600x659.png 600w\" sizes=\"(max-width: 754px) 100vw, 754px\" \/><\/p>\n<h2><strong><b>Illustration de l&#039;installation<\/b><\/strong><\/h2>\n<p><img loading=\"lazy\" decoding=\"async\" class=\"alignnone wp-image-3157 size-full\" src=\"https:\/\/www.xminsulation.com\/wp-content\/uploads\/2024\/09\/\u56fe\u724730.png\" alt=\"\" width=\"777\" height=\"866\" srcset=\"https:\/\/www.xminsulation.com\/wp-content\/uploads\/2024\/09\/\u56fe\u724730.png 777w, https:\/\/www.xminsulation.com\/wp-content\/uploads\/2024\/09\/\u56fe\u724730-269x300.png 269w, https:\/\/www.xminsulation.com\/wp-content\/uploads\/2024\/09\/\u56fe\u724730-768x856.png 768w, https:\/\/www.xminsulation.com\/wp-content\/uploads\/2024\/09\/\u56fe\u724730-11x12.png 11w, https:\/\/www.xminsulation.com\/wp-content\/uploads\/2024\/09\/\u56fe\u724730-600x669.png 600w\" sizes=\"(max-width: 777px) 100vw, 777px\" \/> <img loading=\"lazy\" decoding=\"async\" class=\"alignnone wp-image-3158 size-full\" src=\"https:\/\/www.xminsulation.com\/wp-content\/uploads\/2024\/09\/\u56fe\u724731.png\" alt=\"\" width=\"773\" height=\"784\" srcset=\"https:\/\/www.xminsulation.com\/wp-content\/uploads\/2024\/09\/\u56fe\u724731.png 773w, https:\/\/www.xminsulation.com\/wp-content\/uploads\/2024\/09\/\u56fe\u724731-296x300.png 296w, https:\/\/www.xminsulation.com\/wp-content\/uploads\/2024\/09\/\u56fe\u724731-768x779.png 768w, https:\/\/www.xminsulation.com\/wp-content\/uploads\/2024\/09\/\u56fe\u724731-12x12.png 12w, https:\/\/www.xminsulation.com\/wp-content\/uploads\/2024\/09\/\u56fe\u724731-600x609.png 600w, https:\/\/www.xminsulation.com\/wp-content\/uploads\/2024\/09\/\u56fe\u724731-100x100.png 100w\" sizes=\"(max-width: 773px) 100vw, 773px\" \/><\/p>\n<h2>\u25c6Personnalisation sp\u00e9ciale<\/h2>\n<p>Les param\u00e8tres ci-dessus sont des donn\u00e9es typiques\u00a0; si les styles existants ne r\u00e9pondent pas \u00e0 vos demandes sp\u00e9cifiques, veuillez nous contacter pour une conception personnalis\u00e9e. Nous disposons d&#039;importantes comp\u00e9tences en mati\u00e8re de d\u00e9veloppement et de production de personnalisation personnalis\u00e9e, nous permettant de fournir des solutions sur mesure aux clients du monde entier.<\/p>\n<p>&nbsp;<\/p>\n<p>&nbsp;<\/p>\n<p>&nbsp;<\/p>\n<p>&nbsp;<\/p>\n<p>&nbsp;<\/p>","protected":false},"excerpt":{"rendered":"<p>Product Description &nbsp; Ground Operating FLW34-12\/40.5kV Pole Mounted SF6 Load Break Switch outdoor SF6 LBS is a complete set of pole-mounted switch products developed in accordance with primary and secondary fusion standards. Its most significant advantage is that electricians can manually turn on or off the load switch on the pole from the ground. &nbsp; [&hellip;]<\/p>","protected":false},"featured_media":3164,"template":"","meta":{"site-sidebar-layout":"default","site-content-layout":"","ast-site-content-layout":"default","site-content-style":"default","site-sidebar-style":"default","ast-global-header-display":"","ast-banner-title-visibility":"","ast-main-header-display":"","ast-hfb-above-header-display":"","ast-hfb-below-header-display":"","ast-hfb-mobile-header-display":"","site-post-title":"","ast-breadcrumbs-content":"","ast-featured-img":"","footer-sml-layout":"","theme-transparent-header-meta":"default","adv-header-id-meta":"","stick-header-meta":"","header-above-stick-meta":"","header-main-stick-meta":"","header-below-stick-meta":"","astra-migrate-meta-layouts":"set","ast-page-background-enabled":"default","ast-page-background-meta":{"desktop":{"background-color":"","background-image":"","background-repeat":"repeat","background-position":"center center","background-size":"auto","background-attachment":"scroll","background-type":"","background-media":"","overlay-type":"","overlay-color":"","overlay-gradient":""},"tablet":{"background-color":"","background-image":"","background-repeat":"repeat","background-position":"center center","background-size":"auto","background-attachment":"scroll","background-type":"","background-media":"","overlay-type":"","overlay-color":"","overlay-gradient":""},"mobile":{"background-color":"","background-image":"","background-repeat":"repeat","background-position":"center center","background-size":"auto","background-attachment":"scroll","background-type":"","background-media":"","overlay-type":"","overlay-color":"","overlay-gradient":""}},"ast-content-background-meta":{"desktop":{"background-color":"var(--ast-global-color-5)","background-image":"","background-repeat":"repeat","background-position":"center center","background-size":"auto","background-attachment":"scroll","background-type":"","background-media":"","overlay-type":"","overlay-color":"","overlay-gradient":""},"tablet":{"background-color":"var(--ast-global-color-5)","background-image":"","background-repeat":"repeat","background-position":"center center","background-size":"auto","background-attachment":"scroll","background-type":"","background-media":"","overlay-type":"","overlay-color":"","overlay-gradient":""},"mobile":{"background-color":"var(--ast-global-color-5)","background-image":"","background-repeat":"repeat","background-position":"center center","background-size":"auto","background-attachment":"scroll","background-type":"","background-media":"","overlay-type":"","overlay-color":"","overlay-gradient":""}}},"product_cat":[26],"product_tag":[],"class_list":{"0":"post-3146","1":"product","2":"type-product","3":"status-publish","4":"has-post-thumbnail","6":"product_cat-10-40-5kv-outdoor-intelligent-sf6-load-break-switch","7":"desktop-align-left","8":"tablet-align-left","9":"mobile-align-left","11":"first","12":"instock","13":"shipping-taxable","14":"product-type-simple"},"_links":{"self":[{"href":"https:\/\/www.xminsulation.com\/fr\/wp-json\/wp\/v2\/product\/3146","targetHints":{"allow":["GET"]}}],"collection":[{"href":"https:\/\/www.xminsulation.com\/fr\/wp-json\/wp\/v2\/product"}],"about":[{"href":"https:\/\/www.xminsulation.com\/fr\/wp-json\/wp\/v2\/types\/product"}],"wp:featuredmedia":[{"embeddable":true,"href":"https:\/\/www.xminsulation.com\/fr\/wp-json\/wp\/v2\/media\/3164"}],"wp:attachment":[{"href":"https:\/\/www.xminsulation.com\/fr\/wp-json\/wp\/v2\/media?parent=3146"}],"wp:term":[{"taxonomy":"product_cat","embeddable":true,"href":"https:\/\/www.xminsulation.com\/fr\/wp-json\/wp\/v2\/product_cat?post=3146"},{"taxonomy":"product_tag","embeddable":true,"href":"https:\/\/www.xminsulation.com\/fr\/wp-json\/wp\/v2\/product_tag?post=3146"}],"curies":[{"name":"wp","href":"https:\/\/api.w.org\/{rel}","templated":true}]}}