{"id":2244,"date":"2024-05-17T17:57:37","date_gmt":"2024-05-17T09:57:37","guid":{"rendered":"http:\/\/www.xminsulation.com\/?post_type=product&#038;p=2244"},"modified":"2024-05-17T17:57:37","modified_gmt":"2024-05-17T09:57:37","slug":"12kv-intelligent-outdoor-pole-mounted-sf6-circuit-breaker","status":"publish","type":"product","link":"https:\/\/www.xminsulation.com\/fr\/product\/12kv-intelligent-outdoor-pole-mounted-sf6-circuit-breaker\/","title":{"rendered":"Disjoncteur SF6 mont\u00e9 sur poteau ext\u00e9rieur intelligent 12kV"},"content":{"rendered":"<p><img fetchpriority=\"high\" decoding=\"async\" class=\"alignnone wp-image-2246 size-full\" src=\"http:\/\/www.xminsulation.com\/wp-content\/uploads\/2024\/05\/\u56fe\u7247152.png\" alt=\"\" width=\"1000\" height=\"750\" srcset=\"https:\/\/www.xminsulation.com\/wp-content\/uploads\/2024\/05\/\u56fe\u7247152.png 1000w, https:\/\/www.xminsulation.com\/wp-content\/uploads\/2024\/05\/\u56fe\u7247152-300x225.png 300w, https:\/\/www.xminsulation.com\/wp-content\/uploads\/2024\/05\/\u56fe\u7247152-768x576.png 768w, https:\/\/www.xminsulation.com\/wp-content\/uploads\/2024\/05\/\u56fe\u7247152-600x450.png 600w\" sizes=\"(max-width: 1000px) 100vw, 1000px\" \/> <img decoding=\"async\" class=\"alignnone wp-image-2247 size-full\" src=\"http:\/\/www.xminsulation.com\/wp-content\/uploads\/2024\/05\/\u56fe\u7247153-1.jpg\" alt=\"\" width=\"1000\" height=\"1000\" srcset=\"https:\/\/www.xminsulation.com\/wp-content\/uploads\/2024\/05\/\u56fe\u7247153-1.jpg 1000w, https:\/\/www.xminsulation.com\/wp-content\/uploads\/2024\/05\/\u56fe\u7247153-1-300x300.jpg 300w, https:\/\/www.xminsulation.com\/wp-content\/uploads\/2024\/05\/\u56fe\u7247153-1-150x150.jpg 150w, https:\/\/www.xminsulation.com\/wp-content\/uploads\/2024\/05\/\u56fe\u7247153-1-768x768.jpg 768w, https:\/\/www.xminsulation.com\/wp-content\/uploads\/2024\/05\/\u56fe\u7247153-1-600x600.jpg 600w, https:\/\/www.xminsulation.com\/wp-content\/uploads\/2024\/05\/\u56fe\u7247153-1-100x100.jpg 100w\" sizes=\"(max-width: 1000px) 100vw, 1000px\" \/> <img decoding=\"async\" class=\"alignnone wp-image-2248 size-full\" src=\"http:\/\/www.xminsulation.com\/wp-content\/uploads\/2024\/05\/\u56fe\u7247154-1.png\" alt=\"\" width=\"1000\" height=\"750\" srcset=\"https:\/\/www.xminsulation.com\/wp-content\/uploads\/2024\/05\/\u56fe\u7247154-1.png 1000w, https:\/\/www.xminsulation.com\/wp-content\/uploads\/2024\/05\/\u56fe\u7247154-1-300x225.png 300w, https:\/\/www.xminsulation.com\/wp-content\/uploads\/2024\/05\/\u56fe\u7247154-1-768x576.png 768w, https:\/\/www.xminsulation.com\/wp-content\/uploads\/2024\/05\/\u56fe\u7247154-1-600x450.png 600w\" sizes=\"(max-width: 1000px) 100vw, 1000px\" \/> <img loading=\"lazy\" decoding=\"async\" class=\"alignnone wp-image-2249 size-full\" src=\"http:\/\/www.xminsulation.com\/wp-content\/uploads\/2024\/05\/\u56fe\u7247155-1.png\" alt=\"\" width=\"1000\" height=\"568\" srcset=\"https:\/\/www.xminsulation.com\/wp-content\/uploads\/2024\/05\/\u56fe\u7247155-1.png 1000w, https:\/\/www.xminsulation.com\/wp-content\/uploads\/2024\/05\/\u56fe\u7247155-1-300x170.png 300w, https:\/\/www.xminsulation.com\/wp-content\/uploads\/2024\/05\/\u56fe\u7247155-1-768x436.png 768w, https:\/\/www.xminsulation.com\/wp-content\/uploads\/2024\/05\/\u56fe\u7247155-1-600x341.png 600w\" sizes=\"(max-width: 1000px) 100vw, 1000px\" \/> <img loading=\"lazy\" decoding=\"async\" class=\"alignnone wp-image-2250 size-full\" src=\"http:\/\/www.xminsulation.com\/wp-content\/uploads\/2024\/05\/\u56fe\u7247156-1.png\" alt=\"\" width=\"1000\" height=\"704\" srcset=\"https:\/\/www.xminsulation.com\/wp-content\/uploads\/2024\/05\/\u56fe\u7247156-1.png 1000w, https:\/\/www.xminsulation.com\/wp-content\/uploads\/2024\/05\/\u56fe\u7247156-1-300x211.png 300w, https:\/\/www.xminsulation.com\/wp-content\/uploads\/2024\/05\/\u56fe\u7247156-1-768x541.png 768w, https:\/\/www.xminsulation.com\/wp-content\/uploads\/2024\/05\/\u56fe\u7247156-1-600x422.png 600w\" sizes=\"(max-width: 1000px) 100vw, 1000px\" \/><\/p>\n<h2><strong><b>P.<\/b><\/strong><strong><b>produit <\/b><\/strong><strong><b>D<\/b><\/strong><strong><b>description<\/b><\/strong><\/h2>\n<p>Le disjoncteur SF6 mont\u00e9 sur poteau IE-12 kV\/630 A est un ensemble complet d&#039;interrupteurs mont\u00e9s sur poteau, d\u00e9velopp\u00e9 conform\u00e9ment aux normes de fusion primaire et secondaire. Sa structure compacte, son agencement rationnel et ses fonctionnalit\u00e9s compl\u00e8tes le rendent compatible avec les exigences techniques de fusion primaire et secondaire. Les transformateurs de courant haute pr\u00e9cision, les transformateurs de courant homopolaires et les capteurs de tension homopolaires int\u00e9gr\u00e9s offrent une large plage de mesure, une grande pr\u00e9cision, une fiabilit\u00e9 stable et de faibles pertes de puissance. L&#039;ensemble des grandeurs analogiques permet de d\u00e9terminer avec pr\u00e9cision divers d\u00e9fauts de ligne.<\/p>\n<p>Le disjoncteur SF6 mont\u00e9 sur poteau 12 kV-630 A coop\u00e8re avec l&#039;unit\u00e9 de traitement de l&#039;air (FTU) et dispose de fonctions intelligentes telles que la mesure, la protection, le contr\u00f4le, la signalisation, la t\u00e9l\u00e9conduite et la mise en r\u00e9seau, la surveillance et le diagnostic en ligne, l&#039;\u00e9valuation pr\u00e9cise des points de mise \u00e0 la terre, la mesure des pertes en ligne et l&#039;enregistrement des d\u00e9fauts. Il est adapt\u00e9 aux lignes de distribution a\u00e9riennes 12 kV et aux lignes de d\u00e9rivation des utilisateurs. Il permet de s\u00e9parer rapidement la section de d\u00e9faut et d&#039;isoler le d\u00e9faut \u00e0 l&#039;int\u00e9rieur de la section de d\u00e9rivation des utilisateurs afin d&#039;\u00e9viter que les d\u00e9fauts utilisateurs ne se propagent \u00e0 l&#039;ensemble de la ligne de distribution et ne provoquent des pannes de courant de grande ampleur.<\/p>\n<h2><strong><b>D&#039;abord et <\/b><\/strong><strong><b>S<\/b><\/strong><strong><b>deuxi\u00e8me <\/b><\/strong><strong><b>F<\/b><\/strong><strong><b>usion <\/b><\/strong><strong><b>F<\/b><\/strong><strong><b>caract\u00e9ristiques<\/b><\/strong><\/h2>\n<p>&nbsp;<\/p>\n<p><strong><b>SF6 primaire <\/b><\/strong><strong><b>C<\/b><\/strong><strong><b>circuit <\/b><\/strong><strong><b>B<\/b><\/strong><strong><b>reaker <\/b><\/strong><strong><b>S<\/b><\/strong><strong><b>sorci\u00e8re <\/b><\/strong><strong><b>P.<\/b><\/strong><strong><b>art:<\/b><\/strong><\/p>\n<ol>\n<li>Ce produit pr\u00e9sente des avantages significatifs tels qu&#039;une structure simple, d&#039;excellentes performances d&#039;extinction d&#039;arc et d&#039;isolation, une faible puissance de fonctionnement, des param\u00e8tres nominaux \u00e9lev\u00e9s, une longue dur\u00e9e de vie \u00e9lectrique et une longue p\u00e9riode de non-entretien.<\/li>\n<li>Le bo\u00eetier de commutation est fabriqu\u00e9 en acier inoxydable 304 pour r\u00e9pondre aux exigences de r\u00e9sistance \u00e0 la corrosion pour une utilisation permanente.<\/li>\n<li>Le circuit principal utilise des contacts en alliage cuivre-tungst\u00e8ne et les doigts de contact adoptent un type de p\u00e9tale de prune en alliage cuivre-tungst\u00e8ne, qui a une forte capacit\u00e9 de coupure, une grande r\u00e9sistance au courant, une grande fiabilit\u00e9, une grande distance d&#039;ouverture de contact lors de l&#039;ouverture et aucun courant de fuite entre les fractures.<\/li>\n<li>\u00c9quip\u00e9 d&#039;un dispositif de d\u00e9charge de pression haute pression, m\u00eame en cas de d\u00e9faillance interne, le bo\u00eetier ne sera pas endommag\u00e9 en raison d&#039;une augmentation soudaine de la pression du gaz dans le bo\u00eetier.<\/li>\n<li>Installez un dispositif d&#039;alarme de verrouillage basse pression (facultatif). Lorsque le disjoncteur est soumis \u00e0 une pression excessivement basse, ce dispositif peut verrouiller m\u00e9caniquement le m\u00e9canisme de commande et fournir un contact auxiliaire au contr\u00f4leur, am\u00e9liorant ainsi consid\u00e9rablement l&#039;efficacit\u00e9 de la commutation et la fiabilit\u00e9 op\u00e9rationnelle.<\/li>\n<li>Il est \u00e9quip\u00e9 de lignes d&#039;entr\u00e9e et de sortie terminales et de c\u00e2bles isol\u00e9s. Ces c\u00e2bles isol\u00e9s permettent d&#039;\u00e9viter efficacement les courts-circuits entre les bornes d&#039;entr\u00e9e et de sortie caus\u00e9s par des facteurs externes.<\/li>\n<li>Une technologie avanc\u00e9e de bo\u00eetier en porcelaine pour les lignes entrantes et sortantes permet de pr\u00e9venir efficacement les d\u00e9charges corona lors du fonctionnement des interrupteurs. Des manchons isolants organiques peuvent \u00e9galement \u00eatre fournis pour emp\u00eacher totalement la rupture des bouteilles en porcelaine caus\u00e9e par des forces externes, la foudre et les fissures dues aux facteurs li\u00e9s \u00e0 la porcelaine.<\/li>\n<li>Configurer le dispositif de protection CT\/RVT : Afin d&#039;\u00e9viter les surintensit\u00e9s et les circuits ouverts CT du dispositif de mesure de courant, le produit de surtension du dispositif de mesure de tension est \u00e9quip\u00e9 d&#039;un module de protection CT\/RVT.<\/li>\n<li>Configurer le dispositif de protection du capteur de tension : emp\u00eacher la surtension des capteurs de tension de phase et de tension homopolaire.<\/li>\n<\/ol>\n<p>Type de bo\u00eete \u00e0 trois niveaux, structure simple et disposition compacte.<\/p>\n<p><strong><b>Secondaire <\/b><\/strong><strong><b>je<\/b><\/strong><strong><b>intelligent <\/b><\/strong><strong><b>C<\/b><\/strong><strong><b>contr\u00f4leur <\/b><\/strong><strong><b>P.<\/b><\/strong><strong><b>art:<\/b><\/strong><\/p>\n<ol>\n<li>Conforme \u00e0 la norme IEC 61850 pour r\u00e9aliser le plug and play.<\/li>\n<li>Il adopte un processeur de signal num\u00e9rique hautes performances et un r\u00e9seau logique programmable sur le terrain \u00e0 grande \u00e9chelle, dispose de puissantes capacit\u00e9s de traitement de donn\u00e9es en temps r\u00e9el et de riches ressources de m\u00e9moire, et r\u00e9pond aux exigences d&#039;application des logiciels d&#039;application et de communication avanc\u00e9s, de la gestion du syst\u00e8me, de l&#039;interaction homme-ordinateur et d&#039;autres fonctions.<\/li>\n<li>Il peut \u00eatre configur\u00e9 de mani\u00e8re flexible en fonction des besoins pour faciliter la r\u00e9alisation de fonctions \u00ab deux t\u00e9l\u00e9commandes \u00bb ou \u00ab trois t\u00e9l\u00e9commandes \u00bb.<\/li>\n<li>Structure modulaire et standardis\u00e9e, utilisant un bus s\u00e9rie en temps r\u00e9el \u00e0 grande vitesse, une extension flexible et une maintenance facile.<\/li>\n<li>Bas\u00e9 sur le syst\u00e8me d&#039;exploitation Linux en temps r\u00e9el, il adopte une structure logicielle hi\u00e9rarchique et modulaire. Les applications acc\u00e8dent aux ressources et aux donn\u00e9es sous-jacentes via des interfaces ouvertes, s\u00e9parent les donn\u00e9es des applications et prennent en charge le chargement et le d\u00e9chargement dynamiques des applications. Les applications sont plug-and-play. Fournit une plate-forme de support unifi\u00e9e pour diverses applications de r\u00e9seau de distribution intelligent.<\/li>\n<li>Fournir un environnement de d\u00e9veloppement logiciel de type PC, qui peut facilement ouvrir de nouveaux logiciels d&#039;application et ajouter de nouvelles fonctions d&#039;application.<\/li>\n<li>Conception de redondance logicielle et mat\u00e9rielle, avec une forte tol\u00e9rance aux pannes, des capacit\u00e9s d&#039;autodiagnostic et d&#039;auto-r\u00e9cup\u00e9ration.<\/li>\n<li>L&#039;interface de communication est standard et compl\u00e8te, r\u00e9pondant aux besoins d&#039;interconnexion locale, de maintenance locale et de communication \u00e0 distance.<\/li>\n<li>Puce de qualit\u00e9 industrielle, adaptable \u00e0 une large gamme de temp\u00e9ratures ambiantes (-40~+85\u2103).<\/li>\n<li>Conception structurelle unique, avec de bonnes capacit\u00e9s de r\u00e9sistance \u00e0 la pluie, \u00e0 l&#039;humidit\u00e9, antisalissure, anti-vibration et de ventilation et de dissipation de la chaleur.<\/li>\n<li>Protection stricte contre la foudre et conception anti-interf\u00e9rence \u00e9lectromagn\u00e9tique, la capacit\u00e9 anti-interf\u00e9rence r\u00e9pond aux exigences de la norme IEC IV.<\/li>\n<\/ol>\n<h2><strong><b>Produit <\/b><\/strong><strong><b>Dimensions<\/b><\/strong><\/h2>\n<p><img loading=\"lazy\" decoding=\"async\" class=\"alignnone wp-image-2251 size-large\" src=\"http:\/\/www.xminsulation.com\/wp-content\/uploads\/2024\/05\/\u56fe\u7247157-1-1024x810.png\" alt=\"\" width=\"1024\" height=\"810\" srcset=\"https:\/\/www.xminsulation.com\/wp-content\/uploads\/2024\/05\/\u56fe\u7247157-1-1024x810.png 1024w, https:\/\/www.xminsulation.com\/wp-content\/uploads\/2024\/05\/\u56fe\u7247157-1-300x237.png 300w, https:\/\/www.xminsulation.com\/wp-content\/uploads\/2024\/05\/\u56fe\u7247157-1-768x607.png 768w, https:\/\/www.xminsulation.com\/wp-content\/uploads\/2024\/05\/\u56fe\u7247157-1-1536x1214.png 1536w, https:\/\/www.xminsulation.com\/wp-content\/uploads\/2024\/05\/\u56fe\u7247157-1-600x474.png 600w, https:\/\/www.xminsulation.com\/wp-content\/uploads\/2024\/05\/\u56fe\u7247157-1.png 1538w\" sizes=\"(max-width: 1024px) 100vw, 1024px\" \/> <img loading=\"lazy\" decoding=\"async\" class=\"alignnone wp-image-2252 size-full\" src=\"http:\/\/www.xminsulation.com\/wp-content\/uploads\/2024\/05\/\u56fe\u7247158-1.png\" alt=\"\" width=\"784\" height=\"588\" srcset=\"https:\/\/www.xminsulation.com\/wp-content\/uploads\/2024\/05\/\u56fe\u7247158-1.png 784w, https:\/\/www.xminsulation.com\/wp-content\/uploads\/2024\/05\/\u56fe\u7247158-1-300x225.png 300w, https:\/\/www.xminsulation.com\/wp-content\/uploads\/2024\/05\/\u56fe\u7247158-1-768x576.png 768w, https:\/\/www.xminsulation.com\/wp-content\/uploads\/2024\/05\/\u56fe\u7247158-1-600x450.png 600w\" sizes=\"(max-width: 784px) 100vw, 784px\" \/> <img loading=\"lazy\" decoding=\"async\" class=\"alignnone wp-image-2253 size-full\" src=\"http:\/\/www.xminsulation.com\/wp-content\/uploads\/2024\/05\/\u56fe\u7247159-3.png\" alt=\"\" width=\"900\" height=\"846\" srcset=\"https:\/\/www.xminsulation.com\/wp-content\/uploads\/2024\/05\/\u56fe\u7247159-3.png 900w, https:\/\/www.xminsulation.com\/wp-content\/uploads\/2024\/05\/\u56fe\u7247159-3-300x282.png 300w, https:\/\/www.xminsulation.com\/wp-content\/uploads\/2024\/05\/\u56fe\u7247159-3-768x722.png 768w, https:\/\/www.xminsulation.com\/wp-content\/uploads\/2024\/05\/\u56fe\u7247159-3-600x564.png 600w\" sizes=\"(max-width: 900px) 100vw, 900px\" \/> <img loading=\"lazy\" decoding=\"async\" class=\"alignnone wp-image-2254 size-full\" src=\"http:\/\/www.xminsulation.com\/wp-content\/uploads\/2024\/05\/\u56fe\u7247160-1.png\" alt=\"\" width=\"900\" height=\"784\" srcset=\"https:\/\/www.xminsulation.com\/wp-content\/uploads\/2024\/05\/\u56fe\u7247160-1.png 900w, https:\/\/www.xminsulation.com\/wp-content\/uploads\/2024\/05\/\u56fe\u7247160-1-300x261.png 300w, https:\/\/www.xminsulation.com\/wp-content\/uploads\/2024\/05\/\u56fe\u7247160-1-768x669.png 768w, https:\/\/www.xminsulation.com\/wp-content\/uploads\/2024\/05\/\u56fe\u7247160-1-600x523.png 600w\" sizes=\"(max-width: 900px) 100vw, 900px\" \/> <img loading=\"lazy\" decoding=\"async\" class=\"alignnone wp-image-2255 size-full\" src=\"http:\/\/www.xminsulation.com\/wp-content\/uploads\/2024\/05\/\u56fe\u7247161-2.png\" alt=\"\" width=\"900\" height=\"764\" srcset=\"https:\/\/www.xminsulation.com\/wp-content\/uploads\/2024\/05\/\u56fe\u7247161-2.png 900w, https:\/\/www.xminsulation.com\/wp-content\/uploads\/2024\/05\/\u56fe\u7247161-2-300x255.png 300w, https:\/\/www.xminsulation.com\/wp-content\/uploads\/2024\/05\/\u56fe\u7247161-2-768x652.png 768w, https:\/\/www.xminsulation.com\/wp-content\/uploads\/2024\/05\/\u56fe\u7247161-2-600x509.png 600w\" sizes=\"(max-width: 900px) 100vw, 900px\" \/> <img loading=\"lazy\" decoding=\"async\" class=\"alignnone wp-image-2256 size-full\" src=\"http:\/\/www.xminsulation.com\/wp-content\/uploads\/2024\/05\/\u56fe\u7247162-1.png\" alt=\"\" width=\"754\" height=\"828\" srcset=\"https:\/\/www.xminsulation.com\/wp-content\/uploads\/2024\/05\/\u56fe\u7247162-1.png 754w, https:\/\/www.xminsulation.com\/wp-content\/uploads\/2024\/05\/\u56fe\u7247162-1-273x300.png 273w, https:\/\/www.xminsulation.com\/wp-content\/uploads\/2024\/05\/\u56fe\u7247162-1-600x659.png 600w\" sizes=\"(max-width: 754px) 100vw, 754px\" \/><\/p>\n<h2><strong><b>Installation et r\u00e9glage<\/b><\/strong><\/h2>\n<ol>\n<li>V\u00e9rifiez si le mod\u00e8le et les sp\u00e9cifications du disjoncteur sont conformes au contrat de commande.<\/li>\n<li>V\u00e9rifiez si les documents et pi\u00e8ces jointes sont complets.<\/li>\n<li>V\u00e9rifiez si la surface du disjoncteur est ab\u00eem\u00e9e et si les pi\u00e8ces isolantes sont endommag\u00e9es ou fissur\u00e9es.<\/li>\n<li>V\u00e9rifiez si la bo\u00eete est d\u00e9form\u00e9e et v\u00e9rifiez son \u00e9tanch\u00e9it\u00e9.<\/li>\n<li>Les attaches sont-elles desserr\u00e9es ?<\/li>\n<li>Actionnez manuellement ou \u00e9lectriquement le disjoncteur pour qu&#039;il se ferme et s&#039;ouvre 10 fois, et l&#039;ouverture et la fermeture doivent \u00eatre fiables.<\/li>\n<li>V\u00e9rifiez si l\u2019aiguille du manom\u00e8tre pointe vers la zone verte.<\/li>\n<li>Effectuez un test de surintensit\u00e9 et la valeur de r\u00e9glage de surintensit\u00e9 doit r\u00e9pondre aux exigences.<\/li>\n<li>Lorsque le produit est endommag\u00e9 ou pr\u00e9sente d&#039;autres probl\u00e8mes, il est recommand\u00e9 de prendre des photos des dommages sur place et d&#039;en informer le fabricant \u00e0 temps.<\/li>\n<li>Soyez vigilant lors du levage. Accrochez les quatre anneaux de levage \u00e0 la bo\u00eete et soulevez-la horizontalement.<\/li>\n<li>Fixez le disjoncteur sur le support de montage \u00e0 l&#039;aide de boulons. La surface de montage doit \u00eatre plane. Si les quatre points de fixation ne sont pas sur le m\u00eame plan, ajoutez des rondelles pour \u00e9viter toute d\u00e9formation de la structure globale du disjoncteur sous l&#039;effet des contraintes.<\/li>\n<li>Lorsque le disjoncteur est connect\u00e9 au jeu de barres, l&#039;extr\u00e9mit\u00e9 de sortie du disjoncteur ne peut pas \u00eatre soumise \u00e0 une tension, une pression ou un couple permanent.<\/li>\n<li>Apr\u00e8s l\u2019installation, le disjoncteur doit \u00eatre inspect\u00e9 et nettoy\u00e9.<\/li>\n<\/ol>\n<h2><strong><b>M.<\/b><\/strong><strong><b>entretien<\/b><\/strong><\/h2>\n<ol>\n<li>Le disjoncteur doit \u00eatre inspect\u00e9 r\u00e9guli\u00e8rement et la contamination \u00e0 la surface des pi\u00e8ces isolantes doit \u00eatre \u00e9limin\u00e9e.<\/li>\n<li>V\u00e9rifiez r\u00e9guli\u00e8rement que l&#039;aiguille du manom\u00e8tre est dans la zone verte. Si elle est proche de la zone rouge, contactez le fabricant pour une maintenance rapide.<\/li>\n<li>Pour les endroits o\u00f9 les op\u00e9rations sont fr\u00e9quentes, il convient de pr\u00eater attention \u00e0 l&#039;usure des contacts et le disjoncteur ne peut pas \u00eatre utilis\u00e9 au-del\u00e0 des temps de coupure en court-circuit et de la dur\u00e9e de vie m\u00e9canique autoris\u00e9s.<\/li>\n<li>Choses \u00e0 noter :<\/li>\n<li>Lors de la maintenance, le disjoncteur doit \u00eatre en position ouverte et sans stockage d&#039;\u00e9nergie, et toutes les alimentations doivent \u00eatre d\u00e9connect\u00e9es. Les ressorts, en position de stockage d&#039;\u00e9nergie et de fermeture, ayant accumul\u00e9 de l&#039;\u00e9nergie, un manque de prudence lors de la maintenance peut entra\u00eener des blessures aux mains.<\/li>\n<li>L&#039;entretien doit \u00eatre effectu\u00e9 par des professionnels.<\/li>\n<li>Apr\u00e8s l&#039;entretien, notamment apr\u00e8s le remplacement de pi\u00e8ces ou le r\u00e9ajustement, les caract\u00e9ristiques m\u00e9caniques de l&#039;interrupteur doivent \u00eatre test\u00e9es pour s&#039;assurer qu&#039;il r\u00e9pond aux conditions techniques.<\/li>\n<\/ol>\n<h2><strong><b>Illustration de l&#039;installation<\/b><\/strong><\/h2>\n<p><img loading=\"lazy\" decoding=\"async\" class=\"alignnone wp-image-2257 size-full\" src=\"http:\/\/www.xminsulation.com\/wp-content\/uploads\/2024\/05\/\u56fe\u7247163-1.png\" alt=\"\" width=\"958\" height=\"1714\" srcset=\"https:\/\/www.xminsulation.com\/wp-content\/uploads\/2024\/05\/\u56fe\u7247163-1.png 958w, https:\/\/www.xminsulation.com\/wp-content\/uploads\/2024\/05\/\u56fe\u7247163-1-168x300.png 168w, https:\/\/www.xminsulation.com\/wp-content\/uploads\/2024\/05\/\u56fe\u7247163-1-572x1024.png 572w, https:\/\/www.xminsulation.com\/wp-content\/uploads\/2024\/05\/\u56fe\u7247163-1-768x1374.png 768w, https:\/\/www.xminsulation.com\/wp-content\/uploads\/2024\/05\/\u56fe\u7247163-1-859x1536.png 859w, https:\/\/www.xminsulation.com\/wp-content\/uploads\/2024\/05\/\u56fe\u7247163-1-600x1073.png 600w\" sizes=\"(max-width: 958px) 100vw, 958px\" \/><\/p>\n<h2>\u25c6Personnalisation sp\u00e9ciale<\/h2>\n<p>Les param\u00e8tres ci-dessus sont des donn\u00e9es typiques\u00a0; si les styles existants ne r\u00e9pondent pas \u00e0 vos demandes sp\u00e9cifiques, veuillez nous contacter pour une conception personnalis\u00e9e. Nous disposons d&#039;importantes comp\u00e9tences en mati\u00e8re de d\u00e9veloppement et de production de personnalisation personnalis\u00e9e, nous permettant de fournir des solutions sur mesure aux clients du monde entier.<\/p>\n<p>&nbsp;<\/p>\n<p>&nbsp;<\/p>\n<p>&nbsp;<\/p>\n<p>&nbsp;<\/p>","protected":false},"excerpt":{"rendered":"<p>Product Description IE-12kV\/630A\u00a0pole-mounted SF6 circuit breaker is a complete set of pole-mounted switch products developed in accordance with primary and secondary fusion standards. The switch has a compact structure, reasonable layout, and complete functions. All indicators meet the primary and secondary fusion technical requirements; built-in high Precision current transformers, zero-sequence current transformers, and zero-sequence voltage [&hellip;]<\/p>","protected":false},"featured_media":2245,"template":"","meta":{"site-sidebar-layout":"default","site-content-layout":"","ast-site-content-layout":"default","site-content-style":"default","site-sidebar-style":"default","ast-global-header-display":"","ast-banner-title-visibility":"","ast-main-header-display":"","ast-hfb-above-header-display":"","ast-hfb-below-header-display":"","ast-hfb-mobile-header-display":"","site-post-title":"","ast-breadcrumbs-content":"","ast-featured-img":"","footer-sml-layout":"","theme-transparent-header-meta":"default","adv-header-id-meta":"","stick-header-meta":"","header-above-stick-meta":"","header-main-stick-meta":"","header-below-stick-meta":"","astra-migrate-meta-layouts":"set","ast-page-background-enabled":"default","ast-page-background-meta":{"desktop":{"background-color":"","background-image":"","background-repeat":"repeat","background-position":"center center","background-size":"auto","background-attachment":"scroll","background-type":"","background-media":"","overlay-type":"","overlay-color":"","overlay-gradient":""},"tablet":{"background-color":"","background-image":"","background-repeat":"repeat","background-position":"center center","background-size":"auto","background-attachment":"scroll","background-type":"","background-media":"","overlay-type":"","overlay-color":"","overlay-gradient":""},"mobile":{"background-color":"","background-image":"","background-repeat":"repeat","background-position":"center center","background-size":"auto","background-attachment":"scroll","background-type":"","background-media":"","overlay-type":"","overlay-color":"","overlay-gradient":""}},"ast-content-background-meta":{"desktop":{"background-color":"var(--ast-global-color-5)","background-image":"","background-repeat":"repeat","background-position":"center center","background-size":"auto","background-attachment":"scroll","background-type":"","background-media":"","overlay-type":"","overlay-color":"","overlay-gradient":""},"tablet":{"background-color":"var(--ast-global-color-5)","background-image":"","background-repeat":"repeat","background-position":"center center","background-size":"auto","background-attachment":"scroll","background-type":"","background-media":"","overlay-type":"","overlay-color":"","overlay-gradient":""},"mobile":{"background-color":"var(--ast-global-color-5)","background-image":"","background-repeat":"repeat","background-position":"center center","background-size":"auto","background-attachment":"scroll","background-type":"","background-media":"","overlay-type":"","overlay-color":"","overlay-gradient":""}}},"product_cat":[25],"product_tag":[],"class_list":{"0":"post-2244","1":"product","2":"type-product","3":"status-publish","4":"has-post-thumbnail","6":"product_cat-10-12kv-outdoor-intelligent-sf6-circuit-breaker","7":"desktop-align-left","8":"tablet-align-left","9":"mobile-align-left","11":"first","12":"instock","13":"shipping-taxable","14":"product-type-simple"},"_links":{"self":[{"href":"https:\/\/www.xminsulation.com\/fr\/wp-json\/wp\/v2\/product\/2244","targetHints":{"allow":["GET"]}}],"collection":[{"href":"https:\/\/www.xminsulation.com\/fr\/wp-json\/wp\/v2\/product"}],"about":[{"href":"https:\/\/www.xminsulation.com\/fr\/wp-json\/wp\/v2\/types\/product"}],"wp:featuredmedia":[{"embeddable":true,"href":"https:\/\/www.xminsulation.com\/fr\/wp-json\/wp\/v2\/media\/2245"}],"wp:attachment":[{"href":"https:\/\/www.xminsulation.com\/fr\/wp-json\/wp\/v2\/media?parent=2244"}],"wp:term":[{"taxonomy":"product_cat","embeddable":true,"href":"https:\/\/www.xminsulation.com\/fr\/wp-json\/wp\/v2\/product_cat?post=2244"},{"taxonomy":"product_tag","embeddable":true,"href":"https:\/\/www.xminsulation.com\/fr\/wp-json\/wp\/v2\/product_tag?post=2244"}],"curies":[{"name":"wp","href":"https:\/\/api.w.org\/{rel}","templated":true}]}}