{"id":2088,"date":"2024-05-17T10:02:27","date_gmt":"2024-05-17T02:02:27","guid":{"rendered":"http:\/\/www.xminsulation.com\/?post_type=product&#038;p=2088"},"modified":"2024-05-17T10:02:27","modified_gmt":"2024-05-17T02:02:27","slug":"24kv-dry-air-insulated-ring-main-unit-sf6-free-ais-rmu","status":"publish","type":"product","link":"https:\/\/www.xminsulation.com\/fr\/product\/24kv-dry-air-insulated-ring-main-unit-sf6-free-ais-rmu\/","title":{"rendered":"Unit\u00e9 principale \u00e0 anneau isol\u00e9 \u00e0 air sec 24 kV AIS RMU sans SF6"},"content":{"rendered":"<p><img fetchpriority=\"high\" decoding=\"async\" class=\"alignnone wp-image-2089 size-large\" src=\"http:\/\/www.xminsulation.com\/wp-content\/uploads\/2024\/05\/\u56fe\u724717-1024x1024.jpg\" alt=\"\" width=\"1024\" height=\"1024\" srcset=\"https:\/\/www.xminsulation.com\/wp-content\/uploads\/2024\/05\/\u56fe\u724717-1024x1024.jpg 1024w, https:\/\/www.xminsulation.com\/wp-content\/uploads\/2024\/05\/\u56fe\u724717-300x300.jpg 300w, https:\/\/www.xminsulation.com\/wp-content\/uploads\/2024\/05\/\u56fe\u724717-150x150.jpg 150w, https:\/\/www.xminsulation.com\/wp-content\/uploads\/2024\/05\/\u56fe\u724717-768x768.jpg 768w, https:\/\/www.xminsulation.com\/wp-content\/uploads\/2024\/05\/\u56fe\u724717-600x600.jpg 600w, https:\/\/www.xminsulation.com\/wp-content\/uploads\/2024\/05\/\u56fe\u724717-100x100.jpg 100w, https:\/\/www.xminsulation.com\/wp-content\/uploads\/2024\/05\/\u56fe\u724717.jpg 1227w\" sizes=\"(max-width: 1024px) 100vw, 1024px\" \/><\/p>\n<h2><strong><b>Informations g\u00e9n\u00e9rales<\/b><\/strong><\/h2>\n<p>Dans les syst\u00e8mes de distribution d&#039;\u00e9nergie moyenne tension, les armoires de r\u00e9seau en anneau les plus couramment utilis\u00e9es comprennent actuellement les armoires de r\u00e9seau en anneau isol\u00e9es au gaz SF6, les armoires de r\u00e9seau en anneau \u00e0 isolation solide et les armoires de r\u00e9seau en anneau isol\u00e9es au gaz respectueuses de l&#039;environnement. Cependant, en raison du probl\u00e8me d&#039;\u00e9mission de gaz \u00e0 effet de serre du SF6 et de la difficult\u00e9 de recycler les mat\u00e9riaux isolants solides, l&#039;application de l&#039;unit\u00e9 principale \u00e0 anneau isol\u00e9 au gaz SF6 et de l&#039;unit\u00e9 principale \u00e0 anneau isol\u00e9 solide sera limit\u00e9e. Avec la promotion mondiale du concept de d\u00e9veloppement vert et respectueux de l&#039;environnement, les unit\u00e9s principales \u00e0 anneau de gaz enti\u00e8rement isol\u00e9es et respectueuses de l&#039;environnement, conformes aux derniers concepts et exigences en mati\u00e8re de protection de l&#039;environnement, ouvriront la voie \u00e0 des opportunit\u00e9s de d\u00e9veloppement historiques\u00a0!<\/p>\n<p>Les interrupteurs \u00e9cologiques de la s\u00e9rie IE-EcoAir-24kV-630A sont une nouvelle g\u00e9n\u00e9ration d&#039;interrupteurs de disjoncteur \u00e9cologiques \u00ab sans fluor et \u00e0 faible teneur en d\u00e9chets solides \u00bb et d&#039;unit\u00e9s principales \u00e0 anneau isol\u00e9es au gaz respectueuses de l&#039;environnement, d\u00e9velopp\u00e9s pour remplacer l&#039;isolation traditionnelle au gaz SF6.<\/p>\n<p>Ce disjoncteur \u00e9cologique adopte une poutre longitudinale int\u00e9gr\u00e9e \u00e0 haute r\u00e9sistance, dans laquelle est int\u00e9gr\u00e9e la chambre d&#039;extinction d&#039;arc sous vide. Il offre les avantages d&#039;une structure fiable et d&#039;une mise en service simplifi\u00e9e. Il isole les op\u00e9rations d&#039;ouverture, de fermeture et de mise \u00e0 la terre du disjoncteur \u00e0 couteau gr\u00e2ce \u00e0 une broche d&#039;isolation int\u00e9gr\u00e9e. Entra\u00een\u00e9 par la machine, il n&#039;y a pas d&#039;autre bras de transmission, la position de travail est plus pr\u00e9cise et la force de man\u0153uvre du m\u00e9canisme d&#039;isolation est plus l\u00e9g\u00e8re. L&#039;arbre principal du disjoncteur est constitu\u00e9 d&#039;une tige de d\u00e9clenchement en fibre de verre \u00e9poxy, offrant une r\u00e9sistance m\u00e9canique \u00e9lev\u00e9e et une excellente isolation. L&#039;ouverture et la fermeture de la chambre d&#039;extinction d&#039;arc sous vide sont assur\u00e9es par un support en alliage et une came de transmission. Les phases sont renforc\u00e9es par des jupes parapluie en silicone pour augmenter la ligne de fuite. Ce disjoncteur \u00e9cologique convient non seulement aux unit\u00e9s \u00e0 circuit ferm\u00e9 avec chambre \u00e0 air \u00e9tanche, mais aussi aux unit\u00e9s \u00e0 circuit ferm\u00e9 sous enveloppe m\u00e9tallique \u00e0 pression normale.<\/p>\n<p>Gr\u00e2ce \u00e0 une solution \u00e9cologique d&#039;isolation au gaz et de rupture de vide, ces avantages combin\u00e9s offrent des performances globales \u00e9lev\u00e9es. Le circuit primaire est \u00e9tanche au gaz, les composants haute pression sont insensibles \u00e0 l&#039;altitude, ne n\u00e9cessitent aucun entretien et offrent une grande adaptabilit\u00e9 environnementale. L&#039;armoire est compacte et l&#039;encombrement est r\u00e9duit. Les produits peuvent \u00eatre utilis\u00e9s dans les r\u00e9seaux \u00e9lectriques, les grandes industries, les transports ferroviaires, les b\u00e2timents commerciaux et autres applications.<\/p>\n<p>Ce produit est principalement utilis\u00e9 dans les \u00e9quipements de commutation de r\u00e9seaux en boucle int\u00e9rieurs et ext\u00e9rieurs des syst\u00e8mes de distribution moyenne tension 10-24 kV pour la r\u00e9ception et la distribution d&#039;\u00e9nergie \u00e9lectrique. Il est adapt\u00e9 aux solutions d&#039;armoires de r\u00e9seaux en boucle \u00e0 extension sup\u00e9rieure, lat\u00e9rale et \u00e0 bo\u00eetier commun (maximum trois unit\u00e9s). Le taux de commun des pi\u00e8ces des solutions d&#039;isolation sup\u00e9rieure et inf\u00e9rieure d\u00e9passe 90%. Ce produit offre une grande stabilit\u00e9 et une grande polyvalence, et r\u00e9pond pleinement aux exigences des essais de type.<\/p>\n<h2><strong><b>caract\u00e9ristiques du produit<\/b><\/strong><\/h2>\n<ol>\n<li><b><\/b><strong><b>Vert<\/b><\/strong><strong><b>.<\/b><\/strong><\/li>\n<\/ol>\n<p>L&#039;air comprim\u00e9 sec est utilis\u00e9 comme gaz isolant. Il pr\u00e9sente des champs d&#039;ionisation et de claquage \u00e9lev\u00e9s. Il permet de restaurer rapidement les performances d&#039;isolation apr\u00e8s un claquage. Il pr\u00e9sente une bonne stabilit\u00e9 chimique, est ininflammable, non explosif, inalt\u00e9rable, non corrosif et peu sujet aux d\u00e9charges. D\u00e9composable, il poss\u00e8de une grande capacit\u00e9 thermique massique, une bonne conductivit\u00e9 thermique et une bonne fluidit\u00e9. Ce gaz isolant \u00e9cologique est non seulement non toxique et inoffensif, mais peut \u00e9galement \u00eatre rejet\u00e9 directement dans l&#039;atmosph\u00e8re sans polluer l&#039;air. Il pr\u00e9sente \u00e9galement de bonnes propri\u00e9t\u00e9s \u00e9lectriques et une bonne stabilit\u00e9 et peut \u00eatre utilis\u00e9 dans les proc\u00e9d\u00e9s de synth\u00e8se, le fonctionnement des \u00e9quipements, les arcs \u00e9lectriques, la vapeur d&#039;eau, etc. Sous l&#039;action combin\u00e9e de facteurs externes et lors du processus final de d\u00e9composition et de transformation, aucune substance toxique ou nocive pour l&#039;homme et l&#039;environnement n&#039;est produite. L&#039;interrupteur est fabriqu\u00e9 en mat\u00e9riau thermoplastique et est recyclable. Il n&#039;\u00e9met pas de gaz \u00e0 effet de serre SF6 et n&#039;a aucun impact sur l&#039;environnement, comme le recyclage des d\u00e9chets solides.<\/p>\n<ol start=\"2\">\n<li><b><\/b><strong><b>Compact <\/b><\/strong><strong><b>S<\/b><\/strong><strong><b>rythme<\/b><\/strong><strong><b>.<\/b><\/strong><\/li>\n<\/ol>\n<p>Armoire de commutation compacte\u00a0: la largeur d&#039;une solution 24\u00a0kV standard est d&#039;environ 460\u00a0mm seulement, ce qui r\u00e9duit les dimensions de l&#039;armoire et l&#039;encombrement. Installation murale fiable\u00a0: seulement 1\u00a0m de canal de commande devant l&#039;armoire.<\/p>\n<ol start=\"3\">\n<li><b><\/b><strong><b>M.<\/b><\/strong><strong><b>entretien <\/b><\/strong><strong><b>F<\/b><\/strong><strong><b>ree<\/b><\/strong><strong><b>.<\/b><\/strong><\/li>\n<\/ol>\n<p>Gr\u00e2ce \u00e0 un extincteur \u00e0 arc sous vide longue dur\u00e9e et sans entretien, la partie conductrice principale n&#039;est pas affect\u00e9e par l&#039;environnement ext\u00e9rieur et il n&#039;est pas n\u00e9cessaire de configurer du gaz SF6 sur site.<\/p>\n<p>Dispositif d&#039;alarme de fuite. Le circuit principal est connect\u00e9 de mani\u00e8re fixe et ne n\u00e9cessite aucun entretien pendant toute sa dur\u00e9e de vie. Particuli\u00e8rement adapt\u00e9 aux applications en plateaux, en zones c\u00f4ti\u00e8res, en montagne, \u00e0 forte pollution, etc.<\/p>\n<ol start=\"4\">\n<li><b><\/b><strong><b>Intelligent<\/b><\/strong><strong><b>.<\/b><\/strong><\/li>\n<\/ol>\n<p>L&#039;int\u00e9gration avec des \u00e9quipements secondaires peut r\u00e9aliser une surveillance en ligne, un contr\u00f4le \u00e0 distance et une protection des \u00e9quipements pour r\u00e9pondre aux besoins d&#039;un r\u00e9seau de distribution intelligent.<\/p>\n<ol start=\"5\">\n<li><b><\/b><strong><b>Modulaire<\/b><\/strong><strong><b>.<\/b><\/strong><\/li>\n<\/ol>\n<p>Il dispose de m\u00e9thodes d&#039;expansion lat\u00e9rale et d&#039;expansion sup\u00e9rieure, d&#039;une expansion flexible et pratique, il est enti\u00e8rement conforme \u00e0 la normalisation du r\u00e9seau \u00e9lectrique chinois et \u00e0 diverses solutions personnalis\u00e9es.<\/p>\n<ol start=\"6\">\n<li><b><\/b><strong><b>S<\/b><\/strong><strong><b>s\u00e9curit\u00e9<\/b><\/strong><strong><b>.<\/b><\/strong><\/li>\n<\/ol>\n<p>En adoptant une structure d&#039;isolation \u00e0 phase divis\u00e9e, il n&#039;y a aucun risque d&#039;explosion de court-circuit entre phases ; la technologie sans SF6 \u00e9vite les fuites de gaz SF6, ce qui peut entra\u00eener un affaiblissement de l&#039;isolation et des capacit\u00e9s d&#039;extinction d&#039;arc, entra\u00eenant une d\u00e9faillance de rupture et un risque d&#039;explosion de la bo\u00eete ; il dispose d&#039;une structure de verrouillage compl\u00e8te \u00e0 \u00ab cinq pr\u00e9ventions \u00bb, s\u00fbre et facile \u00e0 utiliser.<\/p>\n<p><img decoding=\"async\" class=\"alignnone wp-image-2090 size-large\" src=\"http:\/\/www.xminsulation.com\/wp-content\/uploads\/2024\/05\/\u56fe\u724718-3-974x1024.png\" alt=\"\" width=\"974\" height=\"1024\" srcset=\"https:\/\/www.xminsulation.com\/wp-content\/uploads\/2024\/05\/\u56fe\u724718-3-974x1024.png 974w, https:\/\/www.xminsulation.com\/wp-content\/uploads\/2024\/05\/\u56fe\u724718-3-285x300.png 285w, https:\/\/www.xminsulation.com\/wp-content\/uploads\/2024\/05\/\u56fe\u724718-3-768x807.png 768w, https:\/\/www.xminsulation.com\/wp-content\/uploads\/2024\/05\/\u56fe\u724718-3-1461x1536.png 1461w, https:\/\/www.xminsulation.com\/wp-content\/uploads\/2024\/05\/\u56fe\u724718-3-600x631.png 600w, https:\/\/www.xminsulation.com\/wp-content\/uploads\/2024\/05\/\u56fe\u724718-3.png 1878w\" sizes=\"(max-width: 974px) 100vw, 974px\" \/><\/p>\n<h2><strong><b>en fonctionnement <\/b><\/strong><strong><b>C<\/b><\/strong><strong><b>conditions<\/b><\/strong><\/h2>\n<p>L&#039;IE-EcoAir-24 kV 630 A est g\u00e9n\u00e9ralement utilis\u00e9 et entretenu dans des conditions int\u00e9rieures normales et est conforme aux normes CEI 62271-1 et GB3906. Les conditions sp\u00e9cifiques sont les suivantes\u00a0:<\/p>\n<ol>\n<li>Temp\u00e9rature ambiante.<\/li>\n<\/ol>\n<p>Temp\u00e9rature maximale : +40\u2103.<\/p>\n<p>Temp\u00e9rature maximale (moyenne sur 24 heures) : +35\u00b0C.<\/p>\n<p>Temp\u00e9rature minimale : -40\u2103.<\/p>\n<ol start=\"2\">\n<li>Humidit\u00e9. Humidit\u00e9 relative moyenne maximale mesur\u00e9e sur 24 heures\u00a0: 95%. Humidit\u00e9 relative moyenne maximale mesur\u00e9e sur un mois\u00a0: 90%.<\/li>\n<li>L&#039;altitude maximale d&#039;installation sans r\u00e9duction de pression du gaz est de 1\u00a0500 m\u00e8tres. Si l&#039;altitude d&#039;installation d\u00e9passe 1\u00a0500 m\u00e8tres, veuillez contacter le service technique avant-vente.<\/li>\n<li>L&#039;exploitation doit \u00eatre conforme aux exigences des normes IEC62271-1 et GB3906. Pour des conditions d&#039;exploitation particuli\u00e8res, un accord doit \u00eatre conclu entre l&#039;utilisateur final et le fabricant. En cas d&#039;environnements d&#039;exploitation particuli\u00e8rement difficiles, le fabricant doit \u00eatre consult\u00e9. Par exemple, lorsqu&#039;un \u00e9quipement \u00e9lectrique est install\u00e9 \u00e0 une altitude sup\u00e9rieure \u00e0 1\u00a0500 m\u00e8tres, la pression atmosph\u00e9rique diminue, provoquant le gonflement de la bo\u00eete \u00e0 air.<\/li>\n<\/ol>\n<h2><strong><b>Dessin dimensionnel du r\u00e9servoir d&#039;air et de l&#039;armoire \u00e9lectrique<\/b><\/strong><\/h2>\n<p><img decoding=\"async\" class=\"alignnone wp-image-2091 size-full\" src=\"http:\/\/www.xminsulation.com\/wp-content\/uploads\/2024\/05\/\u56fe\u724719-3.png\" alt=\"\" width=\"1925\" height=\"1498\" srcset=\"https:\/\/www.xminsulation.com\/wp-content\/uploads\/2024\/05\/\u56fe\u724719-3.png 1925w, https:\/\/www.xminsulation.com\/wp-content\/uploads\/2024\/05\/\u56fe\u724719-3-300x233.png 300w, https:\/\/www.xminsulation.com\/wp-content\/uploads\/2024\/05\/\u56fe\u724719-3-1024x797.png 1024w, https:\/\/www.xminsulation.com\/wp-content\/uploads\/2024\/05\/\u56fe\u724719-3-768x598.png 768w, https:\/\/www.xminsulation.com\/wp-content\/uploads\/2024\/05\/\u56fe\u724719-3-1536x1195.png 1536w, https:\/\/www.xminsulation.com\/wp-content\/uploads\/2024\/05\/\u56fe\u724719-3-600x467.png 600w\" sizes=\"(max-width: 1925px) 100vw, 1925px\" \/> <img loading=\"lazy\" decoding=\"async\" class=\"alignnone wp-image-2092 size-large\" src=\"http:\/\/www.xminsulation.com\/wp-content\/uploads\/2024\/05\/\u56fe\u724720-3-839x1024.png\" alt=\"\" width=\"839\" height=\"1024\" srcset=\"https:\/\/www.xminsulation.com\/wp-content\/uploads\/2024\/05\/\u56fe\u724720-3-839x1024.png 839w, https:\/\/www.xminsulation.com\/wp-content\/uploads\/2024\/05\/\u56fe\u724720-3-246x300.png 246w, https:\/\/www.xminsulation.com\/wp-content\/uploads\/2024\/05\/\u56fe\u724720-3-768x937.png 768w, https:\/\/www.xminsulation.com\/wp-content\/uploads\/2024\/05\/\u56fe\u724720-3-1258x1536.png 1258w, https:\/\/www.xminsulation.com\/wp-content\/uploads\/2024\/05\/\u56fe\u724720-3-600x732.png 600w, https:\/\/www.xminsulation.com\/wp-content\/uploads\/2024\/05\/\u56fe\u724720-3.png 1505w\" sizes=\"(max-width: 839px) 100vw, 839px\" \/><\/p>\n<h2><strong><b>Interne <\/b><\/strong><strong><b>S<\/b><\/strong><strong><b>structure de <\/b><\/strong><strong><b>L<\/b><\/strong><strong><b>fleur <\/b><\/strong><strong><b>je<\/b><\/strong><strong><b>solation <\/b><\/strong><strong><b>Appareillage de commutation isol\u00e9 \u00e0 l&#039;air sec<\/b><\/strong><\/h2>\n<p><img loading=\"lazy\" decoding=\"async\" class=\"alignnone wp-image-2093 size-full\" src=\"http:\/\/www.xminsulation.com\/wp-content\/uploads\/2024\/05\/\u56fe\u724721-3.png\" alt=\"\" width=\"1065\" height=\"786\" srcset=\"https:\/\/www.xminsulation.com\/wp-content\/uploads\/2024\/05\/\u56fe\u724721-3.png 1065w, https:\/\/www.xminsulation.com\/wp-content\/uploads\/2024\/05\/\u56fe\u724721-3-300x221.png 300w, https:\/\/www.xminsulation.com\/wp-content\/uploads\/2024\/05\/\u56fe\u724721-3-1024x756.png 1024w, https:\/\/www.xminsulation.com\/wp-content\/uploads\/2024\/05\/\u56fe\u724721-3-768x567.png 768w, https:\/\/www.xminsulation.com\/wp-content\/uploads\/2024\/05\/\u56fe\u724721-3-600x443.png 600w\" sizes=\"(max-width: 1065px) 100vw, 1065px\" \/><\/p>\n<p>1\uff0c\u4fa7\u6269\u5957\u7ba1. Bo\u00eetier d&#039;expansion lat\u00e9ral.<\/p>\n<p>2\uff0c\u65ad\u8def\u5668(\u8d1f\u8377\u5f00\u5173). Disjoncteur (interrupteur de charge).<\/p>\n<p>3\uff0c\u4e09\u5de5\u4f4d\u4e0b\u9694\u79bb\u7684\u9694\u79bb\u5f00\u5173. Interrupteur d&#039;isolement \u00e0 trois stations.<\/p>\n<p>4\uff0c\u6bcd\u7ebf. Jeu de barres.<\/p>\n<p>5\uff0c\u8fdb\u7ebf\u5957\u7ba1. Bague d&#039;entr\u00e9e.<\/p>\n<p>6\uff0c\u6c14\u7bb1. R\u00e9servoir d&#039;air.<\/p>\n<p>7\uff0c\u6c14\u538b\u8868. Barom\u00e8tre.<\/p>\n<p>8\uff0c\u65ad\u8def\u5668(\u8d1f\u8377\u5f00\u5173)\u673a\u6784. M\u00e9canisme de disjoncteur (interrupteur de charge).<\/p>\n<p>9\uff0c\u89c2\u5bdf\u706f. Lumi\u00e8re d&#039;observation.<\/p>\n<p>10\uff0c\u4e09\u5de5\u4f4d\u9694\u79bb\u673a\u6784. M\u00e9canisme d&#039;isolation \u00e0 trois stations.<\/p>\n<p>11\uff0c\u63a5\u5730\u89c2\u5bdf\u7a97. Fen\u00eatre d&#039;observation au sol.<\/p>\n<h2><strong><b>Notes d&#039;installation<\/b><\/strong><\/h2>\n<p>Ce produit doit \u00eatre install\u00e9 sur le canal en acier int\u00e9gr\u00e9 sur la plate-forme en b\u00e9ton, et la base de la plate-forme doit \u00eatre suffisante pour supporter le poids total de l&#039;\u00e9quipement.<\/p>\n<p>Remarque\u00a0: L&#039;acier du canal de fondation pour le coulage secondaire est d\u00e9form\u00e9 et l&#039;irr\u00e9gularit\u00e9 au m\u00e8tre ne d\u00e9passe pas 1\u00a0mm. L&#039;armoire \u00e9lectrique est fix\u00e9e sur l&#039;acier du canal de fondation et la charge de base de l&#039;armoire \u00e9lectrique soud\u00e9e est autoris\u00e9e entre 500 et 700\u00a0kg\/unit\u00e9.<\/p>\n<p><strong><b>Fondation et dimensions hors tout (mm) :<\/b><\/strong><\/p>\n<p><img loading=\"lazy\" decoding=\"async\" class=\"alignnone wp-image-2094 size-large\" src=\"http:\/\/www.xminsulation.com\/wp-content\/uploads\/2024\/05\/\u56fe\u724722-3-1024x1021.png\" alt=\"\" width=\"1024\" height=\"1021\" srcset=\"https:\/\/www.xminsulation.com\/wp-content\/uploads\/2024\/05\/\u56fe\u724722-3-1024x1021.png 1024w, https:\/\/www.xminsulation.com\/wp-content\/uploads\/2024\/05\/\u56fe\u724722-3-300x300.png 300w, https:\/\/www.xminsulation.com\/wp-content\/uploads\/2024\/05\/\u56fe\u724722-3-150x150.png 150w, https:\/\/www.xminsulation.com\/wp-content\/uploads\/2024\/05\/\u56fe\u724722-3-768x766.png 768w, https:\/\/www.xminsulation.com\/wp-content\/uploads\/2024\/05\/\u56fe\u724722-3-1536x1531.png 1536w, https:\/\/www.xminsulation.com\/wp-content\/uploads\/2024\/05\/\u56fe\u724722-3-600x598.png 600w, https:\/\/www.xminsulation.com\/wp-content\/uploads\/2024\/05\/\u56fe\u724722-3-100x100.png 100w, https:\/\/www.xminsulation.com\/wp-content\/uploads\/2024\/05\/\u56fe\u724722-3.png 1677w\" sizes=\"(max-width: 1024px) 100vw, 1024px\" \/><\/p>\n<p><strong><b>Changer <\/b><\/strong><strong><b>C<\/b><\/strong><strong><b>armoire et <\/b><\/strong><strong><b>UN<\/b><\/strong><strong><b>apparence <\/b><\/strong><strong><b>je<\/b><\/strong><strong><b>installation <\/b><\/strong><strong><b>D<\/b><\/strong><strong><b>dimensions (mm) :<\/b><\/strong><\/p>\n<p>La hauteur de l&#039;armoire \u00e9lectrique est de 1\u00a0650 mm (sans local d&#039;instruments ind\u00e9pendant). Si des instruments ind\u00e9pendants sont n\u00e9cessaires, la hauteur de l&#039;armoire est de 2\u00a0000 mm. La profondeur de l&#039;armoire standard est de 850 mm.<\/p>\n<p><img loading=\"lazy\" decoding=\"async\" class=\"alignnone wp-image-2095 size-full\" src=\"http:\/\/www.xminsulation.com\/wp-content\/uploads\/2024\/05\/\u56fe\u724723-2.png\" alt=\"\" width=\"1103\" height=\"1595\" srcset=\"https:\/\/www.xminsulation.com\/wp-content\/uploads\/2024\/05\/\u56fe\u724723-2.png 1103w, https:\/\/www.xminsulation.com\/wp-content\/uploads\/2024\/05\/\u56fe\u724723-2-207x300.png 207w, https:\/\/www.xminsulation.com\/wp-content\/uploads\/2024\/05\/\u56fe\u724723-2-708x1024.png 708w, https:\/\/www.xminsulation.com\/wp-content\/uploads\/2024\/05\/\u56fe\u724723-2-768x1111.png 768w, https:\/\/www.xminsulation.com\/wp-content\/uploads\/2024\/05\/\u56fe\u724723-2-1062x1536.png 1062w, https:\/\/www.xminsulation.com\/wp-content\/uploads\/2024\/05\/\u56fe\u724723-2-600x868.png 600w\" sizes=\"(max-width: 1103px) 100vw, 1103px\" \/><\/p>\n<h2><strong><b>Entretien du produit<\/b><\/strong><\/h2>\n<p>Tous les composants \u00e0 l&#039;int\u00e9rieur de l&#039;IE-EcoAir-24kV-630A ne n\u00e9cessitent aucun entretien pendant la dur\u00e9e de vie d\u00e9clar\u00e9e du produit.<\/p>\n<p>Les positions d&#039;isolement et de mise \u00e0 la terre peuvent \u00eatre observ\u00e9es pour fournir une garantie de s\u00e9curit\u00e9 pour le fonctionnement et la construction des c\u00e2bles.<\/p>\n<p>La boucle du syst\u00e8me est compl\u00e8tement isol\u00e9e de l&#039;atmosph\u00e8re et un canal sp\u00e9cial de d\u00e9compression d&#039;arc est con\u00e7u sur la bo\u00eete \u00e0 air pour assurer la s\u00e9curit\u00e9 des op\u00e9rateurs et des \u00e9quipements.<\/p>\n<p>La partie m\u00e9canique est situ\u00e9e \u00e0 l&#039;ext\u00e9rieur de la bo\u00eete \u00e0 air et derri\u00e8re le panneau avant, ce qui facilite son utilisation et son remplacement. La surface de la pi\u00e8ce m\u00e9canique a subi un traitement anticorrosion et ses pi\u00e8ces mobiles ont \u00e9t\u00e9 lubrifi\u00e9es avant de quitter l&#039;usine, ce qui peut r\u00e9pondre \u00e0 l&#039;utilisation du cycle de vie du produit. Dans des environnements extr\u00eames (poussi\u00e8re, sable et salet\u00e9), une inspection, un entretien et, dans certains cas, un remplacement peuvent \u00eatre n\u00e9cessaires.<\/p>\n<h2>\u25c6Personnalisation sp\u00e9ciale<\/h2>\n<p>Les param\u00e8tres ci-dessus sont des donn\u00e9es typiques\u00a0; si les styles existants ne r\u00e9pondent pas \u00e0 vos demandes sp\u00e9cifiques, veuillez nous contacter pour une conception personnalis\u00e9e. Nous disposons d&#039;importantes comp\u00e9tences en mati\u00e8re de d\u00e9veloppement et de production de personnalisation personnalis\u00e9e, nous permettant de fournir des solutions sur mesure aux clients du monde entier.<\/p>","protected":false},"excerpt":{"rendered":"<p>General Information In medium-voltage power distribution systems, the most commonly used ring network cabinets currently include SF6 gas insulated ring network cabinets, solid insulated ring network cabinets and environmentally friendly gas insulated ring network cabinets. However, due to the greenhouse gas emission problem of SF6 and the difficulty of recycling solid insulation materials, the application [&hellip;]<\/p>","protected":false},"featured_media":2089,"template":"","meta":{"site-sidebar-layout":"default","site-content-layout":"","ast-site-content-layout":"default","site-content-style":"default","site-sidebar-style":"default","ast-global-header-display":"","ast-banner-title-visibility":"","ast-main-header-display":"","ast-hfb-above-header-display":"","ast-hfb-below-header-display":"","ast-hfb-mobile-header-display":"","site-post-title":"","ast-breadcrumbs-content":"","ast-featured-img":"","footer-sml-layout":"","theme-transparent-header-meta":"default","adv-header-id-meta":"","stick-header-meta":"","header-above-stick-meta":"","header-main-stick-meta":"","header-below-stick-meta":"","astra-migrate-meta-layouts":"set","ast-page-background-enabled":"default","ast-page-background-meta":{"desktop":{"background-color":"","background-image":"","background-repeat":"repeat","background-position":"center center","background-size":"auto","background-attachment":"scroll","background-type":"","background-media":"","overlay-type":"","overlay-color":"","overlay-gradient":""},"tablet":{"background-color":"","background-image":"","background-repeat":"repeat","background-position":"center center","background-size":"auto","background-attachment":"scroll","background-type":"","background-media":"","overlay-type":"","overlay-color":"","overlay-gradient":""},"mobile":{"background-color":"","background-image":"","background-repeat":"repeat","background-position":"center center","background-size":"auto","background-attachment":"scroll","background-type":"","background-media":"","overlay-type":"","overlay-color":"","overlay-gradient":""}},"ast-content-background-meta":{"desktop":{"background-color":"var(--ast-global-color-5)","background-image":"","background-repeat":"repeat","background-position":"center center","background-size":"auto","background-attachment":"scroll","background-type":"","background-media":"","overlay-type":"","overlay-color":"","overlay-gradient":""},"tablet":{"background-color":"var(--ast-global-color-5)","background-image":"","background-repeat":"repeat","background-position":"center center","background-size":"auto","background-attachment":"scroll","background-type":"","background-media":"","overlay-type":"","overlay-color":"","overlay-gradient":""},"mobile":{"background-color":"var(--ast-global-color-5)","background-image":"","background-repeat":"repeat","background-position":"center center","background-size":"auto","background-attachment":"scroll","background-type":"","background-media":"","overlay-type":"","overlay-color":"","overlay-gradient":""}}},"product_cat":[32],"product_tag":[],"class_list":{"0":"post-2088","1":"product","2":"type-product","3":"status-publish","4":"has-post-thumbnail","6":"product_cat-10-24kv-dry-air-insulated-switchgear-rmu-sf6-free","7":"desktop-align-left","8":"tablet-align-left","9":"mobile-align-left","11":"first","12":"instock","13":"shipping-taxable","14":"product-type-simple"},"_links":{"self":[{"href":"https:\/\/www.xminsulation.com\/fr\/wp-json\/wp\/v2\/product\/2088","targetHints":{"allow":["GET"]}}],"collection":[{"href":"https:\/\/www.xminsulation.com\/fr\/wp-json\/wp\/v2\/product"}],"about":[{"href":"https:\/\/www.xminsulation.com\/fr\/wp-json\/wp\/v2\/types\/product"}],"wp:featuredmedia":[{"embeddable":true,"href":"https:\/\/www.xminsulation.com\/fr\/wp-json\/wp\/v2\/media\/2089"}],"wp:attachment":[{"href":"https:\/\/www.xminsulation.com\/fr\/wp-json\/wp\/v2\/media?parent=2088"}],"wp:term":[{"taxonomy":"product_cat","embeddable":true,"href":"https:\/\/www.xminsulation.com\/fr\/wp-json\/wp\/v2\/product_cat?post=2088"},{"taxonomy":"product_tag","embeddable":true,"href":"https:\/\/www.xminsulation.com\/fr\/wp-json\/wp\/v2\/product_tag?post=2088"}],"curies":[{"name":"wp","href":"https:\/\/api.w.org\/{rel}","templated":true}]}}