{"id":2080,"date":"2024-05-17T09:52:36","date_gmt":"2024-05-17T01:52:36","guid":{"rendered":"http:\/\/www.xminsulation.com\/?post_type=product&#038;p=2080"},"modified":"2024-05-17T09:52:36","modified_gmt":"2024-05-17T01:52:36","slug":"spring-operating-mechanism-circuit-breaker-mechanism","status":"publish","type":"product","link":"https:\/\/www.xminsulation.com\/fr\/product\/spring-operating-mechanism-circuit-breaker-mechanism\/","title":{"rendered":"M\u00e9canisme de commande \u00e0 ressort-m\u00e9canisme de disjoncteur"},"content":{"rendered":"<p><img fetchpriority=\"high\" decoding=\"async\" class=\"alignnone wp-image-2081 size-full\" src=\"http:\/\/www.xminsulation.com\/wp-content\/uploads\/2024\/05\/\u56fe\u724711-4.png\" alt=\"\" width=\"1000\" height=\"1000\" srcset=\"https:\/\/www.xminsulation.com\/wp-content\/uploads\/2024\/05\/\u56fe\u724711-4.png 1000w, https:\/\/www.xminsulation.com\/wp-content\/uploads\/2024\/05\/\u56fe\u724711-4-300x300.png 300w, https:\/\/www.xminsulation.com\/wp-content\/uploads\/2024\/05\/\u56fe\u724711-4-150x150.png 150w, https:\/\/www.xminsulation.com\/wp-content\/uploads\/2024\/05\/\u56fe\u724711-4-768x768.png 768w, https:\/\/www.xminsulation.com\/wp-content\/uploads\/2024\/05\/\u56fe\u724711-4-600x600.png 600w, https:\/\/www.xminsulation.com\/wp-content\/uploads\/2024\/05\/\u56fe\u724711-4-100x100.png 100w\" sizes=\"(max-width: 1000px) 100vw, 1000px\" \/><\/p>\n<h2><strong><b>Informations g\u00e9n\u00e9rales<\/b><\/strong><\/h2>\n<p>Le m\u00e9canisme \u00e0 ressort est conforme aux exigences techniques de la norme GB1984-2003 relative aux disjoncteurs haute tension CA. Adaptable aux s\u00e9ries 12T-\/630T-20 et autres. Compact, il dispose d&#039;une fonction de r\u00e9enclenchement. Tension nominale\u00a0: 220\u00a0V CC, 110\u00a0V, 48\u00a0V, 24\u00a0V CC, angle de sortie du m\u00e9canisme\u00a0: environ 88\u00b0, dur\u00e9e de vie m\u00e9canique\u00a0: 10\u00a0000 cycles.<\/p>\n<p><strong><b> <img decoding=\"async\" class=\"alignnone wp-image-2082 size-full\" src=\"http:\/\/www.xminsulation.com\/wp-content\/uploads\/2024\/05\/\u56fe\u724712-4.png\" alt=\"\" width=\"816\" height=\"498\" srcset=\"https:\/\/www.xminsulation.com\/wp-content\/uploads\/2024\/05\/\u56fe\u724712-4.png 816w, https:\/\/www.xminsulation.com\/wp-content\/uploads\/2024\/05\/\u56fe\u724712-4-300x183.png 300w, https:\/\/www.xminsulation.com\/wp-content\/uploads\/2024\/05\/\u56fe\u724712-4-768x469.png 768w, https:\/\/www.xminsulation.com\/wp-content\/uploads\/2024\/05\/\u56fe\u724712-4-600x366.png 600w\" sizes=\"(max-width: 816px) 100vw, 816px\" \/><\/b><\/strong><\/p>\n<h2><strong><b>\u00d4<\/b><\/strong><strong><b>fonctionnement <\/b><\/strong><strong><b>je<\/b><\/strong><strong><b>instructions<\/b><\/strong><\/h2>\n<ol>\n<li>Fonctionnement du stockage d&#039;\u00e9nergie :<\/li>\n<\/ol>\n<p>V\u00e9rifiez que le produit n&#039;a pas \u00e9t\u00e9 d\u00e9form\u00e9 pendant le transport. Installez et fixez le m\u00e9canisme de l&#039;interrupteur. Utilisez une poign\u00e9e sp\u00e9ciale pour l&#039;ins\u00e9rer dans la partie inf\u00e9rieure droite du m\u00e9canisme. Tournez-la dans le sens des aiguilles d&#039;une montre (ou alimentez le moteur \u00e9lectriquement) jusqu&#039;\u00e0 entendre un \u00ab\u00a0clic\u00a0\u00bb pour terminer le stockage d&#039;\u00e9nergie.<\/p>\n<ol start=\"2\">\n<li>Op\u00e9ration de fermeture :<\/li>\n<\/ol>\n<p>Appuyez sur le bouton vert et le circuit principal du disjoncteur se ferme sous l&#039;effet de la force du ressort du m\u00e9canisme. En fonctionnement \u00e9lectrique, la bobine de fermeture est aliment\u00e9e pour terminer la fermeture, tandis que le ressort d&#039;ouverture se charge simultan\u00e9ment. L&#039;\u00e9nergie peut alors \u00eatre stock\u00e9e, mais la fermeture est impossible (avec verrouillage).<\/p>\n<ol start=\"3\">\n<li>Op\u00e9ration d&#039;ouverture :<\/li>\n<\/ol>\n<p>Appuyez sur le bouton rouge et le circuit principal du disjoncteur s&#039;ouvre sous l&#039;action du ressort du m\u00e9canisme. Ou, pendant le fonctionnement \u00e9lectrique, le m\u00e9canisme d&#039;alimentation de la bobine d&#039;ouverture est utilis\u00e9 pour terminer l&#039;op\u00e9ration d&#039;analyse.<\/p>\n<h2><strong><b>Taille du produit<\/b><\/strong><\/h2>\n<p><img decoding=\"async\" class=\"alignnone wp-image-2083 size-full\" src=\"http:\/\/www.xminsulation.com\/wp-content\/uploads\/2024\/05\/\u56fe\u724713-4.png\" alt=\"\" width=\"1200\" height=\"1200\" srcset=\"https:\/\/www.xminsulation.com\/wp-content\/uploads\/2024\/05\/\u56fe\u724713-4.png 1200w, https:\/\/www.xminsulation.com\/wp-content\/uploads\/2024\/05\/\u56fe\u724713-4-300x300.png 300w, https:\/\/www.xminsulation.com\/wp-content\/uploads\/2024\/05\/\u56fe\u724713-4-1024x1024.png 1024w, https:\/\/www.xminsulation.com\/wp-content\/uploads\/2024\/05\/\u56fe\u724713-4-150x150.png 150w, https:\/\/www.xminsulation.com\/wp-content\/uploads\/2024\/05\/\u56fe\u724713-4-768x768.png 768w, https:\/\/www.xminsulation.com\/wp-content\/uploads\/2024\/05\/\u56fe\u724713-4-600x600.png 600w, https:\/\/www.xminsulation.com\/wp-content\/uploads\/2024\/05\/\u56fe\u724713-4-100x100.png 100w\" sizes=\"(max-width: 1200px) 100vw, 1200px\" \/><\/p>\n<h2>\u25c6Personnalisation sp\u00e9ciale<\/h2>\n<p>Les param\u00e8tres ci-dessus sont des donn\u00e9es typiques\u00a0; si les styles existants ne r\u00e9pondent pas \u00e0 vos demandes sp\u00e9cifiques, veuillez nous contacter pour une conception personnalis\u00e9e. Nous disposons d&#039;importantes comp\u00e9tences en mati\u00e8re de d\u00e9veloppement et de production de personnalisation personnalis\u00e9e, nous permettant de fournir des solutions sur mesure aux clients du monde entier.<\/p>\n<p>&nbsp;<\/p>\n<p>&nbsp;<\/p>","protected":false},"excerpt":{"rendered":"<p>General Information The spring mechanism complies with the technical requirements of GB1984-2003 high-voltage AC circuit breakers. Can be adapted to 12T-\/630T-20 and other series products. The mechanism has a reclosing function and is small in size. Rated voltage: DC220V, 110V, 48V, 24V, mechanism output angle: about 88\u00b0, mechanical life: 10,000 times. Operating Instructions Energy storage [&hellip;]<\/p>","protected":false},"featured_media":2081,"template":"","meta":{"site-sidebar-layout":"default","site-content-layout":"","ast-site-content-layout":"default","site-content-style":"default","site-sidebar-style":"default","ast-global-header-display":"","ast-banner-title-visibility":"","ast-main-header-display":"","ast-hfb-above-header-display":"","ast-hfb-below-header-display":"","ast-hfb-mobile-header-display":"","site-post-title":"","ast-breadcrumbs-content":"","ast-featured-img":"","footer-sml-layout":"","theme-transparent-header-meta":"default","adv-header-id-meta":"","stick-header-meta":"","header-above-stick-meta":"","header-main-stick-meta":"","header-below-stick-meta":"","astra-migrate-meta-layouts":"set","ast-page-background-enabled":"default","ast-page-background-meta":{"desktop":{"background-color":"","background-image":"","background-repeat":"repeat","background-position":"center center","background-size":"auto","background-attachment":"scroll","background-type":"","background-media":"","overlay-type":"","overlay-color":"","overlay-gradient":""},"tablet":{"background-color":"","background-image":"","background-repeat":"repeat","background-position":"center center","background-size":"auto","background-attachment":"scroll","background-type":"","background-media":"","overlay-type":"","overlay-color":"","overlay-gradient":""},"mobile":{"background-color":"","background-image":"","background-repeat":"repeat","background-position":"center center","background-size":"auto","background-attachment":"scroll","background-type":"","background-media":"","overlay-type":"","overlay-color":"","overlay-gradient":""}},"ast-content-background-meta":{"desktop":{"background-color":"var(--ast-global-color-5)","background-image":"","background-repeat":"repeat","background-position":"center center","background-size":"auto","background-attachment":"scroll","background-type":"","background-media":"","overlay-type":"","overlay-color":"","overlay-gradient":""},"tablet":{"background-color":"var(--ast-global-color-5)","background-image":"","background-repeat":"repeat","background-position":"center center","background-size":"auto","background-attachment":"scroll","background-type":"","background-media":"","overlay-type":"","overlay-color":"","overlay-gradient":""},"mobile":{"background-color":"var(--ast-global-color-5)","background-image":"","background-repeat":"repeat","background-position":"center center","background-size":"auto","background-attachment":"scroll","background-type":"","background-media":"","overlay-type":"","overlay-color":"","overlay-gradient":""}}},"product_cat":[39],"product_tag":[],"class_list":{"0":"post-2080","1":"product","2":"type-product","3":"status-publish","4":"has-post-thumbnail","6":"product_cat-operating-mechanism","7":"desktop-align-left","8":"tablet-align-left","9":"mobile-align-left","11":"first","12":"instock","13":"shipping-taxable","14":"product-type-simple"},"_links":{"self":[{"href":"https:\/\/www.xminsulation.com\/fr\/wp-json\/wp\/v2\/product\/2080","targetHints":{"allow":["GET"]}}],"collection":[{"href":"https:\/\/www.xminsulation.com\/fr\/wp-json\/wp\/v2\/product"}],"about":[{"href":"https:\/\/www.xminsulation.com\/fr\/wp-json\/wp\/v2\/types\/product"}],"wp:featuredmedia":[{"embeddable":true,"href":"https:\/\/www.xminsulation.com\/fr\/wp-json\/wp\/v2\/media\/2081"}],"wp:attachment":[{"href":"https:\/\/www.xminsulation.com\/fr\/wp-json\/wp\/v2\/media?parent=2080"}],"wp:term":[{"taxonomy":"product_cat","embeddable":true,"href":"https:\/\/www.xminsulation.com\/fr\/wp-json\/wp\/v2\/product_cat?post=2080"},{"taxonomy":"product_tag","embeddable":true,"href":"https:\/\/www.xminsulation.com\/fr\/wp-json\/wp\/v2\/product_tag?post=2080"}],"curies":[{"name":"wp","href":"https:\/\/api.w.org\/{rel}","templated":true}]}}