{"id":2067,"date":"2024-05-17T09:45:30","date_gmt":"2024-05-17T01:45:30","guid":{"rendered":"http:\/\/www.xminsulation.com\/?post_type=product&#038;p=2067"},"modified":"2024-05-23T21:53:26","modified_gmt":"2024-05-23T13:53:26","slug":"permanent-magnet-mechanism-magnetic-actuator","status":"publish","type":"product","link":"https:\/\/www.xminsulation.com\/fr\/product\/permanent-magnet-mechanism-magnetic-actuator\/","title":{"rendered":"Actionneur magn\u00e9tique \u00e0 m\u00e9canisme \u00e0 aimant permanent"},"content":{"rendered":"<p><img fetchpriority=\"high\" decoding=\"async\" class=\"alignnone wp-image-2068 size-full\" src=\"http:\/\/www.xminsulation.com\/wp-content\/uploads\/2024\/05\/\u56fe\u72471-3.png\" alt=\"\" width=\"1000\" height=\"1000\" srcset=\"https:\/\/www.xminsulation.com\/wp-content\/uploads\/2024\/05\/\u56fe\u72471-3.png 1000w, https:\/\/www.xminsulation.com\/wp-content\/uploads\/2024\/05\/\u56fe\u72471-3-300x300.png 300w, https:\/\/www.xminsulation.com\/wp-content\/uploads\/2024\/05\/\u56fe\u72471-3-150x150.png 150w, https:\/\/www.xminsulation.com\/wp-content\/uploads\/2024\/05\/\u56fe\u72471-3-768x768.png 768w, https:\/\/www.xminsulation.com\/wp-content\/uploads\/2024\/05\/\u56fe\u72471-3-600x600.png 600w, https:\/\/www.xminsulation.com\/wp-content\/uploads\/2024\/05\/\u56fe\u72471-3-100x100.png 100w\" sizes=\"(max-width: 1000px) 100vw, 1000px\" \/> <img decoding=\"async\" class=\"alignnone wp-image-2069 size-full\" src=\"http:\/\/www.xminsulation.com\/wp-content\/uploads\/2024\/05\/\u56fe\u72472-5.png\" alt=\"\" width=\"1000\" height=\"1000\" srcset=\"https:\/\/www.xminsulation.com\/wp-content\/uploads\/2024\/05\/\u56fe\u72472-5.png 1000w, https:\/\/www.xminsulation.com\/wp-content\/uploads\/2024\/05\/\u56fe\u72472-5-300x300.png 300w, https:\/\/www.xminsulation.com\/wp-content\/uploads\/2024\/05\/\u56fe\u72472-5-150x150.png 150w, https:\/\/www.xminsulation.com\/wp-content\/uploads\/2024\/05\/\u56fe\u72472-5-768x768.png 768w, https:\/\/www.xminsulation.com\/wp-content\/uploads\/2024\/05\/\u56fe\u72472-5-600x600.png 600w, https:\/\/www.xminsulation.com\/wp-content\/uploads\/2024\/05\/\u56fe\u72472-5-100x100.png 100w\" sizes=\"(max-width: 1000px) 100vw, 1000px\" \/> <img decoding=\"async\" class=\"alignnone wp-image-2070 size-full\" src=\"http:\/\/www.xminsulation.com\/wp-content\/uploads\/2024\/05\/\u56fe\u72473-4.png\" alt=\"\" width=\"1000\" height=\"1000\" srcset=\"https:\/\/www.xminsulation.com\/wp-content\/uploads\/2024\/05\/\u56fe\u72473-4.png 1000w, https:\/\/www.xminsulation.com\/wp-content\/uploads\/2024\/05\/\u56fe\u72473-4-300x300.png 300w, https:\/\/www.xminsulation.com\/wp-content\/uploads\/2024\/05\/\u56fe\u72473-4-150x150.png 150w, https:\/\/www.xminsulation.com\/wp-content\/uploads\/2024\/05\/\u56fe\u72473-4-768x768.png 768w, https:\/\/www.xminsulation.com\/wp-content\/uploads\/2024\/05\/\u56fe\u72473-4-600x600.png 600w, https:\/\/www.xminsulation.com\/wp-content\/uploads\/2024\/05\/\u56fe\u72473-4-100x100.png 100w\" sizes=\"(max-width: 1000px) 100vw, 1000px\" \/><\/p>\n<h2><strong><b>Informations g\u00e9n\u00e9rales<\/b><\/strong><\/h2>\n<p>Le m\u00e9canisme \u00e0 aimant permanent monostable est un ma\u00eetre des mat\u00e9riaux m\u00e9talliques, de la m\u00e9canique et de la recherche d&#039;application de la technologie \u00e9lectromagn\u00e9tique de puissance. Le noyau comprend un noyau magn\u00e9tique, une bobine d&#039;excitation, un ressort fonctionnel et d&#039;autres pi\u00e8ces. Il a une petite taille et une faible consommation d&#039;\u00e9nergie (pas aussi bonne que les produits conventionnels). 1\/4), avec une structure simple, une vitesse de r\u00e9ponse rapide et aucune d\u00e9rive de param\u00e8tre (num\u00e9rique), c&#039;est la meilleure technologie de puce de contr\u00f4le de commutateur de disjoncteur moyenne tension !<\/p>\n<p>Le mat\u00e9riau de base est fondu, forg\u00e9 et trait\u00e9 avec pr\u00e9cision \u00e0 l&#039;aide de diverses formules telles que le fer Fe, le cobalt Co, le mangan\u00e8se Mo et d&#039;autres processus sp\u00e9ciaux pour obtenir la meilleure irr\u00e9gularit\u00e9 possible du mat\u00e9riau et mettre en valeur ses caract\u00e9ristiques uniques de m\u00e9moire magn\u00e9tique haute fid\u00e9lit\u00e9.<\/p>\n<h2><strong><b>caract\u00e9ristiques du produit<\/b><\/strong><\/h2>\n<ol>\n<li>Forte capacit\u00e9 de coupure, s\u00fbre et fiable. La valeur de force du m\u00e9canisme est &gt; 3500 N. La valeur de force correspond au meilleur m\u00e9canisme de disjoncteur rapide. Il est \u00e9quip\u00e9 d&#039;une chambre d&#039;extinction d&#039;arc conventionnelle et poss\u00e8de une forte capacit\u00e9 de coupure.<\/li>\n<li>Action rapide. Le temps d&#039;ouverture du corps du commutateur est &lt; 5 ms, la dispersion du temps de fermeture et d&#039;ouverture est &lt; 1 ms et il prend en charge une protection contre les erreurs extr\u00eames \u00e0 plusieurs niveaux sur toute la ligne.<\/li>\n<li>Consommation d&#039;\u00e9nergie ultra faible. Le courant de fermeture est &lt; 20 A, le courant d&#039;ouverture est &lt; 1 A, la capacit\u00e9 de stockage d&#039;\u00e9nergie est faible, inf\u00e9rieure \u00e0 30% des produits traditionnels, de petite taille et de poids l\u00e9ger.<\/li>\n<li>L\u00e9ger et simple. Il a une structure simple, peu de pi\u00e8ces, est l\u00e9ger, fiable et stable.<\/li>\n<li>Fonctionnement \u00e0 temp\u00e9rature ultra large. Le nouveau mat\u00e9riau en alliage magn\u00e9tique semi-dur r\u00e9versible a augment\u00e9 la temp\u00e9rature de d\u00e9magn\u00e9tisation des produits traditionnels de 100 \u00b0C \u00e0 plus de 300 \u00b0C, et la rapidit\u00e9 de d\u00e9magn\u00e9tisation par perte magn\u00e9tique \u00e0 long terme est inf\u00e9rieure \u00e0 5%.<\/li>\n<li>R\u00e9sistance \u00e0 l&#039;usure exceptionnelle. Les pi\u00e8ces magn\u00e9tiques sont con\u00e7ues et fabriqu\u00e9es \u00e0 partir de mat\u00e9riaux en alliage int\u00e9gr\u00e9s, avec une duret\u00e9 globale \u00e9lev\u00e9e et une forte r\u00e9sistance \u00e0 l&#039;usure.<\/li>\n<\/ol>\n<h2><strong><b>Structure du produit<\/b><\/strong><\/h2>\n<p>Le m\u00e9canisme \u00e0 aimant permanent se compose d&#039;un noyau de fer mobile, d&#039;un noyau de fer fixe, d&#039;un aimant permanent, d&#039;une bobine, d&#039;un arbre d&#039;entra\u00eenement et d&#039;une plaque d&#039;aluminium fixe.<\/p>\n<p><img loading=\"lazy\" decoding=\"async\" class=\"alignnone wp-image-2071 size-full\" src=\"http:\/\/www.xminsulation.com\/wp-content\/uploads\/2024\/05\/\u56fe\u72474-4.png\" alt=\"\" width=\"743\" height=\"673\" srcset=\"https:\/\/www.xminsulation.com\/wp-content\/uploads\/2024\/05\/\u56fe\u72474-4.png 743w, https:\/\/www.xminsulation.com\/wp-content\/uploads\/2024\/05\/\u56fe\u72474-4-300x272.png 300w, https:\/\/www.xminsulation.com\/wp-content\/uploads\/2024\/05\/\u56fe\u72474-4-600x543.png 600w\" sizes=\"(max-width: 743px) 100vw, 743px\" \/><\/p>\n<h2><strong><b>L<\/b><\/strong><strong><b>travailler <\/b><\/strong><strong><b>P.<\/b><\/strong><strong><b>principe<\/b><\/strong><\/h2>\n<p>Lors de la fermeture, l&#039;alimentation de stockage d&#039;\u00e9nergie charge d&#039;abord le condensateur de stockage d&#039;\u00e9nergie. L&#039;op\u00e9ration de fermeture ne peut \u00eatre effectu\u00e9e que lorsque la tension du condensateur de stockage d&#039;\u00e9nergie est sup\u00e9rieure \u00e0 90%. Lors de la fermeture, le circuit externe du contr\u00f4leur fournit un courant d&#039;entra\u00eenement \u00e0 la bobine et stocke l&#039;\u00e9nergie stock\u00e9e dans le condensateur. L&#039;\u00e9nergie \u00e9lectrique se d\u00e9verse dans la bobine d&#039;aimant permanent dans une direction avant, et le noyau de fer mobile se d\u00e9place dans la direction de fermeture sous l&#039;action de la force \u00e9lectromagn\u00e9tique jusqu&#039;\u00e0 ce qu&#039;il atteigne la position compl\u00e8tement ferm\u00e9e. \u00c0 ce moment, le circuit magn\u00e9tique de l&#039;aimant permanent est ferm\u00e9 et le noyau de fer mobile est enti\u00e8rement attir\u00e9, ce qui joue un r\u00f4le dans l&#039;effet de fermeture et de maintien.<\/p>\n<p>Lorsque la porte est ouverte, le contr\u00f4leur d\u00e9verse en sens inverse l&#039;\u00e9nergie \u00e9lectrique stock\u00e9e dans le condensateur dans la bobine \u00e0 aimant permanent. Le champ magn\u00e9tique inverse g\u00e9n\u00e9r\u00e9 par la bobine compense le champ magn\u00e9tique de l&#039;aimant permanent. La force de maintien est inf\u00e9rieure \u00e0 la force du ressort de surcourse. Sous l&#039;action du ressort d&#039;ouverture, le noyau de fer mobile est s\u00e9par\u00e9 du corps principal du m\u00e9canisme et le noyau de fer mobile entra\u00eene l&#039;arbre de transmission pour maintenir le disjoncteur en position ouverte.<\/p>\n<p><img loading=\"lazy\" decoding=\"async\" class=\"alignnone wp-image-2072 size-full\" src=\"http:\/\/www.xminsulation.com\/wp-content\/uploads\/2024\/05\/\u56fe\u72475-5.png\" alt=\"\" width=\"818\" height=\"274\" srcset=\"https:\/\/www.xminsulation.com\/wp-content\/uploads\/2024\/05\/\u56fe\u72475-5.png 818w, https:\/\/www.xminsulation.com\/wp-content\/uploads\/2024\/05\/\u56fe\u72475-5-300x100.png 300w, https:\/\/www.xminsulation.com\/wp-content\/uploads\/2024\/05\/\u56fe\u72475-5-768x257.png 768w, https:\/\/www.xminsulation.com\/wp-content\/uploads\/2024\/05\/\u56fe\u72475-5-600x201.png 600w\" sizes=\"(max-width: 818px) 100vw, 818px\" \/><\/p>\n<h2><strong><b>Taille du produit<\/b><\/strong><\/h2>\n<p><img loading=\"lazy\" decoding=\"async\" class=\"alignnone wp-image-2073 size-full\" src=\"http:\/\/www.xminsulation.com\/wp-content\/uploads\/2024\/05\/\u56fe\u72476-4.png\" alt=\"\" width=\"905\" height=\"745\" srcset=\"https:\/\/www.xminsulation.com\/wp-content\/uploads\/2024\/05\/\u56fe\u72476-4.png 905w, https:\/\/www.xminsulation.com\/wp-content\/uploads\/2024\/05\/\u56fe\u72476-4-300x247.png 300w, https:\/\/www.xminsulation.com\/wp-content\/uploads\/2024\/05\/\u56fe\u72476-4-768x632.png 768w, https:\/\/www.xminsulation.com\/wp-content\/uploads\/2024\/05\/\u56fe\u72476-4-600x494.png 600w\" sizes=\"(max-width: 905px) 100vw, 905px\" \/><\/p>\n<h2><strong><b>Instructions de commande<\/b><\/strong><\/h2>\n<ol>\n<li>Veuillez vous assurer que le m\u00e9canisme est monostable ou bistable.<\/li>\n<li>Assurez-vous que le m\u00e9canisme est carr\u00e9, rond ou semi-carr\u00e9 et semi-circulaire.<\/li>\n<li>Veuillez confirmer si la tension de fonctionnement du m\u00e9canisme est DC220V.<\/li>\n<li>Veuillez confirmer l&#039;itin\u00e9raire de l&#039;organisation.<\/li>\n<\/ol>\n<h2>\u25c6Personnalisation sp\u00e9ciale<\/h2>\n<p>Les param\u00e8tres ci-dessus sont des donn\u00e9es typiques\u00a0; si les styles existants ne r\u00e9pondent pas \u00e0 vos demandes sp\u00e9cifiques, veuillez nous contacter pour une conception personnalis\u00e9e. Nous disposons d&#039;importantes comp\u00e9tences en mati\u00e8re de d\u00e9veloppement et de production de personnalisation personnalis\u00e9e, nous permettant de fournir des solutions sur mesure aux clients du monde entier.<\/p>","protected":false},"excerpt":{"rendered":"<p>General Information The monostable permanent magnet mechanism is a master of metal materials, mechanics, and power electromagnetic technology application research. The core includes a magnetic core, an excitation coil, a functional spring, and other parts. It has small size and low power consumption (not as good as conventional products). 1\/4), with simple structure, fast response [&hellip;]<\/p>","protected":false},"featured_media":2068,"template":"","meta":{"site-sidebar-layout":"default","site-content-layout":"","ast-site-content-layout":"default","site-content-style":"default","site-sidebar-style":"default","ast-global-header-display":"","ast-banner-title-visibility":"","ast-main-header-display":"","ast-hfb-above-header-display":"","ast-hfb-below-header-display":"","ast-hfb-mobile-header-display":"","site-post-title":"","ast-breadcrumbs-content":"","ast-featured-img":"","footer-sml-layout":"","theme-transparent-header-meta":"default","adv-header-id-meta":"","stick-header-meta":"","header-above-stick-meta":"","header-main-stick-meta":"","header-below-stick-meta":"","astra-migrate-meta-layouts":"set","ast-page-background-enabled":"default","ast-page-background-meta":{"desktop":{"background-color":"","background-image":"","background-repeat":"repeat","background-position":"center center","background-size":"auto","background-attachment":"scroll","background-type":"","background-media":"","overlay-type":"","overlay-color":"","overlay-gradient":""},"tablet":{"background-color":"","background-image":"","background-repeat":"repeat","background-position":"center center","background-size":"auto","background-attachment":"scroll","background-type":"","background-media":"","overlay-type":"","overlay-color":"","overlay-gradient":""},"mobile":{"background-color":"","background-image":"","background-repeat":"repeat","background-position":"center center","background-size":"auto","background-attachment":"scroll","background-type":"","background-media":"","overlay-type":"","overlay-color":"","overlay-gradient":""}},"ast-content-background-meta":{"desktop":{"background-color":"var(--ast-global-color-5)","background-image":"","background-repeat":"repeat","background-position":"center center","background-size":"auto","background-attachment":"scroll","background-type":"","background-media":"","overlay-type":"","overlay-color":"","overlay-gradient":""},"tablet":{"background-color":"var(--ast-global-color-5)","background-image":"","background-repeat":"repeat","background-position":"center center","background-size":"auto","background-attachment":"scroll","background-type":"","background-media":"","overlay-type":"","overlay-color":"","overlay-gradient":""},"mobile":{"background-color":"var(--ast-global-color-5)","background-image":"","background-repeat":"repeat","background-position":"center center","background-size":"auto","background-attachment":"scroll","background-type":"","background-media":"","overlay-type":"","overlay-color":"","overlay-gradient":""}}},"product_cat":[39],"product_tag":[],"class_list":{"0":"post-2067","1":"product","2":"type-product","3":"status-publish","4":"has-post-thumbnail","6":"product_cat-operating-mechanism","7":"desktop-align-left","8":"tablet-align-left","9":"mobile-align-left","11":"first","12":"instock","13":"shipping-taxable","14":"product-type-simple"},"_links":{"self":[{"href":"https:\/\/www.xminsulation.com\/fr\/wp-json\/wp\/v2\/product\/2067","targetHints":{"allow":["GET"]}}],"collection":[{"href":"https:\/\/www.xminsulation.com\/fr\/wp-json\/wp\/v2\/product"}],"about":[{"href":"https:\/\/www.xminsulation.com\/fr\/wp-json\/wp\/v2\/types\/product"}],"wp:featuredmedia":[{"embeddable":true,"href":"https:\/\/www.xminsulation.com\/fr\/wp-json\/wp\/v2\/media\/2068"}],"wp:attachment":[{"href":"https:\/\/www.xminsulation.com\/fr\/wp-json\/wp\/v2\/media?parent=2067"}],"wp:term":[{"taxonomy":"product_cat","embeddable":true,"href":"https:\/\/www.xminsulation.com\/fr\/wp-json\/wp\/v2\/product_cat?post=2067"},{"taxonomy":"product_tag","embeddable":true,"href":"https:\/\/www.xminsulation.com\/fr\/wp-json\/wp\/v2\/product_tag?post=2067"}],"curies":[{"name":"wp","href":"https:\/\/api.w.org\/{rel}","templated":true}]}}