{"id":1799,"date":"2024-05-11T20:57:53","date_gmt":"2024-05-11T12:57:53","guid":{"rendered":"http:\/\/www.xminsulation.com\/?post_type=product&#038;p=1799"},"modified":"2024-05-15T15:45:01","modified_gmt":"2024-05-15T07:45:01","slug":"32-15-6kv-outdoor-pole-mounted-vacuum-auto-recloser-2","status":"publish","type":"product","link":"https:\/\/www.xminsulation.com\/fr\/product\/32-15-6kv-outdoor-pole-mounted-vacuum-auto-recloser-2\/","title":{"rendered":"R\u00e9enclencheur automatique \u00e0 vide mont\u00e9 sur poteau ext\u00e9rieur 32-15,6 kV"},"content":{"rendered":"<p><img fetchpriority=\"high\" decoding=\"async\" class=\"wp-image-1802 size-full aligncenter\" src=\"http:\/\/www.xminsulation.com\/wp-content\/uploads\/2024\/05\/\u56fe\u72471.jpg\" alt=\"\" width=\"1000\" height=\"560\" srcset=\"https:\/\/www.xminsulation.com\/wp-content\/uploads\/2024\/05\/\u56fe\u72471.jpg 1000w, https:\/\/www.xminsulation.com\/wp-content\/uploads\/2024\/05\/\u56fe\u72471-300x168.jpg 300w, https:\/\/www.xminsulation.com\/wp-content\/uploads\/2024\/05\/\u56fe\u72471-768x430.jpg 768w, https:\/\/www.xminsulation.com\/wp-content\/uploads\/2024\/05\/\u56fe\u72471-600x336.jpg 600w\" sizes=\"(max-width: 1000px) 100vw, 1000px\" \/> <img decoding=\"async\" class=\"wp-image-1803 size-full aligncenter\" src=\"http:\/\/www.xminsulation.com\/wp-content\/uploads\/2024\/05\/\u56fe\u72472-3.jpg\" alt=\"\" width=\"1000\" height=\"1000\" srcset=\"https:\/\/www.xminsulation.com\/wp-content\/uploads\/2024\/05\/\u56fe\u72472-3.jpg 1000w, https:\/\/www.xminsulation.com\/wp-content\/uploads\/2024\/05\/\u56fe\u72472-3-300x300.jpg 300w, https:\/\/www.xminsulation.com\/wp-content\/uploads\/2024\/05\/\u56fe\u72472-3-150x150.jpg 150w, https:\/\/www.xminsulation.com\/wp-content\/uploads\/2024\/05\/\u56fe\u72472-3-768x768.jpg 768w, https:\/\/www.xminsulation.com\/wp-content\/uploads\/2024\/05\/\u56fe\u72472-3-600x600.jpg 600w, https:\/\/www.xminsulation.com\/wp-content\/uploads\/2024\/05\/\u56fe\u72472-3-100x100.jpg 100w\" sizes=\"(max-width: 1000px) 100vw, 1000px\" \/> <img decoding=\"async\" class=\"wp-image-1804 size-full aligncenter\" src=\"http:\/\/www.xminsulation.com\/wp-content\/uploads\/2024\/05\/\u56fe\u72473.jpg\" alt=\"\" width=\"1000\" height=\"1023\" srcset=\"https:\/\/www.xminsulation.com\/wp-content\/uploads\/2024\/05\/\u56fe\u72473.jpg 1000w, https:\/\/www.xminsulation.com\/wp-content\/uploads\/2024\/05\/\u56fe\u72473-293x300.jpg 293w, https:\/\/www.xminsulation.com\/wp-content\/uploads\/2024\/05\/\u56fe\u72473-768x786.jpg 768w, https:\/\/www.xminsulation.com\/wp-content\/uploads\/2024\/05\/\u56fe\u72473-600x614.jpg 600w\" sizes=\"(max-width: 1000px) 100vw, 1000px\" \/><\/p>\n<h2><strong><b>P.<\/b><\/strong><strong><b>produit <\/b><\/strong><strong><b>D<\/b><\/strong><strong><b>description<\/b><\/strong><\/h2>\n<p>Le disjoncteur \u00e0 vide haute tension CA ext\u00e9rieur \u00e0 r\u00e9enclenchement automatique s\u00e9rie ZW32 (ci-apr\u00e8s d\u00e9nomm\u00e9 \u00ab\u00a0disjoncteur \u00e0 r\u00e9enclenchement\u00a0\u00bb) est un appareillage de commutation haute tension CA triphas\u00e9 50\u00a0Hz\/60\u00a0Hz ext\u00e9rieur. Il est principalement utilis\u00e9 dans les syst\u00e8mes de distribution d&#039;\u00e9nergie ext\u00e9rieurs de 10 \u00e0 35\u00a0kV des r\u00e9seaux \u00e9lectriques ruraux et urbains. Il combine les courants de charge, de surcharge et de court-circuit, et peut \u00e9galement \u00eatre utilis\u00e9 dans d&#039;autres environnements similaires. Le disjoncteur \u00e0 vide haute tension CA ext\u00e9rieur s\u00e9rie ZW32 est conforme aux normes telles que la norme GB\u00a01984 \u00ab\u00a0Disjoncteur haute tension CA\u00a0\u00bb et la norme CEI\u00a060056 de la Commission \u00e9lectrotechnique internationale \u00ab\u00a0Disjoncteur haute tension CA\u00a0\u00bb.<\/p>\n<h2><strong><b>De construction <\/b><\/strong><strong><b>F<\/b><\/strong><strong><b>caract\u00e9ristiques du ZW32 <\/b><\/strong><strong><b>R<\/b><\/strong><strong><b>\u00e9closeur<\/b><\/strong><\/h2>\n<ol>\n<li>Le r\u00e9enclencheur adopte une structure de pilier triphas\u00e9e, qui pr\u00e9sente les caract\u00e9ristiques de performances de coupure stables et fiables, aucun risque de combustion et d&#039;explosion, sans entretien, de petite taille, de poids l\u00e9ger et de longue dur\u00e9e de vie.<\/li>\n<li>Le r\u00e9enclencheur adopte une structure enti\u00e8rement ferm\u00e9e avec de bonnes performances d&#039;\u00e9tanch\u00e9it\u00e9, ce qui contribue \u00e0 am\u00e9liorer les performances de r\u00e9sistance \u00e0 l&#039;humidit\u00e9 et \u00e0 la condensation. Il est particuli\u00e8rement adapt\u00e9 \u00e0 une utilisation dans les zones froides ou humides.<\/li>\n<li>Les piliers triphas\u00e9s et les transformateurs de courant sont constitu\u00e9s d&#039;une isolation solide en r\u00e9sine \u00e9poxy ext\u00e9rieure et envelopp\u00e9s de gel de silice silicone ; ils r\u00e9sistent aux temp\u00e9ratures \u00e9lev\u00e9es et basses, aux rayons ultraviolets et au vieillissement.<\/li>\n<li>Le m\u00e9canisme de fonctionnement adopte un aimant permanent monostable. Le moteur \u00e0 stockage d&#039;\u00e9nergie pr\u00e9sente une faible consommation, un faible nombre de pi\u00e8ces et une grande fiabilit\u00e9. Le m\u00e9canisme de fonctionnement est log\u00e9 dans un bo\u00eetier \u00e9tanche, ce qui \u00e9vite la corrosion et am\u00e9liore sa fiabilit\u00e9.<\/li>\n<li>L&#039;ouverture et la fermeture du r\u00e9enclencheur peuvent \u00eatre manuelles ou \u00e9lectriques, et \u00e0 distance. Il peut \u00eatre utilis\u00e9 avec des contr\u00f4leurs intelligents pour automatiser la distribution \u00e9lectrique, et peut \u00e9galement \u00eatre utilis\u00e9 avec des contr\u00f4leurs de r\u00e9enclencheur pour former des r\u00e9enclencheurs et des sectionneurs automatiques.<\/li>\n<li>Le r\u00e9enclencheur peut \u00eatre \u00e9quip\u00e9 d&#039;un transformateur de courant triphas\u00e9 pour la protection contre les surintensit\u00e9s et les courts-circuits. Ce transformateur peut \u00eatre de 600:1 A ou 800:1 A\u00a0; 6 capteurs capacitifs peuvent \u00eatre install\u00e9s pour collecter les signaux de tension, et la tension de sortie secondaire est de 3,25 V\/\u221a3\u00a0; il peut \u00e9galement fournir des signaux de tension et de courant aux contr\u00f4leurs intelligents.<\/li>\n<li>Lorsqu&#039;il est associ\u00e9 \u00e0 un contr\u00f4leur intelligent, il peut r\u00e9aliser une fonction de refermeture automatique, ainsi qu&#039;une t\u00e9l\u00e9commande, une t\u00e9l\u00e9m\u00e9trie, une signalisation \u00e0 distance et un r\u00e9glage \u00e0 distance.<\/li>\n<\/ol>\n<p><img loading=\"lazy\" decoding=\"async\" class=\"wp-image-1805 size-full aligncenter\" src=\"http:\/\/www.xminsulation.com\/wp-content\/uploads\/2024\/05\/\u56fe\u72474-2.png\" alt=\"\" width=\"694\" height=\"738\" srcset=\"https:\/\/www.xminsulation.com\/wp-content\/uploads\/2024\/05\/\u56fe\u72474-2.png 694w, https:\/\/www.xminsulation.com\/wp-content\/uploads\/2024\/05\/\u56fe\u72474-2-282x300.png 282w, https:\/\/www.xminsulation.com\/wp-content\/uploads\/2024\/05\/\u56fe\u72474-2-600x638.png 600w\" sizes=\"(max-width: 694px) 100vw, 694px\" \/> <img loading=\"lazy\" decoding=\"async\" class=\"wp-image-1806 size-full aligncenter\" src=\"http:\/\/www.xminsulation.com\/wp-content\/uploads\/2024\/05\/\u56fe\u72475-3.png\" alt=\"\" width=\"694\" height=\"504\" srcset=\"https:\/\/www.xminsulation.com\/wp-content\/uploads\/2024\/05\/\u56fe\u72475-3.png 694w, https:\/\/www.xminsulation.com\/wp-content\/uploads\/2024\/05\/\u56fe\u72475-3-300x218.png 300w, https:\/\/www.xminsulation.com\/wp-content\/uploads\/2024\/05\/\u56fe\u72475-3-600x436.png 600w\" sizes=\"(max-width: 694px) 100vw, 694px\" \/> <img loading=\"lazy\" decoding=\"async\" class=\"wp-image-1807 size-full aligncenter\" src=\"http:\/\/www.xminsulation.com\/wp-content\/uploads\/2024\/05\/\u56fe\u72476-2.png\" alt=\"\" width=\"754\" height=\"950\" srcset=\"https:\/\/www.xminsulation.com\/wp-content\/uploads\/2024\/05\/\u56fe\u72476-2.png 754w, https:\/\/www.xminsulation.com\/wp-content\/uploads\/2024\/05\/\u56fe\u72476-2-238x300.png 238w, https:\/\/www.xminsulation.com\/wp-content\/uploads\/2024\/05\/\u56fe\u72476-2-600x756.png 600w\" sizes=\"(max-width: 754px) 100vw, 754px\" \/><\/p>\n<h2><strong><b>Conditions d&#039;utilisation<\/b><\/strong><\/h2>\n<p>1. Conditions normales d\u2019utilisation :<br \/>\na, Temp\u00e9rature de l&#039;air ambiant : -40\u2103\uff5e+60\u2103 ;<br \/>\nb. Altitude : pas plus de 2 000 m\u00e8tres ;<br \/>\nc. L\u2019air ambiant peut \u00eatre contamin\u00e9 par de la poussi\u00e8re, de la fum\u00e9e, des gaz corrosifs, de la vapeur ou des embruns salins\u00a0;<br \/>\nd. La vitesse du vent ne d\u00e9passe pas 34 m\/s (\u00e9quivalent \u00e0 700 Pa sur la surface du cylindre) ;<br \/>\ne. Les vibrations ou les mouvements du sol provenant des appareillages de commutation et des \u00e9quipements de contr\u00f4le peuvent \u00eatre ignor\u00e9s\u00a0;<br \/>\nf. Niveau de pollution : Niveau III.<br \/>\n2. Conditions particuli\u00e8res d\u2019utilisation :<br \/>\nLe r\u00e9enclencheur peut \u00eatre utilis\u00e9 dans des conditions d&#039;utilisation normales autres que celles sp\u00e9cifi\u00e9es ci-dessus. Dans ce cas, les exigences de l&#039;utilisateur doivent \u00eatre n\u00e9goci\u00e9es avec le fabricant et un consensus doit \u00eatre trouv\u00e9. Si les conditions d&#039;utilisation normales ci-dessus sont d\u00e9pass\u00e9es, l&#039;utilisateur doit n\u00e9gocier avec le fabricant.<\/p>\n<h2><strong><b>Apparence <\/b><\/strong><strong><b>S<\/b><\/strong><strong><b>taille et <\/b><\/strong><strong><b>P.<\/b><\/strong><strong><b>produit <\/b><\/strong><strong><b>S<\/b><\/strong><strong><b>structure<\/b><\/strong><\/h2>\n<p><img loading=\"lazy\" decoding=\"async\" class=\"wp-image-1808 size-full aligncenter\" src=\"http:\/\/www.xminsulation.com\/wp-content\/uploads\/2024\/05\/\u56fe\u72477-2.png\" alt=\"\" width=\"1500\" height=\"1113\" srcset=\"https:\/\/www.xminsulation.com\/wp-content\/uploads\/2024\/05\/\u56fe\u72477-2.png 1500w, https:\/\/www.xminsulation.com\/wp-content\/uploads\/2024\/05\/\u56fe\u72477-2-300x223.png 300w, https:\/\/www.xminsulation.com\/wp-content\/uploads\/2024\/05\/\u56fe\u72477-2-1024x760.png 1024w, https:\/\/www.xminsulation.com\/wp-content\/uploads\/2024\/05\/\u56fe\u72477-2-768x570.png 768w, https:\/\/www.xminsulation.com\/wp-content\/uploads\/2024\/05\/\u56fe\u72477-2-600x445.png 600w\" sizes=\"(max-width: 1500px) 100vw, 1500px\" \/><\/p>\n<h2><strong><b>Interne <\/b><\/strong><strong><b>S<\/b><\/strong><strong><b>structure <\/b><\/strong><strong><b>D<\/b><\/strong><strong><b>iagramme<\/b><\/strong><\/h2>\n<p><img loading=\"lazy\" decoding=\"async\" class=\"wp-image-1809 size-full alignnone\" src=\"http:\/\/www.xminsulation.com\/wp-content\/uploads\/2024\/05\/\u56fe\u72478-2.png\" alt=\"\" width=\"1337\" height=\"1536\" srcset=\"https:\/\/www.xminsulation.com\/wp-content\/uploads\/2024\/05\/\u56fe\u72478-2.png 1337w, https:\/\/www.xminsulation.com\/wp-content\/uploads\/2024\/05\/\u56fe\u72478-2-261x300.png 261w, https:\/\/www.xminsulation.com\/wp-content\/uploads\/2024\/05\/\u56fe\u72478-2-891x1024.png 891w, https:\/\/www.xminsulation.com\/wp-content\/uploads\/2024\/05\/\u56fe\u72478-2-768x882.png 768w, https:\/\/www.xminsulation.com\/wp-content\/uploads\/2024\/05\/\u56fe\u72478-2-600x689.png 600w\" sizes=\"(max-width: 1337px) 100vw, 1337px\" \/><\/p>\n<h2><strong><b>R\u00e9enclencheur <\/b><\/strong><strong><b>C<\/b><\/strong><strong><b>contr\u00f4leur<\/b><\/strong><\/h2>\n<p>Le contr\u00f4leur de r\u00e9enclencheur int\u00e8gre la technologie du microprocesseur et la technologie de communication r\u00e9seau moderne. Il prend en charge une vari\u00e9t\u00e9 de protocoles de communication et permet la s\u00e9lection de plusieurs m\u00e9thodes de communication pour former un r\u00e9seau de communication. Le commutateur peut \u00eatre actionn\u00e9 localement manuellement ou \u00e0 distance, ou contr\u00f4l\u00e9 \u00e0 distance via le r\u00e9seau de communication. S&#039;il est \u00e9quip\u00e9 d&#039;un dispositif de commande de r\u00e9enclencheur ou de segmentation correspondant, il peut \u00eatre utilis\u00e9 comme dispositif de r\u00e9enclencheur ou de segmentation.<\/p>\n<h2><strong><b>Sch\u00e9matique <\/b><\/strong><strong><b>D<\/b><\/strong><strong><b>diagramme de <\/b><\/strong><strong><b>C<\/b><\/strong><strong><b>connexion <\/b><\/strong><strong><b>B<\/b><\/strong><strong><b>entre <\/b><\/strong><strong><b>R<\/b><\/strong><strong><b>\u00e9closeur et <\/b><\/strong><strong><b>C<\/b><\/strong><strong><b>contr\u00f4leur<\/b><\/strong><\/h2>\n<p><img loading=\"lazy\" decoding=\"async\" class=\"wp-image-1810 size-full aligncenter\" src=\"http:\/\/www.xminsulation.com\/wp-content\/uploads\/2024\/05\/\u56fe\u72479-2.png\" alt=\"\" width=\"1361\" height=\"1561\" srcset=\"https:\/\/www.xminsulation.com\/wp-content\/uploads\/2024\/05\/\u56fe\u72479-2.png 1361w, https:\/\/www.xminsulation.com\/wp-content\/uploads\/2024\/05\/\u56fe\u72479-2-262x300.png 262w, https:\/\/www.xminsulation.com\/wp-content\/uploads\/2024\/05\/\u56fe\u72479-2-893x1024.png 893w, https:\/\/www.xminsulation.com\/wp-content\/uploads\/2024\/05\/\u56fe\u72479-2-768x881.png 768w, https:\/\/www.xminsulation.com\/wp-content\/uploads\/2024\/05\/\u56fe\u72479-2-1339x1536.png 1339w, https:\/\/www.xminsulation.com\/wp-content\/uploads\/2024\/05\/\u56fe\u72479-2-600x688.png 600w\" sizes=\"(max-width: 1361px) 100vw, 1361px\" \/> <img loading=\"lazy\" decoding=\"async\" class=\"wp-image-1811 size-full aligncenter\" src=\"http:\/\/www.xminsulation.com\/wp-content\/uploads\/2024\/05\/\u56fe\u724710-2.png\" alt=\"\" width=\"563\" height=\"843\" srcset=\"https:\/\/www.xminsulation.com\/wp-content\/uploads\/2024\/05\/\u56fe\u724710-2.png 563w, https:\/\/www.xminsulation.com\/wp-content\/uploads\/2024\/05\/\u56fe\u724710-2-200x300.png 200w\" sizes=\"(max-width: 563px) 100vw, 563px\" \/><\/p>\n<h2><strong><b>Installation<\/b><\/strong><\/h2>\n<p><img loading=\"lazy\" decoding=\"async\" class=\"wp-image-1812 size-full aligncenter\" src=\"http:\/\/www.xminsulation.com\/wp-content\/uploads\/2024\/05\/\u56fe\u724711-2.png\" alt=\"\" width=\"1064\" height=\"878\" srcset=\"https:\/\/www.xminsulation.com\/wp-content\/uploads\/2024\/05\/\u56fe\u724711-2.png 1064w, https:\/\/www.xminsulation.com\/wp-content\/uploads\/2024\/05\/\u56fe\u724711-2-300x248.png 300w, https:\/\/www.xminsulation.com\/wp-content\/uploads\/2024\/05\/\u56fe\u724711-2-1024x845.png 1024w, https:\/\/www.xminsulation.com\/wp-content\/uploads\/2024\/05\/\u56fe\u724711-2-768x634.png 768w, https:\/\/www.xminsulation.com\/wp-content\/uploads\/2024\/05\/\u56fe\u724711-2-600x495.png 600w\" sizes=\"(max-width: 1064px) 100vw, 1064px\" \/> <img loading=\"lazy\" decoding=\"async\" class=\"wp-image-1813 size-full aligncenter\" src=\"http:\/\/www.xminsulation.com\/wp-content\/uploads\/2024\/05\/\u56fe\u724712-2.png\" alt=\"\" width=\"750\" height=\"851\" srcset=\"https:\/\/www.xminsulation.com\/wp-content\/uploads\/2024\/05\/\u56fe\u724712-2.png 750w, https:\/\/www.xminsulation.com\/wp-content\/uploads\/2024\/05\/\u56fe\u724712-2-264x300.png 264w, https:\/\/www.xminsulation.com\/wp-content\/uploads\/2024\/05\/\u56fe\u724712-2-600x681.png 600w\" sizes=\"(max-width: 750px) 100vw, 750px\" \/><\/p>\n<p>&nbsp;<\/p>\n<h2 class=\"wxts\">\u25c6Personnalisation sp\u00e9ciale<\/h2>\n<p>Les param\u00e8tres ci-dessus sont des donn\u00e9es typiques\u00a0; si les styles existants ne r\u00e9pondent pas \u00e0 vos demandes sp\u00e9cifiques, veuillez nous contacter pour une conception personnalis\u00e9e. Nous disposons d&#039;importantes comp\u00e9tences en mati\u00e8re de d\u00e9veloppement et de production de personnalisation personnalis\u00e9e, nous permettant de fournir des solutions sur mesure aux clients du monde entier.<\/p>","protected":false},"excerpt":{"rendered":"<p>Product Description ZW32 series automatic recloser outdoor AC high-voltage vacuum circuit breaker (hereinafter referred to as &#8220;recloser&#8221;) is a three-phase AC 50Hz\/60Hz outdoor high-voltage switchgear. It is mainly used in 10-35kV outdoor power distribution systems of rural power grids and urban power grids. , combined with load current, overload current and short-circuit current, and can [&hellip;]<\/p>","protected":false},"featured_media":1801,"template":"","meta":{"site-sidebar-layout":"default","site-content-layout":"","ast-site-content-layout":"default","site-content-style":"default","site-sidebar-style":"default","ast-global-header-display":"","ast-banner-title-visibility":"","ast-main-header-display":"","ast-hfb-above-header-display":"","ast-hfb-below-header-display":"","ast-hfb-mobile-header-display":"","site-post-title":"","ast-breadcrumbs-content":"","ast-featured-img":"","footer-sml-layout":"","theme-transparent-header-meta":"default","adv-header-id-meta":"","stick-header-meta":"","header-above-stick-meta":"","header-main-stick-meta":"","header-below-stick-meta":"","astra-migrate-meta-layouts":"set","ast-page-background-enabled":"default","ast-page-background-meta":{"desktop":{"background-color":"","background-image":"","background-repeat":"repeat","background-position":"center center","background-size":"auto","background-attachment":"scroll","background-type":"","background-media":"","overlay-type":"","overlay-color":"","overlay-gradient":""},"tablet":{"background-color":"","background-image":"","background-repeat":"repeat","background-position":"center center","background-size":"auto","background-attachment":"scroll","background-type":"","background-media":"","overlay-type":"","overlay-color":"","overlay-gradient":""},"mobile":{"background-color":"","background-image":"","background-repeat":"repeat","background-position":"center center","background-size":"auto","background-attachment":"scroll","background-type":"","background-media":"","overlay-type":"","overlay-color":"","overlay-gradient":""}},"ast-content-background-meta":{"desktop":{"background-color":"var(--ast-global-color-5)","background-image":"","background-repeat":"repeat","background-position":"center center","background-size":"auto","background-attachment":"scroll","background-type":"","background-media":"","overlay-type":"","overlay-color":"","overlay-gradient":""},"tablet":{"background-color":"var(--ast-global-color-5)","background-image":"","background-repeat":"repeat","background-position":"center center","background-size":"auto","background-attachment":"scroll","background-type":"","background-media":"","overlay-type":"","overlay-color":"","overlay-gradient":""},"mobile":{"background-color":"var(--ast-global-color-5)","background-image":"","background-repeat":"repeat","background-position":"center center","background-size":"auto","background-attachment":"scroll","background-type":"","background-media":"","overlay-type":"","overlay-color":"","overlay-gradient":""}}},"product_cat":[24],"product_tag":[],"class_list":{"0":"post-1799","1":"product","2":"type-product","3":"status-publish","4":"has-post-thumbnail","6":"product_cat-10-40-5kv-outdoor-pole-mounted-vacuum-auto-recloser","7":"desktop-align-left","8":"tablet-align-left","9":"mobile-align-left","11":"first","12":"instock","13":"shipping-taxable","14":"product-type-simple"},"_links":{"self":[{"href":"https:\/\/www.xminsulation.com\/fr\/wp-json\/wp\/v2\/product\/1799","targetHints":{"allow":["GET"]}}],"collection":[{"href":"https:\/\/www.xminsulation.com\/fr\/wp-json\/wp\/v2\/product"}],"about":[{"href":"https:\/\/www.xminsulation.com\/fr\/wp-json\/wp\/v2\/types\/product"}],"wp:featuredmedia":[{"embeddable":true,"href":"https:\/\/www.xminsulation.com\/fr\/wp-json\/wp\/v2\/media\/1801"}],"wp:attachment":[{"href":"https:\/\/www.xminsulation.com\/fr\/wp-json\/wp\/v2\/media?parent=1799"}],"wp:term":[{"taxonomy":"product_cat","embeddable":true,"href":"https:\/\/www.xminsulation.com\/fr\/wp-json\/wp\/v2\/product_cat?post=1799"},{"taxonomy":"product_tag","embeddable":true,"href":"https:\/\/www.xminsulation.com\/fr\/wp-json\/wp\/v2\/product_tag?post=1799"}],"curies":[{"name":"wp","href":"https:\/\/api.w.org\/{rel}","templated":true}]}}