{"id":1626,"date":"2024-05-07T20:03:14","date_gmt":"2024-05-07T12:03:14","guid":{"rendered":"http:\/\/www.xminsulation.com\/?post_type=product&#038;p=1626"},"modified":"2024-05-15T15:48:05","modified_gmt":"2024-05-15T07:48:05","slug":"qjt-12-24-630a-shielded-fore-connector","status":"publish","type":"product","link":"https:\/\/www.xminsulation.com\/fr\/product\/qjt-12-24-630a-shielded-fore-connector\/","title":{"rendered":"Connecteur avant blind\u00e9 QJT 12\/24-630A"},"content":{"rendered":"<p><img fetchpriority=\"high\" decoding=\"async\" class=\"alignnone wp-image-1628 size-full\" src=\"http:\/\/www.xminsulation.com\/wp-content\/uploads\/2024\/05\/\u56fe\u7247352-1.jpg\" alt=\"\" width=\"535\" height=\"535\" srcset=\"https:\/\/www.xminsulation.com\/wp-content\/uploads\/2024\/05\/\u56fe\u7247352-1.jpg 535w, https:\/\/www.xminsulation.com\/wp-content\/uploads\/2024\/05\/\u56fe\u7247352-1-300x300.jpg 300w, https:\/\/www.xminsulation.com\/wp-content\/uploads\/2024\/05\/\u56fe\u7247352-1-150x150.jpg 150w, https:\/\/www.xminsulation.com\/wp-content\/uploads\/2024\/05\/\u56fe\u7247352-1-100x100.jpg 100w\" sizes=\"(max-width: 535px) 100vw, 535px\" \/><\/p>\n<h2><strong><b>Application<\/b><\/strong><\/h2>\n<p>1, Pour la connexion de c\u00e2bles polym\u00e8res aux transformateurs, appareillages de commutation, moteurs et autres \u00e9quipements avec un connecteur s\u00e9parable pr\u00e9moul\u00e9.<\/p>\n<p>2, Pour les installations int\u00e9rieures et ext\u00e9rieures.<\/p>\n<p>3, Tension du syst\u00e8me jusqu&#039;\u00e0 24 kV.<\/p>\n<p>4, courant continu 630 A (surcharge de 900 A pendant 8 heures).<\/p>\n<p>5, D\u00e9tails du c\u00e2ble :<\/p>\n<p>a,C\u00e2ble polym\u00e8re (XLPE, EPR, etc.).<\/p>\n<p>b, Conducteurs en cuivre ou en aluminium.<\/p>\n<p>c,\u00c9crans semi-conducteurs ou m\u00e9talliques.<\/p>\n<p>d, Taille du conducteur 12 kV 25-120 mm 24 kV 25-400 mm.<\/p>\n<h2><strong><b>Caract\u00e9ristiques<\/b><\/strong><\/h2>\n<p>1. Fournit une connexion s\u00e9parable enti\u00e8rement blind\u00e9e et enti\u00e8rement submersible lorsqu&#039;elle est accoupl\u00e9e \u00e0 la bague ou au bouchon appropri\u00e9.<\/p>\n<p>2. Peut \u00eatre utilis\u00e9 dans certaines circonstances.<\/p>\n<p>3, point de test capacitif int\u00e9gr\u00e9 pour d\u00e9terminer l&#039;\u00e9tat du circuit ou l&#039;indicateur de d\u00e9faut d&#039;installation.<\/p>\n<p>4. Aucune exigence minimale de jeu de phase.<\/p>\n<p>5. Le montage peut \u00eatre vertical, horizontal ou \u00e0 n&#039;importe quel angle entre les deux.<\/p>\n<h2><strong><b>Installation<\/b><\/strong><\/h2>\n<p>1, Sans aucun outil sp\u00e9cial.<\/p>\n<p>2. Une fois l&#039;installation du connecteur coud\u00e9 termin\u00e9e, l&#039;alimentation peut \u00eatre fournie directement.<\/p>\n<p>3,Conform\u00e9ment \u00e0 la fiche d&#039;instructions d&#039;installation.<\/p>\n<p>4, Pour toute autre exigence particuli\u00e8re, veuillez contacter notre ing\u00e9nieur commercial.<\/p>\n<p><img decoding=\"async\" class=\"alignnone wp-image-1629 size-full\" src=\"http:\/\/www.xminsulation.com\/wp-content\/uploads\/2024\/05\/\u56fe\u7247353.png\" alt=\"\" width=\"360\" height=\"651\" srcset=\"https:\/\/www.xminsulation.com\/wp-content\/uploads\/2024\/05\/\u56fe\u7247353.png 360w, https:\/\/www.xminsulation.com\/wp-content\/uploads\/2024\/05\/\u56fe\u7247353-166x300.png 166w\" sizes=\"(max-width: 360px) 100vw, 360px\" \/> <img decoding=\"async\" class=\"alignnone wp-image-1630 size-full\" src=\"http:\/\/www.xminsulation.com\/wp-content\/uploads\/2024\/05\/\u56fe\u7247354.png\" alt=\"\" width=\"238\" height=\"584\" srcset=\"https:\/\/www.xminsulation.com\/wp-content\/uploads\/2024\/05\/\u56fe\u7247354.png 238w, https:\/\/www.xminsulation.com\/wp-content\/uploads\/2024\/05\/\u56fe\u7247354-122x300.png 122w\" sizes=\"(max-width: 238px) 100vw, 238px\" \/><\/p>\n<h2><strong><b>Structure du produit<\/b><\/strong><\/h2>\n<ol>\n<li>VIS \u00c0 DEUX T\u00caTES : Pour assurer un bon contact avec la douille de l&#039;appareil.<\/li>\n<li>ISOLATION : Le caoutchouc isolant EPDM moul\u00e9 est formul\u00e9 et m\u00e9lang\u00e9 en interne pour garantir une haute qualit\u00e9.<\/li>\n<li>FICHE ISOLANTE : La fiche isolante en \u00e9poxy moul\u00e9e offre une excellente fiabilit\u00e9 \u00e9lectrique, thermique et m\u00e9canique.<\/li>\n<li>INSERT SEMI-CONDUCTEUR : L&#039;\u00e9cran en caoutchouc conducteur moul\u00e9 en EPDM contr\u00f4le les contraintes \u00e9lectriques.<\/li>\n<li>SOULAGEMENT DES CONTRAINTES : La configuration de l&#039;\u00e9cran ext\u00e9rieur et de l&#039;adaptateur de c\u00e2ble assure un soulagement des contraintes du c\u00e2ble.<\/li>\n<li>\u0152IL DE MISE \u00c0 LA TERRE : Moul\u00e9 dans l&#039;\u00e9cran externe pour la connexion d&#039;un fil de mise \u00e0 la terre.<\/li>\n<li>BLINDAGE SEMI-CONDUCTEUR : Le caoutchouc conducteur EPDM moul\u00e9 s&#039;accouple au blindage du c\u00e2ble pour maintenir le blindage<\/li>\n<\/ol>\n<p>continuit\u00e9 et s&#039;assurer que l&#039;ensemble est au potentiel de la terre.<\/p>\n<ol start=\"8\">\n<li>COSSE DE C\u00c2BLE CONDUCTEUR : Le connecteur \u00e0 compression en aluminium est dimensionn\u00e9 pour assurer un connecteur fonctionnant \u00e0 froid avec un maximum<\/li>\n<\/ol>\n<p>transfert actuel.<\/p>\n<p><img loading=\"lazy\" decoding=\"async\" class=\"alignnone wp-image-1631 size-full\" src=\"http:\/\/www.xminsulation.com\/wp-content\/uploads\/2024\/05\/\u56fe\u7247355.png\" alt=\"\" width=\"1142\" height=\"570\" srcset=\"https:\/\/www.xminsulation.com\/wp-content\/uploads\/2024\/05\/\u56fe\u7247355.png 1142w, https:\/\/www.xminsulation.com\/wp-content\/uploads\/2024\/05\/\u56fe\u7247355-300x150.png 300w, https:\/\/www.xminsulation.com\/wp-content\/uploads\/2024\/05\/\u56fe\u7247355-1024x511.png 1024w, https:\/\/www.xminsulation.com\/wp-content\/uploads\/2024\/05\/\u56fe\u7247355-768x383.png 768w, https:\/\/www.xminsulation.com\/wp-content\/uploads\/2024\/05\/\u56fe\u7247355-600x299.png 600w\" sizes=\"(max-width: 1142px) 100vw, 1142px\" \/> <img loading=\"lazy\" decoding=\"async\" class=\"alignnone wp-image-1632 size-full\" src=\"http:\/\/www.xminsulation.com\/wp-content\/uploads\/2024\/05\/\u56fe\u7247356.png\" alt=\"\" width=\"1166\" height=\"616\" srcset=\"https:\/\/www.xminsulation.com\/wp-content\/uploads\/2024\/05\/\u56fe\u7247356.png 1166w, https:\/\/www.xminsulation.com\/wp-content\/uploads\/2024\/05\/\u56fe\u7247356-300x158.png 300w, https:\/\/www.xminsulation.com\/wp-content\/uploads\/2024\/05\/\u56fe\u7247356-1024x541.png 1024w, https:\/\/www.xminsulation.com\/wp-content\/uploads\/2024\/05\/\u56fe\u7247356-768x406.png 768w, https:\/\/www.xminsulation.com\/wp-content\/uploads\/2024\/05\/\u56fe\u7247356-600x317.png 600w\" sizes=\"(max-width: 1166px) 100vw, 1166px\" \/><\/p>\n<h2><strong><b>europ\u00e9en <\/b><\/strong><strong><b>T<\/b><\/strong><strong><b>touchant <\/b><\/strong><strong><b>S<\/b><\/strong><strong><b>s\u00e9ries <\/b><\/strong><strong><b>C<\/b><\/strong><strong><b>capable <\/b><\/strong><strong><b>C<\/b><\/strong><strong><b>connecteur <\/b><\/strong><strong><b>je<\/b><\/strong><strong><b>installation <\/b><\/strong><strong><b>je<\/b><\/strong><strong><b>instructions<\/b><\/strong><\/h2>\n<p><strong><b> <img loading=\"lazy\" decoding=\"async\" class=\"alignnone wp-image-1633 size-full\" src=\"http:\/\/www.xminsulation.com\/wp-content\/uploads\/2024\/05\/\u56fe\u7247357.png\" alt=\"\" width=\"796\" height=\"576\" srcset=\"https:\/\/www.xminsulation.com\/wp-content\/uploads\/2024\/05\/\u56fe\u7247357.png 796w, https:\/\/www.xminsulation.com\/wp-content\/uploads\/2024\/05\/\u56fe\u7247357-300x217.png 300w, https:\/\/www.xminsulation.com\/wp-content\/uploads\/2024\/05\/\u56fe\u7247357-768x556.png 768w, https:\/\/www.xminsulation.com\/wp-content\/uploads\/2024\/05\/\u56fe\u7247357-600x434.png 600w\" sizes=\"(max-width: 796px) 100vw, 796px\" \/><\/b><\/strong><\/p>\n<h2><strong><b>P.<\/b><\/strong><strong><b>produit <\/b><\/strong><strong><b>D<\/b><\/strong><strong><b>description<\/b><\/strong><\/h2>\n<p>Cette s\u00e9rie de jonctions de c\u00e2bles est une jonction tactile de type europ\u00e9en, enti\u00e8rement isol\u00e9e, blind\u00e9e et \u00e9tanche. Fabriqu\u00e9e en caoutchouc de silicone import\u00e9, elle est fabriqu\u00e9e selon un proc\u00e9d\u00e9 de moulage composite \u00e0 trois couches par injection int\u00e9grale, un proc\u00e9d\u00e9 de pointe international. Elle convient aux unit\u00e9s de raccordement en boucle, aux bo\u00eetes de d\u00e9rivation et aux sous-stations de type bo\u00eetier conformes \u00e0 la norme DIN47636 et pr\u00e9sentant un courant nominal de 630 A. Elle peut \u00eatre connect\u00e9e \u00e0 des tensions inf\u00e9rieures ou \u00e9gales \u00e0 15 kV, et le diam\u00e8tre de l&#039;isolant est de 16 \u00e0 35 mm (25 \u00e0 400 mm) pour les c\u00e2bles XLPE.<\/p>\n<p>Composants du produit du connecteur frontal tactile : corps du connecteur frontal tactile, c\u00f4ne de contrainte, borne \u00e0 sertir, boucle, fiche isolante, couvercle d&#039;extr\u00e9mit\u00e9, boulon de r\u00e9duction M16\/12, \u00e9crou, rondelle plate, rondelle \u00e9lastique, graisse silicone lubrifiante, fil de mise \u00e0 la terre, lingettes de nettoyage.<\/p>\n<p>Composants du produit de connecteur arri\u00e8re tactile : corps de connecteur arri\u00e8re tactile, c\u00f4ne de contrainte, borne \u00e0 sertir, boucle, tige conductrice, boulon M12, graisse silicone lubrifiante, fil de mise \u00e0 la terre, serviette de nettoyage, composants du produit de parafoudre connect\u00e9 \u00e0 l&#039;arri\u00e8re : corps de parafoudre connect\u00e9 \u00e0 l&#039;arri\u00e8re, tige conductrice, boulon M12, graisse silicone lubrifiante, fil de mise \u00e0 la terre, serviette de nettoyage.<\/p>\n<p>Outils d&#039;installation : cl\u00e9 \u00e0 douille, cl\u00e9 \u00e0 molette.<\/p>\n<p><strong><b>je<\/b><\/strong><strong><b>installation <\/b><\/strong><strong><b>S<\/b><\/strong><strong><b>\u00e9tapes<\/b><\/strong><\/p>\n<ol>\n<li>Traitement de s\u00e9paration de phase de c\u00e2ble \u00e0 trois conducteurs :<\/li>\n<\/ol>\n<p>1.1. Placer le c\u00e2ble verticalement et effectuer la s\u00e9paration de phase \u00e0 1,0-1,5 m de la borne. Couper la gaine ext\u00e9rieure et l&#039;armure en acier dans cette section. D\u00e9coller ensuite 30 mm de la gaine ext\u00e9rieure vers le bas, en laissant 10 mm de la gaine int\u00e9rieure vers le haut, puis retirer l&#039;exc\u00e9dent de gaine int\u00e9rieure et de remplissage. Veiller \u00e0 la mise \u00e0 la terre s\u00e9par\u00e9e du ruban de blindage en cuivre et de l&#039;armure en acier.<\/p>\n<ol start=\"2\">\n<li>Traitement des c\u00e2bles monoconducteurs :\n<ul>\n<li>Traitement de blindage du c\u00e2ble en cuivre : placez le c\u00e2ble verticalement, mesurez 190 mm vers le bas \u00e0 partir du haut du c\u00e2ble, d\u00e9collez la gaine ext\u00e9rieure et le ruban de blindage en cuivre du c\u00e2ble et exposez la couche de blindage du c\u00e2ble.<\/li>\n<li>Traitement de la couche de blindage du c\u00e2ble\u00a0: Mesurez 165\u00a0mm du haut du c\u00e2ble vers le bas et retirez soigneusement la couche de blindage. Veillez \u00e0 ne pas endommager la couche isolante principale du c\u00e2ble lors du retrait de la couche de blindage\u00a0! Proc\u00e9dez de la m\u00eame mani\u00e8re \u00e0 la transition entre la couche isolante et la couche de blindage. Lissez les chanfreins pour assurer des transitions fluides. Cette op\u00e9ration est essentielle au bon fonctionnement du c\u00e2ble\u00a0!<\/li>\n<li>Traitement de la couche isolante du c\u00e2ble\u00a0: Mesurez 52\u00a0mm vers le bas \u00e0 partir du haut du c\u00e2ble, retirez la couche isolante et exposez l&#039;\u00e2me du c\u00e2ble. R\u00e9alisez ensuite un chanfrein lisse \u00e0 environ 3\u00a0mm du haut de la couche isolante afin d&#039;\u00e9viter les rayures lors de la pose du c\u00f4ne de contrainte.<\/li>\n<\/ul>\n<\/li>\n<\/ol>\n<p><img loading=\"lazy\" decoding=\"async\" class=\"alignnone wp-image-1634 size-full\" src=\"http:\/\/www.xminsulation.com\/wp-content\/uploads\/2024\/05\/\u56fe\u7247358.png\" alt=\"\" width=\"650\" height=\"667\" srcset=\"https:\/\/www.xminsulation.com\/wp-content\/uploads\/2024\/05\/\u56fe\u7247358.png 650w, https:\/\/www.xminsulation.com\/wp-content\/uploads\/2024\/05\/\u56fe\u7247358-292x300.png 292w, https:\/\/www.xminsulation.com\/wp-content\/uploads\/2024\/05\/\u56fe\u7247358-600x616.png 600w\" sizes=\"(max-width: 650px) 100vw, 650px\" \/><\/p>\n<p>&nbsp;<\/p>\n<ol start=\"3\">\n<li>Installer le c\u00f4ne de contrainte et la borne \u00e0 sertir :<\/li>\n<\/ol>\n<p>3.1, Installez la boucle : enroulez la boucle autour de l&#039;extr\u00e9mit\u00e9 inf\u00e9rieure du blindage du c\u00e2ble, pr\u00e8s du blindage en cuivre (l&#039;extr\u00e9mit\u00e9 sup\u00e9rieure du tube isolant), puis verrouillez-la.<\/p>\n<p>La boucle a trois couleurs rouge, jaune et vert qui sont s\u00e9par\u00e9es par la phase du c\u00e2ble.<\/p>\n<p>3.2. Installation du c\u00f4ne de contrainte\u00a0: Nettoyez la surface de la couche isolante et la surface int\u00e9rieure du c\u00f4ne de contrainte, puis appliquez uniform\u00e9ment de la graisse silicone. Ins\u00e9rez ensuite le c\u00f4ne de contrainte depuis l&#039;\u00e2me du fil et appuyez dessus jusqu&#039;\u00e0 ce que sa surface inf\u00e9rieure soit \u00e0 plat contre la boucle.<\/p>\n<p>Remarque : le c\u00f4ne de contrainte ne peut pas \u00eatre r\u00e9gl\u00e9 \u00e0 l&#039;envers, avec la partie noire orient\u00e9e vers le bas.<\/p>\n<p>3.3. Installation de la cosse \u00e0 sertir\u00a0: Ins\u00e9rez la cosse \u00e0 sertir dans l&#039;\u00e2me du fil et faites-la pivoter jusqu&#039;\u00e0 ce que le plan de la t\u00eate soit parall\u00e8le \u00e0 l&#039;extr\u00e9mit\u00e9 du manchon. Appuyez sur la cosse vers le bas, en suivant le rep\u00e8re de sertissage. (Une pression de confinement est recommand\u00e9e). Une fois le sertissage termin\u00e9, les ar\u00eates vives form\u00e9es lors du sertissage doivent \u00eatre liss\u00e9es \u00e0 la lime et nettoy\u00e9es. Remarque\u00a0: Il est n\u00e9cessaire d&#039;utiliser des cosses \u00e0 sertir ayant les m\u00eames caract\u00e9ristiques que les c\u00e2bles. Utilisez des cosses en cuivre pour les c\u00e2bles \u00e0 \u00e2me en cuivre et des cosses de transition cuivre-aluminium pour les c\u00e2bles \u00e0 \u00e2me en aluminium.<\/p>\n<p><img loading=\"lazy\" decoding=\"async\" class=\"alignnone wp-image-1635 size-full\" src=\"http:\/\/www.xminsulation.com\/wp-content\/uploads\/2024\/05\/\u56fe\u7247359.png\" alt=\"\" width=\"480\" height=\"391\" srcset=\"https:\/\/www.xminsulation.com\/wp-content\/uploads\/2024\/05\/\u56fe\u7247359.png 480w, https:\/\/www.xminsulation.com\/wp-content\/uploads\/2024\/05\/\u56fe\u7247359-300x244.png 300w\" sizes=\"(max-width: 480px) 100vw, 480px\" \/><\/p>\n<ol start=\"4\">\n<li>Installer un connecteur frontal tactile de style europ\u00e9en\u00a0:<\/li>\n<\/ol>\n<p>4.1. V\u00e9rifiez le trou de vis du bo\u00eetier de l&#039;\u00e9quipement (le filetage standard est M16\u00a0; dans le cas contraire, veuillez pr\u00e9venir l&#039;entreprise \u00e0 temps pour qu&#039;elle proc\u00e8de aux modifications n\u00e9cessaires). Vissez le boulon r\u00e9ducteur M16\/12 dans le trou de vis du bo\u00eetier et serrez-le. La profondeur de vissage du boulon dans le bo\u00eetier doit \u00eatre d&#039;au moins 25\u00a0mm.<\/p>\n<p>4.2, Nettoyez le manchon de l&#039;\u00e9quipement, le connecteur avant, la borne \u00e0 sertir, le c\u00f4ne de contrainte, le bouchon isolant et le couvercle d&#039;extr\u00e9mit\u00e9, et appliquez uniform\u00e9ment de la graisse de silicone sur la surface ext\u00e9rieure du c\u00f4ne de contrainte, la surface int\u00e9rieure du connecteur avant, la surface ext\u00e9rieure du manchon de l&#039;\u00e9quipement et la surface ext\u00e9rieure du bouchon isolant.<\/p>\n<p>4.3, Placez le c\u00e2ble avec les bornes serties dans le connecteur avant jusqu&#039;\u00e0 ce que le trou sur la partie sup\u00e9rieure de la borne soit au centre du connecteur avant.<\/p>\n<p>4.4, Placez le connecteur avant dans le bo\u00eetier de l&#039;\u00e9quipement et le boulon r\u00e9ducteur doit passer \u00e0 travers le trou rond de la borne \u00e0 sertir.<\/p>\n<p>4.5, Si vous souhaitez installer un connecteur arri\u00e8re ou un parafoudre ult\u00e9rieurement, veuillez passer \u00e0 l&#039;\u00e9tape d&#039;installation 5.<\/p>\n<p>4.6, Placez la rondelle plate, la rondelle \u00e9lastique et l&#039;\u00e9crou sur le boulon dans l&#039;ordre, serrez l&#039;\u00e9crou avec une cl\u00e9 \u00e0 douille, puis placez le bouchon isolant et couvrez le couvercle d&#039;extr\u00e9mit\u00e9.<\/p>\n<p>4.7. V\u00e9rifiez le serrage du fil de terre sur le connecteur avant. S&#039;il est desserr\u00e9, resserrez-le. Assurez-vous que l&#039;autre extr\u00e9mit\u00e9 du fil de terre est bien connect\u00e9e \u00e0 la terre du syst\u00e8me.<\/p>\n<p>4.8. V\u00e9rifiez toutes les connexions et assurez-vous qu&#039;elles sont en place. Le connecteur frontal tactile est install\u00e9.<\/p>\n<p><img loading=\"lazy\" decoding=\"async\" class=\"alignnone wp-image-1636 size-full\" src=\"http:\/\/www.xminsulation.com\/wp-content\/uploads\/2024\/05\/\u56fe\u7247360.png\" alt=\"\" width=\"1137\" height=\"2009\" srcset=\"https:\/\/www.xminsulation.com\/wp-content\/uploads\/2024\/05\/\u56fe\u7247360.png 1137w, https:\/\/www.xminsulation.com\/wp-content\/uploads\/2024\/05\/\u56fe\u7247360-170x300.png 170w, https:\/\/www.xminsulation.com\/wp-content\/uploads\/2024\/05\/\u56fe\u7247360-580x1024.png 580w, https:\/\/www.xminsulation.com\/wp-content\/uploads\/2024\/05\/\u56fe\u7247360-768x1357.png 768w, https:\/\/www.xminsulation.com\/wp-content\/uploads\/2024\/05\/\u56fe\u7247360-869x1536.png 869w, https:\/\/www.xminsulation.com\/wp-content\/uploads\/2024\/05\/\u56fe\u7247360-600x1060.png 600w\" sizes=\"(max-width: 1137px) 100vw, 1137px\" \/><\/p>\n<ol start=\"5\">\n<li>Installer le connecteur arri\u00e8re tactile :<\/li>\n<\/ol>\n<p>5.1. \u00c0 l&#039;aide d&#039;une cl\u00e9, serrez la tige conductrice sur le boulon du joint avant afin de garantir un bon contact entre la tige conductrice et la borne \u00e0 sertir du connecteur avant. Serrez ensuite les boulons M12.<\/p>\n<p>5.2, Enfoncez le c\u00e2ble avec les bornes trait\u00e9es selon les \u00e9tapes 1, 2 et 3.<\/p>\n<p>Connecteur jusqu&#039;\u00e0 ce que le trou dans la partie sup\u00e9rieure du terminal soit au centre du connecteur arri\u00e8re.<\/p>\n<p>5.3. Alignez le connecteur arri\u00e8re du c\u00e2ble install\u00e9 avec le connecteur avant et ins\u00e9rez-le. Assurez-vous que la tige conductrice affleure la surface de la borne du connecteur arri\u00e8re et que le boulon traverse le trou rond de la borne du connecteur arri\u00e8re.<\/p>\n<p>5.4, Si une expansion est n\u00e9cessaire, suivez la m\u00eame m\u00e9thode pour installer le joint arri\u00e8re ou<\/p>\n<p>parafoudre.<\/p>\n<p>5.5, Si aucune extension n&#039;est requise, suivez la s\u00e9quence d&#039;installation 4.6-4.8 \u00e0 l&#039;\u00e9tape 4. pour installer le connecteur arri\u00e8re.<\/p>\n<p><img loading=\"lazy\" decoding=\"async\" class=\"alignnone wp-image-1637 size-full\" src=\"http:\/\/www.xminsulation.com\/wp-content\/uploads\/2024\/05\/\u56fe\u7247361.png\" alt=\"\" width=\"472\" height=\"397\" srcset=\"https:\/\/www.xminsulation.com\/wp-content\/uploads\/2024\/05\/\u56fe\u7247361.png 472w, https:\/\/www.xminsulation.com\/wp-content\/uploads\/2024\/05\/\u56fe\u7247361-300x252.png 300w\" sizes=\"(max-width: 472px) 100vw, 472px\" \/><\/p>\n<ol start=\"6\">\n<li>Installer un parafoudre mont\u00e9 \u00e0 l&#039;arri\u00e8re :<\/li>\n<\/ol>\n<p>6.1. Nettoyez la surface ext\u00e9rieure du parafoudre et appliquez uniform\u00e9ment de la graisse silicone lubrifiante.<\/p>\n<p>6.2, r\u00e9p\u00e9tez les \u00e9tapes 5.1.<\/p>\n<p>6.3. Alignez le parafoudre avec le connecteur avant (ou le connecteur arri\u00e8re) et ins\u00e9rez-le.<\/p>\n<p>6.4. R\u00e9p\u00e9tez les \u00e9tapes 4.6 \u00e0 4.8 de l\u2019\u00e9tape 4 pour connecter le bouchon isolant et le capuchon d\u2019extr\u00e9mit\u00e9.<\/p>\n<p>6.5, Serrez le fil de terre au point de terre du syst\u00e8me.<\/p>\n<p><img loading=\"lazy\" decoding=\"async\" class=\"alignnone wp-image-1638 size-large\" src=\"http:\/\/www.xminsulation.com\/wp-content\/uploads\/2024\/05\/\u56fe\u7247362-1024x786.png\" alt=\"\" width=\"1024\" height=\"786\" srcset=\"https:\/\/www.xminsulation.com\/wp-content\/uploads\/2024\/05\/\u56fe\u7247362-1024x786.png 1024w, https:\/\/www.xminsulation.com\/wp-content\/uploads\/2024\/05\/\u56fe\u7247362-300x230.png 300w, https:\/\/www.xminsulation.com\/wp-content\/uploads\/2024\/05\/\u56fe\u7247362-768x589.png 768w, https:\/\/www.xminsulation.com\/wp-content\/uploads\/2024\/05\/\u56fe\u7247362-600x460.png 600w, https:\/\/www.xminsulation.com\/wp-content\/uploads\/2024\/05\/\u56fe\u7247362.png 1263w\" sizes=\"(max-width: 1024px) 100vw, 1024px\" \/> <img loading=\"lazy\" decoding=\"async\" class=\"alignnone wp-image-1639 size-full\" src=\"http:\/\/www.xminsulation.com\/wp-content\/uploads\/2024\/05\/\u56fe\u7247363.png\" alt=\"\" width=\"726\" height=\"379\" srcset=\"https:\/\/www.xminsulation.com\/wp-content\/uploads\/2024\/05\/\u56fe\u7247363.png 726w, https:\/\/www.xminsulation.com\/wp-content\/uploads\/2024\/05\/\u56fe\u7247363-300x157.png 300w, https:\/\/www.xminsulation.com\/wp-content\/uploads\/2024\/05\/\u56fe\u7247363-600x313.png 600w\" sizes=\"(max-width: 726px) 100vw, 726px\" \/><\/p>\n<p>1, \u8bbe\u5907\u6807\u51c6\u5957\u7ba1. Bo\u00eetier standard d&#039;\u00e9quipement.<\/p>\n<p>2, M16\u87ba\u6813. Boulon M16.<\/p>\n<p>3, \u524d\u63a5\u5934. Connecteur avant.<\/p>\n<p>4, \u5bfc\u7535\u6746. Tige conductrice.<\/p>\n<p>5, M16\u87ba\u6813. Boulon M16.<\/p>\n<p>6, \u540e\u63a5\u5934. Connecteur arri\u00e8re.<\/p>\n<p>7, \u540e\u63a5\u907f\u96f7\u5668. Parafoudre arri\u00e8re.<\/p>\n<p>8, \u5e73\u57ab. Coussin plat.<\/p>\n<p>9, aujourd&#039;hui. Coussin \u00e0 ressort.<\/p>\n<p>10, aujourd&#039;hui. Noix.<\/p>\n<p>11, \u7edd\u7f18\u585e. Bouchon isolant.<\/p>\n<p>12, \u540e\u7aef\u76d6. Capot arri\u00e8re.<\/p>\n<p>13, \u538b\u63a5\u7aef\u5b50. Borne \u00e0 sertir.<\/p>\n<p>14, XLPE\u7535\u7f06. C\u00e2ble XLPE.<\/p>\n<p>15, \u5e94\u529b\u9525. C\u00f4ne de contrainte.<\/p>\n<p>16, \u5361\u6263. Boucle.<\/p>\n<div class=\"wxts\">\n<h2>\u25c6Personnalisation sp\u00e9ciale<\/h2>\n<p>Les param\u00e8tres ci-dessus sont des donn\u00e9es typiques\u00a0; si les styles existants ne r\u00e9pondent pas \u00e0 vos demandes sp\u00e9cifiques, veuillez nous contacter pour une conception personnalis\u00e9e. Nous disposons d&#039;importantes comp\u00e9tences en mati\u00e8re de d\u00e9veloppement et de production de personnalisation personnalis\u00e9e, nous permettant de fournir des solutions sur mesure aux clients du monde entier.<\/p>\n<\/div>","protected":false},"excerpt":{"rendered":"<p>Application 1,For connection of\u00a0polymeric cable to transformers, switchgear, motors and other\u00a0equipment with a premoulded separable connector. 2,For indoor and outdoor installations. 3,System voltage up t0 24 kV. 4,Continuous cu rrent 630A(900 A ove rload for 8 hours). 5,Cable particulars: a,Polymeric cable(XLPE,EPR, etc.). b,Copper or aluminum conductors. c,Semiconducting or metallic screens. d,Conductor size12kV25-120mm 24kV25-400mm. Features 1,Provides [&hellip;]<\/p>","protected":false},"featured_media":1627,"template":"","meta":{"site-sidebar-layout":"default","site-content-layout":"","ast-site-content-layout":"default","site-content-style":"default","site-sidebar-style":"default","ast-global-header-display":"","ast-banner-title-visibility":"","ast-main-header-display":"","ast-hfb-above-header-display":"","ast-hfb-below-header-display":"","ast-hfb-mobile-header-display":"","site-post-title":"","ast-breadcrumbs-content":"","ast-featured-img":"","footer-sml-layout":"","theme-transparent-header-meta":"default","adv-header-id-meta":"","stick-header-meta":"","header-above-stick-meta":"","header-main-stick-meta":"","header-below-stick-meta":"","astra-migrate-meta-layouts":"set","ast-page-background-enabled":"default","ast-page-background-meta":{"desktop":{"background-color":"","background-image":"","background-repeat":"repeat","background-position":"center center","background-size":"auto","background-attachment":"scroll","background-type":"","background-media":"","overlay-type":"","overlay-color":"","overlay-gradient":""},"tablet":{"background-color":"","background-image":"","background-repeat":"repeat","background-position":"center center","background-size":"auto","background-attachment":"scroll","background-type":"","background-media":"","overlay-type":"","overlay-color":"","overlay-gradient":""},"mobile":{"background-color":"","background-image":"","background-repeat":"repeat","background-position":"center center","background-size":"auto","background-attachment":"scroll","background-type":"","background-media":"","overlay-type":"","overlay-color":"","overlay-gradient":""}},"ast-content-background-meta":{"desktop":{"background-color":"var(--ast-global-color-5)","background-image":"","background-repeat":"repeat","background-position":"center center","background-size":"auto","background-attachment":"scroll","background-type":"","background-media":"","overlay-type":"","overlay-color":"","overlay-gradient":""},"tablet":{"background-color":"var(--ast-global-color-5)","background-image":"","background-repeat":"repeat","background-position":"center center","background-size":"auto","background-attachment":"scroll","background-type":"","background-media":"","overlay-type":"","overlay-color":"","overlay-gradient":""},"mobile":{"background-color":"var(--ast-global-color-5)","background-image":"","background-repeat":"repeat","background-position":"center center","background-size":"auto","background-attachment":"scroll","background-type":"","background-media":"","overlay-type":"","overlay-color":"","overlay-gradient":""}}},"product_cat":[53],"product_tag":[],"class_list":{"0":"post-1626","1":"product","2":"type-product","3":"status-publish","4":"has-post-thumbnail","6":"product_cat-oushi","7":"desktop-align-left","8":"tablet-align-left","9":"mobile-align-left","11":"first","12":"instock","13":"shipping-taxable","14":"product-type-simple"},"_links":{"self":[{"href":"https:\/\/www.xminsulation.com\/fr\/wp-json\/wp\/v2\/product\/1626","targetHints":{"allow":["GET"]}}],"collection":[{"href":"https:\/\/www.xminsulation.com\/fr\/wp-json\/wp\/v2\/product"}],"about":[{"href":"https:\/\/www.xminsulation.com\/fr\/wp-json\/wp\/v2\/types\/product"}],"wp:featuredmedia":[{"embeddable":true,"href":"https:\/\/www.xminsulation.com\/fr\/wp-json\/wp\/v2\/media\/1627"}],"wp:attachment":[{"href":"https:\/\/www.xminsulation.com\/fr\/wp-json\/wp\/v2\/media?parent=1626"}],"wp:term":[{"taxonomy":"product_cat","embeddable":true,"href":"https:\/\/www.xminsulation.com\/fr\/wp-json\/wp\/v2\/product_cat?post=1626"},{"taxonomy":"product_tag","embeddable":true,"href":"https:\/\/www.xminsulation.com\/fr\/wp-json\/wp\/v2\/product_tag?post=1626"}],"curies":[{"name":"wp","href":"https:\/\/api.w.org\/{rel}","templated":true}]}}