{"id":1618,"date":"2024-05-07T19:56:25","date_gmt":"2024-05-07T11:56:25","guid":{"rendered":"http:\/\/www.xminsulation.com\/?post_type=product&#038;p=1618"},"modified":"2024-05-15T15:48:36","modified_gmt":"2024-05-15T07:48:36","slug":"hjt-12-24-630a-shielded-end-connector","status":"publish","type":"product","link":"https:\/\/www.xminsulation.com\/fr\/product\/hjt-12-24-630a-shielded-end-connector\/","title":{"rendered":"Connecteur d&#039;extr\u00e9mit\u00e9 blind\u00e9 HJT 12\/24-630A"},"content":{"rendered":"<p><img fetchpriority=\"high\" decoding=\"async\" class=\"alignnone wp-image-1620 size-full\" src=\"http:\/\/www.xminsulation.com\/wp-content\/uploads\/2024\/05\/\u56fe\u7247347-1.png\" alt=\"\" width=\"561\" height=\"561\" srcset=\"https:\/\/www.xminsulation.com\/wp-content\/uploads\/2024\/05\/\u56fe\u7247347-1.png 561w, https:\/\/www.xminsulation.com\/wp-content\/uploads\/2024\/05\/\u56fe\u7247347-1-300x300.png 300w, https:\/\/www.xminsulation.com\/wp-content\/uploads\/2024\/05\/\u56fe\u7247347-1-150x150.png 150w, https:\/\/www.xminsulation.com\/wp-content\/uploads\/2024\/05\/\u56fe\u7247347-1-100x100.png 100w\" sizes=\"(max-width: 561px) 100vw, 561px\" \/><\/p>\n<h2><strong><b>Informations g\u00e9n\u00e9rales<\/b><\/strong><\/h2>\n<p>Le connecteur arri\u00e8re 630AT peut \u00eatre utilis\u00e9 avec le connecteur T Fore et certains autres connecteurs arri\u00e8re, il peut fournir plus de branches, et ils ne peuvent pas \u00eatre directement avec la bague, couvrir le capuchon de protection arri\u00e8re \u00e0 l&#039;extr\u00e9mit\u00e9 du couvercle d&#039;obturation.<\/p>\n<h2><strong><b>Produit <\/b><\/strong><strong><b>Caract\u00e9ristiques<\/b><\/strong><strong><b>\u00a0<\/b><\/strong><\/h2>\n<p>1. Fournit une connexion s\u00e9parable enti\u00e8rement blind\u00e9e et enti\u00e8rement submersible lorsqu&#039;elle est accoupl\u00e9e \u00e0 la bague ou au bouchon pro per.<\/p>\n<p>2. Peut \u00eatre utilis\u00e9 dans certaines circonstances.<\/p>\n<p>3, point de test capacitif int\u00e9gr\u00e9 pour d\u00e9terminer l&#039;\u00e9tat du circuit ou installer un indicateur de d\u00e9faut. Aucune exigence de jeu de phase minimum.<\/p>\n<p>4. Le montage peut \u00eatre vertical, horizontal ou \u00e0 n&#039;importe quel angle interm\u00e9diaire.<\/p>\n<p><img decoding=\"async\" class=\"alignnone wp-image-1621 size-full\" src=\"http:\/\/www.xminsulation.com\/wp-content\/uploads\/2024\/05\/\u56fe\u7247348.png\" alt=\"\" width=\"311\" height=\"578\" srcset=\"https:\/\/www.xminsulation.com\/wp-content\/uploads\/2024\/05\/\u56fe\u7247348.png 311w, https:\/\/www.xminsulation.com\/wp-content\/uploads\/2024\/05\/\u56fe\u7247348-161x300.png 161w\" sizes=\"(max-width: 311px) 100vw, 311px\" \/> <img decoding=\"async\" class=\"alignnone wp-image-1622 size-full\" src=\"http:\/\/www.xminsulation.com\/wp-content\/uploads\/2024\/05\/\u56fe\u7247349.png\" alt=\"\" width=\"289\" height=\"645\" srcset=\"https:\/\/www.xminsulation.com\/wp-content\/uploads\/2024\/05\/\u56fe\u7247349.png 289w, https:\/\/www.xminsulation.com\/wp-content\/uploads\/2024\/05\/\u56fe\u7247349-134x300.png 134w\" sizes=\"(max-width: 289px) 100vw, 289px\" \/><\/p>\n<h2><strong><b>Structure du produit<\/b><\/strong><\/h2>\n<ol>\n<li>VIS \u00c0 DEUX T\u00caTES : Pour assurer un bon contact avec la douille de l&#039;appareil.<\/li>\n<li>ISOLATION : Le caoutchouc isolant EPDM moul\u00e9 est formul\u00e9 et m\u00e9lang\u00e9 en interne pour garantir une qualit\u00e9 \u00e9lev\u00e9e.<\/li>\n<li>BOUCHON ISOLANT : Le bouchon isolant en \u00e9poxy moul\u00e9 offre une excellente fiabilit\u00e9 \u00e9lectrique, thermique et m\u00e9canique.<\/li>\n<li>INSERT SEMI-CONDUCTEUR : L&#039;\u00e9cran en caoutchouc conducteur moul\u00e9 en EPDM contr\u00f4le les contraintes \u00e9lectriques.<\/li>\n<li>SOULAGEMENT DES CONTRAINTES : La configuration de l&#039;\u00e9cran ext\u00e9rieur et de l&#039;adaptateur de c\u00e2ble assure un soulagement des contraintes du c\u00e2ble.<\/li>\n<li>\u0152IL DE MISE \u00c0 LA TERRE : Moul\u00e9 dans l&#039;\u00e9cran externe pour la connexion d&#039;un fil de mise \u00e0 la terre.<\/li>\n<li>Blindage semi-conducteur : La combinaison du caoutchouc conducteur EPDM pr\u00e9fabriqu\u00e9 et du blindage du c\u00e2ble peut r\u00e9aliser la continuit\u00e9 du blindage<\/li>\n<\/ol>\n<p>et assurez-vous que la couche semi-conductrice externe est mise \u00e0 la terre.<\/p>\n<ol start=\"8\">\n<li>Borne \u00e0 sertir : Toutes les bornes \u00e0 sertir en cuivre ou en aluminium cuivr\u00e9 conviennent aux conducteurs en cuivre ou en aluminium.<\/li>\n<\/ol>\n<p><img loading=\"lazy\" decoding=\"async\" class=\"alignnone wp-image-1623 size-large\" src=\"http:\/\/www.xminsulation.com\/wp-content\/uploads\/2024\/05\/\u56fe\u7247350-1024x578.png\" alt=\"\" width=\"1024\" height=\"578\" srcset=\"https:\/\/www.xminsulation.com\/wp-content\/uploads\/2024\/05\/\u56fe\u7247350-1024x578.png 1024w, https:\/\/www.xminsulation.com\/wp-content\/uploads\/2024\/05\/\u56fe\u7247350-300x169.png 300w, https:\/\/www.xminsulation.com\/wp-content\/uploads\/2024\/05\/\u56fe\u7247350-768x434.png 768w, https:\/\/www.xminsulation.com\/wp-content\/uploads\/2024\/05\/\u56fe\u7247350-600x339.png 600w, https:\/\/www.xminsulation.com\/wp-content\/uploads\/2024\/05\/\u56fe\u7247350.png 1038w\" sizes=\"(max-width: 1024px) 100vw, 1024px\" \/> <img loading=\"lazy\" decoding=\"async\" class=\"alignnone wp-image-1624 size-large\" src=\"http:\/\/www.xminsulation.com\/wp-content\/uploads\/2024\/05\/\u56fe\u7247351-1024x616.png\" alt=\"\" width=\"1024\" height=\"616\" srcset=\"https:\/\/www.xminsulation.com\/wp-content\/uploads\/2024\/05\/\u56fe\u7247351-1024x616.png 1024w, https:\/\/www.xminsulation.com\/wp-content\/uploads\/2024\/05\/\u56fe\u7247351-300x181.png 300w, https:\/\/www.xminsulation.com\/wp-content\/uploads\/2024\/05\/\u56fe\u7247351-768x462.png 768w, https:\/\/www.xminsulation.com\/wp-content\/uploads\/2024\/05\/\u56fe\u7247351-600x361.png 600w, https:\/\/www.xminsulation.com\/wp-content\/uploads\/2024\/05\/\u56fe\u7247351.png 1030w\" sizes=\"(max-width: 1024px) 100vw, 1024px\" \/><\/p>\n<p>&nbsp;<\/p>\n<div class=\"wxts\">\n<h2>\u25c6Personnalisation sp\u00e9ciale<\/h2>\n<p>Les param\u00e8tres ci-dessus sont des donn\u00e9es typiques\u00a0; si les styles existants ne r\u00e9pondent pas \u00e0 vos demandes sp\u00e9cifiques, veuillez nous contacter pour une conception personnalis\u00e9e. Nous disposons d&#039;importantes comp\u00e9tences en mati\u00e8re de d\u00e9veloppement et de production de personnalisation personnalis\u00e9e, nous permettant de fournir des solutions sur mesure aux clients du monde entier.<\/p>\n<\/div>","protected":false},"excerpt":{"rendered":"<p>General Information 630AT Back connector can be use together with the T Fore connector and some other back connector , it can be provide more branches, and they can not together with the bushing directly, cover the back protection cap on the end of the blanking cover. Product Features\u00a0 1,Provides a fully screened and fully [&hellip;]<\/p>","protected":false},"featured_media":1619,"template":"","meta":{"site-sidebar-layout":"default","site-content-layout":"","ast-site-content-layout":"default","site-content-style":"default","site-sidebar-style":"default","ast-global-header-display":"","ast-banner-title-visibility":"","ast-main-header-display":"","ast-hfb-above-header-display":"","ast-hfb-below-header-display":"","ast-hfb-mobile-header-display":"","site-post-title":"","ast-breadcrumbs-content":"","ast-featured-img":"","footer-sml-layout":"","theme-transparent-header-meta":"default","adv-header-id-meta":"","stick-header-meta":"","header-above-stick-meta":"","header-main-stick-meta":"","header-below-stick-meta":"","astra-migrate-meta-layouts":"set","ast-page-background-enabled":"default","ast-page-background-meta":{"desktop":{"background-color":"","background-image":"","background-repeat":"repeat","background-position":"center center","background-size":"auto","background-attachment":"scroll","background-type":"","background-media":"","overlay-type":"","overlay-color":"","overlay-gradient":""},"tablet":{"background-color":"","background-image":"","background-repeat":"repeat","background-position":"center center","background-size":"auto","background-attachment":"scroll","background-type":"","background-media":"","overlay-type":"","overlay-color":"","overlay-gradient":""},"mobile":{"background-color":"","background-image":"","background-repeat":"repeat","background-position":"center center","background-size":"auto","background-attachment":"scroll","background-type":"","background-media":"","overlay-type":"","overlay-color":"","overlay-gradient":""}},"ast-content-background-meta":{"desktop":{"background-color":"var(--ast-global-color-5)","background-image":"","background-repeat":"repeat","background-position":"center center","background-size":"auto","background-attachment":"scroll","background-type":"","background-media":"","overlay-type":"","overlay-color":"","overlay-gradient":""},"tablet":{"background-color":"var(--ast-global-color-5)","background-image":"","background-repeat":"repeat","background-position":"center center","background-size":"auto","background-attachment":"scroll","background-type":"","background-media":"","overlay-type":"","overlay-color":"","overlay-gradient":""},"mobile":{"background-color":"var(--ast-global-color-5)","background-image":"","background-repeat":"repeat","background-position":"center center","background-size":"auto","background-attachment":"scroll","background-type":"","background-media":"","overlay-type":"","overlay-color":"","overlay-gradient":""}}},"product_cat":[53],"product_tag":[],"class_list":{"0":"post-1618","1":"product","2":"type-product","3":"status-publish","4":"has-post-thumbnail","6":"product_cat-oushi","7":"desktop-align-left","8":"tablet-align-left","9":"mobile-align-left","11":"first","12":"instock","13":"shipping-taxable","14":"product-type-simple"},"_links":{"self":[{"href":"https:\/\/www.xminsulation.com\/fr\/wp-json\/wp\/v2\/product\/1618","targetHints":{"allow":["GET"]}}],"collection":[{"href":"https:\/\/www.xminsulation.com\/fr\/wp-json\/wp\/v2\/product"}],"about":[{"href":"https:\/\/www.xminsulation.com\/fr\/wp-json\/wp\/v2\/types\/product"}],"wp:featuredmedia":[{"embeddable":true,"href":"https:\/\/www.xminsulation.com\/fr\/wp-json\/wp\/v2\/media\/1619"}],"wp:attachment":[{"href":"https:\/\/www.xminsulation.com\/fr\/wp-json\/wp\/v2\/media?parent=1618"}],"wp:term":[{"taxonomy":"product_cat","embeddable":true,"href":"https:\/\/www.xminsulation.com\/fr\/wp-json\/wp\/v2\/product_cat?post=1618"},{"taxonomy":"product_tag","embeddable":true,"href":"https:\/\/www.xminsulation.com\/fr\/wp-json\/wp\/v2\/product_tag?post=1618"}],"curies":[{"name":"wp","href":"https:\/\/api.w.org\/{rel}","templated":true}]}}