{"id":1579,"date":"2024-05-07T18:04:56","date_gmt":"2024-05-07T10:04:56","guid":{"rendered":"http:\/\/www.xminsulation.com\/?post_type=product&#038;p=1579"},"modified":"2024-05-15T15:55:33","modified_gmt":"2024-05-15T07:55:33","slug":"hblq-26-66-24kv-elbow-surge-arrester","status":"publish","type":"product","link":"https:\/\/www.xminsulation.com\/fr\/product\/hblq-26-66-24kv-elbow-surge-arrester\/","title":{"rendered":"Parafoudre coud\u00e9 HBLQ \u2013 26\/66 24 kV"},"content":{"rendered":"<h2><img fetchpriority=\"high\" decoding=\"async\" class=\"alignnone wp-image-1581 size-full\" src=\"http:\/\/www.xminsulation.com\/wp-content\/uploads\/2024\/05\/\u56fe\u7247325-1.png\" alt=\"\" width=\"592\" height=\"592\" srcset=\"https:\/\/www.xminsulation.com\/wp-content\/uploads\/2024\/05\/\u56fe\u7247325-1.png 592w, https:\/\/www.xminsulation.com\/wp-content\/uploads\/2024\/05\/\u56fe\u7247325-1-300x300.png 300w, https:\/\/www.xminsulation.com\/wp-content\/uploads\/2024\/05\/\u56fe\u7247325-1-150x150.png 150w, https:\/\/www.xminsulation.com\/wp-content\/uploads\/2024\/05\/\u56fe\u7247325-1-100x100.png 100w\" sizes=\"(max-width: 592px) 100vw, 592px\" \/><\/h2>\n<h2><strong><b>Informations g\u00e9n\u00e9rales<\/b><\/strong><\/h2>\n<p>Le parafoudre \u00e0 travers\u00e9e MOV 26\/66 kV fournit un r\u00e9seau de protection moyenne tension fiable. En utilisant le blindage semi-conducteur pour garantir la s\u00e9curit\u00e9 de la personne et le bon fonctionnement de l&#039;\u00e9quipement, ils ont \u00e9galement une grande quantit\u00e9 pour garantir qu&#039;ils peuvent fonctionner dans les circonstances.<\/p>\n<p>Le parafoudre \u00e0 travers\u00e9e MOV 26\/66 kV peut \u00eatre utilis\u00e9 avec le connecteur arri\u00e8re en T.<\/p>\n<p><img decoding=\"async\" class=\"alignnone wp-image-1582 size-full\" src=\"http:\/\/www.xminsulation.com\/wp-content\/uploads\/2024\/05\/\u56fe\u7247326.png\" alt=\"\" width=\"325\" height=\"703\" srcset=\"https:\/\/www.xminsulation.com\/wp-content\/uploads\/2024\/05\/\u56fe\u7247326.png 325w, https:\/\/www.xminsulation.com\/wp-content\/uploads\/2024\/05\/\u56fe\u7247326-139x300.png 139w\" sizes=\"(max-width: 325px) 100vw, 325px\" \/><\/p>\n<h2><strong><b>Structure du produit<\/b><\/strong><\/h2>\n<ol>\n<li>ISOLATION EPDM : L&#039;isolant EPDM durci au soufre de haute qualit\u00e9 est m\u00e9lang\u00e9 et formul\u00e9 en interne pour un contr\u00f4le complet des caract\u00e9ristiques isolantes du caoutchouc.<\/li>\n<li>BLINDAGE SEMI-CONDUCTEUR : Le blindage EPDM semi-conducteur moul\u00e9 r\u00e9pond aux exigences de la norme ANSI\/IEEE 592.<\/li>\n<li>NOYAU DE PARAFOUDRE : Compos\u00e9 d&#039;une tranche de soupape de parafoudre en oxyde de zinc qui subit un traitement de processus sp\u00e9cial.<\/li>\n<li>SONDE : La sonde fournit un chemin conducteur fiable avec des contacts femelles correspondants.<\/li>\n<li>FIL DE MISE \u00c0 LA TERRE : (Facultatif pour un fil de terre plus gros) Utilis\u00e9 pour la tension d&#039;impulsion efficace apr\u00e8s les fils jusqu&#039;\u00e0 la position de mise \u00e0 la terre.<\/li>\n<\/ol>\n<p><img decoding=\"async\" class=\"alignnone wp-image-1583 size-full\" src=\"http:\/\/www.xminsulation.com\/wp-content\/uploads\/2024\/05\/\u56fe\u7247327.png\" alt=\"\" width=\"1220\" height=\"370\" srcset=\"https:\/\/www.xminsulation.com\/wp-content\/uploads\/2024\/05\/\u56fe\u7247327.png 1220w, https:\/\/www.xminsulation.com\/wp-content\/uploads\/2024\/05\/\u56fe\u7247327-300x91.png 300w, https:\/\/www.xminsulation.com\/wp-content\/uploads\/2024\/05\/\u56fe\u7247327-1024x311.png 1024w, https:\/\/www.xminsulation.com\/wp-content\/uploads\/2024\/05\/\u56fe\u7247327-768x233.png 768w, https:\/\/www.xminsulation.com\/wp-content\/uploads\/2024\/05\/\u56fe\u7247327-600x182.png 600w\" sizes=\"(max-width: 1220px) 100vw, 1220px\" \/><\/p>\n<p>&nbsp;<\/p>\n<div class=\"wxts\">\n<h2>\u25c6Personnalisation sp\u00e9ciale<\/h2>\n<p>Les param\u00e8tres ci-dessus sont des donn\u00e9es typiques\u00a0; si les styles existants ne r\u00e9pondent pas \u00e0 vos demandes sp\u00e9cifiques, veuillez nous contacter pour une conception personnalis\u00e9e. Nous disposons d&#039;importantes comp\u00e9tences en mati\u00e8re de d\u00e9veloppement et de production de personnalisation personnalis\u00e9e, nous permettant de fournir des solutions sur mesure aux clients du monde entier.<\/p>\n<\/div>","protected":false},"excerpt":{"rendered":"<p>General Information 26\/66kV M.O.V Bushing Surge Arrester provide a reliable protective medium voltage network . using the semi-conductive shield to make sure the person is safe and the equipment can work well , also they have the high quantity to make sure they can work in the Circumstances. The26\/66kV M.O.V Bushing Surge Arrester can be [&hellip;]<\/p>","protected":false},"featured_media":1580,"template":"","meta":{"site-sidebar-layout":"default","site-content-layout":"","ast-site-content-layout":"default","site-content-style":"default","site-sidebar-style":"default","ast-global-header-display":"","ast-banner-title-visibility":"","ast-main-header-display":"","ast-hfb-above-header-display":"","ast-hfb-below-header-display":"","ast-hfb-mobile-header-display":"","site-post-title":"","ast-breadcrumbs-content":"","ast-featured-img":"","footer-sml-layout":"","theme-transparent-header-meta":"default","adv-header-id-meta":"","stick-header-meta":"","header-above-stick-meta":"","header-main-stick-meta":"","header-below-stick-meta":"","astra-migrate-meta-layouts":"set","ast-page-background-enabled":"default","ast-page-background-meta":{"desktop":{"background-color":"","background-image":"","background-repeat":"repeat","background-position":"center center","background-size":"auto","background-attachment":"scroll","background-type":"","background-media":"","overlay-type":"","overlay-color":"","overlay-gradient":""},"tablet":{"background-color":"","background-image":"","background-repeat":"repeat","background-position":"center center","background-size":"auto","background-attachment":"scroll","background-type":"","background-media":"","overlay-type":"","overlay-color":"","overlay-gradient":""},"mobile":{"background-color":"","background-image":"","background-repeat":"repeat","background-position":"center center","background-size":"auto","background-attachment":"scroll","background-type":"","background-media":"","overlay-type":"","overlay-color":"","overlay-gradient":""}},"ast-content-background-meta":{"desktop":{"background-color":"var(--ast-global-color-5)","background-image":"","background-repeat":"repeat","background-position":"center center","background-size":"auto","background-attachment":"scroll","background-type":"","background-media":"","overlay-type":"","overlay-color":"","overlay-gradient":""},"tablet":{"background-color":"var(--ast-global-color-5)","background-image":"","background-repeat":"repeat","background-position":"center center","background-size":"auto","background-attachment":"scroll","background-type":"","background-media":"","overlay-type":"","overlay-color":"","overlay-gradient":""},"mobile":{"background-color":"var(--ast-global-color-5)","background-image":"","background-repeat":"repeat","background-position":"center center","background-size":"auto","background-attachment":"scroll","background-type":"","background-media":"","overlay-type":"","overlay-color":"","overlay-gradient":""}}},"product_cat":[53],"product_tag":[],"class_list":{"0":"post-1579","1":"product","2":"type-product","3":"status-publish","4":"has-post-thumbnail","6":"product_cat-oushi","7":"desktop-align-left","8":"tablet-align-left","9":"mobile-align-left","11":"first","12":"instock","13":"shipping-taxable","14":"product-type-simple"},"_links":{"self":[{"href":"https:\/\/www.xminsulation.com\/fr\/wp-json\/wp\/v2\/product\/1579","targetHints":{"allow":["GET"]}}],"collection":[{"href":"https:\/\/www.xminsulation.com\/fr\/wp-json\/wp\/v2\/product"}],"about":[{"href":"https:\/\/www.xminsulation.com\/fr\/wp-json\/wp\/v2\/types\/product"}],"wp:featuredmedia":[{"embeddable":true,"href":"https:\/\/www.xminsulation.com\/fr\/wp-json\/wp\/v2\/media\/1580"}],"wp:attachment":[{"href":"https:\/\/www.xminsulation.com\/fr\/wp-json\/wp\/v2\/media?parent=1579"}],"wp:term":[{"taxonomy":"product_cat","embeddable":true,"href":"https:\/\/www.xminsulation.com\/fr\/wp-json\/wp\/v2\/product_cat?post=1579"},{"taxonomy":"product_tag","embeddable":true,"href":"https:\/\/www.xminsulation.com\/fr\/wp-json\/wp\/v2\/product_tag?post=1579"}],"curies":[{"name":"wp","href":"https:\/\/api.w.org\/{rel}","templated":true}]}}