{"id":1574,"date":"2024-05-07T18:02:35","date_gmt":"2024-05-07T10:02:35","guid":{"rendered":"http:\/\/www.xminsulation.com\/?post_type=product&#038;p=1574"},"modified":"2024-05-15T15:56:01","modified_gmt":"2024-05-15T07:56:01","slug":"jym-12kv-24kv-630a-lnsulated-protective-cap","status":"publish","type":"product","link":"https:\/\/www.xminsulation.com\/fr\/product\/jym-12kv-24kv-630a-lnsulated-protective-cap\/","title":{"rendered":"Capuchon de protection isol\u00e9 JYM-12 kV\/24 kV 630 A"},"content":{"rendered":"<p><strong><b><img fetchpriority=\"high\" decoding=\"async\" class=\"alignnone wp-image-1576 size-full\" src=\"http:\/\/www.xminsulation.com\/wp-content\/uploads\/2024\/05\/\u56fe\u7247322-1.png\" alt=\"\" width=\"504\" height=\"504\" srcset=\"https:\/\/www.xminsulation.com\/wp-content\/uploads\/2024\/05\/\u56fe\u7247322-1.png 504w, https:\/\/www.xminsulation.com\/wp-content\/uploads\/2024\/05\/\u56fe\u7247322-1-300x300.png 300w, https:\/\/www.xminsulation.com\/wp-content\/uploads\/2024\/05\/\u56fe\u7247322-1-150x150.png 150w, https:\/\/www.xminsulation.com\/wp-content\/uploads\/2024\/05\/\u56fe\u7247322-1-100x100.png 100w\" sizes=\"(max-width: 504px) 100vw, 504px\" \/><\/b><\/strong><\/p>\n<h2><strong><b>Informations g\u00e9n\u00e9rales<\/b><\/strong><\/h2>\n<p>Le capuchon isolant 12 kV\/24 kV est un accessoire du manchon de pointe. Il assure l&#039;isolation du manchon de pointe et l&#039;\u00e9tanch\u00e9it\u00e9 \u00e0 la poussi\u00e8re et \u00e0 l&#039;humidit\u00e9 du joint d&#039;interrogation non ponctuel.<\/p>\n<p>Le capuchon isolant 630 A peut \u00eatre install\u00e9 sur les travers\u00e9es, les jeux de barres et les \u00e9quipements muraux 630 A. Lorsque le jeu de barres et le connecteur de c\u00e2ble sont r\u00e9serv\u00e9s \u00e0 une prise de secours, ils doivent \u00eatre scell\u00e9s avec le capuchon isolant 630 A.<\/p>\n<p><img decoding=\"async\" class=\"alignnone wp-image-1577 size-full\" src=\"http:\/\/www.xminsulation.com\/wp-content\/uploads\/2024\/05\/\u56fe\u7247323.png\" alt=\"\" width=\"483\" height=\"392\" srcset=\"https:\/\/www.xminsulation.com\/wp-content\/uploads\/2024\/05\/\u56fe\u7247323.png 483w, https:\/\/www.xminsulation.com\/wp-content\/uploads\/2024\/05\/\u56fe\u7247323-300x243.png 300w\" sizes=\"(max-width: 483px) 100vw, 483px\" \/><\/p>\n<h2><strong><b>Structure du produit<\/b><\/strong><\/h2>\n<ol>\n<li>le fonctionnement de l&#039;anneau : fabriqu\u00e9 en acier inoxydable, l&#039;installation et le fonctionnement sont des produits pratiques ;<\/li>\n<li>la couche isolante : une formulation unique et une technologie de m\u00e9lange pour assurer la qualit\u00e9 du caoutchouc isolant EPDM pr\u00e9fabriqu\u00e9 ;<\/li>\n<li>la couche semi-conductrice ext\u00e9rieure : caoutchouc conducteur EPDM pr\u00e9fabriqu\u00e9 selon la norme IEEE592 ;<\/li>\n<li>le filetage int\u00e9rieur : filetage int\u00e9rieur pour M16-2 ;<\/li>\n<li>mis \u00e0 la terre par l&#039;\u0153il de mise \u00e0 la terre : \u0153il, mettre \u00e0 la terre les produits.<\/li>\n<\/ol>\n<p><img decoding=\"async\" class=\"alignnone wp-image-1578 size-full\" src=\"http:\/\/www.xminsulation.com\/wp-content\/uploads\/2024\/05\/\u56fe\u7247324.png\" alt=\"\" width=\"1008\" height=\"278\" srcset=\"https:\/\/www.xminsulation.com\/wp-content\/uploads\/2024\/05\/\u56fe\u7247324.png 1008w, https:\/\/www.xminsulation.com\/wp-content\/uploads\/2024\/05\/\u56fe\u7247324-300x83.png 300w, https:\/\/www.xminsulation.com\/wp-content\/uploads\/2024\/05\/\u56fe\u7247324-768x212.png 768w, https:\/\/www.xminsulation.com\/wp-content\/uploads\/2024\/05\/\u56fe\u7247324-600x165.png 600w\" sizes=\"(max-width: 1008px) 100vw, 1008px\" \/><\/p>\n<p>&nbsp;<\/p>\n<div class=\"wxts\">\n<h2>\u25c6Personnalisation sp\u00e9ciale<\/h2>\n<p>Les param\u00e8tres ci-dessus sont des donn\u00e9es typiques\u00a0; si les styles existants ne r\u00e9pondent pas \u00e0 vos demandes sp\u00e9cifiques, veuillez nous contacter pour une conception personnalis\u00e9e. Nous disposons d&#039;importantes comp\u00e9tences en mati\u00e8re de d\u00e9veloppement et de production de personnalisation personnalis\u00e9e, nous permettant de fournir des solutions sur mesure aux clients du monde entier.<\/p>\n<\/div>","protected":false},"excerpt":{"rendered":"<p>General Information The 12KV\/24KV insulating cap is an accessory to the point sleeve. It provides insulation envelope for the point sleeve and dust-proof and moisture-proof envelope for the non-point interrogative joint. The 630A insulating cap can be installed on the 630A bushing, bus bar and wall hanging equipment. When the bus bar and cable connector [&hellip;]<\/p>","protected":false},"featured_media":1575,"template":"","meta":{"site-sidebar-layout":"default","site-content-layout":"","ast-site-content-layout":"default","site-content-style":"default","site-sidebar-style":"default","ast-global-header-display":"","ast-banner-title-visibility":"","ast-main-header-display":"","ast-hfb-above-header-display":"","ast-hfb-below-header-display":"","ast-hfb-mobile-header-display":"","site-post-title":"","ast-breadcrumbs-content":"","ast-featured-img":"","footer-sml-layout":"","theme-transparent-header-meta":"default","adv-header-id-meta":"","stick-header-meta":"","header-above-stick-meta":"","header-main-stick-meta":"","header-below-stick-meta":"","astra-migrate-meta-layouts":"set","ast-page-background-enabled":"default","ast-page-background-meta":{"desktop":{"background-color":"","background-image":"","background-repeat":"repeat","background-position":"center center","background-size":"auto","background-attachment":"scroll","background-type":"","background-media":"","overlay-type":"","overlay-color":"","overlay-gradient":""},"tablet":{"background-color":"","background-image":"","background-repeat":"repeat","background-position":"center center","background-size":"auto","background-attachment":"scroll","background-type":"","background-media":"","overlay-type":"","overlay-color":"","overlay-gradient":""},"mobile":{"background-color":"","background-image":"","background-repeat":"repeat","background-position":"center center","background-size":"auto","background-attachment":"scroll","background-type":"","background-media":"","overlay-type":"","overlay-color":"","overlay-gradient":""}},"ast-content-background-meta":{"desktop":{"background-color":"var(--ast-global-color-5)","background-image":"","background-repeat":"repeat","background-position":"center center","background-size":"auto","background-attachment":"scroll","background-type":"","background-media":"","overlay-type":"","overlay-color":"","overlay-gradient":""},"tablet":{"background-color":"var(--ast-global-color-5)","background-image":"","background-repeat":"repeat","background-position":"center center","background-size":"auto","background-attachment":"scroll","background-type":"","background-media":"","overlay-type":"","overlay-color":"","overlay-gradient":""},"mobile":{"background-color":"var(--ast-global-color-5)","background-image":"","background-repeat":"repeat","background-position":"center center","background-size":"auto","background-attachment":"scroll","background-type":"","background-media":"","overlay-type":"","overlay-color":"","overlay-gradient":""}}},"product_cat":[53],"product_tag":[],"class_list":{"0":"post-1574","1":"product","2":"type-product","3":"status-publish","4":"has-post-thumbnail","6":"product_cat-oushi","7":"desktop-align-left","8":"tablet-align-left","9":"mobile-align-left","11":"first","12":"instock","13":"shipping-taxable","14":"product-type-simple"},"_links":{"self":[{"href":"https:\/\/www.xminsulation.com\/fr\/wp-json\/wp\/v2\/product\/1574","targetHints":{"allow":["GET"]}}],"collection":[{"href":"https:\/\/www.xminsulation.com\/fr\/wp-json\/wp\/v2\/product"}],"about":[{"href":"https:\/\/www.xminsulation.com\/fr\/wp-json\/wp\/v2\/types\/product"}],"wp:featuredmedia":[{"embeddable":true,"href":"https:\/\/www.xminsulation.com\/fr\/wp-json\/wp\/v2\/media\/1575"}],"wp:attachment":[{"href":"https:\/\/www.xminsulation.com\/fr\/wp-json\/wp\/v2\/media?parent=1574"}],"wp:term":[{"taxonomy":"product_cat","embeddable":true,"href":"https:\/\/www.xminsulation.com\/fr\/wp-json\/wp\/v2\/product_cat?post=1574"},{"taxonomy":"product_tag","embeddable":true,"href":"https:\/\/www.xminsulation.com\/fr\/wp-json\/wp\/v2\/product_tag?post=1574"}],"curies":[{"name":"wp","href":"https:\/\/api.w.org\/{rel}","templated":true}]}}