{"id":1555,"date":"2024-05-07T17:54:59","date_gmt":"2024-05-07T09:54:59","guid":{"rendered":"http:\/\/www.xminsulation.com\/?post_type=product&#038;p=1555"},"modified":"2024-05-15T16:06:15","modified_gmt":"2024-05-15T08:06:15","slug":"tt-35kv-630a-t-cable-rear-connector","status":"publish","type":"product","link":"https:\/\/www.xminsulation.com\/fr\/product\/tt-35kv-630a-t-cable-rear-connector\/","title":{"rendered":"Connecteur arri\u00e8re de c\u00e2ble en T TT-35 kV 630 A"},"content":{"rendered":"<p><img fetchpriority=\"high\" decoding=\"async\" class=\"alignnone wp-image-1557 size-full\" src=\"http:\/\/www.xminsulation.com\/wp-content\/uploads\/2024\/05\/\u56fe\u7247310-1.png\" alt=\"\" width=\"548\" height=\"548\" srcset=\"https:\/\/www.xminsulation.com\/wp-content\/uploads\/2024\/05\/\u56fe\u7247310-1.png 548w, https:\/\/www.xminsulation.com\/wp-content\/uploads\/2024\/05\/\u56fe\u7247310-1-300x300.png 300w, https:\/\/www.xminsulation.com\/wp-content\/uploads\/2024\/05\/\u56fe\u7247310-1-150x150.png 150w, https:\/\/www.xminsulation.com\/wp-content\/uploads\/2024\/05\/\u56fe\u7247310-1-100x100.png 100w\" sizes=\"(max-width: 548px) 100vw, 548px\" \/><\/p>\n<h2><strong><b>Informations g\u00e9n\u00e9rales<\/b><\/strong><\/h2>\n<p>Convient aux appareils \u00e9lectriques haute tension des centrales \u00e9lectriques et des postes de transformation de 35 kV ou moins, tels que les bo\u00eetes de d\u00e9rivation, les transformateurs combin\u00e9s et les lignes d&#039;entr\u00e9e\/sortie des syst\u00e8mes CIS. Enti\u00e8rement isol\u00e9, \u00e9tanche et blind\u00e9. Gr\u00e2ce \u00e0 une technologie avanc\u00e9e d&#039;injection de noir, les performances \u00e9lectriques atteignent les meilleurs niveaux internationaux. Plus s\u00fbr et fiable. Peu sensible aux intemp\u00e9ries et aux conditions de montage. R\u00e9sistant \u00e0 la condensation et \u00e0 la contamination, sans entretien. La contrainte, gr\u00e2ce \u00e0 un niveau \u00e9lev\u00e9 de d\u00e9charges partielles, est de technologie allemande. Ses dimensions compactes r\u00e9pondent parfaitement aux exigences d&#039;espace de montage. Connecteur de c\u00e2ble pr\u00e9fabriqu\u00e9 leader mondial. Section du conducteur\u00a0: 50-630\u00a0mm\u00b2.<\/p>\n<p><img decoding=\"async\" class=\"alignnone wp-image-1558 size-full\" src=\"http:\/\/www.xminsulation.com\/wp-content\/uploads\/2024\/05\/\u56fe\u7247311.png\" alt=\"\" width=\"334\" height=\"392\" srcset=\"https:\/\/www.xminsulation.com\/wp-content\/uploads\/2024\/05\/\u56fe\u7247311.png 334w, https:\/\/www.xminsulation.com\/wp-content\/uploads\/2024\/05\/\u56fe\u7247311-256x300.png 256w\" sizes=\"(max-width: 334px) 100vw, 334px\" \/> <img decoding=\"async\" class=\"alignnone wp-image-1559 size-full\" src=\"http:\/\/www.xminsulation.com\/wp-content\/uploads\/2024\/05\/\u56fe\u7247312.png\" alt=\"\" width=\"1018\" height=\"480\" srcset=\"https:\/\/www.xminsulation.com\/wp-content\/uploads\/2024\/05\/\u56fe\u7247312.png 1018w, https:\/\/www.xminsulation.com\/wp-content\/uploads\/2024\/05\/\u56fe\u7247312-300x141.png 300w, https:\/\/www.xminsulation.com\/wp-content\/uploads\/2024\/05\/\u56fe\u7247312-768x362.png 768w, https:\/\/www.xminsulation.com\/wp-content\/uploads\/2024\/05\/\u56fe\u7247312-600x283.png 600w\" sizes=\"(max-width: 1018px) 100vw, 1018px\" \/><\/p>\n<p>&nbsp;<\/p>\n<div class=\"wxts\">\n<h2>\u25c6Personnalisation sp\u00e9ciale<\/h2>\n<p>Les param\u00e8tres ci-dessus sont des donn\u00e9es typiques\u00a0; si les styles existants ne r\u00e9pondent pas \u00e0 vos demandes sp\u00e9cifiques, veuillez nous contacter pour une conception personnalis\u00e9e. Nous disposons d&#039;importantes comp\u00e9tences en mati\u00e8re de d\u00e9veloppement et de production de personnalisation personnalis\u00e9e, nous permettant de fournir des solutions sur mesure aux clients du monde entier.<\/p>\n<\/div>","protected":false},"excerpt":{"rendered":"<p>General Information Suitable\u00a0for\u00a0high voltage electrical apparatus of power plant, power transform station at or under 35kV,such as cable branch box, combination transformer and incoming\/outing line of CIS system. Fully insulated, fully sealed and fully screened. Adopt advanced\u00a0black injecting technology, the electric\u00a0performance reach the international leading level. More safe and reliable. Little affect by bad weather [&hellip;]<\/p>","protected":false},"featured_media":1556,"template":"","meta":{"site-sidebar-layout":"default","site-content-layout":"","ast-site-content-layout":"default","site-content-style":"default","site-sidebar-style":"default","ast-global-header-display":"","ast-banner-title-visibility":"","ast-main-header-display":"","ast-hfb-above-header-display":"","ast-hfb-below-header-display":"","ast-hfb-mobile-header-display":"","site-post-title":"","ast-breadcrumbs-content":"","ast-featured-img":"","footer-sml-layout":"","theme-transparent-header-meta":"default","adv-header-id-meta":"","stick-header-meta":"","header-above-stick-meta":"","header-main-stick-meta":"","header-below-stick-meta":"","astra-migrate-meta-layouts":"set","ast-page-background-enabled":"default","ast-page-background-meta":{"desktop":{"background-color":"","background-image":"","background-repeat":"repeat","background-position":"center center","background-size":"auto","background-attachment":"scroll","background-type":"","background-media":"","overlay-type":"","overlay-color":"","overlay-gradient":""},"tablet":{"background-color":"","background-image":"","background-repeat":"repeat","background-position":"center center","background-size":"auto","background-attachment":"scroll","background-type":"","background-media":"","overlay-type":"","overlay-color":"","overlay-gradient":""},"mobile":{"background-color":"","background-image":"","background-repeat":"repeat","background-position":"center center","background-size":"auto","background-attachment":"scroll","background-type":"","background-media":"","overlay-type":"","overlay-color":"","overlay-gradient":""}},"ast-content-background-meta":{"desktop":{"background-color":"var(--ast-global-color-5)","background-image":"","background-repeat":"repeat","background-position":"center center","background-size":"auto","background-attachment":"scroll","background-type":"","background-media":"","overlay-type":"","overlay-color":"","overlay-gradient":""},"tablet":{"background-color":"var(--ast-global-color-5)","background-image":"","background-repeat":"repeat","background-position":"center center","background-size":"auto","background-attachment":"scroll","background-type":"","background-media":"","overlay-type":"","overlay-color":"","overlay-gradient":""},"mobile":{"background-color":"var(--ast-global-color-5)","background-image":"","background-repeat":"repeat","background-position":"center center","background-size":"auto","background-attachment":"scroll","background-type":"","background-media":"","overlay-type":"","overlay-color":"","overlay-gradient":""}}},"product_cat":[53],"product_tag":[],"class_list":{"0":"post-1555","1":"product","2":"type-product","3":"status-publish","4":"has-post-thumbnail","6":"product_cat-oushi","7":"desktop-align-left","8":"tablet-align-left","9":"mobile-align-left","11":"first","12":"instock","13":"shipping-taxable","14":"product-type-simple"},"_links":{"self":[{"href":"https:\/\/www.xminsulation.com\/fr\/wp-json\/wp\/v2\/product\/1555","targetHints":{"allow":["GET"]}}],"collection":[{"href":"https:\/\/www.xminsulation.com\/fr\/wp-json\/wp\/v2\/product"}],"about":[{"href":"https:\/\/www.xminsulation.com\/fr\/wp-json\/wp\/v2\/types\/product"}],"wp:featuredmedia":[{"embeddable":true,"href":"https:\/\/www.xminsulation.com\/fr\/wp-json\/wp\/v2\/media\/1556"}],"wp:attachment":[{"href":"https:\/\/www.xminsulation.com\/fr\/wp-json\/wp\/v2\/media?parent=1555"}],"wp:term":[{"taxonomy":"product_cat","embeddable":true,"href":"https:\/\/www.xminsulation.com\/fr\/wp-json\/wp\/v2\/product_cat?post=1555"},{"taxonomy":"product_tag","embeddable":true,"href":"https:\/\/www.xminsulation.com\/fr\/wp-json\/wp\/v2\/product_tag?post=1555"}],"curies":[{"name":"wp","href":"https:\/\/api.w.org\/{rel}","templated":true}]}}