{"id":1538,"date":"2024-05-07T17:48:57","date_gmt":"2024-05-07T09:48:57","guid":{"rendered":"http:\/\/www.xminsulation.com\/?post_type=product&#038;p=1538"},"modified":"2024-05-15T16:07:16","modified_gmt":"2024-05-15T08:07:16","slug":"zt-25kv-200a-elbow-cable-connector","status":"publish","type":"product","link":"https:\/\/www.xminsulation.com\/fr\/product\/zt-25kv-200a-elbow-cable-connector\/","title":{"rendered":"Connecteur de c\u00e2ble coud\u00e9 ZT-25kV-200A"},"content":{"rendered":"<p><img fetchpriority=\"high\" decoding=\"async\" class=\"alignnone wp-image-1540 size-full\" src=\"http:\/\/www.xminsulation.com\/wp-content\/uploads\/2024\/05\/\u56fe\u7247297-1.png\" alt=\"\" width=\"739\" height=\"739\" srcset=\"https:\/\/www.xminsulation.com\/wp-content\/uploads\/2024\/05\/\u56fe\u7247297-1.png 739w, https:\/\/www.xminsulation.com\/wp-content\/uploads\/2024\/05\/\u56fe\u7247297-1-300x300.png 300w, https:\/\/www.xminsulation.com\/wp-content\/uploads\/2024\/05\/\u56fe\u7247297-1-150x150.png 150w, https:\/\/www.xminsulation.com\/wp-content\/uploads\/2024\/05\/\u56fe\u7247297-1-600x600.png 600w, https:\/\/www.xminsulation.com\/wp-content\/uploads\/2024\/05\/\u56fe\u7247297-1-100x100.png 100w\" sizes=\"(max-width: 739px) 100vw, 739px\" \/><\/p>\n<h2><strong><b>Informations g\u00e9n\u00e9rales<\/b><\/strong><\/h2>\n<p>Le connecteur coud\u00e9 de coupure de charge 25 kV 200 A est une terminaison enfichable enti\u00e8rement blind\u00e9e et isol\u00e9e pour le raccordement de c\u00e2bles souterrains au r\u00e9seau de distribution \u00e9lectrique (transformateur \u00e0 plots, bo\u00eetier de d\u00e9rivation d&#039;alimentation \u00e9lectrique environnant, bo\u00eetier de d\u00e9rivation de c\u00e2bles \u00e9quip\u00e9 de travers\u00e9es de coupure de charge). Le connecteur coud\u00e9 et l&#039;insert de travers\u00e9e sont les composants essentiels de toute connexion de coupure de charge. Il r\u00e9pond aux exigences des lignes nucl\u00e9aires.<\/p>\n<p>Les coudes de coupure de charge sont moul\u00e9s avec une isolation au soufre de haute qualit\u00e9 et du caoutchouc EPDM semi-conducteur. Ils sont \u00e9quip\u00e9s en standard d&#039;un connecteur Coppertop, d&#039;une sonde de coupure de charge en cuivre \u00e9tam\u00e9 avec pointe suiveuse d&#039;arc ablative et \u0153illet de traction renforc\u00e9 en acier inoxydable. Une pointe de test capacitive en plastique r\u00e9sistant \u00e0 la corrosion est disponible en option pour une utilisation avec des indicateurs de d\u00e9faut. La section du conducteur disponible est de 25 \u00e0 150 mm\u00b2 pour un c\u00e2ble de 25 kV. Le p\u00f4le conducteur avec fonction d&#039;extinction d&#039;arc.<\/p>\n<p><img decoding=\"async\" class=\"alignnone wp-image-1541 size-full\" src=\"http:\/\/www.xminsulation.com\/wp-content\/uploads\/2024\/05\/\u56fe\u7247298.png\" alt=\"\" width=\"414\" height=\"633\" srcset=\"https:\/\/www.xminsulation.com\/wp-content\/uploads\/2024\/05\/\u56fe\u7247298.png 414w, https:\/\/www.xminsulation.com\/wp-content\/uploads\/2024\/05\/\u56fe\u7247298-196x300.png 196w\" sizes=\"(max-width: 414px) 100vw, 414px\" \/> <img decoding=\"async\" class=\"alignnone wp-image-1542 size-full\" src=\"http:\/\/www.xminsulation.com\/wp-content\/uploads\/2024\/05\/\u56fe\u7247299.png\" alt=\"\" width=\"356\" height=\"618\" srcset=\"https:\/\/www.xminsulation.com\/wp-content\/uploads\/2024\/05\/\u56fe\u7247299.png 356w, https:\/\/www.xminsulation.com\/wp-content\/uploads\/2024\/05\/\u56fe\u7247299-173x300.png 173w\" sizes=\"(max-width: 356px) 100vw, 356px\" \/><\/p>\n<h2><strong><b>Structure du produit<\/b><\/strong><\/h2>\n<p>1\u3001PULLINGEYE : Acier inoxydable renforc\u00e9 pour les op\u00e9rations de commutation positives du b\u00e2ton de fusil de chasse.<\/p>\n<p>2\u3001ISOLATION : Caoutchouc EPDM de haute qualit\u00e9 formul\u00e9, m\u00e9lang\u00e9 et broy\u00e9 en interne pour des performances sur le terrain constantes et fiables.<\/p>\n<p>3\u3001INSERT SEMI-CONDUCTEUR : Le caoutchouc EPDM de haute qualit\u00e9 cr\u00e9e une surface lisse autour de \u00ab l&#039;\u00e9change de courant \u00bb pour r\u00e9partir uniform\u00e9ment la contrainte \u00e9lectrique dans l&#039;isolation.<\/p>\n<p>4. POINT DE TEST (EN OPTION) : L&#039;\u00e9lectrode conductrice r\u00e9sistante \u00e0 la corrosion fournit une tension capacitive constante pour l&#039;application d&#039;indicateurs de d\u00e9faut et la d\u00e9termination de l&#039;\u00e9tat d&#039;un circuit (capuchon non repr\u00e9sent\u00e9).<\/p>\n<p>5. BLINDAGE SEMI-CONDUCTEUR : Le caoutchouc EPDM de haute qualit\u00e9 fournit un blindage frontal protecteur qui r\u00e9pond aux exigences de la norme IEEE 592.<\/p>\n<p>6\u3001SONDE DE RUPTURE DE CHARGE : Sonde en cuivre \u00e9tam\u00e9 avec pointe ablative d&#039;arc (suiveur d&#039;arc).<\/p>\n<p>7\u3001COSSE DE C\u00c2BLE CONDUCTEUR : Le corps en aluminium soud\u00e9 par inertie et la cosse en cuivre filet\u00e9e facilitent le sertissage et assurent une connexion \u00e9lectrique \u00e9tanche et fiable avec la sonde de coupure de charge.<\/p>\n<p><img loading=\"lazy\" decoding=\"async\" class=\"alignnone wp-image-1543 size-large\" src=\"http:\/\/www.xminsulation.com\/wp-content\/uploads\/2024\/05\/\u56fe\u7247300-1024x541.png\" alt=\"\" width=\"1024\" height=\"541\" srcset=\"https:\/\/www.xminsulation.com\/wp-content\/uploads\/2024\/05\/\u56fe\u7247300-1024x541.png 1024w, https:\/\/www.xminsulation.com\/wp-content\/uploads\/2024\/05\/\u56fe\u7247300-300x159.png 300w, https:\/\/www.xminsulation.com\/wp-content\/uploads\/2024\/05\/\u56fe\u7247300-768x406.png 768w, https:\/\/www.xminsulation.com\/wp-content\/uploads\/2024\/05\/\u56fe\u7247300-600x317.png 600w, https:\/\/www.xminsulation.com\/wp-content\/uploads\/2024\/05\/\u56fe\u7247300.png 1112w\" sizes=\"(max-width: 1024px) 100vw, 1024px\" \/><\/p>\n<p><strong><b>Prise de courant 200A<\/b><\/strong><\/p>\n<p><strong><b>200A Application d&#039;accessoires de c\u00e2bles<\/b><\/strong><\/p>\n<p><img loading=\"lazy\" decoding=\"async\" class=\"alignnone wp-image-1544 size-large\" src=\"http:\/\/www.xminsulation.com\/wp-content\/uploads\/2024\/05\/\u56fe\u7247301-1024x702.png\" alt=\"\" width=\"1024\" height=\"702\" srcset=\"https:\/\/www.xminsulation.com\/wp-content\/uploads\/2024\/05\/\u56fe\u7247301-1024x702.png 1024w, https:\/\/www.xminsulation.com\/wp-content\/uploads\/2024\/05\/\u56fe\u7247301-300x206.png 300w, https:\/\/www.xminsulation.com\/wp-content\/uploads\/2024\/05\/\u56fe\u7247301-768x527.png 768w, https:\/\/www.xminsulation.com\/wp-content\/uploads\/2024\/05\/\u56fe\u7247301-600x412.png 600w, https:\/\/www.xminsulation.com\/wp-content\/uploads\/2024\/05\/\u56fe\u7247301.png 1350w\" sizes=\"(max-width: 1024px) 100vw, 1024px\" \/> <img loading=\"lazy\" decoding=\"async\" class=\"alignnone wp-image-1545 size-large\" src=\"http:\/\/www.xminsulation.com\/wp-content\/uploads\/2024\/05\/\u56fe\u7247302-1024x946.png\" alt=\"\" width=\"1024\" height=\"946\" srcset=\"https:\/\/www.xminsulation.com\/wp-content\/uploads\/2024\/05\/\u56fe\u7247302-1024x946.png 1024w, https:\/\/www.xminsulation.com\/wp-content\/uploads\/2024\/05\/\u56fe\u7247302-300x277.png 300w, https:\/\/www.xminsulation.com\/wp-content\/uploads\/2024\/05\/\u56fe\u7247302-768x709.png 768w, https:\/\/www.xminsulation.com\/wp-content\/uploads\/2024\/05\/\u56fe\u7247302-600x554.png 600w, https:\/\/www.xminsulation.com\/wp-content\/uploads\/2024\/05\/\u56fe\u7247302.png 1350w\" sizes=\"(max-width: 1024px) 100vw, 1024px\" \/><\/p>\n<p>&nbsp;<\/p>\n<div class=\"wxts\">\n<h2>\u25c6Personnalisation sp\u00e9ciale<\/h2>\n<p>Les param\u00e8tres ci-dessus sont des donn\u00e9es typiques\u00a0; si les styles existants ne r\u00e9pondent pas \u00e0 vos demandes sp\u00e9cifiques, veuillez nous contacter pour une conception personnalis\u00e9e. Nous disposons d&#039;importantes comp\u00e9tences en mati\u00e8re de d\u00e9veloppement et de production de personnalisation personnalis\u00e9e, nous permettant de fournir des solutions sur mesure aux clients du monde entier.<\/p>\n<\/div>","protected":false},"excerpt":{"rendered":"<p>General Information 25kV 200A loadbreak Elbow Connector is a fully-shielded and insulated plug- in termination for connecting underground cable to distribution power system of pad-mound transformer, surrounding power supply branch box, cable branch box equipped with loadbreak bushings. The elbow connector and bushing insert comprise the essential components of all loadbreak connections. It can meet [&hellip;]<\/p>","protected":false},"featured_media":1539,"template":"","meta":{"site-sidebar-layout":"default","site-content-layout":"","ast-site-content-layout":"default","site-content-style":"default","site-sidebar-style":"default","ast-global-header-display":"","ast-banner-title-visibility":"","ast-main-header-display":"","ast-hfb-above-header-display":"","ast-hfb-below-header-display":"","ast-hfb-mobile-header-display":"","site-post-title":"","ast-breadcrumbs-content":"","ast-featured-img":"","footer-sml-layout":"","theme-transparent-header-meta":"default","adv-header-id-meta":"","stick-header-meta":"","header-above-stick-meta":"","header-main-stick-meta":"","header-below-stick-meta":"","astra-migrate-meta-layouts":"set","ast-page-background-enabled":"default","ast-page-background-meta":{"desktop":{"background-color":"","background-image":"","background-repeat":"repeat","background-position":"center center","background-size":"auto","background-attachment":"scroll","background-type":"","background-media":"","overlay-type":"","overlay-color":"","overlay-gradient":""},"tablet":{"background-color":"","background-image":"","background-repeat":"repeat","background-position":"center center","background-size":"auto","background-attachment":"scroll","background-type":"","background-media":"","overlay-type":"","overlay-color":"","overlay-gradient":""},"mobile":{"background-color":"","background-image":"","background-repeat":"repeat","background-position":"center center","background-size":"auto","background-attachment":"scroll","background-type":"","background-media":"","overlay-type":"","overlay-color":"","overlay-gradient":""}},"ast-content-background-meta":{"desktop":{"background-color":"var(--ast-global-color-5)","background-image":"","background-repeat":"repeat","background-position":"center center","background-size":"auto","background-attachment":"scroll","background-type":"","background-media":"","overlay-type":"","overlay-color":"","overlay-gradient":""},"tablet":{"background-color":"var(--ast-global-color-5)","background-image":"","background-repeat":"repeat","background-position":"center center","background-size":"auto","background-attachment":"scroll","background-type":"","background-media":"","overlay-type":"","overlay-color":"","overlay-gradient":""},"mobile":{"background-color":"var(--ast-global-color-5)","background-image":"","background-repeat":"repeat","background-position":"center center","background-size":"auto","background-attachment":"scroll","background-type":"","background-media":"","overlay-type":"","overlay-color":"","overlay-gradient":""}}},"product_cat":[52],"product_tag":[],"class_list":{"0":"post-1538","1":"product","2":"type-product","3":"status-publish","4":"has-post-thumbnail","6":"product_cat-meishi","7":"desktop-align-left","8":"tablet-align-left","9":"mobile-align-left","11":"first","12":"instock","13":"shipping-taxable","14":"product-type-simple"},"_links":{"self":[{"href":"https:\/\/www.xminsulation.com\/fr\/wp-json\/wp\/v2\/product\/1538","targetHints":{"allow":["GET"]}}],"collection":[{"href":"https:\/\/www.xminsulation.com\/fr\/wp-json\/wp\/v2\/product"}],"about":[{"href":"https:\/\/www.xminsulation.com\/fr\/wp-json\/wp\/v2\/types\/product"}],"wp:featuredmedia":[{"embeddable":true,"href":"https:\/\/www.xminsulation.com\/fr\/wp-json\/wp\/v2\/media\/1539"}],"wp:attachment":[{"href":"https:\/\/www.xminsulation.com\/fr\/wp-json\/wp\/v2\/media?parent=1538"}],"wp:term":[{"taxonomy":"product_cat","embeddable":true,"href":"https:\/\/www.xminsulation.com\/fr\/wp-json\/wp\/v2\/product_cat?post=1538"},{"taxonomy":"product_tag","embeddable":true,"href":"https:\/\/www.xminsulation.com\/fr\/wp-json\/wp\/v2\/product_tag?post=1538"}],"curies":[{"name":"wp","href":"https:\/\/api.w.org\/{rel}","templated":true}]}}