{"id":1509,"date":"2024-05-07T17:29:35","date_gmt":"2024-05-07T09:29:35","guid":{"rendered":"http:\/\/www.xminsulation.com\/?post_type=product&#038;p=1509"},"modified":"2024-05-15T16:10:29","modified_gmt":"2024-05-15T08:10:29","slug":"dtt-24kv-200a-single-pass-casing-joints","status":"publish","type":"product","link":"https:\/\/www.xminsulation.com\/fr\/product\/dtt-24kv-200a-single-pass-casing-joints\/","title":{"rendered":"Joints de bo\u00eetier \u00e0 passage unique DTT-24kV-200A"},"content":{"rendered":"<p><img fetchpriority=\"high\" decoding=\"async\" class=\"alignnone wp-image-1511 size-full\" src=\"http:\/\/www.xminsulation.com\/wp-content\/uploads\/2024\/05\/\u56fe\u7247279-1.png\" alt=\"\" width=\"497\" height=\"497\" srcset=\"https:\/\/www.xminsulation.com\/wp-content\/uploads\/2024\/05\/\u56fe\u7247279-1.png 497w, https:\/\/www.xminsulation.com\/wp-content\/uploads\/2024\/05\/\u56fe\u7247279-1-300x300.png 300w, https:\/\/www.xminsulation.com\/wp-content\/uploads\/2024\/05\/\u56fe\u7247279-1-150x150.png 150w, https:\/\/www.xminsulation.com\/wp-content\/uploads\/2024\/05\/\u56fe\u7247279-1-100x100.png 100w\" sizes=\"(max-width: 497px) 100vw, 497px\" \/><\/p>\n<h2><strong><b>Informations g\u00e9n\u00e9rales<\/b><\/strong><\/h2>\n<p>Les joints de bo\u00eetier \u00e0 passage unique 24 kV-200 A se vissent dans un puits de travers\u00e9e universel pour assurer la m\u00eame fonction qu&#039;une travers\u00e9e de rupture de charge int\u00e9grale. L&#039;utilisation d&#039;inserts de travers\u00e9e rend l&#039;installation et le remplacement sur le terrain possibles et efficaces. Les inserts de travers\u00e9e et les connecteurs coud\u00e9s constituent les composants essentiels de toutes les connexions de rupture de charge. L&#039;insert de travers\u00e9e utilise un chemin de courant enti\u00e8rement brevet\u00e9, ne contenant qu&#039;un seul point de transfert de courant, au sein de l&#039;insert lui-m\u00eame. La nature simple de la conception du chemin de courant offre des performances sup\u00e9rieures et fiables.<\/p>\n<p>Une broche interne permet une installation contr\u00f4l\u00e9e par couple positif. \u00c0 l&#039;aide de l&#039;outil de couple d&#039;installation en option, l&#039;insert de bague peut \u00eatre correctement serr\u00e9 dans le puits de bague sans craindre de casser accidentellement le goujon du puits de bague. La bague indicatrice de verrouillage exclusive Power, situ\u00e9e sur la circonf\u00e9rence du collier de la bague, \u00e9limine les incertitudes li\u00e9es \u00e0 l&#039;installation du coude de rupture de charge de l&#039;insert de bague.<\/p>\n<p>L&#039;anneau jaune vif fournit une r\u00e9troaction imm\u00e9diate pour d\u00e9terminer si le coude est correctement install\u00e9 sur l&#039;insert.<\/p>\n<p>Les joints de bo\u00eetier \u00e0 passage unique sont moul\u00e9s \u00e0 l&#039;aide d&#039;une isolation au soufre de haute qualit\u00e9 et d&#039;un caoutchouc EPDM semi-conducteur. Lorsqu&#039;il est coupl\u00e9 \u00e0 un composant de puissance nominale comparable, l&#039;insert de bague fournit une connexion enti\u00e8rement blind\u00e9e et submersible pour un fonctionnement en coupure de charge.<\/p>\n<p><img decoding=\"async\" class=\"alignnone wp-image-1512 size-full\" src=\"http:\/\/www.xminsulation.com\/wp-content\/uploads\/2024\/05\/\u56fe\u7247280.png\" alt=\"\" width=\"418\" height=\"1058\" srcset=\"https:\/\/www.xminsulation.com\/wp-content\/uploads\/2024\/05\/\u56fe\u7247280.png 418w, https:\/\/www.xminsulation.com\/wp-content\/uploads\/2024\/05\/\u56fe\u7247280-119x300.png 119w, https:\/\/www.xminsulation.com\/wp-content\/uploads\/2024\/05\/\u56fe\u7247280-405x1024.png 405w\" sizes=\"(max-width: 418px) 100vw, 418px\" \/> <img decoding=\"async\" class=\"alignnone wp-image-1513 size-full\" src=\"http:\/\/www.xminsulation.com\/wp-content\/uploads\/2024\/05\/\u56fe\u7247281.png\" alt=\"\" width=\"1266\" height=\"260\" srcset=\"https:\/\/www.xminsulation.com\/wp-content\/uploads\/2024\/05\/\u56fe\u7247281.png 1266w, https:\/\/www.xminsulation.com\/wp-content\/uploads\/2024\/05\/\u56fe\u7247281-300x62.png 300w, https:\/\/www.xminsulation.com\/wp-content\/uploads\/2024\/05\/\u56fe\u7247281-1024x210.png 1024w, https:\/\/www.xminsulation.com\/wp-content\/uploads\/2024\/05\/\u56fe\u7247281-768x158.png 768w, https:\/\/www.xminsulation.com\/wp-content\/uploads\/2024\/05\/\u56fe\u7247281-600x123.png 600w\" sizes=\"(max-width: 1266px) 100vw, 1266px\" \/><\/p>\n<p>&nbsp;<\/p>\n<div class=\"wxts\">\n<h2>\u25c6Personnalisation sp\u00e9ciale<\/h2>\n<p>Les param\u00e8tres ci-dessus sont des donn\u00e9es typiques\u00a0; si les styles existants ne r\u00e9pondent pas \u00e0 vos demandes sp\u00e9cifiques, veuillez nous contacter pour une conception personnalis\u00e9e. Nous disposons d&#039;importantes comp\u00e9tences en mati\u00e8re de d\u00e9veloppement et de production de personnalisation personnalis\u00e9e, nous permettant de fournir des solutions sur mesure aux clients du monde entier.<\/p>\n<\/div>","protected":false},"excerpt":{"rendered":"<p>General Information 24kV-200A single-pass casing joints threads into a universal bushing well to provide the same function as an integral loadbreak bushing. Using bushing inserts makes field installation and replacement possible and efficient. Bushing inserts and elbow connectors comprise the essential components of all loadbreak connections. The bushing Insert uses a patented wholly current path, [&hellip;]<\/p>","protected":false},"featured_media":1510,"template":"","meta":{"site-sidebar-layout":"default","site-content-layout":"","ast-site-content-layout":"default","site-content-style":"default","site-sidebar-style":"default","ast-global-header-display":"","ast-banner-title-visibility":"","ast-main-header-display":"","ast-hfb-above-header-display":"","ast-hfb-below-header-display":"","ast-hfb-mobile-header-display":"","site-post-title":"","ast-breadcrumbs-content":"","ast-featured-img":"","footer-sml-layout":"","theme-transparent-header-meta":"default","adv-header-id-meta":"","stick-header-meta":"","header-above-stick-meta":"","header-main-stick-meta":"","header-below-stick-meta":"","astra-migrate-meta-layouts":"set","ast-page-background-enabled":"default","ast-page-background-meta":{"desktop":{"background-color":"","background-image":"","background-repeat":"repeat","background-position":"center center","background-size":"auto","background-attachment":"scroll","background-type":"","background-media":"","overlay-type":"","overlay-color":"","overlay-gradient":""},"tablet":{"background-color":"","background-image":"","background-repeat":"repeat","background-position":"center center","background-size":"auto","background-attachment":"scroll","background-type":"","background-media":"","overlay-type":"","overlay-color":"","overlay-gradient":""},"mobile":{"background-color":"","background-image":"","background-repeat":"repeat","background-position":"center center","background-size":"auto","background-attachment":"scroll","background-type":"","background-media":"","overlay-type":"","overlay-color":"","overlay-gradient":""}},"ast-content-background-meta":{"desktop":{"background-color":"var(--ast-global-color-5)","background-image":"","background-repeat":"repeat","background-position":"center center","background-size":"auto","background-attachment":"scroll","background-type":"","background-media":"","overlay-type":"","overlay-color":"","overlay-gradient":""},"tablet":{"background-color":"var(--ast-global-color-5)","background-image":"","background-repeat":"repeat","background-position":"center center","background-size":"auto","background-attachment":"scroll","background-type":"","background-media":"","overlay-type":"","overlay-color":"","overlay-gradient":""},"mobile":{"background-color":"var(--ast-global-color-5)","background-image":"","background-repeat":"repeat","background-position":"center center","background-size":"auto","background-attachment":"scroll","background-type":"","background-media":"","overlay-type":"","overlay-color":"","overlay-gradient":""}}},"product_cat":[52],"product_tag":[],"class_list":{"0":"post-1509","1":"product","2":"type-product","3":"status-publish","4":"has-post-thumbnail","6":"product_cat-meishi","7":"desktop-align-left","8":"tablet-align-left","9":"mobile-align-left","11":"first","12":"instock","13":"shipping-taxable","14":"product-type-simple"},"_links":{"self":[{"href":"https:\/\/www.xminsulation.com\/fr\/wp-json\/wp\/v2\/product\/1509","targetHints":{"allow":["GET"]}}],"collection":[{"href":"https:\/\/www.xminsulation.com\/fr\/wp-json\/wp\/v2\/product"}],"about":[{"href":"https:\/\/www.xminsulation.com\/fr\/wp-json\/wp\/v2\/types\/product"}],"wp:featuredmedia":[{"embeddable":true,"href":"https:\/\/www.xminsulation.com\/fr\/wp-json\/wp\/v2\/media\/1510"}],"wp:attachment":[{"href":"https:\/\/www.xminsulation.com\/fr\/wp-json\/wp\/v2\/media?parent=1509"}],"wp:term":[{"taxonomy":"product_cat","embeddable":true,"href":"https:\/\/www.xminsulation.com\/fr\/wp-json\/wp\/v2\/product_cat?post=1509"},{"taxonomy":"product_tag","embeddable":true,"href":"https:\/\/www.xminsulation.com\/fr\/wp-json\/wp\/v2\/product_tag?post=1509"}],"curies":[{"name":"wp","href":"https:\/\/api.w.org\/{rel}","templated":true}]}}