{"id":1503,"date":"2024-05-07T17:27:22","date_gmt":"2024-05-07T09:27:22","guid":{"rendered":"http:\/\/www.xminsulation.com\/?post_type=product&#038;p=1503"},"modified":"2024-05-15T16:12:35","modified_gmt":"2024-05-15T08:12:35","slug":"jdzt-15kv-200a-grounding-elbow","status":"publish","type":"product","link":"https:\/\/www.xminsulation.com\/fr\/product\/jdzt-15kv-200a-grounding-elbow\/","title":{"rendered":"Coude de mise \u00e0 la terre JDZT-15kV-200A"},"content":{"rendered":"<p><img fetchpriority=\"high\" decoding=\"async\" class=\"alignnone wp-image-1505 size-full\" src=\"http:\/\/www.xminsulation.com\/wp-content\/uploads\/2024\/05\/\u56fe\u7247276-1.jpg\" alt=\"\" width=\"427\" height=\"427\" srcset=\"https:\/\/www.xminsulation.com\/wp-content\/uploads\/2024\/05\/\u56fe\u7247276-1.jpg 427w, https:\/\/www.xminsulation.com\/wp-content\/uploads\/2024\/05\/\u56fe\u7247276-1-300x300.jpg 300w, https:\/\/www.xminsulation.com\/wp-content\/uploads\/2024\/05\/\u56fe\u7247276-1-150x150.jpg 150w, https:\/\/www.xminsulation.com\/wp-content\/uploads\/2024\/05\/\u56fe\u7247276-1-100x100.jpg 100w\" sizes=\"(max-width: 427px) 100vw, 427px\" \/><\/p>\n<h2><strong><b>Informations g\u00e9n\u00e9rales<\/b><\/strong><strong><b>\u00a0<\/b><\/strong><\/h2>\n<p>Le coude de mise \u00e0 la terre 15 kV 200 A est le meilleur choix pour les syst\u00e8mes d&#039;alimentation souterrains. Il peut fournir une ligne de sortie de mise \u00e0 la terre pour v\u00e9rifier le c\u00e2ble dans l&#039;application pratique ou l&#039;examen.<\/p>\n<p>Le coude de mise \u00e0 la terre peut \u00eatre utilis\u00e9 seul ou connect\u00e9 \u00e0 un insert de travers\u00e9e, un insert de travers\u00e9e rotatif du transformateur mont\u00e9 sur socle et \u00e0 l&#039;armoire d&#039;alimentation environnante, ce qui pourrait structurer un point de mise \u00e0 la terre visible.<\/p>\n<p>Le coude de mise \u00e0 la terre est compos\u00e9 d&#039;un contact conducteur en cuivre, d&#039;un connecteur \u00e0 compression en cuivre et d&#039;un caoutchouc isolant anti-vieillissement hautement isolant. Ces \u00e9l\u00e9ments assurent un blindage complet. Un c\u00e2ble de mise \u00e0 la terre de 2 m\u00e8tres est connect\u00e9 \u00e0 son extr\u00e9mit\u00e9. L&#039;isolation du blindage ext\u00e9rieur du c\u00e2ble de mise \u00e0 la terre \u00e9tant de 600 V, veuillez le v\u00e9rifier en hauteur.<\/p>\n<p><img decoding=\"async\" class=\"alignnone wp-image-1506 size-full\" src=\"http:\/\/www.xminsulation.com\/wp-content\/uploads\/2024\/05\/\u56fe\u7247277.png\" alt=\"\" width=\"546\" height=\"996\" srcset=\"https:\/\/www.xminsulation.com\/wp-content\/uploads\/2024\/05\/\u56fe\u7247277.png 546w, https:\/\/www.xminsulation.com\/wp-content\/uploads\/2024\/05\/\u56fe\u7247277-164x300.png 164w\" sizes=\"(max-width: 546px) 100vw, 546px\" \/><\/p>\n<h2><strong><b>Structure du produit<\/b><\/strong><\/h2>\n<ol>\n<li>le fonctionnement de l&#039;anneau : r\u00e9alis\u00e9 en anneau en acier inoxydable, l&#039;utilisation de garanties et d&#039;une tige de fonctionnement isol\u00e9e supportant.<\/li>\n<\/ol>\n<p>2. borne \u00e0 sertir en cuivre : produits et c\u00e2ble \u00e9troitement connect\u00e9s.<\/p>\n<p>3. la couche isolante : une formulation unique et une technologie de m\u00e9lange pour garantir l&#039;excellente qualit\u00e9 du caoutchouc isolant EPDM pr\u00e9fabriqu\u00e9.<\/p>\n<p>4. une couche semi-conductrice interne : caoutchouc conducteur EPDM pr\u00e9fabriqu\u00e9 pour un contr\u00f4le efficace des contraintes \u00e9lectriques.<\/p>\n<p>C\u00e2ble monoconducteur 5.600V : tension de 600V, mise \u00e0 la terre efficace.<\/p>\n<p>6. tige d&#039;insertion d&#039;arc : barre conductrice en cuivre \u00e9tam\u00e9 avec fonction de suppression d&#039;arc.<\/p>\n<p><img decoding=\"async\" class=\"alignnone wp-image-1507 size-large\" src=\"http:\/\/www.xminsulation.com\/wp-content\/uploads\/2024\/05\/\u56fe\u7247278-1024x181.png\" alt=\"\" width=\"1024\" height=\"181\" srcset=\"https:\/\/www.xminsulation.com\/wp-content\/uploads\/2024\/05\/\u56fe\u7247278-1024x181.png 1024w, https:\/\/www.xminsulation.com\/wp-content\/uploads\/2024\/05\/\u56fe\u7247278-300x53.png 300w, https:\/\/www.xminsulation.com\/wp-content\/uploads\/2024\/05\/\u56fe\u7247278-768x136.png 768w, https:\/\/www.xminsulation.com\/wp-content\/uploads\/2024\/05\/\u56fe\u7247278-600x106.png 600w, https:\/\/www.xminsulation.com\/wp-content\/uploads\/2024\/05\/\u56fe\u7247278.png 1502w\" sizes=\"(max-width: 1024px) 100vw, 1024px\" \/><\/p>\n<p>&nbsp;<\/p>\n<div class=\"wxts\">\n<h2>\u25c6Personnalisation sp\u00e9ciale<\/h2>\n<p>Les param\u00e8tres ci-dessus sont des donn\u00e9es typiques\u00a0; si les styles existants ne r\u00e9pondent pas \u00e0 vos demandes sp\u00e9cifiques, veuillez nous contacter pour une conception personnalis\u00e9e. Nous disposons d&#039;importantes comp\u00e9tences en mati\u00e8re de d\u00e9veloppement et de production de personnalisation personnalis\u00e9e, nous permettant de fournir des solutions sur mesure aux clients du monde entier.<\/p>\n<\/div>","protected":false},"excerpt":{"rendered":"<p>General Information\u00a0 15kV 200A Grounding Elbow is the best choice for subterranean power systems.It can provide an grounding outgoing line for checking up the cable in the practical application or examination. Grounding Elbow could use alone or connect with Bushing Insert, Rotatable Feedthru Insert of pad mounted transformer and surrounding power supply cabinet,which could structure [&hellip;]<\/p>","protected":false},"featured_media":1504,"template":"","meta":{"site-sidebar-layout":"default","site-content-layout":"","ast-site-content-layout":"default","site-content-style":"default","site-sidebar-style":"default","ast-global-header-display":"","ast-banner-title-visibility":"","ast-main-header-display":"","ast-hfb-above-header-display":"","ast-hfb-below-header-display":"","ast-hfb-mobile-header-display":"","site-post-title":"","ast-breadcrumbs-content":"","ast-featured-img":"","footer-sml-layout":"","theme-transparent-header-meta":"default","adv-header-id-meta":"","stick-header-meta":"","header-above-stick-meta":"","header-main-stick-meta":"","header-below-stick-meta":"","astra-migrate-meta-layouts":"set","ast-page-background-enabled":"default","ast-page-background-meta":{"desktop":{"background-color":"","background-image":"","background-repeat":"repeat","background-position":"center center","background-size":"auto","background-attachment":"scroll","background-type":"","background-media":"","overlay-type":"","overlay-color":"","overlay-gradient":""},"tablet":{"background-color":"","background-image":"","background-repeat":"repeat","background-position":"center center","background-size":"auto","background-attachment":"scroll","background-type":"","background-media":"","overlay-type":"","overlay-color":"","overlay-gradient":""},"mobile":{"background-color":"","background-image":"","background-repeat":"repeat","background-position":"center center","background-size":"auto","background-attachment":"scroll","background-type":"","background-media":"","overlay-type":"","overlay-color":"","overlay-gradient":""}},"ast-content-background-meta":{"desktop":{"background-color":"var(--ast-global-color-5)","background-image":"","background-repeat":"repeat","background-position":"center center","background-size":"auto","background-attachment":"scroll","background-type":"","background-media":"","overlay-type":"","overlay-color":"","overlay-gradient":""},"tablet":{"background-color":"var(--ast-global-color-5)","background-image":"","background-repeat":"repeat","background-position":"center center","background-size":"auto","background-attachment":"scroll","background-type":"","background-media":"","overlay-type":"","overlay-color":"","overlay-gradient":""},"mobile":{"background-color":"var(--ast-global-color-5)","background-image":"","background-repeat":"repeat","background-position":"center center","background-size":"auto","background-attachment":"scroll","background-type":"","background-media":"","overlay-type":"","overlay-color":"","overlay-gradient":""}}},"product_cat":[52],"product_tag":[],"class_list":{"0":"post-1503","1":"product","2":"type-product","3":"status-publish","4":"has-post-thumbnail","6":"product_cat-meishi","7":"desktop-align-left","8":"tablet-align-left","9":"mobile-align-left","11":"first","12":"instock","13":"shipping-taxable","14":"product-type-simple"},"_links":{"self":[{"href":"https:\/\/www.xminsulation.com\/fr\/wp-json\/wp\/v2\/product\/1503","targetHints":{"allow":["GET"]}}],"collection":[{"href":"https:\/\/www.xminsulation.com\/fr\/wp-json\/wp\/v2\/product"}],"about":[{"href":"https:\/\/www.xminsulation.com\/fr\/wp-json\/wp\/v2\/types\/product"}],"wp:featuredmedia":[{"embeddable":true,"href":"https:\/\/www.xminsulation.com\/fr\/wp-json\/wp\/v2\/media\/1504"}],"wp:attachment":[{"href":"https:\/\/www.xminsulation.com\/fr\/wp-json\/wp\/v2\/media?parent=1503"}],"wp:term":[{"taxonomy":"product_cat","embeddable":true,"href":"https:\/\/www.xminsulation.com\/fr\/wp-json\/wp\/v2\/product_cat?post=1503"},{"taxonomy":"product_tag","embeddable":true,"href":"https:\/\/www.xminsulation.com\/fr\/wp-json\/wp\/v2\/product_tag?post=1503"}],"curies":[{"name":"wp","href":"https:\/\/api.w.org\/{rel}","templated":true}]}}