{"id":1489,"date":"2024-05-07T17:22:05","date_gmt":"2024-05-07T09:22:05","guid":{"rendered":"http:\/\/www.xminsulation.com\/?post_type=product&#038;p=1489"},"modified":"2024-05-15T16:14:18","modified_gmt":"2024-05-15T08:14:18","slug":"jctgz-15kv-200a-insulated-bushing-extenders","status":"publish","type":"product","link":"https:\/\/www.xminsulation.com\/fr\/product\/jctgz-15kv-200a-insulated-bushing-extenders\/","title":{"rendered":"Rallonges de travers\u00e9e isol\u00e9es JCTGZ-15kV-200A"},"content":{"rendered":"<p><img fetchpriority=\"high\" decoding=\"async\" class=\"alignnone wp-image-1491 size-full\" src=\"http:\/\/www.xminsulation.com\/wp-content\/uploads\/2024\/05\/\u56fe\u7247267-1.png\" alt=\"\" width=\"463\" height=\"463\" srcset=\"https:\/\/www.xminsulation.com\/wp-content\/uploads\/2024\/05\/\u56fe\u7247267-1.png 463w, https:\/\/www.xminsulation.com\/wp-content\/uploads\/2024\/05\/\u56fe\u7247267-1-300x300.png 300w, https:\/\/www.xminsulation.com\/wp-content\/uploads\/2024\/05\/\u56fe\u7247267-1-150x150.png 150w, https:\/\/www.xminsulation.com\/wp-content\/uploads\/2024\/05\/\u56fe\u7247267-1-100x100.png 100w\" sizes=\"(max-width: 463px) 100vw, 463px\" \/><\/p>\n<h2><strong><b>Informations g\u00e9n\u00e9rales<\/b><\/strong><\/h2>\n<p>Prolongateurs de travers\u00e9e isol\u00e9s 15 kV 200 A con\u00e7us pour les transformateurs, les armoires d&#039;alimentation ext\u00e9rieures et les armoires de commutation. Isolation pour ligne de d\u00e9part 200 A. Le prolongateur de travers\u00e9e isol\u00e9 200 A 15 kV se connecte \u00e0 un connecteur de travers\u00e9e simple, un connecteur de travers\u00e9e double et un connecteur de travers\u00e9e simple pour parafoudre.<\/p>\n<p>Le puits de travers\u00e9e est moul\u00e9 \u00e0 l&#039;aide d&#039;un mat\u00e9riau isolant EPDM de haute qualit\u00e9. Lorsqu&#039;il est associ\u00e9 \u00e0 des produits de qualit\u00e9 comparable, il fournit une connexion isolante enti\u00e8rement blind\u00e9e.<\/p>\n<p><img decoding=\"async\" class=\"alignnone wp-image-1492 size-full\" src=\"http:\/\/www.xminsulation.com\/wp-content\/uploads\/2024\/05\/\u56fe\u7247268.png\" alt=\"\" width=\"299\" height=\"668\" srcset=\"https:\/\/www.xminsulation.com\/wp-content\/uploads\/2024\/05\/\u56fe\u7247268.png 299w, https:\/\/www.xminsulation.com\/wp-content\/uploads\/2024\/05\/\u56fe\u7247268-134x300.png 134w\" sizes=\"(max-width: 299px) 100vw, 299px\" \/> <img decoding=\"async\" class=\"alignnone wp-image-1493 size-full\" src=\"http:\/\/www.xminsulation.com\/wp-content\/uploads\/2024\/05\/\u56fe\u7247269.png\" alt=\"\" width=\"651\" height=\"392\" srcset=\"https:\/\/www.xminsulation.com\/wp-content\/uploads\/2024\/05\/\u56fe\u7247269.png 651w, https:\/\/www.xminsulation.com\/wp-content\/uploads\/2024\/05\/\u56fe\u7247269-300x181.png 300w, https:\/\/www.xminsulation.com\/wp-content\/uploads\/2024\/05\/\u56fe\u7247269-600x361.png 600w\" sizes=\"(max-width: 651px) 100vw, 651px\" \/> <img loading=\"lazy\" decoding=\"async\" class=\"alignnone wp-image-1494 size-full\" src=\"http:\/\/www.xminsulation.com\/wp-content\/uploads\/2024\/05\/\u56fe\u7247270.png\" alt=\"\" width=\"237\" height=\"532\" srcset=\"https:\/\/www.xminsulation.com\/wp-content\/uploads\/2024\/05\/\u56fe\u7247270.png 237w, https:\/\/www.xminsulation.com\/wp-content\/uploads\/2024\/05\/\u56fe\u7247270-134x300.png 134w\" sizes=\"(max-width: 237px) 100vw, 237px\" \/><\/p>\n<h2><strong><b>Structure du produit<\/b><\/strong><\/h2>\n<ol>\n<li>Rainure de bague d&#039;\u00e9tanch\u00e9it\u00e9 : utilis\u00e9e pour placer des bagues d&#039;\u00e9tanch\u00e9it\u00e9 pour isoler et sceller efficacement.<\/li>\n<li>Le corps du support de manchon allong\u00e9 : fabriqu\u00e9 en r\u00e9sine \u00e9poxy gr\u00e2ce au proc\u00e9d\u00e9 APG, pr\u00e9sente de bonnes propri\u00e9t\u00e9s m\u00e9caniques et \u00e9lectriques.<\/li>\n<li>Tige conductrice : La tige conductrice en cuivre trait\u00e9e avec une technologie sp\u00e9ciale peut \u00eatre combin\u00e9e de mani\u00e8re stable avec de la r\u00e9sine \u00e9poxy et pr\u00e9sente une bonne conductivit\u00e9.<\/li>\n<\/ol>\n<p><strong><b> <img loading=\"lazy\" decoding=\"async\" class=\"alignnone wp-image-1495 size-full\" src=\"http:\/\/www.xminsulation.com\/wp-content\/uploads\/2024\/05\/\u56fe\u7247271.png\" alt=\"\" width=\"1016\" height=\"240\" srcset=\"https:\/\/www.xminsulation.com\/wp-content\/uploads\/2024\/05\/\u56fe\u7247271.png 1016w, https:\/\/www.xminsulation.com\/wp-content\/uploads\/2024\/05\/\u56fe\u7247271-300x71.png 300w, https:\/\/www.xminsulation.com\/wp-content\/uploads\/2024\/05\/\u56fe\u7247271-768x181.png 768w, https:\/\/www.xminsulation.com\/wp-content\/uploads\/2024\/05\/\u56fe\u7247271-600x142.png 600w\" sizes=\"(max-width: 1016px) 100vw, 1016px\" \/><\/b><\/strong><\/p>\n<p><strong><b>\u00a0<\/b><\/strong><\/p>\n<div class=\"wxts\">\n<h2>\u25c6Personnalisation sp\u00e9ciale<\/h2>\n<p>Les param\u00e8tres ci-dessus sont des donn\u00e9es typiques\u00a0; si les styles existants ne r\u00e9pondent pas \u00e0 vos demandes sp\u00e9cifiques, veuillez nous contacter pour une conception personnalis\u00e9e. Nous disposons d&#039;importantes comp\u00e9tences en mati\u00e8re de d\u00e9veloppement et de production de personnalisation personnalis\u00e9e, nous permettant de fournir des solutions sur mesure aux clients du monde entier.<\/p>\n<\/div>","protected":false},"excerpt":{"rendered":"<p>General Information 15kV 200A insulated bushing extenders designed for transformers, outdoor surrounding cable supply cabinet and switch cabinet. Insulated for the 200A outgoing line. 200A 15kV Insulated Bushing Extender connect with single pass bushing connector, two-way bushing connector and single pass bushing connector for surge arrester. The Bushing Well is molded using high quality insulating [&hellip;]<\/p>","protected":false},"featured_media":1490,"template":"","meta":{"site-sidebar-layout":"default","site-content-layout":"","ast-site-content-layout":"default","site-content-style":"default","site-sidebar-style":"default","ast-global-header-display":"","ast-banner-title-visibility":"","ast-main-header-display":"","ast-hfb-above-header-display":"","ast-hfb-below-header-display":"","ast-hfb-mobile-header-display":"","site-post-title":"","ast-breadcrumbs-content":"","ast-featured-img":"","footer-sml-layout":"","theme-transparent-header-meta":"default","adv-header-id-meta":"","stick-header-meta":"","header-above-stick-meta":"","header-main-stick-meta":"","header-below-stick-meta":"","astra-migrate-meta-layouts":"set","ast-page-background-enabled":"default","ast-page-background-meta":{"desktop":{"background-color":"","background-image":"","background-repeat":"repeat","background-position":"center center","background-size":"auto","background-attachment":"scroll","background-type":"","background-media":"","overlay-type":"","overlay-color":"","overlay-gradient":""},"tablet":{"background-color":"","background-image":"","background-repeat":"repeat","background-position":"center center","background-size":"auto","background-attachment":"scroll","background-type":"","background-media":"","overlay-type":"","overlay-color":"","overlay-gradient":""},"mobile":{"background-color":"","background-image":"","background-repeat":"repeat","background-position":"center center","background-size":"auto","background-attachment":"scroll","background-type":"","background-media":"","overlay-type":"","overlay-color":"","overlay-gradient":""}},"ast-content-background-meta":{"desktop":{"background-color":"var(--ast-global-color-5)","background-image":"","background-repeat":"repeat","background-position":"center center","background-size":"auto","background-attachment":"scroll","background-type":"","background-media":"","overlay-type":"","overlay-color":"","overlay-gradient":""},"tablet":{"background-color":"var(--ast-global-color-5)","background-image":"","background-repeat":"repeat","background-position":"center center","background-size":"auto","background-attachment":"scroll","background-type":"","background-media":"","overlay-type":"","overlay-color":"","overlay-gradient":""},"mobile":{"background-color":"var(--ast-global-color-5)","background-image":"","background-repeat":"repeat","background-position":"center center","background-size":"auto","background-attachment":"scroll","background-type":"","background-media":"","overlay-type":"","overlay-color":"","overlay-gradient":""}}},"product_cat":[52],"product_tag":[],"class_list":{"0":"post-1489","1":"product","2":"type-product","3":"status-publish","4":"has-post-thumbnail","6":"product_cat-meishi","7":"desktop-align-left","8":"tablet-align-left","9":"mobile-align-left","11":"first","12":"instock","13":"shipping-taxable","14":"product-type-simple"},"_links":{"self":[{"href":"https:\/\/www.xminsulation.com\/fr\/wp-json\/wp\/v2\/product\/1489","targetHints":{"allow":["GET"]}}],"collection":[{"href":"https:\/\/www.xminsulation.com\/fr\/wp-json\/wp\/v2\/product"}],"about":[{"href":"https:\/\/www.xminsulation.com\/fr\/wp-json\/wp\/v2\/types\/product"}],"wp:featuredmedia":[{"embeddable":true,"href":"https:\/\/www.xminsulation.com\/fr\/wp-json\/wp\/v2\/media\/1490"}],"wp:attachment":[{"href":"https:\/\/www.xminsulation.com\/fr\/wp-json\/wp\/v2\/media?parent=1489"}],"wp:term":[{"taxonomy":"product_cat","embeddable":true,"href":"https:\/\/www.xminsulation.com\/fr\/wp-json\/wp\/v2\/product_cat?post=1489"},{"taxonomy":"product_tag","embeddable":true,"href":"https:\/\/www.xminsulation.com\/fr\/wp-json\/wp\/v2\/product_tag?post=1489"}],"curies":[{"name":"wp","href":"https:\/\/api.w.org\/{rel}","templated":true}]}}