{"id":1429,"date":"2024-05-07T16:55:11","date_gmt":"2024-05-07T08:55:11","guid":{"rendered":"http:\/\/www.xminsulation.com\/?post_type=product&#038;p=1429"},"modified":"2024-05-15T16:23:02","modified_gmt":"2024-05-15T08:23:02","slug":"ymp-15kv-200a-630a-special-shaped-busbar","status":"publish","type":"product","link":"https:\/\/www.xminsulation.com\/fr\/product\/ymp-15kv-200a-630a-special-shaped-busbar\/","title":{"rendered":"Jeu de barres de forme sp\u00e9ciale YMP-15kV 200A-630A"},"content":{"rendered":"<p><img fetchpriority=\"high\" decoding=\"async\" class=\"alignnone wp-image-1431 size-full\" src=\"http:\/\/www.xminsulation.com\/wp-content\/uploads\/2024\/05\/\u56fe\u7247228-1.jpg\" alt=\"\" width=\"467\" height=\"467\" srcset=\"https:\/\/www.xminsulation.com\/wp-content\/uploads\/2024\/05\/\u56fe\u7247228-1.jpg 467w, https:\/\/www.xminsulation.com\/wp-content\/uploads\/2024\/05\/\u56fe\u7247228-1-300x300.jpg 300w, https:\/\/www.xminsulation.com\/wp-content\/uploads\/2024\/05\/\u56fe\u7247228-1-150x150.jpg 150w, https:\/\/www.xminsulation.com\/wp-content\/uploads\/2024\/05\/\u56fe\u7247228-1-100x100.jpg 100w\" sizes=\"(max-width: 467px) 100vw, 467px\" \/><\/p>\n<h2><strong><b>Informations g\u00e9n\u00e9rales<\/b><\/strong><\/h2>\n<p>Le jeu de barres de forme sp\u00e9ciale 200 A\/600 A est utilis\u00e9 dans les bo\u00eetes de d\u00e9rivation de c\u00e2bles avec interrupteurs de charge SF6 ou disjoncteurs \u00e0 vide. Sa structure est flexible et adaptable pour s&#039;adapter \u00e0 diff\u00e9rents modes de c\u00e2blage. Il est disponible en versions europ\u00e9enne et am\u00e9ricaine, avec deux, trois et quatre voies, combinables. Il est \u00e9quip\u00e9 de connecteurs 200 A, 600 A, hybrides 600 A et 200 A, et d&#039;un connecteur europ\u00e9en 630 A. Il peut \u00eatre connect\u00e9 \u00e0 la borne de l&#039;interrupteur via un connecteur crois\u00e9 et un connecteur en T pour une isolation et une \u00e9tanch\u00e9it\u00e9 parfaites.<\/p>\n<p><img decoding=\"async\" class=\"alignnone wp-image-1432 size-full\" src=\"http:\/\/www.xminsulation.com\/wp-content\/uploads\/2024\/05\/\u56fe\u7247229.png\" alt=\"\" width=\"964\" height=\"1052\" srcset=\"https:\/\/www.xminsulation.com\/wp-content\/uploads\/2024\/05\/\u56fe\u7247229.png 964w, https:\/\/www.xminsulation.com\/wp-content\/uploads\/2024\/05\/\u56fe\u7247229-275x300.png 275w, https:\/\/www.xminsulation.com\/wp-content\/uploads\/2024\/05\/\u56fe\u7247229-938x1024.png 938w, https:\/\/www.xminsulation.com\/wp-content\/uploads\/2024\/05\/\u56fe\u7247229-768x838.png 768w, https:\/\/www.xminsulation.com\/wp-content\/uploads\/2024\/05\/\u56fe\u7247229-600x655.png 600w\" sizes=\"(max-width: 964px) 100vw, 964px\" \/><\/p>\n<p>&nbsp;<\/p>\n<p>&nbsp;<\/p>\n<div class=\"wxts\">\n<h2>\u25c6Personnalisation sp\u00e9ciale<\/h2>\n<p>Les param\u00e8tres ci-dessus sont des donn\u00e9es typiques\u00a0; si les styles existants ne r\u00e9pondent pas \u00e0 vos demandes sp\u00e9cifiques, veuillez nous contacter pour une conception personnalis\u00e9e. Nous disposons d&#039;importantes comp\u00e9tences en mati\u00e8re de d\u00e9veloppement et de production de personnalisation personnalis\u00e9e, nous permettant de fournir des solutions sur mesure aux clients du monde entier.<\/p>\n<\/div>","protected":false},"excerpt":{"rendered":"<p>General Information 200A\/600A special-shaped busbar is used in cable branch boxes with SF6 load switches or vacuum circuit breakers. The structure is flexible and changeable to meet various wiring methods. It is divided into European and American styles, with two-way, three-way and four-way, which can be combined. It has 200 connectors, 600 connectors, 600A, 200A [&hellip;]<\/p>","protected":false},"featured_media":1430,"template":"","meta":{"site-sidebar-layout":"default","site-content-layout":"","ast-site-content-layout":"default","site-content-style":"default","site-sidebar-style":"default","ast-global-header-display":"","ast-banner-title-visibility":"","ast-main-header-display":"","ast-hfb-above-header-display":"","ast-hfb-below-header-display":"","ast-hfb-mobile-header-display":"","site-post-title":"","ast-breadcrumbs-content":"","ast-featured-img":"","footer-sml-layout":"","theme-transparent-header-meta":"default","adv-header-id-meta":"","stick-header-meta":"","header-above-stick-meta":"","header-main-stick-meta":"","header-below-stick-meta":"","astra-migrate-meta-layouts":"set","ast-page-background-enabled":"default","ast-page-background-meta":{"desktop":{"background-color":"","background-image":"","background-repeat":"repeat","background-position":"center center","background-size":"auto","background-attachment":"scroll","background-type":"","background-media":"","overlay-type":"","overlay-color":"","overlay-gradient":""},"tablet":{"background-color":"","background-image":"","background-repeat":"repeat","background-position":"center center","background-size":"auto","background-attachment":"scroll","background-type":"","background-media":"","overlay-type":"","overlay-color":"","overlay-gradient":""},"mobile":{"background-color":"","background-image":"","background-repeat":"repeat","background-position":"center center","background-size":"auto","background-attachment":"scroll","background-type":"","background-media":"","overlay-type":"","overlay-color":"","overlay-gradient":""}},"ast-content-background-meta":{"desktop":{"background-color":"var(--ast-global-color-5)","background-image":"","background-repeat":"repeat","background-position":"center center","background-size":"auto","background-attachment":"scroll","background-type":"","background-media":"","overlay-type":"","overlay-color":"","overlay-gradient":""},"tablet":{"background-color":"var(--ast-global-color-5)","background-image":"","background-repeat":"repeat","background-position":"center center","background-size":"auto","background-attachment":"scroll","background-type":"","background-media":"","overlay-type":"","overlay-color":"","overlay-gradient":""},"mobile":{"background-color":"var(--ast-global-color-5)","background-image":"","background-repeat":"repeat","background-position":"center center","background-size":"auto","background-attachment":"scroll","background-type":"","background-media":"","overlay-type":"","overlay-color":"","overlay-gradient":""}}},"product_cat":[52],"product_tag":[],"class_list":{"0":"post-1429","1":"product","2":"type-product","3":"status-publish","4":"has-post-thumbnail","6":"product_cat-meishi","7":"desktop-align-left","8":"tablet-align-left","9":"mobile-align-left","11":"first","12":"instock","13":"shipping-taxable","14":"product-type-simple"},"_links":{"self":[{"href":"https:\/\/www.xminsulation.com\/fr\/wp-json\/wp\/v2\/product\/1429","targetHints":{"allow":["GET"]}}],"collection":[{"href":"https:\/\/www.xminsulation.com\/fr\/wp-json\/wp\/v2\/product"}],"about":[{"href":"https:\/\/www.xminsulation.com\/fr\/wp-json\/wp\/v2\/types\/product"}],"wp:featuredmedia":[{"embeddable":true,"href":"https:\/\/www.xminsulation.com\/fr\/wp-json\/wp\/v2\/media\/1430"}],"wp:attachment":[{"href":"https:\/\/www.xminsulation.com\/fr\/wp-json\/wp\/v2\/media?parent=1429"}],"wp:term":[{"taxonomy":"product_cat","embeddable":true,"href":"https:\/\/www.xminsulation.com\/fr\/wp-json\/wp\/v2\/product_cat?post=1429"},{"taxonomy":"product_tag","embeddable":true,"href":"https:\/\/www.xminsulation.com\/fr\/wp-json\/wp\/v2\/product_tag?post=1429"}],"curies":[{"name":"wp","href":"https:\/\/api.w.org\/{rel}","templated":true}]}}