{"id":1349,"date":"2024-05-07T15:42:29","date_gmt":"2024-05-07T07:42:29","guid":{"rendered":"http:\/\/www.xminsulation.com\/?post_type=product&#038;p=1349"},"modified":"2024-05-15T16:29:49","modified_gmt":"2024-05-15T08:29:49","slug":"2-0-busbar-insulating-heat-shrinkable-tubing-withstand-voltage-up-to-24kv","status":"publish","type":"product","link":"https:\/\/www.xminsulation.com\/fr\/product\/2-0-busbar-insulating-heat-shrinkable-tubing-withstand-voltage-up-to-24kv\/","title":{"rendered":"Gaine thermor\u00e9tractable isolante pour barres omnibus 2.0 (r\u00e9sistance \u00e0 une tension jusqu&#039;\u00e0 24 kV)"},"content":{"rendered":"<h1><img fetchpriority=\"high\" decoding=\"async\" class=\"alignnone wp-image-1351 size-full\" src=\"http:\/\/www.xminsulation.com\/wp-content\/uploads\/2024\/05\/\u56fe\u7247174-1.png\" alt=\"\" width=\"591\" height=\"578\" srcset=\"https:\/\/www.xminsulation.com\/wp-content\/uploads\/2024\/05\/\u56fe\u7247174-1.png 591w, https:\/\/www.xminsulation.com\/wp-content\/uploads\/2024\/05\/\u56fe\u7247174-1-300x293.png 300w\" sizes=\"(max-width: 591px) 100vw, 591px\" \/><\/h1>\n<h2><strong><b>APPLICATIONS<\/b><\/strong><\/h2>\n<p>La gaine thermor\u00e9tractable isolante pour jeux de barres 2.0 est fabriqu\u00e9e en polyol\u00e9fine. Sa flexibilit\u00e9 facilite le traitement des jeux de barres pli\u00e9s. Respectueuse de l&#039;environnement, cette gaine offre une protection d&#039;isolation fiable jusqu&#039;\u00e0 24 kV, \u00e9vitant ainsi les risques de contournement et de contact accidentel. L&#039;utilisation de gaines thermor\u00e9tractables HB2 pour recouvrir les jeux de barres permet de r\u00e9duire l&#039;encombrement et les co\u00fbts de l&#039;appareillage.<\/p>\n<h2><strong><b>APPROBATIONS \/ SP\u00c9CIFICATIONS<\/b><\/strong><\/h2>\n<p>IEC60060-1<\/p>\n<h2><strong><b>PLAGE DE TEMP\u00c9RATURE DE FONCTIONNEMENT<\/b><\/strong><\/h2>\n<p>a, Temp\u00e9rature de fonctionnement continu : -45\u2103 ~ 105\u2103.<\/p>\n<p>b, Temp\u00e9rature minimale de r\u00e9traction : 50\u2103.<\/p>\n<p>c, Temp\u00e9rature minimale de r\u00e9cup\u00e9ration compl\u00e8te : 125\u02daC.<\/p>\n<h2><strong><b>COULEUR<\/b><\/strong><\/h2>\n<p>Couleur standard : rouge (la largeur du jeu de barres varie en fonction de la conception du fabricant. La taille recommand\u00e9e est donn\u00e9e \u00e0 titre indicatif uniquement.)<\/p>\n<p>a, Rapport de r\u00e9traction : 2,5:1.<\/p>\n<p>b, Flexibilit\u00e9 et r\u00e9sistance \u00e0 la corrosion.<\/p>\n<p>c, Excellente r\u00e9sistance chimique et performance d&#039;isolation.<\/p>\n<h2><strong><b>Tableau des sp\u00e9cifications<\/b><\/strong><\/h2>\n<p><img decoding=\"async\" class=\"alignnone wp-image-1352 size-full\" src=\"http:\/\/www.xminsulation.com\/wp-content\/uploads\/2024\/05\/\u56fe\u7247175.png\" alt=\"\" width=\"912\" height=\"1018\" srcset=\"https:\/\/www.xminsulation.com\/wp-content\/uploads\/2024\/05\/\u56fe\u7247175.png 912w, https:\/\/www.xminsulation.com\/wp-content\/uploads\/2024\/05\/\u56fe\u7247175-269x300.png 269w, https:\/\/www.xminsulation.com\/wp-content\/uploads\/2024\/05\/\u56fe\u7247175-768x857.png 768w, https:\/\/www.xminsulation.com\/wp-content\/uploads\/2024\/05\/\u56fe\u7247175-600x670.png 600w\" sizes=\"(max-width: 912px) 100vw, 912px\" \/> <img decoding=\"async\" class=\"alignnone wp-image-1353 size-full\" src=\"http:\/\/www.xminsulation.com\/wp-content\/uploads\/2024\/05\/\u56fe\u7247176.png\" alt=\"\" width=\"912\" height=\"910\" srcset=\"https:\/\/www.xminsulation.com\/wp-content\/uploads\/2024\/05\/\u56fe\u7247176.png 912w, https:\/\/www.xminsulation.com\/wp-content\/uploads\/2024\/05\/\u56fe\u7247176-300x300.png 300w, https:\/\/www.xminsulation.com\/wp-content\/uploads\/2024\/05\/\u56fe\u7247176-150x150.png 150w, https:\/\/www.xminsulation.com\/wp-content\/uploads\/2024\/05\/\u56fe\u7247176-768x766.png 768w, https:\/\/www.xminsulation.com\/wp-content\/uploads\/2024\/05\/\u56fe\u7247176-600x599.png 600w, https:\/\/www.xminsulation.com\/wp-content\/uploads\/2024\/05\/\u56fe\u7247176-100x100.png 100w\" sizes=\"(max-width: 912px) 100vw, 912px\" \/> <img loading=\"lazy\" decoding=\"async\" class=\"alignnone wp-image-1354 size-full\" src=\"http:\/\/www.xminsulation.com\/wp-content\/uploads\/2024\/05\/\u56fe\u7247177.png\" alt=\"\" width=\"622\" height=\"388\" srcset=\"https:\/\/www.xminsulation.com\/wp-content\/uploads\/2024\/05\/\u56fe\u7247177.png 622w, https:\/\/www.xminsulation.com\/wp-content\/uploads\/2024\/05\/\u56fe\u7247177-300x187.png 300w, https:\/\/www.xminsulation.com\/wp-content\/uploads\/2024\/05\/\u56fe\u7247177-600x374.png 600w\" sizes=\"(max-width: 622px) 100vw, 622px\" \/><\/p>\n<p>&nbsp;<\/p>\n<div class=\"wxts\">\n<h2>\u25c6Personnalisation sp\u00e9ciale<\/h2>\n<p>Les param\u00e8tres ci-dessus sont des donn\u00e9es typiques\u00a0; si les styles existants ne r\u00e9pondent pas \u00e0 vos demandes sp\u00e9cifiques, veuillez nous contacter pour une conception personnalis\u00e9e. Nous disposons d&#039;importantes comp\u00e9tences en mati\u00e8re de d\u00e9veloppement et de production de personnalisation personnalis\u00e9e, nous permettant de fournir des solutions sur mesure aux clients du monde entier.<\/p>\n<\/div>","protected":false},"excerpt":{"rendered":"<p>APPLICATIONS 2.0\u00a0busbar insulating heat shrinkable tubing\u00a0is made of polyolefin. The flexible material make it very easy for the operator to process bent busbars. The environmental friendly polyolefin material can provide reliable insulation protection up to 24 kV, avoiding the possibility of flashovers and accidental contact. The use of HB2 to cover busbars can reduce the [&hellip;]<\/p>","protected":false},"featured_media":1350,"template":"","meta":{"site-sidebar-layout":"default","site-content-layout":"","ast-site-content-layout":"default","site-content-style":"default","site-sidebar-style":"default","ast-global-header-display":"","ast-banner-title-visibility":"","ast-main-header-display":"","ast-hfb-above-header-display":"","ast-hfb-below-header-display":"","ast-hfb-mobile-header-display":"","site-post-title":"","ast-breadcrumbs-content":"","ast-featured-img":"","footer-sml-layout":"","theme-transparent-header-meta":"default","adv-header-id-meta":"","stick-header-meta":"","header-above-stick-meta":"","header-main-stick-meta":"","header-below-stick-meta":"","astra-migrate-meta-layouts":"set","ast-page-background-enabled":"default","ast-page-background-meta":{"desktop":{"background-color":"","background-image":"","background-repeat":"repeat","background-position":"center center","background-size":"auto","background-attachment":"scroll","background-type":"","background-media":"","overlay-type":"","overlay-color":"","overlay-gradient":""},"tablet":{"background-color":"","background-image":"","background-repeat":"repeat","background-position":"center center","background-size":"auto","background-attachment":"scroll","background-type":"","background-media":"","overlay-type":"","overlay-color":"","overlay-gradient":""},"mobile":{"background-color":"","background-image":"","background-repeat":"repeat","background-position":"center center","background-size":"auto","background-attachment":"scroll","background-type":"","background-media":"","overlay-type":"","overlay-color":"","overlay-gradient":""}},"ast-content-background-meta":{"desktop":{"background-color":"var(--ast-global-color-5)","background-image":"","background-repeat":"repeat","background-position":"center center","background-size":"auto","background-attachment":"scroll","background-type":"","background-media":"","overlay-type":"","overlay-color":"","overlay-gradient":""},"tablet":{"background-color":"var(--ast-global-color-5)","background-image":"","background-repeat":"repeat","background-position":"center center","background-size":"auto","background-attachment":"scroll","background-type":"","background-media":"","overlay-type":"","overlay-color":"","overlay-gradient":""},"mobile":{"background-color":"var(--ast-global-color-5)","background-image":"","background-repeat":"repeat","background-position":"center center","background-size":"auto","background-attachment":"scroll","background-type":"","background-media":"","overlay-type":"","overlay-color":"","overlay-gradient":""}}},"product_cat":[54],"product_tag":[],"class_list":{"0":"post-1349","1":"product","2":"type-product","3":"status-publish","4":"has-post-thumbnail","6":"product_cat-heat-shrink-tubing","7":"desktop-align-left","8":"tablet-align-left","9":"mobile-align-left","11":"first","12":"instock","13":"shipping-taxable","14":"product-type-simple"},"_links":{"self":[{"href":"https:\/\/www.xminsulation.com\/fr\/wp-json\/wp\/v2\/product\/1349","targetHints":{"allow":["GET"]}}],"collection":[{"href":"https:\/\/www.xminsulation.com\/fr\/wp-json\/wp\/v2\/product"}],"about":[{"href":"https:\/\/www.xminsulation.com\/fr\/wp-json\/wp\/v2\/types\/product"}],"wp:featuredmedia":[{"embeddable":true,"href":"https:\/\/www.xminsulation.com\/fr\/wp-json\/wp\/v2\/media\/1350"}],"wp:attachment":[{"href":"https:\/\/www.xminsulation.com\/fr\/wp-json\/wp\/v2\/media?parent=1349"}],"wp:term":[{"taxonomy":"product_cat","embeddable":true,"href":"https:\/\/www.xminsulation.com\/fr\/wp-json\/wp\/v2\/product_cat?post=1349"},{"taxonomy":"product_tag","embeddable":true,"href":"https:\/\/www.xminsulation.com\/fr\/wp-json\/wp\/v2\/product_tag?post=1349"}],"curies":[{"name":"wp","href":"https:\/\/api.w.org\/{rel}","templated":true}]}}