{"id":1326,"date":"2024-05-07T12:17:41","date_gmt":"2024-05-07T04:17:41","guid":{"rendered":"http:\/\/www.xminsulation.com\/?post_type=product&#038;p=1326"},"modified":"2024-05-15T16:31:53","modified_gmt":"2024-05-15T08:31:53","slug":"heat-shrinkable-bus-terminal-box","status":"publish","type":"product","link":"https:\/\/www.xminsulation.com\/fr\/product\/heat-shrinkable-bus-terminal-box\/","title":{"rendered":"Bo\u00eete de jonction de bus thermor\u00e9tractable"},"content":{"rendered":"<p><img fetchpriority=\"high\" decoding=\"async\" class=\"alignnone wp-image-1327 size-full\" src=\"http:\/\/www.xminsulation.com\/wp-content\/uploads\/2024\/05\/\u56fe\u7247161.png\" alt=\"\" width=\"876\" height=\"752\" srcset=\"https:\/\/www.xminsulation.com\/wp-content\/uploads\/2024\/05\/\u56fe\u7247161.png 876w, https:\/\/www.xminsulation.com\/wp-content\/uploads\/2024\/05\/\u56fe\u7247161-300x258.png 300w, https:\/\/www.xminsulation.com\/wp-content\/uploads\/2024\/05\/\u56fe\u7247161-768x659.png 768w, https:\/\/www.xminsulation.com\/wp-content\/uploads\/2024\/05\/\u56fe\u7247161-600x515.png 600w\" sizes=\"(max-width: 876px) 100vw, 876px\" \/><img decoding=\"async\" class=\"alignnone wp-image-1328 size-full\" src=\"http:\/\/www.xminsulation.com\/wp-content\/uploads\/2024\/05\/\u56fe\u7247162.png\" alt=\"\" width=\"1060\" height=\"664\" srcset=\"https:\/\/www.xminsulation.com\/wp-content\/uploads\/2024\/05\/\u56fe\u7247162.png 1060w, https:\/\/www.xminsulation.com\/wp-content\/uploads\/2024\/05\/\u56fe\u7247162-300x188.png 300w, https:\/\/www.xminsulation.com\/wp-content\/uploads\/2024\/05\/\u56fe\u7247162-1024x641.png 1024w, https:\/\/www.xminsulation.com\/wp-content\/uploads\/2024\/05\/\u56fe\u7247162-768x481.png 768w, https:\/\/www.xminsulation.com\/wp-content\/uploads\/2024\/05\/\u56fe\u7247162-600x376.png 600w\" sizes=\"(max-width: 1060px) 100vw, 1060px\" \/><\/p>\n<p><strong><b>\u70ed\u7f29\u6bcd\u6392\u63a5\u5934\u76d2<\/b><\/strong><\/p>\n<p><strong><b>Bo\u00eete de jonction de bus thermor\u00e9tractable<\/b><\/strong><\/p>\n<p>Bo\u00eete de jonction thermor\u00e9tractable \u2013 moulage thermor\u00e9tractable de tuyau en polyol\u00e9fine r\u00e9ticul\u00e9e, largement utilis\u00e9 dans la protection d&#039;isolation des n\u0153uds de barres de cuivre des armoires de commutation haute et basse tension, la protection d&#039;isolation des n\u0153uds d&#039;entr\u00e9e et de sortie des transformateurs, la protection d&#039;isolation des n\u0153uds individuels et des barres de cuivre globales des sous-stations int\u00e9rieures et ext\u00e9rieures, les lignes a\u00e9riennes et la protection d&#039;isolation continue pour le mat\u00e9riel de connexion.<\/p>\n<h2><strong><b>Informations g\u00e9n\u00e9rales<\/b><\/strong><\/h2>\n<p>Bo\u00eete de jonction thermor\u00e9tractable \u2013 moulage thermor\u00e9tractable de tuyau en polyol\u00e9fine r\u00e9ticul\u00e9e, largement utilis\u00e9 dans la protection d&#039;isolation des n\u0153uds de barres de cuivre des armoires de commutation haute et basse tension, la protection d&#039;isolation des n\u0153uds d&#039;entr\u00e9e et de sortie des transformateurs, la protection d&#039;isolation des n\u0153uds individuels et des barres de cuivre globales des sous-stations int\u00e9rieures et ext\u00e9rieures, les lignes a\u00e9riennes et la protection d&#039;isolation continue pour le mat\u00e9riel de connexion.<\/p>\n<h2><strong><b>caract\u00e9ristiques du produit<\/b><\/strong><\/h2>\n<ol>\n<li>Excellentes performances d&#039;isolation, rigidit\u00e9 di\u00e9lectrique \u2265 25 kV\/mm, r\u00e9sistivit\u00e9 volumique \u2265 1 \u00d7 1015 \u03a9\u00b7cm.<\/li>\n<li>R\u00e9sistant aux fuites, \u00e0 la corrosion, \u00e0 la couronne et aux d\u00e9chirures.<\/li>\n<li>Pr\u00e9venir efficacement les accidents corporels caus\u00e9s par des contacts \u00e9lectriques expos\u00e9s.<\/li>\n<li>R\u00e9sistant \u00e0 la chaleur et au froid, il peut \u00eatre utilis\u00e9 normalement dans la plage de temp\u00e9rature de -60~60\u2103.<\/li>\n<li>Pr\u00e9vient efficacement les d\u00e9fauts de court-circuit caus\u00e9s par le chevauchement de corps \u00e9trangers.<\/li>\n<li>Il dispose \u00e0 la fois d&#039;une fonction antivol d&#039;\u00e9lectricit\u00e9 et d&#039;une fonction d&#039;identification de s\u00e9quence de phase.<\/li>\n<\/ol>\n<p><img decoding=\"async\" class=\"alignnone wp-image-1330 size-full\" src=\"http:\/\/www.xminsulation.com\/wp-content\/uploads\/2024\/05\/\u56fe\u7247163.png\" alt=\"\" width=\"1064\" height=\"646\" srcset=\"https:\/\/www.xminsulation.com\/wp-content\/uploads\/2024\/05\/\u56fe\u7247163.png 1064w, https:\/\/www.xminsulation.com\/wp-content\/uploads\/2024\/05\/\u56fe\u7247163-300x182.png 300w, https:\/\/www.xminsulation.com\/wp-content\/uploads\/2024\/05\/\u56fe\u7247163-1024x622.png 1024w, https:\/\/www.xminsulation.com\/wp-content\/uploads\/2024\/05\/\u56fe\u7247163-768x466.png 768w, https:\/\/www.xminsulation.com\/wp-content\/uploads\/2024\/05\/\u56fe\u7247163-600x364.png 600w\" sizes=\"(max-width: 1064px) 100vw, 1064px\" \/><\/p>\n<p>&nbsp;<\/p>\n<div class=\"wxts\">\n<h2>\u25c6Personnalisation sp\u00e9ciale<\/h2>\n<p>Les param\u00e8tres ci-dessus sont des donn\u00e9es typiques ; si les styles existants ne r\u00e9pondent pas \u00e0 vos demandes sp\u00e9cifiques, veuillez nous contacter pour une conception personnalis\u00e9e. Nous avons d&#039;importantes comp\u00e9tences en mati\u00e8re de d\u00e9veloppement et de production de personnalisation personnalis\u00e9e, nous permettant de fournir des solutions sur mesure aux clients du monde entier.<\/p>\n<\/div>\n<p>&nbsp;<\/p>","protected":false},"excerpt":{"rendered":"<p>\u70ed\u7f29\u6bcd\u6392\u63a5\u5934\u76d2 Heat Shrinkable Bus Terminal Box Heat shrink joint box &#8211; cross-linked polyolefin pipe heat shrink molding, widely used in high and low voltage switch cabinet copper bar node insulation protection, transformer inlet and outlet node insulation protection, indoor and outdoor substation individual node and overall copper bar insulation protection, overhead lines and continued Insulation [&hellip;]<\/p>","protected":false},"featured_media":1329,"template":"","meta":{"site-sidebar-layout":"default","site-content-layout":"","ast-site-content-layout":"default","site-content-style":"default","site-sidebar-style":"default","ast-global-header-display":"","ast-banner-title-visibility":"","ast-main-header-display":"","ast-hfb-above-header-display":"","ast-hfb-below-header-display":"","ast-hfb-mobile-header-display":"","site-post-title":"","ast-breadcrumbs-content":"","ast-featured-img":"","footer-sml-layout":"","theme-transparent-header-meta":"default","adv-header-id-meta":"","stick-header-meta":"","header-above-stick-meta":"","header-main-stick-meta":"","header-below-stick-meta":"","astra-migrate-meta-layouts":"set","ast-page-background-enabled":"default","ast-page-background-meta":{"desktop":{"background-color":"","background-image":"","background-repeat":"repeat","background-position":"center center","background-size":"auto","background-attachment":"scroll","background-type":"","background-media":"","overlay-type":"","overlay-color":"","overlay-gradient":""},"tablet":{"background-color":"","background-image":"","background-repeat":"repeat","background-position":"center center","background-size":"auto","background-attachment":"scroll","background-type":"","background-media":"","overlay-type":"","overlay-color":"","overlay-gradient":""},"mobile":{"background-color":"","background-image":"","background-repeat":"repeat","background-position":"center center","background-size":"auto","background-attachment":"scroll","background-type":"","background-media":"","overlay-type":"","overlay-color":"","overlay-gradient":""}},"ast-content-background-meta":{"desktop":{"background-color":"var(--ast-global-color-5)","background-image":"","background-repeat":"repeat","background-position":"center center","background-size":"auto","background-attachment":"scroll","background-type":"","background-media":"","overlay-type":"","overlay-color":"","overlay-gradient":""},"tablet":{"background-color":"var(--ast-global-color-5)","background-image":"","background-repeat":"repeat","background-position":"center center","background-size":"auto","background-attachment":"scroll","background-type":"","background-media":"","overlay-type":"","overlay-color":"","overlay-gradient":""},"mobile":{"background-color":"var(--ast-global-color-5)","background-image":"","background-repeat":"repeat","background-position":"center center","background-size":"auto","background-attachment":"scroll","background-type":"","background-media":"","overlay-type":"","overlay-color":"","overlay-gradient":""}}},"product_cat":[54],"product_tag":[],"class_list":{"0":"post-1326","1":"product","2":"type-product","3":"status-publish","4":"has-post-thumbnail","6":"product_cat-heat-shrink-tubing","7":"desktop-align-left","8":"tablet-align-left","9":"mobile-align-left","11":"first","12":"instock","13":"shipping-taxable","14":"product-type-simple"},"_links":{"self":[{"href":"https:\/\/www.xminsulation.com\/fr\/wp-json\/wp\/v2\/product\/1326","targetHints":{"allow":["GET"]}}],"collection":[{"href":"https:\/\/www.xminsulation.com\/fr\/wp-json\/wp\/v2\/product"}],"about":[{"href":"https:\/\/www.xminsulation.com\/fr\/wp-json\/wp\/v2\/types\/product"}],"wp:featuredmedia":[{"embeddable":true,"href":"https:\/\/www.xminsulation.com\/fr\/wp-json\/wp\/v2\/media\/1329"}],"wp:attachment":[{"href":"https:\/\/www.xminsulation.com\/fr\/wp-json\/wp\/v2\/media?parent=1326"}],"wp:term":[{"taxonomy":"product_cat","embeddable":true,"href":"https:\/\/www.xminsulation.com\/fr\/wp-json\/wp\/v2\/product_cat?post=1326"},{"taxonomy":"product_tag","embeddable":true,"href":"https:\/\/www.xminsulation.com\/fr\/wp-json\/wp\/v2\/product_tag?post=1326"}],"curies":[{"name":"wp","href":"https:\/\/api.w.org\/{rel}","templated":true}]}}