{"id":1303,"date":"2024-05-07T11:51:37","date_gmt":"2024-05-07T03:51:37","guid":{"rendered":"http:\/\/www.xminsulation.com\/?post_type=product&#038;p=1303"},"modified":"2024-05-07T12:07:44","modified_gmt":"2024-05-07T04:07:44","slug":"customized-sheet-metal-materials-or-sheet-metal-cabinets","status":"publish","type":"product","link":"https:\/\/www.xminsulation.com\/fr\/product\/customized-sheet-metal-materials-or-sheet-metal-cabinets\/","title":{"rendered":"Mat\u00e9riaux de t\u00f4lerie personnalis\u00e9s ou armoires en t\u00f4le"},"content":{"rendered":"<p>Notre usine est sp\u00e9cialis\u00e9e dans les produits moyenne tension. Nous disposons \u00e9galement d&#039;une usine partenaire, sp\u00e9cialis\u00e9e dans l&#039;assemblage complet de produits haute et basse tension \u00e0 grande \u00e9chelle. L&#039;utilisation et les volumes d&#039;achat de divers mat\u00e9riaux de t\u00f4lerie sont consid\u00e9rables. Nous pouvons exploiter les canaux d&#039;approvisionnement existants de notre usine partenaire et les avantages \u00e9conomiques de nos produits de t\u00f4lerie pour fournir \u00e0 nos clients \u00e9trangers des services d&#039;approvisionnement et d&#039;achat pour divers produits de t\u00f4lerie.<\/p>\n<p>T\u00f4les d&#039;acier lamin\u00e9es \u00e0 froid, t\u00f4les d&#039;acier inoxydable, t\u00f4les rev\u00eatues d&#039;aluminium-zinc, t\u00f4les d&#039;acier lamin\u00e9es \u00e0 chaud, t\u00f4les d&#039;alliage d&#039;aluminium haute r\u00e9sistance et autres mat\u00e9riaux. Elles peuvent \u00eatre simplement d\u00e9coup\u00e9es \u00e0 la longueur et \u00e0 la largeur souhait\u00e9es par le client, puis exp\u00e9di\u00e9es, ou encore d\u00e9coup\u00e9es au laser ou estamp\u00e9es pour obtenir des formes irr\u00e9guli\u00e8res et perc\u00e9es de trous, etc. Bien entendu, nous pouvons \u00e9galement fabriquer des armoires pour vous.<\/p>\n<p>Peu importe que la quantit\u00e9 soit petite ou grande, qu&#039;elle soit couramment utilis\u00e9e ou sp\u00e9ciale, nous pouvons les personnaliser pour vous, sans MOQ.<\/p>\n<p><img fetchpriority=\"high\" decoding=\"async\" class=\"alignnone wp-image-1305 size-full\" src=\"http:\/\/www.xminsulation.com\/wp-content\/uploads\/2024\/05\/\u56fe\u7247148-1.png\" alt=\"\" width=\"675\" height=\"675\" srcset=\"https:\/\/www.xminsulation.com\/wp-content\/uploads\/2024\/05\/\u56fe\u7247148-1.png 675w, https:\/\/www.xminsulation.com\/wp-content\/uploads\/2024\/05\/\u56fe\u7247148-1-300x300.png 300w, https:\/\/www.xminsulation.com\/wp-content\/uploads\/2024\/05\/\u56fe\u7247148-1-150x150.png 150w, https:\/\/www.xminsulation.com\/wp-content\/uploads\/2024\/05\/\u56fe\u7247148-1-600x600.png 600w, https:\/\/www.xminsulation.com\/wp-content\/uploads\/2024\/05\/\u56fe\u7247148-1-100x100.png 100w\" sizes=\"(max-width: 675px) 100vw, 675px\" \/><\/p>\n<p>Transformation de t\u00f4les m\u00e9talliques pour armoires de distribution. Le proc\u00e9d\u00e9 consiste \u00e0 transformer des t\u00f4les m\u00e9talliques en armoires de distribution conformes aux exigences de conception, par d\u00e9coupe, pliage, soudage, etc. Un coffret de distribution est une structure m\u00e9tallique ferm\u00e9e utilis\u00e9e pour installer des interrupteurs, des instruments, des dispositifs de protection et des \u00e9quipements auxiliaires. Il s&#039;agit d&#039;un dispositif permettant de contr\u00f4ler, de distribuer et de prot\u00e9ger le r\u00e9seau \u00e9lectrique.<\/p>\n<h2><strong><b>Processus <\/b><\/strong><strong><b>F<\/b><\/strong><strong><b>bas de <\/b><\/strong><strong><b>S<\/b><\/strong><strong><b>feuille <\/b><\/strong><strong><b>M.<\/b><\/strong><strong><b>etal <\/b><\/strong><strong><b>P.<\/b><\/strong><strong><b>traitement <\/b><\/strong><strong><b>D<\/b><\/strong><strong><b>distribution <\/b><\/strong><strong><b>B<\/b><\/strong><strong><b>b\u0153uf et <\/b><\/strong><strong><b>C<\/b><\/strong><strong><b>armoire<\/b><\/strong><\/h2>\n<p><img decoding=\"async\" class=\"alignnone wp-image-1306 size-full\" src=\"http:\/\/www.xminsulation.com\/wp-content\/uploads\/2024\/05\/\u56fe\u7247149.png\" alt=\"\" width=\"919\" height=\"369\" srcset=\"https:\/\/www.xminsulation.com\/wp-content\/uploads\/2024\/05\/\u56fe\u7247149.png 919w, https:\/\/www.xminsulation.com\/wp-content\/uploads\/2024\/05\/\u56fe\u7247149-300x120.png 300w, https:\/\/www.xminsulation.com\/wp-content\/uploads\/2024\/05\/\u56fe\u7247149-768x308.png 768w, https:\/\/www.xminsulation.com\/wp-content\/uploads\/2024\/05\/\u56fe\u7247149-600x241.png 600w\" sizes=\"(max-width: 919px) 100vw, 919px\" \/><\/p>\n<ol>\n<li>Concevoir et dessiner des dessins : Selon les fonctions, les sp\u00e9cifications, l&#039;emplacement d&#039;installation et les autres exigences du bo\u00eetier ou de l&#039;armoire de distribution, concevoir et dessiner des dessins du bo\u00eetier ou de l&#039;armoire de distribution de traitement de t\u00f4le, y compris les dessins de plan, d&#039;\u00e9l\u00e9vation et de section, les sch\u00e9mas d&#039;expansion, etc., d\u00e9terminent la taille, la forme, la position et la m\u00e9thode de connexion de chaque composant.<\/li>\n<li>Faire un \u00e9chantillon : Selon le dessin, s\u00e9lectionnez le mat\u00e9riau de t\u00f4le appropri\u00e9, tel que l&#039;acier inoxydable, l&#039;alliage d&#039;aluminium, la t\u00f4le galvanis\u00e9e, etc., utilisez des machines de d\u00e9coupe, des poin\u00e7ons et d&#039;autres \u00e9quipements pour couper le mat\u00e9riau de t\u00f4le \u00e0 la forme et \u00e0 la taille requises, puis utilisez des cintreuses, des cintreuses de plaques et d&#039;autres \u00e9quipements pour plier le mat\u00e9riau de t\u00f4le \u00e0 l&#039;angle et \u00e0 la courbure requis, et enfin utilisez des machines \u00e0 souder, des vis et d&#039;autres m\u00e9thodes pour connecter les composants dans un gabarit.<\/li>\n<\/ol>\n<p><img decoding=\"async\" class=\"alignnone wp-image-1307 size-full\" src=\"http:\/\/www.xminsulation.com\/wp-content\/uploads\/2024\/05\/\u56fe\u7247150.jpg\" alt=\"\" width=\"1000\" height=\"750\" srcset=\"https:\/\/www.xminsulation.com\/wp-content\/uploads\/2024\/05\/\u56fe\u7247150.jpg 1000w, https:\/\/www.xminsulation.com\/wp-content\/uploads\/2024\/05\/\u56fe\u7247150-300x225.jpg 300w, https:\/\/www.xminsulation.com\/wp-content\/uploads\/2024\/05\/\u56fe\u7247150-768x576.jpg 768w, https:\/\/www.xminsulation.com\/wp-content\/uploads\/2024\/05\/\u56fe\u7247150-600x450.jpg 600w\" sizes=\"(max-width: 1000px) 100vw, 1000px\" \/><\/p>\n<ol start=\"3\">\n<li>Inspectez et modifiez le mod\u00e8le : comparez le mod\u00e8le avec les dessins et v\u00e9rifiez si le mod\u00e8le r\u00e9pond aux exigences de conception, telles que la taille, la forme, la position, la r\u00e9sistance de la connexion, etc. S&#039;il y a des divergences, modifiez-les et ajustez-les \u00e0 temps jusqu&#039;\u00e0 ce que le mod\u00e8le atteigne un effet de qualit\u00e9 satisfaisant.<\/li>\n<li>Production de masse : sur la base de l&#039;\u00e9chantillon, utilisez les m\u00eames mat\u00e9riaux et \u00e9quipements de t\u00f4lerie et suivez le m\u00eame flux de processus pour produire en masse des bo\u00eetes de distribution et des armoires de distribution de traitement de t\u00f4lerie, puis num\u00e9rotez-les et marquez-les.<\/li>\n<\/ol>\n<p><img loading=\"lazy\" decoding=\"async\" class=\"alignnone wp-image-1308 size-full\" src=\"http:\/\/www.xminsulation.com\/wp-content\/uploads\/2024\/05\/\u56fe\u7247151.jpg\" alt=\"\" width=\"1056\" height=\"1052\" srcset=\"https:\/\/www.xminsulation.com\/wp-content\/uploads\/2024\/05\/\u56fe\u7247151.jpg 1056w, https:\/\/www.xminsulation.com\/wp-content\/uploads\/2024\/05\/\u56fe\u7247151-300x300.jpg 300w, https:\/\/www.xminsulation.com\/wp-content\/uploads\/2024\/05\/\u56fe\u7247151-1024x1020.jpg 1024w, https:\/\/www.xminsulation.com\/wp-content\/uploads\/2024\/05\/\u56fe\u7247151-150x150.jpg 150w, https:\/\/www.xminsulation.com\/wp-content\/uploads\/2024\/05\/\u56fe\u7247151-768x765.jpg 768w, https:\/\/www.xminsulation.com\/wp-content\/uploads\/2024\/05\/\u56fe\u7247151-600x598.jpg 600w, https:\/\/www.xminsulation.com\/wp-content\/uploads\/2024\/05\/\u56fe\u7247151-100x100.jpg 100w\" sizes=\"(max-width: 1056px) 100vw, 1056px\" \/><\/p>\n<ol start=\"5\">\n<li>Traitement de surface : Afin d&#039;am\u00e9liorer l&#039;esth\u00e9tique et la r\u00e9sistance \u00e0 la corrosion du bo\u00eetier de distribution de traitement de t\u00f4le, un traitement de surface est g\u00e9n\u00e9ralement requis, tel que la pulv\u00e9risation, le placage, le polissage, etc., pour lui donner une certaine couleur et un certain lustre.<\/li>\n<li>Montage et mise au point\u00a0: installation des interrupteurs, instruments, dispositifs de protection et \u00e9quipements auxiliaires \u00e0 l&#039;int\u00e9rieur du coffret de distribution de t\u00f4lerie, et c\u00e2blage. Mise au point et test du coffret pour v\u00e9rifier son bon fonctionnement et sa conformit\u00e9 aux r\u00e9glementations, normes et sp\u00e9cifications en vigueur.<\/li>\n<\/ol>\n<p><img loading=\"lazy\" decoding=\"async\" class=\"alignnone wp-image-1309 size-full\" src=\"http:\/\/www.xminsulation.com\/wp-content\/uploads\/2024\/05\/\u56fe\u7247152.jpg\" alt=\"\" width=\"1000\" height=\"828\" srcset=\"https:\/\/www.xminsulation.com\/wp-content\/uploads\/2024\/05\/\u56fe\u7247152.jpg 1000w, https:\/\/www.xminsulation.com\/wp-content\/uploads\/2024\/05\/\u56fe\u7247152-300x248.jpg 300w, https:\/\/www.xminsulation.com\/wp-content\/uploads\/2024\/05\/\u56fe\u7247152-768x636.jpg 768w, https:\/\/www.xminsulation.com\/wp-content\/uploads\/2024\/05\/\u56fe\u7247152-600x497.jpg 600w\" sizes=\"(max-width: 1000px) 100vw, 1000px\" \/><\/p>\n<p>&nbsp;<\/p>\n<p>&nbsp;<\/p>","protected":false},"excerpt":{"rendered":"<p>Our factory focuses on medium-voltage related products. We also have a brother factory, which is a large-scale high and low voltage complete assembly factory. The usage and purchase volume of various sheet metal materials are very huge. We can use our brother factory\u2019s existing procurement channels and cost advantages of sheet metal products, and provide [&hellip;]<\/p>","protected":false},"featured_media":1304,"template":"","meta":{"site-sidebar-layout":"default","site-content-layout":"","ast-site-content-layout":"default","site-content-style":"default","site-sidebar-style":"default","ast-global-header-display":"","ast-banner-title-visibility":"","ast-main-header-display":"","ast-hfb-above-header-display":"","ast-hfb-below-header-display":"","ast-hfb-mobile-header-display":"","site-post-title":"","ast-breadcrumbs-content":"","ast-featured-img":"","footer-sml-layout":"","theme-transparent-header-meta":"default","adv-header-id-meta":"","stick-header-meta":"","header-above-stick-meta":"","header-main-stick-meta":"","header-below-stick-meta":"","astra-migrate-meta-layouts":"set","ast-page-background-enabled":"default","ast-page-background-meta":{"desktop":{"background-color":"","background-image":"","background-repeat":"repeat","background-position":"center center","background-size":"auto","background-attachment":"scroll","background-type":"","background-media":"","overlay-type":"","overlay-color":"","overlay-gradient":""},"tablet":{"background-color":"","background-image":"","background-repeat":"repeat","background-position":"center center","background-size":"auto","background-attachment":"scroll","background-type":"","background-media":"","overlay-type":"","overlay-color":"","overlay-gradient":""},"mobile":{"background-color":"","background-image":"","background-repeat":"repeat","background-position":"center center","background-size":"auto","background-attachment":"scroll","background-type":"","background-media":"","overlay-type":"","overlay-color":"","overlay-gradient":""}},"ast-content-background-meta":{"desktop":{"background-color":"var(--ast-global-color-5)","background-image":"","background-repeat":"repeat","background-position":"center center","background-size":"auto","background-attachment":"scroll","background-type":"","background-media":"","overlay-type":"","overlay-color":"","overlay-gradient":""},"tablet":{"background-color":"var(--ast-global-color-5)","background-image":"","background-repeat":"repeat","background-position":"center center","background-size":"auto","background-attachment":"scroll","background-type":"","background-media":"","overlay-type":"","overlay-color":"","overlay-gradient":""},"mobile":{"background-color":"var(--ast-global-color-5)","background-image":"","background-repeat":"repeat","background-position":"center center","background-size":"auto","background-attachment":"scroll","background-type":"","background-media":"","overlay-type":"","overlay-color":"","overlay-gradient":""}}},"product_cat":[47],"product_tag":[],"class_list":{"0":"post-1303","1":"product","2":"type-product","3":"status-publish","4":"has-post-thumbnail","6":"product_cat-customized-sheet-metal-materials-or-sheet-metal-cabinets","7":"desktop-align-left","8":"tablet-align-left","9":"mobile-align-left","11":"first","12":"instock","13":"shipping-taxable","14":"product-type-simple"},"_links":{"self":[{"href":"https:\/\/www.xminsulation.com\/fr\/wp-json\/wp\/v2\/product\/1303","targetHints":{"allow":["GET"]}}],"collection":[{"href":"https:\/\/www.xminsulation.com\/fr\/wp-json\/wp\/v2\/product"}],"about":[{"href":"https:\/\/www.xminsulation.com\/fr\/wp-json\/wp\/v2\/types\/product"}],"wp:featuredmedia":[{"embeddable":true,"href":"https:\/\/www.xminsulation.com\/fr\/wp-json\/wp\/v2\/media\/1304"}],"wp:attachment":[{"href":"https:\/\/www.xminsulation.com\/fr\/wp-json\/wp\/v2\/media?parent=1303"}],"wp:term":[{"taxonomy":"product_cat","embeddable":true,"href":"https:\/\/www.xminsulation.com\/fr\/wp-json\/wp\/v2\/product_cat?post=1303"},{"taxonomy":"product_tag","embeddable":true,"href":"https:\/\/www.xminsulation.com\/fr\/wp-json\/wp\/v2\/product_tag?post=1303"}],"curies":[{"name":"wp","href":"https:\/\/api.w.org\/{rel}","templated":true}]}}