{"id":1251,"date":"2024-05-07T11:13:29","date_gmt":"2024-05-07T03:13:29","guid":{"rendered":"http:\/\/www.xminsulation.com\/?post_type=product&#038;p=1251"},"modified":"2024-05-15T16:34:24","modified_gmt":"2024-05-15T08:34:24","slug":"sf6-high-voltage-cable-branch-box-with-switch","status":"publish","type":"product","link":"https:\/\/www.xminsulation.com\/fr\/product\/sf6-high-voltage-cable-branch-box-with-switch\/","title":{"rendered":"Bo\u00eete de d\u00e9rivation de c\u00e2ble haute tension SF6 avec interrupteur"},"content":{"rendered":"<p><img fetchpriority=\"high\" decoding=\"async\" class=\"alignnone wp-image-1253 size-full\" src=\"http:\/\/www.xminsulation.com\/wp-content\/uploads\/2024\/05\/\u56fe\u7247102-1.jpg\" alt=\"\" width=\"726\" height=\"726\" srcset=\"https:\/\/www.xminsulation.com\/wp-content\/uploads\/2024\/05\/\u56fe\u7247102-1.jpg 726w, https:\/\/www.xminsulation.com\/wp-content\/uploads\/2024\/05\/\u56fe\u7247102-1-300x300.jpg 300w, https:\/\/www.xminsulation.com\/wp-content\/uploads\/2024\/05\/\u56fe\u7247102-1-150x150.jpg 150w, https:\/\/www.xminsulation.com\/wp-content\/uploads\/2024\/05\/\u56fe\u7247102-1-600x600.jpg 600w, https:\/\/www.xminsulation.com\/wp-content\/uploads\/2024\/05\/\u56fe\u7247102-1-100x100.jpg 100w\" sizes=\"(max-width: 726px) 100vw, 726px\" \/> <img decoding=\"async\" class=\"alignnone wp-image-1254 size-full\" src=\"http:\/\/www.xminsulation.com\/wp-content\/uploads\/2024\/05\/\u56fe\u7247103.png\" alt=\"\" width=\"719\" height=\"548\" srcset=\"https:\/\/www.xminsulation.com\/wp-content\/uploads\/2024\/05\/\u56fe\u7247103.png 719w, https:\/\/www.xminsulation.com\/wp-content\/uploads\/2024\/05\/\u56fe\u7247103-300x229.png 300w, https:\/\/www.xminsulation.com\/wp-content\/uploads\/2024\/05\/\u56fe\u7247103-600x457.png 600w\" sizes=\"(max-width: 719px) 100vw, 719px\" \/><\/p>\n<h2><strong><b>Informations g\u00e9n\u00e9rales<\/b><\/strong><\/h2>\n<p>Ce produit est \u00e9quip\u00e9 d&#039;un interrupteur de charge haute performance \u00e0 base d&#039;hexafluorure de soufre avec gaz isolant SF6 int\u00e9gr\u00e9 et d&#039;un joint de c\u00e2ble en caoutchouc synth\u00e9tique import\u00e9 \u00e0 protection tactile. Il offre une excellente capacit\u00e9 de coupure des courants de c\u00e2ble actifs et \u00e0 vide, ainsi qu&#039;une excellente capacit\u00e9 de fermeture des courants de court-circuit. Il peut \u00eatre \u00e9quip\u00e9 de parafoudres et d&#039;indicateurs de d\u00e9faut \u00e0 la terre selon les besoins de l&#039;utilisateur.<\/p>\n<p>Chaque ligne de r\u00e9seau en boucle de cette s\u00e9rie de produits est \u00e9quip\u00e9e d&#039;un interrupteur de charge ou d&#039;un disjoncteur \u00e0 vide. Chaque circuit de d\u00e9rivation peut \u00eatre retir\u00e9 et remis en service librement, sans affecter les autres circuits du r\u00e9seau en boucle. Des fusibles peuvent \u00e9galement \u00eatre fix\u00e9s \u00e0 l&#039;interrupteur de charge. En cas de court-circuit dans un circuit de d\u00e9rivation, le fusible de ce dernier peut rapidement d\u00e9connecter le circuit en d\u00e9faut et actionner le d\u00e9clencheur de l&#039;interrupteur de charge pour l&#039;ouvrir. Le circuit en d\u00e9faut est isol\u00e9, garantissant ainsi la s\u00e9curit\u00e9 du circuit de d\u00e9rivation non d\u00e9faillant. Continuit\u00e9 d&#039;alimentation assur\u00e9e.<\/p>\n<p>Ce produit est largement utilis\u00e9 pour le branchement de c\u00e2bles dans les syst\u00e8mes \u00e9lectriques 10 kV. Son mode de connexion est simple, flexible, pratique, s\u00fbr et fiable. Le bo\u00eetier est en t\u00f4le d&#039;acier inoxydable, robuste et durable. Les pi\u00e8ces sous tension sont enti\u00e8rement isol\u00e9es et \u00e9tanches. L&#039;utilisation d&#039;une t\u00eate de c\u00e2ble tactile et r\u00e9sistante aux inondations permet de r\u00e9sister aux inondations et d&#039;am\u00e9liorer consid\u00e9rablement la fiabilit\u00e9 de l&#039;alimentation \u00e9lectrique. Ce produit est largement utilis\u00e9 dans les r\u00e9seaux de distribution des zones industrielles urbaines, des zones r\u00e9sidentielles, des centres commerciaux, des zones mini\u00e8res, des a\u00e9roports, des chemins de fer, des centrales \u00e9oliennes, des bureaux de commutation et des grandes entreprises telles que l&#039;acier, le p\u00e9trole, la chimie, le ciment, etc., ainsi que dans d&#039;autres domaines. Il est particuli\u00e8rement adapt\u00e9 aux routes urbaines. La transformation du r\u00e9seau \u00e9lectrique permet de r\u00e9aliser d&#039;importantes \u00e9conomies d&#039;investissement en \u00e9quipements et c\u00e2bles \u00e9lectriques et d&#039;am\u00e9liorer la fiabilit\u00e9 de l&#039;alimentation \u00e9lectrique.<\/p>\n<p><img decoding=\"async\" class=\"alignnone wp-image-1255 size-full\" src=\"http:\/\/www.xminsulation.com\/wp-content\/uploads\/2024\/05\/\u56fe\u7247104.png\" alt=\"\" width=\"697\" height=\"456\" srcset=\"https:\/\/www.xminsulation.com\/wp-content\/uploads\/2024\/05\/\u56fe\u7247104.png 697w, https:\/\/www.xminsulation.com\/wp-content\/uploads\/2024\/05\/\u56fe\u7247104-300x196.png 300w, https:\/\/www.xminsulation.com\/wp-content\/uploads\/2024\/05\/\u56fe\u7247104-600x393.png 600w\" sizes=\"(max-width: 697px) 100vw, 697px\" \/><\/p>\n<h2><strong><b>Technique <\/b><\/strong><strong><b>P.<\/b><\/strong><strong><b>param\u00e8tres de <\/b><\/strong><strong><b>C<\/b><\/strong><strong><b>capable <\/b><\/strong><strong><b>B<\/b><\/strong><strong><b>ranch <\/b><\/strong><strong><b>B<\/b><\/strong><strong><b>b\u0153uf <\/b><\/strong><strong><b>w<\/b><\/strong><strong><b>avec SF6 <\/b><\/strong><strong><b>L<\/b><\/strong><strong><b>charge <\/b><\/strong><strong><b>S<\/b><\/strong><strong><b>sorci\u00e8re<\/b><\/strong><\/h2>\n<p><img loading=\"lazy\" decoding=\"async\" class=\"alignnone wp-image-1256 size-full\" src=\"http:\/\/www.xminsulation.com\/wp-content\/uploads\/2024\/05\/\u56fe\u7247105.png\" alt=\"\" width=\"1000\" height=\"442\" srcset=\"https:\/\/www.xminsulation.com\/wp-content\/uploads\/2024\/05\/\u56fe\u7247105.png 1000w, https:\/\/www.xminsulation.com\/wp-content\/uploads\/2024\/05\/\u56fe\u7247105-300x133.png 300w, https:\/\/www.xminsulation.com\/wp-content\/uploads\/2024\/05\/\u56fe\u7247105-768x339.png 768w, https:\/\/www.xminsulation.com\/wp-content\/uploads\/2024\/05\/\u56fe\u7247105-600x265.png 600w\" sizes=\"(max-width: 1000px) 100vw, 1000px\" \/><\/p>\n<h2><strong><b>De construction <\/b><\/strong><strong><b>E<\/b><\/strong><strong><b>exemple de <\/b><\/strong><strong><b>C<\/b><\/strong><strong><b>capable <\/b><\/strong><strong><b>B<\/b><\/strong><strong><b>ranch <\/b><\/strong><strong><b>B<\/b><\/strong><strong><b>b\u0153uf <\/b><\/strong><strong><b>w<\/b><\/strong><strong><b>avec SF6 <\/b><\/strong><strong><b>L<\/b><\/strong><strong><b>charge <\/b><\/strong><strong><b>S<\/b><\/strong><strong><b>sorci\u00e8re<\/b><\/strong><\/h2>\n<p><strong><b> <img loading=\"lazy\" decoding=\"async\" class=\"alignnone wp-image-1257 size-full\" src=\"http:\/\/www.xminsulation.com\/wp-content\/uploads\/2024\/05\/\u56fe\u7247106.png\" alt=\"\" width=\"875\" height=\"539\" srcset=\"https:\/\/www.xminsulation.com\/wp-content\/uploads\/2024\/05\/\u56fe\u7247106.png 875w, https:\/\/www.xminsulation.com\/wp-content\/uploads\/2024\/05\/\u56fe\u7247106-300x185.png 300w, https:\/\/www.xminsulation.com\/wp-content\/uploads\/2024\/05\/\u56fe\u7247106-768x473.png 768w, https:\/\/www.xminsulation.com\/wp-content\/uploads\/2024\/05\/\u56fe\u7247106-600x370.png 600w\" sizes=\"(max-width: 875px) 100vw, 875px\" \/> <img loading=\"lazy\" decoding=\"async\" class=\"alignnone wp-image-1258 size-full\" src=\"http:\/\/www.xminsulation.com\/wp-content\/uploads\/2024\/05\/\u56fe\u7247107.png\" alt=\"\" width=\"781\" height=\"411\" srcset=\"https:\/\/www.xminsulation.com\/wp-content\/uploads\/2024\/05\/\u56fe\u7247107.png 781w, https:\/\/www.xminsulation.com\/wp-content\/uploads\/2024\/05\/\u56fe\u7247107-300x158.png 300w, https:\/\/www.xminsulation.com\/wp-content\/uploads\/2024\/05\/\u56fe\u7247107-768x404.png 768w, https:\/\/www.xminsulation.com\/wp-content\/uploads\/2024\/05\/\u56fe\u7247107-600x316.png 600w\" sizes=\"(max-width: 781px) 100vw, 781px\" \/><\/b><\/strong><\/p>\n<h2><strong><b>C\u00e2ble <\/b><\/strong><strong><b>B<\/b><\/strong><strong><b>ranch <\/b><\/strong><strong><b>B<\/b><\/strong><strong><b>b\u0153uf <\/b><\/strong><strong><b>C<\/b><\/strong><strong><b>configuration <\/b><\/strong><strong><b>S<\/b><\/strong><strong><b>cheme avec SF6 <\/b><\/strong><strong><b>L<\/b><\/strong><strong><b>charge <\/b><\/strong><strong><b>S<\/b><\/strong><strong><b>sorci\u00e8re<\/b><\/strong><\/h2>\n<p><strong><b> <img loading=\"lazy\" decoding=\"async\" class=\"alignnone wp-image-1259 size-full\" src=\"http:\/\/www.xminsulation.com\/wp-content\/uploads\/2024\/05\/\u56fe\u7247108.png\" alt=\"\" width=\"1106\" height=\"1112\" srcset=\"https:\/\/www.xminsulation.com\/wp-content\/uploads\/2024\/05\/\u56fe\u7247108.png 1106w, https:\/\/www.xminsulation.com\/wp-content\/uploads\/2024\/05\/\u56fe\u7247108-298x300.png 298w, https:\/\/www.xminsulation.com\/wp-content\/uploads\/2024\/05\/\u56fe\u7247108-1018x1024.png 1018w, https:\/\/www.xminsulation.com\/wp-content\/uploads\/2024\/05\/\u56fe\u7247108-150x150.png 150w, https:\/\/www.xminsulation.com\/wp-content\/uploads\/2024\/05\/\u56fe\u7247108-768x772.png 768w, https:\/\/www.xminsulation.com\/wp-content\/uploads\/2024\/05\/\u56fe\u7247108-600x603.png 600w, https:\/\/www.xminsulation.com\/wp-content\/uploads\/2024\/05\/\u56fe\u7247108-100x100.png 100w\" sizes=\"(max-width: 1106px) 100vw, 1106px\" \/><\/b><\/strong><\/p>\n<h2><strong><b>C\u00e2ble <\/b><\/strong><strong><b>B<\/b><\/strong><strong><b>ranch <\/b><\/strong><strong><b>B<\/b><\/strong><strong><b>b\u0153uf <\/b><\/strong><strong><b>C<\/b><\/strong><strong><b>configuration avec SF6 <\/b><\/strong><strong><b>L<\/b><\/strong><strong><b>charge <\/b><\/strong><strong><b>S<\/b><\/strong><strong><b>sorci\u00e8re<\/b><\/strong><\/h2>\n<p>&nbsp;<\/p>\n<h2><strong><b> <img loading=\"lazy\" decoding=\"async\" class=\"alignnone wp-image-1260 size-full\" src=\"http:\/\/www.xminsulation.com\/wp-content\/uploads\/2024\/05\/\u56fe\u7247109.png\" alt=\"\" width=\"686\" height=\"333\" srcset=\"https:\/\/www.xminsulation.com\/wp-content\/uploads\/2024\/05\/\u56fe\u7247109.png 686w, https:\/\/www.xminsulation.com\/wp-content\/uploads\/2024\/05\/\u56fe\u7247109-300x146.png 300w, https:\/\/www.xminsulation.com\/wp-content\/uploads\/2024\/05\/\u56fe\u7247109-600x291.png 600w\" sizes=\"(max-width: 686px) 100vw, 686px\" \/><\/b><\/strong><\/h2>\n<p>&nbsp;<\/p>\n<h2><strong><b>C\u00e2ble <\/b><\/strong><strong><b>B<\/b><\/strong><strong><b>ranch <\/b><\/strong><strong><b>B<\/b><\/strong><strong><b>b\u0153uf <\/b><\/strong><strong><b>L<\/b><\/strong><strong><b>avec <\/b><\/strong><strong><b>V<\/b><\/strong><strong><b>aspirateur <\/b><\/strong><strong><b>L<\/b><\/strong><strong><b>charge <\/b><\/strong><strong><b>S<\/b><\/strong><strong><b>sorci\u00e8re (<\/b><\/strong><strong><b>V<\/b><\/strong><strong><b>aspirateur <\/b><\/strong><strong><b>C<\/b><\/strong><strong><b>circuit <\/b><\/strong><strong><b>B<\/b><\/strong><strong><b>(r\u00e9acteur)<\/b><\/strong><\/h2>\n<p>Il est \u00e9quip\u00e9 de disjoncteurs \u00e0 vide de haute qualit\u00e9, de lignes d&#039;entr\u00e9e et de sortie gauche et droite intelligemment s\u00e9par\u00e9es, d&#039;une structure minimaliste et d&#039;une configuration de c\u00e2bles ultra-performante, avec jusqu&#039;\u00e0 8 lignes d&#039;entr\u00e9e et de sortie. Ce bo\u00eetier de d\u00e9rivation conserve les avantages d&#039;un bo\u00eetier de d\u00e9rivation traditionnel et pr\u00e9sente \u00e9galement certains avantages d&#039;un bo\u00eetier principal en anneau. C&#039;est un \u00e9quipement id\u00e9al pour la transformation des r\u00e9seaux urbains. Compact, sans entretien, \u00e9conomique, hautement fiable, simple d&#039;installation et pratique d&#039;utilisation.<\/p>\n<p>Le bo\u00eetier de d\u00e9rivation avec interrupteur de charge \u00e0 vide se caract\u00e9rise par trois compartiments, dont un \u00e9tanche. Le m\u00e9canisme de commande de l&#039;interrupteur de charge est situ\u00e9 directement devant le bo\u00eetier et peut \u00eatre actionn\u00e9 manuellement ou \u00e9lectriquement. Le compartiment c\u00e2bles contient les pieux de c\u00e2bles. Le terminal de c\u00e2ble est connect\u00e9 \u00e0 l&#039;interrupteur de charge. Le compartiment c\u00e2bles peut \u00eatre prot\u00e9g\u00e9 par un fusible si la conception l&#039;exige. La conception diversifi\u00e9e permet la mise en \u0153uvre de fonctions telles que la t\u00e9l\u00e9m\u00e9trie, la t\u00e9l\u00e9commande et la signalisation \u00e0 distance.<\/p>\n<p><strong><b><img loading=\"lazy\" decoding=\"async\" class=\"alignnone wp-image-1261 size-full\" src=\"http:\/\/www.xminsulation.com\/wp-content\/uploads\/2024\/05\/\u56fe\u7247110.png\" alt=\"\" width=\"1000\" height=\"408\" srcset=\"https:\/\/www.xminsulation.com\/wp-content\/uploads\/2024\/05\/\u56fe\u7247110.png 1000w, https:\/\/www.xminsulation.com\/wp-content\/uploads\/2024\/05\/\u56fe\u7247110-300x122.png 300w, https:\/\/www.xminsulation.com\/wp-content\/uploads\/2024\/05\/\u56fe\u7247110-768x313.png 768w, https:\/\/www.xminsulation.com\/wp-content\/uploads\/2024\/05\/\u56fe\u7247110-600x245.png 600w\" sizes=\"(max-width: 1000px) 100vw, 1000px\" \/> <img loading=\"lazy\" decoding=\"async\" class=\"alignnone wp-image-1262 size-full\" src=\"http:\/\/www.xminsulation.com\/wp-content\/uploads\/2024\/05\/\u56fe\u7247111.png\" alt=\"\" width=\"1000\" height=\"590\" srcset=\"https:\/\/www.xminsulation.com\/wp-content\/uploads\/2024\/05\/\u56fe\u7247111.png 1000w, https:\/\/www.xminsulation.com\/wp-content\/uploads\/2024\/05\/\u56fe\u7247111-300x177.png 300w, https:\/\/www.xminsulation.com\/wp-content\/uploads\/2024\/05\/\u56fe\u7247111-768x453.png 768w, https:\/\/www.xminsulation.com\/wp-content\/uploads\/2024\/05\/\u56fe\u7247111-600x354.png 600w\" sizes=\"(max-width: 1000px) 100vw, 1000px\" \/><\/b><\/strong><\/p>\n<h2><strong><b>Sch\u00e9ma typique du syst\u00e8me primaire<\/b><\/strong><\/h2>\n<p><strong><b><img loading=\"lazy\" decoding=\"async\" class=\"alignnone wp-image-1263 size-full\" src=\"http:\/\/www.xminsulation.com\/wp-content\/uploads\/2024\/05\/\u56fe\u7247112.png\" alt=\"\" width=\"1000\" height=\"1367\" srcset=\"https:\/\/www.xminsulation.com\/wp-content\/uploads\/2024\/05\/\u56fe\u7247112.png 1000w, https:\/\/www.xminsulation.com\/wp-content\/uploads\/2024\/05\/\u56fe\u7247112-219x300.png 219w, https:\/\/www.xminsulation.com\/wp-content\/uploads\/2024\/05\/\u56fe\u7247112-749x1024.png 749w, https:\/\/www.xminsulation.com\/wp-content\/uploads\/2024\/05\/\u56fe\u7247112-768x1050.png 768w, https:\/\/www.xminsulation.com\/wp-content\/uploads\/2024\/05\/\u56fe\u7247112-600x820.png 600w\" sizes=\"(max-width: 1000px) 100vw, 1000px\" \/><\/b><\/strong><\/p>\n<p><strong><b>\u00a0<\/b><\/strong><\/p>\n<div class=\"wxts\">\n<h2>\u25c6Personnalisation sp\u00e9ciale<\/h2>\n<p>Les param\u00e8tres ci-dessus sont des donn\u00e9es typiques\u00a0; si les styles existants ne r\u00e9pondent pas \u00e0 vos demandes sp\u00e9cifiques, veuillez nous contacter pour une conception personnalis\u00e9e. Nous disposons d&#039;importantes comp\u00e9tences en mati\u00e8re de d\u00e9veloppement et de production de personnalisation personnalis\u00e9e, nous permettant de fournir des solutions sur mesure aux clients du monde entier.<\/p>\n<\/div>","protected":false},"excerpt":{"rendered":"<p>General Information This product adopts a high-performance sulfur hexafluoride load switch with built-in SF6 insulating gas and a touch-shielded imported synthetic rubber cable joint. It has strong breaking ability of active load and no-load cable current and closing ability of short-circuit current. And can be equipped with lightning arresters and ground fault indicators according to [&hellip;]<\/p>","protected":false},"featured_media":1252,"template":"","meta":{"site-sidebar-layout":"default","site-content-layout":"","ast-site-content-layout":"default","site-content-style":"default","site-sidebar-style":"default","ast-global-header-display":"","ast-banner-title-visibility":"","ast-main-header-display":"","ast-hfb-above-header-display":"","ast-hfb-below-header-display":"","ast-hfb-mobile-header-display":"","site-post-title":"","ast-breadcrumbs-content":"","ast-featured-img":"","footer-sml-layout":"","theme-transparent-header-meta":"default","adv-header-id-meta":"","stick-header-meta":"","header-above-stick-meta":"","header-main-stick-meta":"","header-below-stick-meta":"","astra-migrate-meta-layouts":"set","ast-page-background-enabled":"default","ast-page-background-meta":{"desktop":{"background-color":"","background-image":"","background-repeat":"repeat","background-position":"center center","background-size":"auto","background-attachment":"scroll","background-type":"","background-media":"","overlay-type":"","overlay-color":"","overlay-gradient":""},"tablet":{"background-color":"","background-image":"","background-repeat":"repeat","background-position":"center center","background-size":"auto","background-attachment":"scroll","background-type":"","background-media":"","overlay-type":"","overlay-color":"","overlay-gradient":""},"mobile":{"background-color":"","background-image":"","background-repeat":"repeat","background-position":"center center","background-size":"auto","background-attachment":"scroll","background-type":"","background-media":"","overlay-type":"","overlay-color":"","overlay-gradient":""}},"ast-content-background-meta":{"desktop":{"background-color":"var(--ast-global-color-5)","background-image":"","background-repeat":"repeat","background-position":"center center","background-size":"auto","background-attachment":"scroll","background-type":"","background-media":"","overlay-type":"","overlay-color":"","overlay-gradient":""},"tablet":{"background-color":"var(--ast-global-color-5)","background-image":"","background-repeat":"repeat","background-position":"center center","background-size":"auto","background-attachment":"scroll","background-type":"","background-media":"","overlay-type":"","overlay-color":"","overlay-gradient":""},"mobile":{"background-color":"var(--ast-global-color-5)","background-image":"","background-repeat":"repeat","background-position":"center center","background-size":"auto","background-attachment":"scroll","background-type":"","background-media":"","overlay-type":"","overlay-color":"","overlay-gradient":""}}},"product_cat":[40],"product_tag":[],"class_list":{"0":"post-1251","1":"product","2":"type-product","3":"status-publish","4":"has-post-thumbnail","6":"product_cat-10-35kv-high-voltage-cable-branch-box","7":"desktop-align-left","8":"tablet-align-left","9":"mobile-align-left","11":"first","12":"instock","13":"shipping-taxable","14":"product-type-simple"},"_links":{"self":[{"href":"https:\/\/www.xminsulation.com\/fr\/wp-json\/wp\/v2\/product\/1251","targetHints":{"allow":["GET"]}}],"collection":[{"href":"https:\/\/www.xminsulation.com\/fr\/wp-json\/wp\/v2\/product"}],"about":[{"href":"https:\/\/www.xminsulation.com\/fr\/wp-json\/wp\/v2\/types\/product"}],"wp:featuredmedia":[{"embeddable":true,"href":"https:\/\/www.xminsulation.com\/fr\/wp-json\/wp\/v2\/media\/1252"}],"wp:attachment":[{"href":"https:\/\/www.xminsulation.com\/fr\/wp-json\/wp\/v2\/media?parent=1251"}],"wp:term":[{"taxonomy":"product_cat","embeddable":true,"href":"https:\/\/www.xminsulation.com\/fr\/wp-json\/wp\/v2\/product_cat?post=1251"},{"taxonomy":"product_tag","embeddable":true,"href":"https:\/\/www.xminsulation.com\/fr\/wp-json\/wp\/v2\/product_tag?post=1251"}],"curies":[{"name":"wp","href":"https:\/\/api.w.org\/{rel}","templated":true}]}}