{"id":1239,"date":"2024-05-07T11:03:22","date_gmt":"2024-05-07T03:03:22","guid":{"rendered":"http:\/\/www.xminsulation.com\/?post_type=product&#038;p=1239"},"modified":"2024-05-15T16:34:57","modified_gmt":"2024-05-15T08:34:57","slug":"200-600a-high-voltage-cable-branch-box-american-style","status":"publish","type":"product","link":"https:\/\/www.xminsulation.com\/fr\/product\/200-600a-high-voltage-cable-branch-box-american-style\/","title":{"rendered":"Bo\u00eete de d\u00e9rivation de c\u00e2bles haute tension 200\/600 A (style am\u00e9ricain)"},"content":{"rendered":"<p><img fetchpriority=\"high\" decoding=\"async\" class=\"alignnone wp-image-1241 size-full\" src=\"http:\/\/www.xminsulation.com\/wp-content\/uploads\/2024\/05\/\u56fe\u724793-1.jpg\" alt=\"\" width=\"1000\" height=\"1000\" srcset=\"https:\/\/www.xminsulation.com\/wp-content\/uploads\/2024\/05\/\u56fe\u724793-1.jpg 1000w, https:\/\/www.xminsulation.com\/wp-content\/uploads\/2024\/05\/\u56fe\u724793-1-300x300.jpg 300w, https:\/\/www.xminsulation.com\/wp-content\/uploads\/2024\/05\/\u56fe\u724793-1-150x150.jpg 150w, https:\/\/www.xminsulation.com\/wp-content\/uploads\/2024\/05\/\u56fe\u724793-1-768x768.jpg 768w, https:\/\/www.xminsulation.com\/wp-content\/uploads\/2024\/05\/\u56fe\u724793-1-600x600.jpg 600w, https:\/\/www.xminsulation.com\/wp-content\/uploads\/2024\/05\/\u56fe\u724793-1-100x100.jpg 100w\" sizes=\"(max-width: 1000px) 100vw, 1000px\" \/> <img decoding=\"async\" class=\"alignnone wp-image-1242 size-full\" src=\"http:\/\/www.xminsulation.com\/wp-content\/uploads\/2024\/05\/\u56fe\u724794.png\" alt=\"\" width=\"1000\" height=\"752\" srcset=\"https:\/\/www.xminsulation.com\/wp-content\/uploads\/2024\/05\/\u56fe\u724794.png 1000w, https:\/\/www.xminsulation.com\/wp-content\/uploads\/2024\/05\/\u56fe\u724794-300x226.png 300w, https:\/\/www.xminsulation.com\/wp-content\/uploads\/2024\/05\/\u56fe\u724794-768x578.png 768w, https:\/\/www.xminsulation.com\/wp-content\/uploads\/2024\/05\/\u56fe\u724794-600x451.png 600w\" sizes=\"(max-width: 1000px) 100vw, 1000px\" \/><\/p>\n<h2><strong><b>Informations g\u00e9n\u00e9rales<\/b><\/strong><\/h2>\n<p>Les bo\u00eetiers de distribution de c\u00e2bles de style am\u00e9ricain fabriqu\u00e9s par l&#039;entreprise, caract\u00e9ris\u00e9s par d&#039;excellentes performances, une conception standardis\u00e9e et une esth\u00e9tique \u00e9l\u00e9gante, sont largement utilis\u00e9s dans les \u00e9quipements de c\u00e2blage des r\u00e9seaux de distribution. Ils sont utilis\u00e9s dans les grands parcs industriels, les zones r\u00e9sidentielles et les villes dens\u00e9ment peupl\u00e9es. Ils sont largement utilis\u00e9s dans divers lieux tels que les quartiers, les centres commerciaux et les immeubles de grande hauteur. Ils se caract\u00e9risent par une ouverture de porte unidirectionnelle et un jeu de barres horizontal multipasses. Ils pr\u00e9sentent des avantages significatifs tels qu&#039;une faible largeur, une combinaison flexible, une isolation et une \u00e9tanch\u00e9it\u00e9 totales. Selon le courant nominal, ils peuvent g\u00e9n\u00e9ralement \u00eatre divis\u00e9s en deux types\u00a0: circuit principal 600\u00a0A et circuit de d\u00e9rivation 200\u00a0A. Le circuit principal 600\u00a0A adopte une connexion fixe par boulon \u00e0 vis\u00a0; le circuit de d\u00e9rivation 200\u00a0A adopte une connexion enfichable et peut \u00eatre branch\u00e9 et branch\u00e9 sous charge.<\/p>\n<h2><strong><b>Produit <\/b><\/strong><strong><b>Caract\u00e9ristiques<\/b><\/strong><\/h2>\n<ol>\n<li>Structure compacte, faible encombrement, installation facile, fonctionnement simple et sans entretien.<\/li>\n<li>Le corps du bo\u00eetier est enti\u00e8rement fabriqu\u00e9 en t\u00f4le d&#039;acier ou en acier inoxydable de 2 mm d&#039;\u00e9paisseur. Il b\u00e9n\u00e9ficie d&#039;une conception anticorrosion et d&#039;un traitement sp\u00e9cial de peinture par pulv\u00e9risation pour une fiabilit\u00e9 optimale dans les environnements difficiles (dur\u00e9e de vie \u2265 30 ans).<\/li>\n<li>Structure ext\u00e9rieure toutes saisons, enti\u00e8rement protectrice, adapt\u00e9e aux temp\u00e9ratures \u00e9lev\u00e9es, au froid intense, \u00e0 l&#039;immersion dans les inondations et aux zones \u00e0 forte poussi\u00e8re.<\/li>\n<li>Structure enti\u00e8rement scell\u00e9e et enti\u00e8rement isol\u00e9e, aucune distance d&#039;isolation requise, toutes les pi\u00e8ces sous tension haute tension sont des connecteurs de c\u00e2bles pr\u00e9fabriqu\u00e9s en caoutchouc de silicone ou en EPDM, garantissant efficacement la s\u00e9curit\u00e9 personnelle.<\/li>\n<li>La combinaison flexible permet d&#039;atteindre sept branches de sortie, compatibles avec le SF. Le commutateur de charge forme un r\u00e9seau en boucle pour l&#039;alimentation \u00e9lectrique, r\u00e9pondant parfaitement aux exigences de c\u00e2blage vari\u00e9es.<\/li>\n<li>Le joint de c\u00e2ble peut \u00eatre utilis\u00e9 comme interrupteur, qui peut \u00eatre branch\u00e9 et d\u00e9branch\u00e9 sous charge pour interrompre le courant de charge de 200 A.<\/li>\n<li>Apr\u00e8s l&#039;installation de l&#039;indicateur de d\u00e9faut, les d\u00e9fauts du circuit peuvent \u00eatre rapidement d\u00e9tect\u00e9s.<\/li>\n<li>L&#039;investissement unique est faible, la longueur du c\u00e2ble est r\u00e9duite, la surface du b\u00e2timent n&#039;est pas occup\u00e9e et de l&#039;argent est \u00e9conomis\u00e9.<\/li>\n<li>Le connecteur de c\u00e2ble utilis\u00e9 est conforme \u00e0 la norme IEEE386.<\/li>\n<li>Tous les raccords de c\u00e2bles sont adapt\u00e9s aux c\u00e2bles isol\u00e9s en poly\u00e9thyl\u00e8ne r\u00e9ticul\u00e9. Le raccord 200 A convient aux c\u00e2bles d&#039;une section de 35 \u00e0 180 mm\u00b2\u00a0; le raccord 600 A convient aux c\u00e2bles d&#039;une section de 25 \u00e0 500 mm\u00b2.<\/li>\n<\/ol>\n<p><img decoding=\"async\" class=\"alignnone wp-image-1243 size-full\" src=\"http:\/\/www.xminsulation.com\/wp-content\/uploads\/2024\/05\/\u56fe\u724795.png\" alt=\"\" width=\"1234\" height=\"968\" srcset=\"https:\/\/www.xminsulation.com\/wp-content\/uploads\/2024\/05\/\u56fe\u724795.png 1234w, https:\/\/www.xminsulation.com\/wp-content\/uploads\/2024\/05\/\u56fe\u724795-300x235.png 300w, https:\/\/www.xminsulation.com\/wp-content\/uploads\/2024\/05\/\u56fe\u724795-1024x803.png 1024w, https:\/\/www.xminsulation.com\/wp-content\/uploads\/2024\/05\/\u56fe\u724795-768x602.png 768w, https:\/\/www.xminsulation.com\/wp-content\/uploads\/2024\/05\/\u56fe\u724795-600x471.png 600w\" sizes=\"(max-width: 1234px) 100vw, 1234px\" \/><\/p>\n<h2><strong><b>Usage <\/b><\/strong><strong><b>E<\/b><\/strong><strong><b>environnement<\/b><\/strong><\/h2>\n<ol>\n<li>Temp\u00e9rature ambiante de phase : temp\u00e9rature maximale : +40\u2103, temp\u00e9rature minimale : -30\u2103.<\/li>\n<li>Vitesse du vent : lorsque 34 m\/s (pas plus de 700 Pa).<\/li>\n<li>Humidit\u00e9 : L&#039;humidit\u00e9 relative moyenne quotidienne n&#039;est pas sup\u00e9rieure \u00e0 95% ; l&#039;humidit\u00e9 relative moyenne mensuelle n&#039;est pas sup\u00e9rieure \u00e0 95%.<\/li>\n<li>R\u00e9sistant aux chocs : l&#039;acc\u00e9l\u00e9ration horizontale n&#039;est pas sup\u00e9rieure \u00e0 0,4 m\/s2 et l&#039;acc\u00e9l\u00e9ration verticale n&#039;est pas sup\u00e9rieure \u00e0 0,15 m\/s2.<\/li>\n<li>L&#039;inclinaison du site d&#039;installation : pas plus de 3\u00b0.<\/li>\n<li>Environnement d&#039;installation : L&#039;air ambiant ne doit pas \u00eatre significativement contamin\u00e9 par des gaz corrosifs et inflammables, de la vapeur d&#039;eau, etc., et il ne doit pas y avoir de vibrations importantes sur le site d&#039;installation.<\/li>\n<\/ol>\n<h2><strong><b>Armoire <\/b><\/strong><strong><b>C<\/b><\/strong><strong><b>configuration <\/b><\/strong><strong><b>P.<\/b><\/strong><strong><b>r\u00e9seau local<\/b><\/strong><\/h2>\n<p><img loading=\"lazy\" decoding=\"async\" class=\"alignnone wp-image-1244 size-full\" src=\"http:\/\/www.xminsulation.com\/wp-content\/uploads\/2024\/05\/\u56fe\u724796.png\" alt=\"\" width=\"842\" height=\"1246\" srcset=\"https:\/\/www.xminsulation.com\/wp-content\/uploads\/2024\/05\/\u56fe\u724796.png 842w, https:\/\/www.xminsulation.com\/wp-content\/uploads\/2024\/05\/\u56fe\u724796-203x300.png 203w, https:\/\/www.xminsulation.com\/wp-content\/uploads\/2024\/05\/\u56fe\u724796-692x1024.png 692w, https:\/\/www.xminsulation.com\/wp-content\/uploads\/2024\/05\/\u56fe\u724796-768x1136.png 768w, https:\/\/www.xminsulation.com\/wp-content\/uploads\/2024\/05\/\u56fe\u724796-600x888.png 600w\" sizes=\"(max-width: 842px) 100vw, 842px\" \/><\/p>\n<h2><strong><b>Am\u00e9ricain <\/b><\/strong><strong><b>C<\/b><\/strong><strong><b>capable <\/b><\/strong><strong><b>D<\/b><\/strong><strong><b>distribution <\/b><\/strong><strong><b>B<\/b><\/strong><strong><b>b\u0153uf <\/b><\/strong><strong><b>S<\/b><\/strong><strong><b>structure <\/b><\/strong><strong><b>E<\/b><\/strong><strong><b>exemple <\/b><\/strong><strong><b>D<\/b><\/strong><strong><b>iagramme<\/b><\/strong><\/h2>\n<p>&nbsp;<\/p>\n<p>Si le bo\u00eetier de distribution de c\u00e2bles ne peut pas \u00eatre plac\u00e9 en raison de limitations du site, les joints de c\u00e2bles peuvent \u00eatre directement combin\u00e9s pour former plusieurs branches de c\u00e2bles (aucun jeu de barres n&#039;est requis, voir la m\u00e9thode de connexion ci-dessous) et plac\u00e9s dans la tranch\u00e9e de c\u00e2bles ou \u00e0 d&#039;autres endroits.<\/p>\n<p>Exemple 1 : Quatre lignes entrantes et sortantes (2x600A+2x200A).<\/p>\n<p>Chaque groupe est compos\u00e9 de deux connecteurs de c\u00e2ble T-II, de deux connecteurs coud\u00e9s et d&#039;un connecteur interm\u00e9diaire. Le raccord de c\u00e2ble T-II 200 A est reli\u00e9 d&#039;un c\u00f4t\u00e9 \u00e0 un raccord coud\u00e9 (et de l&#039;autre \u00e0 un parafoudre \u00e0 oxyde enti\u00e8rement isol\u00e9).<\/p>\n<p>Exemple 2 : Trois lignes entrantes et sortantes (3x600A).<\/p>\n<p>Chaque phase se compose de trois connecteurs de c\u00e2bles en forme de T et de deux connecteurs de connexion interm\u00e9diaires.<\/p>\n<p><img loading=\"lazy\" decoding=\"async\" class=\"alignnone wp-image-1245 size-full\" src=\"http:\/\/www.xminsulation.com\/wp-content\/uploads\/2024\/05\/\u56fe\u724797.jpg\" alt=\"\" width=\"1000\" height=\"1118\" srcset=\"https:\/\/www.xminsulation.com\/wp-content\/uploads\/2024\/05\/\u56fe\u724797.jpg 1000w, https:\/\/www.xminsulation.com\/wp-content\/uploads\/2024\/05\/\u56fe\u724797-268x300.jpg 268w, https:\/\/www.xminsulation.com\/wp-content\/uploads\/2024\/05\/\u56fe\u724797-916x1024.jpg 916w, https:\/\/www.xminsulation.com\/wp-content\/uploads\/2024\/05\/\u56fe\u724797-768x859.jpg 768w, https:\/\/www.xminsulation.com\/wp-content\/uploads\/2024\/05\/\u56fe\u724797-600x671.jpg 600w\" sizes=\"(max-width: 1000px) 100vw, 1000px\" \/> <img loading=\"lazy\" decoding=\"async\" class=\"alignnone wp-image-1246 size-full\" src=\"http:\/\/www.xminsulation.com\/wp-content\/uploads\/2024\/05\/\u56fe\u724798.jpg\" alt=\"\" width=\"1000\" height=\"721\" srcset=\"https:\/\/www.xminsulation.com\/wp-content\/uploads\/2024\/05\/\u56fe\u724798.jpg 1000w, https:\/\/www.xminsulation.com\/wp-content\/uploads\/2024\/05\/\u56fe\u724798-300x216.jpg 300w, https:\/\/www.xminsulation.com\/wp-content\/uploads\/2024\/05\/\u56fe\u724798-768x554.jpg 768w, https:\/\/www.xminsulation.com\/wp-content\/uploads\/2024\/05\/\u56fe\u724798-600x433.jpg 600w\" sizes=\"(max-width: 1000px) 100vw, 1000px\" \/> <img loading=\"lazy\" decoding=\"async\" class=\"alignnone wp-image-1247 size-full\" src=\"http:\/\/www.xminsulation.com\/wp-content\/uploads\/2024\/05\/\u56fe\u724799.jpg\" alt=\"\" width=\"1000\" height=\"714\" srcset=\"https:\/\/www.xminsulation.com\/wp-content\/uploads\/2024\/05\/\u56fe\u724799.jpg 1000w, https:\/\/www.xminsulation.com\/wp-content\/uploads\/2024\/05\/\u56fe\u724799-300x214.jpg 300w, https:\/\/www.xminsulation.com\/wp-content\/uploads\/2024\/05\/\u56fe\u724799-768x548.jpg 768w, https:\/\/www.xminsulation.com\/wp-content\/uploads\/2024\/05\/\u56fe\u724799-600x428.jpg 600w\" sizes=\"(max-width: 1000px) 100vw, 1000px\" \/><\/p>\n<h2><strong><b>C\u00e2ble <\/b><\/strong><strong><b>P.<\/b><\/strong><strong><b>patte <\/b><\/strong><strong><b>je<\/b><\/strong><strong><b>installation <\/b><\/strong><strong><b>D<\/b><\/strong><strong><b>iagramme<\/b><\/strong><\/h2>\n<p><img loading=\"lazy\" decoding=\"async\" class=\"alignnone wp-image-1248 size-full\" src=\"http:\/\/www.xminsulation.com\/wp-content\/uploads\/2024\/05\/\u56fe\u7247100.jpg\" alt=\"\" width=\"1000\" height=\"848\" srcset=\"https:\/\/www.xminsulation.com\/wp-content\/uploads\/2024\/05\/\u56fe\u7247100.jpg 1000w, https:\/\/www.xminsulation.com\/wp-content\/uploads\/2024\/05\/\u56fe\u7247100-300x254.jpg 300w, https:\/\/www.xminsulation.com\/wp-content\/uploads\/2024\/05\/\u56fe\u7247100-768x651.jpg 768w, https:\/\/www.xminsulation.com\/wp-content\/uploads\/2024\/05\/\u56fe\u7247100-600x509.jpg 600w\" sizes=\"(max-width: 1000px) 100vw, 1000px\" \/><\/p>\n<h2><strong><b>Am\u00e9ricain <\/b><\/strong><strong><b>C<\/b><\/strong><strong><b>capable <\/b><\/strong><strong><b>B<\/b><\/strong><strong><b>ranch <\/b><\/strong><strong><b>B<\/b><\/strong><strong><b>b\u0153uf <\/b><\/strong><strong><b>F<\/b><\/strong><strong><b>fondation <\/b><\/strong><strong><b>D<\/b><\/strong><strong><b>iagramme<\/b><\/strong><\/h2>\n<p><img loading=\"lazy\" decoding=\"async\" class=\"alignnone wp-image-1249 size-full\" src=\"http:\/\/www.xminsulation.com\/wp-content\/uploads\/2024\/05\/\u56fe\u7247101.jpg\" alt=\"\" width=\"1000\" height=\"628\" srcset=\"https:\/\/www.xminsulation.com\/wp-content\/uploads\/2024\/05\/\u56fe\u7247101.jpg 1000w, https:\/\/www.xminsulation.com\/wp-content\/uploads\/2024\/05\/\u56fe\u7247101-300x188.jpg 300w, https:\/\/www.xminsulation.com\/wp-content\/uploads\/2024\/05\/\u56fe\u7247101-768x482.jpg 768w, https:\/\/www.xminsulation.com\/wp-content\/uploads\/2024\/05\/\u56fe\u7247101-600x377.jpg 600w\" sizes=\"(max-width: 1000px) 100vw, 1000px\" \/><\/p>\n<div class=\"wxts\">\n<h2>\u25c6Personnalisation sp\u00e9ciale<\/h2>\n<p>Les param\u00e8tres ci-dessus sont des donn\u00e9es typiques\u00a0; si les styles existants ne r\u00e9pondent pas \u00e0 vos demandes sp\u00e9cifiques, veuillez nous contacter pour une conception personnalis\u00e9e. Nous disposons d&#039;importantes comp\u00e9tences en mati\u00e8re de d\u00e9veloppement et de production de personnalisation personnalis\u00e9e, nous permettant de fournir des solutions sur mesure aux clients du monde entier.<\/p>\n<\/div>","protected":false},"excerpt":{"rendered":"<p>General Information The American-style cable distribution boxes produced by the company, with their excellent performance, standardized design, and beautiful appearance, are widely used in cable engineering equipment in cable distribution network systems. They are used in major industrial parks, residential areas, and densely populated cities. It is widely recognized in various places such as districts, [&hellip;]<\/p>","protected":false},"featured_media":1250,"template":"","meta":{"site-sidebar-layout":"default","site-content-layout":"","ast-site-content-layout":"default","site-content-style":"default","site-sidebar-style":"default","ast-global-header-display":"","ast-banner-title-visibility":"","ast-main-header-display":"","ast-hfb-above-header-display":"","ast-hfb-below-header-display":"","ast-hfb-mobile-header-display":"","site-post-title":"","ast-breadcrumbs-content":"","ast-featured-img":"","footer-sml-layout":"","theme-transparent-header-meta":"default","adv-header-id-meta":"","stick-header-meta":"","header-above-stick-meta":"","header-main-stick-meta":"","header-below-stick-meta":"","astra-migrate-meta-layouts":"set","ast-page-background-enabled":"default","ast-page-background-meta":{"desktop":{"background-color":"","background-image":"","background-repeat":"repeat","background-position":"center center","background-size":"auto","background-attachment":"scroll","background-type":"","background-media":"","overlay-type":"","overlay-color":"","overlay-gradient":""},"tablet":{"background-color":"","background-image":"","background-repeat":"repeat","background-position":"center center","background-size":"auto","background-attachment":"scroll","background-type":"","background-media":"","overlay-type":"","overlay-color":"","overlay-gradient":""},"mobile":{"background-color":"","background-image":"","background-repeat":"repeat","background-position":"center center","background-size":"auto","background-attachment":"scroll","background-type":"","background-media":"","overlay-type":"","overlay-color":"","overlay-gradient":""}},"ast-content-background-meta":{"desktop":{"background-color":"var(--ast-global-color-5)","background-image":"","background-repeat":"repeat","background-position":"center center","background-size":"auto","background-attachment":"scroll","background-type":"","background-media":"","overlay-type":"","overlay-color":"","overlay-gradient":""},"tablet":{"background-color":"var(--ast-global-color-5)","background-image":"","background-repeat":"repeat","background-position":"center center","background-size":"auto","background-attachment":"scroll","background-type":"","background-media":"","overlay-type":"","overlay-color":"","overlay-gradient":""},"mobile":{"background-color":"var(--ast-global-color-5)","background-image":"","background-repeat":"repeat","background-position":"center center","background-size":"auto","background-attachment":"scroll","background-type":"","background-media":"","overlay-type":"","overlay-color":"","overlay-gradient":""}}},"product_cat":[40],"product_tag":[],"class_list":{"0":"post-1239","1":"product","2":"type-product","3":"status-publish","4":"has-post-thumbnail","6":"product_cat-10-35kv-high-voltage-cable-branch-box","7":"desktop-align-left","8":"tablet-align-left","9":"mobile-align-left","11":"first","12":"instock","13":"shipping-taxable","14":"product-type-simple"},"_links":{"self":[{"href":"https:\/\/www.xminsulation.com\/fr\/wp-json\/wp\/v2\/product\/1239","targetHints":{"allow":["GET"]}}],"collection":[{"href":"https:\/\/www.xminsulation.com\/fr\/wp-json\/wp\/v2\/product"}],"about":[{"href":"https:\/\/www.xminsulation.com\/fr\/wp-json\/wp\/v2\/types\/product"}],"wp:featuredmedia":[{"embeddable":true,"href":"https:\/\/www.xminsulation.com\/fr\/wp-json\/wp\/v2\/media\/1250"}],"wp:attachment":[{"href":"https:\/\/www.xminsulation.com\/fr\/wp-json\/wp\/v2\/media?parent=1239"}],"wp:term":[{"taxonomy":"product_cat","embeddable":true,"href":"https:\/\/www.xminsulation.com\/fr\/wp-json\/wp\/v2\/product_cat?post=1239"},{"taxonomy":"product_tag","embeddable":true,"href":"https:\/\/www.xminsulation.com\/fr\/wp-json\/wp\/v2\/product_tag?post=1239"}],"curies":[{"name":"wp","href":"https:\/\/api.w.org\/{rel}","templated":true}]}}