{"id":1226,"date":"2024-05-07T10:55:07","date_gmt":"2024-05-07T02:55:07","guid":{"rendered":"http:\/\/www.xminsulation.com\/?post_type=product&#038;p=1226"},"modified":"2024-05-15T16:35:26","modified_gmt":"2024-05-15T08:35:26","slug":"10-24-35km-high-voltage-cable-branch-box-european-style","status":"publish","type":"product","link":"https:\/\/www.xminsulation.com\/fr\/product\/10-24-35km-high-voltage-cable-branch-box-european-style\/","title":{"rendered":"Bo\u00eete de d\u00e9rivation pour c\u00e2bles haute tension 10\/24\/35\u00a0km (style europ\u00e9en)"},"content":{"rendered":"<p><img fetchpriority=\"high\" decoding=\"async\" class=\"alignnone wp-image-1228 size-full\" src=\"http:\/\/www.xminsulation.com\/wp-content\/uploads\/2024\/05\/\u56fe\u724782-1.jpg\" alt=\"\" width=\"1000\" height=\"1000\" srcset=\"https:\/\/www.xminsulation.com\/wp-content\/uploads\/2024\/05\/\u56fe\u724782-1.jpg 1000w, https:\/\/www.xminsulation.com\/wp-content\/uploads\/2024\/05\/\u56fe\u724782-1-300x300.jpg 300w, https:\/\/www.xminsulation.com\/wp-content\/uploads\/2024\/05\/\u56fe\u724782-1-150x150.jpg 150w, https:\/\/www.xminsulation.com\/wp-content\/uploads\/2024\/05\/\u56fe\u724782-1-768x768.jpg 768w, https:\/\/www.xminsulation.com\/wp-content\/uploads\/2024\/05\/\u56fe\u724782-1-600x600.jpg 600w, https:\/\/www.xminsulation.com\/wp-content\/uploads\/2024\/05\/\u56fe\u724782-1-100x100.jpg 100w\" sizes=\"(max-width: 1000px) 100vw, 1000px\" \/> <img decoding=\"async\" class=\"alignnone wp-image-1229 size-full\" src=\"http:\/\/www.xminsulation.com\/wp-content\/uploads\/2024\/05\/\u56fe\u724783.png\" alt=\"\" width=\"651\" height=\"696\" srcset=\"https:\/\/www.xminsulation.com\/wp-content\/uploads\/2024\/05\/\u56fe\u724783.png 651w, https:\/\/www.xminsulation.com\/wp-content\/uploads\/2024\/05\/\u56fe\u724783-281x300.png 281w, https:\/\/www.xminsulation.com\/wp-content\/uploads\/2024\/05\/\u56fe\u724783-600x641.png 600w\" sizes=\"(max-width: 651px) 100vw, 651px\" \/> <img decoding=\"async\" class=\"alignnone wp-image-1230 size-full\" src=\"http:\/\/www.xminsulation.com\/wp-content\/uploads\/2024\/05\/\u56fe\u724784.png\" alt=\"\" width=\"766\" height=\"818\" srcset=\"https:\/\/www.xminsulation.com\/wp-content\/uploads\/2024\/05\/\u56fe\u724784.png 766w, https:\/\/www.xminsulation.com\/wp-content\/uploads\/2024\/05\/\u56fe\u724784-281x300.png 281w, https:\/\/www.xminsulation.com\/wp-content\/uploads\/2024\/05\/\u56fe\u724784-600x641.png 600w\" sizes=\"(max-width: 766px) 100vw, 766px\" \/> <img loading=\"lazy\" decoding=\"async\" class=\"alignnone wp-image-1231 size-full\" src=\"http:\/\/www.xminsulation.com\/wp-content\/uploads\/2024\/05\/\u56fe\u724785.png\" alt=\"\" width=\"783\" height=\"826\" srcset=\"https:\/\/www.xminsulation.com\/wp-content\/uploads\/2024\/05\/\u56fe\u724785.png 783w, https:\/\/www.xminsulation.com\/wp-content\/uploads\/2024\/05\/\u56fe\u724785-284x300.png 284w, https:\/\/www.xminsulation.com\/wp-content\/uploads\/2024\/05\/\u56fe\u724785-768x810.png 768w, https:\/\/www.xminsulation.com\/wp-content\/uploads\/2024\/05\/\u56fe\u724785-600x633.png 600w\" sizes=\"(max-width: 783px) 100vw, 783px\" \/><\/p>\n<h2><strong><b>Informations g\u00e9n\u00e9rales<\/b><\/strong><\/h2>\n<p>Les bo\u00eetes de d\u00e9rivation pour c\u00e2bles haute tension sont largement utilis\u00e9es pour les connexions de n\u0153uds dans les syst\u00e8mes de c\u00e2bles 10 kV, 24 kV et 35 kV. Elles constituent le principal \u00e9quipement \u00e9lectrique de collecte et de d\u00e9rivation des c\u00e2bles apr\u00e8s leur sortie de l&#039;armoire de commande. Les jonctions de c\u00e2bles de la bo\u00eete de d\u00e9rivation sont \u00e9troitement isol\u00e9es avec du caoutchouc import\u00e9 de haute qualit\u00e9 et ne comportent aucune pi\u00e8ce sous tension expos\u00e9e\u00a0; les interrupteurs de la bo\u00eete de d\u00e9rivation sont tous des interrupteurs de charge isol\u00e9s au SF6.<\/p>\n<p>Le bo\u00eetier de d\u00e9rivation est con\u00e7u pour un fonctionnement ext\u00e9rieur sans entretien, s\u00fbr et fiable. Son indice de protection atteint IP33 et le bo\u00eetier de d\u00e9rivation enterr\u00e9 r\u00e9siste aux inondations. Ce produit est largement utilis\u00e9 dans les r\u00e9seaux de distribution des zones industrielles urbaines, des zones r\u00e9sidentielles, des centres commerciaux, des zones mini\u00e8res et des grandes entreprises telles que l&#039;acier, l&#039;automobile, le p\u00e9trole, la chimie, le ciment, etc. Il est particuli\u00e8rement adapt\u00e9 aux projets de transformation du r\u00e9seau \u00e9lectrique urbain et permet d&#039;\u00e9conomiser consid\u00e9rablement les \u00e9quipements \u00e9lectriques et les c\u00e2bles, am\u00e9liorant ainsi la fiabilit\u00e9 de l&#039;alimentation \u00e9lectrique.<\/p>\n<h2><strong><b>Produit <\/b><\/strong><strong><b>Caract\u00e9ristiques<\/b><\/strong><\/h2>\n<ol>\n<li>Structure compacte, faible encombrement, installation facile, fonctionnement simple et sans entretien.<\/li>\n<li>Le corps du bo\u00eetier est enti\u00e8rement fabriqu\u00e9 en t\u00f4le d&#039;acier ou en acier inoxydable de 2 mm d&#039;\u00e9paisseur. Il b\u00e9n\u00e9ficie d&#039;une conception anticorrosion et d&#039;un traitement sp\u00e9cial de peinture par pulv\u00e9risation pour une fiabilit\u00e9 optimale dans les environnements difficiles (dur\u00e9e de vie \u2265 30 ans).<\/li>\n<li>Structure ext\u00e9rieure toutes saisons, enti\u00e8rement protectrice, adapt\u00e9e aux temp\u00e9ratures \u00e9lev\u00e9es, au froid intense, \u00e0 l&#039;immersion dans les inondations et aux zones \u00e0 forte poussi\u00e8re.<\/li>\n<li>Structure enti\u00e8rement scell\u00e9e et enti\u00e8rement isol\u00e9e, aucune distance d&#039;isolation requise, toutes les pi\u00e8ces sous tension haute tension sont des connecteurs de c\u00e2bles pr\u00e9fabriqu\u00e9s en caoutchouc de silicone ou en EPDM, garantissant efficacement la s\u00e9curit\u00e9 personnelle.<\/li>\n<li>La combinaison flexible permet d&#039;atteindre sept branches de sortie, compatibles avec le SF. Le commutateur de charge forme un r\u00e9seau en boucle pour l&#039;alimentation \u00e9lectrique, r\u00e9pondant parfaitement aux exigences de c\u00e2blage vari\u00e9es.<\/li>\n<li>Le joint de c\u00e2ble peut \u00eatre utilis\u00e9 comme interrupteur, qui peut \u00eatre branch\u00e9 et d\u00e9branch\u00e9 sous charge pour interrompre le courant de charge de 200 A.<\/li>\n<li>Apr\u00e8s l&#039;installation de l&#039;indicateur de d\u00e9faut, les d\u00e9fauts du circuit peuvent \u00eatre rapidement d\u00e9tect\u00e9s.<\/li>\n<li>L&#039;investissement unique est faible, la longueur du c\u00e2ble est r\u00e9duite, la surface du b\u00e2timent n&#039;est pas occup\u00e9e et de l&#039;argent est \u00e9conomis\u00e9.<\/li>\n<li>Le connecteur de c\u00e2ble utilis\u00e9 est conforme \u00e0 la norme IEEE386.<\/li>\n<li>Tous les raccords de c\u00e2bles sont adapt\u00e9s aux c\u00e2bles isol\u00e9s en poly\u00e9thyl\u00e8ne r\u00e9ticul\u00e9. Le raccord 200 A convient aux c\u00e2bles d&#039;une section de 35 \u00e0 180 mm\u00b2\u00a0; le raccord 600 A convient aux c\u00e2bles d&#039;une section de 25 \u00e0 500 mm\u00b2.<\/li>\n<\/ol>\n<h2><strong><b>Param\u00e8tres techniques<\/b><\/strong><\/h2>\n<p><strong><b> <img loading=\"lazy\" decoding=\"async\" class=\"alignnone wp-image-1232 size-full\" src=\"http:\/\/www.xminsulation.com\/wp-content\/uploads\/2024\/05\/\u56fe\u724786.png\" alt=\"\" width=\"966\" height=\"736\" srcset=\"https:\/\/www.xminsulation.com\/wp-content\/uploads\/2024\/05\/\u56fe\u724786.png 966w, https:\/\/www.xminsulation.com\/wp-content\/uploads\/2024\/05\/\u56fe\u724786-300x229.png 300w, https:\/\/www.xminsulation.com\/wp-content\/uploads\/2024\/05\/\u56fe\u724786-768x585.png 768w, https:\/\/www.xminsulation.com\/wp-content\/uploads\/2024\/05\/\u56fe\u724786-600x457.png 600w\" sizes=\"(max-width: 966px) 100vw, 966px\" \/><\/b><\/strong><\/p>\n<h2><strong><b>Usage <\/b><\/strong><strong><b>E<\/b><\/strong><strong><b>environnement<\/b><\/strong><\/h2>\n<ol>\n<li>Temp\u00e9rature ambiante : temp\u00e9rature maximale : +40\u2103, temp\u00e9rature minimale : -30\u2103.<\/li>\n<li>Vitesse du vent : \u00e9quivalent \u00e0 34 m\/s (pas plus de 700 Pa).<\/li>\n<li>Humidit\u00e9 : L&#039;humidit\u00e9 relative moyenne quotidienne n&#039;est pas sup\u00e9rieure \u00e0 95% ; l&#039;humidit\u00e9 relative moyenne mensuelle n&#039;est pas sup\u00e9rieure \u00e0 95%.<\/li>\n<li>R\u00e9sistant aux chocs : l&#039;acc\u00e9l\u00e9ration horizontale n&#039;est pas sup\u00e9rieure \u00e0 0,4 m\/s2 et l&#039;acc\u00e9l\u00e9ration verticale n&#039;est pas sup\u00e9rieure \u00e0 0,15 m\/s2.<\/li>\n<li>L&#039;inclinaison du site d&#039;installation : pas plus de 3\u00b0.<\/li>\n<li>Environnement d&#039;installation : L&#039;air ambiant ne doit pas \u00eatre significativement contamin\u00e9 par des gaz corrosifs et inflammables, de la vapeur d&#039;eau, etc., et il ne doit pas y avoir de vibrations importantes sur le site d&#039;installation.<\/li>\n<\/ol>\n<h2><strong><b>C<\/b><\/strong><strong><b>configuration <\/b><\/strong><strong><b>P.<\/b><\/strong><strong><b>r\u00e9seau local<\/b><\/strong><\/h2>\n<p><img loading=\"lazy\" decoding=\"async\" class=\"alignnone wp-image-1233 size-full\" src=\"http:\/\/www.xminsulation.com\/wp-content\/uploads\/2024\/05\/\u56fe\u724787.png\" alt=\"\" width=\"1078\" height=\"1092\" srcset=\"https:\/\/www.xminsulation.com\/wp-content\/uploads\/2024\/05\/\u56fe\u724787.png 1078w, https:\/\/www.xminsulation.com\/wp-content\/uploads\/2024\/05\/\u56fe\u724787-296x300.png 296w, https:\/\/www.xminsulation.com\/wp-content\/uploads\/2024\/05\/\u56fe\u724787-1011x1024.png 1011w, https:\/\/www.xminsulation.com\/wp-content\/uploads\/2024\/05\/\u56fe\u724787-768x778.png 768w, https:\/\/www.xminsulation.com\/wp-content\/uploads\/2024\/05\/\u56fe\u724787-600x608.png 600w, https:\/\/www.xminsulation.com\/wp-content\/uploads\/2024\/05\/\u56fe\u724787-100x100.png 100w\" sizes=\"(max-width: 1078px) 100vw, 1078px\" \/> <img loading=\"lazy\" decoding=\"async\" class=\"alignnone wp-image-1234 size-full\" src=\"http:\/\/www.xminsulation.com\/wp-content\/uploads\/2024\/05\/\u56fe\u724788.png\" alt=\"\" width=\"1078\" height=\"1147\" srcset=\"https:\/\/www.xminsulation.com\/wp-content\/uploads\/2024\/05\/\u56fe\u724788.png 1078w, https:\/\/www.xminsulation.com\/wp-content\/uploads\/2024\/05\/\u56fe\u724788-282x300.png 282w, https:\/\/www.xminsulation.com\/wp-content\/uploads\/2024\/05\/\u56fe\u724788-962x1024.png 962w, https:\/\/www.xminsulation.com\/wp-content\/uploads\/2024\/05\/\u56fe\u724788-768x817.png 768w, https:\/\/www.xminsulation.com\/wp-content\/uploads\/2024\/05\/\u56fe\u724788-600x638.png 600w\" sizes=\"(max-width: 1078px) 100vw, 1078px\" \/><\/p>\n<h2><strong><b>europ\u00e9en <\/b><\/strong><strong><b>C<\/b><\/strong><strong><b>capable <\/b><\/strong><strong><b>B<\/b><\/strong><strong><b>ranch <\/b><\/strong><strong><b>B<\/b><\/strong><strong><b>b\u0153uf <\/b><\/strong><strong><b>S<\/b><\/strong><strong><b>structure <\/b><\/strong><strong><b>E<\/b><\/strong><strong><b>exemple <\/b><\/strong><strong><b>D<\/b><\/strong><strong><b>iagramme<\/b><\/strong><\/h2>\n<p>&nbsp;<\/p>\n<p>Si le bo\u00eetier de distribution de c\u00e2bles ne peut pas \u00eatre plac\u00e9 en raison de limitations du site, les joints de c\u00e2bles peuvent \u00eatre directement combin\u00e9s pour former plusieurs branches de c\u00e2bles (aucun jeu de barres n&#039;est requis, voir la m\u00e9thode de connexion ci-dessous) et plac\u00e9s dans la tranch\u00e9e de c\u00e2bles ou \u00e0 d&#039;autres endroits.<\/p>\n<p>Exemple 1 : Quatre lignes entrantes et sortantes.<\/p>\n<p>Chaque phase est compos\u00e9e de deux connecteurs avant et arri\u00e8re de type europ\u00e9en, reli\u00e9s par un manchon central de type europ\u00e9en. Les extr\u00e9mit\u00e9s des connecteurs arri\u00e8re europ\u00e9ens sont scell\u00e9es par des isolants et des embouts semi-conducteurs.<\/p>\n<p>Exemple 2 : Deux entr\u00e9es et trois sorties.<\/p>\n<p>Chaque phase est compos\u00e9e de trois connecteurs avant et de deux connecteurs arri\u00e8re de type europ\u00e9en, reli\u00e9s par des bagues d&#039;extr\u00e9mit\u00e9 de type europ\u00e9en en leur milieu. Les extr\u00e9mit\u00e9s des connecteurs arri\u00e8re europ\u00e9ens sont scell\u00e9es par des isolants et des embouts semi-conducteurs.<\/p>\n<p><img loading=\"lazy\" decoding=\"async\" class=\"alignnone wp-image-1235 size-full\" src=\"http:\/\/www.xminsulation.com\/wp-content\/uploads\/2024\/05\/\u56fe\u724789.png\" alt=\"\" width=\"1000\" height=\"280\" srcset=\"https:\/\/www.xminsulation.com\/wp-content\/uploads\/2024\/05\/\u56fe\u724789.png 1000w, https:\/\/www.xminsulation.com\/wp-content\/uploads\/2024\/05\/\u56fe\u724789-300x84.png 300w, https:\/\/www.xminsulation.com\/wp-content\/uploads\/2024\/05\/\u56fe\u724789-768x215.png 768w, https:\/\/www.xminsulation.com\/wp-content\/uploads\/2024\/05\/\u56fe\u724789-600x168.png 600w\" sizes=\"(max-width: 1000px) 100vw, 1000px\" \/><\/p>\n<p><strong><b>Le film et le film sont des films de science-fiction<\/b><\/strong><\/p>\n<p><strong><b>C\u00e2ble <\/b><\/strong><strong><b>P.<\/b><\/strong><strong><b>patte <\/b><\/strong><strong><b>je<\/b><\/strong><strong><b>installation <\/b><\/strong><strong><b>D<\/b><\/strong><strong><b>iagramme<\/b><\/strong><\/p>\n<p><img loading=\"lazy\" decoding=\"async\" class=\"alignnone wp-image-1236 size-full\" src=\"http:\/\/www.xminsulation.com\/wp-content\/uploads\/2024\/05\/\u56fe\u724790.png\" alt=\"\" width=\"860\" height=\"720\" srcset=\"https:\/\/www.xminsulation.com\/wp-content\/uploads\/2024\/05\/\u56fe\u724790.png 860w, https:\/\/www.xminsulation.com\/wp-content\/uploads\/2024\/05\/\u56fe\u724790-300x251.png 300w, https:\/\/www.xminsulation.com\/wp-content\/uploads\/2024\/05\/\u56fe\u724790-768x643.png 768w, https:\/\/www.xminsulation.com\/wp-content\/uploads\/2024\/05\/\u56fe\u724790-600x502.png 600w\" sizes=\"(max-width: 860px) 100vw, 860px\" \/> <img loading=\"lazy\" decoding=\"async\" class=\"alignnone wp-image-1237 size-full\" src=\"http:\/\/www.xminsulation.com\/wp-content\/uploads\/2024\/05\/\u56fe\u724791.png\" alt=\"\" width=\"988\" height=\"468\" srcset=\"https:\/\/www.xminsulation.com\/wp-content\/uploads\/2024\/05\/\u56fe\u724791.png 988w, https:\/\/www.xminsulation.com\/wp-content\/uploads\/2024\/05\/\u56fe\u724791-300x142.png 300w, https:\/\/www.xminsulation.com\/wp-content\/uploads\/2024\/05\/\u56fe\u724791-768x364.png 768w, https:\/\/www.xminsulation.com\/wp-content\/uploads\/2024\/05\/\u56fe\u724791-600x284.png 600w\" sizes=\"(max-width: 988px) 100vw, 988px\" \/><\/p>\n<p><strong><b>europ\u00e9en <\/b><\/strong><strong><b>C<\/b><\/strong><strong><b>capable <\/b><\/strong><strong><b>B<\/b><\/strong><strong><b>ranch <\/b><\/strong><strong><b>B<\/b><\/strong><strong><b>b\u0153uf <\/b><\/strong><strong><b>F<\/b><\/strong><strong><b>fondation <\/b><\/strong><strong><b>D<\/b><\/strong><strong><b>iagramme<\/b><\/strong><\/p>\n<p><img loading=\"lazy\" decoding=\"async\" class=\"alignnone wp-image-1238 size-full\" src=\"http:\/\/www.xminsulation.com\/wp-content\/uploads\/2024\/05\/\u56fe\u724792.png\" alt=\"\" width=\"622\" height=\"835\" srcset=\"https:\/\/www.xminsulation.com\/wp-content\/uploads\/2024\/05\/\u56fe\u724792.png 622w, https:\/\/www.xminsulation.com\/wp-content\/uploads\/2024\/05\/\u56fe\u724792-223x300.png 223w, https:\/\/www.xminsulation.com\/wp-content\/uploads\/2024\/05\/\u56fe\u724792-600x805.png 600w\" sizes=\"(max-width: 622px) 100vw, 622px\" \/><\/p>\n<p>&nbsp;<\/p>\n<div class=\"wxts\">\n<h2>\u25c6Personnalisation sp\u00e9ciale<\/h2>\n<p>Les param\u00e8tres ci-dessus sont des donn\u00e9es typiques\u00a0; si les styles existants ne r\u00e9pondent pas \u00e0 vos demandes sp\u00e9cifiques, veuillez nous contacter pour une conception personnalis\u00e9e. Nous disposons d&#039;importantes comp\u00e9tences en mati\u00e8re de d\u00e9veloppement et de production de personnalisation personnalis\u00e9e, nous permettant de fournir des solutions sur mesure aux clients du monde entier.<\/p>\n<\/div>\n<p>&nbsp;<\/p>","protected":false},"excerpt":{"rendered":"<p>General Information High-voltage cable branch boxes are widely used for node connections in 10kV, 24kV, and 35kV cable systems. They are the main electrical equipment for gathering and tapping cables after they exit the switch cabinet. The cable joints of the tap box are tightly insulated with high-grade insulated imported rubber and have no exposed [&hellip;]<\/p>","protected":false},"featured_media":1227,"template":"","meta":{"site-sidebar-layout":"default","site-content-layout":"","ast-site-content-layout":"default","site-content-style":"default","site-sidebar-style":"default","ast-global-header-display":"","ast-banner-title-visibility":"","ast-main-header-display":"","ast-hfb-above-header-display":"","ast-hfb-below-header-display":"","ast-hfb-mobile-header-display":"","site-post-title":"","ast-breadcrumbs-content":"","ast-featured-img":"","footer-sml-layout":"","theme-transparent-header-meta":"default","adv-header-id-meta":"","stick-header-meta":"","header-above-stick-meta":"","header-main-stick-meta":"","header-below-stick-meta":"","astra-migrate-meta-layouts":"set","ast-page-background-enabled":"default","ast-page-background-meta":{"desktop":{"background-color":"","background-image":"","background-repeat":"repeat","background-position":"center center","background-size":"auto","background-attachment":"scroll","background-type":"","background-media":"","overlay-type":"","overlay-color":"","overlay-gradient":""},"tablet":{"background-color":"","background-image":"","background-repeat":"repeat","background-position":"center center","background-size":"auto","background-attachment":"scroll","background-type":"","background-media":"","overlay-type":"","overlay-color":"","overlay-gradient":""},"mobile":{"background-color":"","background-image":"","background-repeat":"repeat","background-position":"center center","background-size":"auto","background-attachment":"scroll","background-type":"","background-media":"","overlay-type":"","overlay-color":"","overlay-gradient":""}},"ast-content-background-meta":{"desktop":{"background-color":"var(--ast-global-color-5)","background-image":"","background-repeat":"repeat","background-position":"center center","background-size":"auto","background-attachment":"scroll","background-type":"","background-media":"","overlay-type":"","overlay-color":"","overlay-gradient":""},"tablet":{"background-color":"var(--ast-global-color-5)","background-image":"","background-repeat":"repeat","background-position":"center center","background-size":"auto","background-attachment":"scroll","background-type":"","background-media":"","overlay-type":"","overlay-color":"","overlay-gradient":""},"mobile":{"background-color":"var(--ast-global-color-5)","background-image":"","background-repeat":"repeat","background-position":"center center","background-size":"auto","background-attachment":"scroll","background-type":"","background-media":"","overlay-type":"","overlay-color":"","overlay-gradient":""}}},"product_cat":[40],"product_tag":[],"class_list":{"0":"post-1226","1":"product","2":"type-product","3":"status-publish","4":"has-post-thumbnail","6":"product_cat-10-35kv-high-voltage-cable-branch-box","7":"desktop-align-left","8":"tablet-align-left","9":"mobile-align-left","11":"first","12":"instock","13":"shipping-taxable","14":"product-type-simple"},"_links":{"self":[{"href":"https:\/\/www.xminsulation.com\/fr\/wp-json\/wp\/v2\/product\/1226","targetHints":{"allow":["GET"]}}],"collection":[{"href":"https:\/\/www.xminsulation.com\/fr\/wp-json\/wp\/v2\/product"}],"about":[{"href":"https:\/\/www.xminsulation.com\/fr\/wp-json\/wp\/v2\/types\/product"}],"wp:featuredmedia":[{"embeddable":true,"href":"https:\/\/www.xminsulation.com\/fr\/wp-json\/wp\/v2\/media\/1227"}],"wp:attachment":[{"href":"https:\/\/www.xminsulation.com\/fr\/wp-json\/wp\/v2\/media?parent=1226"}],"wp:term":[{"taxonomy":"product_cat","embeddable":true,"href":"https:\/\/www.xminsulation.com\/fr\/wp-json\/wp\/v2\/product_cat?post=1226"},{"taxonomy":"product_tag","embeddable":true,"href":"https:\/\/www.xminsulation.com\/fr\/wp-json\/wp\/v2\/product_tag?post=1226"}],"curies":[{"name":"wp","href":"https:\/\/api.w.org\/{rel}","templated":true}]}}