{"id":1223,"date":"2024-05-27T10:47:04","date_gmt":"2024-05-27T02:47:04","guid":{"rendered":"http:\/\/www.xminsulation.com\/?post_type=product&#038;p=1223"},"modified":"2024-05-28T18:27:21","modified_gmt":"2024-05-28T10:27:21","slug":"design-and-development-of-medium-voltage-distribution-related-components-and-various-molds","status":"publish","type":"product","link":"https:\/\/www.xminsulation.com\/fr\/product\/design-and-development-of-medium-voltage-distribution-related-components-and-various-molds\/","title":{"rendered":"Conception et d\u00e9veloppement de composants li\u00e9s \u00e0 la distribution moyenne tension et de divers moules"},"content":{"rendered":"<p>En plus de la personnalisation, du d\u00e9veloppement et de la production de divers \u00ab grands produits \u00bb non standard dans le domaine de la distribution d&#039;\u00e9nergie moyenne tension, tels que les disjoncteurs \u00e0 vide, les interrupteurs-sectionneurs, les interrupteurs-sectionneurs, les r\u00e9enclencheurs ext\u00e9rieurs, les interrupteurs-sectionneurs ext\u00e9rieurs, les m\u00e9canismes de commande, les unit\u00e9s principales en anneau, les sous-stations pr\u00e9fabriqu\u00e9es, les ensembles d&#039;\u00e9quipements, etc., nous pouvons \u00e9galement fournir la conception de moules, la fabrication de moules, l&#039;\u00e9chantillonnage, la production de produits et d&#039;autres services pour les \u00ab petits produits \u00bb microscopiques contenus dans ces \u00ab grands produits \u00bb.<\/p>\n<p>Gr\u00e2ce \u00e0 notre connaissance approfondie des fonctions et des exigences des produits \u00e9lectriques complets, nous ma\u00eetrisons les facteurs d&#039;influence tels que les d\u00e9charges partielles, la tenue en tension, la compatibilit\u00e9 \u00e9lectromagn\u00e9tique, les courants de Foucault, la dissipation thermique, la puissance \u00e9lectrique et les normes de produits associ\u00e9es, et savons assurer l&#039;harmonie organique entre les dimensions macro et micro, ainsi qu&#039;entre l&#039;ensemble et le local. Par cons\u00e9quent, si vous nous confiez le d\u00e9veloppement de moules et la fabrication de petits produits entrant dans la composition des grands produits susmentionn\u00e9s, tels que la r\u00e9sine \u00e9poxy, le silicone, le plastique, les pi\u00e8ces en cuivre, les alliages de zinc et autres petits composants, accessoires, pi\u00e8ces d\u00e9tach\u00e9es, etc., vous \u00e9viterez efficacement les risques de d\u00e9fauts fonctionnels ou d&#039;incapacit\u00e9 d&#039;adaptation dus \u00e0 une m\u00e9connaissance des applications industrielles et des caract\u00e9ristiques des produits.<\/p>\n<p>Les moules comprennent les moules isolants en r\u00e9sine \u00e9poxy APG, les moules d&#039;injection de caoutchouc de silicone, les moules d&#039;injection de plastique, les moules d&#039;emboutissage de cuivre ou de forgeage \u00e0 froid ou \u00e0 chaud, les moules de moulage sous pression en alliage de zinc, etc.<\/p>\n<p>D\u00e8s les premi\u00e8res \u00e9tapes de la conception du produit, nous prendrons en compte la technologie, les mat\u00e9riaux, les fonctions et autres facteurs complets les plus raisonnables requis pour le produit.<\/p>\n<p>C&#039;est notre engagement solennel de vous aider \u00e0 \u00e9viter les d\u00e9tours et \u00e0 concevoir et d\u00e9velopper rapidement et efficacement des composants li\u00e9s \u00e0 la distribution moyenne tension et divers moules !<\/p>\n<p><img fetchpriority=\"high\" decoding=\"async\" class=\"alignnone wp-image-1224 size-full\" src=\"\/wp-content\/uploads\/2024\/05\/\u56fe\u724780.jpg\" alt=\"\" width=\"1018\" height=\"1018\" srcset=\"https:\/\/www.xminsulation.com\/wp-content\/uploads\/2024\/05\/\u56fe\u724780.jpg 1018w, https:\/\/www.xminsulation.com\/wp-content\/uploads\/2024\/05\/\u56fe\u724780-300x300.jpg 300w, https:\/\/www.xminsulation.com\/wp-content\/uploads\/2024\/05\/\u56fe\u724780-150x150.jpg 150w, https:\/\/www.xminsulation.com\/wp-content\/uploads\/2024\/05\/\u56fe\u724780-768x768.jpg 768w, https:\/\/www.xminsulation.com\/wp-content\/uploads\/2024\/05\/\u56fe\u724780-600x600.jpg 600w, https:\/\/www.xminsulation.com\/wp-content\/uploads\/2024\/05\/\u56fe\u724780-100x100.jpg 100w\" sizes=\"(max-width: 1018px) 100vw, 1018px\" \/> <img decoding=\"async\" class=\"alignnone wp-image-1225 size-full\" src=\"\/wp-content\/uploads\/2024\/05\/\u56fe\u724781.jpg\" alt=\"\" width=\"1000\" height=\"623\" srcset=\"https:\/\/www.xminsulation.com\/wp-content\/uploads\/2024\/05\/\u56fe\u724781.jpg 1000w, https:\/\/www.xminsulation.com\/wp-content\/uploads\/2024\/05\/\u56fe\u724781-300x187.jpg 300w, https:\/\/www.xminsulation.com\/wp-content\/uploads\/2024\/05\/\u56fe\u724781-768x478.jpg 768w, https:\/\/www.xminsulation.com\/wp-content\/uploads\/2024\/05\/\u56fe\u724781-600x374.jpg 600w\" sizes=\"(max-width: 1000px) 100vw, 1000px\" \/><\/p>\n<p>&nbsp;<\/p>\n<p><strong><b>\u00a0<\/b><\/strong><\/p>","protected":false},"excerpt":{"rendered":"<p>In addition to customizing, developing and producing various non-standard &#8220;large products&#8221; in the field of medium voltage power distribution, such as vacuum circuit breakers, load break switches, isolating switches, outdoor reclosers, outdoor load break switches, operating mechanisms, ring main units, prefabricated substations, sets of equipment etc., we can also provide mold design, mold manufacturing, sampling, [&hellip;]<\/p>","protected":false},"featured_media":1224,"template":"","meta":{"site-sidebar-layout":"default","site-content-layout":"","ast-site-content-layout":"default","site-content-style":"default","site-sidebar-style":"default","ast-global-header-display":"","ast-banner-title-visibility":"","ast-main-header-display":"","ast-hfb-above-header-display":"","ast-hfb-below-header-display":"","ast-hfb-mobile-header-display":"","site-post-title":"","ast-breadcrumbs-content":"","ast-featured-img":"","footer-sml-layout":"","theme-transparent-header-meta":"default","adv-header-id-meta":"","stick-header-meta":"","header-above-stick-meta":"","header-main-stick-meta":"","header-below-stick-meta":"","astra-migrate-meta-layouts":"set","ast-page-background-enabled":"default","ast-page-background-meta":{"desktop":{"background-color":"","background-image":"","background-repeat":"repeat","background-position":"center center","background-size":"auto","background-attachment":"scroll","background-type":"","background-media":"","overlay-type":"","overlay-color":"","overlay-gradient":""},"tablet":{"background-color":"","background-image":"","background-repeat":"repeat","background-position":"center center","background-size":"auto","background-attachment":"scroll","background-type":"","background-media":"","overlay-type":"","overlay-color":"","overlay-gradient":""},"mobile":{"background-color":"","background-image":"","background-repeat":"repeat","background-position":"center center","background-size":"auto","background-attachment":"scroll","background-type":"","background-media":"","overlay-type":"","overlay-color":"","overlay-gradient":""}},"ast-content-background-meta":{"desktop":{"background-color":"var(--ast-global-color-5)","background-image":"","background-repeat":"repeat","background-position":"center center","background-size":"auto","background-attachment":"scroll","background-type":"","background-media":"","overlay-type":"","overlay-color":"","overlay-gradient":""},"tablet":{"background-color":"var(--ast-global-color-5)","background-image":"","background-repeat":"repeat","background-position":"center center","background-size":"auto","background-attachment":"scroll","background-type":"","background-media":"","overlay-type":"","overlay-color":"","overlay-gradient":""},"mobile":{"background-color":"var(--ast-global-color-5)","background-image":"","background-repeat":"repeat","background-position":"center center","background-size":"auto","background-attachment":"scroll","background-type":"","background-media":"","overlay-type":"","overlay-color":"","overlay-gradient":""}}},"product_cat":[48],"product_tag":[],"class_list":{"0":"post-1223","1":"product","2":"type-product","3":"status-publish","4":"has-post-thumbnail","6":"product_cat-components-and-various-molds-design-and-development","7":"desktop-align-left","8":"tablet-align-left","9":"mobile-align-left","11":"first","12":"instock","13":"shipping-taxable","14":"product-type-simple"},"_links":{"self":[{"href":"https:\/\/www.xminsulation.com\/fr\/wp-json\/wp\/v2\/product\/1223","targetHints":{"allow":["GET"]}}],"collection":[{"href":"https:\/\/www.xminsulation.com\/fr\/wp-json\/wp\/v2\/product"}],"about":[{"href":"https:\/\/www.xminsulation.com\/fr\/wp-json\/wp\/v2\/types\/product"}],"wp:featuredmedia":[{"embeddable":true,"href":"https:\/\/www.xminsulation.com\/fr\/wp-json\/wp\/v2\/media\/1224"}],"wp:attachment":[{"href":"https:\/\/www.xminsulation.com\/fr\/wp-json\/wp\/v2\/media?parent=1223"}],"wp:term":[{"taxonomy":"product_cat","embeddable":true,"href":"https:\/\/www.xminsulation.com\/fr\/wp-json\/wp\/v2\/product_cat?post=1223"},{"taxonomy":"product_tag","embeddable":true,"href":"https:\/\/www.xminsulation.com\/fr\/wp-json\/wp\/v2\/product_tag?post=1223"}],"curies":[{"name":"wp","href":"https:\/\/api.w.org\/{rel}","templated":true}]}}