{"id":1204,"date":"2024-05-07T10:27:27","date_gmt":"2024-05-07T02:27:27","guid":{"rendered":"http:\/\/www.xminsulation.com\/?post_type=product&#038;p=1204"},"modified":"2024-05-15T16:37:26","modified_gmt":"2024-05-15T08:37:26","slug":"kyn28-24kv-metal-clad-withdrawable-switchgear","status":"publish","type":"product","link":"https:\/\/www.xminsulation.com\/fr\/product\/kyn28-24kv-metal-clad-withdrawable-switchgear\/","title":{"rendered":"Appareillage de commutation d\u00e9brochable \u00e0 blindage m\u00e9tallique KYN28-24 kV"},"content":{"rendered":"<p><img fetchpriority=\"high\" decoding=\"async\" class=\"alignnone wp-image-1206 size-full\" src=\"http:\/\/www.xminsulation.com\/wp-content\/uploads\/2024\/05\/\u56fe\u724766-1.jpg\" alt=\"\" width=\"800\" height=\"800\" srcset=\"https:\/\/www.xminsulation.com\/wp-content\/uploads\/2024\/05\/\u56fe\u724766-1.jpg 800w, https:\/\/www.xminsulation.com\/wp-content\/uploads\/2024\/05\/\u56fe\u724766-1-300x300.jpg 300w, https:\/\/www.xminsulation.com\/wp-content\/uploads\/2024\/05\/\u56fe\u724766-1-150x150.jpg 150w, https:\/\/www.xminsulation.com\/wp-content\/uploads\/2024\/05\/\u56fe\u724766-1-768x768.jpg 768w, https:\/\/www.xminsulation.com\/wp-content\/uploads\/2024\/05\/\u56fe\u724766-1-600x600.jpg 600w, https:\/\/www.xminsulation.com\/wp-content\/uploads\/2024\/05\/\u56fe\u724766-1-100x100.jpg 100w\" sizes=\"(max-width: 800px) 100vw, 800px\" \/><\/p>\n<h2><strong><b>Informations g\u00e9n\u00e9rales<\/b><\/strong><\/h2>\n<p>L&#039;appareillage de commutation CA blind\u00e9 d\u00e9brochable KYN28-24 sous enveloppe m\u00e9tallique est adapt\u00e9 aux syst\u00e8mes \u00e9lectriques triphas\u00e9s int\u00e9rieurs 50\/60 Hz, tension nominale 24 kV. Il est principalement utilis\u00e9 dans les centrales \u00e9lectriques, les sous-stations, les entreprises industrielles et mini\u00e8res et les immeubles de grande hauteur. Il assure la r\u00e9ception et la distribution de l&#039;\u00e9nergie \u00e9lectrique, ainsi que le contr\u00f4le, la protection et la surveillance des circuits.<\/p>\n<p>L&#039;appareillage de commutation KYN28-24 a diverses fonctions pour emp\u00eacher les mauvais fonctionnements, notamment emp\u00eacher le chariot \u00e0 bras de se d\u00e9placer avec la charge, emp\u00eacher l&#039;interrupteur de mise \u00e0 la terre de fermer le disjoncteur en position ferm\u00e9e, emp\u00eacher l&#039;interrupteur de mise \u00e0 la terre d&#039;\u00eatre mis sous tension et emp\u00eacher d&#039;entrer accidentellement dans le compartiment sous tension.<\/p>\n<p>L&#039;appareillage de commutation est \u00e9quip\u00e9 de disjoncteurs \u00e0 vide moyenne tension CA des s\u00e9ries VS1 et VN2 et d&#039;interrupteurs \u00e0 vide scell\u00e9s offrant d&#039;excellentes performances. Le circuit secondaire de l&#039;appareillage est \u00e9quip\u00e9 de composants de commande et de protection innovants et fiables\u00a0; le jeu de barres est en mat\u00e9riau isolant thermor\u00e9tractable ou \u00e0 rev\u00eatement oxyg\u00e9n\u00e9, la forme des \u00e9lectrodes est optimis\u00e9e et l&#039;armoire est compacte. Cet appareillage est technologiquement innovant, offre des performances stables et une structure rationnelle. Il s&#039;agit d&#039;un \u00e9quipement de distribution d&#039;\u00e9nergie simple d&#039;utilisation, s\u00fbr et fiable.<\/p>\n<p>Ce produit est conforme aux normes GB 3906, IEC 62271-200 et autres exigences standard.<\/p>\n<p><img decoding=\"async\" class=\"alignnone wp-image-1207 size-full\" src=\"http:\/\/www.xminsulation.com\/wp-content\/uploads\/2024\/05\/\u56fe\u724767-1.png\" alt=\"\" width=\"1000\" height=\"556\" srcset=\"https:\/\/www.xminsulation.com\/wp-content\/uploads\/2024\/05\/\u56fe\u724767-1.png 1000w, https:\/\/www.xminsulation.com\/wp-content\/uploads\/2024\/05\/\u56fe\u724767-1-300x167.png 300w, https:\/\/www.xminsulation.com\/wp-content\/uploads\/2024\/05\/\u56fe\u724767-1-768x427.png 768w, https:\/\/www.xminsulation.com\/wp-content\/uploads\/2024\/05\/\u56fe\u724767-1-600x334.png 600w\" sizes=\"(max-width: 1000px) 100vw, 1000px\" \/><\/p>\n<h2><strong><b>Usage <\/b><\/strong><strong><b>E<\/b><\/strong><strong><b>environnement<\/b><\/strong><\/h2>\n<ol>\n<li>Temp\u00e9rature ambiante : temp\u00e9rature maximale +40\u2103, temp\u00e9rature minimale -15\u2103, et la valeur moyenne mesur\u00e9e dans les 24 heures ne d\u00e9passe pas 35\u2103.<\/li>\n<li>Les conditions d&#039;humidit\u00e9 sont les suivantes\u00a0: l&#039;humidit\u00e9 relative moyenne journali\u00e8re ne d\u00e9passe pas 951\u00a0TP3T, la pression de vapeur d&#039;eau moyenne journali\u00e8re ne d\u00e9passe pas 2,2\u00a0kPa et la pression de vapeur d&#039;eau moyenne mensuelle ne d\u00e9passe pas 1,8\u00a0kPa. De la condensation peut occasionnellement se produire dans ces conditions.<\/li>\n<li>L&#039;altitude ne d\u00e9passe pas 1000m.<\/li>\n<li>L&#039;air ambiant n&#039;est pas significativement contamin\u00e9 par la poussi\u00e8re, la fum\u00e9e, les gaz corrosifs et\/ou inflammables, les vapeurs ou les embruns salins.<\/li>\n<li>Les vibrations ou les mouvements du sol provenant de l\u2019ext\u00e9rieur de l\u2019appareillage de commutation et de l\u2019\u00e9quipement de contr\u00f4le peuvent \u00eatre ignor\u00e9s.<\/li>\n<li>L&#039;amplitude des interf\u00e9rences \u00e9lectromagn\u00e9tiques induites dans le syst\u00e8me secondaire ne d\u00e9passe pas 1,6 KV.<\/li>\n<li>Conditions particuli\u00e8res d&#039;utilisation\u00a0: En cas d&#039;utilisation dans des conditions environnementales normales sup\u00e9rieures \u00e0 celles sp\u00e9cifi\u00e9es dans la norme GB\/T11022, l&#039;entreprise et l&#039;utilisateur peuvent n\u00e9gocier et convenir de conditions d&#039;exploitation particuli\u00e8res d\u00e9passant les conditions normales. Afin d&#039;\u00e9viter la condensation, l&#039;appareillage est \u00e9quip\u00e9 d&#039;un dispositif de chauffage, qui doit \u00eatre activ\u00e9 lorsque l&#039;appareillage est en mode veille. Il convient \u00e9galement de veiller \u00e0 ce que le dispositif de chauffage soit activ\u00e9 lorsque l&#039;appareillage fonctionne normalement.<\/li>\n<\/ol>\n<h2><strong><b>Structure et <\/b><\/strong><strong><b>L<\/b><\/strong><strong><b>travailler <\/b><\/strong><strong><b>P.<\/b><\/strong><strong><b>principe<\/b><\/strong><\/h2>\n<p>L&#039;appareillage KYN28-24 se compose de deux parties\u00a0: l&#039;armoire et la partie amovible (commun\u00e9ment appel\u00e9e chariot). L&#039;armoire est divis\u00e9e en plusieurs compartiments fonctionnels par des cloisons m\u00e9talliques, tels que le local des jeux de barres, le local des disjoncteurs, le local des c\u00e2bles, le local des instruments de relais, etc. Les parties amovibles de l&#039;appareillage peuvent \u00eatre \u00e9quip\u00e9es de chariots pour disjoncteurs \u00e0 vide, transformateurs de tension, parafoudres, sectionneurs et fusibles, etc.<\/p>\n<p><img decoding=\"async\" class=\"alignnone wp-image-1208 size-full\" src=\"http:\/\/www.xminsulation.com\/wp-content\/uploads\/2024\/05\/\u56fe\u724768-1.png\" alt=\"\" width=\"1002\" height=\"713\" srcset=\"https:\/\/www.xminsulation.com\/wp-content\/uploads\/2024\/05\/\u56fe\u724768-1.png 1002w, https:\/\/www.xminsulation.com\/wp-content\/uploads\/2024\/05\/\u56fe\u724768-1-300x213.png 300w, https:\/\/www.xminsulation.com\/wp-content\/uploads\/2024\/05\/\u56fe\u724768-1-768x546.png 768w, https:\/\/www.xminsulation.com\/wp-content\/uploads\/2024\/05\/\u56fe\u724768-1-600x427.png 600w\" sizes=\"(max-width: 1002px) 100vw, 1002px\" \/><\/p>\n<p>Une salle de bus.<\/p>\n<p>B. Salle des chariots \u00e0 disjoncteurs.<\/p>\n<p>C, Salle des c\u00e2bles.<\/p>\n<p>D\u3001\u7ee7\u7535\u5668\u4eea\u8868\u5ba4Salle des instruments relais.<\/p>\n<p><img loading=\"lazy\" decoding=\"async\" class=\"alignnone wp-image-1209 size-full\" src=\"http:\/\/www.xminsulation.com\/wp-content\/uploads\/2024\/05\/\u56fe\u724769.jpg\" alt=\"\" width=\"1000\" height=\"995\" srcset=\"https:\/\/www.xminsulation.com\/wp-content\/uploads\/2024\/05\/\u56fe\u724769.jpg 1000w, https:\/\/www.xminsulation.com\/wp-content\/uploads\/2024\/05\/\u56fe\u724769-300x300.jpg 300w, https:\/\/www.xminsulation.com\/wp-content\/uploads\/2024\/05\/\u56fe\u724769-150x150.jpg 150w, https:\/\/www.xminsulation.com\/wp-content\/uploads\/2024\/05\/\u56fe\u724769-768x764.jpg 768w, https:\/\/www.xminsulation.com\/wp-content\/uploads\/2024\/05\/\u56fe\u724769-600x597.jpg 600w, https:\/\/www.xminsulation.com\/wp-content\/uploads\/2024\/05\/\u56fe\u724769-100x100.jpg 100w\" sizes=\"(max-width: 1000px) 100vw, 1000px\" \/><\/p>\n<p>1\u3001\u4e8c\u6b21\u63d2\u5934Prise secondaire.<\/p>\n<p>2. Indication d&#039;ouverture et de fermeture.<\/p>\n<p>3\u3001\u50a8\u80fd\u6307\u793aIndication de stockage d&#039;\u00e9nergie.<\/p>\n<p>4. Compteur de vitesse.<\/p>\n<p>5. Bouton d&#039;ouverture.<\/p>\n<p>6\u3001\u5408\u95f8\u6309\u94aeBouton de fermeture.<\/p>\n<p>7. Stockage manuel de l&#039;\u00e9nergie.<\/p>\n<p>8. M\u00e9canisme de shake-in.<\/p>\n<p>9. Trou de serrure du v\u00e9hicule de transfert.<\/p>\n<p>10\u3001\u8f6c\u8fd0\u8f66\u5b9a\u4f4dTransf\u00e9rer le positionnement du v\u00e9hicule.<\/p>\n<p>11. Sectionneur de terre.<\/p>\n<p>12\u3001\u7d27\u6025\u89e3\u9501D\u00e9verrouillage d&#039;urgence.<\/p>\n<h2><strong><b>Dessin dimensionnel d&#039;installation<\/b><\/strong><\/h2>\n<p><img loading=\"lazy\" decoding=\"async\" class=\"alignnone wp-image-1211 size-full\" src=\"http:\/\/www.xminsulation.com\/wp-content\/uploads\/2024\/05\/\u56fe\u724770.jpg\" alt=\"\" width=\"1000\" height=\"1634\" srcset=\"https:\/\/www.xminsulation.com\/wp-content\/uploads\/2024\/05\/\u56fe\u724770.jpg 1000w, https:\/\/www.xminsulation.com\/wp-content\/uploads\/2024\/05\/\u56fe\u724770-184x300.jpg 184w, https:\/\/www.xminsulation.com\/wp-content\/uploads\/2024\/05\/\u56fe\u724770-627x1024.jpg 627w, https:\/\/www.xminsulation.com\/wp-content\/uploads\/2024\/05\/\u56fe\u724770-768x1255.jpg 768w, https:\/\/www.xminsulation.com\/wp-content\/uploads\/2024\/05\/\u56fe\u724770-940x1536.jpg 940w, https:\/\/www.xminsulation.com\/wp-content\/uploads\/2024\/05\/\u56fe\u724770-600x980.jpg 600w\" sizes=\"(max-width: 1000px) 100vw, 1000px\" \/><\/p>\n<p>&nbsp;<\/p>\n<div class=\"wxts\">\n<h2>\u25c6Personnalisation sp\u00e9ciale<\/h2>\n<p>Les param\u00e8tres ci-dessus sont des donn\u00e9es typiques\u00a0; si les styles existants ne r\u00e9pondent pas \u00e0 vos demandes sp\u00e9cifiques, veuillez nous contacter pour une conception personnalis\u00e9e. Nous disposons d&#039;importantes comp\u00e9tences en mati\u00e8re de d\u00e9veloppement et de production de personnalisation personnalis\u00e9e, nous permettant de fournir des solutions sur mesure aux clients du monde entier.<\/p>\n<\/div>","protected":false},"excerpt":{"rendered":"<p>General Information KYN28-24 armored withdrawable AC metal-enclosed switchgear is suitable for indoor three-phase 50\/60HZ, rated voltage 24kV power systems. It is mainly used in power plants, substations, industrial and mining enterprises and high-rise buildings. Receive and distribute electrical energy and control, protect and monitor circuits. KYN28-24 switchgear has various functions to prevent misoperation, including preventing [&hellip;]<\/p>","protected":false},"featured_media":1205,"template":"","meta":{"site-sidebar-layout":"default","site-content-layout":"","ast-site-content-layout":"default","site-content-style":"default","site-sidebar-style":"default","ast-global-header-display":"","ast-banner-title-visibility":"","ast-main-header-display":"","ast-hfb-above-header-display":"","ast-hfb-below-header-display":"","ast-hfb-mobile-header-display":"","site-post-title":"","ast-breadcrumbs-content":"","ast-featured-img":"","footer-sml-layout":"","theme-transparent-header-meta":"default","adv-header-id-meta":"","stick-header-meta":"","header-above-stick-meta":"","header-main-stick-meta":"","header-below-stick-meta":"","astra-migrate-meta-layouts":"set","ast-page-background-enabled":"default","ast-page-background-meta":{"desktop":{"background-color":"","background-image":"","background-repeat":"repeat","background-position":"center center","background-size":"auto","background-attachment":"scroll","background-type":"","background-media":"","overlay-type":"","overlay-color":"","overlay-gradient":""},"tablet":{"background-color":"","background-image":"","background-repeat":"repeat","background-position":"center center","background-size":"auto","background-attachment":"scroll","background-type":"","background-media":"","overlay-type":"","overlay-color":"","overlay-gradient":""},"mobile":{"background-color":"","background-image":"","background-repeat":"repeat","background-position":"center center","background-size":"auto","background-attachment":"scroll","background-type":"","background-media":"","overlay-type":"","overlay-color":"","overlay-gradient":""}},"ast-content-background-meta":{"desktop":{"background-color":"var(--ast-global-color-5)","background-image":"","background-repeat":"repeat","background-position":"center center","background-size":"auto","background-attachment":"scroll","background-type":"","background-media":"","overlay-type":"","overlay-color":"","overlay-gradient":""},"tablet":{"background-color":"var(--ast-global-color-5)","background-image":"","background-repeat":"repeat","background-position":"center center","background-size":"auto","background-attachment":"scroll","background-type":"","background-media":"","overlay-type":"","overlay-color":"","overlay-gradient":""},"mobile":{"background-color":"var(--ast-global-color-5)","background-image":"","background-repeat":"repeat","background-position":"center center","background-size":"auto","background-attachment":"scroll","background-type":"","background-media":"","overlay-type":"","overlay-color":"","overlay-gradient":""}}},"product_cat":[36],"product_tag":[],"class_list":{"0":"post-1204","1":"product","2":"type-product","3":"status-publish","4":"has-post-thumbnail","6":"product_cat-metal-clad-withdrawable-switchgear","7":"desktop-align-left","8":"tablet-align-left","9":"mobile-align-left","11":"first","12":"instock","13":"shipping-taxable","14":"product-type-simple"},"_links":{"self":[{"href":"https:\/\/www.xminsulation.com\/fr\/wp-json\/wp\/v2\/product\/1204","targetHints":{"allow":["GET"]}}],"collection":[{"href":"https:\/\/www.xminsulation.com\/fr\/wp-json\/wp\/v2\/product"}],"about":[{"href":"https:\/\/www.xminsulation.com\/fr\/wp-json\/wp\/v2\/types\/product"}],"wp:featuredmedia":[{"embeddable":true,"href":"https:\/\/www.xminsulation.com\/fr\/wp-json\/wp\/v2\/media\/1205"}],"wp:attachment":[{"href":"https:\/\/www.xminsulation.com\/fr\/wp-json\/wp\/v2\/media?parent=1204"}],"wp:term":[{"taxonomy":"product_cat","embeddable":true,"href":"https:\/\/www.xminsulation.com\/fr\/wp-json\/wp\/v2\/product_cat?post=1204"},{"taxonomy":"product_tag","embeddable":true,"href":"https:\/\/www.xminsulation.com\/fr\/wp-json\/wp\/v2\/product_tag?post=1204"}],"curies":[{"name":"wp","href":"https:\/\/api.w.org\/{rel}","templated":true}]}}