{"id":1194,"date":"2024-05-07T10:03:39","date_gmt":"2024-05-07T02:03:39","guid":{"rendered":"http:\/\/www.xminsulation.com\/?post_type=product&#038;p=1194"},"modified":"2024-05-15T16:38:00","modified_gmt":"2024-05-15T08:38:00","slug":"kyn550-12kv-metal-clad-withdrawable-switchgear","status":"publish","type":"product","link":"https:\/\/www.xminsulation.com\/fr\/product\/kyn550-12kv-metal-clad-withdrawable-switchgear\/","title":{"rendered":"Appareillage de commutation d\u00e9brochable \u00e0 blindage m\u00e9tallique KYN550-12 kV"},"content":{"rendered":"<p><img fetchpriority=\"high\" decoding=\"async\" class=\"alignnone wp-image-1196 size-full\" src=\"http:\/\/www.xminsulation.com\/wp-content\/uploads\/2024\/05\/\u56fe\u724758-2.png\" alt=\"\" width=\"1000\" height=\"1000\" srcset=\"https:\/\/www.xminsulation.com\/wp-content\/uploads\/2024\/05\/\u56fe\u724758-2.png 1000w, https:\/\/www.xminsulation.com\/wp-content\/uploads\/2024\/05\/\u56fe\u724758-2-300x300.png 300w, https:\/\/www.xminsulation.com\/wp-content\/uploads\/2024\/05\/\u56fe\u724758-2-150x150.png 150w, https:\/\/www.xminsulation.com\/wp-content\/uploads\/2024\/05\/\u56fe\u724758-2-768x768.png 768w, https:\/\/www.xminsulation.com\/wp-content\/uploads\/2024\/05\/\u56fe\u724758-2-600x600.png 600w, https:\/\/www.xminsulation.com\/wp-content\/uploads\/2024\/05\/\u56fe\u724758-2-100x100.png 100w\" sizes=\"(max-width: 1000px) 100vw, 1000px\" \/><\/p>\n<h2><strong><b>Principal <\/b><\/strong><strong><b>H<\/b><\/strong><strong><b>points forts<\/b><\/strong><\/h2>\n<ol>\n<li>Le jeu de barres principal circulaire pr\u00e9sente de nombreux avantages tels qu&#039;une r\u00e9sistance m\u00e9canique \u00e9lev\u00e9e, une distribution uniforme du champ \u00e9lectrique et une r\u00e9sistance aussi faible que 15-20 u\u03a9.<\/li>\n<li>Le disjoncteur \u00e0 vide modulaire est une conception int\u00e9gr\u00e9e de type F avec d&#039;excellentes performances d&#039;isolation, peu de pi\u00e8ces, une dur\u00e9e de vie m\u00e9canique de 30 000 fois et d&#039;excellentes performances.<\/li>\n<li>La conception int\u00e9gr\u00e9e en forme de U du transformateur de courant modulaire extractible pr\u00e9sente une grande distance de fuite et la tension de tenue \u00e0 fr\u00e9quence industrielle peut atteindre 4,5 kV (\u00e0 la terre).<\/li>\n<li>L&#039;interrupteur de mise \u00e0 la terre modulaire extractible a une structure simple, un fonctionnement \u00e9conomique et une installation pratique.<\/li>\n<li>Gestion du cycle de vie complet Gestion du cycle de vie complet, les mat\u00e9riaux du produit peuvent \u00eatre recycl\u00e9s, verts et \u00e0 faible \u00e9mission de carbone.<\/li>\n<\/ol>\n<p><img decoding=\"async\" class=\"alignnone wp-image-1197 size-full\" src=\"http:\/\/www.xminsulation.com\/wp-content\/uploads\/2024\/05\/\u56fe\u724759.jpg\" alt=\"\" width=\"1000\" height=\"533\" srcset=\"https:\/\/www.xminsulation.com\/wp-content\/uploads\/2024\/05\/\u56fe\u724759.jpg 1000w, https:\/\/www.xminsulation.com\/wp-content\/uploads\/2024\/05\/\u56fe\u724759-300x160.jpg 300w, https:\/\/www.xminsulation.com\/wp-content\/uploads\/2024\/05\/\u56fe\u724759-768x409.jpg 768w, https:\/\/www.xminsulation.com\/wp-content\/uploads\/2024\/05\/\u56fe\u724759-600x320.jpg 600w\" sizes=\"(max-width: 1000px) 100vw, 1000px\" \/><\/p>\n<h2><strong><b>Principes de conception<\/b><\/strong><\/h2>\n<p>&nbsp;<\/p>\n<h2><strong><b>Humanis\u00e9 <\/b><\/strong><strong><b>D<\/b><\/strong><strong><b>conception<\/b><\/strong><\/h2>\n<ol>\n<li>La serrure de porte \u00e0 ouverture rotative permet une ouverture facile de la porte et un verrouillage solide.<\/li>\n<li>La conception de la serrure de porte \u00e0 poign\u00e9e est plus pratique, plus belle et plus s\u00fbre.<\/li>\n<li>Tous les composants du panneau sont dispos\u00e9s conform\u00e9ment aux principes ergonomiques et toutes les instructions d&#039;utilisation comportent des invites humanis\u00e9es.<\/li>\n<li>L&#039;armoire de commutation adopte le principe de ventilation naturelle, et la taille et la hauteur des \u00e9vents d&#039;entr\u00e9e et de sortie sont soigneusement con\u00e7ues pour garantir que l&#039;augmentation de la temp\u00e9rature \u00e0 l&#039;int\u00e9rieur de l&#039;armoire de commutation se situe dans une plage contr\u00f4lable.<\/li>\n<li>Ouvrez la porte arri\u00e8re de l&#039;armoire \u00e9lectrique et les c\u00e2bles peuvent \u00eatre install\u00e9s.<\/li>\n<li>Des t\u00eates de c\u00e2bles conventionnelles peuvent \u00eatre utilis\u00e9es, adapt\u00e9es \u00e0 la connexion de plusieurs c\u00e2bles de diverses sp\u00e9cifications courantes.<\/li>\n<li>Le panneau configure la simulation dynamique du circuit principal et visualise l&#039;\u00e9tat de position de divers composants.<\/li>\n<li>L&#039;installation sur site et le montage de l&#039;armoire sont simples et ne n\u00e9cessitent aucun outil sp\u00e9cifique. Le syst\u00e8me est extensible des deux c\u00f4t\u00e9s et peut \u00e9galement \u00eatre compl\u00e9t\u00e9 par des armoires de la s\u00e9rie KYN28.<\/li>\n<li>Gestion du cycle de vie complet, z\u00e9ro \u00e9mission, aucune pollution, vert et respectueux de l&#039;environnement, avec une dur\u00e9e de vie allant jusqu&#039;\u00e0 25 ans.<\/li>\n<\/ol>\n<h2><strong><b>Intelligent <\/b><\/strong><strong><b>D<\/b><\/strong><strong><b>conception<\/b><\/strong><\/h2>\n<p>Le contr\u00f4le intelligent de l&#039;appareillage de commutation blind\u00e9 en m\u00e9tal KYN550-12 peut r\u00e9aliser une d\u00e9tection en ligne et un diagnostic des d\u00e9fauts de son \u00e9quipement, y compris les disjoncteurs et les contacts.<\/p>\n<p>Il peut \u00e9galement g\u00e9n\u00e9rer des alarmes de d\u00e9faut et allumer et \u00e9teindre automatiquement les \u00e9quipements auxiliaires tels que les ventilateurs et les radiateurs. Il dispose \u00e9galement d&#039;une fonction de communication \u00e0 distance par micro-ordinateur, permettant de r\u00e9aliser \u00e0 distance l&#039;ouverture et la fermeture des disjoncteurs haute tension, la commutation entre la position de travail et la position de test, l&#039;ouverture et la fermeture des interrupteurs de mise \u00e0 la terre, etc. Il dispose d&#039;une commande tactile intelligente, d&#039;un affichage en temps r\u00e9el des donn\u00e9es en ligne et d&#039;un syst\u00e8me d&#039;alerte de risque.<\/p>\n<p><img decoding=\"async\" class=\"alignnone wp-image-1198 size-full\" src=\"http:\/\/www.xminsulation.com\/wp-content\/uploads\/2024\/05\/\u56fe\u724760.jpg\" alt=\"\" width=\"1000\" height=\"1000\" srcset=\"https:\/\/www.xminsulation.com\/wp-content\/uploads\/2024\/05\/\u56fe\u724760.jpg 1000w, https:\/\/www.xminsulation.com\/wp-content\/uploads\/2024\/05\/\u56fe\u724760-300x300.jpg 300w, https:\/\/www.xminsulation.com\/wp-content\/uploads\/2024\/05\/\u56fe\u724760-150x150.jpg 150w, https:\/\/www.xminsulation.com\/wp-content\/uploads\/2024\/05\/\u56fe\u724760-768x768.jpg 768w, https:\/\/www.xminsulation.com\/wp-content\/uploads\/2024\/05\/\u56fe\u724760-600x600.jpg 600w, https:\/\/www.xminsulation.com\/wp-content\/uploads\/2024\/05\/\u56fe\u724760-100x100.jpg 100w\" sizes=\"(max-width: 1000px) 100vw, 1000px\" \/><\/p>\n<h2><strong><b>S\u00e9curit\u00e9 <\/b><\/strong><strong><b>P.<\/b><\/strong><strong><b>performance <\/b><\/strong><strong><b>D<\/b><\/strong><strong><b>conception<\/b><\/strong><\/h2>\n<ol>\n<li>L&#039;armure m\u00e9tallique et la structure enti\u00e8rement ferm\u00e9e peuvent emp\u00eacher la salet\u00e9 et les petits animaux de p\u00e9n\u00e9trer.<\/li>\n<li>L&#039;armoire adopte une technologie de rivetage \u00e0 haute r\u00e9sistance et les pi\u00e8ces standard \u00e0 haute r\u00e9sistance utilis\u00e9es dans l&#039;installation de chaque composant sont toutes des t\u00eates semi-circulaires de niveau 10,9 pour \u00e9viter la d\u00e9charge de la pointe.<\/li>\n<li>Il adopte une structure isolante composite offrant une meilleure r\u00e9sistance \u00e0 la chaleur, une meilleure isolation et une meilleure r\u00e9sistance \u00e0 la corrosion. L&#039;alimentation \u00e9lectrique continue est fiable et garantit le fonctionnement de l&#039;\u00e9quipement.<\/li>\n<li>Op\u00e9ration de fermeture obligatoire pour assurer la s\u00e9curit\u00e9 personnelle des op\u00e9rateurs.<\/li>\n<li>Un dispositif de verrouillage fiable et complet emp\u00eache efficacement les erreurs de fonctionnement.<\/li>\n<li>L&#039;interrupteur de mise \u00e0 la terre \u00e0 fermeture rapide est utilis\u00e9 pour la mise \u00e0 la terre c\u00f4t\u00e9 c\u00e2ble afin de faciliter la maintenance et l&#039;inspection.<\/li>\n<li>Petite taille et poids l\u00e9ger. Poids approximatif de l&#039;armoire\u00a0: KYN28\/458\u00a0kg &gt; KYN550\/420\u00a0kg, poids du disjoncteur\u00a0: KYN28\/135\u00a0kg &gt; KYN550\/95\u00a0kg.<\/li>\n<li>La ligne de fuite est plus grande et les performances de s\u00e9curit\u00e9 sont meilleures. Ligne de fuite\u00a0: KYN28\/180\u00a0mm<\/li>\n<li>Longue dur\u00e9e de vie et performances optimales. R\u00e9sistance du circuit de l&#039;ensemble de l&#039;armoire\u00a0: KYN28\/\u2264150\u00a0u\u03a9 &gt; KYN550\/\u226495\u00a0u\u03a9. Dur\u00e9e de vie de l&#039;\u00e9quipement\u00a0: KYN28\/20\u00a0ans.<\/li>\n<li>Environnement largement applicable. Environnement basse temp\u00e9rature\u00a0: KYN28\/-15\u00a0\u00b0C<\/li>\n<\/ol>\n<p><img loading=\"lazy\" decoding=\"async\" class=\"alignnone wp-image-1199 size-full\" src=\"http:\/\/www.xminsulation.com\/wp-content\/uploads\/2024\/05\/\u56fe\u724761.jpg\" alt=\"\" width=\"1000\" height=\"1000\" srcset=\"https:\/\/www.xminsulation.com\/wp-content\/uploads\/2024\/05\/\u56fe\u724761.jpg 1000w, https:\/\/www.xminsulation.com\/wp-content\/uploads\/2024\/05\/\u56fe\u724761-300x300.jpg 300w, https:\/\/www.xminsulation.com\/wp-content\/uploads\/2024\/05\/\u56fe\u724761-150x150.jpg 150w, https:\/\/www.xminsulation.com\/wp-content\/uploads\/2024\/05\/\u56fe\u724761-768x768.jpg 768w, https:\/\/www.xminsulation.com\/wp-content\/uploads\/2024\/05\/\u56fe\u724761-600x600.jpg 600w, https:\/\/www.xminsulation.com\/wp-content\/uploads\/2024\/05\/\u56fe\u724761-100x100.jpg 100w\" sizes=\"(max-width: 1000px) 100vw, 1000px\" \/> <img loading=\"lazy\" decoding=\"async\" class=\"alignnone wp-image-1200 size-full\" src=\"http:\/\/www.xminsulation.com\/wp-content\/uploads\/2024\/05\/\u56fe\u724762.png\" alt=\"\" width=\"1000\" height=\"545\" srcset=\"https:\/\/www.xminsulation.com\/wp-content\/uploads\/2024\/05\/\u56fe\u724762.png 1000w, https:\/\/www.xminsulation.com\/wp-content\/uploads\/2024\/05\/\u56fe\u724762-300x164.png 300w, https:\/\/www.xminsulation.com\/wp-content\/uploads\/2024\/05\/\u56fe\u724762-768x419.png 768w, https:\/\/www.xminsulation.com\/wp-content\/uploads\/2024\/05\/\u56fe\u724762-600x327.png 600w\" sizes=\"(max-width: 1000px) 100vw, 1000px\" \/><\/p>\n<h2><strong><b>Utiliser <\/b><\/strong><strong><b>C<\/b><\/strong><strong><b>conditionnel <\/b><\/strong><strong><b>E<\/b><\/strong><strong><b>environnement<\/b><\/strong><\/h2>\n<ol>\n<li>Temp\u00e9rature de l&#039;air : temp\u00e9rature minimale -15\u2103, temp\u00e9rature maximale +40\u2103, temp\u00e9rature moyenne sur 24 heures +35\u2103.<\/li>\n<li>Altitude : 2000m.<\/li>\n<li>Humidit\u00e9 (humidit\u00e9 relative), moyenne journali\u00e8re \u226495%, moyenne mensuelle \u226490%.<\/li>\n<\/ol>\n<h2><strong><b>Installation et <\/b><\/strong><strong><b>C<\/b><\/strong><strong><b>mise en service<\/b><\/strong><\/h2>\n<p>La construction des fondations des armoires \u00e9lectriques doit \u00eatre conforme aux dispositions pertinentes des \u00ab\u00a0Sp\u00e9cifications techniques pour la construction et la r\u00e9ception des installations \u00e9lectriques\u00a0\u00bb. La fondation d&#039;une armoire \u00e9lectrique n\u00e9cessite g\u00e9n\u00e9ralement un second coulage de b\u00e9ton. Le premier coulage sert \u00e0 l&#039;installation des composants de l&#039;armoire, \u00e0 savoir les corni\u00e8res, les profil\u00e9s ou les profil\u00e9s en acier. Lors du second coulage, la couche suppl\u00e9mentaire au sol est g\u00e9n\u00e9ralement de 60\u00a0mm d&#039;\u00e9paisseur. Lors du coulage de la couche suppl\u00e9mentaire, la hauteur du b\u00e9ton doit \u00eatre inf\u00e9rieure de 1 \u00e0 3\u00a0mm au plan des composants. Lors des travaux de g\u00e9nie civil, l&#039;\u00e9l\u00e9vation des fondations de l&#039;armoire \u00e9lectrique doit pr\u00e9voir une l\u00e9g\u00e8re marge pour la hauteur du profil\u00e9 en acier de l&#039;armoire, et des plaques d&#039;acier pr\u00e9-encastr\u00e9es dans l&#039;armoire \u00e0 intervalles de 1 \u00e0 1,5\u00a0m\u00e8tre le long du cadre.<\/p>\n<p>Lors de l&#039;installation de la structure de base, la qualit\u00e9 de l&#039;installation doit \u00eatre garantie. La norme technique pour l&#039;installation de la structure impose une tol\u00e9rance de 1 mm par m\u00e8tre carr\u00e9. Le cadre de base est compos\u00e9 de profil\u00e9s en acier soud\u00e9s et de corni\u00e8res en acier. Les dimensions de base du cadre et la disposition des chemins de c\u00e2bles sont indiqu\u00e9es dans le plan ci-joint. La distance d&#039;extension des profil\u00e9s en acier du cadre de base doit \u00eatre compatible avec la taille du corps de l&#039;armoire \u00e9lectrique. Lorsque les armoires sont dispos\u00e9es sur une seule rang\u00e9e, le couloir devant l&#039;armoire est de pr\u00e9f\u00e9rence de 2,5 m\u00e8tres\u00a0; lorsqu&#039;elles sont dispos\u00e9es sur deux rang\u00e9es, le couloir de fonctionnement entre les armoires est de pr\u00e9f\u00e9rence de 3 m\u00e8tres.<\/p>\n<p>Lors du transport des armoires \u00e9lectriques, des moyens de transport sp\u00e9cifiques, tels que des grues ou des chariots \u00e9l\u00e9vateurs, doivent \u00eatre utilis\u00e9s. L&#039;utilisation de pieds-de-biche \u00e0 roulettes est strictement interdite, tout comme le transport du chariot porte-disjoncteurs dans l&#039;armoire. Le chariot porte-disjoncteurs (et les autres chariots) ne peut \u00eatre introduit dans la petite pi\u00e8ce correspondante qu&#039;apr\u00e8s l&#039;installation de l&#039;armoire.<\/p>\n<p><img loading=\"lazy\" decoding=\"async\" class=\"alignnone wp-image-1201 size-full\" src=\"http:\/\/www.xminsulation.com\/wp-content\/uploads\/2024\/05\/\u56fe\u724763-1.png\" alt=\"\" width=\"640\" height=\"825\" srcset=\"https:\/\/www.xminsulation.com\/wp-content\/uploads\/2024\/05\/\u56fe\u724763-1.png 640w, https:\/\/www.xminsulation.com\/wp-content\/uploads\/2024\/05\/\u56fe\u724763-1-233x300.png 233w, https:\/\/www.xminsulation.com\/wp-content\/uploads\/2024\/05\/\u56fe\u724763-1-600x773.png 600w\" sizes=\"(max-width: 640px) 100vw, 640px\" \/><\/p>\n<h2><strong><b>Dessin de fondation de construction<\/b><\/strong><\/h2>\n<p><img loading=\"lazy\" decoding=\"async\" class=\"alignnone wp-image-1202 size-full\" src=\"http:\/\/www.xminsulation.com\/wp-content\/uploads\/2024\/05\/\u56fe\u724764-1.png\" alt=\"\" width=\"1000\" height=\"833\" srcset=\"https:\/\/www.xminsulation.com\/wp-content\/uploads\/2024\/05\/\u56fe\u724764-1.png 1000w, https:\/\/www.xminsulation.com\/wp-content\/uploads\/2024\/05\/\u56fe\u724764-1-300x250.png 300w, https:\/\/www.xminsulation.com\/wp-content\/uploads\/2024\/05\/\u56fe\u724764-1-768x640.png 768w, https:\/\/www.xminsulation.com\/wp-content\/uploads\/2024\/05\/\u56fe\u724764-1-600x500.png 600w\" sizes=\"(max-width: 1000px) 100vw, 1000px\" \/> <img loading=\"lazy\" decoding=\"async\" class=\"alignnone wp-image-1203 size-full\" src=\"http:\/\/www.xminsulation.com\/wp-content\/uploads\/2024\/05\/\u56fe\u724765-1.png\" alt=\"\" width=\"1000\" height=\"550\" srcset=\"https:\/\/www.xminsulation.com\/wp-content\/uploads\/2024\/05\/\u56fe\u724765-1.png 1000w, https:\/\/www.xminsulation.com\/wp-content\/uploads\/2024\/05\/\u56fe\u724765-1-300x165.png 300w, https:\/\/www.xminsulation.com\/wp-content\/uploads\/2024\/05\/\u56fe\u724765-1-768x422.png 768w, https:\/\/www.xminsulation.com\/wp-content\/uploads\/2024\/05\/\u56fe\u724765-1-600x330.png 600w\" sizes=\"(max-width: 1000px) 100vw, 1000px\" \/><\/p>\n<p>&nbsp;<\/p>\n<p>&nbsp;<\/p>\n<div class=\"wxts\">\n<h2>\u25c6Personnalisation sp\u00e9ciale<\/h2>\n<p>Les param\u00e8tres ci-dessus sont des donn\u00e9es typiques\u00a0; si les styles existants ne r\u00e9pondent pas \u00e0 vos demandes sp\u00e9cifiques, veuillez nous contacter pour une conception personnalis\u00e9e. Nous disposons d&#039;importantes comp\u00e9tences en mati\u00e8re de d\u00e9veloppement et de production de personnalisation personnalis\u00e9e, nous permettant de fournir des solutions sur mesure aux clients du monde entier.<\/p>\n<\/div>\n<p>&nbsp;<\/p>","protected":false},"excerpt":{"rendered":"<p>Main Highlights The circular main busbar has many advantages such as high mechanical strength, uniform electric field distribution, and resistance as low as 15-20u\u03a9. The modular vacuum circuit breaker is an integrated F-type design with excellent insulation performance, few parts, a mechanical life of 30,000 times, and excellent performance. The U-shaped integrated design of the [&hellip;]<\/p>","protected":false},"featured_media":1195,"template":"","meta":{"site-sidebar-layout":"default","site-content-layout":"","ast-site-content-layout":"default","site-content-style":"default","site-sidebar-style":"default","ast-global-header-display":"","ast-banner-title-visibility":"","ast-main-header-display":"","ast-hfb-above-header-display":"","ast-hfb-below-header-display":"","ast-hfb-mobile-header-display":"","site-post-title":"","ast-breadcrumbs-content":"","ast-featured-img":"","footer-sml-layout":"","theme-transparent-header-meta":"default","adv-header-id-meta":"","stick-header-meta":"","header-above-stick-meta":"","header-main-stick-meta":"","header-below-stick-meta":"","astra-migrate-meta-layouts":"set","ast-page-background-enabled":"default","ast-page-background-meta":{"desktop":{"background-color":"","background-image":"","background-repeat":"repeat","background-position":"center center","background-size":"auto","background-attachment":"scroll","background-type":"","background-media":"","overlay-type":"","overlay-color":"","overlay-gradient":""},"tablet":{"background-color":"","background-image":"","background-repeat":"repeat","background-position":"center center","background-size":"auto","background-attachment":"scroll","background-type":"","background-media":"","overlay-type":"","overlay-color":"","overlay-gradient":""},"mobile":{"background-color":"","background-image":"","background-repeat":"repeat","background-position":"center center","background-size":"auto","background-attachment":"scroll","background-type":"","background-media":"","overlay-type":"","overlay-color":"","overlay-gradient":""}},"ast-content-background-meta":{"desktop":{"background-color":"var(--ast-global-color-5)","background-image":"","background-repeat":"repeat","background-position":"center center","background-size":"auto","background-attachment":"scroll","background-type":"","background-media":"","overlay-type":"","overlay-color":"","overlay-gradient":""},"tablet":{"background-color":"var(--ast-global-color-5)","background-image":"","background-repeat":"repeat","background-position":"center center","background-size":"auto","background-attachment":"scroll","background-type":"","background-media":"","overlay-type":"","overlay-color":"","overlay-gradient":""},"mobile":{"background-color":"var(--ast-global-color-5)","background-image":"","background-repeat":"repeat","background-position":"center center","background-size":"auto","background-attachment":"scroll","background-type":"","background-media":"","overlay-type":"","overlay-color":"","overlay-gradient":""}}},"product_cat":[36],"product_tag":[],"class_list":{"0":"post-1194","1":"product","2":"type-product","3":"status-publish","4":"has-post-thumbnail","6":"product_cat-metal-clad-withdrawable-switchgear","7":"desktop-align-left","8":"tablet-align-left","9":"mobile-align-left","11":"first","12":"instock","13":"shipping-taxable","14":"product-type-simple"},"_links":{"self":[{"href":"https:\/\/www.xminsulation.com\/fr\/wp-json\/wp\/v2\/product\/1194","targetHints":{"allow":["GET"]}}],"collection":[{"href":"https:\/\/www.xminsulation.com\/fr\/wp-json\/wp\/v2\/product"}],"about":[{"href":"https:\/\/www.xminsulation.com\/fr\/wp-json\/wp\/v2\/types\/product"}],"wp:featuredmedia":[{"embeddable":true,"href":"https:\/\/www.xminsulation.com\/fr\/wp-json\/wp\/v2\/media\/1195"}],"wp:attachment":[{"href":"https:\/\/www.xminsulation.com\/fr\/wp-json\/wp\/v2\/media?parent=1194"}],"wp:term":[{"taxonomy":"product_cat","embeddable":true,"href":"https:\/\/www.xminsulation.com\/fr\/wp-json\/wp\/v2\/product_cat?post=1194"},{"taxonomy":"product_tag","embeddable":true,"href":"https:\/\/www.xminsulation.com\/fr\/wp-json\/wp\/v2\/product_tag?post=1194"}],"curies":[{"name":"wp","href":"https:\/\/api.w.org\/{rel}","templated":true}]}}