{"id":1184,"date":"2024-05-07T09:54:08","date_gmt":"2024-05-07T01:54:08","guid":{"rendered":"http:\/\/www.xminsulation.com\/?post_type=product&#038;p=1184"},"modified":"2024-05-15T16:39:01","modified_gmt":"2024-05-15T08:39:01","slug":"zw32-12kv-intelligent-outdoor-pole-mounted-vacuum-circuit-breaker-2","status":"publish","type":"product","link":"https:\/\/www.xminsulation.com\/fr\/product\/zw32-12kv-intelligent-outdoor-pole-mounted-vacuum-circuit-breaker-2\/","title":{"rendered":"Disjoncteur \u00e0 vide intelligent mont\u00e9 sur poteau ext\u00e9rieur ZW32-12kV"},"content":{"rendered":"<p><img fetchpriority=\"high\" decoding=\"async\" class=\"alignnone wp-image-1186 size-full\" src=\"http:\/\/www.xminsulation.com\/wp-content\/uploads\/2024\/05\/\u56fe\u724750-1.jpg\" alt=\"\" width=\"743\" height=\"743\" srcset=\"https:\/\/www.xminsulation.com\/wp-content\/uploads\/2024\/05\/\u56fe\u724750-1.jpg 743w, https:\/\/www.xminsulation.com\/wp-content\/uploads\/2024\/05\/\u56fe\u724750-1-300x300.jpg 300w, https:\/\/www.xminsulation.com\/wp-content\/uploads\/2024\/05\/\u56fe\u724750-1-150x150.jpg 150w, https:\/\/www.xminsulation.com\/wp-content\/uploads\/2024\/05\/\u56fe\u724750-1-600x600.jpg 600w, https:\/\/www.xminsulation.com\/wp-content\/uploads\/2024\/05\/\u56fe\u724750-1-100x100.jpg 100w\" sizes=\"(max-width: 743px) 100vw, 743px\" \/> <img decoding=\"async\" class=\"alignnone wp-image-1187 size-full\" src=\"http:\/\/www.xminsulation.com\/wp-content\/uploads\/2024\/05\/\u56fe\u724751-1.png\" alt=\"\" width=\"1000\" height=\"882\" srcset=\"https:\/\/www.xminsulation.com\/wp-content\/uploads\/2024\/05\/\u56fe\u724751-1.png 1000w, https:\/\/www.xminsulation.com\/wp-content\/uploads\/2024\/05\/\u56fe\u724751-1-300x265.png 300w, https:\/\/www.xminsulation.com\/wp-content\/uploads\/2024\/05\/\u56fe\u724751-1-768x677.png 768w, https:\/\/www.xminsulation.com\/wp-content\/uploads\/2024\/05\/\u56fe\u724751-1-600x529.png 600w\" sizes=\"(max-width: 1000px) 100vw, 1000px\" \/><\/p>\n<p>&nbsp;<\/p>\n<h2><strong><b>Description du produit<\/b><\/strong><\/h2>\n<p>Disjoncteur \u00e0 vide ext\u00e9rieur int\u00e9gr\u00e9 ZW32-12 kV, primaire et secondaire, mont\u00e9 sur poteau, tension nominale 12 kV, triphas\u00e9 CA 50 Hz\/60 Hz. Principalement utilis\u00e9 pour la coupure et la fermeture des courants de charge, de surcharge et de court-circuit dans les r\u00e9seaux \u00e9lectriques. Il est adapt\u00e9 \u00e0 la protection et au contr\u00f4le des syst\u00e8mes de distribution d&#039;\u00e9nergie des sous-stations et des entreprises industrielles et mini\u00e8res, et plus particuli\u00e8rement aux r\u00e9seaux \u00e9lectriques ruraux et aux zones \u00e0 forte fr\u00e9quentation.<\/p>\n<p>Ce produit est associ\u00e9 au contr\u00f4leur pour r\u00e9pondre aux exigences du syst\u00e8me d&#039;automatisation de la distribution et peut compl\u00e9ter de mani\u00e8re fiable et efficace la fonction de r\u00e9enclencheur traditionnelle.<\/p>\n<h2><strong><b>Structure du produit<\/b><\/strong><\/h2>\n<ol>\n<li>Adoptez une structure \u00e0 colonnes s\u00e9par\u00e9es triphas\u00e9es et installez le circuit primaire triphas\u00e9 dans le manchon isolant de chaque phase. En cas de panne monophas\u00e9e, aucun court-circuit triphas\u00e9 ne sera provoqu\u00e9.<\/li>\n<li>En utilisant une nouvelle chambre d&#039;extinction d&#039;arc sous vide miniaturis\u00e9e, une coque en c\u00e9ramique, des contacts en cuivre-chrome et une m\u00e9thode d&#039;extinction d&#039;arc \u00e0 champ magn\u00e9tique longitudinal, les performances de coupure sont stables et fiables, les contacts ont peu d&#039;usure et il n&#039;y a aucun risque de br\u00fblure ou d&#039;explosion.<\/li>\n<li>La chambre d&#039;extinction d&#039;arc sous vide est install\u00e9e dans un manchon isolant et un manchon en caoutchouc de silicone est utilis\u00e9 pour sceller toute la chambre d&#039;extinction d&#039;arc sous vide dans le manchon isolant, ce qui \u00e9limine les pannes de court-circuit caus\u00e9es par la condensation et ne n\u00e9cessite aucun entretien pendant 20 ans.<\/li>\n<li>Le cylindre isolant est fabriqu\u00e9 en r\u00e9sine \u00e9poxy ou en caoutchouc de silicone pour l&#039;ext\u00e9rieur. Il pr\u00e9sente une bonne hydrophobie et une bonne capacit\u00e9 antipollution, et peut \u00eatre utilis\u00e9 dans des environnements ext\u00e9rieurs difficiles.<\/li>\n<li>Le m\u00e9canisme de commande peut \u00eatre \u00e0 aimant permanent ou \u00e0 ressort. Compact, fiable et dot\u00e9 d&#039;une dur\u00e9e de vie m\u00e9canique sup\u00e9rieure \u00e0 10\u00a0000 fois sup\u00e9rieure.<\/li>\n<li>Sa structure enti\u00e8rement \u00e9tanche et son m\u00e9canisme de commande int\u00e9gr\u00e9 au bo\u00eetier offrent une excellente \u00e9tanch\u00e9it\u00e9 et am\u00e9liorent les performances en termes de r\u00e9sistance \u00e0 l&#039;humidit\u00e9 et \u00e0 la rouille. L&#039;absence d&#039;huile de transformateur et d&#039;hexafluorure de soufre dans le bo\u00eetier r\u00e9pond aux exigences de transformation sans huile et de protection de l&#039;environnement.<\/li>\n<li>La surface de la bo\u00eete adopte un processus de placage Dacromet avanc\u00e9 ou un mat\u00e9riau en acier inoxydable, qui pr\u00e9sente une excellente r\u00e9sistance \u00e0 la corrosion.<\/li>\n<li>Installez un transformateur de courant de protection externe et un contr\u00f4leur composite avec fonction anti-appel de courant sur les phases A et C du disjoncteur. En cas d&#039;appel de courant sur la ligne, le disjoncteur est temporis\u00e9 afin d&#039;\u00e9viter tout dysfonctionnement. En cas de d\u00e9faut sur la ligne, le disjoncteur peut \u00eatre ouvert rapidement. Le rapport de transformation est configur\u00e9 selon les besoins de l&#039;utilisateur.<\/li>\n<li>Le disjoncteur peut \u00eatre \u00e9quip\u00e9 d&#039;un dispositif de commande \u00e0 distance sous le poteau, et la t\u00e9l\u00e9commande peut \u00eatre utilis\u00e9e pour ouvrir et fermer l&#039;interrupteur sous le poteau.<\/li>\n<li>Le disjoncteur peut \u00eatre \u00e9quip\u00e9 d&#039;un PT externe ou d&#039;un PT \u00e9lectronique pour fournir la puissance de fonctionnement du disjoncteur.<\/li>\n<li>Le disjoncteur peut \u00eatre \u00e9quip\u00e9 d&#039;un contr\u00f4leur de r\u00e9enclenchement et d&#039;un contr\u00f4leur de sectionnement pour former un r\u00e9enclencheur et un sectionnement automatiques. C&#039;est un dispositif id\u00e9al pour l&#039;automatisation des r\u00e9seaux de distribution.<\/li>\n<\/ol>\n<p><img decoding=\"async\" class=\"alignnone wp-image-1188 size-full\" src=\"http:\/\/www.xminsulation.com\/wp-content\/uploads\/2024\/05\/\u56fe\u724752-1.png\" alt=\"\" width=\"1190\" height=\"940\" srcset=\"https:\/\/www.xminsulation.com\/wp-content\/uploads\/2024\/05\/\u56fe\u724752-1.png 1190w, https:\/\/www.xminsulation.com\/wp-content\/uploads\/2024\/05\/\u56fe\u724752-1-300x237.png 300w, https:\/\/www.xminsulation.com\/wp-content\/uploads\/2024\/05\/\u56fe\u724752-1-1024x809.png 1024w, https:\/\/www.xminsulation.com\/wp-content\/uploads\/2024\/05\/\u56fe\u724752-1-768x607.png 768w, https:\/\/www.xminsulation.com\/wp-content\/uploads\/2024\/05\/\u56fe\u724752-1-600x474.png 600w\" sizes=\"(max-width: 1190px) 100vw, 1190px\" \/><\/p>\n<h2><strong><b>Sch\u00e9ma de la structure interne du disjoncteur ZW32-12 kV<\/b><\/strong><\/h2>\n<p>&nbsp;<\/p>\n<p>1\u6c38\u78c1\u673a\u6784M\u00e9canisme \u00e0 aimant permanent.<\/p>\n<p>2\u624b\u52a8\u5206\u95f8\u8f6c\u8f6eRoue \u00e0 ouverture manuelle.<\/p>\n<p>Barre d&#039;entra\u00eenement plate \u00e0 3 niveaux.<\/p>\n<p>4\u8f85\u52a9\u5f00\u5173Interrupteur auxiliaire.<\/p>\n<p>Ressort d&#039;ouverture \u00e0 5 positions.<\/p>\n<p>6 personnes Shell.<\/p>\n<p>Tige isolante \u00e0 7 brins.<\/p>\n<p>8\u4e0b\u7edd\u7f18\u7b52Baril d&#039;isolation inf\u00e9rieur.<\/p>\n<p>9\u8f6f\u8fde\u63a5Connexion flexible.<\/p>\n<p>10\u4e0a\u7edd\u7f18\u7b52Baril d&#039;isolation sup\u00e9rieur.<\/p>\n<p>11\u771f\u7a7a\u706d\u5f27\u5ba4Interrupteur \u00e0 vide.<\/p>\n<p><img loading=\"lazy\" decoding=\"async\" class=\"alignnone wp-image-1189 size-full\" src=\"http:\/\/www.xminsulation.com\/wp-content\/uploads\/2024\/05\/\u56fe\u724753-1.png\" alt=\"\" width=\"1000\" height=\"1122\" srcset=\"https:\/\/www.xminsulation.com\/wp-content\/uploads\/2024\/05\/\u56fe\u724753-1.png 1000w, https:\/\/www.xminsulation.com\/wp-content\/uploads\/2024\/05\/\u56fe\u724753-1-267x300.png 267w, https:\/\/www.xminsulation.com\/wp-content\/uploads\/2024\/05\/\u56fe\u724753-1-913x1024.png 913w, https:\/\/www.xminsulation.com\/wp-content\/uploads\/2024\/05\/\u56fe\u724753-1-768x862.png 768w, https:\/\/www.xminsulation.com\/wp-content\/uploads\/2024\/05\/\u56fe\u724753-1-600x673.png 600w\" sizes=\"(max-width: 1000px) 100vw, 1000px\" \/> <img loading=\"lazy\" decoding=\"async\" class=\"alignnone wp-image-1190 size-full\" src=\"http:\/\/www.xminsulation.com\/wp-content\/uploads\/2024\/05\/\u56fe\u724754-1.png\" alt=\"\" width=\"1000\" height=\"1013\" srcset=\"https:\/\/www.xminsulation.com\/wp-content\/uploads\/2024\/05\/\u56fe\u724754-1.png 1000w, https:\/\/www.xminsulation.com\/wp-content\/uploads\/2024\/05\/\u56fe\u724754-1-296x300.png 296w, https:\/\/www.xminsulation.com\/wp-content\/uploads\/2024\/05\/\u56fe\u724754-1-768x778.png 768w, https:\/\/www.xminsulation.com\/wp-content\/uploads\/2024\/05\/\u56fe\u724754-1-600x608.png 600w, https:\/\/www.xminsulation.com\/wp-content\/uploads\/2024\/05\/\u56fe\u724754-1-100x100.png 100w\" sizes=\"(max-width: 1000px) 100vw, 1000px\" \/> <img loading=\"lazy\" decoding=\"async\" class=\"alignnone wp-image-1191 size-full\" src=\"http:\/\/www.xminsulation.com\/wp-content\/uploads\/2024\/05\/\u56fe\u724755-1.png\" alt=\"\" width=\"1000\" height=\"541\" srcset=\"https:\/\/www.xminsulation.com\/wp-content\/uploads\/2024\/05\/\u56fe\u724755-1.png 1000w, https:\/\/www.xminsulation.com\/wp-content\/uploads\/2024\/05\/\u56fe\u724755-1-300x162.png 300w, https:\/\/www.xminsulation.com\/wp-content\/uploads\/2024\/05\/\u56fe\u724755-1-768x415.png 768w, https:\/\/www.xminsulation.com\/wp-content\/uploads\/2024\/05\/\u56fe\u724755-1-600x325.png 600w\" sizes=\"(max-width: 1000px) 100vw, 1000px\" \/><\/p>\n<h2><strong><b>Environnement et conditions d&#039;utilisation<\/b><\/strong><\/h2>\n<ol>\n<li>Temp\u00e9rature de l&#039;air ambiant : -40\u00b0C~+40\u00b0C, diff\u00e9rence de temp\u00e9rature quotidienne 25\u00b0C.<\/li>\n<li>Altitude : pas plus de 2000 m\u00e8tres.<\/li>\n<li>Pression du vent : pas plus de 700 Pa (\u00e9quivalent \u00e0 une vitesse du vent de 35 m\/s).<\/li>\n<li>Niveau de pollution de l&#039;air : Niveau IV.<\/li>\n<li>Intensit\u00e9 du tremblement de terre : pas plus de 8 degr\u00e9s.<\/li>\n<li>Lieu d&#039;installation : un endroit sans risque d&#039;inflammabilit\u00e9, d&#039;explosion, de corrosion chimique ou de vibrations importantes.<\/li>\n<\/ol>\n<h2><strong><b>Dimensions d&#039;installation globales<\/b><\/strong><\/h2>\n<p><img loading=\"lazy\" decoding=\"async\" class=\"alignnone wp-image-1192 size-full\" src=\"http:\/\/www.xminsulation.com\/wp-content\/uploads\/2024\/05\/\u56fe\u724756-1.png\" alt=\"\" width=\"1000\" height=\"767\" srcset=\"https:\/\/www.xminsulation.com\/wp-content\/uploads\/2024\/05\/\u56fe\u724756-1.png 1000w, https:\/\/www.xminsulation.com\/wp-content\/uploads\/2024\/05\/\u56fe\u724756-1-300x230.png 300w, https:\/\/www.xminsulation.com\/wp-content\/uploads\/2024\/05\/\u56fe\u724756-1-768x589.png 768w, https:\/\/www.xminsulation.com\/wp-content\/uploads\/2024\/05\/\u56fe\u724756-1-600x460.png 600w\" sizes=\"(max-width: 1000px) 100vw, 1000px\" \/><\/p>\n<h2><strong><b>Transport, r\u00e9ception et stockage<\/b><\/strong><\/h2>\n<ol>\n<li>Pendant le transport, l&#039;appareil doit \u00eatre emball\u00e9 dans une bo\u00eete ferm\u00e9e et fix\u00e9. Il ne doit pas \u00eatre renvers\u00e9 ni inclin\u00e9 pendant le transport, et des mesures de protection contre les chocs doivent \u00eatre prises. Pour transporter le disjoncteur \u00e0 mains nues, veuillez soulever les garde-corps de chaque c\u00f4t\u00e9. Il est strictement interdit de soulever les manchons isolants d&#039;entr\u00e9e et de sortie. Pour soulever le disjoncteur, vous devez accrocher le dispositif de levage \u00e0 la bo\u00eete.<\/li>\n<li>Acceptation. Apr\u00e8s r\u00e9ception du produit, l&#039;utilisateur doit effectuer les t\u00e2ches suivantes\u00a0:<\/li>\n<li>V\u00e9rifiez si l&#039;emballage est endommag\u00e9.<\/li>\n<li>Apr\u00e8s le d\u00e9ballage, v\u00e9rifiez si les bo\u00eetiers d&#039;entr\u00e9e et de sortie de l&#039;interrupteur sont fissur\u00e9s, si la bo\u00eete est d\u00e9form\u00e9e, si les instructions d&#039;ouverture et de fermeture sont compl\u00e8tes, si la plaque signal\u00e9tique et le certificat du produit sont coh\u00e9rents avec le bon de commande et si la liste de colisage est coh\u00e9rente avec le produit r\u00e9el.<\/li>\n<li>V\u00e9rifiez si les documents, accessoires et pi\u00e8ces de rechange sont complets par rapport \u00e0 la liste de colisage du produit.<\/li>\n<li>V\u00e9rifiez si les param\u00e8tres techniques et le certificat du produit sur la plaque signal\u00e9tique du disjoncteur \u00e0 vide r\u00e9pondent aux exigences de la commande.<\/li>\n<li>Les param\u00e8tres de contact et les caract\u00e9ristiques m\u00e9caniques du disjoncteur ont \u00e9t\u00e9 ajust\u00e9s lors du contr\u00f4le en usine. Il n&#039;est pas n\u00e9cessaire de d\u00e9baller et d&#039;inspecter le disjoncteur. L&#039;installation peut \u00eatre effectu\u00e9e apr\u00e8s un essai de tenue \u00e0 la tension, si n\u00e9cessaire. Un contr\u00f4le des caract\u00e9ristiques m\u00e9caniques peut \u00eatre effectu\u00e9 si n\u00e9cessaire, si les conditions le permettent.<\/li>\n<li>Stockage. Le disjoncteur \u00e0 vide et le contr\u00f4leur doivent \u00eatre stock\u00e9s dans un local sec, ventil\u00e9, \u00e0 l&#039;abri de l&#039;humidit\u00e9, des chocs et des gaz nocifs. Pour un stockage longue dur\u00e9e, l&#039;environnement doit \u00eatre r\u00e9guli\u00e8rement v\u00e9rifi\u00e9 afin de v\u00e9rifier sa conformit\u00e9 aux exigences. L&#039;emballage, le d\u00e9ballage et le stockage doivent \u00eatre effectu\u00e9s dans un local sec, et l&#039;int\u00e9gralit\u00e9 et la coh\u00e9rence des produits et composants doivent \u00eatre v\u00e9rifi\u00e9es. La hauteur de chevauchement du corps du contr\u00f4leur ne doit pas d\u00e9passer trois couches.<\/li>\n<\/ol>\n<h2><strong><b>Installation et mise en service<\/b><\/strong><\/h2>\n<ol>\n<li>Inspection et mise en service avant l&#039;installation.<\/li>\n<li>V\u00e9rifiez si le mod\u00e8le et les sp\u00e9cifications du disjoncteur sont conformes au contrat de commande.<\/li>\n<li>V\u00e9rifiez si les documents et pi\u00e8ces jointes sont complets.<\/li>\n<li>V\u00e9rifiez si la surface du disjoncteur est ab\u00eem\u00e9e et si les pi\u00e8ces isolantes sont endommag\u00e9es ou fissur\u00e9es.<\/li>\n<li>V\u00e9rifiez si la bo\u00eete est d\u00e9form\u00e9e et v\u00e9rifiez son \u00e9tanch\u00e9it\u00e9.<\/li>\n<li>Si les attaches sont desserr\u00e9es.<\/li>\n<li>Y a-t-il un bruit anormal \u00e0 l&#039;int\u00e9rieur de la bo\u00eete ?<\/li>\n<li>Le disjoncteur \u00e0 commande manuelle ou \u00e9lectrique est ferm\u00e9 et ouvert 10 fois, et l&#039;ouverture et la fermeture doivent \u00eatre fiables.<\/li>\n<\/ol>\n<p>h, effectuez un test de surintensit\u00e9 et la valeur de r\u00e9glage de surintensit\u00e9 doit r\u00e9pondre aux exigences.<\/p>\n<ol>\n<li>Utiliser la m\u00e9thode de tenue \u00e0 la tension industrielle pour v\u00e9rifier le degr\u00e9 de vide de la chambre d&#039;extinction d&#039;arc sous vide. Lorsque le disjoncteur est en position ouverte, appliquer une tension \u00e0 fr\u00e9quence industrielle de 48 kV entre les fractures pendant 1 minute ; aucun claquage ni claquage ne devrait se produire.<\/li>\n<li>Il ne devrait pas y avoir de contournement ni de panne lorsqu&#039;une tension \u00e0 fr\u00e9quence industrielle de 42 kV est appliqu\u00e9e entre les phases et \u00e0 la terre du disjoncteur pendant 1 minute.<\/li>\n<li>Lorsque le produit est endommag\u00e9 ou pr\u00e9sente d&#039;autres probl\u00e8mes, il est recommand\u00e9 de prendre des photos des dommages sur place et d&#039;en informer le fournisseur en temps opportun.<\/li>\n<li>Installation.<\/li>\n<li>Soyez vigilant lors du levage. Accrochez les quatre anneaux de levage \u00e0 la bo\u00eete et soulevez-la horizontalement.<\/li>\n<li>Fixez le disjoncteur sur le support de montage \u00e0 l&#039;aide de boulons. La surface de montage doit \u00eatre plane. Si les quatre points de fixation ne sont pas sur le m\u00eame plan, ajoutez des rondelles pour \u00e9viter toute d\u00e9formation de la structure du disjoncteur sous l&#039;effet des contraintes.<\/li>\n<li>Lorsque le disjoncteur est connect\u00e9 au jeu de barres, l&#039;extr\u00e9mit\u00e9 de sortie du disjoncteur ne peut pas \u00eatre soumise \u00e0 une tension, une pression ou un couple permanent.<\/li>\n<li>Apr\u00e8s l\u2019installation, le disjoncteur doit \u00eatre inspect\u00e9 et nettoy\u00e9.<\/li>\n<\/ol>\n<p><img loading=\"lazy\" decoding=\"async\" class=\"alignnone wp-image-1193 size-full\" src=\"http:\/\/www.xminsulation.com\/wp-content\/uploads\/2024\/05\/\u56fe\u724757-1.png\" alt=\"\" width=\"1167\" height=\"740\" srcset=\"https:\/\/www.xminsulation.com\/wp-content\/uploads\/2024\/05\/\u56fe\u724757-1.png 1167w, https:\/\/www.xminsulation.com\/wp-content\/uploads\/2024\/05\/\u56fe\u724757-1-300x190.png 300w, https:\/\/www.xminsulation.com\/wp-content\/uploads\/2024\/05\/\u56fe\u724757-1-1024x649.png 1024w, https:\/\/www.xminsulation.com\/wp-content\/uploads\/2024\/05\/\u56fe\u724757-1-768x487.png 768w, https:\/\/www.xminsulation.com\/wp-content\/uploads\/2024\/05\/\u56fe\u724757-1-600x380.png 600w\" sizes=\"(max-width: 1167px) 100vw, 1167px\" \/><\/p>\n<h2><strong><b>Entretien<\/b><\/strong><\/h2>\n<ol>\n<li>Le disjoncteur doit \u00eatre inspect\u00e9 tous les cinq ans pour nettoyer la surface des pi\u00e8ces isolantes, v\u00e9rifier l&#039;usure des pi\u00e8ces mobiles du m\u00e9canisme et injecter de la graisse dans les pi\u00e8ces de transmission.<\/li>\n<li>V\u00e9rifiez si les fixations sont desserr\u00e9es et si les bagues de serrage et les circlips sont d\u00e9form\u00e9s ou d\u00e9tach\u00e9s. Si c&#039;est le cas, il convient de les remettre en \u00e9tat rapidement.<\/li>\n<li>Si le disjoncteur est laiss\u00e9 longtemps ou rarement actionn\u00e9, la partie mobile peut se bloquer. S&#039;il est \u00e9quip\u00e9 d&#039;un m\u00e9canisme de commande \u00e0 ressort, le disjoncteur doit \u00eatre stock\u00e9, ferm\u00e9 et ouvert au moins cinq fois par an. En cas de panne de courant du contr\u00f4leur \u00e0 aimant permanent configur\u00e9, il est n\u00e9cessaire d&#039;utiliser une alimentation externe pour charger le condensateur interne du contr\u00f4leur, puis d&#039;effectuer au moins cinq op\u00e9rations de fermeture et d&#039;ouverture.<\/li>\n<li>Effectuez un test de tension de tenue \u00e0 fr\u00e9quence industrielle pour d\u00e9terminer si la chambre d&#039;extinction d&#039;arc sous vide fuit de mani\u00e8re chronique ou si la r\u00e9sistance d&#039;isolation des autres pi\u00e8ces isolantes est r\u00e9duite.<\/li>\n<li>Pour les endroits o\u00f9 les op\u00e9rations sont fr\u00e9quentes, il convient de pr\u00eater attention \u00e0 l&#039;usure des contacts et de ne pas utiliser l&#039;appareil au-del\u00e0 du nombre autoris\u00e9 d&#039;interruptions de court-circuit et de la dur\u00e9e de vie m\u00e9canique de la chambre d&#039;extinction d&#039;arc sous vide.<\/li>\n<li>Choses \u00e0 noter :<\/li>\n<li>Lors de la maintenance, le disjoncteur doit \u00eatre en position ouverte et sans stockage d&#039;\u00e9nergie, et toutes les alimentations doivent \u00eatre d\u00e9connect\u00e9es. En raison du stockage d&#039;\u00e9nergie et de la fermeture<\/li>\n<\/ol>\n<p>Les ressorts d&#039;\u00e9tat accumulent de l&#039;\u00e9nergie. Si l&#039;entretien est n\u00e9glig\u00e9, le mouvement du m\u00e9canisme peut provoquer des blessures.<\/p>\n<ol>\n<li>L&#039;entretien doit \u00eatre effectu\u00e9 par des professionnels.<\/li>\n<li>Apr\u00e8s l&#039;entretien, notamment apr\u00e8s le remplacement de pi\u00e8ces ou le r\u00e9ajustement, les caract\u00e9ristiques m\u00e9caniques de l&#039;interrupteur doivent \u00eatre test\u00e9es pour s&#039;assurer qu&#039;il r\u00e9pond aux conditions techniques.<\/li>\n<\/ol>\n<div class=\"wxts\">\n<h2>\u25c6Personnalisation sp\u00e9ciale<\/h2>\n<p>Les param\u00e8tres ci-dessus sont des donn\u00e9es typiques\u00a0; si les styles existants ne r\u00e9pondent pas \u00e0 vos demandes sp\u00e9cifiques, veuillez nous contacter pour une conception personnalis\u00e9e. Nous disposons d&#039;importantes comp\u00e9tences en mati\u00e8re de d\u00e9veloppement et de production de personnalisation personnalis\u00e9e, nous permettant de fournir des solutions sur mesure aux clients du monde entier.<\/p>\n<\/div>","protected":false},"excerpt":{"rendered":"<p>&nbsp; Product Description ZW32-12kV primary and secondary integrated outdoor pole-mounted vacuum circuit breaker, rated voltage 12kV, three-phase AC 50Hz\/60Hz outdoor primary switching equipment, mainly used for breaking and closing load current, overload current and short-circuit current in the power system . It is suitable for protection and control in power distribution systems of substations and [&hellip;]<\/p>","protected":false},"featured_media":1185,"template":"","meta":{"site-sidebar-layout":"default","site-content-layout":"","ast-site-content-layout":"default","site-content-style":"default","site-sidebar-style":"default","ast-global-header-display":"","ast-banner-title-visibility":"","ast-main-header-display":"","ast-hfb-above-header-display":"","ast-hfb-below-header-display":"","ast-hfb-mobile-header-display":"","site-post-title":"","ast-breadcrumbs-content":"","ast-featured-img":"","footer-sml-layout":"","theme-transparent-header-meta":"default","adv-header-id-meta":"","stick-header-meta":"","header-above-stick-meta":"","header-main-stick-meta":"","header-below-stick-meta":"","astra-migrate-meta-layouts":"set","ast-page-background-enabled":"default","ast-page-background-meta":{"desktop":{"background-color":"","background-image":"","background-repeat":"repeat","background-position":"center center","background-size":"auto","background-attachment":"scroll","background-type":"","background-media":"","overlay-type":"","overlay-color":"","overlay-gradient":""},"tablet":{"background-color":"","background-image":"","background-repeat":"repeat","background-position":"center center","background-size":"auto","background-attachment":"scroll","background-type":"","background-media":"","overlay-type":"","overlay-color":"","overlay-gradient":""},"mobile":{"background-color":"","background-image":"","background-repeat":"repeat","background-position":"center center","background-size":"auto","background-attachment":"scroll","background-type":"","background-media":"","overlay-type":"","overlay-color":"","overlay-gradient":""}},"ast-content-background-meta":{"desktop":{"background-color":"var(--ast-global-color-5)","background-image":"","background-repeat":"repeat","background-position":"center center","background-size":"auto","background-attachment":"scroll","background-type":"","background-media":"","overlay-type":"","overlay-color":"","overlay-gradient":""},"tablet":{"background-color":"var(--ast-global-color-5)","background-image":"","background-repeat":"repeat","background-position":"center center","background-size":"auto","background-attachment":"scroll","background-type":"","background-media":"","overlay-type":"","overlay-color":"","overlay-gradient":""},"mobile":{"background-color":"var(--ast-global-color-5)","background-image":"","background-repeat":"repeat","background-position":"center center","background-size":"auto","background-attachment":"scroll","background-type":"","background-media":"","overlay-type":"","overlay-color":"","overlay-gradient":""}}},"product_cat":[24],"product_tag":[],"class_list":{"0":"post-1184","1":"product","2":"type-product","3":"status-publish","4":"has-post-thumbnail","6":"product_cat-10-40-5kv-outdoor-pole-mounted-vacuum-auto-recloser","7":"desktop-align-left","8":"tablet-align-left","9":"mobile-align-left","11":"first","12":"instock","13":"shipping-taxable","14":"product-type-simple"},"_links":{"self":[{"href":"https:\/\/www.xminsulation.com\/fr\/wp-json\/wp\/v2\/product\/1184","targetHints":{"allow":["GET"]}}],"collection":[{"href":"https:\/\/www.xminsulation.com\/fr\/wp-json\/wp\/v2\/product"}],"about":[{"href":"https:\/\/www.xminsulation.com\/fr\/wp-json\/wp\/v2\/types\/product"}],"wp:featuredmedia":[{"embeddable":true,"href":"https:\/\/www.xminsulation.com\/fr\/wp-json\/wp\/v2\/media\/1185"}],"wp:attachment":[{"href":"https:\/\/www.xminsulation.com\/fr\/wp-json\/wp\/v2\/media?parent=1184"}],"wp:term":[{"taxonomy":"product_cat","embeddable":true,"href":"https:\/\/www.xminsulation.com\/fr\/wp-json\/wp\/v2\/product_cat?post=1184"},{"taxonomy":"product_tag","embeddable":true,"href":"https:\/\/www.xminsulation.com\/fr\/wp-json\/wp\/v2\/product_tag?post=1184"}],"curies":[{"name":"wp","href":"https:\/\/api.w.org\/{rel}","templated":true}]}}