{"id":1069,"date":"2024-05-06T11:09:04","date_gmt":"2024-05-06T03:09:04","guid":{"rendered":"http:\/\/www.xminsulation.com\/?post_type=product&#038;p=1069"},"modified":"2024-05-15T16:42:26","modified_gmt":"2024-05-15T08:42:26","slug":"quik-lock-plugs-and-receptacles-for-low-voltage","status":"publish","type":"product","link":"https:\/\/www.xminsulation.com\/fr\/product\/quik-lock-plugs-and-receptacles-for-low-voltage\/","title":{"rendered":"Fiches et prises Quik-Lock pour basse tension"},"content":{"rendered":"<p><img fetchpriority=\"high\" decoding=\"async\" class=\"alignnone wp-image-1071 size-full\" src=\"http:\/\/www.xminsulation.com\/wp-content\/uploads\/2024\/05\/\u56fe\u724762-1.jpg\" alt=\"\" width=\"800\" height=\"800\" srcset=\"https:\/\/www.xminsulation.com\/wp-content\/uploads\/2024\/05\/\u56fe\u724762-1.jpg 800w, https:\/\/www.xminsulation.com\/wp-content\/uploads\/2024\/05\/\u56fe\u724762-1-300x300.jpg 300w, https:\/\/www.xminsulation.com\/wp-content\/uploads\/2024\/05\/\u56fe\u724762-1-150x150.jpg 150w, https:\/\/www.xminsulation.com\/wp-content\/uploads\/2024\/05\/\u56fe\u724762-1-768x768.jpg 768w, https:\/\/www.xminsulation.com\/wp-content\/uploads\/2024\/05\/\u56fe\u724762-1-600x600.jpg 600w, https:\/\/www.xminsulation.com\/wp-content\/uploads\/2024\/05\/\u56fe\u724762-1-100x100.jpg 100w\" sizes=\"(max-width: 800px) 100vw, 800px\" \/> <img decoding=\"async\" class=\"alignnone wp-image-1072 size-full\" src=\"http:\/\/www.xminsulation.com\/wp-content\/uploads\/2024\/05\/\u56fe\u724763.png\" alt=\"\" width=\"808\" height=\"377\" srcset=\"https:\/\/www.xminsulation.com\/wp-content\/uploads\/2024\/05\/\u56fe\u724763.png 808w, https:\/\/www.xminsulation.com\/wp-content\/uploads\/2024\/05\/\u56fe\u724763-300x140.png 300w, https:\/\/www.xminsulation.com\/wp-content\/uploads\/2024\/05\/\u56fe\u724763-768x358.png 768w, https:\/\/www.xminsulation.com\/wp-content\/uploads\/2024\/05\/\u56fe\u724763-600x280.png 600w\" sizes=\"(max-width: 808px) 100vw, 808px\" \/> <img decoding=\"async\" class=\"alignnone wp-image-1073 size-full\" src=\"http:\/\/www.xminsulation.com\/wp-content\/uploads\/2024\/05\/\u56fe\u724764.png\" alt=\"\" width=\"694\" height=\"376\" srcset=\"https:\/\/www.xminsulation.com\/wp-content\/uploads\/2024\/05\/\u56fe\u724764.png 694w, https:\/\/www.xminsulation.com\/wp-content\/uploads\/2024\/05\/\u56fe\u724764-300x163.png 300w, https:\/\/www.xminsulation.com\/wp-content\/uploads\/2024\/05\/\u56fe\u724764-600x325.png 600w\" sizes=\"(max-width: 694px) 100vw, 694px\" \/><\/p>\n<h2><strong><b>Informations g\u00e9n\u00e9rales<\/b><\/strong><\/h2>\n<p>L&#039;interface de connexion rapide pour alimentation de secours basse tension est \u00e9galement appel\u00e9e coupleur rapide. Une extr\u00e9mit\u00e9 est connect\u00e9e et fix\u00e9e au connecteur du g\u00e9n\u00e9rateur, et l&#039;autre extr\u00e9mit\u00e9 est connect\u00e9e et fix\u00e9e \u00e0 l&#039;interface d&#039;alimentation de secours de l&#039;armoire \u00e9lectrique moyenne ou basse tension, formant ainsi un syst\u00e8me d&#039;acc\u00e8s rapide \u00e0 l&#039;alimentation de secours. Largement utilis\u00e9 dans les v\u00e9hicules de production d&#039;\u00e9lectricit\u00e9, les g\u00e9n\u00e9rateurs, les armoires de distribution, etc., ce produit est divis\u00e9 en deux niveaux de tension\u00a0: moyenne tension et basse tension.<\/p>\n<p>Le v\u00e9hicule de production d&#039;\u00e9nergie de secours est une sorte d&#039;\u00e9quipement de production d&#039;\u00e9nergie de secours, qui est g\u00e9n\u00e9ralement utilis\u00e9 pour fournir de l&#039;\u00e9lectricit\u00e9 en cas de panne de courant soudaine ou lorsque le site ne peut pas \u00eatre connect\u00e9 au r\u00e9seau \u00e9lectrique. Les v\u00e9hicules de production d&#039;\u00e9lectricit\u00e9 de secours sont principalement utilis\u00e9s dans les sc\u00e9narios suivants : Premi\u00e8rement, il y a une panne de courant soudaine ou le site ne peut pas \u00eatre connect\u00e9 au r\u00e9seau \u00e9lectrique. Par exemple, en cas de panne de courant ou si le site ne peut pas \u00eatre connect\u00e9 au r\u00e9seau \u00e9lectrique en raison de catastrophes naturelles, de pannes d&#039;installations, de maintenance de lignes ou d&#039;\u00e9quipements, etc., une production d&#039;\u00e9lectricit\u00e9 de secours est n\u00e9cessaire. La voiture peut fournir un service d&#039;alimentation \u00e9lectrique comme source d&#039;alimentation de secours. La seconde est la demande \u00e9nerg\u00e9tique temporaire, comme les projets de construction, de performance et autres. En cas de demande d&#039;\u00e9nergie temporaire, les v\u00e9hicules de production d&#039;\u00e9lectricit\u00e9 de secours peuvent fournir la capacit\u00e9 de production d&#039;\u00e9nergie requise pour r\u00e9pondre \u00e0 la demande d&#039;\u00e9nergie temporaire. Le troisi\u00e8me est la demande d\u2019alimentation \u00e9lectrique mobile. En raison de sa grande mobilit\u00e9, il peut faciliter l\u2019alimentation \u00e9lectrique et les interventions d\u2019urgence en cas de besoin.<\/p>\n<p>En Chine, les v\u00e9hicules de production d&#039;\u00e9lectricit\u00e9 se divisent actuellement en v\u00e9hicules moyenne tension de 10 kV et en v\u00e9hicules basse tension de 0,4 kV. Les v\u00e9hicules g\u00e9n\u00e9rateurs basse tension raccord\u00e9s au r\u00e9seau offrent un large \u00e9ventail d&#039;applications et peuvent \u00eatre connect\u00e9s \u00e0 des armoires de commande murales, au sol ou encastr\u00e9es.<\/p>\n<p>Afin d&#039;assurer une alimentation \u00e9lectrique rapide pour les interventions d&#039;urgence dans les zones r\u00e9sidentielles urbaines et aupr\u00e8s des usagers importants, l&#039;installation de dispositifs d&#039;acc\u00e8s rapide d&#039;urgence sur les ensembles complets d&#039;appareillages basse tension existants permet de r\u00e9duire consid\u00e9rablement le temps de pr\u00e9paration de l&#039;alimentation de secours et d&#039;am\u00e9liorer la s\u00e9curit\u00e9 et la fiabilit\u00e9 de l&#039;alimentation. Ce produit est largement utilis\u00e9 pour les tests d&#039;alimentation, les v\u00e9hicules de production d&#039;\u00e9lectricit\u00e9, les v\u00e9hicules d&#039;alimentation de secours, les commutateurs de d\u00e9rivation, les armoires de distribution, la distribution \u00e9lectrique, etc.<\/p>\n<h2><strong><b>caract\u00e9ristiques du produit<\/b><\/strong><\/h2>\n<ol>\n<li>Ce produit est s\u00fbr et fiable, et il n&#039;y a pas d&#039;\u00e9tincelle lors du branchement ou du d\u00e9branchement. Le connecteur adopte un syst\u00e8me de connexion avec un m\u00e9canisme de verrouillage, qui est fermement connect\u00e9 et a pour fonction d&#039;\u00e9viter les chocs \u00e9lectriques.<\/li>\n<li>Petite taille, connexion rapide, fonctionnement simple et connexion pratique.<\/li>\n<li>Le connecteur rapide a une forte capacit\u00e9 de transport de courant, une r\u00e9sistance de contact extr\u00eamement faible, un contact fiable, peut passer des courants importants et g\u00e9n\u00e8re tr\u00e8s peu de chaleur (la technologie de base du principe de contact multipoint \u00e0 doigt de contact \u00e9lastique est depuis longtemps largement utilis\u00e9e dans les solutions multinationales d&#039;appareillage de commutation haute tension telles que Siemens et ABB. Contact fiable et probl\u00e8mes d&#039;\u00e9l\u00e9vation de temp\u00e9rature minimes).<\/li>\n<li>Dur\u00e9e de vie m\u00e9canique\u00a0: le coupleur de prise de panneau peut \u00eatre branch\u00e9 et d\u00e9branch\u00e9 au moins 5 000 fois selon la m\u00e9thode de branchement et de d\u00e9branchement correcte.<\/li>\n<li>R\u00e9sistant \u00e0 la corrosion par brouillard salin (applicable aux ports), robuste et durable, adapt\u00e9 aux environnements difficiles et a une longue dur\u00e9e de vie.<\/li>\n<li>Section de c\u00e2ble applicable : 50~240 mm\u00b2.<\/li>\n<li>Degr\u00e9 de protection IP65.<\/li>\n<li>Sans entretien, \u00e9conome en \u00e9nergie et respectueux de l&#039;environnement.<\/li>\n<\/ol>\n<p><img loading=\"lazy\" decoding=\"async\" class=\"alignnone wp-image-1074 size-full\" src=\"http:\/\/www.xminsulation.com\/wp-content\/uploads\/2024\/05\/\u56fe\u724765.png\" alt=\"\" width=\"1000\" height=\"1056\" srcset=\"https:\/\/www.xminsulation.com\/wp-content\/uploads\/2024\/05\/\u56fe\u724765.png 1000w, https:\/\/www.xminsulation.com\/wp-content\/uploads\/2024\/05\/\u56fe\u724765-284x300.png 284w, https:\/\/www.xminsulation.com\/wp-content\/uploads\/2024\/05\/\u56fe\u724765-970x1024.png 970w, https:\/\/www.xminsulation.com\/wp-content\/uploads\/2024\/05\/\u56fe\u724765-768x811.png 768w, https:\/\/www.xminsulation.com\/wp-content\/uploads\/2024\/05\/\u56fe\u724765-600x634.png 600w\" sizes=\"(max-width: 1000px) 100vw, 1000px\" \/><\/p>\n<h2><strong><b>Droit <\/b><\/strong><strong><b>P.<\/b><\/strong><strong><b>anneau <\/b><\/strong><strong><b>R<\/b><\/strong><strong><b>Structure g\u00e9n\u00e9rale du r\u00e9ceptacle et dimensions d&#039;installation<\/b><\/strong><\/h2>\n<p><strong><b> <img loading=\"lazy\" decoding=\"async\" class=\"alignnone wp-image-1075 size-full\" src=\"http:\/\/www.xminsulation.com\/wp-content\/uploads\/2024\/05\/\u56fe\u724766.png\" alt=\"\" width=\"1000\" height=\"520\" srcset=\"https:\/\/www.xminsulation.com\/wp-content\/uploads\/2024\/05\/\u56fe\u724766.png 1000w, https:\/\/www.xminsulation.com\/wp-content\/uploads\/2024\/05\/\u56fe\u724766-300x156.png 300w, https:\/\/www.xminsulation.com\/wp-content\/uploads\/2024\/05\/\u56fe\u724766-768x399.png 768w, https:\/\/www.xminsulation.com\/wp-content\/uploads\/2024\/05\/\u56fe\u724766-600x312.png 600w\" sizes=\"(max-width: 1000px) 100vw, 1000px\" \/> <img loading=\"lazy\" decoding=\"async\" class=\"alignnone wp-image-1076 size-full\" src=\"http:\/\/www.xminsulation.com\/wp-content\/uploads\/2024\/05\/\u56fe\u724767.png\" alt=\"\" width=\"1000\" height=\"412\" srcset=\"https:\/\/www.xminsulation.com\/wp-content\/uploads\/2024\/05\/\u56fe\u724767.png 1000w, https:\/\/www.xminsulation.com\/wp-content\/uploads\/2024\/05\/\u56fe\u724767-300x124.png 300w, https:\/\/www.xminsulation.com\/wp-content\/uploads\/2024\/05\/\u56fe\u724767-768x316.png 768w, https:\/\/www.xminsulation.com\/wp-content\/uploads\/2024\/05\/\u56fe\u724767-600x247.png 600w\" sizes=\"(max-width: 1000px) 100vw, 1000px\" \/><\/b><\/strong><strong><b>\u00a0<\/b><\/strong><\/p>\n<h2><strong><b>Fiche droite<\/b><\/strong><\/h2>\n<p><img loading=\"lazy\" decoding=\"async\" class=\"alignnone wp-image-1077 size-full\" src=\"http:\/\/www.xminsulation.com\/wp-content\/uploads\/2024\/05\/\u56fe\u724768.png\" alt=\"\" width=\"862\" height=\"677\" srcset=\"https:\/\/www.xminsulation.com\/wp-content\/uploads\/2024\/05\/\u56fe\u724768.png 862w, https:\/\/www.xminsulation.com\/wp-content\/uploads\/2024\/05\/\u56fe\u724768-300x236.png 300w, https:\/\/www.xminsulation.com\/wp-content\/uploads\/2024\/05\/\u56fe\u724768-768x603.png 768w, https:\/\/www.xminsulation.com\/wp-content\/uploads\/2024\/05\/\u56fe\u724768-600x471.png 600w\" sizes=\"(max-width: 862px) 100vw, 862px\" \/> <img loading=\"lazy\" decoding=\"async\" class=\"alignnone wp-image-1078 size-full\" src=\"http:\/\/www.xminsulation.com\/wp-content\/uploads\/2024\/05\/\u56fe\u724769.png\" alt=\"\" width=\"1404\" height=\"411\" srcset=\"https:\/\/www.xminsulation.com\/wp-content\/uploads\/2024\/05\/\u56fe\u724769.png 1404w, https:\/\/www.xminsulation.com\/wp-content\/uploads\/2024\/05\/\u56fe\u724769-300x88.png 300w, https:\/\/www.xminsulation.com\/wp-content\/uploads\/2024\/05\/\u56fe\u724769-1024x300.png 1024w, https:\/\/www.xminsulation.com\/wp-content\/uploads\/2024\/05\/\u56fe\u724769-768x225.png 768w, https:\/\/www.xminsulation.com\/wp-content\/uploads\/2024\/05\/\u56fe\u724769-600x176.png 600w\" sizes=\"(max-width: 1404px) 100vw, 1404px\" \/> <img loading=\"lazy\" decoding=\"async\" class=\"alignnone wp-image-1079 size-full\" src=\"http:\/\/www.xminsulation.com\/wp-content\/uploads\/2024\/05\/\u56fe\u724770.png\" alt=\"\" width=\"1000\" height=\"378\" srcset=\"https:\/\/www.xminsulation.com\/wp-content\/uploads\/2024\/05\/\u56fe\u724770.png 1000w, https:\/\/www.xminsulation.com\/wp-content\/uploads\/2024\/05\/\u56fe\u724770-300x113.png 300w, https:\/\/www.xminsulation.com\/wp-content\/uploads\/2024\/05\/\u56fe\u724770-768x290.png 768w, https:\/\/www.xminsulation.com\/wp-content\/uploads\/2024\/05\/\u56fe\u724770-600x227.png 600w\" sizes=\"(max-width: 1000px) 100vw, 1000px\" \/><\/p>\n<h2><strong><b>Sc\u00e9narios d&#039;application<\/b><\/strong><\/h2>\n<p><img loading=\"lazy\" decoding=\"async\" class=\"alignnone wp-image-1080 size-full\" src=\"http:\/\/www.xminsulation.com\/wp-content\/uploads\/2024\/05\/\u56fe\u724771.png\" alt=\"\" width=\"759\" height=\"659\" srcset=\"https:\/\/www.xminsulation.com\/wp-content\/uploads\/2024\/05\/\u56fe\u724771.png 759w, https:\/\/www.xminsulation.com\/wp-content\/uploads\/2024\/05\/\u56fe\u724771-300x260.png 300w, https:\/\/www.xminsulation.com\/wp-content\/uploads\/2024\/05\/\u56fe\u724771-600x521.png 600w\" sizes=\"(max-width: 759px) 100vw, 759px\" \/><\/p>\n<p><strong><b>Bo\u00eetier d&#039;acc\u00e8s rapide pour g\u00e9n\u00e9rateur de secours basse tension (bo\u00eetier d&#039;acc\u00e8s rapide pour g\u00e9n\u00e9rateur \u00e0 double circuit (personnalisable))<\/b><\/strong><\/p>\n<p><strong><b> <img loading=\"lazy\" decoding=\"async\" class=\"alignnone wp-image-1081 size-full\" src=\"http:\/\/www.xminsulation.com\/wp-content\/uploads\/2024\/05\/\u56fe\u724772.png\" alt=\"\" width=\"1000\" height=\"768\" srcset=\"https:\/\/www.xminsulation.com\/wp-content\/uploads\/2024\/05\/\u56fe\u724772.png 1000w, https:\/\/www.xminsulation.com\/wp-content\/uploads\/2024\/05\/\u56fe\u724772-300x230.png 300w, https:\/\/www.xminsulation.com\/wp-content\/uploads\/2024\/05\/\u56fe\u724772-768x590.png 768w, https:\/\/www.xminsulation.com\/wp-content\/uploads\/2024\/05\/\u56fe\u724772-600x461.png 600w\" sizes=\"(max-width: 1000px) 100vw, 1000px\" \/><\/b><\/strong><\/p>\n<h2><strong><b>Sc\u00e9narios d&#039;utilisation du g\u00e9n\u00e9rateur<\/b><\/strong><\/h2>\n<p><strong><b> <img loading=\"lazy\" decoding=\"async\" class=\"alignnone size-medium wp-image-1082\" src=\"http:\/\/www.xminsulation.com\/wp-content\/uploads\/2024\/05\/\u56fe\u724773-263x300.png\" alt=\"\" width=\"263\" height=\"300\" srcset=\"https:\/\/www.xminsulation.com\/wp-content\/uploads\/2024\/05\/\u56fe\u724773-263x300.png 263w, https:\/\/www.xminsulation.com\/wp-content\/uploads\/2024\/05\/\u56fe\u724773.png 600w\" sizes=\"(max-width: 263px) 100vw, 263px\" \/><\/b><\/strong><\/p>\n<p><strong><b>\u00a0<\/b><\/strong><\/p>\n<h2 class=\"wxts\">\u25c6Personnalisation sp\u00e9ciale<\/h2>\n<p>Les param\u00e8tres ci-dessus sont des donn\u00e9es typiques\u00a0; si les styles existants ne r\u00e9pondent pas \u00e0 vos demandes sp\u00e9cifiques, veuillez nous contacter pour une conception personnalis\u00e9e. Nous disposons d&#039;importantes comp\u00e9tences en mati\u00e8re de d\u00e9veloppement et de production de personnalisation personnalis\u00e9e, nous permettant de fournir des solutions sur mesure aux clients du monde entier.<\/p>","protected":false},"excerpt":{"rendered":"<p>General Information The low-voltage emergency power supply quick-plug interface is also called the emergency power supply quick-connect coupler. One end of it is connected and fixed with the connector on the generator car, and the other end is connected and fixed with the emergency power interface on the medium-voltage or low-voltage switch cabinet to form [&hellip;]<\/p>","protected":false},"featured_media":1070,"template":"","meta":{"site-sidebar-layout":"default","site-content-layout":"","ast-site-content-layout":"default","site-content-style":"default","site-sidebar-style":"default","ast-global-header-display":"","ast-banner-title-visibility":"","ast-main-header-display":"","ast-hfb-above-header-display":"","ast-hfb-below-header-display":"","ast-hfb-mobile-header-display":"","site-post-title":"","ast-breadcrumbs-content":"","ast-featured-img":"","footer-sml-layout":"","theme-transparent-header-meta":"default","adv-header-id-meta":"","stick-header-meta":"","header-above-stick-meta":"","header-main-stick-meta":"","header-below-stick-meta":"","astra-migrate-meta-layouts":"set","ast-page-background-enabled":"default","ast-page-background-meta":{"desktop":{"background-color":"","background-image":"","background-repeat":"repeat","background-position":"center center","background-size":"auto","background-attachment":"scroll","background-type":"","background-media":"","overlay-type":"","overlay-color":"","overlay-gradient":""},"tablet":{"background-color":"","background-image":"","background-repeat":"repeat","background-position":"center center","background-size":"auto","background-attachment":"scroll","background-type":"","background-media":"","overlay-type":"","overlay-color":"","overlay-gradient":""},"mobile":{"background-color":"","background-image":"","background-repeat":"repeat","background-position":"center center","background-size":"auto","background-attachment":"scroll","background-type":"","background-media":"","overlay-type":"","overlay-color":"","overlay-gradient":""}},"ast-content-background-meta":{"desktop":{"background-color":"var(--ast-global-color-5)","background-image":"","background-repeat":"repeat","background-position":"center center","background-size":"auto","background-attachment":"scroll","background-type":"","background-media":"","overlay-type":"","overlay-color":"","overlay-gradient":""},"tablet":{"background-color":"var(--ast-global-color-5)","background-image":"","background-repeat":"repeat","background-position":"center center","background-size":"auto","background-attachment":"scroll","background-type":"","background-media":"","overlay-type":"","overlay-color":"","overlay-gradient":""},"mobile":{"background-color":"var(--ast-global-color-5)","background-image":"","background-repeat":"repeat","background-position":"center center","background-size":"auto","background-attachment":"scroll","background-type":"","background-media":"","overlay-type":"","overlay-color":"","overlay-gradient":""}}},"product_cat":[44],"product_tag":[],"class_list":{"0":"post-1069","1":"product","2":"type-product","3":"status-publish","4":"has-post-thumbnail","6":"product_cat-quik-lock-plugs-and-receptacles-mvlv","7":"desktop-align-left","8":"tablet-align-left","9":"mobile-align-left","11":"first","12":"instock","13":"shipping-taxable","14":"product-type-simple"},"_links":{"self":[{"href":"https:\/\/www.xminsulation.com\/fr\/wp-json\/wp\/v2\/product\/1069","targetHints":{"allow":["GET"]}}],"collection":[{"href":"https:\/\/www.xminsulation.com\/fr\/wp-json\/wp\/v2\/product"}],"about":[{"href":"https:\/\/www.xminsulation.com\/fr\/wp-json\/wp\/v2\/types\/product"}],"wp:featuredmedia":[{"embeddable":true,"href":"https:\/\/www.xminsulation.com\/fr\/wp-json\/wp\/v2\/media\/1070"}],"wp:attachment":[{"href":"https:\/\/www.xminsulation.com\/fr\/wp-json\/wp\/v2\/media?parent=1069"}],"wp:term":[{"taxonomy":"product_cat","embeddable":true,"href":"https:\/\/www.xminsulation.com\/fr\/wp-json\/wp\/v2\/product_cat?post=1069"},{"taxonomy":"product_tag","embeddable":true,"href":"https:\/\/www.xminsulation.com\/fr\/wp-json\/wp\/v2\/product_tag?post=1069"}],"curies":[{"name":"wp","href":"https:\/\/api.w.org\/{rel}","templated":true}]}}