{"id":1016,"date":"2024-05-06T10:36:00","date_gmt":"2024-05-06T02:36:00","guid":{"rendered":"http:\/\/www.xminsulation.com\/?post_type=product&#038;p=1016"},"modified":"2024-05-23T17:59:33","modified_gmt":"2024-05-23T09:59:33","slug":"sf6-gas-insulated-bypass-switch-10-24kv-200a-400a-630a","status":"publish","type":"product","link":"https:\/\/www.xminsulation.com\/fr\/product\/sf6-gas-insulated-bypass-switch-10-24kv-200a-400a-630a\/","title":{"rendered":"Interrupteur de d\u00e9rivation isol\u00e9 au gaz SF6 10\/24 kV 200 A\/400 A\/630 A"},"content":{"rendered":"<p><img fetchpriority=\"high\" decoding=\"async\" class=\"alignnone wp-image-1018 size-full\" src=\"http:\/\/www.xminsulation.com\/wp-content\/uploads\/2024\/05\/\u56fe\u724713-1.png\" alt=\"\" width=\"1000\" height=\"1000\" srcset=\"https:\/\/www.xminsulation.com\/wp-content\/uploads\/2024\/05\/\u56fe\u724713-1.png 1000w, https:\/\/www.xminsulation.com\/wp-content\/uploads\/2024\/05\/\u56fe\u724713-1-300x300.png 300w, https:\/\/www.xminsulation.com\/wp-content\/uploads\/2024\/05\/\u56fe\u724713-1-150x150.png 150w, https:\/\/www.xminsulation.com\/wp-content\/uploads\/2024\/05\/\u56fe\u724713-1-768x768.png 768w, https:\/\/www.xminsulation.com\/wp-content\/uploads\/2024\/05\/\u56fe\u724713-1-600x600.png 600w, https:\/\/www.xminsulation.com\/wp-content\/uploads\/2024\/05\/\u56fe\u724713-1-100x100.png 100w\" sizes=\"(max-width: 1000px) 100vw, 1000px\" \/> <img decoding=\"async\" class=\"alignnone wp-image-1019 size-full\" src=\"http:\/\/www.xminsulation.com\/wp-content\/uploads\/2024\/05\/\u56fe\u724714.png\" alt=\"\" width=\"1000\" height=\"1036\" srcset=\"https:\/\/www.xminsulation.com\/wp-content\/uploads\/2024\/05\/\u56fe\u724714.png 1000w, https:\/\/www.xminsulation.com\/wp-content\/uploads\/2024\/05\/\u56fe\u724714-290x300.png 290w, https:\/\/www.xminsulation.com\/wp-content\/uploads\/2024\/05\/\u56fe\u724714-988x1024.png 988w, https:\/\/www.xminsulation.com\/wp-content\/uploads\/2024\/05\/\u56fe\u724714-768x796.png 768w, https:\/\/www.xminsulation.com\/wp-content\/uploads\/2024\/05\/\u56fe\u724714-600x622.png 600w\" sizes=\"(max-width: 1000px) 100vw, 1000px\" \/> <img decoding=\"async\" class=\"alignnone wp-image-1020 size-full\" src=\"http:\/\/www.xminsulation.com\/wp-content\/uploads\/2024\/05\/\u56fe\u724715.png\" alt=\"\" width=\"1000\" height=\"1194\" srcset=\"https:\/\/www.xminsulation.com\/wp-content\/uploads\/2024\/05\/\u56fe\u724715.png 1000w, https:\/\/www.xminsulation.com\/wp-content\/uploads\/2024\/05\/\u56fe\u724715-251x300.png 251w, https:\/\/www.xminsulation.com\/wp-content\/uploads\/2024\/05\/\u56fe\u724715-858x1024.png 858w, https:\/\/www.xminsulation.com\/wp-content\/uploads\/2024\/05\/\u56fe\u724715-768x917.png 768w, https:\/\/www.xminsulation.com\/wp-content\/uploads\/2024\/05\/\u56fe\u724715-600x716.png 600w\" sizes=\"(max-width: 1000px) 100vw, 1000px\" \/> <img loading=\"lazy\" decoding=\"async\" class=\"alignnone wp-image-1021 size-full\" src=\"http:\/\/www.xminsulation.com\/wp-content\/uploads\/2024\/05\/\u56fe\u724716.png\" alt=\"\" width=\"1000\" height=\"954\" srcset=\"https:\/\/www.xminsulation.com\/wp-content\/uploads\/2024\/05\/\u56fe\u724716.png 1000w, https:\/\/www.xminsulation.com\/wp-content\/uploads\/2024\/05\/\u56fe\u724716-300x286.png 300w, https:\/\/www.xminsulation.com\/wp-content\/uploads\/2024\/05\/\u56fe\u724716-768x733.png 768w, https:\/\/www.xminsulation.com\/wp-content\/uploads\/2024\/05\/\u56fe\u724716-600x572.png 600w\" sizes=\"(max-width: 1000px) 100vw, 1000px\" \/><\/p>\n<h2><strong><b>Informations g\u00e9n\u00e9rales<\/b><\/strong><\/h2>\n<p>La technologie de d\u00e9rivation int\u00e9gr\u00e9e est une nouvelle technologie d&#039;exploitation visant \u00e0 am\u00e9liorer la fiabilit\u00e9 de l&#039;alimentation \u00e9lectrique des r\u00e9seaux de distribution. Elle comprend le fonctionnement conventionnel, le fonctionnement charg\u00e9 et le d\u00e9rivation.<\/p>\n<p>fonctionnement, fonctionnement de l&#039;alimentation mobile et autres modes de fonctionnement.<\/p>\n<p>Le commutateur de charge de d\u00e9rivation de type LBS 10\/24 kV 200 A\/400 A\/630 A est l&#039;\u00e9quipement principal de la nouvelle technologie de d\u00e9rivation int\u00e9gr\u00e9e. Il utilise des c\u00e2bles d&#039;alimentation flexibles, des connecteurs rapides autobloquants, des commutateurs de d\u00e9rivation, des chariots mobiles et d&#039;autres \u00e9quipements pour constituer diff\u00e9rentes unit\u00e9s de distribution d&#039;\u00e9nergie et fournir l&#039;alimentation de d\u00e9rivation aux utilisateurs dans un ensemble modulaire. Il permet non seulement aux op\u00e9rateurs de distribution d&#039;\u00e9nergie d&#039;effectuer des travaux de maintenance de lignes sans interruption d&#039;alimentation, mais aussi de fournir une alimentation \u00e9lectrique temporaire pour les r\u00e9parations de d\u00e9fauts de lignes plus complexes, r\u00e9duisant ainsi l&#039;ampleur des pannes de courant, r\u00e9duisant leur impact sur les utilisateurs et am\u00e9liorant la fiabilit\u00e9 de l&#039;alimentation \u00e9lectrique.<\/p>\n<p>Le commutateur de charge de d\u00e9rivation utilise du gaz SF6 avec des propri\u00e9t\u00e9s d&#039;isolation et d&#039;extinction d&#039;arc exceptionnelles et une structure de circuit principal avanc\u00e9e.<\/p>\n<h2><strong><b>caract\u00e9ristiques du produit<\/b><\/strong><\/h2>\n<ol>\n<li>Le bo\u00eetier de commutation est fabriqu\u00e9 en acier inoxydable 304 pour r\u00e9pondre aux exigences de r\u00e9sistance \u00e0 la corrosion pour une utilisation permanente.<\/li>\n<li>Le m\u00e9canisme de fonctionnement du circuit principal est une structure triangulaire invers\u00e9e simple (\u00e0 bascule), ce qui le rend insensible aux vibrations haute fr\u00e9quence, \u00e0 la gravit\u00e9, aux impacts externes, etc., caus\u00e9s par les tremblements de terre ou les vents violents. Ses performances sont tr\u00e8s stables et sa dur\u00e9e de vie m\u00e9canique est longue. La commutation manuelle et \u00e9lectrique est possible. Fonctionnement s\u00e9par\u00e9, bonne compatibilit\u00e9 avec un dispositif de protection de secours.<\/li>\n<li>L&#039;interrupteur adopte un manchon \u00e0 connexion rapide et peut \u00eatre \u00e9quip\u00e9 d&#039;interfaces de connexion rapide autobloquantes europ\u00e9ennes et am\u00e9ricaines.<\/li>\n<li>Configurer le dispositif de protection CT\/RVT : afin d&#039;\u00e9viter la surintensit\u00e9 du dispositif de mesure de courant et le circuit ouvert du CT, ainsi que la surtension du dispositif de mesure de tension.<\/li>\n<li>Il dispose d&#039;un affichage de charge et d&#039;un affichage de comptage ; et d&#039;une fonction de phase nucl\u00e9aire.<\/li>\n<li>Il dispose d&#039;un fonctionnement manuel, d&#039;un fonctionnement \u00e9lectrique, d&#039;un fonctionnement \u00e0 distance local et de fonctions d&#039;ouverture et de fermeture \u00e0 distance (en option), ce qui rend l&#039;op\u00e9ration pratique, rapide et s\u00fbre.<\/li>\n<li>Dot\u00e9 de fonctions de d\u00e9tection de d\u00e9faut, d&#039;alarme et de coupure automatique de d\u00e9faut (en option), il facilite la d\u00e9tection et la protection des d\u00e9fauts.<\/li>\n<\/ol>\n<p><img loading=\"lazy\" decoding=\"async\" class=\"alignnone wp-image-1022 size-full\" src=\"http:\/\/www.xminsulation.com\/wp-content\/uploads\/2024\/05\/\u56fe\u724717.png\" alt=\"\" width=\"1196\" height=\"1188\" srcset=\"https:\/\/www.xminsulation.com\/wp-content\/uploads\/2024\/05\/\u56fe\u724717.png 1196w, https:\/\/www.xminsulation.com\/wp-content\/uploads\/2024\/05\/\u56fe\u724717-300x298.png 300w, https:\/\/www.xminsulation.com\/wp-content\/uploads\/2024\/05\/\u56fe\u724717-1024x1017.png 1024w, https:\/\/www.xminsulation.com\/wp-content\/uploads\/2024\/05\/\u56fe\u724717-150x150.png 150w, https:\/\/www.xminsulation.com\/wp-content\/uploads\/2024\/05\/\u56fe\u724717-768x763.png 768w, https:\/\/www.xminsulation.com\/wp-content\/uploads\/2024\/05\/\u56fe\u724717-600x596.png 600w, https:\/\/www.xminsulation.com\/wp-content\/uploads\/2024\/05\/\u56fe\u724717-100x100.png 100w\" sizes=\"(max-width: 1196px) 100vw, 1196px\" \/><\/p>\n<h2><strong><b>Usage <\/b><\/strong><strong><b>E<\/b><\/strong><strong><b>environnement<\/b><\/strong><\/h2>\n<ol>\n<li>Temp\u00e9rature de fonctionnement : -40~+85\u2103.<\/li>\n<li>Condition d&#039;humidit\u00e9 : 0 ~ 80% (humidit\u00e9 relative).<\/li>\n<li>Hauteur d&#039;utilisation : inf\u00e9rieure \u00e0 800 m au dessus du niveau de la mer.<\/li>\n<\/ol>\n<h2><strong><b>Manuel <\/b><\/strong><strong><b>B<\/b><\/strong><strong><b>je passe <\/b><\/strong><strong><b>S<\/b><\/strong><strong><b>sorci\u00e8re <\/b><\/strong><strong><b>S<\/b><\/strong><strong><b>structure et <\/b><\/strong><strong><b>D<\/b><\/strong><strong><b>dimension <\/b><\/strong><strong><b>D<\/b><\/strong><strong><b>cru<\/b><\/strong><\/h2>\n<p><strong><b> <img loading=\"lazy\" decoding=\"async\" class=\"alignnone wp-image-1023 size-full\" src=\"http:\/\/www.xminsulation.com\/wp-content\/uploads\/2024\/05\/\u56fe\u724718.png\" alt=\"\" width=\"1000\" height=\"767\" srcset=\"https:\/\/www.xminsulation.com\/wp-content\/uploads\/2024\/05\/\u56fe\u724718.png 1000w, https:\/\/www.xminsulation.com\/wp-content\/uploads\/2024\/05\/\u56fe\u724718-300x230.png 300w, https:\/\/www.xminsulation.com\/wp-content\/uploads\/2024\/05\/\u56fe\u724718-768x589.png 768w, https:\/\/www.xminsulation.com\/wp-content\/uploads\/2024\/05\/\u56fe\u724718-600x460.png 600w\" sizes=\"(max-width: 1000px) 100vw, 1000px\" \/> <img loading=\"lazy\" decoding=\"async\" class=\"alignnone wp-image-1024 size-full\" src=\"http:\/\/www.xminsulation.com\/wp-content\/uploads\/2024\/05\/\u56fe\u724719.png\" alt=\"\" width=\"1000\" height=\"796\" srcset=\"https:\/\/www.xminsulation.com\/wp-content\/uploads\/2024\/05\/\u56fe\u724719.png 1000w, https:\/\/www.xminsulation.com\/wp-content\/uploads\/2024\/05\/\u56fe\u724719-300x239.png 300w, https:\/\/www.xminsulation.com\/wp-content\/uploads\/2024\/05\/\u56fe\u724719-768x611.png 768w, https:\/\/www.xminsulation.com\/wp-content\/uploads\/2024\/05\/\u56fe\u724719-600x478.png 600w\" sizes=\"(max-width: 1000px) 100vw, 1000px\" \/><\/b><\/strong><\/p>\n<p>1. Compteur de billets.<\/p>\n<p>2\uff0c\u64cd\u4f5c\u628a\u624b\u3001\u94ed\u724cPoign\u00e9e de commande et plaque signal\u00e9tique.<\/p>\n<p>3\uff0c\u5de6\u4fa7\u94e0\u88c5\u5957\u7ba1\u63d2\u5ea7\u53ca\u9632\u5c18\u76d6Douille blind\u00e9e c\u00f4t\u00e9 gauche et cache-poussi\u00e8re.<\/p>\n<p>4, \u624b\u52a8\u95ed\u9501\u88c5\u7f6eDispositif de verrouillage manuel.<\/p>\n<p>5, manom\u00e8tre d&#039;air SF6.<\/p>\n<p>6, valve d&#039;injection de gaz SF6.<\/p>\n<p>7. Tr\u00e9pied inf\u00e9rieur.<\/p>\n<p>8\uff0c\u4e0a\u63d0\u628a\u53ca\u540a\u8033Poign\u00e9es de levage et oreilles de levage.<\/p>\n<p>9\uff0c\u53f3\u4fa7\u94e0\u88c5\u5957\u7ba1\u63d2\u5ea7\u53ca\u9632\u5c18\u76d6Douille blind\u00e9e droite et cache-poussi\u00e8re.<\/p>\n<p>10\uff0c\u6838\u76f8\u4eea\/\u63a7\u5236\u5668Analyseur\/contr\u00f4leur de phase nucl\u00e9aire.<\/p>\n<p>11, support de commutateur de d\u00e9rivation.<\/p>\n<p>12. Trou de sol.<\/p>\n<p>13\uff0cDispositif antid\u00e9flagrant \u00e0 haute pression.<\/p>\n<p><img loading=\"lazy\" decoding=\"async\" class=\"alignnone wp-image-1025 size-full\" src=\"http:\/\/www.xminsulation.com\/wp-content\/uploads\/2024\/05\/\u56fe\u724720.png\" alt=\"\" width=\"1000\" height=\"959\" srcset=\"https:\/\/www.xminsulation.com\/wp-content\/uploads\/2024\/05\/\u56fe\u724720.png 1000w, https:\/\/www.xminsulation.com\/wp-content\/uploads\/2024\/05\/\u56fe\u724720-300x288.png 300w, https:\/\/www.xminsulation.com\/wp-content\/uploads\/2024\/05\/\u56fe\u724720-768x737.png 768w, https:\/\/www.xminsulation.com\/wp-content\/uploads\/2024\/05\/\u56fe\u724720-600x575.png 600w\" sizes=\"(max-width: 1000px) 100vw, 1000px\" \/> <img loading=\"lazy\" decoding=\"async\" class=\"alignnone wp-image-1026 size-full\" src=\"http:\/\/www.xminsulation.com\/wp-content\/uploads\/2024\/05\/\u56fe\u724721.png\" alt=\"\" width=\"1000\" height=\"1226\" srcset=\"https:\/\/www.xminsulation.com\/wp-content\/uploads\/2024\/05\/\u56fe\u724721.png 1000w, https:\/\/www.xminsulation.com\/wp-content\/uploads\/2024\/05\/\u56fe\u724721-245x300.png 245w, https:\/\/www.xminsulation.com\/wp-content\/uploads\/2024\/05\/\u56fe\u724721-835x1024.png 835w, https:\/\/www.xminsulation.com\/wp-content\/uploads\/2024\/05\/\u56fe\u724721-768x942.png 768w, https:\/\/www.xminsulation.com\/wp-content\/uploads\/2024\/05\/\u56fe\u724721-600x736.png 600w\" sizes=\"(max-width: 1000px) 100vw, 1000px\" \/> <img loading=\"lazy\" decoding=\"async\" class=\"alignnone wp-image-1027 size-full\" src=\"http:\/\/www.xminsulation.com\/wp-content\/uploads\/2024\/05\/\u56fe\u724722.png\" alt=\"\" width=\"1000\" height=\"1443\" srcset=\"https:\/\/www.xminsulation.com\/wp-content\/uploads\/2024\/05\/\u56fe\u724722.png 1000w, https:\/\/www.xminsulation.com\/wp-content\/uploads\/2024\/05\/\u56fe\u724722-208x300.png 208w, https:\/\/www.xminsulation.com\/wp-content\/uploads\/2024\/05\/\u56fe\u724722-710x1024.png 710w, https:\/\/www.xminsulation.com\/wp-content\/uploads\/2024\/05\/\u56fe\u724722-768x1108.png 768w, https:\/\/www.xminsulation.com\/wp-content\/uploads\/2024\/05\/\u56fe\u724722-600x866.png 600w\" sizes=\"(max-width: 1000px) 100vw, 1000px\" \/> <img loading=\"lazy\" decoding=\"async\" class=\"alignnone wp-image-1028 size-full\" src=\"http:\/\/www.xminsulation.com\/wp-content\/uploads\/2024\/05\/\u56fe\u724723.png\" alt=\"\" width=\"1000\" height=\"906\" srcset=\"https:\/\/www.xminsulation.com\/wp-content\/uploads\/2024\/05\/\u56fe\u724723.png 1000w, https:\/\/www.xminsulation.com\/wp-content\/uploads\/2024\/05\/\u56fe\u724723-300x272.png 300w, https:\/\/www.xminsulation.com\/wp-content\/uploads\/2024\/05\/\u56fe\u724723-768x696.png 768w, https:\/\/www.xminsulation.com\/wp-content\/uploads\/2024\/05\/\u56fe\u724723-600x544.png 600w\" sizes=\"(max-width: 1000px) 100vw, 1000px\" \/> <img loading=\"lazy\" decoding=\"async\" class=\"alignnone wp-image-1029 size-full\" src=\"http:\/\/www.xminsulation.com\/wp-content\/uploads\/2024\/05\/\u56fe\u724724.png\" alt=\"\" width=\"1000\" height=\"518\" srcset=\"https:\/\/www.xminsulation.com\/wp-content\/uploads\/2024\/05\/\u56fe\u724724.png 1000w, https:\/\/www.xminsulation.com\/wp-content\/uploads\/2024\/05\/\u56fe\u724724-300x155.png 300w, https:\/\/www.xminsulation.com\/wp-content\/uploads\/2024\/05\/\u56fe\u724724-768x398.png 768w, https:\/\/www.xminsulation.com\/wp-content\/uploads\/2024\/05\/\u56fe\u724724-600x311.png 600w\" sizes=\"(max-width: 1000px) 100vw, 1000px\" \/><\/p>\n<h2><strong><b>Structure et dimensions d&#039;un interrupteur de d\u00e9rivation \u00e9lectrique<\/b><\/strong><\/h2>\n<p><img loading=\"lazy\" decoding=\"async\" class=\"alignnone wp-image-1030 size-full\" src=\"http:\/\/www.xminsulation.com\/wp-content\/uploads\/2024\/05\/\u56fe\u724725.png\" alt=\"\" width=\"1000\" height=\"753\" srcset=\"https:\/\/www.xminsulation.com\/wp-content\/uploads\/2024\/05\/\u56fe\u724725.png 1000w, https:\/\/www.xminsulation.com\/wp-content\/uploads\/2024\/05\/\u56fe\u724725-300x226.png 300w, https:\/\/www.xminsulation.com\/wp-content\/uploads\/2024\/05\/\u56fe\u724725-768x578.png 768w, https:\/\/www.xminsulation.com\/wp-content\/uploads\/2024\/05\/\u56fe\u724725-600x452.png 600w\" sizes=\"(max-width: 1000px) 100vw, 1000px\" \/><\/p>\n<p>1. Compteur de billets.<\/p>\n<p>2, \u4ea7\u54c1\u94ed\u724cPlaque signal\u00e9tique du produit.<\/p>\n<p>3\uff0c\u5de6\u4fa7\u94e0\u88c5\u5957\u7ba1\u63d2\u5ea7\u53ca\u9632\u5c18\u76d6Douille blind\u00e9e c\u00f4t\u00e9 gauche et cache-poussi\u00e8re.<\/p>\n<p>4, \u624b\u52a8\u95ed\u9501\u88c5\u7f6eDispositif de verrouillage manuel.<\/p>\n<p>5, manom\u00e8tre d&#039;air SF6.<\/p>\n<p>6, valve d&#039;injection de gaz SF6.<\/p>\n<p>7. Tr\u00e9pied inf\u00e9rieur.<\/p>\n<p>8\uff0c\u4e0a\u63d0\u628a\u53ca\u540a\u8033Poign\u00e9es de levage et oreilles de levage.<\/p>\n<p>9\uff0c\u53f3\u4fa7\u94e0\u88c5\u5957\u7ba1\u63d2\u5ea7\u53ca\u9632\u5c18\u76d6Douille blind\u00e9e droite et cache-poussi\u00e8re.<\/p>\n<p>10\uff0c\u6838\u76f8\u4eea\/\u63a7\u5236\u5668Analyseur\/contr\u00f4leur de phase nucl\u00e9aire.<\/p>\n<p>11\uff0cDispositif antid\u00e9flagrant \u00e0 haute pression.<\/p>\n<p>12\uff0c\u64cd\u4f5c\u624b\u67c4Poign\u00e9e de commande.<\/p>\n<p>13. Goujon de terre.<\/p>\n<p>14,\u822a\u7a7a\u63d2\u5ea7Prise aviation.<\/p>\n<p><img loading=\"lazy\" decoding=\"async\" class=\"alignnone wp-image-1031 size-full\" src=\"http:\/\/www.xminsulation.com\/wp-content\/uploads\/2024\/05\/\u56fe\u724726.png\" alt=\"\" width=\"1000\" height=\"1188\" srcset=\"https:\/\/www.xminsulation.com\/wp-content\/uploads\/2024\/05\/\u56fe\u724726.png 1000w, https:\/\/www.xminsulation.com\/wp-content\/uploads\/2024\/05\/\u56fe\u724726-253x300.png 253w, https:\/\/www.xminsulation.com\/wp-content\/uploads\/2024\/05\/\u56fe\u724726-862x1024.png 862w, https:\/\/www.xminsulation.com\/wp-content\/uploads\/2024\/05\/\u56fe\u724726-768x912.png 768w, https:\/\/www.xminsulation.com\/wp-content\/uploads\/2024\/05\/\u56fe\u724726-600x713.png 600w\" sizes=\"(max-width: 1000px) 100vw, 1000px\" \/> <img loading=\"lazy\" decoding=\"async\" class=\"alignnone wp-image-1032 size-full\" src=\"http:\/\/www.xminsulation.com\/wp-content\/uploads\/2024\/05\/\u56fe\u724727.png\" alt=\"\" width=\"1000\" height=\"749\" srcset=\"https:\/\/www.xminsulation.com\/wp-content\/uploads\/2024\/05\/\u56fe\u724727.png 1000w, https:\/\/www.xminsulation.com\/wp-content\/uploads\/2024\/05\/\u56fe\u724727-300x225.png 300w, https:\/\/www.xminsulation.com\/wp-content\/uploads\/2024\/05\/\u56fe\u724727-768x575.png 768w, https:\/\/www.xminsulation.com\/wp-content\/uploads\/2024\/05\/\u56fe\u724727-600x449.png 600w\" sizes=\"(max-width: 1000px) 100vw, 1000px\" \/> <img loading=\"lazy\" decoding=\"async\" class=\"alignnone wp-image-1033 size-full\" src=\"http:\/\/www.xminsulation.com\/wp-content\/uploads\/2024\/05\/\u56fe\u724728.png\" alt=\"\" width=\"1000\" height=\"915\" srcset=\"https:\/\/www.xminsulation.com\/wp-content\/uploads\/2024\/05\/\u56fe\u724728.png 1000w, https:\/\/www.xminsulation.com\/wp-content\/uploads\/2024\/05\/\u56fe\u724728-300x275.png 300w, https:\/\/www.xminsulation.com\/wp-content\/uploads\/2024\/05\/\u56fe\u724728-768x703.png 768w, https:\/\/www.xminsulation.com\/wp-content\/uploads\/2024\/05\/\u56fe\u724728-600x549.png 600w\" sizes=\"(max-width: 1000px) 100vw, 1000px\" \/> <img loading=\"lazy\" decoding=\"async\" class=\"alignnone wp-image-1034 size-full\" src=\"http:\/\/www.xminsulation.com\/wp-content\/uploads\/2024\/05\/\u56fe\u724729.png\" alt=\"\" width=\"467\" height=\"806\" srcset=\"https:\/\/www.xminsulation.com\/wp-content\/uploads\/2024\/05\/\u56fe\u724729.png 467w, https:\/\/www.xminsulation.com\/wp-content\/uploads\/2024\/05\/\u56fe\u724729-174x300.png 174w\" sizes=\"(max-width: 467px) 100vw, 467px\" \/><\/p>\n<p><strong><b>Installation du <\/b><\/strong><strong><b>S<\/b><\/strong><strong><b>sorci\u00e8re <\/b><\/strong><strong><b>B<\/b><\/strong><strong><b>ody<\/b><\/strong><\/p>\n<ol>\n<li>Installez le support sur le poteau.<\/li>\n<\/ol>\n<p><img loading=\"lazy\" decoding=\"async\" class=\"alignnone wp-image-1035 size-full\" src=\"http:\/\/www.xminsulation.com\/wp-content\/uploads\/2024\/05\/\u56fe\u724730.png\" alt=\"\" width=\"600\" height=\"573\" srcset=\"https:\/\/www.xminsulation.com\/wp-content\/uploads\/2024\/05\/\u56fe\u724730.png 600w, https:\/\/www.xminsulation.com\/wp-content\/uploads\/2024\/05\/\u56fe\u724730-300x287.png 300w\" sizes=\"(max-width: 600px) 100vw, 600px\" \/><\/p>\n<ol start=\"2\">\n<li>Accrochez l&#039;interrupteur de d\u00e9rivation sur le support.<\/li>\n<\/ol>\n<p><img loading=\"lazy\" decoding=\"async\" class=\"alignnone wp-image-1036 size-full\" src=\"http:\/\/www.xminsulation.com\/wp-content\/uploads\/2024\/05\/\u56fe\u724731.png\" alt=\"\" width=\"600\" height=\"297\" srcset=\"https:\/\/www.xminsulation.com\/wp-content\/uploads\/2024\/05\/\u56fe\u724731.png 600w, https:\/\/www.xminsulation.com\/wp-content\/uploads\/2024\/05\/\u56fe\u724731-300x149.png 300w\" sizes=\"(max-width: 600px) 100vw, 600px\" \/><\/p>\n<p><img loading=\"lazy\" decoding=\"async\" class=\"alignnone wp-image-1037 size-full\" src=\"http:\/\/www.xminsulation.com\/wp-content\/uploads\/2024\/05\/\u56fe\u724732.png\" alt=\"\" width=\"600\" height=\"335\" srcset=\"https:\/\/www.xminsulation.com\/wp-content\/uploads\/2024\/05\/\u56fe\u724732.png 600w, https:\/\/www.xminsulation.com\/wp-content\/uploads\/2024\/05\/\u56fe\u724732-300x168.png 300w\" sizes=\"(max-width: 600px) 100vw, 600px\" \/><\/p>\n<h2 class=\"wxts\">\u25c6Personnalisation sp\u00e9ciale<\/h2>\n<p>Les param\u00e8tres ci-dessus sont des donn\u00e9es typiques\u00a0; si les styles existants ne r\u00e9pondent pas \u00e0 vos demandes sp\u00e9cifiques, veuillez nous contacter pour une conception personnalis\u00e9e. Nous disposons d&#039;importantes comp\u00e9tences en mati\u00e8re de d\u00e9veloppement et de production de personnalisation personnalis\u00e9e, nous permettant de fournir des solutions sur mesure aux clients du monde entier.<\/p>","protected":false},"excerpt":{"rendered":"<p>General Information Bypass integrated action technology is a new operation technology to improve the reliability of power supply in distribution network. It includes distribution network conventional operation, charged operation, bypass operation, mobile power operation and other operation modes. 10\/24kV 200A\/400A\/630A LBS engineering type bypass load switch is the core equipment to meet the bypass integrated [&hellip;]<\/p>","protected":false},"featured_media":1017,"template":"","meta":{"site-sidebar-layout":"default","site-content-layout":"","ast-site-content-layout":"default","site-content-style":"default","site-sidebar-style":"default","ast-global-header-display":"","ast-banner-title-visibility":"","ast-main-header-display":"","ast-hfb-above-header-display":"","ast-hfb-below-header-display":"","ast-hfb-mobile-header-display":"","site-post-title":"","ast-breadcrumbs-content":"","ast-featured-img":"","footer-sml-layout":"","theme-transparent-header-meta":"default","adv-header-id-meta":"","stick-header-meta":"","header-above-stick-meta":"","header-main-stick-meta":"","header-below-stick-meta":"","astra-migrate-meta-layouts":"set","ast-page-background-enabled":"default","ast-page-background-meta":{"desktop":{"background-color":"","background-image":"","background-repeat":"repeat","background-position":"center center","background-size":"auto","background-attachment":"scroll","background-type":"","background-media":"","overlay-type":"","overlay-color":"","overlay-gradient":""},"tablet":{"background-color":"","background-image":"","background-repeat":"repeat","background-position":"center center","background-size":"auto","background-attachment":"scroll","background-type":"","background-media":"","overlay-type":"","overlay-color":"","overlay-gradient":""},"mobile":{"background-color":"","background-image":"","background-repeat":"repeat","background-position":"center center","background-size":"auto","background-attachment":"scroll","background-type":"","background-media":"","overlay-type":"","overlay-color":"","overlay-gradient":""}},"ast-content-background-meta":{"desktop":{"background-color":"var(--ast-global-color-5)","background-image":"","background-repeat":"repeat","background-position":"center center","background-size":"auto","background-attachment":"scroll","background-type":"","background-media":"","overlay-type":"","overlay-color":"","overlay-gradient":""},"tablet":{"background-color":"var(--ast-global-color-5)","background-image":"","background-repeat":"repeat","background-position":"center center","background-size":"auto","background-attachment":"scroll","background-type":"","background-media":"","overlay-type":"","overlay-color":"","overlay-gradient":""},"mobile":{"background-color":"var(--ast-global-color-5)","background-image":"","background-repeat":"repeat","background-position":"center center","background-size":"auto","background-attachment":"scroll","background-type":"","background-media":"","overlay-type":"","overlay-color":"","overlay-gradient":""}}},"product_cat":[57],"product_tag":[],"class_list":{"0":"post-1016","1":"product","2":"type-product","3":"status-publish","4":"has-post-thumbnail","6":"product_cat-bypass-switch","7":"desktop-align-left","8":"tablet-align-left","9":"mobile-align-left","11":"first","12":"instock","13":"shipping-taxable","14":"product-type-simple"},"_links":{"self":[{"href":"https:\/\/www.xminsulation.com\/fr\/wp-json\/wp\/v2\/product\/1016","targetHints":{"allow":["GET"]}}],"collection":[{"href":"https:\/\/www.xminsulation.com\/fr\/wp-json\/wp\/v2\/product"}],"about":[{"href":"https:\/\/www.xminsulation.com\/fr\/wp-json\/wp\/v2\/types\/product"}],"wp:featuredmedia":[{"embeddable":true,"href":"https:\/\/www.xminsulation.com\/fr\/wp-json\/wp\/v2\/media\/1017"}],"wp:attachment":[{"href":"https:\/\/www.xminsulation.com\/fr\/wp-json\/wp\/v2\/media?parent=1016"}],"wp:term":[{"taxonomy":"product_cat","embeddable":true,"href":"https:\/\/www.xminsulation.com\/fr\/wp-json\/wp\/v2\/product_cat?post=1016"},{"taxonomy":"product_tag","embeddable":true,"href":"https:\/\/www.xminsulation.com\/fr\/wp-json\/wp\/v2\/product_tag?post=1016"}],"curies":[{"name":"wp","href":"https:\/\/api.w.org\/{rel}","templated":true}]}}