{"id":953,"date":"2024-04-29T11:30:44","date_gmt":"2024-04-29T03:30:44","guid":{"rendered":"http:\/\/www.xminsulation.com\/?page_id=953"},"modified":"2024-05-16T08:53:33","modified_gmt":"2024-05-16T00:53:33","slug":"company-milestones","status":"publish","type":"page","link":"https:\/\/www.xminsulation.com\/fr\/company-milestones\/","title":{"rendered":"Company Milestones"},"content":{"rendered":"<div data-elementor-type=\"wp-page\" data-elementor-id=\"953\" class=\"elementor elementor-953\">\r\n\t\t\t\t<div class=\"elementor-element elementor-element-70d06e1 e-flex e-con-boxed e-con e-parent\" data-id=\"70d06e1\" data-element_type=\"container\">\r\n\t\t\t\t\t<div class=\"e-con-inner\">\r\n\t\t\t\t<div class=\"elementor-element elementor-element-da32fb3 elementor-widget elementor-widget-html\" data-id=\"da32fb3\" data-element_type=\"widget\" data-widget_type=\"html.default\">\r\n\t\t\t\t<div class=\"elementor-widget-container\">\r\n\t\t\t<div class=\"ab_02\">\r\n                    <ul>\r\n                                                                        <li>\r\n                            <span><b>2024<\/b><\/span>\r\n                            <i class=\"richtext\">\r\n                               en f\u00e9vrier 2024, la division de contr\u00f4leur d&#039;unit\u00e9 de terminal d&#039;alimentation de distribution intelligente de commutateur ext\u00e9rieur a \u00e9t\u00e9 cr\u00e9\u00e9e.                      <\/i>\r\n                        <\/li>\r\n                                                <li>\r\n                            <span><b>2024<\/b><\/span>\r\n                            <i class=\"richtext\">\r\n                               En f\u00e9vrier 2024, l&#039;appareillage de commutation \u00e0 isolation solide sans SF6 de 24 kV personnalis\u00e9 et d\u00e9velopp\u00e9 pour le march\u00e9 sud-am\u00e9ricain a r\u00e9ussi divers tests \u00e9trangers. <\/i>\r\n                        <\/li>\r\n                                                <li>\r\n                            <span><b>2023<\/b><\/span>\r\n                            <i class=\"richtext\">\r\n                               En novembre 2023, le mod\u00e8le compact d&#039;appareillage de commutation \u00e0 isolation par air pur 24 kV sans SF6 respectueux de l&#039;environnement a \u00e9t\u00e9 d\u00e9velopp\u00e9 avec succ\u00e8s et a pass\u00e9 divers tests par un laboratoire tiers italien.               <\/i>\r\n                        <\/li>\r\n                                                <li>\r\n                            <span><b>2022<\/b><\/span>\r\n                            <i class=\"richtext\">\r\n                                En octobre 2022, le disjoncteur \u00e0 r\u00e9enclenchement ext\u00e9rieur mont\u00e9 sur poteau d\u00e9velopp\u00e9 pour l&#039;un de nos clients au Moyen-Orient a pass\u00e9 divers tests dans le laboratoire KEMA.                         <\/i>\r\n                        <\/li>\r\n                                                <li>\r\n                            <span><b>2021<\/b><\/span>\r\n                            <i class=\"richtext\">\r\n                                En septembre 2021, nos coques APG SF6 LBS d&#039;int\u00e9rieur, \u00ab Version Moyen-Orient \u00bb, ISE-24-230, 24 kV, espacement des phases 230 mm, la quantit\u00e9 cumul\u00e9e de production et de vente d&#039;un seul mod\u00e8le a d\u00e9pass\u00e9 les 100 000 unit\u00e9s !                         <\/i>\r\n                        <\/li>\r\n                                                <li>\r\n                            <span><b>2021<\/b><\/span>\r\n                            <i class=\"richtext\">\r\n                              En juin 2021, notre appareillage de commutation \u00e0 isolation par air pur 12 kV sans SF6 et respectueux de l&#039;environnement a \u00e9t\u00e9 d\u00e9velopp\u00e9 avec succ\u00e8s.         <\/i>\r\n                        <\/li>\r\n                                                <li>\r\n                            <span><b>2020<\/b><\/span>\r\n                            <i class=\"richtext\">\r\n                              En d\u00e9cembre 2020, notre projet de fiches et de prises \u00e0 verrouillage rapide moyenne tension a \u00e9t\u00e9 d\u00e9velopp\u00e9 avec succ\u00e8s. Il s&#039;agit d&#039;un composant pour les armoires d&#039;entr\u00e9e d&#039;appareillage de commutation SF6 GIS moyenne tension et d&#039;appareillage de commutation \u00e0 isolation par air \u00e9cologique, qui correspond \u00e0 l&#039;interface de charge du camion de production d&#039;\u00e9nergie de secours. Et nous devenons l&#039;un des premiers fabricants nationaux \u00e0 d\u00e9velopper et \u00e0 produire de mani\u00e8re ind\u00e9pendante des fiches et des prises \u00e0 verrouillage rapide                      <\/i>\r\n                        <\/li>\r\n                                                <li>\r\n                            <span><b>2020<\/b><\/span>\r\n                            <i class=\"richtext\">\r\n                                En octobre 2020, nous avons re\u00e7u le titre d&#039;\u00ab Entreprise nationale de haute technologie \u00bb en octobre 2020, le num\u00e9ro de certificat est GR201735100369.                            <\/i>\r\n                        <\/li>\r\n                                                <li>\r\n                            <span><b>2020<\/b><\/span>\r\n                            <i class=\"richtext\">\r\n                               En juillet 2020, nous avons re\u00e7u le titre de \u00ab Petite entreprise g\u00e9ante technologique de la province du Fujian \u00bb, le num\u00e9ro de certificat est 20200220.                      <\/i>\r\n                        <\/li>\r\n                                                <li>\r\n                            <span><b>2020<\/b><\/span>\r\n                            <i class=\"richtext\">\r\n                               En juin 2020, nous avons officiellement fourni des poteaux et des r\u00e9enclencheurs intelligents int\u00e9gr\u00e9s ext\u00e9rieurs conformes aux normes du r\u00e9seau \u00e9lectrique national chinois pour les soci\u00e9t\u00e9s nationales cot\u00e9es en bourse.                         <\/i>\r\n                        <\/li>\r\n                                                <li>\r\n                            <span><b>2018<\/b><\/span>\r\n                            <i class=\"richtext\">\r\n                              En juin 2018, nous avons re\u00e7u le titre de \u00ab Xiamen SRDI Enterprises \u00bb.                          <\/i>\r\n                        <\/li>\r\n                                                <li>\r\n                            <span><b>2016<\/b><\/span>\r\n                            <i class=\"richtext\">\r\n                                En mars 2016, la division des m\u00e9canismes \u00e0 ressort a \u00e9t\u00e9 cr\u00e9\u00e9e, devenant l&#039;une des premi\u00e8res entreprises nationales \u00e0 produire \u00e0 la fois des interrupteurs et des m\u00e9canismes moyenne tension.<br>                            <\/i>\r\n                        <\/li>\r\n                                                <li>\r\n                            <span><b>2015<\/b><\/span>\r\n                            <i class=\"richtext\">\r\n                               En ao\u00fbt 2015, nous avons d\u00e9velopp\u00e9 avec succ\u00e8s la coque isolante en r\u00e9sine \u00e9poxy APG extra-large et difficile \u00e0 utiliser et l&#039;interrupteur de coupure de charge 40,5 kV-SF6.                         <\/i>\r\n                        <\/li>\r\n                                                <li>\r\n                            <span><b>2014<\/b><\/span>\r\n                            <i class=\"richtext\">\r\n                               En novembre 2014, le dispositif de commutation \u00e0 isolation solide de 12 kV a \u00e9t\u00e9 d\u00e9velopp\u00e9 avec succ\u00e8s.                   <\/i>\r\n                        <\/li>\r\n                                   \r\n\t\t\t\t\t\t\t\t   \r\n\t\t\t\t\t\t\t\t         <li>\r\n                            <span><b>2013<\/b><\/span>\r\n                            <i class=\"richtext\">\r\n                               Le 10 juillet 2013, Xiamen Insulation Electrical Technology Co., Ltd. a \u00e9t\u00e9 cr\u00e9\u00e9e. Elle produit principalement des pi\u00e8ces isolantes en r\u00e9sine \u00e9poxy APG pour moyenne tension.        <\/i>\r\n                        <\/li>          \r\n                    <\/ul>\r\n                <\/div>\r\n\r\n\r\n<style>\r\n\r\ni{ font-style:normal}\r\n.ab_02 {\r\n    width: 100%;\r\n    overflow: hidden;\r\n    margin-top: 40px;\r\n    position: relative\r\n}\r\n\r\n.ab_02 ul li {\r\n    width: 100%;\r\n    overflow: hidden;\r\n    margin-bottom: 40px\r\n}\r\n\r\n.ab_02 ul li span {\r\n    width: 77px;\r\n    height: 70px;\r\n    display: block;\r\n    overflow: hidden;\r\n    float: left;\r\n    background: url(\"\/wp-content\/uploads\/2024\/04\/dsj_01.jpg\") no-repeat;\r\n    background-size: 100%;\r\n    text-align: center;\r\n    line-height: 70px;\r\n    font-size: 24px;\r\n    color: #fff;\r\n    font-weight: bold\r\n}\r\n\r\n.ab_02 ul li span b {\r\n    width: 70px;\r\n    height: 70px;\r\n    text-align: center;\r\n    display: block;\r\n    overflow: hidden\r\n}\r\n\r\n.ab_02 ul li i {\r\n    width: 80%;\r\n    display: block;\r\n    overflow: hidden;\r\n    float: left;\r\n    margin-left: 20px;\r\n    font-size: 14px;\r\n    color: #222;\r\n    line-height: 20px;\r\n    margin-top: 25px\r\n}\r\n\r\n@media (max-width: 544px){\r\n\r\n.ab_02 ul li span { font-size:20px;}\r\n}\r\n\r\n<\/style>\t\t<\/div>\r\n\t\t\t\t<\/div>\r\n\t\t\t\t\t<\/div>\r\n\t\t\t\t<\/div>\r\n\t\t\t\t<\/div>","protected":false},"excerpt":{"rendered":"<p>2024 in February 2024, the outdoor switch intelligent distribution feeder terminal unit controller division was established. 2024 In February 2024, the SF6-free, 24kV solid insulated switchgear customized and developed for the South American market passed various foreign tests. 2023 In November 2023, the compact style of SF6-free 24kV ECO-friendly pure air insulated switchgear was successfully [&hellip;]<\/p>","protected":false},"author":1,"featured_media":0,"parent":0,"menu_order":0,"comment_status":"closed","ping_status":"closed","template":"","meta":{"site-sidebar-layout":"no-sidebar","site-content-layout":"page-builder","ast-site-content-layout":"full-width-container","site-content-style":"default","site-sidebar-style":"default","ast-global-header-display":"","ast-banner-title-visibility":"","ast-main-header-display":"","ast-hfb-above-header-display":"","ast-hfb-below-header-display":"","ast-hfb-mobile-header-display":"","site-post-title":"disabled","ast-breadcrumbs-content":"","ast-featured-img":"disabled","footer-sml-layout":"","theme-transparent-header-meta":"","adv-header-id-meta":"","stick-header-meta":"","header-above-stick-meta":"","header-main-stick-meta":"","header-below-stick-meta":"","astra-migrate-meta-layouts":"set","ast-page-background-enabled":"default","ast-page-background-meta":{"desktop":{"background-color":"","background-image":"","background-repeat":"repeat","background-position":"center center","background-size":"auto","background-attachment":"scroll","background-type":"","background-media":"","overlay-type":"","overlay-color":"","overlay-gradient":""},"tablet":{"background-color":"","background-image":"","background-repeat":"repeat","background-position":"center center","background-size":"auto","background-attachment":"scroll","background-type":"","background-media":"","overlay-type":"","overlay-color":"","overlay-gradient":""},"mobile":{"background-color":"","background-image":"","background-repeat":"repeat","background-position":"center center","background-size":"auto","background-attachment":"scroll","background-type":"","background-media":"","overlay-type":"","overlay-color":"","overlay-gradient":""}},"ast-content-background-meta":{"desktop":{"background-color":"var(--ast-global-color-5)","background-image":"","background-repeat":"repeat","background-position":"center center","background-size":"auto","background-attachment":"scroll","background-type":"","background-media":"","overlay-type":"","overlay-color":"","overlay-gradient":""},"tablet":{"background-color":"var(--ast-global-color-5)","background-image":"","background-repeat":"repeat","background-position":"center center","background-size":"auto","background-attachment":"scroll","background-type":"","background-media":"","overlay-type":"","overlay-color":"","overlay-gradient":""},"mobile":{"background-color":"var(--ast-global-color-5)","background-image":"","background-repeat":"repeat","background-position":"center center","background-size":"auto","background-attachment":"scroll","background-type":"","background-media":"","overlay-type":"","overlay-color":"","overlay-gradient":""}},"footnotes":""},"class_list":["post-953","page","type-page","status-publish","hentry"],"_links":{"self":[{"href":"https:\/\/www.xminsulation.com\/fr\/wp-json\/wp\/v2\/pages\/953","targetHints":{"allow":["GET"]}}],"collection":[{"href":"https:\/\/www.xminsulation.com\/fr\/wp-json\/wp\/v2\/pages"}],"about":[{"href":"https:\/\/www.xminsulation.com\/fr\/wp-json\/wp\/v2\/types\/page"}],"author":[{"embeddable":true,"href":"https:\/\/www.xminsulation.com\/fr\/wp-json\/wp\/v2\/users\/1"}],"replies":[{"embeddable":true,"href":"https:\/\/www.xminsulation.com\/fr\/wp-json\/wp\/v2\/comments?post=953"}],"version-history":[{"count":10,"href":"https:\/\/www.xminsulation.com\/fr\/wp-json\/wp\/v2\/pages\/953\/revisions"}],"predecessor-version":[{"id":1930,"href":"https:\/\/www.xminsulation.com\/fr\/wp-json\/wp\/v2\/pages\/953\/revisions\/1930"}],"wp:attachment":[{"href":"https:\/\/www.xminsulation.com\/fr\/wp-json\/wp\/v2\/media?parent=953"}],"curies":[{"name":"wp","href":"https:\/\/api.w.org\/{rel}","templated":true}]}}