{"id":3707,"date":"2025-02-25T20:45:51","date_gmt":"2025-02-25T12:45:51","guid":{"rendered":"https:\/\/www.xminsulation.com\/?page_id=3707"},"modified":"2025-07-18T08:35:30","modified_gmt":"2025-07-18T00:35:30","slug":"products","status":"publish","type":"page","link":"https:\/\/www.xminsulation.com\/fr\/products\/","title":{"rendered":"Products"},"content":{"rendered":"<div data-elementor-type=\"wp-page\" data-elementor-id=\"3707\" class=\"elementor elementor-3707\">\r\n\t\t\t\t<div class=\"elementor-element elementor-element-9ee7566 e-flex e-con-boxed e-con e-parent\" data-id=\"9ee7566\" data-element_type=\"container\">\r\n\t\t\t\t\t<div class=\"e-con-inner\">\r\n\t\t\t\t<div class=\"elementor-element elementor-element-9de870d elementor-widget elementor-widget-html\" data-id=\"9de870d\" data-element_type=\"widget\" data-widget_type=\"html.default\">\r\n\t\t\t\t<div class=\"elementor-widget-container\">\r\n\t\t\t<ul class=\"sub-menu\">\r\n\t<li id=\"menu-item-860\" class=\"menu-item menu-item-type-taxonomy menu-item-object-product_cat menu-item-860\"><a href=\"https:\/\/www.xminsulation.com\/fr\/categorie-de-produit\/products\/10-40-5kv-outdoor-pole-mounted-vacuum-auto-recloser\/\" class=\"menu-link\">R\u00e9enclencheur automatique \u00e0 vide mont\u00e9 sur poteau ext\u00e9rieur 10-40,5 kV<\/a><\/li>\r\n\t<li id=\"menu-item-855\" class=\"menu-item menu-item-type-taxonomy menu-item-object-product_cat menu-item-855\"><a href=\"https:\/\/www.xminsulation.com\/fr\/categorie-de-produit\/products\/10-12kv-outdoor-intelligent-sf6-circuit-breaker\/\" class=\"menu-link\">Disjoncteur SF6 intelligent ext\u00e9rieur 10-12kV<\/a><\/li>\r\n\t<li id=\"menu-item-863\" class=\"menu-item menu-item-type-taxonomy menu-item-object-product_cat menu-item-863\"><a href=\"https:\/\/www.xminsulation.com\/fr\/categorie-de-produit\/products\/10-40-5kv-outdoor-intelligent-sf6-load-break-switch\/\" class=\"menu-link\">Commutateur de coupure de charge SF6 intelligent ext\u00e9rieur 10-40,5 kV<\/a><\/li>\r\n\t<li id=\"menu-item-880\" class=\"menu-item menu-item-type-taxonomy menu-item-object-product_cat menu-item-880\"><a href=\"https:\/\/www.xminsulation.com\/fr\/categorie-de-produit\/products\/pole-mounted-switch-controller-rtu-ftu-control\/\" class=\"menu-link\">Contr\u00f4leur de commutateur mont\u00e9 sur poteau Contr\u00f4le RTU\/FTU<\/a><\/li>\r\n\t<li id=\"menu-item-2427\" class=\"menu-item menu-item-type-taxonomy menu-item-object-product_cat menu-item-2427\"><a href=\"https:\/\/www.xminsulation.com\/fr\/categorie-de-produit\/products\/bypass-switch\/\" class=\"menu-link\">Commutateur de contournement<\/a><\/li>\r\n\t<li id=\"menu-item-873\" class=\"menu-item menu-item-type-taxonomy menu-item-object-product_cat menu-item-873\"><a href=\"https:\/\/www.xminsulation.com\/fr\/categorie-de-produit\/products\/10-24kv-eco-friendly-vacuum-circuit-breaker-sf6-free\/\" class=\"menu-link\">Disjoncteur \u00e0 vide \u00e9cologique 10-24 kV (sans SF6)<\/a><\/li>\r\n\t<li id=\"menu-item-858\" class=\"menu-item menu-item-type-taxonomy menu-item-object-product_cat menu-item-858\"><a href=\"https:\/\/www.xminsulation.com\/fr\/categorie-de-produit\/products\/10-24kv-solid-insulated-vacuum-circuit-breaker-sf6-free\/\" class=\"menu-link\">Disjoncteur \u00e0 vide \u00e0 isolation solide 10-24 kV (sans SF6)<\/a><\/li>\r\n\t<li id=\"menu-item-861\" class=\"menu-item menu-item-type-taxonomy menu-item-object-product_cat menu-item-861\"><a href=\"https:\/\/www.xminsulation.com\/fr\/categorie-de-produit\/products\/10-40-5kv-indoor-sf6-circuit-breaker-switch\/\" class=\"menu-link\">Disjoncteur int\u00e9rieur SF6 10-40,5 kV<\/a><\/li>\r\n\t<li id=\"menu-item-3160\" class=\"menu-item menu-item-type-custom menu-item-object-custom menu-item-3160\"><a href=\"https:\/\/www.xminsulation.com\/fr\/categorie-de-produit\/products\/40-5kv-630a-1250a-new-energy-vacuum-circuit-breaker-vcb\/\" class=\"menu-link\">Disjoncteur \u00e0 vide \u00e0 \u00e9nergie nouvelle 40,5 kV 630 A\/1\u00a0250 A VCB<\/a><\/li>\r\n\t<li id=\"menu-item-856\" class=\"menu-item menu-item-type-taxonomy menu-item-object-product_cat menu-item-856\"><a href=\"https:\/\/www.xminsulation.com\/fr\/categorie-de-produit\/products\/medium-voltage-ring-main-unit-rmu-switchgear\/10-24kv-dry-air-insulated-switchgear-rmu-sf6-free\/\" class=\"menu-link\">Appareillage de commutation\/RMU isol\u00e9 \u00e0 l&#039;air sec 10-24 kV (sans SF6)<\/a><\/li>\r\n\t<li id=\"menu-item-857\" class=\"menu-item menu-item-type-taxonomy menu-item-object-product_cat menu-item-857\"><a href=\"https:\/\/www.xminsulation.com\/fr\/categorie-de-produit\/products\/medium-voltage-ring-main-unit-rmu-switchgear\/10-24kv-solid-insulated-switchgear-rmu-sf6-free\/\" class=\"menu-link\">Appareillage de commutation \u00e0 isolation solide\/RMU 10-24 kV (sans SF6)<\/a><\/li>\r\n\t<li id=\"menu-item-864\" class=\"menu-item menu-item-type-taxonomy menu-item-object-product_cat menu-item-864\"><a href=\"https:\/\/www.xminsulation.com\/fr\/categorie-de-produit\/products\/medium-voltage-ring-main-unit-rmu-switchgear\/10-40-5kv-sf6-gas-insulated-switchgear-gis-rmu\/\" class=\"menu-link\">Appareillage de commutation isol\u00e9 au gaz SF6 10-40,5 kV GIS RMU<\/a><\/li>\r\n\t<li id=\"menu-item-862\" class=\"menu-item menu-item-type-taxonomy menu-item-object-product_cat menu-item-862\"><a href=\"https:\/\/www.xminsulation.com\/fr\/categorie-de-produit\/products\/10-40-5kv-indoor-sf6-load-break-switch-flrn36-lbs\/\" class=\"menu-link\">Interrupteur de coupure de charge SF6 int\u00e9rieur 10-40,5 kV FL(R)N36 LBS<\/a><\/li>\r\n\t<li id=\"menu-item-875\" class=\"menu-item menu-item-type-taxonomy menu-item-object-product_cat menu-item-875\"><a href=\"https:\/\/www.xminsulation.com\/fr\/categorie-de-produit\/products\/metal-clad-withdrawable-switchgear\/\" class=\"menu-link\">Appareillage de commutation d\u00e9brochable rev\u00eatu de m\u00e9tal<\/a><\/li>\r\n\t<li id=\"menu-item-865\" class=\"menu-item menu-item-type-taxonomy menu-item-object-product_cat menu-item-865\"><a href=\"https:\/\/www.xminsulation.com\/fr\/categorie-de-produit\/products\/mv-high-current-switchgear-1250a-2000a-2500a-31-5ka\/\" class=\"menu-link\">Appareillage de commutation \u00e0 courant \u00e9lev\u00e9 MT 1250A-2000A-2500A-31,5kA<\/a><\/li>\r\n\t<li id=\"menu-item-3627\" class=\"menu-item menu-item-type-post_type menu-item-object-page menu-item-3627\"><a href=\"https:\/\/www.xminsulation.com\/fr\/medium-voltage-ring-main-unit-rmu-switchgear\/\" class=\"menu-link\">Unit\u00e9 principale en anneau moyenne tension RMU\/Appareillage de commutation<\/a><\/li>\r\n\t<li id=\"menu-item-868\" class=\"menu-item menu-item-type-taxonomy menu-item-object-product_cat menu-item-868\"><a href=\"https:\/\/www.xminsulation.com\/fr\/categorie-de-produit\/products\/compact-prefabricated-substation\/\" class=\"menu-link\">Sous-station pr\u00e9fabriqu\u00e9e compacte<\/a><\/li>\r\n\t<li id=\"menu-item-879\" class=\"menu-item menu-item-type-taxonomy menu-item-object-product_cat menu-item-879\"><a href=\"https:\/\/www.xminsulation.com\/fr\/categorie-de-produit\/products\/operating-mechanism\/\" class=\"menu-link\">M\u00e9canisme de fonctionnement<\/a><\/li>\r\n\t<li id=\"menu-item-859\" class=\"menu-item menu-item-type-taxonomy menu-item-object-product_cat menu-item-859\"><a href=\"https:\/\/www.xminsulation.com\/fr\/categorie-de-produit\/products\/10-35kv-high-voltage-cable-branch-box\/\" class=\"menu-link\">Bo\u00eete de d\u00e9rivation de c\u00e2ble haute tension 10-35 kV<\/a><\/li>\r\n\t<li id=\"menu-item-3372\" class=\"menu-item menu-item-type-post_type menu-item-object-page menu-item-3372\"><a href=\"https:\/\/www.xminsulation.com\/fr\/custom-apg-cast-epoxy-resin-insulation-parts\/\" class=\"menu-link\">Pi\u00e8ces d&#039;isolation en r\u00e9sine \u00e9poxy moul\u00e9e APG personnalis\u00e9es<\/a><\/li>\r\n\t\r\n\t<li id=\"menu-item-3767\" class=\"menu-item menu-item-type-custom menu-item-object-custom menu-item-3767\"><a href=\"\/fr\/categorie-de-produit\/products\/non-porcelain-composite-transformer-bushings\/\" class=\"menu-link\">Bagues de transformateur composites non en porcelaine<\/a><\/li>\r\n\t<li id=\"menu-item-871\" class=\"menu-item menu-item-type-taxonomy menu-item-object-product_cat menu-item-871\"><a href=\"https:\/\/www.xminsulation.com\/fr\/categorie-de-produit\/products\/custom-medium-voltage-silicone-insulation-parts\/\" class=\"menu-link\">Pi\u00e8ces d&#039;isolation en silicone moyenne tension personnalis\u00e9es<\/a><\/li>\r\n\t<li id=\"menu-item-881\" class=\"menu-item menu-item-type-taxonomy menu-item-object-product_cat menu-item-881\"><a href=\"https:\/\/www.xminsulation.com\/fr\/categorie-de-produit\/products\/quik-lock-plugs-and-receptacles-mvlv\/\" class=\"menu-link\">Fiches et prises Quik-Lock (MT et BT)<\/a><\/li>\r\n\t<li id=\"menu-item-2471\" class=\"menu-item menu-item-type-taxonomy menu-item-object-product_cat menu-item-2471\"><a href=\"https:\/\/www.xminsulation.com\/fr\/categorie-de-produit\/products\/oem-rigid-flexible-busbar-copper-conductor\/\" class=\"menu-link\">Conducteur en cuivre de barre omnibus rigide et flexible OEM<\/a><\/li>\r\n\t<li id=\"menu-item-867\" class=\"menu-item menu-item-type-taxonomy menu-item-object-product_cat menu-item-867\"><a href=\"https:\/\/www.xminsulation.com\/fr\/categorie-de-produit\/products\/common-accessories-and-auxiliary-materials-for-switchgear\/\" class=\"menu-link\">Accessoires courants et mat\u00e9riaux auxiliaires pour appareillage de commutation<\/a><\/li>\r\n\t<li id=\"menu-item-872\" class=\"menu-item menu-item-type-taxonomy menu-item-object-product_cat menu-item-872\"><a href=\"https:\/\/www.xminsulation.com\/fr\/categorie-de-produit\/products\/customized-sheet-metal-materials-or-sheet-metal-cabinets\/\" class=\"menu-link\">Mat\u00e9riaux de t\u00f4lerie personnalis\u00e9s ou armoires en t\u00f4le<\/a><\/li>\r\n\t<li id=\"menu-item-869\" class=\"menu-item menu-item-type-taxonomy menu-item-object-product_cat menu-item-869\"><a href=\"https:\/\/www.xminsulation.com\/fr\/categorie-de-produit\/products\/components-and-various-molds-design-and-development\/\" class=\"menu-link\">Conception et d\u00e9veloppement de composants et de divers moules<\/a><\/li>\r\n\t<li id=\"menu-item-878\" class=\"menu-item menu-item-type-taxonomy menu-item-object-product_cat menu-item-878\"><a href=\"https:\/\/www.xminsulation.com\/fr\/categorie-de-produit\/products\/offer-technical-support-and-technical-verification-services\/\" class=\"menu-link\">Offrir des services de support technique et de v\u00e9rification technique<\/a><\/li>\r\n\t<li id=\"menu-item-877\" class=\"menu-item menu-item-type-taxonomy menu-item-object-product_cat menu-item-877\"><a href=\"https:\/\/www.xminsulation.com\/fr\/categorie-de-produit\/products\/offer-other-products-and-services\/\" class=\"menu-link\">Produits haute tension externalis\u00e9s de 66kV-110kV-126kV<\/a><\/li>\r\n<\/ul>\r\n<style>\r\n.sub-menu {\r\n  \r\n    border-style: solid;\r\n    width: 100%;\r\n    display: flex;\r\n    flex-flow: column wrap;\r\n    height: 650px;\r\n}\r\n\r\n.sub-menu li {\r\n    width: 50%;\r\n    height: 45px; font-style:normal; color:#000\r\n}\r\n    \r\n\t.sub-menu li a{ color:#000}\r\n   .sub-menu li a:hover{ color:#92c83e;} \r\n   \r\n  \r\n@media (max-width:768px){\r\n   .sub-menu{ display:block; height:auto}\r\n\r\n.sub-menu li {\r\n    width:90%;\r\n    height:auto; font-style:normal; color:#000; margin-bottom:10px;\r\n}\r\n}  \r\n    \r\n    \r\n<\/style>\r\n\r\n\r\n\r\n\t\t<\/div>\r\n\t\t\t\t<\/div>\r\n\t\t\t\t\t<\/div>\r\n\t\t\t\t<\/div>\r\n\t\t\t\t<\/div>","protected":false},"excerpt":{"rendered":"<p>10-40.5kV Outdoor Pole Mounted Vacuum Auto Recloser 10-12kV Outdoor Intelligent SF6 Circuit Breaker 10-40.5kV Outdoor Intelligent SF6 Load Break Switch Pole Mounted Switch Controller RTU\/FTU Control Bypass Switch 10-24kV ECO-Friendly Vacuum Circuit Breaker (SF6-Free) 10-24kV Solid Insulated Vacuum Circuit Breaker (SF6-Free) 10-40.5kV Indoor SF6 Circuit Breaker Switch 40.5kV 630A\/1250A New Energy Vacuum Circuit Breaker VCB [&hellip;]<\/p>","protected":false},"author":2,"featured_media":0,"parent":0,"menu_order":0,"comment_status":"closed","ping_status":"closed","template":"","meta":{"site-sidebar-layout":"no-sidebar","site-content-layout":"page-builder","ast-site-content-layout":"full-width-container","site-content-style":"default","site-sidebar-style":"default","ast-global-header-display":"","ast-banner-title-visibility":"","ast-main-header-display":"","ast-hfb-above-header-display":"","ast-hfb-below-header-display":"","ast-hfb-mobile-header-display":"","site-post-title":"disabled","ast-breadcrumbs-content":"","ast-featured-img":"disabled","footer-sml-layout":"","theme-transparent-header-meta":"","adv-header-id-meta":"","stick-header-meta":"","header-above-stick-meta":"","header-main-stick-meta":"","header-below-stick-meta":"","astra-migrate-meta-layouts":"set","ast-page-background-enabled":"default","ast-page-background-meta":{"desktop":{"background-color":"","background-image":"","background-repeat":"repeat","background-position":"center center","background-size":"auto","background-attachment":"scroll","background-type":"","background-media":"","overlay-type":"","overlay-color":"","overlay-gradient":""},"tablet":{"background-color":"","background-image":"","background-repeat":"repeat","background-position":"center center","background-size":"auto","background-attachment":"scroll","background-type":"","background-media":"","overlay-type":"","overlay-color":"","overlay-gradient":""},"mobile":{"background-color":"","background-image":"","background-repeat":"repeat","background-position":"center center","background-size":"auto","background-attachment":"scroll","background-type":"","background-media":"","overlay-type":"","overlay-color":"","overlay-gradient":""}},"ast-content-background-meta":{"desktop":{"background-color":"var(--ast-global-color-5)","background-image":"","background-repeat":"repeat","background-position":"center center","background-size":"auto","background-attachment":"scroll","background-type":"","background-media":"","overlay-type":"","overlay-color":"","overlay-gradient":""},"tablet":{"background-color":"var(--ast-global-color-5)","background-image":"","background-repeat":"repeat","background-position":"center center","background-size":"auto","background-attachment":"scroll","background-type":"","background-media":"","overlay-type":"","overlay-color":"","overlay-gradient":""},"mobile":{"background-color":"var(--ast-global-color-5)","background-image":"","background-repeat":"repeat","background-position":"center center","background-size":"auto","background-attachment":"scroll","background-type":"","background-media":"","overlay-type":"","overlay-color":"","overlay-gradient":""}},"footnotes":""},"class_list":["post-3707","page","type-page","status-publish","hentry"],"_links":{"self":[{"href":"https:\/\/www.xminsulation.com\/fr\/wp-json\/wp\/v2\/pages\/3707","targetHints":{"allow":["GET"]}}],"collection":[{"href":"https:\/\/www.xminsulation.com\/fr\/wp-json\/wp\/v2\/pages"}],"about":[{"href":"https:\/\/www.xminsulation.com\/fr\/wp-json\/wp\/v2\/types\/page"}],"author":[{"embeddable":true,"href":"https:\/\/www.xminsulation.com\/fr\/wp-json\/wp\/v2\/users\/2"}],"replies":[{"embeddable":true,"href":"https:\/\/www.xminsulation.com\/fr\/wp-json\/wp\/v2\/comments?post=3707"}],"version-history":[{"count":37,"href":"https:\/\/www.xminsulation.com\/fr\/wp-json\/wp\/v2\/pages\/3707\/revisions"}],"predecessor-version":[{"id":3853,"href":"https:\/\/www.xminsulation.com\/fr\/wp-json\/wp\/v2\/pages\/3707\/revisions\/3853"}],"wp:attachment":[{"href":"https:\/\/www.xminsulation.com\/fr\/wp-json\/wp\/v2\/media?parent=3707"}],"curies":[{"name":"wp","href":"https:\/\/api.w.org\/{rel}","templated":true}]}}