{"id":3427,"date":"2024-12-13T09:17:11","date_gmt":"2024-12-13T01:17:11","guid":{"rendered":"https:\/\/www.xminsulation.com\/?page_id=3427"},"modified":"2025-02-14T17:55:52","modified_gmt":"2025-02-14T09:55:52","slug":"sf6-free","status":"publish","type":"page","link":"https:\/\/www.xminsulation.com\/fr\/sf6-free\/","title":{"rendered":"SANS SF6"},"content":{"rendered":"<div data-elementor-type=\"wp-page\" data-elementor-id=\"3427\" class=\"elementor elementor-3427\">\r\n\t\t\t\t<div class=\"elementor-element elementor-element-105f454 e-flex e-con-boxed e-con e-parent\" data-id=\"105f454\" data-element_type=\"container\">\r\n\t\t\t\t\t<div class=\"e-con-inner\">\r\n\t\t\t\t<div class=\"elementor-element elementor-element-75686fa elementor-widget elementor-widget-text-editor\" data-id=\"75686fa\" data-element_type=\"widget\" data-widget_type=\"text-editor.default\">\r\n\t\t\t\t<div class=\"elementor-widget-container\">\r\n\t\t\t<style>\/*! elementor - v3.21.0 - 25-04-2024 *\/\n.elementor-widget-text-editor.elementor-drop-cap-view-stacked .elementor-drop-cap{background-color:#69727d;color:#fff}.elementor-widget-text-editor.elementor-drop-cap-view-framed .elementor-drop-cap{color:#69727d;border:3px solid;background-color:transparent}.elementor-widget-text-editor:not(.elementor-drop-cap-view-default) .elementor-drop-cap{margin-top:8px}.elementor-widget-text-editor:not(.elementor-drop-cap-view-default) .elementor-drop-cap-letter{width:1em;height:1em}.elementor-widget-text-editor .elementor-drop-cap{float:left;text-align:center;line-height:1;font-size:50px}.elementor-widget-text-editor .elementor-drop-cap-letter{display:inline-block}<\/style>\t\t\t\t<p>\u00a0<\/p><h3 class=\"entry-title\" style=\"color: #558022;\">Notre entreprise d\u00e9signe 2025 comme \u00ab\u00a0l&#039;ann\u00e9e du d\u00e9veloppement de produits sans SF6\u00a0\u00bb<\/h3>\t\t\t\t\t\t<\/div>\r\n\t\t\t\t<\/div>\r\n\t\t\t\t<div class=\"elementor-element elementor-element-66c538d elementor-widget elementor-widget-text-editor\" data-id=\"66c538d\" data-element_type=\"widget\" data-widget_type=\"text-editor.default\">\r\n\t\t\t\t<div class=\"elementor-widget-container\">\r\n\t\t\t\t\t\t\t<p>\u00a0En 2025, notre entreprise s&#039;attachera \u00e0 atteindre l&#039;objectif de l&#039;\u00ab Ann\u00e9e du d\u00e9veloppement de produits sans SF6 \u00bb en promouvant pleinement le d\u00e9veloppement de produits respectueux de l&#039;environnement. Cette initiative a \u00e9t\u00e9 officiellement annonc\u00e9e par notre ing\u00e9nieur technique en chef, M. Zhuang Yu, le 12 d\u00e9cembre, t\u00e9moignant de notre d\u00e9termination et de notre engagement en faveur du d\u00e9veloppement vert.<\/p><p>Au cours des derni\u00e8res ann\u00e9es, notre entreprise a r\u00e9alis\u00e9 des progr\u00e8s significatifs dans le d\u00e9veloppement de produits respectueux de l&#039;environnement, notamment :<\/p><ul><li><strong><a href=\"https:\/\/www.xminsulation.com\/fr\/categorie-de-produit\/products\/10-24kv-solid-insulated-vacuum-circuit-breaker-sf6-free\/\">Appareillage de commutation \u00e0 isolation solide sans SF6 (10 kV-24 kV)<\/a><\/strong><\/li><li><strong><a href=\"https:\/\/www.xminsulation.com\/fr\/categorie-de-produit\/products\/eco-friendly-vacuum-circuit-breaker-sf6-free\/\">Appareillage de commutation \u00e9cologique sans SF6 (10 kV-24 kV, 630 A-2\u00a0000 A)<\/a><\/strong><\/li><li><strong><a href=\"https:\/\/www.xminsulation.com\/fr\/categorie-de-produit\/products\/10-40-5kv-outdoor-pole-mounted-vacuum-auto-recloser\/\">Disjoncteur \u00e0 vide mont\u00e9 sur poteau sans SF6 (r\u00e9enclencheur) (10 kV-40,5 kV)<\/a><\/strong><\/li><\/ul><p>Ces produits ont \u00e9t\u00e9 bien accueillis par les clients pour leurs performances fiables et leurs avantages environnementaux.<\/p><p>Cependant, \u00e0 l&#039;approche de l&#039;entr\u00e9e en vigueur des normes europ\u00e9ennes sans SF6 de 2026 pour les appareillages de commutation moyenne tension et face \u00e0 la demande croissante d&#039;alternatives au SF6 dans les pays d\u00e9velopp\u00e9s, la demande d&#039;appareillages de coupure en charge (panneaux C) et d&#039;armoires combin\u00e9es interrupteurs-fusibles (panneaux F) sans SF6 se fait de plus en plus pressante. Dans ce contexte, notre entreprise reconna\u00eet l&#039;imp\u00e9rieuse n\u00e9cessit\u00e9 d&#039;acc\u00e9l\u00e9rer le d\u00e9veloppement de la \u00ab\u00a0s\u00e9rie de produits sans SF6\u00a0\u00bb afin de r\u00e9pondre aux attentes des clients nationaux et internationaux.<\/p><p><strong><b>Discussions approfondies<\/b><\/strong><\/p><p><strong><b>Et<\/b><\/strong><strong><b>\u00a0<\/b><\/strong><strong><b>Planification strat\u00e9gique<\/b><\/strong><\/p><p>R\u00e9cemment, notre direction et nos \u00e9quipes techniques ont organis\u00e9 plus de dix s\u00e9minaires sp\u00e9cialis\u00e9s, analysant en profondeur les derni\u00e8res avanc\u00e9es technologiques, les caract\u00e9ristiques des produits, les tendances de d\u00e9veloppement et les pistes techniques dans ce domaine. Forts de notre expertise technique, de notre vaste exp\u00e9rience en d\u00e9veloppement de produits, de nos donn\u00e9es exp\u00e9rimentales et de nos \u00e9tudes de faisabilit\u00e9, nous avons d\u00e9fini le d\u00e9veloppement de la \u00ab\u00a0s\u00e9rie de produits sans SF6\u00a0\u00bb comme un axe prioritaire pour 2025. Un plan de d\u00e9veloppement et un calendrier d\u00e9taill\u00e9s ont \u00e9t\u00e9 \u00e9tablis, visant \u00e0 finaliser le prototype au premier semestre 2025.<\/p><p>Les \u00e9tapes cl\u00e9s du processus de d\u00e9veloppement ont \u00e9t\u00e9 m\u00e9ticuleusement d\u00e9taill\u00e9es lors des r\u00e9unions, notamment :<\/p><ul><li>Conception et moulage<\/li><li>M\u00e9canisme de commutation et interrupteurs \u00e0 vide<\/li><li>Exp\u00e9riences de simulation et de mod\u00e9lisation<\/li><li>Tests internes et validation externe<\/li><\/ul><p><strong><b>Principaux produits \u00ab sans SF6 \u00bb<\/b><\/strong><\/p><p><strong><b>T<\/b><\/strong><strong><b>o \u00catre d\u00e9velopp\u00e9 en 2025<\/b><\/strong><\/p><p>En 2025, notre soci\u00e9t\u00e9 pr\u00e9voit de d\u00e9velopper les s\u00e9ries de produits sans SF6 suivantes :<\/p><ol><li>Unit\u00e9s principales Green FL(R)N36Ring : Panneau C et panneau F sans SF6 avec des tensions nominales de 10 kV \u00e0 25,8 kV.<\/li><li>Unit\u00e9s principales AISRing vertes : panneau C sans SF6 (LBS vert) et panneau F (LBS vert avec combinaison de fusibles) avec des tensions nominales de 10 kV \u00e0 25,8 kV.<\/li><li>Interrupteur de charge mont\u00e9 sur poteau vert : LBS sans SF6 avec des tensions nominales de 10 kV \u00e0 27,5 kV.<\/li><\/ol><p><strong><b>Cr\u00e9er une dynamique pour le succ\u00e8s futur<\/b><\/strong><\/p><p>Depuis 2024, notre entreprise a franchi des \u00e9tapes importantes dans l&#039;exploration de technologies sans SF6, la v\u00e9rification exp\u00e9rimentale, le d\u00e9veloppement de moules et les tests de composants critiques. Ces r\u00e9alisations jettent les bases solides de l&#039;ambition globale de 2025.<\/p><p>Nous avons la confiance et la capacit\u00e9 de mener \u00e0 bien la t\u00e2che de d\u00e9veloppement de \u00ab produits de s\u00e9rie sans SF6 \u00bb et de contribuer \u00e0 r\u00e9duire les \u00e9missions de gaz \u00e0 effet de serre et \u00e0 promouvoir la transformation verte des interrupteurs et appareillages de commutation moyenne tension !<\/p>\t\t\t\t\t\t<\/div>\r\n\t\t\t\t<\/div>\r\n\t\t\t\t\t<\/div>\r\n\t\t\t\t<\/div>\r\n\t\t\t\t<\/div>","protected":false},"excerpt":{"rendered":"<p>\u00a0 Our Company Designates 2025 as the \u201cSF6-Free Product Development Year\u201d \u00a0In 2025, our company will focus on achieving the goal of the \u201cSF6-Free Product Development Year\u201d by fully promoting the development of environmentally friendly products. This initiative was officially announced by our Chief Technical Engineer, Mr. Zhuang Yu, on December 12, showcasing our determination [&hellip;]<\/p>","protected":false},"author":2,"featured_media":0,"parent":0,"menu_order":0,"comment_status":"closed","ping_status":"closed","template":"","meta":{"site-sidebar-layout":"no-sidebar","site-content-layout":"page-builder","ast-site-content-layout":"full-width-container","site-content-style":"default","site-sidebar-style":"default","ast-global-header-display":"","ast-banner-title-visibility":"","ast-main-header-display":"","ast-hfb-above-header-display":"","ast-hfb-below-header-display":"","ast-hfb-mobile-header-display":"","site-post-title":"disabled","ast-breadcrumbs-content":"","ast-featured-img":"disabled","footer-sml-layout":"","theme-transparent-header-meta":"","adv-header-id-meta":"","stick-header-meta":"","header-above-stick-meta":"","header-main-stick-meta":"","header-below-stick-meta":"","astra-migrate-meta-layouts":"set","ast-page-background-enabled":"default","ast-page-background-meta":{"desktop":{"background-color":"","background-image":"","background-repeat":"repeat","background-position":"center center","background-size":"auto","background-attachment":"scroll","background-type":"","background-media":"","overlay-type":"","overlay-color":"","overlay-gradient":""},"tablet":{"background-color":"","background-image":"","background-repeat":"repeat","background-position":"center center","background-size":"auto","background-attachment":"scroll","background-type":"","background-media":"","overlay-type":"","overlay-color":"","overlay-gradient":""},"mobile":{"background-color":"","background-image":"","background-repeat":"repeat","background-position":"center center","background-size":"auto","background-attachment":"scroll","background-type":"","background-media":"","overlay-type":"","overlay-color":"","overlay-gradient":""}},"ast-content-background-meta":{"desktop":{"background-color":"var(--ast-global-color-5)","background-image":"","background-repeat":"repeat","background-position":"center center","background-size":"auto","background-attachment":"scroll","background-type":"","background-media":"","overlay-type":"","overlay-color":"","overlay-gradient":""},"tablet":{"background-color":"var(--ast-global-color-5)","background-image":"","background-repeat":"repeat","background-position":"center center","background-size":"auto","background-attachment":"scroll","background-type":"","background-media":"","overlay-type":"","overlay-color":"","overlay-gradient":""},"mobile":{"background-color":"var(--ast-global-color-5)","background-image":"","background-repeat":"repeat","background-position":"center center","background-size":"auto","background-attachment":"scroll","background-type":"","background-media":"","overlay-type":"","overlay-color":"","overlay-gradient":""}},"footnotes":""},"class_list":["post-3427","page","type-page","status-publish","hentry"],"_links":{"self":[{"href":"https:\/\/www.xminsulation.com\/fr\/wp-json\/wp\/v2\/pages\/3427","targetHints":{"allow":["GET"]}}],"collection":[{"href":"https:\/\/www.xminsulation.com\/fr\/wp-json\/wp\/v2\/pages"}],"about":[{"href":"https:\/\/www.xminsulation.com\/fr\/wp-json\/wp\/v2\/types\/page"}],"author":[{"embeddable":true,"href":"https:\/\/www.xminsulation.com\/fr\/wp-json\/wp\/v2\/users\/2"}],"replies":[{"embeddable":true,"href":"https:\/\/www.xminsulation.com\/fr\/wp-json\/wp\/v2\/comments?post=3427"}],"version-history":[{"count":22,"href":"https:\/\/www.xminsulation.com\/fr\/wp-json\/wp\/v2\/pages\/3427\/revisions"}],"predecessor-version":[{"id":3652,"href":"https:\/\/www.xminsulation.com\/fr\/wp-json\/wp\/v2\/pages\/3427\/revisions\/3652"}],"wp:attachment":[{"href":"https:\/\/www.xminsulation.com\/fr\/wp-json\/wp\/v2\/media?parent=3427"}],"curies":[{"name":"wp","href":"https:\/\/api.w.org\/{rel}","templated":true}]}}