{"id":4081,"date":"2025-07-19T10:47:57","date_gmt":"2025-07-19T02:47:57","guid":{"rendered":"https:\/\/www.xminsulation.com\/?post_type=product&#038;p=4081"},"modified":"2025-07-19T10:47:58","modified_gmt":"2025-07-19T02:47:58","slug":"indoor-sf6-load-break-switch-lbs-sm6-type-cubicle-with-vcb","status":"publish","type":"product","link":"https:\/\/www.xminsulation.com\/es\/product\/indoor-sf6-load-break-switch-lbs-sm6-type-cubicle-with-vcb\/","title":{"rendered":"Seccionador de carga SF6 para interiores, tipo LBS SM6, cub\u00edculo con VCB"},"content":{"rendered":"<p><img fetchpriority=\"high\" decoding=\"async\" class=\"size-full wp-image-4082 aligncenter\" src=\"https:\/\/www.xminsulation.com\/wp-content\/uploads\/2025\/07\/\u56fe\u724740-1.png\" alt=\"\" width=\"892\" height=\"1452\" srcset=\"https:\/\/www.xminsulation.com\/wp-content\/uploads\/2025\/07\/\u56fe\u724740-1.png 892w, https:\/\/www.xminsulation.com\/wp-content\/uploads\/2025\/07\/\u56fe\u724740-1-184x300.png 184w, https:\/\/www.xminsulation.com\/wp-content\/uploads\/2025\/07\/\u56fe\u724740-1-629x1024.png 629w, https:\/\/www.xminsulation.com\/wp-content\/uploads\/2025\/07\/\u56fe\u724740-1-768x1250.png 768w, https:\/\/www.xminsulation.com\/wp-content\/uploads\/2025\/07\/\u56fe\u724740-1-7x12.png 7w, https:\/\/www.xminsulation.com\/wp-content\/uploads\/2025\/07\/\u56fe\u724740-1-600x977.png 600w\" sizes=\"(max-width: 892px) 100vw, 892px\" \/> <img decoding=\"async\" class=\"size-full wp-image-4083 aligncenter\" src=\"https:\/\/www.xminsulation.com\/wp-content\/uploads\/2025\/07\/\u56fe\u724741-1.png\" alt=\"\" width=\"671\" height=\"1184\" srcset=\"https:\/\/www.xminsulation.com\/wp-content\/uploads\/2025\/07\/\u56fe\u724741-1.png 671w, https:\/\/www.xminsulation.com\/wp-content\/uploads\/2025\/07\/\u56fe\u724741-1-170x300.png 170w, https:\/\/www.xminsulation.com\/wp-content\/uploads\/2025\/07\/\u56fe\u724741-1-580x1024.png 580w, https:\/\/www.xminsulation.com\/wp-content\/uploads\/2025\/07\/\u56fe\u724741-1-7x12.png 7w, https:\/\/www.xminsulation.com\/wp-content\/uploads\/2025\/07\/\u56fe\u724741-1-600x1059.png 600w\" sizes=\"(max-width: 671px) 100vw, 671px\" \/> <img decoding=\"async\" class=\"size-full wp-image-4084 aligncenter\" src=\"https:\/\/www.xminsulation.com\/wp-content\/uploads\/2025\/07\/\u56fe\u724742-1.png\" alt=\"\" width=\"981\" height=\"754\" srcset=\"https:\/\/www.xminsulation.com\/wp-content\/uploads\/2025\/07\/\u56fe\u724742-1.png 981w, https:\/\/www.xminsulation.com\/wp-content\/uploads\/2025\/07\/\u56fe\u724742-1-300x231.png 300w, https:\/\/www.xminsulation.com\/wp-content\/uploads\/2025\/07\/\u56fe\u724742-1-768x590.png 768w, https:\/\/www.xminsulation.com\/wp-content\/uploads\/2025\/07\/\u56fe\u724742-1-16x12.png 16w, https:\/\/www.xminsulation.com\/wp-content\/uploads\/2025\/07\/\u56fe\u724742-1-600x461.png 600w\" sizes=\"(max-width: 981px) 100vw, 981px\" \/><\/p>\n<h2><strong><b>Descripci\u00f3n general<\/b><\/strong><\/h2>\n<p>Los cub\u00edculos tipo SM6 est\u00e1n dise\u00f1ados para instalaciones en interiores.<\/p>\n<p>Es ideal para centrales el\u00e9ctricas y equipos el\u00e9ctricos industriales alimentados por redes de anillo o terminales de CA trif\u00e1sicas de 50 Hz\/60 Hz. Se utiliza como protecci\u00f3n de l\u00ednea de control de carga para sistemas de media tensi\u00f3n de 10 kV a 40,5 kV. El interruptor de carga conmuta la corriente de carga, la corriente de bucle cerrado, la corriente de carga del transformador en vac\u00edo y la corriente de carga del cable. Este dispositivo el\u00e9ctrico combinado puede interrumpir cualquier corriente hasta la corriente nominal de cortocircuito y es adecuado para conjuntos completos de equipos el\u00e9ctricos, como unidades de red de anillo y subestaciones tipo caja.<\/p>\n<p>Es especialmente adecuado para la distribuci\u00f3n de energ\u00eda en \u00e1reas residenciales urbanas, peque\u00f1as subestaciones secundarias, oficinas de conmutaci\u00f3n, empresas industriales y mineras, grandes centros comerciales, aeropuertos, metros, hospitales, estadios y otros lugares.<\/p>\n<p>Sus dimensiones compactas son de 375 mm a 750 mm de ancho; 1600 mm de alto; 840 mm de profundidad. Esto facilita su instalaci\u00f3n en salas peque\u00f1as o subestaciones prefabricadas.<\/p>\n<h2><strong><b>Caracter\u00edstica clave<\/b><\/strong><strong><b>s<\/b><\/strong><\/h2>\n<ul>\n<li>Dise\u00f1o compacto y tipo probado.<\/li>\n<li>Seguridad del operador de alto nivel, confiabilidad de operaci\u00f3n de alto nivel.<\/li>\n<li>El dise\u00f1o modular permite posibilidades de instalaci\u00f3n ilimitadas.<\/li>\n<li>El menor coste de mantenimiento.<\/li>\n<li>Adecuado para control y monitoreo remoto.<\/li>\n<li>Cumplir con las normas IEC y EN pertinentes.<\/li>\n<\/ul>\n<h2><strong><b>Seguridad<\/b><\/strong><\/h2>\n<p>&nbsp;<\/p>\n<ul>\n<li>Resistente al arco interno gracias a su dise\u00f1o duradero contra efectos t\u00e9rmicos y din\u00e1micos.<\/li>\n<li>Posibilidad de comprobar visualmente la posici\u00f3n del Seccionador de Puesta a Tierra (CERRADO o ABIERTO) a trav\u00e9s de la ventana de vigilancia en el panel frontal.<\/li>\n<li>Los sistemas de enclavamiento consecutivos evitan el funcionamiento incorrecto. El acceso al compartimento de cables y al compartimento de fusibles solo es posible si el seccionador o los seccionadores de puesta a tierra correspondientes est\u00e1n en la posici\u00f3n de puesta a tierra.<\/li>\n<\/ul>\n<h2><strong><b>Campos de aplicaci\u00f3n principales<\/b><\/strong><\/h2>\n<ul>\n<li>Redes de Distribuci\u00f3n El\u00e9ctrica Secundaria.<\/li>\n<li>Subestaci\u00f3n transformadora de distribuci\u00f3n MT\/BT.<\/li>\n<li>Plantas de energ\u00eda e\u00f3lica y solar.<\/li>\n<li>Aplicaciones comerciales: Puertos, estaciones de tren, aeropuertos, hospitales, escuelas, hoteles, centros comerciales, centros comerciales, complejos vacacionales.<\/li>\n<li>Aplicaciones industriales: agua, hierro y acero, automoci\u00f3n, petr\u00f3leo y gas.<\/li>\n<\/ul>\n<h2><strong><b>Par\u00e1metros t\u00e9cnicos<\/b><\/strong><\/h2>\n<p><img loading=\"lazy\" decoding=\"async\" class=\"size-full wp-image-4085 aligncenter\" src=\"https:\/\/www.xminsulation.com\/wp-content\/uploads\/2025\/07\/\u56fe\u724743-1.png\" alt=\"\" width=\"1356\" height=\"1302\" srcset=\"https:\/\/www.xminsulation.com\/wp-content\/uploads\/2025\/07\/\u56fe\u724743-1.png 1356w, https:\/\/www.xminsulation.com\/wp-content\/uploads\/2025\/07\/\u56fe\u724743-1-300x288.png 300w, https:\/\/www.xminsulation.com\/wp-content\/uploads\/2025\/07\/\u56fe\u724743-1-1024x983.png 1024w, https:\/\/www.xminsulation.com\/wp-content\/uploads\/2025\/07\/\u56fe\u724743-1-768x737.png 768w, https:\/\/www.xminsulation.com\/wp-content\/uploads\/2025\/07\/\u56fe\u724743-1-12x12.png 12w, https:\/\/www.xminsulation.com\/wp-content\/uploads\/2025\/07\/\u56fe\u724743-1-600x576.png 600w\" sizes=\"(max-width: 1356px) 100vw, 1356px\" \/><\/p>\n<h2><strong><b>Disyuntor de vac\u00edo de montaje lateral<\/b><\/strong><\/h2>\n<p><img loading=\"lazy\" decoding=\"async\" class=\"size-full wp-image-4086 aligncenter\" src=\"https:\/\/www.xminsulation.com\/wp-content\/uploads\/2025\/07\/\u56fe\u724744-1.png\" alt=\"\" width=\"965\" height=\"796\" srcset=\"https:\/\/www.xminsulation.com\/wp-content\/uploads\/2025\/07\/\u56fe\u724744-1.png 965w, https:\/\/www.xminsulation.com\/wp-content\/uploads\/2025\/07\/\u56fe\u724744-1-300x247.png 300w, https:\/\/www.xminsulation.com\/wp-content\/uploads\/2025\/07\/\u56fe\u724744-1-768x634.png 768w, https:\/\/www.xminsulation.com\/wp-content\/uploads\/2025\/07\/\u56fe\u724744-1-15x12.png 15w, https:\/\/www.xminsulation.com\/wp-content\/uploads\/2025\/07\/\u56fe\u724744-1-600x495.png 600w\" sizes=\"(max-width: 965px) 100vw, 965px\" \/><\/p>\n<h2><strong><b>Estructura del Panel CB<\/b><\/strong><\/h2>\n<p><img loading=\"lazy\" decoding=\"async\" class=\"size-full wp-image-4087 aligncenter\" src=\"https:\/\/www.xminsulation.com\/wp-content\/uploads\/2025\/07\/\u56fe\u724745-1.png\" alt=\"\" width=\"408\" height=\"634\" srcset=\"https:\/\/www.xminsulation.com\/wp-content\/uploads\/2025\/07\/\u56fe\u724745-1.png 408w, https:\/\/www.xminsulation.com\/wp-content\/uploads\/2025\/07\/\u56fe\u724745-1-193x300.png 193w, https:\/\/www.xminsulation.com\/wp-content\/uploads\/2025\/07\/\u56fe\u724745-1-8x12.png 8w\" sizes=\"(max-width: 408px) 100vw, 408px\" \/><\/p>\n<h2><strong><b>Unidades para diferentes funciones<\/b><\/strong><\/h2>\n<p><strong><b> <img loading=\"lazy\" decoding=\"async\" class=\"size-full wp-image-4088 aligncenter\" src=\"https:\/\/www.xminsulation.com\/wp-content\/uploads\/2025\/07\/\u56fe\u724746-2.png\" alt=\"\" width=\"1221\" height=\"713\" srcset=\"https:\/\/www.xminsulation.com\/wp-content\/uploads\/2025\/07\/\u56fe\u724746-2.png 1221w, https:\/\/www.xminsulation.com\/wp-content\/uploads\/2025\/07\/\u56fe\u724746-2-300x175.png 300w, https:\/\/www.xminsulation.com\/wp-content\/uploads\/2025\/07\/\u56fe\u724746-2-1024x598.png 1024w, https:\/\/www.xminsulation.com\/wp-content\/uploads\/2025\/07\/\u56fe\u724746-2-768x448.png 768w, https:\/\/www.xminsulation.com\/wp-content\/uploads\/2025\/07\/\u56fe\u724746-2-18x12.png 18w, https:\/\/www.xminsulation.com\/wp-content\/uploads\/2025\/07\/\u56fe\u724746-2-600x350.png 600w\" sizes=\"(max-width: 1221px) 100vw, 1221px\" \/><\/b><\/strong><\/p>\n<h2><strong><b>Instalaci\u00f3n y <\/b><\/strong><strong><b>Comisi\u00f3n<\/b><\/strong><strong><b>en<\/b><\/strong><\/h2>\n<ol>\n<li>Antes de la instalaci\u00f3n y la depuraci\u00f3n, aseg\u00farese de leer atentamente el manual de instrucciones y realizar los siguientes preparativos: En primer lugar, verifique si hay alg\u00fan da\u00f1o en la apariencia. Los productos da\u00f1ados deben detenerse de inmediato. El segundo paso es eliminar la contaminaci\u00f3n de la superficie del producto debido al transporte u otras razones.<\/li>\n<li>Al ensamblar el mecanismo operativo y el cuerpo del interruptor, se debe garantizar que est\u00e9n fijados de manera confiable, y sus partes de conexi\u00f3n deben estar fijadas de manera confiable en el eje operativo del cuerpo del interruptor, y los componentes que conectan el interruptor de carga tambi\u00e9n deben estar fijados de manera confiable en el cuerpo del interruptor. en el interruptor.<\/li>\n<li>Una vez finalizada la instalaci\u00f3n, confirme que el interruptor de carga est\u00e9 en la posici\u00f3n de apertura, inserte la manija de operaci\u00f3n en el orificio de operaci\u00f3n de conexi\u00f3n a tierra en el extremo superior del panel y gire la manija 180 grados en el sentido de las agujas del reloj. Para realizar el cierre a tierra, gire la manija 180 grados en el sentido contrario a las agujas del reloj. Complete el cierre del interruptor de conexi\u00f3n a tierra.<\/li>\n<li>Al realizar la operaci\u00f3n de cierre, primero confirme que el interruptor de carga est\u00e9 en la posici\u00f3n de apertura, luego inserte la manija de operaci\u00f3n en el orificio de operaci\u00f3n del interruptor de carga en el extremo inferior del panel y gire la manija de operaci\u00f3n 180\u2033 en el sentido de las agujas del reloj para completar la operaci\u00f3n de cierre del interruptor de carga.<\/li>\n<li>Durante el proceso de mover el interruptor de carga de la posici\u00f3n de cierre a la posici\u00f3n de apertura, utilice el mecanismo operativo tipo K, inserte la manija operativa en el orificio operativo del interruptor de carga y gire la manija en sentido antihorario 180\u2033 para realizar la operaci\u00f3n de apertura; para el mecanismo operativo tipo A, Mecanismo operativo, presione el bot\u00f3n de apertura para abrir el interruptor de carga, verifique a trav\u00e9s de la ventana de observaci\u00f3n si la posici\u00f3n del interruptor es correcta y si las instrucciones de observaci\u00f3n correspondientes cumplen con los requisitos.<\/li>\n<li>Nota: \u00a1La conexi\u00f3n a tierra o la carga solo se pueden cerrar cuando el interruptor est\u00e1 en la posici\u00f3n abierta!<\/li>\n<\/ol>\n<h2><strong><b>Mantenimiento y cuidado<\/b><\/strong><\/h2>\n<p>En condiciones de uso normales donde el entorno cumple con los requisitos de las instrucciones de instalaci\u00f3n y funcionamiento, se garantiza que el cuerpo del interruptor no necesitar\u00e1 mantenimiento durante 20 a\u00f1os. Debido a las diferencias medioambientales, todav\u00eda es necesario realizar los trabajos de inspecci\u00f3n y mantenimiento necesarios en el interruptor de carga.<\/p>\n<ol>\n<li>Seg\u00fan el entorno de trabajo, realice una inspecci\u00f3n visual adecuada de la cubierta aislante entre junio y diciembre y retire las superficies sucias y h\u00famedas.<\/li>\n<li>Realice la lubricaci\u00f3n y la inspecci\u00f3n de funcionamiento del mecanismo operativo 1 a 2 veces al a\u00f1o para garantizar el funcionamiento normal.<\/li>\n<li>Para los interruptores de carga equipados con man\u00f3metros, las lecturas de los man\u00f3metros deben verificarse de vez en cuando.<\/li>\n<li>Cuando una corriente de falla pasa a trav\u00e9s del aparato combinado de fusibles del interruptor de carga y se funde un fusible monof\u00e1sico, se deben reemplazar todos los fusibles trif\u00e1sicos. Al reemplazar, el interruptor de conexi\u00f3n a tierra debe cerrarse primero antes del reemplazo y asegurarse de que todos los fusibles trif\u00e1sicos est\u00e9n instalados en su lugar.<\/li>\n<\/ol>\n<p>&nbsp;<\/p>\n<h2>\u25c6Personalizaci\u00f3n especial<\/h2>\n<p>Los par\u00e1metros anteriores son datos t\u00edpicos; Si los estilos existentes no satisfacen sus demandas espec\u00edficas, cont\u00e1ctenos para obtener un dise\u00f1o personalizado. Contamos con importantes habilidades de producci\u00f3n y desarrollo de personalizaci\u00f3n personalizada, lo que nos permite brindar soluciones personalizadas a clientes de todo el mundo.<\/p>\n<p>&nbsp;<\/p>\n<p>&nbsp;<\/p>","protected":false},"excerpt":{"rendered":"<p>Overview SM6\u00a0type cubicles are designed for indoor installations. It is good for power stations and industrial electrical equipment powered by three-phase AC 50Hz\/60Hz ring network or terminal It is used as load control line protection for 10kV-40.5kV MV power system. The load switch switches load current, closed-loop current, no-load transformer and cable charging current; the [&hellip;]<\/p>","protected":false},"featured_media":4089,"template":"","meta":{"site-sidebar-layout":"default","site-content-layout":"","ast-site-content-layout":"default","site-content-style":"default","site-sidebar-style":"default","ast-global-header-display":"","ast-banner-title-visibility":"","ast-main-header-display":"","ast-hfb-above-header-display":"","ast-hfb-below-header-display":"","ast-hfb-mobile-header-display":"","site-post-title":"","ast-breadcrumbs-content":"","ast-featured-img":"","footer-sml-layout":"","theme-transparent-header-meta":"default","adv-header-id-meta":"","stick-header-meta":"","header-above-stick-meta":"","header-main-stick-meta":"","header-below-stick-meta":"","astra-migrate-meta-layouts":"set","ast-page-background-enabled":"default","ast-page-background-meta":{"desktop":{"background-color":"","background-image":"","background-repeat":"repeat","background-position":"center center","background-size":"auto","background-attachment":"scroll","background-type":"","background-media":"","overlay-type":"","overlay-color":"","overlay-gradient":""},"tablet":{"background-color":"","background-image":"","background-repeat":"repeat","background-position":"center center","background-size":"auto","background-attachment":"scroll","background-type":"","background-media":"","overlay-type":"","overlay-color":"","overlay-gradient":""},"mobile":{"background-color":"","background-image":"","background-repeat":"repeat","background-position":"center center","background-size":"auto","background-attachment":"scroll","background-type":"","background-media":"","overlay-type":"","overlay-color":"","overlay-gradient":""}},"ast-content-background-meta":{"desktop":{"background-color":"var(--ast-global-color-5)","background-image":"","background-repeat":"repeat","background-position":"center center","background-size":"auto","background-attachment":"scroll","background-type":"","background-media":"","overlay-type":"","overlay-color":"","overlay-gradient":""},"tablet":{"background-color":"var(--ast-global-color-5)","background-image":"","background-repeat":"repeat","background-position":"center center","background-size":"auto","background-attachment":"scroll","background-type":"","background-media":"","overlay-type":"","overlay-color":"","overlay-gradient":""},"mobile":{"background-color":"var(--ast-global-color-5)","background-image":"","background-repeat":"repeat","background-position":"center center","background-size":"auto","background-attachment":"scroll","background-type":"","background-media":"","overlay-type":"","overlay-color":"","overlay-gradient":""}}},"product_cat":[67],"product_tag":[],"class_list":{"0":"post-4081","1":"product","2":"type-product","3":"status-publish","4":"has-post-thumbnail","6":"product_cat-10-40-5kv-indoor-sf6-load-break-switch-lbs-sm6-type-cubicle","7":"desktop-align-left","8":"tablet-align-left","9":"mobile-align-left","11":"first","12":"instock","13":"shipping-taxable","14":"product-type-simple"},"_links":{"self":[{"href":"https:\/\/www.xminsulation.com\/es\/wp-json\/wp\/v2\/product\/4081","targetHints":{"allow":["GET"]}}],"collection":[{"href":"https:\/\/www.xminsulation.com\/es\/wp-json\/wp\/v2\/product"}],"about":[{"href":"https:\/\/www.xminsulation.com\/es\/wp-json\/wp\/v2\/types\/product"}],"wp:featuredmedia":[{"embeddable":true,"href":"https:\/\/www.xminsulation.com\/es\/wp-json\/wp\/v2\/media\/4089"}],"wp:attachment":[{"href":"https:\/\/www.xminsulation.com\/es\/wp-json\/wp\/v2\/media?parent=4081"}],"wp:term":[{"taxonomy":"product_cat","embeddable":true,"href":"https:\/\/www.xminsulation.com\/es\/wp-json\/wp\/v2\/product_cat?post=4081"},{"taxonomy":"product_tag","embeddable":true,"href":"https:\/\/www.xminsulation.com\/es\/wp-json\/wp\/v2\/product_tag?post=4081"}],"curies":[{"name":"wp","href":"https:\/\/api.w.org\/{rel}","templated":true}]}}