{"id":3781,"date":"2025-06-20T10:15:21","date_gmt":"2025-06-20T02:15:21","guid":{"rendered":"https:\/\/www.xminsulation.com\/?post_type=product&#038;p=3781"},"modified":"2025-06-20T10:15:21","modified_gmt":"2025-06-20T02:15:21","slug":"transformer-bushings-with-plug-connection-with-outer-cone-pps","status":"publish","type":"product","link":"https:\/\/www.xminsulation.com\/es\/product\/transformer-bushings-with-plug-connection-with-outer-cone-pps\/","title":{"rendered":"Pasamuros de transformador con conexi\u00f3n de enchufe y cono exterior PPS"},"content":{"rendered":"<p>Tipo sin porcelana, solo resina de silicona\/epoxi<\/p>\n<p>Voltaje de 10-40,5 kV, Corriente de 200 A-4000 A<\/p>\n<p>Est\u00e1ndar IEC\/IEEE<\/p>\n<p><img fetchpriority=\"high\" decoding=\"async\" class=\"alignnone size-full wp-image-3782\" src=\"https:\/\/www.xminsulation.com\/wp-content\/uploads\/2025\/06\/\u56fe\u724711.png\" alt=\"\" width=\"1247\" height=\"704\" srcset=\"https:\/\/www.xminsulation.com\/wp-content\/uploads\/2025\/06\/\u56fe\u724711.png 1247w, https:\/\/www.xminsulation.com\/wp-content\/uploads\/2025\/06\/\u56fe\u724711-300x169.png 300w, https:\/\/www.xminsulation.com\/wp-content\/uploads\/2025\/06\/\u56fe\u724711-1024x578.png 1024w, https:\/\/www.xminsulation.com\/wp-content\/uploads\/2025\/06\/\u56fe\u724711-768x434.png 768w, https:\/\/www.xminsulation.com\/wp-content\/uploads\/2025\/06\/\u56fe\u724711-18x10.png 18w, https:\/\/www.xminsulation.com\/wp-content\/uploads\/2025\/06\/\u56fe\u724711-600x339.png 600w\" sizes=\"(max-width: 1247px) 100vw, 1247px\" \/> <img decoding=\"async\" class=\"alignnone size-full wp-image-3783\" src=\"https:\/\/www.xminsulation.com\/wp-content\/uploads\/2025\/06\/\u56fe\u724712.png\" alt=\"\" width=\"2835\" height=\"1417\" srcset=\"https:\/\/www.xminsulation.com\/wp-content\/uploads\/2025\/06\/\u56fe\u724712.png 2835w, https:\/\/www.xminsulation.com\/wp-content\/uploads\/2025\/06\/\u56fe\u724712-300x150.png 300w, https:\/\/www.xminsulation.com\/wp-content\/uploads\/2025\/06\/\u56fe\u724712-1024x512.png 1024w, https:\/\/www.xminsulation.com\/wp-content\/uploads\/2025\/06\/\u56fe\u724712-768x384.png 768w, https:\/\/www.xminsulation.com\/wp-content\/uploads\/2025\/06\/\u56fe\u724712-1536x768.png 1536w, https:\/\/www.xminsulation.com\/wp-content\/uploads\/2025\/06\/\u56fe\u724712-2048x1024.png 2048w, https:\/\/www.xminsulation.com\/wp-content\/uploads\/2025\/06\/\u56fe\u724712-18x9.png 18w, https:\/\/www.xminsulation.com\/wp-content\/uploads\/2025\/06\/\u56fe\u724712-600x300.png 600w\" sizes=\"(max-width: 2835px) 100vw, 2835px\" \/><\/p>\n<p>Debido a las mayores tensiones en el lado de la red el\u00e9ctrica, los pasatapas primarios\/de AT suelen ser del tipo de frente muerto. Este dispositivo de frente muerto, completamente aislado, limita la exposici\u00f3n a tensiones m\u00e1s altas y reduce el riesgo de arco el\u00e9ctrico para los trabajadores de la red el\u00e9ctrica y otras personas cualificadas que acceden al gabinete de AT mientras el transformador est\u00e1 energizado. Otra ventaja de los pasatapas de frente muerto es que reducen las distancias el\u00e9ctricas entre ellos, lo que permite un gabinete m\u00e1s peque\u00f1o. El tipo de pasatapas de frente vivo todav\u00eda se utiliza ocasionalmente para pasatapas primarios\/de AT; sin embargo, actualmente es menos com\u00fan en los transformadores tipo pedestal.<\/p>\n<p>Dado que la interfaz de frente muerto generalmente solo permite la conexi\u00f3n de un cable por conector acodado, es poco com\u00fan verla utilizada en terminaciones de secundario\/BT de transformadores (donde se conectan varios cables a cada fase). La interfaz de frente muerto m\u00e1s com\u00fan (interrupci\u00f3n en carga) tiene una capacidad de corriente de 200 amperios; tambi\u00e9n se encuentran disponibles interfaces de 600 y 900 amperios con interfaces sin interrupci\u00f3n en carga (o de interrupci\u00f3n en carga).<\/p>\n<p>Podemos ofrecer m\u00faltiples estilos de conexi\u00f3n, as\u00ed como soluciones a medida de acuerdo con casi cualquier tipo de requisito o especificaci\u00f3n del cliente.<\/p>\n<p><img decoding=\"async\" class=\"size-full wp-image-3784 aligncenter\" src=\"https:\/\/www.xminsulation.com\/wp-content\/uploads\/2025\/06\/\u56fe\u724713.png\" alt=\"\" width=\"740\" height=\"777\" srcset=\"https:\/\/www.xminsulation.com\/wp-content\/uploads\/2025\/06\/\u56fe\u724713.png 740w, https:\/\/www.xminsulation.com\/wp-content\/uploads\/2025\/06\/\u56fe\u724713-286x300.png 286w, https:\/\/www.xminsulation.com\/wp-content\/uploads\/2025\/06\/\u56fe\u724713-11x12.png 11w, https:\/\/www.xminsulation.com\/wp-content\/uploads\/2025\/06\/\u56fe\u724713-600x630.png 600w\" sizes=\"(max-width: 740px) 100vw, 740px\" \/> <img loading=\"lazy\" decoding=\"async\" class=\"size-full wp-image-3785 aligncenter\" src=\"https:\/\/www.xminsulation.com\/wp-content\/uploads\/2025\/06\/\u56fe\u724714.png\" alt=\"\" width=\"903\" height=\"736\" srcset=\"https:\/\/www.xminsulation.com\/wp-content\/uploads\/2025\/06\/\u56fe\u724714.png 903w, https:\/\/www.xminsulation.com\/wp-content\/uploads\/2025\/06\/\u56fe\u724714-300x245.png 300w, https:\/\/www.xminsulation.com\/wp-content\/uploads\/2025\/06\/\u56fe\u724714-768x626.png 768w, https:\/\/www.xminsulation.com\/wp-content\/uploads\/2025\/06\/\u56fe\u724714-15x12.png 15w, https:\/\/www.xminsulation.com\/wp-content\/uploads\/2025\/06\/\u56fe\u724714-600x489.png 600w\" sizes=\"(max-width: 903px) 100vw, 903px\" \/> <img loading=\"lazy\" decoding=\"async\" class=\"size-full wp-image-3786 aligncenter\" src=\"https:\/\/www.xminsulation.com\/wp-content\/uploads\/2025\/06\/\u56fe\u724715.png\" alt=\"\" width=\"434\" height=\"849\" srcset=\"https:\/\/www.xminsulation.com\/wp-content\/uploads\/2025\/06\/\u56fe\u724715.png 434w, https:\/\/www.xminsulation.com\/wp-content\/uploads\/2025\/06\/\u56fe\u724715-153x300.png 153w, https:\/\/www.xminsulation.com\/wp-content\/uploads\/2025\/06\/\u56fe\u724715-6x12.png 6w\" sizes=\"(max-width: 434px) 100vw, 434px\" \/> <img loading=\"lazy\" decoding=\"async\" class=\"size-full wp-image-3787 aligncenter\" src=\"https:\/\/www.xminsulation.com\/wp-content\/uploads\/2025\/06\/\u56fe\u724716.png\" alt=\"\" width=\"1026\" height=\"806\" srcset=\"https:\/\/www.xminsulation.com\/wp-content\/uploads\/2025\/06\/\u56fe\u724716.png 1026w, https:\/\/www.xminsulation.com\/wp-content\/uploads\/2025\/06\/\u56fe\u724716-300x236.png 300w, https:\/\/www.xminsulation.com\/wp-content\/uploads\/2025\/06\/\u56fe\u724716-1024x804.png 1024w, https:\/\/www.xminsulation.com\/wp-content\/uploads\/2025\/06\/\u56fe\u724716-768x603.png 768w, https:\/\/www.xminsulation.com\/wp-content\/uploads\/2025\/06\/\u56fe\u724716-15x12.png 15w, https:\/\/www.xminsulation.com\/wp-content\/uploads\/2025\/06\/\u56fe\u724716-600x471.png 600w\" sizes=\"(max-width: 1026px) 100vw, 1026px\" \/> <img loading=\"lazy\" decoding=\"async\" class=\"size-full wp-image-3788 aligncenter\" src=\"https:\/\/www.xminsulation.com\/wp-content\/uploads\/2025\/06\/\u56fe\u724717.png\" alt=\"\" width=\"1144\" height=\"778\" srcset=\"https:\/\/www.xminsulation.com\/wp-content\/uploads\/2025\/06\/\u56fe\u724717.png 1144w, https:\/\/www.xminsulation.com\/wp-content\/uploads\/2025\/06\/\u56fe\u724717-300x204.png 300w, https:\/\/www.xminsulation.com\/wp-content\/uploads\/2025\/06\/\u56fe\u724717-1024x696.png 1024w, https:\/\/www.xminsulation.com\/wp-content\/uploads\/2025\/06\/\u56fe\u724717-768x522.png 768w, https:\/\/www.xminsulation.com\/wp-content\/uploads\/2025\/06\/\u56fe\u724717-18x12.png 18w, https:\/\/www.xminsulation.com\/wp-content\/uploads\/2025\/06\/\u56fe\u724717-600x408.png 600w\" sizes=\"(max-width: 1144px) 100vw, 1144px\" \/><\/p>\n<p>&nbsp;<\/p>\n<p><img loading=\"lazy\" decoding=\"async\" class=\"size-full wp-image-3789 aligncenter\" src=\"https:\/\/www.xminsulation.com\/wp-content\/uploads\/2025\/06\/\u5fae\u4fe1\u622a\u56fe_20250620101138.jpg\" alt=\"\" width=\"1026\" height=\"611\" srcset=\"https:\/\/www.xminsulation.com\/wp-content\/uploads\/2025\/06\/\u5fae\u4fe1\u622a\u56fe_20250620101138.jpg 1026w, https:\/\/www.xminsulation.com\/wp-content\/uploads\/2025\/06\/\u5fae\u4fe1\u622a\u56fe_20250620101138-300x179.jpg 300w, https:\/\/www.xminsulation.com\/wp-content\/uploads\/2025\/06\/\u5fae\u4fe1\u622a\u56fe_20250620101138-1024x610.jpg 1024w, https:\/\/www.xminsulation.com\/wp-content\/uploads\/2025\/06\/\u5fae\u4fe1\u622a\u56fe_20250620101138-768x457.jpg 768w, https:\/\/www.xminsulation.com\/wp-content\/uploads\/2025\/06\/\u5fae\u4fe1\u622a\u56fe_20250620101138-18x12.jpg 18w, https:\/\/www.xminsulation.com\/wp-content\/uploads\/2025\/06\/\u5fae\u4fe1\u622a\u56fe_20250620101138-600x357.jpg 600w\" sizes=\"(max-width: 1026px) 100vw, 1026px\" \/> <img loading=\"lazy\" decoding=\"async\" class=\"size-full wp-image-3790 aligncenter\" src=\"https:\/\/www.xminsulation.com\/wp-content\/uploads\/2025\/06\/\u5fae\u4fe1\u622a\u56fe_20250620101147.jpg\" alt=\"\" width=\"1144\" height=\"677\" srcset=\"https:\/\/www.xminsulation.com\/wp-content\/uploads\/2025\/06\/\u5fae\u4fe1\u622a\u56fe_20250620101147.jpg 1144w, https:\/\/www.xminsulation.com\/wp-content\/uploads\/2025\/06\/\u5fae\u4fe1\u622a\u56fe_20250620101147-300x178.jpg 300w, https:\/\/www.xminsulation.com\/wp-content\/uploads\/2025\/06\/\u5fae\u4fe1\u622a\u56fe_20250620101147-1024x606.jpg 1024w, https:\/\/www.xminsulation.com\/wp-content\/uploads\/2025\/06\/\u5fae\u4fe1\u622a\u56fe_20250620101147-768x454.jpg 768w, https:\/\/www.xminsulation.com\/wp-content\/uploads\/2025\/06\/\u5fae\u4fe1\u622a\u56fe_20250620101147-18x12.jpg 18w, https:\/\/www.xminsulation.com\/wp-content\/uploads\/2025\/06\/\u5fae\u4fe1\u622a\u56fe_20250620101147-600x355.jpg 600w\" sizes=\"(max-width: 1144px) 100vw, 1144px\" \/> <img loading=\"lazy\" decoding=\"async\" class=\"size-full wp-image-3791 aligncenter\" src=\"https:\/\/www.xminsulation.com\/wp-content\/uploads\/2025\/06\/\u5fae\u4fe1\u622a\u56fe_20250620101157.jpg\" alt=\"\" width=\"998\" height=\"530\" srcset=\"https:\/\/www.xminsulation.com\/wp-content\/uploads\/2025\/06\/\u5fae\u4fe1\u622a\u56fe_20250620101157.jpg 998w, https:\/\/www.xminsulation.com\/wp-content\/uploads\/2025\/06\/\u5fae\u4fe1\u622a\u56fe_20250620101157-300x159.jpg 300w, https:\/\/www.xminsulation.com\/wp-content\/uploads\/2025\/06\/\u5fae\u4fe1\u622a\u56fe_20250620101157-768x408.jpg 768w, https:\/\/www.xminsulation.com\/wp-content\/uploads\/2025\/06\/\u5fae\u4fe1\u622a\u56fe_20250620101157-18x10.jpg 18w, https:\/\/www.xminsulation.com\/wp-content\/uploads\/2025\/06\/\u5fae\u4fe1\u622a\u56fe_20250620101157-600x319.jpg 600w\" sizes=\"(max-width: 998px) 100vw, 998px\" \/><\/p>\n<p><img loading=\"lazy\" decoding=\"async\" class=\"size-full wp-image-3792 aligncenter\" src=\"https:\/\/www.xminsulation.com\/wp-content\/uploads\/2025\/06\/\u56fe\u724721.png\" alt=\"\" width=\"2568\" height=\"2188\" srcset=\"https:\/\/www.xminsulation.com\/wp-content\/uploads\/2025\/06\/\u56fe\u724721.png 2568w, https:\/\/www.xminsulation.com\/wp-content\/uploads\/2025\/06\/\u56fe\u724721-300x256.png 300w, https:\/\/www.xminsulation.com\/wp-content\/uploads\/2025\/06\/\u56fe\u724721-1024x872.png 1024w, https:\/\/www.xminsulation.com\/wp-content\/uploads\/2025\/06\/\u56fe\u724721-768x654.png 768w, https:\/\/www.xminsulation.com\/wp-content\/uploads\/2025\/06\/\u56fe\u724721-1536x1309.png 1536w, https:\/\/www.xminsulation.com\/wp-content\/uploads\/2025\/06\/\u56fe\u724721-2048x1745.png 2048w, https:\/\/www.xminsulation.com\/wp-content\/uploads\/2025\/06\/\u56fe\u724721-14x12.png 14w, https:\/\/www.xminsulation.com\/wp-content\/uploads\/2025\/06\/\u56fe\u724721-600x511.png 600w\" sizes=\"(max-width: 2568px) 100vw, 2568px\" \/><\/p>\n<p>&nbsp;<\/p>\n<p>&nbsp;<\/p>\n<h2 class=\"wxts\">\u25c6Personalizaci\u00f3n especial<\/h2>\n<p>Los par\u00e1metros anteriores son datos t\u00edpicos; si los estilos existentes no satisfacen sus demandas espec\u00edficas, cont\u00e1ctenos para obtener un dise\u00f1o personalizado. Tenemos importantes habilidades de producci\u00f3n y desarrollo de personalizaci\u00f3n personalizada, lo que nos permite brindar soluciones personalizadas a clientes de todo el mundo.<\/p>\n<p>&nbsp;<\/p>","protected":false},"excerpt":{"rendered":"<p>Non-Porcelain Type, Silicon \/ Epoxy Resin Only Voltage from 10-40.5kV, Current from 200A-4000A IEC \/ IEEE Standard Due to the higher voltages on the utility side, primary\/HV bushings are often the dead front type. The fully insulated dead front apparatus limits exposure to higher voltages and reduces the risk of arc flash for utility workers [&hellip;]<\/p>","protected":false},"featured_media":3793,"template":"","meta":{"site-sidebar-layout":"default","site-content-layout":"","ast-site-content-layout":"default","site-content-style":"default","site-sidebar-style":"default","ast-global-header-display":"","ast-banner-title-visibility":"","ast-main-header-display":"","ast-hfb-above-header-display":"","ast-hfb-below-header-display":"","ast-hfb-mobile-header-display":"","site-post-title":"","ast-breadcrumbs-content":"","ast-featured-img":"","footer-sml-layout":"","theme-transparent-header-meta":"default","adv-header-id-meta":"","stick-header-meta":"","header-above-stick-meta":"","header-main-stick-meta":"","header-below-stick-meta":"","astra-migrate-meta-layouts":"set","ast-page-background-enabled":"default","ast-page-background-meta":{"desktop":{"background-color":"","background-image":"","background-repeat":"repeat","background-position":"center center","background-size":"auto","background-attachment":"scroll","background-type":"","background-media":"","overlay-type":"","overlay-color":"","overlay-gradient":""},"tablet":{"background-color":"","background-image":"","background-repeat":"repeat","background-position":"center center","background-size":"auto","background-attachment":"scroll","background-type":"","background-media":"","overlay-type":"","overlay-color":"","overlay-gradient":""},"mobile":{"background-color":"","background-image":"","background-repeat":"repeat","background-position":"center center","background-size":"auto","background-attachment":"scroll","background-type":"","background-media":"","overlay-type":"","overlay-color":"","overlay-gradient":""}},"ast-content-background-meta":{"desktop":{"background-color":"var(--ast-global-color-5)","background-image":"","background-repeat":"repeat","background-position":"center center","background-size":"auto","background-attachment":"scroll","background-type":"","background-media":"","overlay-type":"","overlay-color":"","overlay-gradient":""},"tablet":{"background-color":"var(--ast-global-color-5)","background-image":"","background-repeat":"repeat","background-position":"center center","background-size":"auto","background-attachment":"scroll","background-type":"","background-media":"","overlay-type":"","overlay-color":"","overlay-gradient":""},"mobile":{"background-color":"var(--ast-global-color-5)","background-image":"","background-repeat":"repeat","background-position":"center center","background-size":"auto","background-attachment":"scroll","background-type":"","background-media":"","overlay-type":"","overlay-color":"","overlay-gradient":""}}},"product_cat":[66],"product_tag":[],"class_list":{"0":"post-3781","1":"product","2":"type-product","3":"status-publish","4":"has-post-thumbnail","6":"product_cat-non-porcelain-composite-transformer-bushings","7":"desktop-align-left","8":"tablet-align-left","9":"mobile-align-left","11":"first","12":"instock","13":"shipping-taxable","14":"product-type-simple"},"_links":{"self":[{"href":"https:\/\/www.xminsulation.com\/es\/wp-json\/wp\/v2\/product\/3781","targetHints":{"allow":["GET"]}}],"collection":[{"href":"https:\/\/www.xminsulation.com\/es\/wp-json\/wp\/v2\/product"}],"about":[{"href":"https:\/\/www.xminsulation.com\/es\/wp-json\/wp\/v2\/types\/product"}],"wp:featuredmedia":[{"embeddable":true,"href":"https:\/\/www.xminsulation.com\/es\/wp-json\/wp\/v2\/media\/3793"}],"wp:attachment":[{"href":"https:\/\/www.xminsulation.com\/es\/wp-json\/wp\/v2\/media?parent=3781"}],"wp:term":[{"taxonomy":"product_cat","embeddable":true,"href":"https:\/\/www.xminsulation.com\/es\/wp-json\/wp\/v2\/product_cat?post=3781"},{"taxonomy":"product_tag","embeddable":true,"href":"https:\/\/www.xminsulation.com\/es\/wp-json\/wp\/v2\/product_tag?post=3781"}],"curies":[{"name":"wp","href":"https:\/\/api.w.org\/{rel}","templated":true}]}}